{"id":49949,"date":"2021-11-15T14:08:07","date_gmt":"2021-11-15T14:08:07","guid":{"rendered":"https:\/\/www.accuratereviews.com\/?page_id=49949"},"modified":"2021-11-15T14:08:07","modified_gmt":"2021-11-15T14:08:07","slug":"celtra-recensione","status":"publish","type":"page","link":"https:\/\/www.accuratereviews.com\/it\/programmi-grafica-design\/celtra-recensione\/","title":{"rendered":"Celtra"},"content":{"rendered":"<p><strong>Celtra<\/strong>\u00a0\u00e8 una soluzione completa per <strong>gestire e prendere il controllo delle tue campagne pubblicitarie<\/strong> creando banner altamente dinamici e contestuali basati su analisi e approfondimenti della campagna. Consente di creare una gamma di diversi tipi di annunci, inclusi interscroller, avvisi interstitial con interazione a scorrimento, messaggi banner con video, annunci ottimizzati per i social media, nonch\u00e9 annunci dinamici con feed live, posizione e sensibilit\u00e0 agli agenti atmosferici. Utilizzando Celtra per creare i tuoi annunci display puoi assicurarti che tutti i tuoi messaggi siano unici e contestuali, soddisfacendo le esigenze del tuo pubblico. Attraverso il formato di annunci nativi puoi allineare i tuoi slogan con il contenuto del tuo editore, creando un&#8217;esperienza utente unificata. Puoi inoltre creare banner per dispositivi mobili che possono essere aggiornati in qualsiasi momento.<\/p>\n<h2>CELTRA &#8211; TUTORIAL<\/h2>\n<p>Guardiamo come creare un annuncio pubblicitario con questa <strong>soluzione grafica design<\/strong>:<\/p>\n<div id=\"fluid-wrapper-counter-1\" class=\"g1-fluid-wrapper \" style=\"width:686px;\">\n<div style=\"padding-bottom:56.268221574344%;\"><iframe loading=\"lazy\" title=\"Building Ads - Celtra Creative Management Platform\" width=\"515\" height=\"386\" src=\"https:\/\/www.youtube.com\/embed\/a9C3_jTiqP8?feature=oembed&amp;wmode=transparent&amp;autohide=1&amp;autoplay=0&amp;disablekb=0&amp;fs=1&amp;loop=0&amp;enablejsapi=1&amp;rel=0&amp;controls=2&amp;showinfo=0&amp;wmode=transparent&amp;autohide=2&amp;autoplay=0&amp;disablekb=0&amp;fs=1&amp;loop=0&amp;enablejsapi=1&amp;rel=0&amp;controls=2&amp;showinfo=1\" frameborder=\"0\" allow=\"accelerometer; autoplay; clipboard-write; encrypted-media; gyroscope; picture-in-picture\" allowfullscreen><\/iframe><\/div>\n<\/div>\n<h3>CELTRA &#8211; CARATTERISTICHE<\/h3>\n<ul>\n<li>Modelli coerenti e riutilizzabili con funzionalit\u00e0 di animazione, video ed ecommerce<\/li>\n<li>Esperienze dinamiche e premium arricchite con i tuoi dati o segnali di pertinenza pronti all&#8217;uso<\/li>\n<li>Link di anteprima sempre attivi e pubblicamente accessibili per i tuoi clienti<\/li>\n<li>Un singolo tag che contiene tutte le dimensioni degli annunci, compatibile su pi\u00f9 schermi<\/li>\n<li>Integrazioni di verifica predefinite (MOAT, DV, Comscore)<\/li>\n<li>Aggiornamenti in tempo reale senza la necessit\u00e0 di mettere in pausa o ripetere il traffico<\/li>\n<li>Visualizzazioni personalizzabili per il benchmarking delle prestazioni dei prodotti pubblicitari<\/li>\n<li>Link di report condivisibili pubblicamente che possono essere programmati per la consegna<\/li>\n<li>Allineato con gli strumenti di gestione del progetto<\/li>\n<li>Archivio di contenuti centralizzato<\/li>\n<li>Libreria pronta all&#8217;uso di caratteri Google e Monotype<\/li>\n<li>Avvisi QA e ottimizzazione delle dimensioni dei file<\/li>\n<li>Robuste funzionalit\u00e0 di anteprima, approvazione e commenti<\/li>\n<li>Integrazione con Adobe Photoshop<\/li>\n<\/ul>\n<h4>LE RECENSIONI DEGLI UTENTI<\/h4>\n<p class=\"font-weight-bold mb-2\"><strong>Jamie H.&#8221;Partner preferito per un motivo&#8221;<\/strong><\/p>\n<p class=\"font-weight-bold mb-2\"><strong>Pro<\/strong>:\u00a0La piattaforma \u00e8 facile da usare e anche affidabile. Ho riscontrato bug e difficolt\u00e0 con tutti gli altri fornitori e qualsiasi problema riscontrato \u00e8 stato gestito in modo efficiente ed efficace dal nostro account manager o dal team di supporto.<\/p>\n<p class=\"font-weight-bold mb-2\"><strong>Contro<\/strong>:\u00a0La capacit\u00e0 di mascherare gli oggetti in AdCreator migliorerebbe significativamente l&#8217;animazione.<\/p>\n<div class=\"pl-4 my-4 py-3 border-left border-fog text-ash i18n-translation_vendor_container\" data-translation-id=\"1601829\" data-translation-vendor-target=\"original\">\n<p class=\"font-weight-bold mb-2\"><strong>Mareen A.&#8221;Recensione Celtra&#8221;<\/strong><\/p>\n<p><span class=\"font-weight-bold\"><strong>Commenti<\/strong>: p<\/span>ossiamo creare creativit\u00e0 super rich media al volo e convertirle in tag in pochi minuti. A causa della natura self-service, non dipendiamo da nessuno, dal servizio clienti all&#8217;azione per noi.<\/p>\n<p class=\"font-weight-bold mb-2\"><strong>Pro<\/strong>: mi piace molto l&#8217;interfaccia utente di Celtra. \u00c8 cos\u00ec facile passare dalla scheda creativit\u00e0 alle schede di posizionamento e personalizzare facilmente l&#8217;accesso dell&#8217;utente.<\/p>\n<p class=\"font-weight-bold mb-2\"><strong>Contro<\/strong>: la scheda dei rapporti pu\u00f2 essere ulteriormente migliorata. Sebbene la dashboard rapida sia utile, qualsiasi cosa personalizzata tende a confondere l&#8217;utente e sembra molto semplice.<\/p>\n<p class=\"font-weight-bold mb-2\"><strong>Rodney T.&#8221;Gestione delle risorse versatile e facile da usare&#8221;<\/strong><\/p>\n<p><span class=\"font-weight-bold\"><strong>Commenti<\/strong>: i<\/span>l tempo di turnaround per le squadre \u00e8 sorprendente, \u00e8 un lasso di tempo pi\u00f9 breve tra la costruzione e la distribuzione. La capacit\u00e0 di trasferire rapidamente tra inserzionisti accelera una comunicazione pi\u00f9 stretta.<\/p>\n<p class=\"font-weight-bold mb-2\"><strong>Pro<\/strong>: gli sviluppatori creativi possono continuare a conservare la maggior parte dell&#8217;essenza del messaggio anche se \u00e8 popolata in pi\u00f9 dimensioni.<\/p>\n<p class=\"font-weight-bold mb-2\"><strong>Contro<\/strong>: ha bisogno di evolversi in una risorsa ultra leggera in modo che la consegna creativa ai telefoni cellulari sia veloce. Inoltre, deve essere indipendente dal lettore video dell&#8217;app in-stream.<\/p>\n<div class=\"pl-4 my-4 py-3 border-left border-fog text-ash i18n-translation_vendor_container\" data-translation-id=\"1601351\" data-translation-vendor-target=\"original\">\n<h4 class=\"h5\"><\/h4>\n<\/div>\n<\/div>\n","protected":false},"excerpt":{"rendered":"<p>Celtra\u00a0\u00e8 una soluzione completa per gestire e prendere il controllo delle tue campagne pubblicitarie creando banner pubblicitari altamente dinamici e contestuali basati su analisi e approfondimenti della campagna. Consente di creare una gamma di diversi tipi di annunci, inclusi annunci interscroller, avvisi interstitial con interazione a scorrimento, messaggi banner con video, annunci ottimizzati per i social media, nonch\u00e9 annunci dinamici con feed live, posizione e sensibilit\u00e0 agli agenti atmosferici.<\/p>\n","protected":false},"author":16,"featured_media":49950,"parent":49827,"menu_order":0,"comment_status":"open","ping_status":"closed","template":"g1_template_page_review_new.php","meta":{"_acf_changed":false,"cwp_meta_box_check":"No","cwp_rev_product_name":"","cwp_rev_product_image":"","wppr_links":[],"cwp_rev_price":"","wppr_options":[],"wppr_pros":[],"wppr_cons":[],"_monsterinsights_skip_tracking":false,"_monsterinsights_sitenote_active":false,"_monsterinsights_sitenote_note":"","_monsterinsights_sitenote_category":0,"footnotes":""},"categories":[11404],"tags":[11439,11409,11408,11406,11405],"features":[],"class_list":{"0":"post-49949","1":"page","2":"type-page","3":"status-publish","4":"has-post-thumbnail","6":"category-programmi-grafica-design-cat","7":"tag-celtra","8":"tag-piattaforma-grafica-design","9":"tag-programma-grafica-design","10":"tag-software-grafica-design","11":"tag-soluzione-grafica-design"},"wppr_data":{"cwp_meta_box_check":"No"},"acf":[],"yoast_head":"<!-- This site is optimized with the Yoast SEO plugin v27.4 - https:\/\/yoast.com\/product\/yoast-seo-wordpress\/ -->\n<title>Celtra: recensione software grafica design - Accurate Reviews<\/title>\n<meta name=\"description\" content=\"Celtra: recensione\u00a0soluzione completa per gestire e prendere il controllo delle tue campagne pubblicitarie creando banner altamente dinamici.\" \/>\n<meta name=\"robots\" content=\"index, follow, max-snippet:-1, max-image-preview:large, max-video-preview:-1\" \/>\n<link rel=\"canonical\" href=\"https:\/\/www.accuratereviews.com\/it\/programmi-grafica-design\/celtra-recensione\/\" \/>\n<meta property=\"og:locale\" content=\"it_IT\" \/>\n<meta property=\"og:type\" content=\"article\" \/>\n<meta property=\"og:title\" content=\"Celtra: recensione software grafica design - Accurate Reviews\" \/>\n<meta property=\"og:description\" content=\"Celtra: recensione\u00a0soluzione completa per gestire e prendere il controllo delle tue campagne pubblicitarie creando banner altamente dinamici.\" \/>\n<meta property=\"og:url\" content=\"https:\/\/www.accuratereviews.com\/it\/programmi-grafica-design\/celtra-recensione\/\" \/>\n<meta property=\"og:site_name\" content=\"Accurate Reviews\" \/>\n<meta property=\"og:image\" content=\"https:\/\/www.accuratereviews.com\/wp-content\/uploads\/2021\/11\/Celtra-.jpeg\" \/>\n\t<meta property=\"og:image:width\" content=\"300\" \/>\n\t<meta property=\"og:image:height\" content=\"254\" \/>\n\t<meta property=\"og:image:type\" content=\"image\/jpeg\" \/>\n<meta name=\"twitter:card\" content=\"summary_large_image\" \/>\n<meta name=\"twitter:label1\" content=\"Tempo di lettura stimato\" \/>\n\t<meta name=\"twitter:data1\" content=\"3 minuti\" \/>\n<script type=\"application\/ld+json\" class=\"yoast-schema-graph\">{\"@context\":\"https:\\\/\\\/schema.org\",\"@graph\":[{\"@type\":\"WebPage\",\"@id\":\"https:\\\/\\\/www.accuratereviews.com\\\/it\\\/programmi-grafica-design\\\/celtra-recensione\\\/\",\"url\":\"https:\\\/\\\/www.accuratereviews.com\\\/it\\\/programmi-grafica-design\\\/celtra-recensione\\\/\",\"name\":\"Celtra: recensione software grafica design - Accurate Reviews\",\"isPartOf\":{\"@id\":\"https:\\\/\\\/www.accuratereviews.com\\\/it\\\/#website\"},\"primaryImageOfPage\":{\"@id\":\"https:\\\/\\\/www.accuratereviews.com\\\/it\\\/programmi-grafica-design\\\/celtra-recensione\\\/#primaryimage\"},\"image\":{\"@id\":\"https:\\\/\\\/www.accuratereviews.com\\\/it\\\/programmi-grafica-design\\\/celtra-recensione\\\/#primaryimage\"},\"thumbnailUrl\":\"https:\\\/\\\/www.accuratereviews.com\\\/wp-content\\\/uploads\\\/2021\\\/11\\\/Celtra-.jpeg\",\"datePublished\":\"2021-11-15T14:08:07+00:00\",\"description\":\"Celtra: recensione\u00a0soluzione completa per gestire e prendere il controllo delle tue campagne pubblicitarie creando banner altamente dinamici.\",\"breadcrumb\":{\"@id\":\"https:\\\/\\\/www.accuratereviews.com\\\/it\\\/programmi-grafica-design\\\/celtra-recensione\\\/#breadcrumb\"},\"inLanguage\":\"it-IT\",\"potentialAction\":[{\"@type\":\"ReadAction\",\"target\":[\"https:\\\/\\\/www.accuratereviews.com\\\/it\\\/programmi-grafica-design\\\/celtra-recensione\\\/\"]}]},{\"@type\":\"ImageObject\",\"inLanguage\":\"it-IT\",\"@id\":\"https:\\\/\\\/www.accuratereviews.com\\\/it\\\/programmi-grafica-design\\\/celtra-recensione\\\/#primaryimage\",\"url\":\"https:\\\/\\\/www.accuratereviews.com\\\/wp-content\\\/uploads\\\/2021\\\/11\\\/Celtra-.jpeg\",\"contentUrl\":\"https:\\\/\\\/www.accuratereviews.com\\\/wp-content\\\/uploads\\\/2021\\\/11\\\/Celtra-.jpeg\",\"width\":300,\"height\":254},{\"@type\":\"BreadcrumbList\",\"@id\":\"https:\\\/\\\/www.accuratereviews.com\\\/it\\\/programmi-grafica-design\\\/celtra-recensione\\\/#breadcrumb\",\"itemListElement\":[{\"@type\":\"ListItem\",\"position\":1,\"name\":\"Home\",\"item\":\"https:\\\/\\\/www.accuratereviews.com\\\/it\\\/\"},{\"@type\":\"ListItem\",\"position\":2,\"name\":\"Programmi grafica design\",\"item\":\"https:\\\/\\\/www.accuratereviews.com\\\/it\\\/programmi-grafica-design\\\/\"},{\"@type\":\"ListItem\",\"position\":3,\"name\":\"Celtra\"}]},{\"@type\":\"WebSite\",\"@id\":\"https:\\\/\\\/www.accuratereviews.com\\\/it\\\/#website\",\"url\":\"https:\\\/\\\/www.accuratereviews.com\\\/it\\\/\",\"name\":\"Accurate Reviews\",\"description\":\"\",\"potentialAction\":[{\"@type\":\"SearchAction\",\"target\":{\"@type\":\"EntryPoint\",\"urlTemplate\":\"https:\\\/\\\/www.accuratereviews.com\\\/it\\\/?s={search_term_string}\"},\"query-input\":{\"@type\":\"PropertyValueSpecification\",\"valueRequired\":true,\"valueName\":\"search_term_string\"}}],\"inLanguage\":\"it-IT\"}]}<\/script>\n<!-- \/ Yoast SEO plugin. -->","yoast_head_json":{"title":"Celtra: recensione software grafica design - Accurate Reviews","description":"Celtra: recensione\u00a0soluzione completa per gestire e prendere il controllo delle tue campagne pubblicitarie creando banner altamente dinamici.","robots":{"index":"index","follow":"follow","max-snippet":"max-snippet:-1","max-image-preview":"max-image-preview:large","max-video-preview":"max-video-preview:-1"},"canonical":"https:\/\/www.accuratereviews.com\/it\/programmi-grafica-design\/celtra-recensione\/","og_locale":"it_IT","og_type":"article","og_title":"Celtra: recensione software grafica design - Accurate Reviews","og_description":"Celtra: recensione\u00a0soluzione completa per gestire e prendere il controllo delle tue campagne pubblicitarie creando banner altamente dinamici.","og_url":"https:\/\/www.accuratereviews.com\/it\/programmi-grafica-design\/celtra-recensione\/","og_site_name":"Accurate Reviews","og_image":[{"width":300,"height":254,"url":"https:\/\/www.accuratereviews.com\/wp-content\/uploads\/2021\/11\/Celtra-.jpeg","type":"image\/jpeg"}],"twitter_card":"summary_large_image","twitter_misc":{"Tempo di lettura stimato":"3 minuti"},"schema":{"@context":"https:\/\/schema.org","@graph":[{"@type":"WebPage","@id":"https:\/\/www.accuratereviews.com\/it\/programmi-grafica-design\/celtra-recensione\/","url":"https:\/\/www.accuratereviews.com\/it\/programmi-grafica-design\/celtra-recensione\/","name":"Celtra: recensione software grafica design - Accurate Reviews","isPartOf":{"@id":"https:\/\/www.accuratereviews.com\/it\/#website"},"primaryImageOfPage":{"@id":"https:\/\/www.accuratereviews.com\/it\/programmi-grafica-design\/celtra-recensione\/#primaryimage"},"image":{"@id":"https:\/\/www.accuratereviews.com\/it\/programmi-grafica-design\/celtra-recensione\/#primaryimage"},"thumbnailUrl":"https:\/\/www.accuratereviews.com\/wp-content\/uploads\/2021\/11\/Celtra-.jpeg","datePublished":"2021-11-15T14:08:07+00:00","description":"Celtra: recensione\u00a0soluzione completa per gestire e prendere il controllo delle tue campagne pubblicitarie creando banner altamente dinamici.","breadcrumb":{"@id":"https:\/\/www.accuratereviews.com\/it\/programmi-grafica-design\/celtra-recensione\/#breadcrumb"},"inLanguage":"it-IT","potentialAction":[{"@type":"ReadAction","target":["https:\/\/www.accuratereviews.com\/it\/programmi-grafica-design\/celtra-recensione\/"]}]},{"@type":"ImageObject","inLanguage":"it-IT","@id":"https:\/\/www.accuratereviews.com\/it\/programmi-grafica-design\/celtra-recensione\/#primaryimage","url":"https:\/\/www.accuratereviews.com\/wp-content\/uploads\/2021\/11\/Celtra-.jpeg","contentUrl":"https:\/\/www.accuratereviews.com\/wp-content\/uploads\/2021\/11\/Celtra-.jpeg","width":300,"height":254},{"@type":"BreadcrumbList","@id":"https:\/\/www.accuratereviews.com\/it\/programmi-grafica-design\/celtra-recensione\/#breadcrumb","itemListElement":[{"@type":"ListItem","position":1,"name":"Home","item":"https:\/\/www.accuratereviews.com\/it\/"},{"@type":"ListItem","position":2,"name":"Programmi grafica design","item":"https:\/\/www.accuratereviews.com\/it\/programmi-grafica-design\/"},{"@type":"ListItem","position":3,"name":"Celtra"}]},{"@type":"WebSite","@id":"https:\/\/www.accuratereviews.com\/it\/#website","url":"https:\/\/www.accuratereviews.com\/it\/","name":"Accurate Reviews","description":"","potentialAction":[{"@type":"SearchAction","target":{"@type":"EntryPoint","urlTemplate":"https:\/\/www.accuratereviews.com\/it\/?s={search_term_string}"},"query-input":{"@type":"PropertyValueSpecification","valueRequired":true,"valueName":"search_term_string"}}],"inLanguage":"it-IT"}]}},"_links":{"self":[{"href":"https:\/\/www.accuratereviews.com\/it\/wp-json\/wp\/v2\/pages\/49949","targetHints":{"allow":["GET"]}}],"collection":[{"href":"https:\/\/www.accuratereviews.com\/it\/wp-json\/wp\/v2\/pages"}],"about":[{"href":"https:\/\/www.accuratereviews.com\/it\/wp-json\/wp\/v2\/types\/page"}],"author":[{"embeddable":true,"href":"https:\/\/www.accuratereviews.com\/it\/wp-json\/wp\/v2\/users\/16"}],"replies":[{"embeddable":true,"href":"https:\/\/www.accuratereviews.com\/it\/wp-json\/wp\/v2\/comments?post=49949"}],"version-history":[{"count":5,"href":"https:\/\/www.accuratereviews.com\/it\/wp-json\/wp\/v2\/pages\/49949\/revisions"}],"predecessor-version":[{"id":49996,"href":"https:\/\/www.accuratereviews.com\/it\/wp-json\/wp\/v2\/pages\/49949\/revisions\/49996"}],"up":[{"embeddable":true,"href":"https:\/\/www.accuratereviews.com\/it\/wp-json\/wp\/v2\/pages\/49827"}],"wp:featuredmedia":[{"embeddable":true,"href":"https:\/\/www.accuratereviews.com\/it\/wp-json\/wp\/v2\/media\/49950"}],"wp:attachment":[{"href":"https:\/\/www.accuratereviews.com\/it\/wp-json\/wp\/v2\/media?parent=49949"}],"wp:term":[{"taxonomy":"category","embeddable":true,"href":"https:\/\/www.accuratereviews.com\/it\/wp-json\/wp\/v2\/categories?post=49949"},{"taxonomy":"post_tag","embeddable":true,"href":"https:\/\/www.accuratereviews.com\/it\/wp-json\/wp\/v2\/tags?post=49949"},{"taxonomy":"features","embeddable":true,"href":"https:\/\/www.accuratereviews.com\/it\/wp-json\/wp\/v2\/features?post=49949"}],"curies":[{"name":"wp","href":"https:\/\/api.w.org\/{rel}","templated":true}]}}