{"id":49956,"date":"2021-11-15T14:14:20","date_gmt":"2021-11-15T14:14:20","guid":{"rendered":"https:\/\/www.accuratereviews.com\/?page_id=49956"},"modified":"2021-11-15T14:14:20","modified_gmt":"2021-11-15T14:14:20","slug":"issuu-recensione","status":"publish","type":"page","link":"https:\/\/www.accuratereviews.com\/it\/programmi-grafica-design\/issuu-recensione\/","title":{"rendered":"Issuu"},"content":{"rendered":"<p><strong>Issuu<\/strong> \u00e8 un<strong> software di creazione e distribuzione di contenuti<\/strong> progettato per aiutare le aziende nel trasformare PDF, immagini o testo in contenuti digitali e condividerli su piattaforme di social media come Facebook, Twitter, Pinterest e altro. I designer possono incorporare riviste, materiale di vendita personalizzato e cataloghi di marketing sui siti web aziendali e ottimizzare i contenuti per migliorare il posizionamento o raggiungere i motori di ricerca.\u00a0Utilizzando Issuu, gli editori possono creare esperienze di lettura personalizzate per il pubblico aggiungendo colori di sfondo o loghi all&#8217;interfaccia e creando, distribuendo e promuovendo contenuti utilizzando storie visive. I professionisti del marketing possono creare articoli, GIF, presentazioni, brochure o cataloghi e monitorare il numero di letture, impressioni o il tempo medio trascorso dal pubblico. I designer possono anche condividere i contenuti creati con dipendenti, pubblico mirato o clienti e collaborare con i team editoriali per gestire le approvazioni.<\/p>\n<h2>ISSUU &#8211; TUTORIAL<\/h2>\n<p>Guardiamo come utilizzare questo software di grafica design:<\/p>\n<div id=\"fluid-wrapper-counter-1\" class=\"g1-fluid-wrapper \" style=\"width:686px;\">\n<div style=\"padding-bottom:56.268221574344%;\"><iframe loading=\"lazy\" title=\"Getting Started With Issuu 2020\" width=\"515\" height=\"386\" src=\"https:\/\/www.youtube.com\/embed\/YLoWNtgI1no?feature=oembed&amp;wmode=transparent&amp;autohide=1&amp;autoplay=0&amp;disablekb=0&amp;fs=1&amp;loop=0&amp;enablejsapi=1&amp;rel=0&amp;controls=2&amp;showinfo=0&amp;wmode=transparent&amp;autohide=2&amp;autoplay=0&amp;disablekb=0&amp;fs=1&amp;loop=0&amp;enablejsapi=1&amp;rel=0&amp;controls=2&amp;showinfo=1\" frameborder=\"0\" allow=\"accelerometer; autoplay; clipboard-write; encrypted-media; gyroscope; picture-in-picture\" allowfullscreen><\/iframe><\/div>\n<\/div>\n<h3>ISSUU &#8211; CARATTERISTICHE<\/h3>\n<ul>\n<li><strong>Storie AMP velocissime e ottimizzate per la ricerca<\/strong>: crea storie per dispositivi mobili rilevabili per Google AMP. Trasforma i tuoi contenuti in storie AMP velocissime e migliora la tua SEO. Le storie AMP sono un modo creativo per generare pi\u00f9 valore dai tuoi contenuti attuali e legacy<\/li>\n<li><strong>Connettiti con i tuoi contenuti cloud<\/strong>: le integrazioni per Dropbox e Google Drive ti consentono di accedere a tutti i tuoi file e caricarli direttamente sulla soluzione, oltre a consentire a qualsiasi membro del team di partecipare al processo di pubblicazione. Una volta che il tuo contenuto \u00e8 pronto, tutto ci\u00f2 che devi fare \u00e8 caricarlo e pubblicarlo<\/li>\n<li><strong>Flussi di lavoro editoriali semplificati:<\/strong> organizza il tuo processo di sviluppo dei contenuti. Aiuter\u00e0 il tuo team a gestire il flusso di lavoro di redazione, design e produzione, in modo che tu possa concentrarti sul quadro generale<\/li>\n<li><strong>Personalizza il tuo brand<\/strong>: personalizza il nostro lettore di flipbook con il tuo logo e i colori di sfondo per un look and feel in continuit\u00e0 con il tuo sito web. Puoi anche caricare un&#8217;immagine personalizzata come sfondo. Scegli un layout a pagina singola o doppia per adattarlo al tuo design<\/li>\n<li><strong>Anima il tuo content marketing<\/strong>: converti i tuoi contenuti in una GIF personalizzata per la condivisione sui social e le newsletter via email. Questa soluzione visivamente accattivante si collega alla tua pubblicazione, indirizzando il traffico e impressionando i tuoi lettori<\/li>\n<li><strong>Lavora meglio in squadra con i gruppi<\/strong>: il concetto di lavoro di squadra sta assumendo una nuova dimensione con cos\u00ec tante persone che lavorano a distanza. Progettato per facilitare la collaborazione di pi\u00f9 persone sugli stessi contenuti. Semplifica i tuoi processi e rendi la collaborazione un gioco da ragazzi<\/li>\n<li><strong>Rendi i tuoi contenuti pi\u00f9 rilevabili:<\/strong> l&#8217;ottimizzazione per i motori di ricerca (SEO) \u00e8 essenziale per qualsiasi contenuto e strategia di pubblicazione, soprattutto se stai cercando di massimizzare la tua portata<\/li>\n<li><strong>Progetta storie visive in Adobe InDesign<\/strong>: perfetta per i designer che desiderano creare facilmente risorse di marketing per il proprio team, \u00e8 un modo rapido e potente per creare storie in movimento per Facebook, Instagram e altro ancora<\/li>\n<\/ul>\n<h4>LE RECENSIONI DEGLI UTENTI<\/h4>\n<p class=\"font-weight-bold mb-2\"><strong>Crystal W.&#8221;Coinvolgente e facile da usare&#8221;<\/strong><\/p>\n<p><span class=\"font-weight-bold\"><strong>Commenti<\/strong>: <\/span>Nel complesso, sono stato abbastanza soddisfatto di Issuu.<\/p>\n<p class=\"font-weight-bold mb-2\"><strong>Pro<\/strong>:\u00a0Issuu offre una piattaforma molto semplice, facile da usare e di facile comprensione. Apprezzo anche le opzioni per aggiungere contenuti extra come articoli \/ storie per aumentare il coinvolgimento su diversi dispositivi.<\/p>\n<p class=\"font-weight-bold mb-2\"><strong>Contro<\/strong>:\u00a0L&#8217;unico problema che abbiamo riscontrato con Issuu \u00e8 l&#8217;aggiornamento limitato e le opzioni di sostituzione. Altri programmi che abbiamo utilizzato in passato offrivano la possibilit\u00e0 di sostituire una singola pagina nella pubblicazione totale, anzich\u00e9 dover ricaricare l&#8217;intera pubblicazione. Quando mettiamo insieme una pubblicazione di oltre 100 pagine, dover ricaricare e ricollegare l&#8217;intera cosa se troviamo un problema su una singola pagina pu\u00f2 essere un po &#8216;frustrante.<\/p>\n<h5 class=\"font-weight-bold mb-2\">Ivan enrique R.&#8221;Materiale di lettura&#8221;<\/h5>\n<p><span class=\"font-weight-bold\"><strong>Commenti<\/strong>: <\/span>Sono piuttosto soddisfatto del prodotto.<\/p>\n<p class=\"font-weight-bold mb-2\"><strong>Pro<\/strong>:\u00a0L&#8217;opportunit\u00e0 di caricare materiale originale che altri possono esaminare in un sito web personale \u00e8 buona. La capacit\u00e0 di mantenerlo sicuro potrebbe essere migliore, ma \u00e8 anche buona.<\/p>\n<p class=\"font-weight-bold mb-2\"><strong>Contro<\/strong>:\u00a0Mi piacerebbe che fosse pi\u00f9 conveniente o che avesse opzioni per gli studenti o anche opzioni per piccole imprese che non realizzano ancora profitti.<\/p>\n<p class=\"font-weight-bold mb-2\"><strong>Mark C.&#8221;Altamente raccomandato&#8221;<\/strong><\/p>\n<p><span class=\"font-weight-bold\"><strong>Commenti<\/strong>: u<\/span>so issuu da anni per la nostra pubblicazione e sono molto soddisfatto.<\/p>\n<p class=\"font-weight-bold mb-2\"><strong>Pro<\/strong>: la facilit\u00e0 d&#8217;uso e la personalizzazione non erano seconde a nessuno. Abbiamo utilizzato questo servizio per tutti i nostri problemi digitali nel corso degli anni e continueremo a farlo.<\/p>\n<p class=\"font-weight-bold mb-2\"><strong>Contro<\/strong>: non abbiamo riscontrato problemi negativi con la piattaforma e lo consigliamo vivamente per tutte le vostre esigenze di pubblicazione.<\/p>\n","protected":false},"excerpt":{"rendered":"<p>Issuu \u00e8 un software di creazione e distribuzione di contenuti progettato per aiutare le aziende nel trasformare PDF, immagini o testo in contenuti digitali e condividerli su piattaforme di social media come Facebook, Twitter, Pinterest e altro. I designer possono incorporare riviste, materiale di vendita personalizzato e cataloghi di marketing sui siti web aziendali e ottimizzare i contenuti per migliorare il posizionamento o raggiungere i motori di ricerca.\u00a0<\/p>\n","protected":false},"author":16,"featured_media":49957,"parent":49827,"menu_order":0,"comment_status":"open","ping_status":"closed","template":"g1_template_page_review_new.php","meta":{"_acf_changed":false,"cwp_meta_box_check":"No","cwp_rev_product_name":"","cwp_rev_product_image":"","wppr_links":[],"cwp_rev_price":"","wppr_options":[],"wppr_pros":[],"wppr_cons":[],"_monsterinsights_skip_tracking":false,"_monsterinsights_sitenote_active":false,"_monsterinsights_sitenote_note":"","_monsterinsights_sitenote_category":0,"footnotes":""},"categories":[11404],"tags":[11440,11409,11408,11406,11405],"features":[],"class_list":{"0":"post-49956","1":"page","2":"type-page","3":"status-publish","4":"has-post-thumbnail","6":"category-programmi-grafica-design-cat","7":"tag-issuu","8":"tag-piattaforma-grafica-design","9":"tag-programma-grafica-design","10":"tag-software-grafica-design","11":"tag-soluzione-grafica-design"},"wppr_data":{"cwp_meta_box_check":"No"},"acf":[],"yoast_head":"<!-- This site is optimized with the Yoast SEO plugin v27.4 - https:\/\/yoast.com\/product\/yoast-seo-wordpress\/ -->\n<title>Issuu: recensione software grafica design - Accurate Reviews<\/title>\n<meta name=\"description\" content=\"Issuu: recensione software creazione e distribuzione di contenuti che aiuta aziende nel trasformare PDF, immagini o testo in contenuti digitali\" \/>\n<meta name=\"robots\" content=\"index, follow, max-snippet:-1, max-image-preview:large, max-video-preview:-1\" \/>\n<link rel=\"canonical\" href=\"https:\/\/www.accuratereviews.com\/it\/programmi-grafica-design\/issuu-recensione\/\" \/>\n<meta property=\"og:locale\" content=\"it_IT\" \/>\n<meta property=\"og:type\" content=\"article\" \/>\n<meta property=\"og:title\" content=\"Issuu: recensione software grafica design - Accurate Reviews\" \/>\n<meta property=\"og:description\" content=\"Issuu: recensione software creazione e distribuzione di contenuti che aiuta aziende nel trasformare PDF, immagini o testo in contenuti digitali\" \/>\n<meta property=\"og:url\" content=\"https:\/\/www.accuratereviews.com\/it\/programmi-grafica-design\/issuu-recensione\/\" \/>\n<meta property=\"og:site_name\" content=\"Accurate Reviews\" \/>\n<meta property=\"og:image\" content=\"https:\/\/www.accuratereviews.com\/wp-content\/uploads\/2021\/11\/issuu.jpeg\" \/>\n\t<meta property=\"og:image:width\" content=\"720\" \/>\n\t<meta property=\"og:image:height\" content=\"370\" \/>\n\t<meta property=\"og:image:type\" content=\"image\/jpeg\" \/>\n<meta name=\"twitter:card\" content=\"summary_large_image\" \/>\n<meta name=\"twitter:label1\" content=\"Tempo di lettura stimato\" \/>\n\t<meta name=\"twitter:data1\" content=\"4 minuti\" \/>\n<script type=\"application\/ld+json\" class=\"yoast-schema-graph\">{\"@context\":\"https:\\\/\\\/schema.org\",\"@graph\":[{\"@type\":\"WebPage\",\"@id\":\"https:\\\/\\\/www.accuratereviews.com\\\/it\\\/programmi-grafica-design\\\/issuu-recensione\\\/\",\"url\":\"https:\\\/\\\/www.accuratereviews.com\\\/it\\\/programmi-grafica-design\\\/issuu-recensione\\\/\",\"name\":\"Issuu: recensione software grafica design - Accurate Reviews\",\"isPartOf\":{\"@id\":\"https:\\\/\\\/www.accuratereviews.com\\\/it\\\/#website\"},\"primaryImageOfPage\":{\"@id\":\"https:\\\/\\\/www.accuratereviews.com\\\/it\\\/programmi-grafica-design\\\/issuu-recensione\\\/#primaryimage\"},\"image\":{\"@id\":\"https:\\\/\\\/www.accuratereviews.com\\\/it\\\/programmi-grafica-design\\\/issuu-recensione\\\/#primaryimage\"},\"thumbnailUrl\":\"https:\\\/\\\/www.accuratereviews.com\\\/wp-content\\\/uploads\\\/2021\\\/11\\\/issuu.jpeg\",\"datePublished\":\"2021-11-15T14:14:20+00:00\",\"description\":\"Issuu: recensione software creazione e distribuzione di contenuti che aiuta aziende nel trasformare PDF, immagini o testo in contenuti digitali\",\"breadcrumb\":{\"@id\":\"https:\\\/\\\/www.accuratereviews.com\\\/it\\\/programmi-grafica-design\\\/issuu-recensione\\\/#breadcrumb\"},\"inLanguage\":\"it-IT\",\"potentialAction\":[{\"@type\":\"ReadAction\",\"target\":[\"https:\\\/\\\/www.accuratereviews.com\\\/it\\\/programmi-grafica-design\\\/issuu-recensione\\\/\"]}]},{\"@type\":\"ImageObject\",\"inLanguage\":\"it-IT\",\"@id\":\"https:\\\/\\\/www.accuratereviews.com\\\/it\\\/programmi-grafica-design\\\/issuu-recensione\\\/#primaryimage\",\"url\":\"https:\\\/\\\/www.accuratereviews.com\\\/wp-content\\\/uploads\\\/2021\\\/11\\\/issuu.jpeg\",\"contentUrl\":\"https:\\\/\\\/www.accuratereviews.com\\\/wp-content\\\/uploads\\\/2021\\\/11\\\/issuu.jpeg\",\"width\":720,\"height\":370},{\"@type\":\"BreadcrumbList\",\"@id\":\"https:\\\/\\\/www.accuratereviews.com\\\/it\\\/programmi-grafica-design\\\/issuu-recensione\\\/#breadcrumb\",\"itemListElement\":[{\"@type\":\"ListItem\",\"position\":1,\"name\":\"Home\",\"item\":\"https:\\\/\\\/www.accuratereviews.com\\\/it\\\/\"},{\"@type\":\"ListItem\",\"position\":2,\"name\":\"Programmi grafica design\",\"item\":\"https:\\\/\\\/www.accuratereviews.com\\\/it\\\/programmi-grafica-design\\\/\"},{\"@type\":\"ListItem\",\"position\":3,\"name\":\"Issuu\"}]},{\"@type\":\"WebSite\",\"@id\":\"https:\\\/\\\/www.accuratereviews.com\\\/it\\\/#website\",\"url\":\"https:\\\/\\\/www.accuratereviews.com\\\/it\\\/\",\"name\":\"Accurate Reviews\",\"description\":\"\",\"potentialAction\":[{\"@type\":\"SearchAction\",\"target\":{\"@type\":\"EntryPoint\",\"urlTemplate\":\"https:\\\/\\\/www.accuratereviews.com\\\/it\\\/?s={search_term_string}\"},\"query-input\":{\"@type\":\"PropertyValueSpecification\",\"valueRequired\":true,\"valueName\":\"search_term_string\"}}],\"inLanguage\":\"it-IT\"}]}<\/script>\n<!-- \/ Yoast SEO plugin. -->","yoast_head_json":{"title":"Issuu: recensione software grafica design - Accurate Reviews","description":"Issuu: recensione software creazione e distribuzione di contenuti che aiuta aziende nel trasformare PDF, immagini o testo in contenuti digitali","robots":{"index":"index","follow":"follow","max-snippet":"max-snippet:-1","max-image-preview":"max-image-preview:large","max-video-preview":"max-video-preview:-1"},"canonical":"https:\/\/www.accuratereviews.com\/it\/programmi-grafica-design\/issuu-recensione\/","og_locale":"it_IT","og_type":"article","og_title":"Issuu: recensione software grafica design - Accurate Reviews","og_description":"Issuu: recensione software creazione e distribuzione di contenuti che aiuta aziende nel trasformare PDF, immagini o testo in contenuti digitali","og_url":"https:\/\/www.accuratereviews.com\/it\/programmi-grafica-design\/issuu-recensione\/","og_site_name":"Accurate Reviews","og_image":[{"width":720,"height":370,"url":"https:\/\/www.accuratereviews.com\/wp-content\/uploads\/2021\/11\/issuu.jpeg","type":"image\/jpeg"}],"twitter_card":"summary_large_image","twitter_misc":{"Tempo di lettura stimato":"4 minuti"},"schema":{"@context":"https:\/\/schema.org","@graph":[{"@type":"WebPage","@id":"https:\/\/www.accuratereviews.com\/it\/programmi-grafica-design\/issuu-recensione\/","url":"https:\/\/www.accuratereviews.com\/it\/programmi-grafica-design\/issuu-recensione\/","name":"Issuu: recensione software grafica design - Accurate Reviews","isPartOf":{"@id":"https:\/\/www.accuratereviews.com\/it\/#website"},"primaryImageOfPage":{"@id":"https:\/\/www.accuratereviews.com\/it\/programmi-grafica-design\/issuu-recensione\/#primaryimage"},"image":{"@id":"https:\/\/www.accuratereviews.com\/it\/programmi-grafica-design\/issuu-recensione\/#primaryimage"},"thumbnailUrl":"https:\/\/www.accuratereviews.com\/wp-content\/uploads\/2021\/11\/issuu.jpeg","datePublished":"2021-11-15T14:14:20+00:00","description":"Issuu: recensione software creazione e distribuzione di contenuti che aiuta aziende nel trasformare PDF, immagini o testo in contenuti digitali","breadcrumb":{"@id":"https:\/\/www.accuratereviews.com\/it\/programmi-grafica-design\/issuu-recensione\/#breadcrumb"},"inLanguage":"it-IT","potentialAction":[{"@type":"ReadAction","target":["https:\/\/www.accuratereviews.com\/it\/programmi-grafica-design\/issuu-recensione\/"]}]},{"@type":"ImageObject","inLanguage":"it-IT","@id":"https:\/\/www.accuratereviews.com\/it\/programmi-grafica-design\/issuu-recensione\/#primaryimage","url":"https:\/\/www.accuratereviews.com\/wp-content\/uploads\/2021\/11\/issuu.jpeg","contentUrl":"https:\/\/www.accuratereviews.com\/wp-content\/uploads\/2021\/11\/issuu.jpeg","width":720,"height":370},{"@type":"BreadcrumbList","@id":"https:\/\/www.accuratereviews.com\/it\/programmi-grafica-design\/issuu-recensione\/#breadcrumb","itemListElement":[{"@type":"ListItem","position":1,"name":"Home","item":"https:\/\/www.accuratereviews.com\/it\/"},{"@type":"ListItem","position":2,"name":"Programmi grafica design","item":"https:\/\/www.accuratereviews.com\/it\/programmi-grafica-design\/"},{"@type":"ListItem","position":3,"name":"Issuu"}]},{"@type":"WebSite","@id":"https:\/\/www.accuratereviews.com\/it\/#website","url":"https:\/\/www.accuratereviews.com\/it\/","name":"Accurate Reviews","description":"","potentialAction":[{"@type":"SearchAction","target":{"@type":"EntryPoint","urlTemplate":"https:\/\/www.accuratereviews.com\/it\/?s={search_term_string}"},"query-input":{"@type":"PropertyValueSpecification","valueRequired":true,"valueName":"search_term_string"}}],"inLanguage":"it-IT"}]}},"_links":{"self":[{"href":"https:\/\/www.accuratereviews.com\/it\/wp-json\/wp\/v2\/pages\/49956","targetHints":{"allow":["GET"]}}],"collection":[{"href":"https:\/\/www.accuratereviews.com\/it\/wp-json\/wp\/v2\/pages"}],"about":[{"href":"https:\/\/www.accuratereviews.com\/it\/wp-json\/wp\/v2\/types\/page"}],"author":[{"embeddable":true,"href":"https:\/\/www.accuratereviews.com\/it\/wp-json\/wp\/v2\/users\/16"}],"replies":[{"embeddable":true,"href":"https:\/\/www.accuratereviews.com\/it\/wp-json\/wp\/v2\/comments?post=49956"}],"version-history":[{"count":5,"href":"https:\/\/www.accuratereviews.com\/it\/wp-json\/wp\/v2\/pages\/49956\/revisions"}],"predecessor-version":[{"id":49997,"href":"https:\/\/www.accuratereviews.com\/it\/wp-json\/wp\/v2\/pages\/49956\/revisions\/49997"}],"up":[{"embeddable":true,"href":"https:\/\/www.accuratereviews.com\/it\/wp-json\/wp\/v2\/pages\/49827"}],"wp:featuredmedia":[{"embeddable":true,"href":"https:\/\/www.accuratereviews.com\/it\/wp-json\/wp\/v2\/media\/49957"}],"wp:attachment":[{"href":"https:\/\/www.accuratereviews.com\/it\/wp-json\/wp\/v2\/media?parent=49956"}],"wp:term":[{"taxonomy":"category","embeddable":true,"href":"https:\/\/www.accuratereviews.com\/it\/wp-json\/wp\/v2\/categories?post=49956"},{"taxonomy":"post_tag","embeddable":true,"href":"https:\/\/www.accuratereviews.com\/it\/wp-json\/wp\/v2\/tags?post=49956"},{"taxonomy":"features","embeddable":true,"href":"https:\/\/www.accuratereviews.com\/it\/wp-json\/wp\/v2\/features?post=49956"}],"curies":[{"name":"wp","href":"https:\/\/api.w.org\/{rel}","templated":true}]}}