{"id":50026,"date":"2021-11-16T13:23:10","date_gmt":"2021-11-16T13:23:10","guid":{"rendered":"https:\/\/www.accuratereviews.com\/?page_id=50026"},"modified":"2021-11-16T13:23:10","modified_gmt":"2021-11-16T13:23:10","slug":"bee-pro-recensione","status":"publish","type":"page","link":"https:\/\/www.accuratereviews.com\/it\/programmi-grafica-design\/bee-pro-recensione\/","title":{"rendered":"BEE Pro"},"content":{"rendered":"<p><strong>Bee Pro<\/strong> \u00e8 un software di email marketing che fornisce alle aziende strumenti per progettare email e landing page. La piattaforma \u00e8 una suite di <strong>progettazione drag-e-drop<\/strong> che include funzionalit\u00e0 per una migliore collaborazione e gestione degli utenti. Nessuna competenza html viene richiesta per iniziare a utilizzare questo strumento di progettazione di contenuti digitali. Soluzione basata su cloud progettata per aiutare aziende, agenzie, liberi professionisti e organizzazioni non profit a creare, modificare e archiviare contenuti in un repository centralizzato. I team possono organizzare e distribuire il lavoro in pi\u00f9 progetti e invitare colleghi o clienti a rivedere, collaborare e approvare i progetti. Le agenzie possono creare account separati per gestire email, pagine, clienti, utenti, contenuti e stili specifici per i marchi. Inoltre, gli amministratori possono specificare e assegnare diritti e autorizzazioni di modifica, revisione e approvazione tra gli utenti in base ai loro ruoli.<\/p>\n<h2>BEE PRO &#8211; TUTORIAL<\/h2>\n<p>Ecco come creare una grafica bella ed efficace con questo <strong>software di grafica design<\/strong>:<\/p>\n<div id=\"fluid-wrapper-counter-1\" class=\"g1-fluid-wrapper \" style=\"width:686px;\">\n<div style=\"padding-bottom:56.268221574344%;\"><iframe loading=\"lazy\" title=\"How to design a landing page in one click using BEE Pro\" width=\"686\" height=\"386\" src=\"https:\/\/www.youtube.com\/embed\/7Gea1fzGr90?feature=oembed&amp;wmode=transparent&amp;autohide=1&amp;autoplay=0&amp;disablekb=0&amp;fs=1&amp;loop=0&amp;enablejsapi=1&amp;rel=0&amp;controls=2&amp;showinfo=0&amp;wmode=transparent&amp;autohide=2&amp;autoplay=0&amp;disablekb=0&amp;fs=1&amp;loop=0&amp;enablejsapi=1&amp;rel=0&amp;controls=2&amp;showinfo=1\" frameborder=\"0\" allow=\"accelerometer; autoplay; clipboard-write; encrypted-media; gyroscope; picture-in-picture\" allowfullscreen><\/iframe><\/div>\n<\/div>\n<h3>BEE PRO &#8211; CARATTERISTICHE<\/h3>\n<ul>\n<li><strong>Editordrag-e-drop: <\/strong>trascina e rilascia intere righe o singoli elementi di contenuto. Rilascia le immagini direttamente dal tuo desktop. Clona e riorganizza tutto rapidamente<\/li>\n<li><strong>Bellissimi modelli<\/strong>: scegli tra uno dei tanti modelli progettati professionalmente. Non \u00e8 necessario registrare un account. \u00c8 il modo pi\u00f9 veloce per inviare email dall&#8217;aspetto fantastico<\/li>\n<li><strong>Usalo ovunque<\/strong>: newsletter, annunci, email transazionali. Creali, scaricali e usali nella maggior parte dei programmi in cui vengono inviate le email. Salva, modifica, condividi, esporta: ecco il tuo centro di progettazione email<\/li>\n<li><strong>Tutte le tue email e pagine in un unico posto<\/strong>: dalle newsletter alle email transazionali. Dalle pagine di lancio del prodotto a una home page personalizzata per le tue newsletter, con un modulo di iscrizione. Progetta tutto in un unico posto, in modo che sia tutto organizzato, sotto controllo e pronto per essere utilizzato ovunque.<\/li>\n<li><strong>Progetta qui, usa ovunque<\/strong>: quando hai finito di progettare, puoi esportare email e pagine di destinazione in tutti i modi. Scarica HTML e immagini in un file zip. Copia e incolla l&#8217;HTML (con le immagini ospitate e fornite tramite Cloudfront CDN). Converti in PDF. Invia a Mailchimp, HubSpot, ActiveCampaign, Sendgrid, ecc&#8230;<\/li>\n<li><strong>Dai liberi professionisti ai grandi team<\/strong>: che tu sia un libero professionista che ha bisogno di un modo migliore per progettare per i tuoi clienti, una startup che vuole lanciare campagne pi\u00f9 velocemente o una grande azienda che mira a potenziare pi\u00f9 persone all&#8217;interno dell&#8217;organizzazione, BEE Pro ha gli strumenti necessari per lavorare bene insieme. Aggiungi commenti durante la progettazione. Traccia e ripristina le versioni. Stabilisci linee guida per il branding<\/li>\n<li><strong>Dall&#8217;email alla pagina con un clic<\/strong>: trasforma qualsiasi email in una pagina di destinazione con un clic, aggiungi contenuti specifici della pagina come un modulo di iscrizione e pubblica. Progetta una campagna digitale completa in pochissimo tempo.<\/li>\n<\/ul>\n<h4>LE RECENSIONI DEGLI UTENTI<\/h4>\n<p class=\"font-weight-bold mb-2\"><strong>Alex M.&#8221;Il miglior prodotto di design per email che ho usato fino ad oggi.&#8221;<\/strong><\/p>\n<p><span class=\"font-weight-bold\"><strong>Commenti<\/strong>: c<\/span>onsente al membro pi\u00f9 elementare del mio team di creare email con facilit\u00e0.<\/p>\n<p class=\"font-weight-bold mb-2\"><strong>Pro<\/strong>: adoro quanto sia facile creare ed esportare le email.<\/p>\n<p class=\"font-weight-bold mb-2\"><strong>Contro<\/strong>: vorrei che avessero un&#8217;integrazione diretta con Marketo, ma esportare e copiare in Marketo non \u00e8 difficile.<\/p>\n<p class=\"font-weight-bold mb-2\"><strong>Owen L.&#8221;Ottimo sistema e facile da usare&#8221;<\/strong><\/p>\n<p><span class=\"font-weight-bold\"><strong>Commenti<\/strong>: <\/span>ottimo servizio e lo uso tutti i giorni<\/p>\n<p class=\"font-weight-bold mb-2\"><strong>Pro<\/strong>: mi piace che sia facile creare e-mail di bell&#8217;aspetto e che posso inviarle direttamente a Gmail.<\/p>\n<p class=\"font-weight-bold mb-2\">Contro: sarebbe bello se il sistema utilizzasse le dimensioni e i caratteri di Gmail in modo che tutto rimanesse coerente.<\/p>\n<p class=\"font-weight-bold mb-2\"><strong>Sarah T.&#8221;Prodotto fantastico che uso da anni!&#8221;<\/strong><\/p>\n<p><span class=\"font-weight-bold\"><strong>Commenti<\/strong>: <\/span>STUPEFACENTE! Il dettaglio e la completezza del mio lavoro sono stati molto apprezzati sul lavoro cos\u00ec come nei miei progetti personali di portfolio.<\/p>\n<p class=\"font-weight-bold mb-2\"><strong>Pro<\/strong>: \u00e8\u00a0basato sul front-end, oltre a veri e costanti aggiornamenti alle funzioni che rendono questo software pi\u00f9 facile da usare ogni volta.<\/p>\n<p class=\"font-weight-bold mb-2\"><strong>Contro<\/strong>: solo l&#8217;immagine di sfondo \u00e8 a larghezza intera. Vorrei che un aggiornamento potesse includere blocchi di immagini in linea per fare lo stesso.<\/p>\n","protected":false},"excerpt":{"rendered":"<p>Bee Pro \u00e8 un software di email marketing che fornisce alle aziende strumenti per progettare bellissime email e landing page. La piattaforma \u00e8 una suite di progettazione drag-e-drop che include funzionalit\u00e0 per una migliore collaborazione e gestione degli utenti. Nessuna competenza html richiesta per iniziare a utilizzare questo strumento di progettazione di contenuti digitali.<\/p>\n","protected":false},"author":16,"featured_media":50049,"parent":49827,"menu_order":0,"comment_status":"open","ping_status":"closed","template":"g1_template_page_review_new.php","meta":{"_acf_changed":false,"cwp_meta_box_check":"No","cwp_rev_product_name":"","cwp_rev_product_image":"","wppr_links":[],"cwp_rev_price":"","wppr_options":[],"wppr_pros":[],"wppr_cons":[],"_monsterinsights_skip_tracking":false,"_monsterinsights_sitenote_active":false,"_monsterinsights_sitenote_note":"","_monsterinsights_sitenote_category":0,"footnotes":""},"categories":[11404],"tags":[11453,11452,11449,11451,11450],"features":[],"class_list":{"0":"post-50026","1":"page","2":"type-page","3":"status-publish","4":"has-post-thumbnail","6":"category-programmi-grafica-design-cat","7":"tag-bee-pro","8":"tag-piattaforma-per-grafica-design","9":"tag-programma-per-grafica-design","10":"tag-software-per-grafica-design","11":"tag-soluzione-per-grafica-design"},"wppr_data":{"cwp_meta_box_check":"No"},"acf":[],"yoast_head":"<!-- This site is optimized with the Yoast SEO plugin v27.4 - https:\/\/yoast.com\/product\/yoast-seo-wordpress\/ -->\n<title>Bee Pro: recensione software grafica design - Accurate Reviews<\/title>\n<meta name=\"description\" content=\"Bee Pro: recensione software di email marketing che fornisce alle aziende strumenti per progettare bellissime email e landing page.\" \/>\n<meta name=\"robots\" content=\"index, follow, max-snippet:-1, max-image-preview:large, max-video-preview:-1\" \/>\n<link rel=\"canonical\" href=\"https:\/\/www.accuratereviews.com\/it\/programmi-grafica-design\/bee-pro-recensione\/\" \/>\n<meta property=\"og:locale\" content=\"it_IT\" \/>\n<meta property=\"og:type\" content=\"article\" \/>\n<meta property=\"og:title\" content=\"Bee Pro: recensione software grafica design - Accurate Reviews\" \/>\n<meta property=\"og:description\" content=\"Bee Pro: recensione software di email marketing che fornisce alle aziende strumenti per progettare bellissime email e landing page.\" \/>\n<meta property=\"og:url\" content=\"https:\/\/www.accuratereviews.com\/it\/programmi-grafica-design\/bee-pro-recensione\/\" \/>\n<meta property=\"og:site_name\" content=\"Accurate Reviews\" \/>\n<meta property=\"og:image\" content=\"https:\/\/www.accuratereviews.com\/wp-content\/uploads\/2021\/11\/Cyt2oWy-_400x400.png\" \/>\n\t<meta property=\"og:image:width\" content=\"400\" \/>\n\t<meta property=\"og:image:height\" content=\"400\" \/>\n\t<meta property=\"og:image:type\" content=\"image\/png\" \/>\n<meta name=\"twitter:card\" content=\"summary_large_image\" \/>\n<meta name=\"twitter:label1\" content=\"Tempo di lettura stimato\" \/>\n\t<meta name=\"twitter:data1\" content=\"3 minuti\" \/>\n<script type=\"application\/ld+json\" class=\"yoast-schema-graph\">{\"@context\":\"https:\\\/\\\/schema.org\",\"@graph\":[{\"@type\":\"WebPage\",\"@id\":\"https:\\\/\\\/www.accuratereviews.com\\\/it\\\/programmi-grafica-design\\\/bee-pro-recensione\\\/\",\"url\":\"https:\\\/\\\/www.accuratereviews.com\\\/it\\\/programmi-grafica-design\\\/bee-pro-recensione\\\/\",\"name\":\"Bee Pro: recensione software grafica design - Accurate Reviews\",\"isPartOf\":{\"@id\":\"https:\\\/\\\/www.accuratereviews.com\\\/it\\\/#website\"},\"primaryImageOfPage\":{\"@id\":\"https:\\\/\\\/www.accuratereviews.com\\\/it\\\/programmi-grafica-design\\\/bee-pro-recensione\\\/#primaryimage\"},\"image\":{\"@id\":\"https:\\\/\\\/www.accuratereviews.com\\\/it\\\/programmi-grafica-design\\\/bee-pro-recensione\\\/#primaryimage\"},\"thumbnailUrl\":\"https:\\\/\\\/www.accuratereviews.com\\\/wp-content\\\/uploads\\\/2021\\\/11\\\/Cyt2oWy-_400x400.png\",\"datePublished\":\"2021-11-16T13:23:10+00:00\",\"description\":\"Bee Pro: recensione software di email marketing che fornisce alle aziende strumenti per progettare bellissime email e landing page.\",\"breadcrumb\":{\"@id\":\"https:\\\/\\\/www.accuratereviews.com\\\/it\\\/programmi-grafica-design\\\/bee-pro-recensione\\\/#breadcrumb\"},\"inLanguage\":\"it-IT\",\"potentialAction\":[{\"@type\":\"ReadAction\",\"target\":[\"https:\\\/\\\/www.accuratereviews.com\\\/it\\\/programmi-grafica-design\\\/bee-pro-recensione\\\/\"]}]},{\"@type\":\"ImageObject\",\"inLanguage\":\"it-IT\",\"@id\":\"https:\\\/\\\/www.accuratereviews.com\\\/it\\\/programmi-grafica-design\\\/bee-pro-recensione\\\/#primaryimage\",\"url\":\"https:\\\/\\\/www.accuratereviews.com\\\/wp-content\\\/uploads\\\/2021\\\/11\\\/Cyt2oWy-_400x400.png\",\"contentUrl\":\"https:\\\/\\\/www.accuratereviews.com\\\/wp-content\\\/uploads\\\/2021\\\/11\\\/Cyt2oWy-_400x400.png\",\"width\":400,\"height\":400},{\"@type\":\"BreadcrumbList\",\"@id\":\"https:\\\/\\\/www.accuratereviews.com\\\/it\\\/programmi-grafica-design\\\/bee-pro-recensione\\\/#breadcrumb\",\"itemListElement\":[{\"@type\":\"ListItem\",\"position\":1,\"name\":\"Home\",\"item\":\"https:\\\/\\\/www.accuratereviews.com\\\/it\\\/\"},{\"@type\":\"ListItem\",\"position\":2,\"name\":\"Programmi grafica design\",\"item\":\"https:\\\/\\\/www.accuratereviews.com\\\/it\\\/programmi-grafica-design\\\/\"},{\"@type\":\"ListItem\",\"position\":3,\"name\":\"BEE Pro\"}]},{\"@type\":\"WebSite\",\"@id\":\"https:\\\/\\\/www.accuratereviews.com\\\/it\\\/#website\",\"url\":\"https:\\\/\\\/www.accuratereviews.com\\\/it\\\/\",\"name\":\"Accurate Reviews\",\"description\":\"\",\"potentialAction\":[{\"@type\":\"SearchAction\",\"target\":{\"@type\":\"EntryPoint\",\"urlTemplate\":\"https:\\\/\\\/www.accuratereviews.com\\\/it\\\/?s={search_term_string}\"},\"query-input\":{\"@type\":\"PropertyValueSpecification\",\"valueRequired\":true,\"valueName\":\"search_term_string\"}}],\"inLanguage\":\"it-IT\"}]}<\/script>\n<!-- \/ Yoast SEO plugin. -->","yoast_head_json":{"title":"Bee Pro: recensione software grafica design - Accurate Reviews","description":"Bee Pro: recensione software di email marketing che fornisce alle aziende strumenti per progettare bellissime email e landing page.","robots":{"index":"index","follow":"follow","max-snippet":"max-snippet:-1","max-image-preview":"max-image-preview:large","max-video-preview":"max-video-preview:-1"},"canonical":"https:\/\/www.accuratereviews.com\/it\/programmi-grafica-design\/bee-pro-recensione\/","og_locale":"it_IT","og_type":"article","og_title":"Bee Pro: recensione software grafica design - Accurate Reviews","og_description":"Bee Pro: recensione software di email marketing che fornisce alle aziende strumenti per progettare bellissime email e landing page.","og_url":"https:\/\/www.accuratereviews.com\/it\/programmi-grafica-design\/bee-pro-recensione\/","og_site_name":"Accurate Reviews","og_image":[{"width":400,"height":400,"url":"https:\/\/www.accuratereviews.com\/wp-content\/uploads\/2021\/11\/Cyt2oWy-_400x400.png","type":"image\/png"}],"twitter_card":"summary_large_image","twitter_misc":{"Tempo di lettura stimato":"3 minuti"},"schema":{"@context":"https:\/\/schema.org","@graph":[{"@type":"WebPage","@id":"https:\/\/www.accuratereviews.com\/it\/programmi-grafica-design\/bee-pro-recensione\/","url":"https:\/\/www.accuratereviews.com\/it\/programmi-grafica-design\/bee-pro-recensione\/","name":"Bee Pro: recensione software grafica design - Accurate Reviews","isPartOf":{"@id":"https:\/\/www.accuratereviews.com\/it\/#website"},"primaryImageOfPage":{"@id":"https:\/\/www.accuratereviews.com\/it\/programmi-grafica-design\/bee-pro-recensione\/#primaryimage"},"image":{"@id":"https:\/\/www.accuratereviews.com\/it\/programmi-grafica-design\/bee-pro-recensione\/#primaryimage"},"thumbnailUrl":"https:\/\/www.accuratereviews.com\/wp-content\/uploads\/2021\/11\/Cyt2oWy-_400x400.png","datePublished":"2021-11-16T13:23:10+00:00","description":"Bee Pro: recensione software di email marketing che fornisce alle aziende strumenti per progettare bellissime email e landing page.","breadcrumb":{"@id":"https:\/\/www.accuratereviews.com\/it\/programmi-grafica-design\/bee-pro-recensione\/#breadcrumb"},"inLanguage":"it-IT","potentialAction":[{"@type":"ReadAction","target":["https:\/\/www.accuratereviews.com\/it\/programmi-grafica-design\/bee-pro-recensione\/"]}]},{"@type":"ImageObject","inLanguage":"it-IT","@id":"https:\/\/www.accuratereviews.com\/it\/programmi-grafica-design\/bee-pro-recensione\/#primaryimage","url":"https:\/\/www.accuratereviews.com\/wp-content\/uploads\/2021\/11\/Cyt2oWy-_400x400.png","contentUrl":"https:\/\/www.accuratereviews.com\/wp-content\/uploads\/2021\/11\/Cyt2oWy-_400x400.png","width":400,"height":400},{"@type":"BreadcrumbList","@id":"https:\/\/www.accuratereviews.com\/it\/programmi-grafica-design\/bee-pro-recensione\/#breadcrumb","itemListElement":[{"@type":"ListItem","position":1,"name":"Home","item":"https:\/\/www.accuratereviews.com\/it\/"},{"@type":"ListItem","position":2,"name":"Programmi grafica design","item":"https:\/\/www.accuratereviews.com\/it\/programmi-grafica-design\/"},{"@type":"ListItem","position":3,"name":"BEE Pro"}]},{"@type":"WebSite","@id":"https:\/\/www.accuratereviews.com\/it\/#website","url":"https:\/\/www.accuratereviews.com\/it\/","name":"Accurate Reviews","description":"","potentialAction":[{"@type":"SearchAction","target":{"@type":"EntryPoint","urlTemplate":"https:\/\/www.accuratereviews.com\/it\/?s={search_term_string}"},"query-input":{"@type":"PropertyValueSpecification","valueRequired":true,"valueName":"search_term_string"}}],"inLanguage":"it-IT"}]}},"_links":{"self":[{"href":"https:\/\/www.accuratereviews.com\/it\/wp-json\/wp\/v2\/pages\/50026","targetHints":{"allow":["GET"]}}],"collection":[{"href":"https:\/\/www.accuratereviews.com\/it\/wp-json\/wp\/v2\/pages"}],"about":[{"href":"https:\/\/www.accuratereviews.com\/it\/wp-json\/wp\/v2\/types\/page"}],"author":[{"embeddable":true,"href":"https:\/\/www.accuratereviews.com\/it\/wp-json\/wp\/v2\/users\/16"}],"replies":[{"embeddable":true,"href":"https:\/\/www.accuratereviews.com\/it\/wp-json\/wp\/v2\/comments?post=50026"}],"version-history":[{"count":11,"href":"https:\/\/www.accuratereviews.com\/it\/wp-json\/wp\/v2\/pages\/50026\/revisions"}],"predecessor-version":[{"id":50071,"href":"https:\/\/www.accuratereviews.com\/it\/wp-json\/wp\/v2\/pages\/50026\/revisions\/50071"}],"up":[{"embeddable":true,"href":"https:\/\/www.accuratereviews.com\/it\/wp-json\/wp\/v2\/pages\/49827"}],"wp:featuredmedia":[{"embeddable":true,"href":"https:\/\/www.accuratereviews.com\/it\/wp-json\/wp\/v2\/media\/50049"}],"wp:attachment":[{"href":"https:\/\/www.accuratereviews.com\/it\/wp-json\/wp\/v2\/media?parent=50026"}],"wp:term":[{"taxonomy":"category","embeddable":true,"href":"https:\/\/www.accuratereviews.com\/it\/wp-json\/wp\/v2\/categories?post=50026"},{"taxonomy":"post_tag","embeddable":true,"href":"https:\/\/www.accuratereviews.com\/it\/wp-json\/wp\/v2\/tags?post=50026"},{"taxonomy":"features","embeddable":true,"href":"https:\/\/www.accuratereviews.com\/it\/wp-json\/wp\/v2\/features?post=50026"}],"curies":[{"name":"wp","href":"https:\/\/api.w.org\/{rel}","templated":true}]}}