{"id":50036,"date":"2021-11-16T13:24:43","date_gmt":"2021-11-16T13:24:43","guid":{"rendered":"https:\/\/www.accuratereviews.com\/?page_id=50036"},"modified":"2023-02-09T08:50:47","modified_gmt":"2023-02-09T08:50:47","slug":"adobe-spark-recensione","status":"publish","type":"page","link":"https:\/\/www.accuratereviews.com\/it\/programmi-grafica-design\/adobe-spark-recensione\/","title":{"rendered":"Adobe Spark"},"content":{"rendered":"<p><strong>Adobe Spark<\/strong> \u00e8 una <strong>piattaforma di progettazione<\/strong> basata su <strong>cloud<\/strong> che consente agli utenti di creare grafica, pagine web e video personalizzati. La soluzione ha sviluppato app native per Android e iOS. La sincronizzazione automatica dei progetti sul web e sulle app mobili consente agli utenti di lavorare da qualsiasi luogo e in qualsiasi momento.\u00a0Gli utenti possono creare contenuti personalizzati da una gamma di modelli o da zero, con la possibilit\u00e0 di personalizzare loghi, colori, caratteri e immagini per riflettere la loro causa, attivit\u00e0 o marchio personale. I design vengono ridimensionati automaticamente per diversi canali, consentendo agli utenti di creare banner per blog, post o storie di Instagram, miniature di YouTube, annunci di Facebook e altro, senza dover ridimensionare manualmente le immagini.<\/p>\n<h2>ADOBE SPARK &#8211; TUTORIAL<\/h2>\n<p>Guardiamo il tutorial in lingua italiana per creare delle belle grafiche con questo <strong>software per grafica design<\/strong>:<\/p>\n<div id=\"fluid-wrapper-counter-1\" class=\"g1-fluid-wrapper \" style=\"width:686px;\">\n<div style=\"padding-bottom:56.268221574344%;\"><iframe loading=\"lazy\" title=\"Creare grafica con Adobe Spark Post\" width=\"686\" height=\"386\" src=\"https:\/\/www.youtube.com\/embed\/8rqjd8cPZac?feature=oembed&amp;wmode=transparent&amp;autohide=1&amp;autoplay=0&amp;disablekb=0&amp;fs=1&amp;loop=0&amp;enablejsapi=1&amp;rel=0&amp;controls=2&amp;showinfo=0&amp;wmode=transparent&amp;autohide=2&amp;autoplay=0&amp;disablekb=0&amp;fs=1&amp;loop=0&amp;enablejsapi=1&amp;rel=0&amp;controls=2&amp;showinfo=1\" frameborder=\"0\" allow=\"accelerometer; autoplay; clipboard-write; encrypted-media; gyroscope; picture-in-picture; web-share\" allowfullscreen><\/iframe><\/div>\n<\/div>\n<p>&nbsp;<\/p>\n<h3>ADOBE SPARK &#8211; CARATTERISTICHE<\/h3>\n<ul>\n<li><strong>Scegli tra foto, icone e caratteri:<\/strong> ti consente di selezionare le immagini che desideri. Carica il tuo dal tuo dispositivo o dal cloud storage o seleziona tra migliaia di immagini online gratuite<\/li>\n<li><strong>Scopri come avere un impatto maggiore<\/strong>: dai consigli tattici su come distinguersi sui social media alle storie stimolanti<\/li>\n<li><strong>Temi professionali<\/strong>: invita altri a lavorare sui tuoi progetti di marca e modifica facilmente tag-team<\/li>\n<li><strong>Condividi ovunque<\/strong>: crea design unici da modelli premium esclusivi<\/li>\n<li><strong>Immagini iconiche<\/strong>: rimuovi la filigrana della soluzione da tutti i tuoi progetti, per sempre<\/li>\n<li><strong>Avere un impatto<\/strong>: personalizza qualsiasi progetto con il tuo logo, colori e caratteri con un tocco magico<\/li>\n<li><strong>Ispira il tuo pubblico con nuovi contenuti<\/strong>: guarda le ultime tendenze, idee e suggerimenti sui contenuti che ti aiuteranno a coinvolgere i tuoi follower.<\/li>\n<\/ul>\n<h4>LE RECENSIONI DEGLLI UTENTI<\/h4>\n<p class=\"font-weight-bold mb-2\"><strong>Daniele D.&#8221;Bello e funzionale&#8221;<\/strong><\/p>\n<p class=\"font-weight-bold mb-2\"><strong>Pro<\/strong>:\u00a0design bello, selezione ampia di template per i loghi<\/p>\n<p class=\"font-weight-bold mb-2\"><strong>Contro<\/strong>:\u00e8 un p\u00f2 macchinoso da usare ed \u00e8 troppo basico come programma<\/p>\n<p class=\"font-weight-bold mb-2\"><strong>Linda B.&#8221;Facilissimo! Elementi di design per la classe!&#8221;<\/strong><\/p>\n<p><span class=\"font-weight-bold\"><strong>Commenti<\/strong>: o<\/span>ttimo strumento per le piccole imprese e per l&#8217;istruzione. Molto semplice da usare e ci sono molti di modelli e tutorial, oltre a un&#8217;enorme raccolta di immagini. Nel campo dell&#8217;istruzione, i miei studenti hanno creato diversi materiali di marketing e hanno creato un portfolio del loro lavoro, e per le piccole imprese sar\u00e0 fantastico per i social media, i siti web e i blog.<\/p>\n<p class=\"font-weight-bold mb-2\"><strong>Pro<\/strong>: adobe spark ha una gamma di funzionalit\u00e0 per il design. Da infografiche a pagine web, portfolio digitali, video di slideshow e post sui social media. Tutti questi elementi sono fantastici per la creazione di risorse per l&#8217;istruzione e per la dimostrazione della conoscenza da parte degli studenti.<\/p>\n<p class=\"font-weight-bold mb-2\"><strong>Contro<\/strong>: quando si aggiungono risorse a una pagina Web Spark progettate in Spark, \u00e8 necessario prima scaricare l&#8217;elemento come immagine (infografiche, post sui social media, menu, poster e cos\u00ec via) prima di aggiungerle alla pagina web Adobe Spark. Se avesse una funzione di trascinamento della selezione sarebbe molto conveniente.<\/p>\n<h5 class=\"font-weight-bold mb-2\">Roseann K.&#8221;Facile da usare&#8221;<\/h5>\n<p><span class=\"font-weight-bold\"><strong>Commenti<\/strong>: m<\/span>i piace usare Adobe Spark per creare piccoli video per evidenziare eventi imminenti e incentivi all&#8217;interno della nostra organizzazione.<\/p>\n<p class=\"font-weight-bold mb-2\">Pro: questo software viene fornito con modelli e temi pre-caricati che rendono molto facile creare un annuncio o un video in modo tempestivo.<\/p>\n<p class=\"font-weight-bold mb-2\">Contro: non ci sono molte opzioni di personalizzazione. Se sei soddisfatto di attenersi ai temi preselezionati, questo \u00e8 fantastico, ma le opzioni per rendere il tuo video unico mancano un po&#8217; o sono complicate da usare.<\/p>\n","protected":false},"excerpt":{"rendered":"<p>Adobe Spark \u00e8 una piattaforma di progettazione basata su cloud che consente agli utenti di creare grafica, pagine web e video personalizzati. La soluzione ha sviluppato app native per Android e iOS. La sincronizzazione automatica dei progetti sul web e sulle app mobili consente agli utenti di lavorare da qualsiasi luogo e in qualsiasi momento.\u00a0<\/p>\n","protected":false},"author":16,"featured_media":50037,"parent":49827,"menu_order":0,"comment_status":"open","ping_status":"closed","template":"g1_template_page_review_new.php","meta":{"_acf_changed":false,"cwp_meta_box_check":"No","cwp_rev_product_name":"","cwp_rev_product_image":"","wppr_links":[],"cwp_rev_price":"","wppr_options":[],"wppr_pros":[],"wppr_cons":[],"_monsterinsights_skip_tracking":false,"_monsterinsights_sitenote_active":false,"_monsterinsights_sitenote_note":"","_monsterinsights_sitenote_category":0,"footnotes":""},"categories":[11404,169],"tags":[11448,11409,11447,11406,11405],"features":[],"class_list":{"0":"post-50036","1":"page","2":"type-page","3":"status-publish","4":"has-post-thumbnail","6":"category-programmi-grafica-design-cat","7":"category-video-editing-software-it","8":"tag-adobe-spark","9":"tag-piattaforma-grafica-design","10":"tag-programma-grafica-desig","11":"tag-software-grafica-design","12":"tag-soluzione-grafica-design"},"wppr_data":{"cwp_meta_box_check":"No"},"acf":[],"yoast_head":"<!-- This site is optimized with the Yoast SEO plugin v27.4 - https:\/\/yoast.com\/product\/yoast-seo-wordpress\/ -->\n<title>Adobe Spark: recensione software grafica design - Accurate Reviews<\/title>\n<meta name=\"description\" content=\"Adobe Spark: recensione piattaforma di progettazione basata su cloud che consente di creare grafica, pagine web e video personalizzati.\" \/>\n<meta name=\"robots\" content=\"index, follow, max-snippet:-1, max-image-preview:large, max-video-preview:-1\" \/>\n<link rel=\"canonical\" href=\"https:\/\/www.accuratereviews.com\/it\/programmi-grafica-design\/adobe-spark-recensione\/\" \/>\n<meta property=\"og:locale\" content=\"it_IT\" \/>\n<meta property=\"og:type\" content=\"article\" \/>\n<meta property=\"og:title\" content=\"Adobe Spark: recensione software grafica design - Accurate Reviews\" \/>\n<meta property=\"og:description\" content=\"Adobe Spark: recensione piattaforma di progettazione basata su cloud che consente di creare grafica, pagine web e video personalizzati.\" \/>\n<meta property=\"og:url\" content=\"https:\/\/www.accuratereviews.com\/it\/programmi-grafica-design\/adobe-spark-recensione\/\" \/>\n<meta property=\"og:site_name\" content=\"Accurate Reviews\" \/>\n<meta property=\"article:modified_time\" content=\"2023-02-09T08:50:47+00:00\" \/>\n<meta property=\"og:image\" content=\"https:\/\/www.accuratereviews.com\/wp-content\/uploads\/2021\/11\/Adobe-Spark.png\" \/>\n\t<meta property=\"og:image:width\" content=\"229\" \/>\n\t<meta property=\"og:image:height\" content=\"221\" \/>\n\t<meta property=\"og:image:type\" content=\"image\/png\" \/>\n<meta name=\"twitter:card\" content=\"summary_large_image\" \/>\n<meta name=\"twitter:label1\" content=\"Tempo di lettura stimato\" \/>\n\t<meta name=\"twitter:data1\" content=\"3 minuti\" \/>\n<script type=\"application\/ld+json\" class=\"yoast-schema-graph\">{\"@context\":\"https:\\\/\\\/schema.org\",\"@graph\":[{\"@type\":\"WebPage\",\"@id\":\"https:\\\/\\\/www.accuratereviews.com\\\/it\\\/programmi-grafica-design\\\/adobe-spark-recensione\\\/\",\"url\":\"https:\\\/\\\/www.accuratereviews.com\\\/it\\\/programmi-grafica-design\\\/adobe-spark-recensione\\\/\",\"name\":\"Adobe Spark: recensione software grafica design - Accurate Reviews\",\"isPartOf\":{\"@id\":\"https:\\\/\\\/www.accuratereviews.com\\\/it\\\/#website\"},\"primaryImageOfPage\":{\"@id\":\"https:\\\/\\\/www.accuratereviews.com\\\/it\\\/programmi-grafica-design\\\/adobe-spark-recensione\\\/#primaryimage\"},\"image\":{\"@id\":\"https:\\\/\\\/www.accuratereviews.com\\\/it\\\/programmi-grafica-design\\\/adobe-spark-recensione\\\/#primaryimage\"},\"thumbnailUrl\":\"https:\\\/\\\/www.accuratereviews.com\\\/wp-content\\\/uploads\\\/2021\\\/11\\\/Adobe-Spark.png\",\"datePublished\":\"2021-11-16T13:24:43+00:00\",\"dateModified\":\"2023-02-09T08:50:47+00:00\",\"description\":\"Adobe Spark: recensione piattaforma di progettazione basata su cloud che consente di creare grafica, pagine web e video personalizzati.\",\"breadcrumb\":{\"@id\":\"https:\\\/\\\/www.accuratereviews.com\\\/it\\\/programmi-grafica-design\\\/adobe-spark-recensione\\\/#breadcrumb\"},\"inLanguage\":\"it-IT\",\"potentialAction\":[{\"@type\":\"ReadAction\",\"target\":[\"https:\\\/\\\/www.accuratereviews.com\\\/it\\\/programmi-grafica-design\\\/adobe-spark-recensione\\\/\"]}]},{\"@type\":\"ImageObject\",\"inLanguage\":\"it-IT\",\"@id\":\"https:\\\/\\\/www.accuratereviews.com\\\/it\\\/programmi-grafica-design\\\/adobe-spark-recensione\\\/#primaryimage\",\"url\":\"https:\\\/\\\/www.accuratereviews.com\\\/wp-content\\\/uploads\\\/2021\\\/11\\\/Adobe-Spark.png\",\"contentUrl\":\"https:\\\/\\\/www.accuratereviews.com\\\/wp-content\\\/uploads\\\/2021\\\/11\\\/Adobe-Spark.png\",\"width\":229,\"height\":221},{\"@type\":\"BreadcrumbList\",\"@id\":\"https:\\\/\\\/www.accuratereviews.com\\\/it\\\/programmi-grafica-design\\\/adobe-spark-recensione\\\/#breadcrumb\",\"itemListElement\":[{\"@type\":\"ListItem\",\"position\":1,\"name\":\"Home\",\"item\":\"https:\\\/\\\/www.accuratereviews.com\\\/it\\\/\"},{\"@type\":\"ListItem\",\"position\":2,\"name\":\"Programmi grafica design\",\"item\":\"https:\\\/\\\/www.accuratereviews.com\\\/it\\\/programmi-grafica-design\\\/\"},{\"@type\":\"ListItem\",\"position\":3,\"name\":\"Adobe Spark\"}]},{\"@type\":\"WebSite\",\"@id\":\"https:\\\/\\\/www.accuratereviews.com\\\/it\\\/#website\",\"url\":\"https:\\\/\\\/www.accuratereviews.com\\\/it\\\/\",\"name\":\"Accurate Reviews\",\"description\":\"\",\"potentialAction\":[{\"@type\":\"SearchAction\",\"target\":{\"@type\":\"EntryPoint\",\"urlTemplate\":\"https:\\\/\\\/www.accuratereviews.com\\\/it\\\/?s={search_term_string}\"},\"query-input\":{\"@type\":\"PropertyValueSpecification\",\"valueRequired\":true,\"valueName\":\"search_term_string\"}}],\"inLanguage\":\"it-IT\"}]}<\/script>\n<!-- \/ Yoast SEO plugin. -->","yoast_head_json":{"title":"Adobe Spark: recensione software grafica design - Accurate Reviews","description":"Adobe Spark: recensione piattaforma di progettazione basata su cloud che consente di creare grafica, pagine web e video personalizzati.","robots":{"index":"index","follow":"follow","max-snippet":"max-snippet:-1","max-image-preview":"max-image-preview:large","max-video-preview":"max-video-preview:-1"},"canonical":"https:\/\/www.accuratereviews.com\/it\/programmi-grafica-design\/adobe-spark-recensione\/","og_locale":"it_IT","og_type":"article","og_title":"Adobe Spark: recensione software grafica design - Accurate Reviews","og_description":"Adobe Spark: recensione piattaforma di progettazione basata su cloud che consente di creare grafica, pagine web e video personalizzati.","og_url":"https:\/\/www.accuratereviews.com\/it\/programmi-grafica-design\/adobe-spark-recensione\/","og_site_name":"Accurate Reviews","article_modified_time":"2023-02-09T08:50:47+00:00","og_image":[{"width":229,"height":221,"url":"https:\/\/www.accuratereviews.com\/wp-content\/uploads\/2021\/11\/Adobe-Spark.png","type":"image\/png"}],"twitter_card":"summary_large_image","twitter_misc":{"Tempo di lettura stimato":"3 minuti"},"schema":{"@context":"https:\/\/schema.org","@graph":[{"@type":"WebPage","@id":"https:\/\/www.accuratereviews.com\/it\/programmi-grafica-design\/adobe-spark-recensione\/","url":"https:\/\/www.accuratereviews.com\/it\/programmi-grafica-design\/adobe-spark-recensione\/","name":"Adobe Spark: recensione software grafica design - Accurate Reviews","isPartOf":{"@id":"https:\/\/www.accuratereviews.com\/it\/#website"},"primaryImageOfPage":{"@id":"https:\/\/www.accuratereviews.com\/it\/programmi-grafica-design\/adobe-spark-recensione\/#primaryimage"},"image":{"@id":"https:\/\/www.accuratereviews.com\/it\/programmi-grafica-design\/adobe-spark-recensione\/#primaryimage"},"thumbnailUrl":"https:\/\/www.accuratereviews.com\/wp-content\/uploads\/2021\/11\/Adobe-Spark.png","datePublished":"2021-11-16T13:24:43+00:00","dateModified":"2023-02-09T08:50:47+00:00","description":"Adobe Spark: recensione piattaforma di progettazione basata su cloud che consente di creare grafica, pagine web e video personalizzati.","breadcrumb":{"@id":"https:\/\/www.accuratereviews.com\/it\/programmi-grafica-design\/adobe-spark-recensione\/#breadcrumb"},"inLanguage":"it-IT","potentialAction":[{"@type":"ReadAction","target":["https:\/\/www.accuratereviews.com\/it\/programmi-grafica-design\/adobe-spark-recensione\/"]}]},{"@type":"ImageObject","inLanguage":"it-IT","@id":"https:\/\/www.accuratereviews.com\/it\/programmi-grafica-design\/adobe-spark-recensione\/#primaryimage","url":"https:\/\/www.accuratereviews.com\/wp-content\/uploads\/2021\/11\/Adobe-Spark.png","contentUrl":"https:\/\/www.accuratereviews.com\/wp-content\/uploads\/2021\/11\/Adobe-Spark.png","width":229,"height":221},{"@type":"BreadcrumbList","@id":"https:\/\/www.accuratereviews.com\/it\/programmi-grafica-design\/adobe-spark-recensione\/#breadcrumb","itemListElement":[{"@type":"ListItem","position":1,"name":"Home","item":"https:\/\/www.accuratereviews.com\/it\/"},{"@type":"ListItem","position":2,"name":"Programmi grafica design","item":"https:\/\/www.accuratereviews.com\/it\/programmi-grafica-design\/"},{"@type":"ListItem","position":3,"name":"Adobe Spark"}]},{"@type":"WebSite","@id":"https:\/\/www.accuratereviews.com\/it\/#website","url":"https:\/\/www.accuratereviews.com\/it\/","name":"Accurate Reviews","description":"","potentialAction":[{"@type":"SearchAction","target":{"@type":"EntryPoint","urlTemplate":"https:\/\/www.accuratereviews.com\/it\/?s={search_term_string}"},"query-input":{"@type":"PropertyValueSpecification","valueRequired":true,"valueName":"search_term_string"}}],"inLanguage":"it-IT"}]}},"_links":{"self":[{"href":"https:\/\/www.accuratereviews.com\/it\/wp-json\/wp\/v2\/pages\/50036","targetHints":{"allow":["GET"]}}],"collection":[{"href":"https:\/\/www.accuratereviews.com\/it\/wp-json\/wp\/v2\/pages"}],"about":[{"href":"https:\/\/www.accuratereviews.com\/it\/wp-json\/wp\/v2\/types\/page"}],"author":[{"embeddable":true,"href":"https:\/\/www.accuratereviews.com\/it\/wp-json\/wp\/v2\/users\/16"}],"replies":[{"embeddable":true,"href":"https:\/\/www.accuratereviews.com\/it\/wp-json\/wp\/v2\/comments?post=50036"}],"version-history":[{"count":8,"href":"https:\/\/www.accuratereviews.com\/it\/wp-json\/wp\/v2\/pages\/50036\/revisions"}],"predecessor-version":[{"id":50132,"href":"https:\/\/www.accuratereviews.com\/it\/wp-json\/wp\/v2\/pages\/50036\/revisions\/50132"}],"up":[{"embeddable":true,"href":"https:\/\/www.accuratereviews.com\/it\/wp-json\/wp\/v2\/pages\/49827"}],"wp:featuredmedia":[{"embeddable":true,"href":"https:\/\/www.accuratereviews.com\/it\/wp-json\/wp\/v2\/media\/50037"}],"wp:attachment":[{"href":"https:\/\/www.accuratereviews.com\/it\/wp-json\/wp\/v2\/media?parent=50036"}],"wp:term":[{"taxonomy":"category","embeddable":true,"href":"https:\/\/www.accuratereviews.com\/it\/wp-json\/wp\/v2\/categories?post=50036"},{"taxonomy":"post_tag","embeddable":true,"href":"https:\/\/www.accuratereviews.com\/it\/wp-json\/wp\/v2\/tags?post=50036"},{"taxonomy":"features","embeddable":true,"href":"https:\/\/www.accuratereviews.com\/it\/wp-json\/wp\/v2\/features?post=50036"}],"curies":[{"name":"wp","href":"https:\/\/api.w.org\/{rel}","templated":true}]}}