{"id":50080,"date":"2021-11-17T11:49:08","date_gmt":"2021-11-17T11:49:08","guid":{"rendered":"https:\/\/www.accuratereviews.com\/?page_id=50080"},"modified":"2021-11-17T21:58:09","modified_gmt":"2021-11-17T21:58:09","slug":"sketch-recensione","status":"publish","type":"page","link":"https:\/\/www.accuratereviews.com\/it\/programmi-grafica-design\/sketch-recensione\/","title":{"rendered":"Sketch"},"content":{"rendered":"<p><strong>Sketch<\/strong> \u00e8 una <strong>soluzione grafica design<\/strong>\u00a0in cui le organizzazioni possono creare icone, personalizzare la topografia o il carattere dei progetti e utilizzare scorciatoie, operatori matematici e il metodo di stenografia per alternare griglie o visualizzazioni di layout e regolare o ridimensionare la larghezza e il colore di una colonna. I progettisti possono creare prototipi di progettazione del prodotto collegando varie parti e mantenere una libreria di simboli o stili di testo e livelli per condividerli con i collaboratori interessati. Il software consente alle aziende di archiviare i progetti in uno spazio di lavoro basato su <strong>cloud<\/strong> e di visualizzare in anteprima i prototipi per scopi di ricerca e test degli utenti. I collaboratori possono anche modificare, ispezionare e commentare progetti o risorse e sfogliare documenti su una piattaforma centralizzata.\u00a0<strong>Sketch<\/strong> facilita l&#8217;integrazione con varie applicazioni di terze parti come Zeplin, Lokalise, Overlay, Flinto, Avocode, Abstract e altre.<\/p>\n<h2>SKETCH &#8211; TUTORIAL<\/h2>\n<p>Guardiamo come \u00e8 semplice creare uno schizzo con questo <strong>software di grafica design<\/strong>:<\/p>\n<div id=\"fluid-wrapper-counter-1\" class=\"g1-fluid-wrapper \" style=\"width:686px;\">\n<div style=\"padding-bottom:56.268221574344%;\"><iframe loading=\"lazy\" title=\"Intro to Sketch - Beginners guide to Sketch Basics |\" width=\"686\" height=\"386\" src=\"https:\/\/www.youtube.com\/embed\/qywB0JHQeC4?feature=oembed&amp;wmode=transparent&amp;autohide=1&amp;autoplay=0&amp;disablekb=0&amp;fs=1&amp;loop=0&amp;enablejsapi=1&amp;rel=0&amp;controls=2&amp;showinfo=0&amp;wmode=transparent&amp;autohide=2&amp;autoplay=0&amp;disablekb=0&amp;fs=1&amp;loop=0&amp;enablejsapi=1&amp;rel=0&amp;controls=2&amp;showinfo=1\" frameborder=\"0\" allow=\"accelerometer; autoplay; clipboard-write; encrypted-media; gyroscope; picture-in-picture\" allowfullscreen><\/iframe><\/div>\n<\/div>\n<h3>SKETCH &#8211; CARATTERISTICHE<\/h3>\n<ul>\n<li><strong>Modifica vettoriale flessibile<\/strong>: con una serie di strumenti di modifica vettoriale intuitivi e operazioni booleane modificabili, puoi facilmente operare sul tuo lavoro, che si tratti di una nuova icona o del tuo prossimo prodotto rivoluzionario, in qualsiasi fase del processo di progettazione<\/li>\n<li><strong>Tela infinita<\/strong>: mantieni le cose organizzate nella tua tela infinita con tavole da disegno flessibili e pre-impostazioni che ti consentono di progettare come desideri. Inoltre, con griglie personalizzabili e semplici strumenti di ridimensionamento, puoi adattare il tuo lavoro a qualsiasi dimensione dello schermo<\/li>\n<li><strong>Risparmia tempo con gli operatori matematici<\/strong>: usa gli operatori stenografici e matematici per progettare pi\u00f9 velocemente<\/li>\n<li><strong>Caratteri variabili e OpenType<\/strong>: ottieni un controllo infinito sulla tipografia nei tuoi progetti con il supporto dei caratteri variabili e sblocca caratteri alternativi, legature e altro con il supporto completo per le funzionalit\u00e0 OpenType<\/li>\n<li><strong>Componenti intelligenti e riutilizzabili<\/strong>: con i simboli, puoi creare un componente una volta, riutilizzarlo ovunque e aggiornarne ogni istanza nel tuo progetto quando devi apportare una modifica<\/li>\n<li><strong>Mantieni le cose coerenti con gli stili<\/strong>: mantieni le cose coerenti definendo variabili di colore, testo e stili di livello. Quindi utilizzali, riutilizzali e aggiornali nei tuoi progetti e condividili anche con gli altri<\/li>\n<li><strong>Gestisci il tuo sistema di progettazione<\/strong>: man mano che i tuoi simboli, colori e stili crescono in un sistema di progettazione, il programma ti offre gli strumenti per gestirli<\/li>\n<li><strong>Progetta insieme in tempo reale<\/strong>: con la collaborazione in tempo reale nell&#8217;app per Mac e un set di strumenti multipiattaforma per feedback, condivisione e trasferimento degli sviluppatori nel browser, puoi mantenere tutti sulla stessa pagina.<\/li>\n<li><strong>Condivisione, alle tue condizioni<\/strong>: condividi il tuo lavoro con chiunque, con qualsiasi browser web tramite il tuo spazio di lavoro. L\u00ec puoi ricevere feedback, passare agli sviluppatori o invitare i clienti a visualizzare il tuo lavoro, con le autorizzazioni sui documenti per mantenere il controllo<\/li>\n<li><strong>Metti alla prova i tuoi progetti<\/strong>: collega rapidamente diverse parti del tuo progetto e crea prototipi per testare le tue idee. Condividili nel browser con un link, provali nell&#8217;app per Mac o provali sul tuo dispositivo.<\/li>\n<\/ul>\n<h4>LE RECENSIONI DEGLI UTENTI<\/h4>\n<p class=\"font-weight-bold mb-2\"><strong>Aivar K.&#8221;Potente spinta per la tua creativit\u00e0&#8221;<\/strong><\/p>\n<p><span class=\"font-weight-bold\"><strong>Commenti<\/strong>: s<\/span>ketch ha notevolmente potenziato la mia capacit\u00e0 di immaginare come dovrebbero apparire le cose e mi ha permesso di diventare non orribile nel visual design.<\/p>\n<p class=\"font-weight-bold mb-2\"><strong>Pro<\/strong>: estremamente intuitivo, ma molto potente e ricco di funzionalit\u00e0 A volte sembra che ti legga la mente e faccia esattamente quello che vuoi, prima ancora che te ne accorga Ricco ecosistema di plugin<\/p>\n<p class=\"font-weight-bold mb-2\"><strong>Contro<\/strong>: mancano gli strumenti di modifica delle immagini di base: spesso \u00e8 necessario utilizzare app come Photoshop per apportare semplici modifiche prima di utilizzare l&#8217;immagine Funziona solo su Mac, quindi non posso collaborare ai progetti con utenti Windows<\/p>\n<p class=\"font-weight-bold mb-2\"><strong>Jakub H.&#8221;Robusto e affidabile&#8221;<\/strong><\/p>\n<p><span class=\"font-weight-bold\"><strong>Commenti<\/strong>: p<\/span>assare da Photoshop \u00e8 un po&#8217; un cambiamento di filosofia, ma quando ci si abitua, l&#8217;intero processo di progettazione inizia a diventare molto (MOLTO) pi\u00f9 veloce. Dopotutto, Sketch \u00e8 uno strumento di progettazione e non un editor di foto. Le funzioni vengono aggiunte continuamente o riparate o migliorate e per lo pi\u00f9 si risparmiano clic e tempo prezioso.<br \/>\nL&#8217;unico problema sono le librerie condivise e la collaborazione, che il prodotto chiaramente non era destinato a includere nel momento in cui \u00e8 stato presentato. Ma si spera che questo cambier\u00e0 nelle versioni future.<\/p>\n<p class=\"font-weight-bold mb-2\"><strong>Pro<\/strong>: puoi sentire la robustezza del software. \u00c8 veloce, ma allo stesso tempo puoi sentire come \u00e8 stato costruito con l&#8217;intento. L&#8217;interfaccia utente definisce lo standard di strumenti di progettazione simili e ottiene aggiornamenti costanti che portano a una maggiore produttivit\u00e0 e facilit\u00e0 d&#8217;uso.<\/p>\n<p class=\"font-weight-bold mb-2\"><strong>Contro<\/strong>: la capacit\u00e0 di collaborare a un progetto \u00e8 limitata. Esiste uno Sketch Cloud, ma generalmente non pu\u00f2 competere con altri strumenti di progettazione online.<\/p>\n<p class=\"font-weight-bold mb-2\"><strong>Ken S.&#8221;Una volta i migliori, ma meno competitivi&#8221;<\/strong><\/p>\n<div class=\"i18n-translation_container review-card pt-4 py-3 py-md-5 border-bottom border-primary i18n-translation_translated\" data-translation-id=\"2566408\" data-translation-target=\"original\" data-container-view=\"ca-review\">\n<div class=\"container\">\n<div class=\"row\">\n<div class=\"col-lg-7\">\n<p><span class=\"font-weight-bold\"><strong>Commenti<\/strong>: <\/span>Ho adorato questo prodotto dal momento in cui ho iniziato a usarlo, ma come soluzione completa non \u00e8 all&#8217;altezza.<\/p>\n<p class=\"font-weight-bold mb-2\"><strong>Pro<\/strong>:\u00a0Sketch \u00e8 una delle app meglio progettate che abbia mai usato (da 30 anni) ed \u00e8 ancora una gioia. Costruito da zero per il lavoro dell&#8217;interfaccia utente, non riproposto come Photoshop o Illustrator. Tutto funziona e la community dei plug-in ha una soluzione per tutto.<\/p>\n<p class=\"font-weight-bold mb-2\"><strong>Contro<\/strong>:\u00a0Sketch non \u00e8 rimasto competitivo con altri prodotti, non tanto quanto un costo dell&#8217;interfaccia utente in cui eccelle, ma la prototipazione che non hanno mai capito e si sono affidati ad altri prodotti come Invision per completare<\/p>\n<\/div>\n<\/div>\n<\/div>\n<\/div>\n","protected":false},"excerpt":{"rendered":"<p>Sketch \u00e8 una soluzione grafica design\u00a0in cui le organizzazioni possono creare icone, personalizzare la topografia o il carattere dei progetti e utilizzare scorciatoie, operatori matematici e il metodo di stenografia per alternare griglie o visualizzazioni di layout e regolare o ridimensionare la larghezza e il colore di una colonna. <\/p>\n","protected":false},"author":16,"featured_media":50081,"parent":49827,"menu_order":0,"comment_status":"open","ping_status":"closed","template":"g1_template_page_review_new.php","meta":{"_acf_changed":false,"cwp_meta_box_check":"No","cwp_rev_product_name":"","cwp_rev_product_image":"","wppr_links":[],"cwp_rev_price":"","wppr_options":[],"wppr_pros":[],"wppr_cons":[],"_monsterinsights_skip_tracking":false,"_monsterinsights_sitenote_active":false,"_monsterinsights_sitenote_note":"","_monsterinsights_sitenote_category":0,"footnotes":""},"categories":[11404],"tags":[396,11409,11408,11474,11406,11405],"features":[],"class_list":{"0":"post-50080","1":"page","2":"type-page","3":"status-publish","4":"has-post-thumbnail","6":"category-programmi-grafica-design-cat","7":"tag-cloud","8":"tag-piattaforma-grafica-design","9":"tag-programma-grafica-design","10":"tag-sketch","11":"tag-software-grafica-design","12":"tag-soluzione-grafica-design"},"wppr_data":{"cwp_meta_box_check":"No"},"acf":[],"yoast_head":"<!-- This site is optimized with the Yoast SEO plugin v27.4 - https:\/\/yoast.com\/product\/yoast-seo-wordpress\/ -->\n<title>Sketch: recensione software grafica design - Accurate Reviews<\/title>\n<meta name=\"description\" content=\"Sketch: recensione soluzione grafica design\u00a0in cui le organizzazioni creano icone, personalizzano la topografia o il carattere dei progetti.\" \/>\n<meta name=\"robots\" content=\"index, follow, max-snippet:-1, max-image-preview:large, max-video-preview:-1\" \/>\n<link rel=\"canonical\" href=\"https:\/\/www.accuratereviews.com\/it\/programmi-grafica-design\/sketch-recensione\/\" \/>\n<meta property=\"og:locale\" content=\"it_IT\" \/>\n<meta property=\"og:type\" content=\"article\" \/>\n<meta property=\"og:title\" content=\"Sketch: recensione software grafica design - Accurate Reviews\" \/>\n<meta property=\"og:description\" content=\"Sketch: recensione soluzione grafica design\u00a0in cui le organizzazioni creano icone, personalizzano la topografia o il carattere dei progetti.\" \/>\n<meta property=\"og:url\" content=\"https:\/\/www.accuratereviews.com\/it\/programmi-grafica-design\/sketch-recensione\/\" \/>\n<meta property=\"og:site_name\" content=\"Accurate Reviews\" \/>\n<meta property=\"article:modified_time\" content=\"2021-11-17T21:58:09+00:00\" \/>\n<meta property=\"og:image\" content=\"https:\/\/www.accuratereviews.com\/wp-content\/uploads\/2021\/11\/Sketch.png\" \/>\n\t<meta property=\"og:image:width\" content=\"225\" \/>\n\t<meta property=\"og:image:height\" content=\"225\" \/>\n\t<meta property=\"og:image:type\" content=\"image\/png\" \/>\n<meta name=\"twitter:card\" content=\"summary_large_image\" \/>\n<meta name=\"twitter:label1\" content=\"Tempo di lettura stimato\" \/>\n\t<meta name=\"twitter:data1\" content=\"4 minuti\" \/>\n<script type=\"application\/ld+json\" class=\"yoast-schema-graph\">{\"@context\":\"https:\\\/\\\/schema.org\",\"@graph\":[{\"@type\":\"WebPage\",\"@id\":\"https:\\\/\\\/www.accuratereviews.com\\\/it\\\/programmi-grafica-design\\\/sketch-recensione\\\/\",\"url\":\"https:\\\/\\\/www.accuratereviews.com\\\/it\\\/programmi-grafica-design\\\/sketch-recensione\\\/\",\"name\":\"Sketch: recensione software grafica design - Accurate Reviews\",\"isPartOf\":{\"@id\":\"https:\\\/\\\/www.accuratereviews.com\\\/it\\\/#website\"},\"primaryImageOfPage\":{\"@id\":\"https:\\\/\\\/www.accuratereviews.com\\\/it\\\/programmi-grafica-design\\\/sketch-recensione\\\/#primaryimage\"},\"image\":{\"@id\":\"https:\\\/\\\/www.accuratereviews.com\\\/it\\\/programmi-grafica-design\\\/sketch-recensione\\\/#primaryimage\"},\"thumbnailUrl\":\"https:\\\/\\\/www.accuratereviews.com\\\/wp-content\\\/uploads\\\/2021\\\/11\\\/Sketch.png\",\"datePublished\":\"2021-11-17T11:49:08+00:00\",\"dateModified\":\"2021-11-17T21:58:09+00:00\",\"description\":\"Sketch: recensione soluzione grafica design\u00a0in cui le organizzazioni creano icone, personalizzano la topografia o il carattere dei progetti.\",\"breadcrumb\":{\"@id\":\"https:\\\/\\\/www.accuratereviews.com\\\/it\\\/programmi-grafica-design\\\/sketch-recensione\\\/#breadcrumb\"},\"inLanguage\":\"it-IT\",\"potentialAction\":[{\"@type\":\"ReadAction\",\"target\":[\"https:\\\/\\\/www.accuratereviews.com\\\/it\\\/programmi-grafica-design\\\/sketch-recensione\\\/\"]}]},{\"@type\":\"ImageObject\",\"inLanguage\":\"it-IT\",\"@id\":\"https:\\\/\\\/www.accuratereviews.com\\\/it\\\/programmi-grafica-design\\\/sketch-recensione\\\/#primaryimage\",\"url\":\"https:\\\/\\\/www.accuratereviews.com\\\/wp-content\\\/uploads\\\/2021\\\/11\\\/Sketch.png\",\"contentUrl\":\"https:\\\/\\\/www.accuratereviews.com\\\/wp-content\\\/uploads\\\/2021\\\/11\\\/Sketch.png\",\"width\":225,\"height\":225},{\"@type\":\"BreadcrumbList\",\"@id\":\"https:\\\/\\\/www.accuratereviews.com\\\/it\\\/programmi-grafica-design\\\/sketch-recensione\\\/#breadcrumb\",\"itemListElement\":[{\"@type\":\"ListItem\",\"position\":1,\"name\":\"Home\",\"item\":\"https:\\\/\\\/www.accuratereviews.com\\\/it\\\/\"},{\"@type\":\"ListItem\",\"position\":2,\"name\":\"Programmi grafica design\",\"item\":\"https:\\\/\\\/www.accuratereviews.com\\\/it\\\/programmi-grafica-design\\\/\"},{\"@type\":\"ListItem\",\"position\":3,\"name\":\"Sketch\"}]},{\"@type\":\"WebSite\",\"@id\":\"https:\\\/\\\/www.accuratereviews.com\\\/it\\\/#website\",\"url\":\"https:\\\/\\\/www.accuratereviews.com\\\/it\\\/\",\"name\":\"Accurate Reviews\",\"description\":\"\",\"potentialAction\":[{\"@type\":\"SearchAction\",\"target\":{\"@type\":\"EntryPoint\",\"urlTemplate\":\"https:\\\/\\\/www.accuratereviews.com\\\/it\\\/?s={search_term_string}\"},\"query-input\":{\"@type\":\"PropertyValueSpecification\",\"valueRequired\":true,\"valueName\":\"search_term_string\"}}],\"inLanguage\":\"it-IT\"}]}<\/script>\n<!-- \/ Yoast SEO plugin. -->","yoast_head_json":{"title":"Sketch: recensione software grafica design - Accurate Reviews","description":"Sketch: recensione soluzione grafica design\u00a0in cui le organizzazioni creano icone, personalizzano la topografia o il carattere dei progetti.","robots":{"index":"index","follow":"follow","max-snippet":"max-snippet:-1","max-image-preview":"max-image-preview:large","max-video-preview":"max-video-preview:-1"},"canonical":"https:\/\/www.accuratereviews.com\/it\/programmi-grafica-design\/sketch-recensione\/","og_locale":"it_IT","og_type":"article","og_title":"Sketch: recensione software grafica design - Accurate Reviews","og_description":"Sketch: recensione soluzione grafica design\u00a0in cui le organizzazioni creano icone, personalizzano la topografia o il carattere dei progetti.","og_url":"https:\/\/www.accuratereviews.com\/it\/programmi-grafica-design\/sketch-recensione\/","og_site_name":"Accurate Reviews","article_modified_time":"2021-11-17T21:58:09+00:00","og_image":[{"width":225,"height":225,"url":"https:\/\/www.accuratereviews.com\/wp-content\/uploads\/2021\/11\/Sketch.png","type":"image\/png"}],"twitter_card":"summary_large_image","twitter_misc":{"Tempo di lettura stimato":"4 minuti"},"schema":{"@context":"https:\/\/schema.org","@graph":[{"@type":"WebPage","@id":"https:\/\/www.accuratereviews.com\/it\/programmi-grafica-design\/sketch-recensione\/","url":"https:\/\/www.accuratereviews.com\/it\/programmi-grafica-design\/sketch-recensione\/","name":"Sketch: recensione software grafica design - Accurate Reviews","isPartOf":{"@id":"https:\/\/www.accuratereviews.com\/it\/#website"},"primaryImageOfPage":{"@id":"https:\/\/www.accuratereviews.com\/it\/programmi-grafica-design\/sketch-recensione\/#primaryimage"},"image":{"@id":"https:\/\/www.accuratereviews.com\/it\/programmi-grafica-design\/sketch-recensione\/#primaryimage"},"thumbnailUrl":"https:\/\/www.accuratereviews.com\/wp-content\/uploads\/2021\/11\/Sketch.png","datePublished":"2021-11-17T11:49:08+00:00","dateModified":"2021-11-17T21:58:09+00:00","description":"Sketch: recensione soluzione grafica design\u00a0in cui le organizzazioni creano icone, personalizzano la topografia o il carattere dei progetti.","breadcrumb":{"@id":"https:\/\/www.accuratereviews.com\/it\/programmi-grafica-design\/sketch-recensione\/#breadcrumb"},"inLanguage":"it-IT","potentialAction":[{"@type":"ReadAction","target":["https:\/\/www.accuratereviews.com\/it\/programmi-grafica-design\/sketch-recensione\/"]}]},{"@type":"ImageObject","inLanguage":"it-IT","@id":"https:\/\/www.accuratereviews.com\/it\/programmi-grafica-design\/sketch-recensione\/#primaryimage","url":"https:\/\/www.accuratereviews.com\/wp-content\/uploads\/2021\/11\/Sketch.png","contentUrl":"https:\/\/www.accuratereviews.com\/wp-content\/uploads\/2021\/11\/Sketch.png","width":225,"height":225},{"@type":"BreadcrumbList","@id":"https:\/\/www.accuratereviews.com\/it\/programmi-grafica-design\/sketch-recensione\/#breadcrumb","itemListElement":[{"@type":"ListItem","position":1,"name":"Home","item":"https:\/\/www.accuratereviews.com\/it\/"},{"@type":"ListItem","position":2,"name":"Programmi grafica design","item":"https:\/\/www.accuratereviews.com\/it\/programmi-grafica-design\/"},{"@type":"ListItem","position":3,"name":"Sketch"}]},{"@type":"WebSite","@id":"https:\/\/www.accuratereviews.com\/it\/#website","url":"https:\/\/www.accuratereviews.com\/it\/","name":"Accurate Reviews","description":"","potentialAction":[{"@type":"SearchAction","target":{"@type":"EntryPoint","urlTemplate":"https:\/\/www.accuratereviews.com\/it\/?s={search_term_string}"},"query-input":{"@type":"PropertyValueSpecification","valueRequired":true,"valueName":"search_term_string"}}],"inLanguage":"it-IT"}]}},"_links":{"self":[{"href":"https:\/\/www.accuratereviews.com\/it\/wp-json\/wp\/v2\/pages\/50080","targetHints":{"allow":["GET"]}}],"collection":[{"href":"https:\/\/www.accuratereviews.com\/it\/wp-json\/wp\/v2\/pages"}],"about":[{"href":"https:\/\/www.accuratereviews.com\/it\/wp-json\/wp\/v2\/types\/page"}],"author":[{"embeddable":true,"href":"https:\/\/www.accuratereviews.com\/it\/wp-json\/wp\/v2\/users\/16"}],"replies":[{"embeddable":true,"href":"https:\/\/www.accuratereviews.com\/it\/wp-json\/wp\/v2\/comments?post=50080"}],"version-history":[{"count":9,"href":"https:\/\/www.accuratereviews.com\/it\/wp-json\/wp\/v2\/pages\/50080\/revisions"}],"predecessor-version":[{"id":50142,"href":"https:\/\/www.accuratereviews.com\/it\/wp-json\/wp\/v2\/pages\/50080\/revisions\/50142"}],"up":[{"embeddable":true,"href":"https:\/\/www.accuratereviews.com\/it\/wp-json\/wp\/v2\/pages\/49827"}],"wp:featuredmedia":[{"embeddable":true,"href":"https:\/\/www.accuratereviews.com\/it\/wp-json\/wp\/v2\/media\/50081"}],"wp:attachment":[{"href":"https:\/\/www.accuratereviews.com\/it\/wp-json\/wp\/v2\/media?parent=50080"}],"wp:term":[{"taxonomy":"category","embeddable":true,"href":"https:\/\/www.accuratereviews.com\/it\/wp-json\/wp\/v2\/categories?post=50080"},{"taxonomy":"post_tag","embeddable":true,"href":"https:\/\/www.accuratereviews.com\/it\/wp-json\/wp\/v2\/tags?post=50080"},{"taxonomy":"features","embeddable":true,"href":"https:\/\/www.accuratereviews.com\/it\/wp-json\/wp\/v2\/features?post=50080"}],"curies":[{"name":"wp","href":"https:\/\/api.w.org\/{rel}","templated":true}]}}