{"id":50087,"date":"2021-11-17T11:52:46","date_gmt":"2021-11-17T11:52:46","guid":{"rendered":"https:\/\/www.accuratereviews.com\/?page_id=50087"},"modified":"2021-11-17T11:52:46","modified_gmt":"2021-11-17T11:52:46","slug":"visme-recensione","status":"publish","type":"page","link":"https:\/\/www.accuratereviews.com\/it\/programmi-grafica-design\/visme-recensione\/","title":{"rendered":"Visme"},"content":{"rendered":"<p><strong>Visme<\/strong> \u00e8 uno <strong>strumento di visualizzazione dei dati<\/strong> basato sul web che aiuta professionisti o team a tradurre i dati in contenuti accattivanti sotto forma di presentazioni e infografiche. La soluzione \u00e8 utilizzata a livello globale da vari tipi di utenti. \u00c8 possibile accedere alla soluzione utilizzando qualsiasi dispositivo. Consente alle organizzazioni di creare e presentare contenuti relativi a progetti, iniziative e programmi sia in modalit\u00e0 online che offline. Il software offre il controllo sulle impostazioni di pubblicazione e visualizzazione e consente ai relatori di impostare intervalli di tempo per far avanzare automaticamente le diapositive. La funzione di analisi di <strong>Visme<\/strong> aiuta a tenere traccia del numero di visitatori che visualizzano il contenuto e il tempo medio trascorso da ciascun visitatore. Offre presentazioni personalizzabili e modelli di infografica che possono essere modificati dai professionisti del marketing per aggiungere video, audio o registrare la voce all&#8217;interno dell&#8217;editor stesso.<\/p>\n<h2>VISME &#8211; TUTORIAL<\/h2>\n<p>Per saperne di pi\u00f9 su come creare un manuale di formazione efficace esu come crearne uno con questo <strong>software per grafica design<\/strong>, ecco un tutorial:<\/p>\n<div id=\"fluid-wrapper-counter-1\" class=\"g1-fluid-wrapper \" style=\"width:686px;\">\n<div style=\"padding-bottom:56.268221574344%;\"><iframe loading=\"lazy\" title=\"How to Make a Training Manual for Your Team\" width=\"686\" height=\"386\" src=\"https:\/\/www.youtube.com\/embed\/AM7sS_LmIII?feature=oembed&amp;wmode=transparent&amp;autohide=1&amp;autoplay=0&amp;disablekb=0&amp;fs=1&amp;loop=0&amp;enablejsapi=1&amp;rel=0&amp;controls=2&amp;showinfo=0&amp;wmode=transparent&amp;autohide=2&amp;autoplay=0&amp;disablekb=0&amp;fs=1&amp;loop=0&amp;enablejsapi=1&amp;rel=0&amp;controls=2&amp;showinfo=1\" frameborder=\"0\" allow=\"accelerometer; autoplay; clipboard-write; encrypted-media; gyroscope; picture-in-picture\" allowfullscreen><\/iframe><\/div>\n<\/div>\n<h3>VISME &#8211; CARATTERISTICHE<\/h3>\n<ul>\n<li>Scegli tra bellissimi modelli di presentazione personalizzati di qualit\u00e0 HD in stili di tendenza<\/li>\n<li>Crea la tua presentazione personalizzata da zero con l&#8217;interfaccia drag-and-drop<\/li>\n<li>Importa e modifica le tue presentazioni PowerPoint online dal tuo browser web<\/li>\n<li>Registra lo schermo, l&#8217;audio e il video o spegni la fotocamera per una presentazione solo audio<\/li>\n<li>Oltre 1,5 milioni di immagini stock ad alta risoluzione, migliaia di icone vettoriali e oltre 125 caratteri<\/li>\n<li>Visualizza i dati con pi\u00f9 di 50 grafici, strumenti di visualizzazione dei dati e potenti mappe<\/li>\n<li>Tabelle, diagrammi e diagrammi di flusso per creare processi e flussi di lavoro<\/li>\n<li>Porta l&#8217;interazione umana nelle tue infografiche con gesti e personaggi<\/li>\n<li>Inserisci illustrazioni completamente animate per aggiungere vita alle tue infografiche<\/li>\n<li>Incorpora mappe da Google o Bing, incorpora documenti o moduli<\/li>\n<li>Accedi a integrazioni di terze parti che aiutano i non designer a creare bellissimi contenuti visivi<\/li>\n<li>Inserisci clip audio o video in un paio di clic<\/li>\n<li>Migliaia di bellissime icone vettoriali e grafiche con la possibilit\u00e0 di personalizzare i colori<\/li>\n<li>Widget di dati drag-and-drop facili da usare<\/li>\n<li>Inserisci tabelle personalizzate nei documenti, video e persino audio nei tuoi rapporti<\/li>\n<li>Incorpora contenuti esterni come moduli, sondaggi e mappe.<\/li>\n<\/ul>\n<h4>LE RECENSIONI DEGLI UTENTI<\/h4>\n<p class=\"font-weight-bold mb-2\"><strong>Nelson G.&#8221;Crea facilmente contenuti accattivanti&#8221;<\/strong><\/p>\n<p><span class=\"font-weight-bold\"><strong>Commenti<\/strong>: h<\/span>o usato Visme in quattro diverse aziende a questo punto e ho consigliato il prodotto a innumerevoli altri. Essendo una persona che non ha esperienza di marketing, mi sento come se mi offrisse l&#8217;opportunit\u00e0 di parlare della nostra offerta in modi che normalmente richiederebbero un professionista del design grafico. Avere almeno una licenza per la tua azienda o organizzazione \u00e8 un gioco da ragazzi.<\/p>\n<p class=\"font-weight-bold mb-2\"><strong>Pro<\/strong>: sono stato in grado di creare contenuti per la nostra attivit\u00e0 in pochi minuti dall&#8217;utilizzo di Visme. Ottimo per qualsiasi azienda che sta cercando di raccontare una storia sui propri prodotti o servizi.<\/p>\n<p class=\"font-weight-bold mb-2\"><strong>Contro<\/strong>: mi piacerebbe vedere pi\u00f9 icone animate, penso che sia un punto di svolta per le persone che incorporano video\/gif nella loro strategia sui social media.<\/p>\n<p class=\"font-weight-bold mb-2\"><strong>Xorla A.&#8221;Strumento di creazione grafica molto capace&#8221;<\/strong><\/p>\n<p><span class=\"font-weight-bold\"><strong>Commenti<\/strong>: <\/span>Visme \u00e8 stato una costante in tutte le nostre campagne di marketing da quando l&#8217;abbiamo scoperto. \u00c8 stato particolarmente utile per creare contenuti accattivanti e output di dati per le nostre presentazioni. E circa il 40% di tutti i contenuti che abbiamo utilizzato durante lo sviluppo del nostro nuovo sito Web \u00e8 stato creato con Visme &#8212; e questa \u00e8 stata una delle cose pi\u00f9 utili di Visme, la sua versatilit\u00e0.<\/p>\n<p class=\"font-weight-bold mb-2\"><strong>Pro<\/strong>: visme \u00e8 ricco di una libreria estremamente utile con una tonnellata di fantastici contenuti stock e modelli che adatto facilmente per la maggior parte dei miei progetti. Inoltre, l&#8217;interfaccia utente \u00e8 molto user-friendly, non richiedendo troppo tempo agli utenti per la prima volta per conoscere la loro strada e acquisire familiarit\u00e0 con le funzionalit\u00e0.<\/p>\n<p class=\"font-weight-bold mb-2\"><strong>Contro<\/strong>: dovrebbe esserci maggiore flessibilit\u00e0 nell&#8217;alterare e modificare le forme e le dimensioni degli oggetti senza dover lavorare sempre entro proporzioni preimpostate.<\/p>\n<p class=\"font-weight-bold mb-2\"><strong>Joshua M.&#8221;Un nuovo approccio alla presentazione nell&#8217;istruzione&#8221;<\/strong><\/p>\n<p><span class=\"font-weight-bold\"><strong>Commenti<\/strong>: <\/span>Visme \u00e8 un ottimo prodotto che continuer\u00f2 a utilizzare nelle mie classi!<\/p>\n<p class=\"font-weight-bold mb-2\"><strong>Pro<\/strong>:\u00a0Mi piace che le funzionalit\u00e0 di Visme siano nitide e chiare e forniscano una gradita alternativa ad altre scelte di software di presentazione. I miei studenti adorano l&#8217;aspetto dello schermo e notano la differenza rispetto ad altre piattaforme utilizzate da altri istruttori.<\/p>\n<p class=\"font-weight-bold mb-2\"><strong>Contro<\/strong>:\u00a0A volte pu\u00f2 diventare frustrante che la formattazione all&#8217;interno delle caselle di testo venga alterata inaspettatamente.<\/p>\n","protected":false},"excerpt":{"rendered":"<p>Visme \u00e8 uno strumento di visualizzazione dei dati basato sul web che aiuta professionisti o team a tradurre i dati in contenuti accattivanti sotto forma di presentazioni e infografiche. La soluzione \u00e8 utilizzata a livello globale da vari tipi di utenti. \u00c8 possibile accedere alla soluzione utilizzando qualsiasi dispositivo.<\/p>\n","protected":false},"author":16,"featured_media":50088,"parent":49827,"menu_order":0,"comment_status":"open","ping_status":"closed","template":"g1_template_page_review_new.php","meta":{"_acf_changed":false,"cwp_meta_box_check":"No","cwp_rev_product_name":"","cwp_rev_product_image":"","wppr_links":[],"cwp_rev_price":"","wppr_options":[],"wppr_pros":[],"wppr_cons":[],"_monsterinsights_skip_tracking":false,"_monsterinsights_sitenote_active":false,"_monsterinsights_sitenote_note":"","_monsterinsights_sitenote_category":0,"footnotes":""},"categories":[11404],"tags":[11452,11449,11451,11450,11473],"features":[],"class_list":{"0":"post-50087","1":"page","2":"type-page","3":"status-publish","4":"has-post-thumbnail","6":"category-programmi-grafica-design-cat","7":"tag-piattaforma-per-grafica-design","8":"tag-programma-per-grafica-design","9":"tag-software-per-grafica-design","10":"tag-soluzione-per-grafica-design","11":"tag-visme"},"wppr_data":{"cwp_meta_box_check":"No"},"acf":[],"yoast_head":"<!-- This site is optimized with the Yoast SEO plugin v27.4 - https:\/\/yoast.com\/product\/yoast-seo-wordpress\/ -->\n<title>Visme: recensione software grafica design - Accurate Reviews<\/title>\n<meta name=\"description\" content=\"Visme: recensione strumento di visualizzazione dei dati basato sul web che aiuta professionisti a tradurre i dati in contenuti accattivanti.\" \/>\n<meta name=\"robots\" content=\"index, follow, max-snippet:-1, max-image-preview:large, max-video-preview:-1\" \/>\n<link rel=\"canonical\" href=\"https:\/\/www.accuratereviews.com\/it\/programmi-grafica-design\/visme-recensione\/\" \/>\n<meta property=\"og:locale\" content=\"it_IT\" \/>\n<meta property=\"og:type\" content=\"article\" \/>\n<meta property=\"og:title\" content=\"Visme: recensione software grafica design - Accurate Reviews\" \/>\n<meta property=\"og:description\" content=\"Visme: recensione strumento di visualizzazione dei dati basato sul web che aiuta professionisti a tradurre i dati in contenuti accattivanti.\" \/>\n<meta property=\"og:url\" content=\"https:\/\/www.accuratereviews.com\/it\/programmi-grafica-design\/visme-recensione\/\" \/>\n<meta property=\"og:site_name\" content=\"Accurate Reviews\" \/>\n<meta property=\"og:image\" content=\"https:\/\/www.accuratereviews.com\/wp-content\/uploads\/2021\/11\/visme_logo.png\" \/>\n\t<meta property=\"og:image:width\" content=\"252\" \/>\n\t<meta property=\"og:image:height\" content=\"252\" \/>\n\t<meta property=\"og:image:type\" content=\"image\/png\" \/>\n<meta name=\"twitter:card\" content=\"summary_large_image\" \/>\n<meta name=\"twitter:label1\" content=\"Tempo di lettura stimato\" \/>\n\t<meta name=\"twitter:data1\" content=\"4 minuti\" \/>\n<script type=\"application\/ld+json\" class=\"yoast-schema-graph\">{\"@context\":\"https:\\\/\\\/schema.org\",\"@graph\":[{\"@type\":\"WebPage\",\"@id\":\"https:\\\/\\\/www.accuratereviews.com\\\/it\\\/programmi-grafica-design\\\/visme-recensione\\\/\",\"url\":\"https:\\\/\\\/www.accuratereviews.com\\\/it\\\/programmi-grafica-design\\\/visme-recensione\\\/\",\"name\":\"Visme: recensione software grafica design - Accurate Reviews\",\"isPartOf\":{\"@id\":\"https:\\\/\\\/www.accuratereviews.com\\\/it\\\/#website\"},\"primaryImageOfPage\":{\"@id\":\"https:\\\/\\\/www.accuratereviews.com\\\/it\\\/programmi-grafica-design\\\/visme-recensione\\\/#primaryimage\"},\"image\":{\"@id\":\"https:\\\/\\\/www.accuratereviews.com\\\/it\\\/programmi-grafica-design\\\/visme-recensione\\\/#primaryimage\"},\"thumbnailUrl\":\"https:\\\/\\\/www.accuratereviews.com\\\/wp-content\\\/uploads\\\/2021\\\/11\\\/visme_logo.png\",\"datePublished\":\"2021-11-17T11:52:46+00:00\",\"description\":\"Visme: recensione strumento di visualizzazione dei dati basato sul web che aiuta professionisti a tradurre i dati in contenuti accattivanti.\",\"breadcrumb\":{\"@id\":\"https:\\\/\\\/www.accuratereviews.com\\\/it\\\/programmi-grafica-design\\\/visme-recensione\\\/#breadcrumb\"},\"inLanguage\":\"it-IT\",\"potentialAction\":[{\"@type\":\"ReadAction\",\"target\":[\"https:\\\/\\\/www.accuratereviews.com\\\/it\\\/programmi-grafica-design\\\/visme-recensione\\\/\"]}]},{\"@type\":\"ImageObject\",\"inLanguage\":\"it-IT\",\"@id\":\"https:\\\/\\\/www.accuratereviews.com\\\/it\\\/programmi-grafica-design\\\/visme-recensione\\\/#primaryimage\",\"url\":\"https:\\\/\\\/www.accuratereviews.com\\\/wp-content\\\/uploads\\\/2021\\\/11\\\/visme_logo.png\",\"contentUrl\":\"https:\\\/\\\/www.accuratereviews.com\\\/wp-content\\\/uploads\\\/2021\\\/11\\\/visme_logo.png\",\"width\":252,\"height\":252},{\"@type\":\"BreadcrumbList\",\"@id\":\"https:\\\/\\\/www.accuratereviews.com\\\/it\\\/programmi-grafica-design\\\/visme-recensione\\\/#breadcrumb\",\"itemListElement\":[{\"@type\":\"ListItem\",\"position\":1,\"name\":\"Home\",\"item\":\"https:\\\/\\\/www.accuratereviews.com\\\/it\\\/\"},{\"@type\":\"ListItem\",\"position\":2,\"name\":\"Programmi grafica design\",\"item\":\"https:\\\/\\\/www.accuratereviews.com\\\/it\\\/programmi-grafica-design\\\/\"},{\"@type\":\"ListItem\",\"position\":3,\"name\":\"Visme\"}]},{\"@type\":\"WebSite\",\"@id\":\"https:\\\/\\\/www.accuratereviews.com\\\/it\\\/#website\",\"url\":\"https:\\\/\\\/www.accuratereviews.com\\\/it\\\/\",\"name\":\"Accurate Reviews\",\"description\":\"\",\"potentialAction\":[{\"@type\":\"SearchAction\",\"target\":{\"@type\":\"EntryPoint\",\"urlTemplate\":\"https:\\\/\\\/www.accuratereviews.com\\\/it\\\/?s={search_term_string}\"},\"query-input\":{\"@type\":\"PropertyValueSpecification\",\"valueRequired\":true,\"valueName\":\"search_term_string\"}}],\"inLanguage\":\"it-IT\"}]}<\/script>\n<!-- \/ Yoast SEO plugin. -->","yoast_head_json":{"title":"Visme: recensione software grafica design - Accurate Reviews","description":"Visme: recensione strumento di visualizzazione dei dati basato sul web che aiuta professionisti a tradurre i dati in contenuti accattivanti.","robots":{"index":"index","follow":"follow","max-snippet":"max-snippet:-1","max-image-preview":"max-image-preview:large","max-video-preview":"max-video-preview:-1"},"canonical":"https:\/\/www.accuratereviews.com\/it\/programmi-grafica-design\/visme-recensione\/","og_locale":"it_IT","og_type":"article","og_title":"Visme: recensione software grafica design - Accurate Reviews","og_description":"Visme: recensione strumento di visualizzazione dei dati basato sul web che aiuta professionisti a tradurre i dati in contenuti accattivanti.","og_url":"https:\/\/www.accuratereviews.com\/it\/programmi-grafica-design\/visme-recensione\/","og_site_name":"Accurate Reviews","og_image":[{"width":252,"height":252,"url":"https:\/\/www.accuratereviews.com\/wp-content\/uploads\/2021\/11\/visme_logo.png","type":"image\/png"}],"twitter_card":"summary_large_image","twitter_misc":{"Tempo di lettura stimato":"4 minuti"},"schema":{"@context":"https:\/\/schema.org","@graph":[{"@type":"WebPage","@id":"https:\/\/www.accuratereviews.com\/it\/programmi-grafica-design\/visme-recensione\/","url":"https:\/\/www.accuratereviews.com\/it\/programmi-grafica-design\/visme-recensione\/","name":"Visme: recensione software grafica design - Accurate Reviews","isPartOf":{"@id":"https:\/\/www.accuratereviews.com\/it\/#website"},"primaryImageOfPage":{"@id":"https:\/\/www.accuratereviews.com\/it\/programmi-grafica-design\/visme-recensione\/#primaryimage"},"image":{"@id":"https:\/\/www.accuratereviews.com\/it\/programmi-grafica-design\/visme-recensione\/#primaryimage"},"thumbnailUrl":"https:\/\/www.accuratereviews.com\/wp-content\/uploads\/2021\/11\/visme_logo.png","datePublished":"2021-11-17T11:52:46+00:00","description":"Visme: recensione strumento di visualizzazione dei dati basato sul web che aiuta professionisti a tradurre i dati in contenuti accattivanti.","breadcrumb":{"@id":"https:\/\/www.accuratereviews.com\/it\/programmi-grafica-design\/visme-recensione\/#breadcrumb"},"inLanguage":"it-IT","potentialAction":[{"@type":"ReadAction","target":["https:\/\/www.accuratereviews.com\/it\/programmi-grafica-design\/visme-recensione\/"]}]},{"@type":"ImageObject","inLanguage":"it-IT","@id":"https:\/\/www.accuratereviews.com\/it\/programmi-grafica-design\/visme-recensione\/#primaryimage","url":"https:\/\/www.accuratereviews.com\/wp-content\/uploads\/2021\/11\/visme_logo.png","contentUrl":"https:\/\/www.accuratereviews.com\/wp-content\/uploads\/2021\/11\/visme_logo.png","width":252,"height":252},{"@type":"BreadcrumbList","@id":"https:\/\/www.accuratereviews.com\/it\/programmi-grafica-design\/visme-recensione\/#breadcrumb","itemListElement":[{"@type":"ListItem","position":1,"name":"Home","item":"https:\/\/www.accuratereviews.com\/it\/"},{"@type":"ListItem","position":2,"name":"Programmi grafica design","item":"https:\/\/www.accuratereviews.com\/it\/programmi-grafica-design\/"},{"@type":"ListItem","position":3,"name":"Visme"}]},{"@type":"WebSite","@id":"https:\/\/www.accuratereviews.com\/it\/#website","url":"https:\/\/www.accuratereviews.com\/it\/","name":"Accurate Reviews","description":"","potentialAction":[{"@type":"SearchAction","target":{"@type":"EntryPoint","urlTemplate":"https:\/\/www.accuratereviews.com\/it\/?s={search_term_string}"},"query-input":{"@type":"PropertyValueSpecification","valueRequired":true,"valueName":"search_term_string"}}],"inLanguage":"it-IT"}]}},"_links":{"self":[{"href":"https:\/\/www.accuratereviews.com\/it\/wp-json\/wp\/v2\/pages\/50087","targetHints":{"allow":["GET"]}}],"collection":[{"href":"https:\/\/www.accuratereviews.com\/it\/wp-json\/wp\/v2\/pages"}],"about":[{"href":"https:\/\/www.accuratereviews.com\/it\/wp-json\/wp\/v2\/types\/page"}],"author":[{"embeddable":true,"href":"https:\/\/www.accuratereviews.com\/it\/wp-json\/wp\/v2\/users\/16"}],"replies":[{"embeddable":true,"href":"https:\/\/www.accuratereviews.com\/it\/wp-json\/wp\/v2\/comments?post=50087"}],"version-history":[{"count":9,"href":"https:\/\/www.accuratereviews.com\/it\/wp-json\/wp\/v2\/pages\/50087\/revisions"}],"predecessor-version":[{"id":50111,"href":"https:\/\/www.accuratereviews.com\/it\/wp-json\/wp\/v2\/pages\/50087\/revisions\/50111"}],"up":[{"embeddable":true,"href":"https:\/\/www.accuratereviews.com\/it\/wp-json\/wp\/v2\/pages\/49827"}],"wp:featuredmedia":[{"embeddable":true,"href":"https:\/\/www.accuratereviews.com\/it\/wp-json\/wp\/v2\/media\/50088"}],"wp:attachment":[{"href":"https:\/\/www.accuratereviews.com\/it\/wp-json\/wp\/v2\/media?parent=50087"}],"wp:term":[{"taxonomy":"category","embeddable":true,"href":"https:\/\/www.accuratereviews.com\/it\/wp-json\/wp\/v2\/categories?post=50087"},{"taxonomy":"post_tag","embeddable":true,"href":"https:\/\/www.accuratereviews.com\/it\/wp-json\/wp\/v2\/tags?post=50087"},{"taxonomy":"features","embeddable":true,"href":"https:\/\/www.accuratereviews.com\/it\/wp-json\/wp\/v2\/features?post=50087"}],"curies":[{"name":"wp","href":"https:\/\/api.w.org\/{rel}","templated":true}]}}