{"id":50146,"date":"2021-11-26T08:39:03","date_gmt":"2021-11-26T08:39:03","guid":{"rendered":"https:\/\/www.accuratereviews.com\/?page_id=50146"},"modified":"2021-11-28T07:36:42","modified_gmt":"2021-11-28T07:36:42","slug":"sellzone-recensione","status":"publish","type":"page","link":"https:\/\/www.accuratereviews.com\/it\/strumenti-seo-lista-software\/sellzone-recensione\/","title":{"rendered":"Sellzone"},"content":{"rendered":"<p><strong>Sellzone<\/strong> \u00e8 uno strumento di<strong> marketing multifunzionale<\/strong> per <strong>Amazon<\/strong>\u00a0sviluppato dall&#8217;azienda\u00a0<strong>Semrush<\/strong>, conosciuta da tutti per il <strong>software SEO per\u00a0<\/strong><b>eccellenza<\/b>. Utile, potente e robusto, offre una\u00a0miriade di dati per l&#8217;analisi comparativa delle inserzioni su Amazon, nonch\u00e9 importanti approfondimenti per crearne di vincenti.<br \/>\nSe vuoi diventare un venditore su questa piattaforma e vuoi migliorare e presentare i tuoi prodotti nella giusta maniera, devi sapere anche quali fattori influenzano l&#8217;algoritmo di ranking di Amazon.\u00a0La funzione di creazione di parole chiave ha un database di oltre 200 milioni di parole chiave per aiutare i venditori a identificare le <strong>keyword<\/strong> che possono aumentare la redditivit\u00e0 delle tue inserzioni. <strong>Listing Protection<\/strong> ti permette di tracciare tutte le principali modifiche alle inserzioni Amazon e al tuo ranking o a quello della concorrenza.\u00a0<strong>Traffic Insights<\/strong> offre l&#8217;analisi dei canali di traffico mostrando un rapporto completo composto da grafici e tabelle approfondite per confrontare gli elenchi inseriti.\u00a0Con questo strumento inoltre puoi monitorare l&#8217;andamento di ogni prodotto e scegliere le opzioni di marketing migliori.<\/p>\n<h2>SELLZONE &#8211; TUTORIAL<\/h2>\n<p>Il tutorial che segue mostra le principali caratteristiche di questo <strong>strumento SEO<\/strong>:<\/p>\n<div id=\"fluid-wrapper-counter-1\" class=\"g1-fluid-wrapper \" style=\"width:686px;\">\n<div style=\"padding-bottom:56.268221574344%;\"><iframe loading=\"lazy\" title=\"A quick overview of Sellzone kit\" width=\"686\" height=\"386\" src=\"https:\/\/www.youtube.com\/embed\/vw8EW-yupJA?feature=oembed&amp;wmode=transparent&amp;autohide=1&amp;autoplay=0&amp;disablekb=0&amp;fs=1&amp;loop=0&amp;enablejsapi=1&amp;rel=0&amp;controls=2&amp;showinfo=0&amp;wmode=transparent&amp;autohide=2&amp;autoplay=0&amp;disablekb=0&amp;fs=1&amp;loop=0&amp;enablejsapi=1&amp;rel=0&amp;controls=2&amp;showinfo=1\" frameborder=\"0\" allow=\"accelerometer; autoplay; clipboard-write; encrypted-media; gyroscope; picture-in-picture\" allowfullscreen><\/iframe><\/div>\n<\/div>\n<h3>SELLZONE &#8211; CARATTERISTICHE<\/h3>\n<p>Ecco i principali strumenti di questo programma:<\/p>\n<ul class=\"Apple-dash-list\">\n<li><b>Ottimizzatore PPC<\/b>: scegli il prodotto che vuoi pubblicizzare, imposta i dettagli della campagna in pochi clic e lascia che lo strumento faccia il resto. Esso scoprir\u00e0 e aggiunger\u00e0 automaticamente parole chiave rilevanti, rimuover\u00e0 quelle non performanti e creer\u00e0 i negativi. \u00c8 ottimo sia per venditori esperti che vogliono risparmiare\u00a0tempo e sfruttare al meglio gli investimenti pubblicitari che per i principianti alle prime armi nella vendita su Amazon che vogliono superare rapidamente la concorrenza<\/li>\n<li><b>Approfondimenti sul traffico<\/b>: analizza il traffico ASIN, confronta e ottimizza. Esamina i canali di traffico esterni e usa i dati per espandere il tuo pubblico e ottenere pi\u00f9 vendite. Impara le migliori pratiche dai tuoi concorrenti, analizza le strategie promozionali dei prodotti concorrenti, trova il modo migliore per aumentare la portata del tuo marchio al di fuori dell&#8217;ecosistema di Amazon<\/li>\n<li><b>Controllo della qualit\u00e0 delle inserzioni<\/b>: controlla le tue inserzioni e migliorale, scansionale alla ricerca di errori di contenuto e aumenta la visibilit\u00e0 dei prodotti e le conversioni. Valuta la qualit\u00e0 delle inserzioni dei tuoi concorrenti e controlla se stai seguendo tutte le raccomandazioni e le linee guida ufficiali per essere favorito da Amazon ed evitare la sospensione dell&#8217;inserzione<\/li>\n<li><b>Divisione dei testi<\/b>: ogni annuncio pu\u00f2 funzionare meglio. Massimizza le vendite dividendo il contenuto dell&#8217;annuncio. Prova diversi titoli, immagini, descrizioni e prezzi. Gestisci direttamente le tue inserzioni e applica qualsiasi modifica con un solo clic. Sperimenta per avere sempre le inserzioni pi\u00f9 performanti<\/li>\n<li><b>Ricerca sul prodotto<\/b>: con dati regolarmente aggiornati, puoi essere sicuro di scegliere il prodotto che attrae gli acquirenti in questo preciso momento. Utilizza comodi filtri per scoprire prodotti a bassa concorrenza e ad alta richiesta in una fascia di prezzo confortevole.\n<div>Invece, per determinare se un prodotto \u00e8 redditizio, puoi usare il calcolatore FBA, uno strumento davvero utile che calcola automaticamente le tue tariffe Amazon stimando quanto guadagni su ogni vendita. Oltre a questo, ti permette anche di accedere ad una previsione del numero di vendite per ogni prodotto al mese\u00a0cos\u00ec da avere un quadro ancora pi\u00f9 completo.<\/div>\n<\/li>\n<li><b>Mago delle parole chiave<\/b>: individua le ricerche di parole chiave pi\u00f9 popolari su Amazon. \u00c8 sufficiente inserire un termine di ricerca pertinente al tuo prodotto per trovare tonnellate di parole chiave ad alto potenziale rilevanti per il tuo negozio. Grazie ai filtri intelligenti, tutto quello che devi fare \u00e8 inserire una parola chiave per ottenere i migliori termini per il tuo prodotto in pochi istanti.\n<div>Un altro modo per trovare le parole \u00e8 sicuramente quello di &#8220;Search Terms&#8221;, un pulsante che attiva una procedura volta a raccogliere i termini di ricerca pi\u00f9 frequenti. Per salvare le parole, ti baster\u00e0 selezionarle e copiarle nei tuoi appunti. Ottimizza le tue inserzioni intorno alle parole chiave pi\u00f9 popolari che i tuoi clienti stanno effettivamente cercando grazie ai dati accurati del volume supportati da Semrush<\/div>\n<\/li>\n<li><b>Protezione degli annunci<\/b>: ottieni avvisi di hijacker e soppressione e agisci rapidamente. Imposta notifiche via email o sms per agire rapidamente dopo aver perso il controllo del tuo annuncio e minimizza il calo delle vendite. Tieni d&#8217;occhio le tue classifiche e fai crescere la visibilit\u00e0 del tuo prodotto nella ricerca Amazon. Monitora qualsiasi prodotto e annota tutti i cambiamenti di prezzo e di propriet\u00e0 dei buybox.<\/li>\n<\/ul>\n","protected":false},"excerpt":{"rendered":"<p>Sellzone \u00e8 uno strumento di marketing multifunzionale di Amazon\u00a0sviluppato dall&#8217;azienda Semrush, conosciuta da tutti per il software SEO per\u00a0eccellenza. Utile, potente e robusto, offre una\u00a0miriade di dati per l&#8217;analisi comparativa delle inserzioni su Amazon, nonch\u00e9 importanti approfondimenti per crearne di vincenti.<\/p>\n","protected":false},"author":16,"featured_media":50154,"parent":8849,"menu_order":0,"comment_status":"open","ping_status":"closed","template":"g1_template_page_review_new.php","meta":{"_acf_changed":false,"cwp_meta_box_check":"No","cwp_rev_product_name":"","cwp_rev_product_image":"","wppr_links":[],"cwp_rev_price":"","wppr_options":[],"wppr_pros":[],"wppr_cons":[],"_monsterinsights_skip_tracking":false,"_monsterinsights_sitenote_active":false,"_monsterinsights_sitenote_note":"","_monsterinsights_sitenote_category":0,"footnotes":""},"categories":[175],"tags":[874,11514,606,11486,11485,11487,1411,1417,885,11484],"features":[],"class_list":{"0":"post-50146","1":"page","2":"type-page","3":"status-publish","4":"has-post-thumbnail","6":"category-strumenti-seo-categoria","7":"tag-amazon","8":"tag-amazon-seo","9":"tag-keyword","10":"tag-marketing-multifunzionale","11":"tag-parole-chiave","12":"tag-sellzone","13":"tag-semrush","14":"tag-soluzione-seo","15":"tag-strumenti-seo","16":"tag-vendita-su-amazon"},"wppr_data":{"cwp_meta_box_check":"No"},"acf":[],"yoast_head":"<!-- This site is optimized with the Yoast SEO plugin v27.4 - https:\/\/yoast.com\/product\/yoast-seo-wordpress\/ -->\n<title>Sellzone: recensione strumenti SEO - Accurate Reviews<\/title>\n<meta name=\"description\" content=\"Sellzone: recensione strumento di marketing multifunzionale per Amazon sviluppato da Semrush, creatore del software SEO per\u00a0eccellenza..\" \/>\n<meta name=\"robots\" content=\"index, follow, max-snippet:-1, max-image-preview:large, max-video-preview:-1\" \/>\n<link rel=\"canonical\" href=\"https:\/\/www.accuratereviews.com\/it\/strumenti-seo-lista-software\/sellzone-recensione\/\" \/>\n<meta property=\"og:locale\" content=\"it_IT\" \/>\n<meta property=\"og:type\" content=\"article\" \/>\n<meta property=\"og:title\" content=\"Sellzone: recensione strumenti SEO - Accurate Reviews\" \/>\n<meta property=\"og:description\" content=\"Sellzone: recensione strumento di marketing multifunzionale per Amazon sviluppato da Semrush, creatore del software SEO per\u00a0eccellenza..\" \/>\n<meta property=\"og:url\" content=\"https:\/\/www.accuratereviews.com\/it\/strumenti-seo-lista-software\/sellzone-recensione\/\" \/>\n<meta property=\"og:site_name\" content=\"Accurate Reviews\" \/>\n<meta property=\"article:modified_time\" content=\"2021-11-28T07:36:42+00:00\" \/>\n<meta property=\"og:image\" content=\"https:\/\/www.accuratereviews.com\/wp-content\/uploads\/2021\/11\/sellzone-review-featured-1-768x432-1.png\" \/>\n\t<meta property=\"og:image:width\" content=\"768\" \/>\n\t<meta property=\"og:image:height\" content=\"432\" \/>\n\t<meta property=\"og:image:type\" content=\"image\/png\" \/>\n<meta name=\"twitter:card\" content=\"summary_large_image\" \/>\n<meta name=\"twitter:label1\" content=\"Tempo di lettura stimato\" \/>\n\t<meta name=\"twitter:data1\" content=\"4 minuti\" \/>\n<script type=\"application\/ld+json\" class=\"yoast-schema-graph\">{\"@context\":\"https:\\\/\\\/schema.org\",\"@graph\":[{\"@type\":\"WebPage\",\"@id\":\"https:\\\/\\\/www.accuratereviews.com\\\/it\\\/strumenti-seo-lista-software\\\/sellzone-recensione\\\/\",\"url\":\"https:\\\/\\\/www.accuratereviews.com\\\/it\\\/strumenti-seo-lista-software\\\/sellzone-recensione\\\/\",\"name\":\"Sellzone: recensione strumenti SEO - Accurate Reviews\",\"isPartOf\":{\"@id\":\"https:\\\/\\\/www.accuratereviews.com\\\/it\\\/#website\"},\"primaryImageOfPage\":{\"@id\":\"https:\\\/\\\/www.accuratereviews.com\\\/it\\\/strumenti-seo-lista-software\\\/sellzone-recensione\\\/#primaryimage\"},\"image\":{\"@id\":\"https:\\\/\\\/www.accuratereviews.com\\\/it\\\/strumenti-seo-lista-software\\\/sellzone-recensione\\\/#primaryimage\"},\"thumbnailUrl\":\"https:\\\/\\\/www.accuratereviews.com\\\/wp-content\\\/uploads\\\/2021\\\/11\\\/sellzone-review-featured-1-768x432-1.png\",\"datePublished\":\"2021-11-26T08:39:03+00:00\",\"dateModified\":\"2021-11-28T07:36:42+00:00\",\"description\":\"Sellzone: recensione strumento di marketing multifunzionale per Amazon sviluppato da Semrush, creatore del software SEO per\u00a0eccellenza..\",\"breadcrumb\":{\"@id\":\"https:\\\/\\\/www.accuratereviews.com\\\/it\\\/strumenti-seo-lista-software\\\/sellzone-recensione\\\/#breadcrumb\"},\"inLanguage\":\"it-IT\",\"potentialAction\":[{\"@type\":\"ReadAction\",\"target\":[\"https:\\\/\\\/www.accuratereviews.com\\\/it\\\/strumenti-seo-lista-software\\\/sellzone-recensione\\\/\"]}]},{\"@type\":\"ImageObject\",\"inLanguage\":\"it-IT\",\"@id\":\"https:\\\/\\\/www.accuratereviews.com\\\/it\\\/strumenti-seo-lista-software\\\/sellzone-recensione\\\/#primaryimage\",\"url\":\"https:\\\/\\\/www.accuratereviews.com\\\/wp-content\\\/uploads\\\/2021\\\/11\\\/sellzone-review-featured-1-768x432-1.png\",\"contentUrl\":\"https:\\\/\\\/www.accuratereviews.com\\\/wp-content\\\/uploads\\\/2021\\\/11\\\/sellzone-review-featured-1-768x432-1.png\",\"width\":768,\"height\":432},{\"@type\":\"BreadcrumbList\",\"@id\":\"https:\\\/\\\/www.accuratereviews.com\\\/it\\\/strumenti-seo-lista-software\\\/sellzone-recensione\\\/#breadcrumb\",\"itemListElement\":[{\"@type\":\"ListItem\",\"position\":1,\"name\":\"Home\",\"item\":\"https:\\\/\\\/www.accuratereviews.com\\\/it\\\/\"},{\"@type\":\"ListItem\",\"position\":2,\"name\":\"Strumenti SEO\",\"item\":\"https:\\\/\\\/www.accuratereviews.com\\\/it\\\/strumenti-seo-lista-software\\\/\"},{\"@type\":\"ListItem\",\"position\":3,\"name\":\"Sellzone\"}]},{\"@type\":\"WebSite\",\"@id\":\"https:\\\/\\\/www.accuratereviews.com\\\/it\\\/#website\",\"url\":\"https:\\\/\\\/www.accuratereviews.com\\\/it\\\/\",\"name\":\"Accurate Reviews\",\"description\":\"\",\"potentialAction\":[{\"@type\":\"SearchAction\",\"target\":{\"@type\":\"EntryPoint\",\"urlTemplate\":\"https:\\\/\\\/www.accuratereviews.com\\\/it\\\/?s={search_term_string}\"},\"query-input\":{\"@type\":\"PropertyValueSpecification\",\"valueRequired\":true,\"valueName\":\"search_term_string\"}}],\"inLanguage\":\"it-IT\"}]}<\/script>\n<!-- \/ Yoast SEO plugin. -->","yoast_head_json":{"title":"Sellzone: recensione strumenti SEO - Accurate Reviews","description":"Sellzone: recensione strumento di marketing multifunzionale per Amazon sviluppato da Semrush, creatore del software SEO per\u00a0eccellenza..","robots":{"index":"index","follow":"follow","max-snippet":"max-snippet:-1","max-image-preview":"max-image-preview:large","max-video-preview":"max-video-preview:-1"},"canonical":"https:\/\/www.accuratereviews.com\/it\/strumenti-seo-lista-software\/sellzone-recensione\/","og_locale":"it_IT","og_type":"article","og_title":"Sellzone: recensione strumenti SEO - Accurate Reviews","og_description":"Sellzone: recensione strumento di marketing multifunzionale per Amazon sviluppato da Semrush, creatore del software SEO per\u00a0eccellenza..","og_url":"https:\/\/www.accuratereviews.com\/it\/strumenti-seo-lista-software\/sellzone-recensione\/","og_site_name":"Accurate Reviews","article_modified_time":"2021-11-28T07:36:42+00:00","og_image":[{"width":768,"height":432,"url":"https:\/\/www.accuratereviews.com\/wp-content\/uploads\/2021\/11\/sellzone-review-featured-1-768x432-1.png","type":"image\/png"}],"twitter_card":"summary_large_image","twitter_misc":{"Tempo di lettura stimato":"4 minuti"},"schema":{"@context":"https:\/\/schema.org","@graph":[{"@type":"WebPage","@id":"https:\/\/www.accuratereviews.com\/it\/strumenti-seo-lista-software\/sellzone-recensione\/","url":"https:\/\/www.accuratereviews.com\/it\/strumenti-seo-lista-software\/sellzone-recensione\/","name":"Sellzone: recensione strumenti SEO - Accurate Reviews","isPartOf":{"@id":"https:\/\/www.accuratereviews.com\/it\/#website"},"primaryImageOfPage":{"@id":"https:\/\/www.accuratereviews.com\/it\/strumenti-seo-lista-software\/sellzone-recensione\/#primaryimage"},"image":{"@id":"https:\/\/www.accuratereviews.com\/it\/strumenti-seo-lista-software\/sellzone-recensione\/#primaryimage"},"thumbnailUrl":"https:\/\/www.accuratereviews.com\/wp-content\/uploads\/2021\/11\/sellzone-review-featured-1-768x432-1.png","datePublished":"2021-11-26T08:39:03+00:00","dateModified":"2021-11-28T07:36:42+00:00","description":"Sellzone: recensione strumento di marketing multifunzionale per Amazon sviluppato da Semrush, creatore del software SEO per\u00a0eccellenza..","breadcrumb":{"@id":"https:\/\/www.accuratereviews.com\/it\/strumenti-seo-lista-software\/sellzone-recensione\/#breadcrumb"},"inLanguage":"it-IT","potentialAction":[{"@type":"ReadAction","target":["https:\/\/www.accuratereviews.com\/it\/strumenti-seo-lista-software\/sellzone-recensione\/"]}]},{"@type":"ImageObject","inLanguage":"it-IT","@id":"https:\/\/www.accuratereviews.com\/it\/strumenti-seo-lista-software\/sellzone-recensione\/#primaryimage","url":"https:\/\/www.accuratereviews.com\/wp-content\/uploads\/2021\/11\/sellzone-review-featured-1-768x432-1.png","contentUrl":"https:\/\/www.accuratereviews.com\/wp-content\/uploads\/2021\/11\/sellzone-review-featured-1-768x432-1.png","width":768,"height":432},{"@type":"BreadcrumbList","@id":"https:\/\/www.accuratereviews.com\/it\/strumenti-seo-lista-software\/sellzone-recensione\/#breadcrumb","itemListElement":[{"@type":"ListItem","position":1,"name":"Home","item":"https:\/\/www.accuratereviews.com\/it\/"},{"@type":"ListItem","position":2,"name":"Strumenti SEO","item":"https:\/\/www.accuratereviews.com\/it\/strumenti-seo-lista-software\/"},{"@type":"ListItem","position":3,"name":"Sellzone"}]},{"@type":"WebSite","@id":"https:\/\/www.accuratereviews.com\/it\/#website","url":"https:\/\/www.accuratereviews.com\/it\/","name":"Accurate Reviews","description":"","potentialAction":[{"@type":"SearchAction","target":{"@type":"EntryPoint","urlTemplate":"https:\/\/www.accuratereviews.com\/it\/?s={search_term_string}"},"query-input":{"@type":"PropertyValueSpecification","valueRequired":true,"valueName":"search_term_string"}}],"inLanguage":"it-IT"}]}},"_links":{"self":[{"href":"https:\/\/www.accuratereviews.com\/it\/wp-json\/wp\/v2\/pages\/50146","targetHints":{"allow":["GET"]}}],"collection":[{"href":"https:\/\/www.accuratereviews.com\/it\/wp-json\/wp\/v2\/pages"}],"about":[{"href":"https:\/\/www.accuratereviews.com\/it\/wp-json\/wp\/v2\/types\/page"}],"author":[{"embeddable":true,"href":"https:\/\/www.accuratereviews.com\/it\/wp-json\/wp\/v2\/users\/16"}],"replies":[{"embeddable":true,"href":"https:\/\/www.accuratereviews.com\/it\/wp-json\/wp\/v2\/comments?post=50146"}],"version-history":[{"count":24,"href":"https:\/\/www.accuratereviews.com\/it\/wp-json\/wp\/v2\/pages\/50146\/revisions"}],"predecessor-version":[{"id":50561,"href":"https:\/\/www.accuratereviews.com\/it\/wp-json\/wp\/v2\/pages\/50146\/revisions\/50561"}],"up":[{"embeddable":true,"href":"https:\/\/www.accuratereviews.com\/it\/wp-json\/wp\/v2\/pages\/8849"}],"wp:featuredmedia":[{"embeddable":true,"href":"https:\/\/www.accuratereviews.com\/it\/wp-json\/wp\/v2\/media\/50154"}],"wp:attachment":[{"href":"https:\/\/www.accuratereviews.com\/it\/wp-json\/wp\/v2\/media?parent=50146"}],"wp:term":[{"taxonomy":"category","embeddable":true,"href":"https:\/\/www.accuratereviews.com\/it\/wp-json\/wp\/v2\/categories?post=50146"},{"taxonomy":"post_tag","embeddable":true,"href":"https:\/\/www.accuratereviews.com\/it\/wp-json\/wp\/v2\/tags?post=50146"},{"taxonomy":"features","embeddable":true,"href":"https:\/\/www.accuratereviews.com\/it\/wp-json\/wp\/v2\/features?post=50146"}],"curies":[{"name":"wp","href":"https:\/\/api.w.org\/{rel}","templated":true}]}}