{"id":50176,"date":"2021-11-19T11:36:03","date_gmt":"2021-11-19T11:36:03","guid":{"rendered":"https:\/\/www.accuratereviews.com\/?page_id=50176"},"modified":"2021-11-19T11:36:03","modified_gmt":"2021-11-19T11:36:03","slug":"inkscape-recensione","status":"publish","type":"page","link":"https:\/\/www.accuratereviews.com\/it\/programmi-grafica-design\/inkscape-recensione\/","title":{"rendered":"Inkscape"},"content":{"rendered":"<p><strong>Inkscape<\/strong> \u00e8 un <strong>editor di grafica vettoriale gratuito<\/strong> e open source con un formato nativo unico che lo differenzia da programmi simili (Adobe Illustrator, Corel Draw, Freehand e Xara X). Ha un&#8217;interfaccia pulita, coerente e molto stabile e utilizza SVG e grafica vettoriale scalabile e uno standard W3C aperto basato su XML. SVG \u00e8 considerato un formato eccellente per creare e progettare loghi e banner o qualsiasi supporto che sia stato modificato in modalit\u00e0 vettoriale. Questo perch\u00e9 il formato SVG consente ai grafici e ad altri professionisti nei settori del marketing\/branding, ingegneria\/CAD, grafica web e cartoni animati di creare grafica che pu\u00f2 essere ridimensionata mantenendo la qualit\u00e0 originale.\u00a0Il programma \u00e8 \u00a0flessibile e versatile, offrendo una variet\u00e0 di strumenti con suggerimenti sugli strumenti e informazioni utili incluse su di essi.<\/p>\n<h2>INKSCAPE &#8211; TUTORIAL<\/h2>\n<p>Con questo software potrai imparare le basi per utilizzare questo<strong> programma di grafica design<\/strong>:<\/p>\n<div id=\"fluid-wrapper-counter-1\" class=\"g1-fluid-wrapper \" style=\"width:686px;\">\n<div style=\"padding-bottom:56.268221574344%;\"><iframe loading=\"lazy\" title=\"Inkscape tutorial - parte 0\" width=\"515\" height=\"386\" src=\"https:\/\/www.youtube.com\/embed\/Mcxkx02FikI?feature=oembed&amp;wmode=transparent&amp;autohide=1&amp;autoplay=0&amp;disablekb=0&amp;fs=1&amp;loop=0&amp;enablejsapi=1&amp;rel=0&amp;controls=2&amp;showinfo=0&amp;wmode=transparent&amp;autohide=2&amp;autoplay=0&amp;disablekb=0&amp;fs=1&amp;loop=0&amp;enablejsapi=1&amp;rel=0&amp;controls=2&amp;showinfo=1\" frameborder=\"0\" allow=\"accelerometer; autoplay; clipboard-write; encrypted-media; gyroscope; picture-in-picture\" allowfullscreen><\/iframe><\/div>\n<\/div>\n<h3>INKSCAPE &#8211; CARATTERISTICHE<\/h3>\n<ul>\n<li>Strumento matita disegno a mano libera con tracciati semplici, strumento penna creazione di curve di B\u00e9zier e linee rette e strumento calligrafia disegno a mano libera utilizzando tracciati pieni che rappresentano tratti calligrafici<\/li>\n<li>Rettangoli i quali posso avere angoli arrotondati, ellissi include cerchi, archi, segmenti, stelle\/poligoni possono essere arrotondati e\/o randomizzati e spirali<\/li>\n<li>Testo su pi\u00f9 righe, modifica completa su tela<\/li>\n<li>Copie live collegate di oggetti, incluso uno strumento per creare modelli e disposizioni di cloni<\/li>\n<li>Spostamento, ridimensionamento, rotazione, inclinazione, sia in modo interattivo che specificando valori numerici esatti<\/li>\n<li>Blocca e\/o nascondi singoli livelli, che possono formare un albero gerarchico<\/li>\n<li>Copia\/incolla stile<\/li>\n<li>Tratti tratteggiati con molti modelli<\/li>\n<li>Indicatori di percorso segni di fine, centro e\/o inizio<\/li>\n<li>Spostamento di nodi e maniglie Bezier, allineamento e distribuzione dei nodi, ecc&#8230;<\/li>\n<li>Conversione in tracciato, inclusa quella del tratto<\/li>\n<li>Semplificazione del percorso, con soglia variabile<\/li>\n<li>Creazione e tracciamento di percorsi, inclusi oggetti offset dinamici e collegati<\/li>\n<li>Tracciamento bitmap percorsi sia a colori che monocromatici<\/li>\n<li>Utilizza qualsiasi tipo di carattere di struttura installato, inclusi gli script da destra a sinistra<\/li>\n<li>Crenatura, spaziatura delle lettere, regolazioni dell&#8217;interlinea<\/li>\n<li>Supporto per la trasparenza alfa per la visualizzazione e l&#8217;esportazione PNG<\/li>\n<li>Completa il rendering &#8220;mentre trascini&#8221; degli oggetti durante le trasformazioni interattive<\/li>\n<li>Generazione e modifica di file in formato SVG perfettamente conformi<\/li>\n<li>Formati di esportazione PNG, OpenDocument Drawing, DXF, sk1, PDF, EPS e PostScript e altro<\/li>\n<li>Opzioni della riga di comando per l&#8217;esportazione e le conversioni<\/li>\n<\/ul>\n<h4>LE RECENSIONI DEGLI UTENTI<\/h4>\n<p class=\"font-weight-bold mb-2\"><strong>Praveen N.&#8221;La migliore alternativa gratuita a Illustrator&#8221;<\/strong><\/p>\n<p><span class=\"font-weight-bold\"><strong>Commenti<\/strong>: i<\/span>nkscape \u00e8 un ottimo strumento per la progettazione vettoriale. Anche se Inkscape \u00e8 completamente gratuito, offre molte funzionalit\u00e0 e strumenti disponibili nei concorrenti a pagamento. \u00c8 stato utilizzato per progettare post sui social media che sembravano sorprendenti con relativa facilit\u00e0.<\/p>\n<p class=\"font-weight-bold mb-2\"><strong>Pro<\/strong>: inkscape offre una grande quantit\u00e0 di funzionalit\u00e0 necessarie per le illustrazioni digitali e il design vettoriale. \u00c8 stato utilizzato principalmente per la progettazione di post sui social media e offriva tutto il necessario per progettare poster e volantini straordinari. C&#8217;\u00e8 una piccola curva di apprendimento, ma anche per un principiante che \u00e8 assolutamente nuovo, ci sono numerosi tutorial online per imparare e iniziare. Ho usato sia Adobe Illustrator (che \u00e8 il popolare strumento di progettazione a pagamento) che Inkscape (che \u00e8 gratuito al 100%) e sono stato in grado di fare le stesse cose di cui avevo bisogno su entrambi, il che \u00e8 una testimonianza di quanto sia buono Inkscape.<\/p>\n<p class=\"font-weight-bold mb-2\"><strong>Contro<\/strong>: ci sono alcuni strumenti che non sono disponibili in Inkscape e la conversione dei file pu\u00f2 essere migliorata. Tuttavia, per l&#8217;uso di base tutto andava bene e non ci sono grosse lamentele.<\/p>\n<p class=\"font-weight-bold mb-2\"><strong>Edwin O.&#8221;Il miglior software per la modifica e la creazione di loghi.&#8221;<\/strong><\/p>\n<p><span class=\"font-weight-bold\"><strong>Commenti<\/strong>: q<\/span>uesto \u00e8 davvero il miglior software se vuoi iniziare a creare e modificare immagini vettoriali.<\/p>\n<p class=\"font-weight-bold mb-2\"><strong>Pro<\/strong>: \u00e8\u00a0un software open source gratuito, quindi chiunque pu\u00f2 scaricarlo e utilizzarlo. L&#8217;utilizzo di questo software \u00e8 davvero semplice anche per i principianti poich\u00e9 non ha componenti complicati che non si possono capire facilmente. A differenza di altri software alternativi, questo software pu\u00f2 essere eseguito su piattaforme diverse, ovvero sistemi operativi Windows, MAC OS e Linux. Infine questo software \u00e8 flessibile e versatile cio\u00e8 pu\u00f2 essere cambiato o modificato senza cambiare nulla.<\/p>\n<p class=\"font-weight-bold mb-2\"><strong>Contro<\/strong>: a\u00a0volte la sua funzionalit\u00e0 di elaborazione pu\u00f2 essere un po&#8217; lenta. L&#8217;esportazione di un&#8217;immagine non supporta vari tipi di formattazione. Anche se ha funzionalit\u00e0 pi\u00f9 a pagamento su altri software alternativi, l&#8217;interfaccia di questo software non \u00e8 facile da usare, ha bisogno di essere imparata completamente per ottenere un&#8217;immagine vettoriale completa e buona del logo. Non ho molti aspetti negativi su questo software, solo il mio obiettivo principale \u00e8 la velocit\u00e0, anche l&#8217;avvio di questo software richiede molto tempo.<\/p>\n<p class=\"font-weight-bold mb-2\"><strong>Antonio M.&#8221;Il miglior software di grafica vettoriale gratuito&#8221;<\/strong><\/p>\n<p><span class=\"font-weight-bold\"><strong>Commenti<\/strong>: l<\/span>&#8216;ho usato per creare icone per la mia piccola impresa e per i clienti pi\u00f9 grandi che avevamo. Era un modo semplice e veloce per creare grafica vettoriale. L&#8217;ho usato anche per i nostri fumetti. Rintracceremmo i fumetti disegnati per farli esplodere per essere stampati come poster. Sono anche riuscito a far saltare in aria alcuni fumetti da utilizzare su siti Web di merchandising che richiedevano file sorgente ad alta risoluzione pazzeschi. AMO il programma e ora lo uso in tandem con un altro software simile che ho acquistato all&#8217;inizio dell&#8217;anno principalmente per l&#8217;opzione di tracciamento.<\/p>\n<p class=\"font-weight-bold mb-2\"><strong>Pro<\/strong>: \u00e8\u00a0gratuito e fa tutto quello che fanno gli altri software di grafica vettoriale! A differenza di alcuni dei concorrenti, in realt\u00e0 ha un&#8217;opzione di tracciamento decente.<\/p>\n<p class=\"font-weight-bold mb-2\"><strong>Contro<\/strong>: ci vuole troppo tempo per iniziare. A parte questo, tutto \u00e8 fantastico, ma ho speso minuti ogni volta che ho provato ad avviare il programma. Era sul computer che avrebbe avviato un software comparabile in meno di un secondo.<\/p>\n<p>&nbsp;<\/p>\n","protected":false},"excerpt":{"rendered":"<p>Inkscape \u00e8 un editor di grafica vettoriale gratuito e open source con un formato nativo unico che lo differenzia da programmi simili (Adobe Illustrator, Corel Draw, Freehand e Xara X). Ha un&#8217;interfaccia pulita, coerente e molto stabile e utilizza SVG e grafica vettoriale scalabile e uno standard W3C aperto basato su XML.<\/p>\n","protected":false},"author":16,"featured_media":50196,"parent":49827,"menu_order":0,"comment_status":"open","ping_status":"closed","template":"g1_template_page_review_new.php","meta":{"_acf_changed":false,"cwp_meta_box_check":"No","cwp_rev_product_name":"","cwp_rev_product_image":"","wppr_links":[],"cwp_rev_price":"","wppr_options":[],"wppr_pros":[],"wppr_cons":[],"_monsterinsights_skip_tracking":false,"_monsterinsights_sitenote_active":false,"_monsterinsights_sitenote_note":"","_monsterinsights_sitenote_category":0,"footnotes":""},"categories":[11404],"tags":[11499,11500,246,11409,11504,11408,11503,11406,11501,11405,11502],"features":[],"class_list":{"0":"post-50176","1":"page","2":"type-page","3":"status-publish","4":"has-post-thumbnail","6":"category-programmi-grafica-design-cat","7":"tag-formato-svg","8":"tag-inkscape","9":"tag-open-source","10":"tag-piattaforma-grafica-design","11":"tag-piattaforma-grafica-gratuita","12":"tag-programma-grafica-design","13":"tag-programma-grafica-gratuito","14":"tag-software-grafica-design","15":"tag-software-grafica-gratuito","16":"tag-soluzione-grafica-design","17":"tag-soluzione-grafica-gratuita"},"wppr_data":{"cwp_meta_box_check":"No"},"acf":[],"yoast_head":"<!-- This site is optimized with the Yoast SEO plugin v27.4 - https:\/\/yoast.com\/product\/yoast-seo-wordpress\/ -->\n<title>Inkscape: recensione software grafica design - Accurate Reviews<\/title>\n<meta name=\"description\" content=\"Inkscape: recensione editor di grafica vettoriale gratuito e open source con un formato nativo unico che lo differenzia da programmi simili.\" \/>\n<meta name=\"robots\" content=\"index, follow, max-snippet:-1, max-image-preview:large, max-video-preview:-1\" \/>\n<link rel=\"canonical\" href=\"https:\/\/www.accuratereviews.com\/it\/programmi-grafica-design\/inkscape-recensione\/\" \/>\n<meta property=\"og:locale\" content=\"it_IT\" \/>\n<meta property=\"og:type\" content=\"article\" \/>\n<meta property=\"og:title\" content=\"Inkscape: recensione software grafica design - Accurate Reviews\" \/>\n<meta property=\"og:description\" content=\"Inkscape: recensione editor di grafica vettoriale gratuito e open source con un formato nativo unico che lo differenzia da programmi simili.\" \/>\n<meta property=\"og:url\" content=\"https:\/\/www.accuratereviews.com\/it\/programmi-grafica-design\/inkscape-recensione\/\" \/>\n<meta property=\"og:site_name\" content=\"Accurate Reviews\" \/>\n<meta property=\"og:image\" content=\"https:\/\/www.accuratereviews.com\/wp-content\/uploads\/2021\/11\/inkscape-logo.png\" \/>\n\t<meta property=\"og:image:width\" content=\"648\" \/>\n\t<meta property=\"og:image:height\" content=\"355\" \/>\n\t<meta property=\"og:image:type\" content=\"image\/png\" \/>\n<meta name=\"twitter:card\" content=\"summary_large_image\" \/>\n<meta name=\"twitter:label1\" content=\"Tempo di lettura stimato\" \/>\n\t<meta name=\"twitter:data1\" content=\"5 minuti\" \/>\n<script type=\"application\/ld+json\" class=\"yoast-schema-graph\">{\"@context\":\"https:\\\/\\\/schema.org\",\"@graph\":[{\"@type\":\"WebPage\",\"@id\":\"https:\\\/\\\/www.accuratereviews.com\\\/it\\\/programmi-grafica-design\\\/inkscape-recensione\\\/\",\"url\":\"https:\\\/\\\/www.accuratereviews.com\\\/it\\\/programmi-grafica-design\\\/inkscape-recensione\\\/\",\"name\":\"Inkscape: recensione software grafica design - Accurate Reviews\",\"isPartOf\":{\"@id\":\"https:\\\/\\\/www.accuratereviews.com\\\/it\\\/#website\"},\"primaryImageOfPage\":{\"@id\":\"https:\\\/\\\/www.accuratereviews.com\\\/it\\\/programmi-grafica-design\\\/inkscape-recensione\\\/#primaryimage\"},\"image\":{\"@id\":\"https:\\\/\\\/www.accuratereviews.com\\\/it\\\/programmi-grafica-design\\\/inkscape-recensione\\\/#primaryimage\"},\"thumbnailUrl\":\"https:\\\/\\\/www.accuratereviews.com\\\/wp-content\\\/uploads\\\/2021\\\/11\\\/inkscape-logo.png\",\"datePublished\":\"2021-11-19T11:36:03+00:00\",\"description\":\"Inkscape: recensione editor di grafica vettoriale gratuito e open source con un formato nativo unico che lo differenzia da programmi simili.\",\"breadcrumb\":{\"@id\":\"https:\\\/\\\/www.accuratereviews.com\\\/it\\\/programmi-grafica-design\\\/inkscape-recensione\\\/#breadcrumb\"},\"inLanguage\":\"it-IT\",\"potentialAction\":[{\"@type\":\"ReadAction\",\"target\":[\"https:\\\/\\\/www.accuratereviews.com\\\/it\\\/programmi-grafica-design\\\/inkscape-recensione\\\/\"]}]},{\"@type\":\"ImageObject\",\"inLanguage\":\"it-IT\",\"@id\":\"https:\\\/\\\/www.accuratereviews.com\\\/it\\\/programmi-grafica-design\\\/inkscape-recensione\\\/#primaryimage\",\"url\":\"https:\\\/\\\/www.accuratereviews.com\\\/wp-content\\\/uploads\\\/2021\\\/11\\\/inkscape-logo.png\",\"contentUrl\":\"https:\\\/\\\/www.accuratereviews.com\\\/wp-content\\\/uploads\\\/2021\\\/11\\\/inkscape-logo.png\",\"width\":648,\"height\":355},{\"@type\":\"BreadcrumbList\",\"@id\":\"https:\\\/\\\/www.accuratereviews.com\\\/it\\\/programmi-grafica-design\\\/inkscape-recensione\\\/#breadcrumb\",\"itemListElement\":[{\"@type\":\"ListItem\",\"position\":1,\"name\":\"Home\",\"item\":\"https:\\\/\\\/www.accuratereviews.com\\\/it\\\/\"},{\"@type\":\"ListItem\",\"position\":2,\"name\":\"Programmi grafica design\",\"item\":\"https:\\\/\\\/www.accuratereviews.com\\\/it\\\/programmi-grafica-design\\\/\"},{\"@type\":\"ListItem\",\"position\":3,\"name\":\"Inkscape\"}]},{\"@type\":\"WebSite\",\"@id\":\"https:\\\/\\\/www.accuratereviews.com\\\/it\\\/#website\",\"url\":\"https:\\\/\\\/www.accuratereviews.com\\\/it\\\/\",\"name\":\"Accurate Reviews\",\"description\":\"\",\"potentialAction\":[{\"@type\":\"SearchAction\",\"target\":{\"@type\":\"EntryPoint\",\"urlTemplate\":\"https:\\\/\\\/www.accuratereviews.com\\\/it\\\/?s={search_term_string}\"},\"query-input\":{\"@type\":\"PropertyValueSpecification\",\"valueRequired\":true,\"valueName\":\"search_term_string\"}}],\"inLanguage\":\"it-IT\"}]}<\/script>\n<!-- \/ Yoast SEO plugin. -->","yoast_head_json":{"title":"Inkscape: recensione software grafica design - Accurate Reviews","description":"Inkscape: recensione editor di grafica vettoriale gratuito e open source con un formato nativo unico che lo differenzia da programmi simili.","robots":{"index":"index","follow":"follow","max-snippet":"max-snippet:-1","max-image-preview":"max-image-preview:large","max-video-preview":"max-video-preview:-1"},"canonical":"https:\/\/www.accuratereviews.com\/it\/programmi-grafica-design\/inkscape-recensione\/","og_locale":"it_IT","og_type":"article","og_title":"Inkscape: recensione software grafica design - Accurate Reviews","og_description":"Inkscape: recensione editor di grafica vettoriale gratuito e open source con un formato nativo unico che lo differenzia da programmi simili.","og_url":"https:\/\/www.accuratereviews.com\/it\/programmi-grafica-design\/inkscape-recensione\/","og_site_name":"Accurate Reviews","og_image":[{"width":648,"height":355,"url":"https:\/\/www.accuratereviews.com\/wp-content\/uploads\/2021\/11\/inkscape-logo.png","type":"image\/png"}],"twitter_card":"summary_large_image","twitter_misc":{"Tempo di lettura stimato":"5 minuti"},"schema":{"@context":"https:\/\/schema.org","@graph":[{"@type":"WebPage","@id":"https:\/\/www.accuratereviews.com\/it\/programmi-grafica-design\/inkscape-recensione\/","url":"https:\/\/www.accuratereviews.com\/it\/programmi-grafica-design\/inkscape-recensione\/","name":"Inkscape: recensione software grafica design - Accurate Reviews","isPartOf":{"@id":"https:\/\/www.accuratereviews.com\/it\/#website"},"primaryImageOfPage":{"@id":"https:\/\/www.accuratereviews.com\/it\/programmi-grafica-design\/inkscape-recensione\/#primaryimage"},"image":{"@id":"https:\/\/www.accuratereviews.com\/it\/programmi-grafica-design\/inkscape-recensione\/#primaryimage"},"thumbnailUrl":"https:\/\/www.accuratereviews.com\/wp-content\/uploads\/2021\/11\/inkscape-logo.png","datePublished":"2021-11-19T11:36:03+00:00","description":"Inkscape: recensione editor di grafica vettoriale gratuito e open source con un formato nativo unico che lo differenzia da programmi simili.","breadcrumb":{"@id":"https:\/\/www.accuratereviews.com\/it\/programmi-grafica-design\/inkscape-recensione\/#breadcrumb"},"inLanguage":"it-IT","potentialAction":[{"@type":"ReadAction","target":["https:\/\/www.accuratereviews.com\/it\/programmi-grafica-design\/inkscape-recensione\/"]}]},{"@type":"ImageObject","inLanguage":"it-IT","@id":"https:\/\/www.accuratereviews.com\/it\/programmi-grafica-design\/inkscape-recensione\/#primaryimage","url":"https:\/\/www.accuratereviews.com\/wp-content\/uploads\/2021\/11\/inkscape-logo.png","contentUrl":"https:\/\/www.accuratereviews.com\/wp-content\/uploads\/2021\/11\/inkscape-logo.png","width":648,"height":355},{"@type":"BreadcrumbList","@id":"https:\/\/www.accuratereviews.com\/it\/programmi-grafica-design\/inkscape-recensione\/#breadcrumb","itemListElement":[{"@type":"ListItem","position":1,"name":"Home","item":"https:\/\/www.accuratereviews.com\/it\/"},{"@type":"ListItem","position":2,"name":"Programmi grafica design","item":"https:\/\/www.accuratereviews.com\/it\/programmi-grafica-design\/"},{"@type":"ListItem","position":3,"name":"Inkscape"}]},{"@type":"WebSite","@id":"https:\/\/www.accuratereviews.com\/it\/#website","url":"https:\/\/www.accuratereviews.com\/it\/","name":"Accurate Reviews","description":"","potentialAction":[{"@type":"SearchAction","target":{"@type":"EntryPoint","urlTemplate":"https:\/\/www.accuratereviews.com\/it\/?s={search_term_string}"},"query-input":{"@type":"PropertyValueSpecification","valueRequired":true,"valueName":"search_term_string"}}],"inLanguage":"it-IT"}]}},"_links":{"self":[{"href":"https:\/\/www.accuratereviews.com\/it\/wp-json\/wp\/v2\/pages\/50176","targetHints":{"allow":["GET"]}}],"collection":[{"href":"https:\/\/www.accuratereviews.com\/it\/wp-json\/wp\/v2\/pages"}],"about":[{"href":"https:\/\/www.accuratereviews.com\/it\/wp-json\/wp\/v2\/types\/page"}],"author":[{"embeddable":true,"href":"https:\/\/www.accuratereviews.com\/it\/wp-json\/wp\/v2\/users\/16"}],"replies":[{"embeddable":true,"href":"https:\/\/www.accuratereviews.com\/it\/wp-json\/wp\/v2\/comments?post=50176"}],"version-history":[{"count":8,"href":"https:\/\/www.accuratereviews.com\/it\/wp-json\/wp\/v2\/pages\/50176\/revisions"}],"predecessor-version":[{"id":50229,"href":"https:\/\/www.accuratereviews.com\/it\/wp-json\/wp\/v2\/pages\/50176\/revisions\/50229"}],"up":[{"embeddable":true,"href":"https:\/\/www.accuratereviews.com\/it\/wp-json\/wp\/v2\/pages\/49827"}],"wp:featuredmedia":[{"embeddable":true,"href":"https:\/\/www.accuratereviews.com\/it\/wp-json\/wp\/v2\/media\/50196"}],"wp:attachment":[{"href":"https:\/\/www.accuratereviews.com\/it\/wp-json\/wp\/v2\/media?parent=50176"}],"wp:term":[{"taxonomy":"category","embeddable":true,"href":"https:\/\/www.accuratereviews.com\/it\/wp-json\/wp\/v2\/categories?post=50176"},{"taxonomy":"post_tag","embeddable":true,"href":"https:\/\/www.accuratereviews.com\/it\/wp-json\/wp\/v2\/tags?post=50176"},{"taxonomy":"features","embeddable":true,"href":"https:\/\/www.accuratereviews.com\/it\/wp-json\/wp\/v2\/features?post=50176"}],"curies":[{"name":"wp","href":"https:\/\/api.w.org\/{rel}","templated":true}]}}