{"id":50183,"date":"2021-11-19T11:43:24","date_gmt":"2021-11-19T11:43:24","guid":{"rendered":"https:\/\/www.accuratereviews.com\/?page_id=50183"},"modified":"2021-11-19T11:43:24","modified_gmt":"2021-11-19T11:43:24","slug":"figma-recensione","status":"publish","type":"page","link":"https:\/\/www.accuratereviews.com\/it\/programmi-grafica-design\/figma-recensione\/","title":{"rendered":"Figma"},"content":{"rendered":"<p><strong>Figma<\/strong> \u00e8 uno <strong>strumento di progettazione<\/strong> <strong>grafica<\/strong> basato su <strong>cloud<\/strong>\u00a0che consente a pi\u00f9 team di collaborare alla creazione, al test e alla distribuzione di interfacce o progetti di prodotti. Le funzionalit\u00e0 includono cronologia delle versioni, gestione del progetto, commenti, autorizzazioni basate sull&#8217;utente, creazione di plug-in e Single Sign-On (SSO).\u00a0La piattaforma consente ai progettisti di preparare disegni utilizzando reti vettoriali consentendo loro di sviluppare grafici a torta, schermi di visualizzazione o orologi senza unire o connettersi all&#8217;origine del percorso. Con la funzione di layout automatico, i team possono ridimensionare automaticamente vari componenti del design dell&#8217;interfaccia come pulsanti o elenchi utilizzando le impostazioni di riempimento, direzione e spazio. <strong>Figma<\/strong> permette agli utenti di creare prototipi attraverso varie interazioni come il passaggio del mouse, il clic o la pressione di un pulsante e utilizzare le GIF per aggiungere elementi video o animazioni. Aiuta inoltre i team a modificare contemporaneamente i progetti, tenere traccia delle modifiche, aggiungere note, scoprire i file appena caricati e condividere i collegamenti dei progetti con i membri.<\/p>\n<h2>FIGMA &#8211; TUTORIAL<\/h2>\n<p>Guarda il tutorial per imparare a utilizzare questo software per grafica design:<\/p>\n<div id=\"fluid-wrapper-counter-1\" class=\"g1-fluid-wrapper \" style=\"width:686px;\">\n<div style=\"padding-bottom:56.268221574344%;\"><iframe loading=\"lazy\" title=\"Figma Web Design Tutorial for Beginners\" width=\"686\" height=\"386\" src=\"https:\/\/www.youtube.com\/embed\/E1AQwpy6-Gk?feature=oembed&amp;wmode=transparent&amp;autohide=1&amp;autoplay=0&amp;disablekb=0&amp;fs=1&amp;loop=0&amp;enablejsapi=1&amp;rel=0&amp;controls=2&amp;showinfo=0&amp;wmode=transparent&amp;autohide=2&amp;autoplay=0&amp;disablekb=0&amp;fs=1&amp;loop=0&amp;enablejsapi=1&amp;rel=0&amp;controls=2&amp;showinfo=1\" frameborder=\"0\" allow=\"accelerometer; autoplay; clipboard-write; encrypted-media; gyroscope; picture-in-picture\" allowfullscreen><\/iframe><\/div>\n<\/div>\n<h3>FIGMA &#8211; CARATTERISTICHE<\/h3>\n<ul>\n<li><strong>Disegni istantanei<\/strong>: progetta facilmente orologi, schermate o grafici a torta con lo strumento Arco<\/li>\n<li><strong>Sii espressivo con OpenType<\/strong>: sfrutta le funzionalit\u00e0 avanzate dei caratteri per esprimere appieno il tuo brand<\/li>\n<li><strong>Meno ridimensionamento manuale<\/strong>: i pulsanti possono ridimensionarsi con il loro testo e gli elenchi possono riorganizzarsi quando gli elementi vengono spostati<\/li>\n<li><strong>Allunga per riempire<\/strong>: i componenti del layout automatico ora possono allungarsi a sinistra e a destra (o in alto e in basso) per un design pi\u00f9 reattivo<\/li>\n<li><strong>Plugin per tutto<\/strong>: immagini stock, diagrammi di flusso, accessibilit\u00e0 ai colori, grafici, icone e altro ancora<\/li>\n<li><strong>Sviluppo semplice<\/strong>: se puoi creare un sito web, puoi creare un plug-in<\/li>\n<li><strong>Stili flessibili<\/strong>: crea stili coerenti con colore, testo, griglia o effetto. Applicali a qualsiasi testo o oggetto in tutti i tuoi progetti<\/li>\n<li><strong>Progetta in modo sistematico:<\/strong> velocizza la progettazione con i componenti. Modifica e sovrascrivi al volo<\/li>\n<li><strong>Librerie accessibili:<\/strong> una rapida ricerca fa emergere le risorse che cerchi. \u00c8 sufficiente trascinarli e rilasciarli nel file<\/li>\n<li><strong>Spettatori illimitati:<\/strong> invita tutti i compagni di squadra che desideri a visualizzare e commentare<\/li>\n<li><strong>Ispeziona i file di progettazione<\/strong>: qualsiasi visualizzatore pu\u00f2 acquisire frammenti di codice generato per CSS, iOS e Android<\/li>\n<li><strong>Esportazione semplice<\/strong>: esporta le risorse esatte di cui hai bisogno nei formati giusti<\/li>\n<li><strong>Costruzione intuitiva<\/strong>: collega semplicemente gli elementi dell&#8217;interfaccia utente e scegli le tue interazioni e animazioni<\/li>\n<li><strong>Ottimizzato per dispositivi mobili<\/strong>: dettagli come i frame del dispositivo e lo scorrimento dell&#8217;impulso fanno sembrare i tuoi prototipi un&#8217;esperienza reale<\/li>\n<li><strong>Transizioni avanzate con Smart Animate<\/strong>: anima automaticamente oggetti simili e crea transizioni dettagliate<\/li>\n<li><strong>GIF animate:<\/strong> usa le GIF per rappresentare progetti di movimento, elementi video e animazioni sottili.<\/li>\n<\/ul>\n<h4>LE RECENSIONI DEGLI UTENTI<\/h4>\n<p class=\"font-weight-bold mb-2\"><strong>Jitender K.&#8221;Figma ti semplifica la creazione, il prototipo e la collaborazione.&#8221;<\/strong><\/p>\n<p><span class=\"font-weight-bold\"><strong>Commenti<\/strong>: f<\/span>igma ha una curva di apprendimento minima e si sente davvero bene da usare. \u00c8 ricco di funzionalit\u00e0 e migliora con aggiornamenti frequenti.<\/p>\n<p class=\"font-weight-bold mb-2\"><strong>Pro<\/strong>: la cosa che rende Figma eccezionale \u00e8 che \u00e8 basato su browser e i file vengono salvati nel cloud. Posso continuare a lavorare su qualsiasi mio computer, quando e dove voglio, purch\u00e9 disponga di una connessione Internet. Condividere i progetti con Figma \u00e8 semplice e mi piace molto ci\u00f2 che hanno abilitato con la funzionalit\u00e0 di collaborazione in tempo reale. Un&#8217;altra cosa grandiosa di Figma \u00e8 la sua variet\u00e0 di plug-in che rendono il flusso di lavoro ancora pi\u00f9 veloce, ci sono molti plug-in disponibili con cui puoi fare praticamente qualsiasi cosa: tipografia, grafici, collaborazione, ecc.<\/p>\n<p class=\"font-weight-bold mb-2\"><strong>Contro<\/strong>: a\u00a0volte ci vuole molto tempo per caricare i file. Anche se a volte non funziona in modo fluido rispetto ad altri programmi, preferisco comunque Figma per le sue caratteristiche e le grandi librerie di componenti.<\/p>\n<p class=\"font-weight-bold mb-2\"><strong>Tony T.&#8221;Soluzione leggera e conveniente per UI\/UX Design&#8221;<\/strong><\/p>\n<p><span class=\"font-weight-bold\"><strong>Commenti<\/strong>: f<\/span>igma mi ha fornito una grande esperienza quando ci lavoro da solo o insieme al mio team. \u00c8 la mia soluzione organizzativa per la progettazione di UI e UX e finora sono contento che il software sia molto facile da usare e anche conveniente.<\/p>\n<p class=\"font-weight-bold mb-2\"><strong>Pro<\/strong>: mi piace il fatto che questo software sia disponibile sia online che offline. Mi aiuta a portare a termine il mio lavoro senza problemi, indipendentemente dal fatto che ci sia o meno un punto di accesso a Internet. Il software stesso \u00e8 molto leggero ma \u00e8 dotato di potenti strumenti per la progettazione dell&#8217;interfaccia utente e dell&#8217;esperienza utente.<\/p>\n<p class=\"font-weight-bold mb-2\"><strong>Contro<\/strong>:\u00a0La compatibilit\u00e0 del software potrebbe essere leggermente migliorata, anche per l&#8217;ambiente internet. Quando lavoro online con una connessione wireless lenta, potrebbero verificarsi bug e arresti anomali, quindi \u00e8 molto importante controllare la velocit\u00e0 della connessione se vuoi lavorare online con essa.<\/p>\n<p class=\"font-weight-bold mb-2\"><strong>Esther M.&#8221;S\u00ec, Figma \u00e8 il futuro.&#8221;<\/strong><\/p>\n<p><span class=\"font-weight-bold\"><strong>Commenti<\/strong>: g<\/span>rande! Lo adoro e con aria di sfida un sostenitore di chiunque voglia diventare un graphic designer o in UX\/UI.<\/p>\n<p class=\"font-weight-bold mb-2\"><strong>Pro<\/strong>: figma ha letteralmente rimosso per me i guardiani del design UX\/UI. Senza di essa, non l&#8217;avrei mai considerato e l&#8217;avrei visto troppo complicato per me. La scheda community ha davvero semplificato la comprensione del flusso di lavoro professionale. Figma \u00e8 sicuramente la marmellata per chiunque sia design.<\/p>\n<p class=\"font-weight-bold mb-2\"><strong>Contro<\/strong>: vorrei poter organizzare meglio la scheda della community per aprire i file. Tendono a perdersi e dappertutto. Vorrei poterli etichettare e trovarli facilmente.<\/p>\n","protected":false},"excerpt":{"rendered":"<p>Figma \u00e8 uno strumento di progettazione grafica basato su cloud, che consente a pi\u00f9 team di collaborare alla creazione, al test e alla distribuzione di interfacce o progetti di prodotti. Le funzionalit\u00e0 includono cronologia delle versioni, gestione del progetto, commenti, autorizzazioni basate sull&#8217;utente, creazione di plug-in e Single Sign-On (SSO).\u00a0<\/p>\n","protected":false},"author":16,"featured_media":50184,"parent":49827,"menu_order":0,"comment_status":"open","ping_status":"closed","template":"g1_template_page_review_new.php","meta":{"_acf_changed":false,"cwp_meta_box_check":"No","cwp_rev_product_name":"","cwp_rev_product_image":"","wppr_links":[],"cwp_rev_price":"","wppr_options":[],"wppr_pros":[],"wppr_cons":[],"_monsterinsights_skip_tracking":false,"_monsterinsights_sitenote_active":false,"_monsterinsights_sitenote_note":"","_monsterinsights_sitenote_category":0,"footnotes":""},"categories":[11404],"tags":[491,11492,11490,494,11488,11491,11408,5113,11406,11405,1313,11489],"features":[],"class_list":{"0":"post-50183","1":"page","2":"type-page","3":"status-publish","4":"has-post-thumbnail","6":"category-programmi-grafica-design-cat","7":"tag-dropbox","8":"tag-figma","9":"tag-flinto","10":"tag-jira","11":"tag-maze","12":"tag-piattaforma-grafica-desing","13":"tag-programma-grafica-design","14":"tag-slack","15":"tag-software-grafica-design","16":"tag-soluzione-grafica-design","17":"tag-trello","18":"tag-zeplin"},"wppr_data":{"cwp_meta_box_check":"No"},"acf":[],"yoast_head":"<!-- This site is optimized with the Yoast SEO plugin v27.4 - https:\/\/yoast.com\/product\/yoast-seo-wordpress\/ -->\n<title>Figma: recensione software grafica design - Accurate Reviews<\/title>\n<meta name=\"description\" content=\"Figma: recensione programma di grafica design che offre l&#039;integrazione con app come Maze, Zeplin, Trello, Flinto, Slack, Dropbox e Jira.\" \/>\n<meta name=\"robots\" content=\"index, follow, max-snippet:-1, max-image-preview:large, max-video-preview:-1\" \/>\n<link rel=\"canonical\" href=\"https:\/\/www.accuratereviews.com\/it\/programmi-grafica-design\/figma-recensione\/\" \/>\n<meta property=\"og:locale\" content=\"it_IT\" \/>\n<meta property=\"og:type\" content=\"article\" \/>\n<meta property=\"og:title\" content=\"Figma: recensione software grafica design - Accurate Reviews\" \/>\n<meta property=\"og:description\" content=\"Figma: recensione programma di grafica design che offre l&#039;integrazione con app come Maze, Zeplin, Trello, Flinto, Slack, Dropbox e Jira.\" \/>\n<meta property=\"og:url\" content=\"https:\/\/www.accuratereviews.com\/it\/programmi-grafica-design\/figma-recensione\/\" \/>\n<meta property=\"og:site_name\" content=\"Accurate Reviews\" \/>\n<meta property=\"og:image\" content=\"https:\/\/www.accuratereviews.com\/wp-content\/uploads\/2021\/11\/figma.png\" \/>\n\t<meta property=\"og:image:width\" content=\"1374\" \/>\n\t<meta property=\"og:image:height\" content=\"710\" \/>\n\t<meta property=\"og:image:type\" content=\"image\/png\" \/>\n<meta name=\"twitter:card\" content=\"summary_large_image\" \/>\n<meta name=\"twitter:label1\" content=\"Tempo di lettura stimato\" \/>\n\t<meta name=\"twitter:data1\" content=\"4 minuti\" \/>\n<script type=\"application\/ld+json\" class=\"yoast-schema-graph\">{\"@context\":\"https:\\\/\\\/schema.org\",\"@graph\":[{\"@type\":\"WebPage\",\"@id\":\"https:\\\/\\\/www.accuratereviews.com\\\/it\\\/programmi-grafica-design\\\/figma-recensione\\\/\",\"url\":\"https:\\\/\\\/www.accuratereviews.com\\\/it\\\/programmi-grafica-design\\\/figma-recensione\\\/\",\"name\":\"Figma: recensione software grafica design - Accurate Reviews\",\"isPartOf\":{\"@id\":\"https:\\\/\\\/www.accuratereviews.com\\\/it\\\/#website\"},\"primaryImageOfPage\":{\"@id\":\"https:\\\/\\\/www.accuratereviews.com\\\/it\\\/programmi-grafica-design\\\/figma-recensione\\\/#primaryimage\"},\"image\":{\"@id\":\"https:\\\/\\\/www.accuratereviews.com\\\/it\\\/programmi-grafica-design\\\/figma-recensione\\\/#primaryimage\"},\"thumbnailUrl\":\"https:\\\/\\\/www.accuratereviews.com\\\/wp-content\\\/uploads\\\/2021\\\/11\\\/figma.png\",\"datePublished\":\"2021-11-19T11:43:24+00:00\",\"description\":\"Figma: recensione programma di grafica design che offre l'integrazione con app come Maze, Zeplin, Trello, Flinto, Slack, Dropbox e Jira.\",\"breadcrumb\":{\"@id\":\"https:\\\/\\\/www.accuratereviews.com\\\/it\\\/programmi-grafica-design\\\/figma-recensione\\\/#breadcrumb\"},\"inLanguage\":\"it-IT\",\"potentialAction\":[{\"@type\":\"ReadAction\",\"target\":[\"https:\\\/\\\/www.accuratereviews.com\\\/it\\\/programmi-grafica-design\\\/figma-recensione\\\/\"]}]},{\"@type\":\"ImageObject\",\"inLanguage\":\"it-IT\",\"@id\":\"https:\\\/\\\/www.accuratereviews.com\\\/it\\\/programmi-grafica-design\\\/figma-recensione\\\/#primaryimage\",\"url\":\"https:\\\/\\\/www.accuratereviews.com\\\/wp-content\\\/uploads\\\/2021\\\/11\\\/figma.png\",\"contentUrl\":\"https:\\\/\\\/www.accuratereviews.com\\\/wp-content\\\/uploads\\\/2021\\\/11\\\/figma.png\",\"width\":1374,\"height\":710},{\"@type\":\"BreadcrumbList\",\"@id\":\"https:\\\/\\\/www.accuratereviews.com\\\/it\\\/programmi-grafica-design\\\/figma-recensione\\\/#breadcrumb\",\"itemListElement\":[{\"@type\":\"ListItem\",\"position\":1,\"name\":\"Home\",\"item\":\"https:\\\/\\\/www.accuratereviews.com\\\/it\\\/\"},{\"@type\":\"ListItem\",\"position\":2,\"name\":\"Programmi grafica design\",\"item\":\"https:\\\/\\\/www.accuratereviews.com\\\/it\\\/programmi-grafica-design\\\/\"},{\"@type\":\"ListItem\",\"position\":3,\"name\":\"Figma\"}]},{\"@type\":\"WebSite\",\"@id\":\"https:\\\/\\\/www.accuratereviews.com\\\/it\\\/#website\",\"url\":\"https:\\\/\\\/www.accuratereviews.com\\\/it\\\/\",\"name\":\"Accurate Reviews\",\"description\":\"\",\"potentialAction\":[{\"@type\":\"SearchAction\",\"target\":{\"@type\":\"EntryPoint\",\"urlTemplate\":\"https:\\\/\\\/www.accuratereviews.com\\\/it\\\/?s={search_term_string}\"},\"query-input\":{\"@type\":\"PropertyValueSpecification\",\"valueRequired\":true,\"valueName\":\"search_term_string\"}}],\"inLanguage\":\"it-IT\"}]}<\/script>\n<!-- \/ Yoast SEO plugin. -->","yoast_head_json":{"title":"Figma: recensione software grafica design - Accurate Reviews","description":"Figma: recensione programma di grafica design che offre l'integrazione con app come Maze, Zeplin, Trello, Flinto, Slack, Dropbox e Jira.","robots":{"index":"index","follow":"follow","max-snippet":"max-snippet:-1","max-image-preview":"max-image-preview:large","max-video-preview":"max-video-preview:-1"},"canonical":"https:\/\/www.accuratereviews.com\/it\/programmi-grafica-design\/figma-recensione\/","og_locale":"it_IT","og_type":"article","og_title":"Figma: recensione software grafica design - Accurate Reviews","og_description":"Figma: recensione programma di grafica design che offre l'integrazione con app come Maze, Zeplin, Trello, Flinto, Slack, Dropbox e Jira.","og_url":"https:\/\/www.accuratereviews.com\/it\/programmi-grafica-design\/figma-recensione\/","og_site_name":"Accurate Reviews","og_image":[{"width":1374,"height":710,"url":"https:\/\/www.accuratereviews.com\/wp-content\/uploads\/2021\/11\/figma.png","type":"image\/png"}],"twitter_card":"summary_large_image","twitter_misc":{"Tempo di lettura stimato":"4 minuti"},"schema":{"@context":"https:\/\/schema.org","@graph":[{"@type":"WebPage","@id":"https:\/\/www.accuratereviews.com\/it\/programmi-grafica-design\/figma-recensione\/","url":"https:\/\/www.accuratereviews.com\/it\/programmi-grafica-design\/figma-recensione\/","name":"Figma: recensione software grafica design - Accurate Reviews","isPartOf":{"@id":"https:\/\/www.accuratereviews.com\/it\/#website"},"primaryImageOfPage":{"@id":"https:\/\/www.accuratereviews.com\/it\/programmi-grafica-design\/figma-recensione\/#primaryimage"},"image":{"@id":"https:\/\/www.accuratereviews.com\/it\/programmi-grafica-design\/figma-recensione\/#primaryimage"},"thumbnailUrl":"https:\/\/www.accuratereviews.com\/wp-content\/uploads\/2021\/11\/figma.png","datePublished":"2021-11-19T11:43:24+00:00","description":"Figma: recensione programma di grafica design che offre l'integrazione con app come Maze, Zeplin, Trello, Flinto, Slack, Dropbox e Jira.","breadcrumb":{"@id":"https:\/\/www.accuratereviews.com\/it\/programmi-grafica-design\/figma-recensione\/#breadcrumb"},"inLanguage":"it-IT","potentialAction":[{"@type":"ReadAction","target":["https:\/\/www.accuratereviews.com\/it\/programmi-grafica-design\/figma-recensione\/"]}]},{"@type":"ImageObject","inLanguage":"it-IT","@id":"https:\/\/www.accuratereviews.com\/it\/programmi-grafica-design\/figma-recensione\/#primaryimage","url":"https:\/\/www.accuratereviews.com\/wp-content\/uploads\/2021\/11\/figma.png","contentUrl":"https:\/\/www.accuratereviews.com\/wp-content\/uploads\/2021\/11\/figma.png","width":1374,"height":710},{"@type":"BreadcrumbList","@id":"https:\/\/www.accuratereviews.com\/it\/programmi-grafica-design\/figma-recensione\/#breadcrumb","itemListElement":[{"@type":"ListItem","position":1,"name":"Home","item":"https:\/\/www.accuratereviews.com\/it\/"},{"@type":"ListItem","position":2,"name":"Programmi grafica design","item":"https:\/\/www.accuratereviews.com\/it\/programmi-grafica-design\/"},{"@type":"ListItem","position":3,"name":"Figma"}]},{"@type":"WebSite","@id":"https:\/\/www.accuratereviews.com\/it\/#website","url":"https:\/\/www.accuratereviews.com\/it\/","name":"Accurate Reviews","description":"","potentialAction":[{"@type":"SearchAction","target":{"@type":"EntryPoint","urlTemplate":"https:\/\/www.accuratereviews.com\/it\/?s={search_term_string}"},"query-input":{"@type":"PropertyValueSpecification","valueRequired":true,"valueName":"search_term_string"}}],"inLanguage":"it-IT"}]}},"_links":{"self":[{"href":"https:\/\/www.accuratereviews.com\/it\/wp-json\/wp\/v2\/pages\/50183","targetHints":{"allow":["GET"]}}],"collection":[{"href":"https:\/\/www.accuratereviews.com\/it\/wp-json\/wp\/v2\/pages"}],"about":[{"href":"https:\/\/www.accuratereviews.com\/it\/wp-json\/wp\/v2\/types\/page"}],"author":[{"embeddable":true,"href":"https:\/\/www.accuratereviews.com\/it\/wp-json\/wp\/v2\/users\/16"}],"replies":[{"embeddable":true,"href":"https:\/\/www.accuratereviews.com\/it\/wp-json\/wp\/v2\/comments?post=50183"}],"version-history":[{"count":10,"href":"https:\/\/www.accuratereviews.com\/it\/wp-json\/wp\/v2\/pages\/50183\/revisions"}],"predecessor-version":[{"id":50232,"href":"https:\/\/www.accuratereviews.com\/it\/wp-json\/wp\/v2\/pages\/50183\/revisions\/50232"}],"up":[{"embeddable":true,"href":"https:\/\/www.accuratereviews.com\/it\/wp-json\/wp\/v2\/pages\/49827"}],"wp:featuredmedia":[{"embeddable":true,"href":"https:\/\/www.accuratereviews.com\/it\/wp-json\/wp\/v2\/media\/50184"}],"wp:attachment":[{"href":"https:\/\/www.accuratereviews.com\/it\/wp-json\/wp\/v2\/media?parent=50183"}],"wp:term":[{"taxonomy":"category","embeddable":true,"href":"https:\/\/www.accuratereviews.com\/it\/wp-json\/wp\/v2\/categories?post=50183"},{"taxonomy":"post_tag","embeddable":true,"href":"https:\/\/www.accuratereviews.com\/it\/wp-json\/wp\/v2\/tags?post=50183"},{"taxonomy":"features","embeddable":true,"href":"https:\/\/www.accuratereviews.com\/it\/wp-json\/wp\/v2\/features?post=50183"}],"curies":[{"name":"wp","href":"https:\/\/api.w.org\/{rel}","templated":true}]}}