{"id":50259,"date":"2021-11-22T12:39:50","date_gmt":"2021-11-22T12:39:50","guid":{"rendered":"https:\/\/www.accuratereviews.com\/?page_id=50259"},"modified":"2021-11-22T12:39:50","modified_gmt":"2021-11-22T12:39:50","slug":"venngage-recensione","status":"publish","type":"page","link":"https:\/\/www.accuratereviews.com\/it\/programmi-grafica-design\/venngage-recensione\/","title":{"rendered":"Venngage"},"content":{"rendered":"<p><strong>Venngage<\/strong> \u00e8 un&#8217;<strong>applicazione di progettazione di infografiche<\/strong>\u00a0affidabile che converte dati e processi in contenuti accessibili e memorabili. Fornisce una vasta gamma di semplici opzioni di esportazione, clipart, icone, modelli e temi personalizzabili, tela di progettazione a forma libera e interfaccia utente drag &amp; drop.\u00a0Inoltre, il software \u00e8 dominato da una robusta personalizzazione e facilit\u00e0 d&#8217;uso. \u00c8 un&#8217;ottima opzione per i marketer di contenuti che desiderano creare contenuti visivi accattivanti a un costo minimo. <strong>Venngage<\/strong> supporta anche la condivisione senza interruzioni sui social media. \u00c8 sempre facile pubblicare e incorporare progetti completati sul tuo sito web o blog. Puoi anche scaricare le tue infografiche come file pdf o immagini.<\/p>\n<h2>VENNGAGE &#8211; TUTORIAL<\/h2>\n<p>Guardiamo come come creare diagrammi con questo software di grafica design:<\/p>\n<div id=\"fluid-wrapper-counter-1\" class=\"g1-fluid-wrapper \" style=\"width:686px;\">\n<div style=\"padding-bottom:56.268221574344%;\"><iframe loading=\"lazy\" title=\"Venngage Diagram Maker | Smart Diagram Features\" width=\"686\" height=\"386\" src=\"https:\/\/www.youtube.com\/embed\/HE12gacrXl8?feature=oembed&amp;wmode=transparent&amp;autohide=1&amp;autoplay=0&amp;disablekb=0&amp;fs=1&amp;loop=0&amp;enablejsapi=1&amp;rel=0&amp;controls=2&amp;showinfo=0&amp;wmode=transparent&amp;autohide=2&amp;autoplay=0&amp;disablekb=0&amp;fs=1&amp;loop=0&amp;enablejsapi=1&amp;rel=0&amp;controls=2&amp;showinfo=1\" frameborder=\"0\" allow=\"accelerometer; autoplay; clipboard-write; encrypted-media; gyroscope; picture-in-picture\" allowfullscreen><\/iframe><\/div>\n<\/div>\n<h3>VENNGAGE &#8211; CARATTERISTICHE<\/h3>\n<ul>\n<li>Migliaia di icone, pittogrammi e illustrazioni<\/li>\n<li>Carica le tue immagini dal tuo computer o dal web<\/li>\n<li>Centinaia di splendidi modelli, con nuove aggiunte ogni settimana<\/li>\n<li>Colori, dimensioni, stili personalizzabili<\/li>\n<li>Visualizzazioni di dati dinamiche e accattivanti<\/li>\n<li>Sposta oggetti senza alcuna restrizione di area<\/li>\n<li>Allinea ai margini per l&#8217;allineamento automatico e modifiche completamente libere<\/li>\n<li>Condividi privatamente le tue infografiche con tutti<\/li>\n<li>Incorporale e crea link sul tuo blog o sul tuo sito web<\/li>\n<li>Scarica le infografiche come immagini o PDF<\/li>\n<li>Fai in modo che il tuo brand rimanga riconoscibile su tutti i tuoi canali social. Incorpora gli schemi di colori del tuo brand nelle tue grafiche per social media usando lo strumento per la scelta dei colori, e carica le tue immagini personali nella tua collezione.<\/li>\n<\/ul>\n<h4>LE RECENSIONI DEGLI UTENTI<\/h4>\n<p class=\"font-weight-bold mb-2\"><strong>Nina D.&#8221;Grande fan di Venngage&#8221;<\/strong><\/p>\n<p><span class=\"font-weight-bold\"><strong>Commenti<\/strong>: <\/span>Tutta la nostra pubblicit\u00e0 \u00e8 realizzata tramite Venngage. Usiamo anche Venngage per creare la grafica per le nostre presentazioni.<\/p>\n<p class=\"font-weight-bold mb-2\"><strong>Pro<\/strong>:\u00a0Venngage \u00e8 un ottimo prodotto: abbiamo utilizzato Venngage invece di assumere un organizzatore grafico e mi piace il controllo che ho sui miei prodotti visivi. Quando ho premuto per una maggiore diversit\u00e0 di tonalit\u00e0 della pelle e persone, il servizio clienti mi ha contattato direttamente per condividere i progressi e hanno apportato grandi cambiamenti. Sono reattivi e la loro grafica \u00e8 fantastica.<\/p>\n<p class=\"font-weight-bold mb-2\"><strong>Contro<\/strong>:\u00a0Non mi piace il prezzo e non sono sicuro del motivo per cui \u00e8 cos\u00ec costoso. Ho bisogno diversit\u00e0 nelle immagini.<\/p>\n<p class=\"font-weight-bold mb-2\"><strong>Ryan H.&#8221;Recensione Venngage&#8221;<\/strong><\/p>\n<p><span class=\"font-weight-bold\"><strong>Commenti<\/strong>: o<\/span>ttimo coltellino svizzero per designer. Ottimo per trovare ispirazione, ma anche un buon strumento in s\u00e9 e per s\u00e9.<\/p>\n<p class=\"font-weight-bold mb-2\"><strong>Pro<\/strong>: ci sono cos\u00ec tanti modelli. \u00c8 davvero il sogno di ogni designer. Sono l&#8217;unico addetto al marketing, quindi mi aiuta a creare i contenuti e a trarre ispirazione.<\/p>\n<p class=\"font-weight-bold mb-2\"><strong>Contro<\/strong>:\u00a0La funzionalit\u00e0 stessa \u00e8 molto complicata e schizzinosa. Ad esempio, quando fai clic per modificare una casella di testo, questa sposter\u00e0 la sua posizione il 99% delle volte, quindi quando premi Annulla, si blocca per alcuni secondi.<\/p>\n<p class=\"font-weight-bold mb-2\"><strong>Armand R.&#8221;Adoro usare Venngage&#8221;<\/strong><\/p>\n<p class=\"font-weight-bold mb-2\"><strong>Pro<\/strong>: questa app ha reso cos\u00ec facile creare infografiche che sono una componente cruciale del settore editoriale. Ho usato la versione di prova gratuita e sono davvero soddisfatto del prodotto e ho intenzione di acquistarlo il mese prossimo. Questo \u00e8 un must per tutte le piccole imprese l\u00e0 fuori perch\u00e9 \u00e8 un ottimo prodotto che crea fantastiche infografiche. Lo consiglio vivamente.<\/p>\n<p class=\"font-weight-bold mb-2\"><strong>Contro<\/strong>: non ci sono svantaggi per Venngage, piuttosto che fa solo ci\u00f2 che pubblicizza e crea fantastiche infografiche. Lo trovo estremamente utile nella gestione della mia piccola impresa e lo consiglio vivamente.<\/p>\n","protected":false},"excerpt":{"rendered":"<p>Venngage \u00e8 un&#8217;applicazione di progettazione infografica affidabile che converte dati e processi in contenuti accessibili e memorabili. Fornisce una vasta gamma di semplici opzioni di esportazione, clipart, icone, modelli e temi personalizzabili, tela di progettazione a forma libera e interfaccia utente drag &#038; drop.\u00a0<\/p>\n","protected":false},"author":16,"featured_media":50260,"parent":49827,"menu_order":0,"comment_status":"open","ping_status":"closed","template":"g1_template_page_review_new.php","meta":{"_acf_changed":false,"cwp_meta_box_check":"No","cwp_rev_product_name":"","cwp_rev_product_image":"","wppr_links":[],"cwp_rev_price":"","wppr_options":[],"wppr_pros":[],"wppr_cons":[],"_monsterinsights_skip_tracking":false,"_monsterinsights_sitenote_active":false,"_monsterinsights_sitenote_note":"","_monsterinsights_sitenote_category":0,"footnotes":""},"categories":[11404],"tags":[11409,11408,11406,11405,11528],"features":[],"class_list":{"0":"post-50259","1":"page","2":"type-page","3":"status-publish","4":"has-post-thumbnail","6":"category-programmi-grafica-design-cat","7":"tag-piattaforma-grafica-design","8":"tag-programma-grafica-design","9":"tag-software-grafica-design","10":"tag-soluzione-grafica-design","11":"tag-venngage"},"wppr_data":{"cwp_meta_box_check":"No"},"acf":[],"yoast_head":"<!-- This site is optimized with the Yoast SEO plugin v27.4 - https:\/\/yoast.com\/product\/yoast-seo-wordpress\/ -->\n<title>Venngage: recensione software grafica design - Accurate Reviews<\/title>\n<meta name=\"description\" content=\"Venngage: recensione applicazione di progettazione infografica affidabile che converte dati e processi in contenuti accessibili e memorabili.\" \/>\n<meta name=\"robots\" content=\"index, follow, max-snippet:-1, max-image-preview:large, max-video-preview:-1\" \/>\n<link rel=\"canonical\" href=\"https:\/\/www.accuratereviews.com\/it\/programmi-grafica-design\/venngage-recensione\/\" \/>\n<meta property=\"og:locale\" content=\"it_IT\" \/>\n<meta property=\"og:type\" content=\"article\" \/>\n<meta property=\"og:title\" content=\"Venngage: recensione software grafica design - Accurate Reviews\" \/>\n<meta property=\"og:description\" content=\"Venngage: recensione applicazione di progettazione infografica affidabile che converte dati e processi in contenuti accessibili e memorabili.\" \/>\n<meta property=\"og:url\" content=\"https:\/\/www.accuratereviews.com\/it\/programmi-grafica-design\/venngage-recensione\/\" \/>\n<meta property=\"og:site_name\" content=\"Accurate Reviews\" \/>\n<meta property=\"og:image\" content=\"https:\/\/www.accuratereviews.com\/wp-content\/uploads\/2021\/11\/Venngage-1.png\" \/>\n\t<meta property=\"og:image:width\" content=\"800\" \/>\n\t<meta property=\"og:image:height\" content=\"300\" \/>\n\t<meta property=\"og:image:type\" content=\"image\/png\" \/>\n<meta name=\"twitter:card\" content=\"summary_large_image\" \/>\n<meta name=\"twitter:label1\" content=\"Tempo di lettura stimato\" \/>\n\t<meta name=\"twitter:data1\" content=\"3 minuti\" \/>\n<script type=\"application\/ld+json\" class=\"yoast-schema-graph\">{\"@context\":\"https:\\\/\\\/schema.org\",\"@graph\":[{\"@type\":\"WebPage\",\"@id\":\"https:\\\/\\\/www.accuratereviews.com\\\/it\\\/programmi-grafica-design\\\/venngage-recensione\\\/\",\"url\":\"https:\\\/\\\/www.accuratereviews.com\\\/it\\\/programmi-grafica-design\\\/venngage-recensione\\\/\",\"name\":\"Venngage: recensione software grafica design - Accurate Reviews\",\"isPartOf\":{\"@id\":\"https:\\\/\\\/www.accuratereviews.com\\\/it\\\/#website\"},\"primaryImageOfPage\":{\"@id\":\"https:\\\/\\\/www.accuratereviews.com\\\/it\\\/programmi-grafica-design\\\/venngage-recensione\\\/#primaryimage\"},\"image\":{\"@id\":\"https:\\\/\\\/www.accuratereviews.com\\\/it\\\/programmi-grafica-design\\\/venngage-recensione\\\/#primaryimage\"},\"thumbnailUrl\":\"https:\\\/\\\/www.accuratereviews.com\\\/wp-content\\\/uploads\\\/2021\\\/11\\\/Venngage-1.png\",\"datePublished\":\"2021-11-22T12:39:50+00:00\",\"description\":\"Venngage: recensione applicazione di progettazione infografica affidabile che converte dati e processi in contenuti accessibili e memorabili.\",\"breadcrumb\":{\"@id\":\"https:\\\/\\\/www.accuratereviews.com\\\/it\\\/programmi-grafica-design\\\/venngage-recensione\\\/#breadcrumb\"},\"inLanguage\":\"it-IT\",\"potentialAction\":[{\"@type\":\"ReadAction\",\"target\":[\"https:\\\/\\\/www.accuratereviews.com\\\/it\\\/programmi-grafica-design\\\/venngage-recensione\\\/\"]}]},{\"@type\":\"ImageObject\",\"inLanguage\":\"it-IT\",\"@id\":\"https:\\\/\\\/www.accuratereviews.com\\\/it\\\/programmi-grafica-design\\\/venngage-recensione\\\/#primaryimage\",\"url\":\"https:\\\/\\\/www.accuratereviews.com\\\/wp-content\\\/uploads\\\/2021\\\/11\\\/Venngage-1.png\",\"contentUrl\":\"https:\\\/\\\/www.accuratereviews.com\\\/wp-content\\\/uploads\\\/2021\\\/11\\\/Venngage-1.png\",\"width\":800,\"height\":300},{\"@type\":\"BreadcrumbList\",\"@id\":\"https:\\\/\\\/www.accuratereviews.com\\\/it\\\/programmi-grafica-design\\\/venngage-recensione\\\/#breadcrumb\",\"itemListElement\":[{\"@type\":\"ListItem\",\"position\":1,\"name\":\"Home\",\"item\":\"https:\\\/\\\/www.accuratereviews.com\\\/it\\\/\"},{\"@type\":\"ListItem\",\"position\":2,\"name\":\"Programmi grafica design\",\"item\":\"https:\\\/\\\/www.accuratereviews.com\\\/it\\\/programmi-grafica-design\\\/\"},{\"@type\":\"ListItem\",\"position\":3,\"name\":\"Venngage\"}]},{\"@type\":\"WebSite\",\"@id\":\"https:\\\/\\\/www.accuratereviews.com\\\/it\\\/#website\",\"url\":\"https:\\\/\\\/www.accuratereviews.com\\\/it\\\/\",\"name\":\"Accurate Reviews\",\"description\":\"\",\"potentialAction\":[{\"@type\":\"SearchAction\",\"target\":{\"@type\":\"EntryPoint\",\"urlTemplate\":\"https:\\\/\\\/www.accuratereviews.com\\\/it\\\/?s={search_term_string}\"},\"query-input\":{\"@type\":\"PropertyValueSpecification\",\"valueRequired\":true,\"valueName\":\"search_term_string\"}}],\"inLanguage\":\"it-IT\"}]}<\/script>\n<!-- \/ Yoast SEO plugin. -->","yoast_head_json":{"title":"Venngage: recensione software grafica design - Accurate Reviews","description":"Venngage: recensione applicazione di progettazione infografica affidabile che converte dati e processi in contenuti accessibili e memorabili.","robots":{"index":"index","follow":"follow","max-snippet":"max-snippet:-1","max-image-preview":"max-image-preview:large","max-video-preview":"max-video-preview:-1"},"canonical":"https:\/\/www.accuratereviews.com\/it\/programmi-grafica-design\/venngage-recensione\/","og_locale":"it_IT","og_type":"article","og_title":"Venngage: recensione software grafica design - Accurate Reviews","og_description":"Venngage: recensione applicazione di progettazione infografica affidabile che converte dati e processi in contenuti accessibili e memorabili.","og_url":"https:\/\/www.accuratereviews.com\/it\/programmi-grafica-design\/venngage-recensione\/","og_site_name":"Accurate Reviews","og_image":[{"width":800,"height":300,"url":"https:\/\/www.accuratereviews.com\/wp-content\/uploads\/2021\/11\/Venngage-1.png","type":"image\/png"}],"twitter_card":"summary_large_image","twitter_misc":{"Tempo di lettura stimato":"3 minuti"},"schema":{"@context":"https:\/\/schema.org","@graph":[{"@type":"WebPage","@id":"https:\/\/www.accuratereviews.com\/it\/programmi-grafica-design\/venngage-recensione\/","url":"https:\/\/www.accuratereviews.com\/it\/programmi-grafica-design\/venngage-recensione\/","name":"Venngage: recensione software grafica design - Accurate Reviews","isPartOf":{"@id":"https:\/\/www.accuratereviews.com\/it\/#website"},"primaryImageOfPage":{"@id":"https:\/\/www.accuratereviews.com\/it\/programmi-grafica-design\/venngage-recensione\/#primaryimage"},"image":{"@id":"https:\/\/www.accuratereviews.com\/it\/programmi-grafica-design\/venngage-recensione\/#primaryimage"},"thumbnailUrl":"https:\/\/www.accuratereviews.com\/wp-content\/uploads\/2021\/11\/Venngage-1.png","datePublished":"2021-11-22T12:39:50+00:00","description":"Venngage: recensione applicazione di progettazione infografica affidabile che converte dati e processi in contenuti accessibili e memorabili.","breadcrumb":{"@id":"https:\/\/www.accuratereviews.com\/it\/programmi-grafica-design\/venngage-recensione\/#breadcrumb"},"inLanguage":"it-IT","potentialAction":[{"@type":"ReadAction","target":["https:\/\/www.accuratereviews.com\/it\/programmi-grafica-design\/venngage-recensione\/"]}]},{"@type":"ImageObject","inLanguage":"it-IT","@id":"https:\/\/www.accuratereviews.com\/it\/programmi-grafica-design\/venngage-recensione\/#primaryimage","url":"https:\/\/www.accuratereviews.com\/wp-content\/uploads\/2021\/11\/Venngage-1.png","contentUrl":"https:\/\/www.accuratereviews.com\/wp-content\/uploads\/2021\/11\/Venngage-1.png","width":800,"height":300},{"@type":"BreadcrumbList","@id":"https:\/\/www.accuratereviews.com\/it\/programmi-grafica-design\/venngage-recensione\/#breadcrumb","itemListElement":[{"@type":"ListItem","position":1,"name":"Home","item":"https:\/\/www.accuratereviews.com\/it\/"},{"@type":"ListItem","position":2,"name":"Programmi grafica design","item":"https:\/\/www.accuratereviews.com\/it\/programmi-grafica-design\/"},{"@type":"ListItem","position":3,"name":"Venngage"}]},{"@type":"WebSite","@id":"https:\/\/www.accuratereviews.com\/it\/#website","url":"https:\/\/www.accuratereviews.com\/it\/","name":"Accurate Reviews","description":"","potentialAction":[{"@type":"SearchAction","target":{"@type":"EntryPoint","urlTemplate":"https:\/\/www.accuratereviews.com\/it\/?s={search_term_string}"},"query-input":{"@type":"PropertyValueSpecification","valueRequired":true,"valueName":"search_term_string"}}],"inLanguage":"it-IT"}]}},"_links":{"self":[{"href":"https:\/\/www.accuratereviews.com\/it\/wp-json\/wp\/v2\/pages\/50259","targetHints":{"allow":["GET"]}}],"collection":[{"href":"https:\/\/www.accuratereviews.com\/it\/wp-json\/wp\/v2\/pages"}],"about":[{"href":"https:\/\/www.accuratereviews.com\/it\/wp-json\/wp\/v2\/types\/page"}],"author":[{"embeddable":true,"href":"https:\/\/www.accuratereviews.com\/it\/wp-json\/wp\/v2\/users\/16"}],"replies":[{"embeddable":true,"href":"https:\/\/www.accuratereviews.com\/it\/wp-json\/wp\/v2\/comments?post=50259"}],"version-history":[{"count":8,"href":"https:\/\/www.accuratereviews.com\/it\/wp-json\/wp\/v2\/pages\/50259\/revisions"}],"predecessor-version":[{"id":50291,"href":"https:\/\/www.accuratereviews.com\/it\/wp-json\/wp\/v2\/pages\/50259\/revisions\/50291"}],"up":[{"embeddable":true,"href":"https:\/\/www.accuratereviews.com\/it\/wp-json\/wp\/v2\/pages\/49827"}],"wp:featuredmedia":[{"embeddable":true,"href":"https:\/\/www.accuratereviews.com\/it\/wp-json\/wp\/v2\/media\/50260"}],"wp:attachment":[{"href":"https:\/\/www.accuratereviews.com\/it\/wp-json\/wp\/v2\/media?parent=50259"}],"wp:term":[{"taxonomy":"category","embeddable":true,"href":"https:\/\/www.accuratereviews.com\/it\/wp-json\/wp\/v2\/categories?post=50259"},{"taxonomy":"post_tag","embeddable":true,"href":"https:\/\/www.accuratereviews.com\/it\/wp-json\/wp\/v2\/tags?post=50259"},{"taxonomy":"features","embeddable":true,"href":"https:\/\/www.accuratereviews.com\/it\/wp-json\/wp\/v2\/features?post=50259"}],"curies":[{"name":"wp","href":"https:\/\/api.w.org\/{rel}","templated":true}]}}