{"id":50266,"date":"2021-11-23T10:45:04","date_gmt":"2021-11-23T10:45:04","guid":{"rendered":"https:\/\/www.accuratereviews.com\/?page_id=50266"},"modified":"2021-11-23T11:09:28","modified_gmt":"2021-11-23T11:09:28","slug":"penji-recensione","status":"publish","type":"page","link":"https:\/\/www.accuratereviews.com\/it\/programmi-grafica-design\/penji-recensione\/","title":{"rendered":"Penji"},"content":{"rendered":"<p><strong>Penji<\/strong> \u00e8 un <strong>servizio di progettazione grafica<\/strong> che ti permette di migliorare e automatizzare tutto il processo di creazione ed elaborazione del tuo progetto. Si tratta infatti di una <strong>piattaforma online<\/strong> che mette a disposizione un designer qualificato per qualsiasi tipo di lavoro. Quello che dovrai fare tu \u00e8 semplicemente interfacciarti con il professionista, condividendo le tue idee e poi aspettare al massimo 48 ore per la bozza. Per rendere questa esperienza ancora pi\u00f9 piacevole e completa, <strong>Penji<\/strong> ti permette di revisionare il tuo progetto o addirittura cambiare designer fino a quando non sarai soddisfatto del risultato. Una volta terminato, dovrai solo scaricarlo con un clic.<\/p>\n<h2>PENJI &#8211; TUTORIAL<\/h2>\n<p>Di seguito un video che spiega come funziona questo <strong>servizio di grafic design<\/strong>:<\/p>\n<div id=\"fluid-wrapper-counter-1\" class=\"g1-fluid-wrapper \" style=\"width:686px;\">\n<div style=\"padding-bottom:56.268221574344%;\"><iframe loading=\"lazy\" title=\"Penji - Best On-Demand Graphic Design Service Online? (review)\" width=\"686\" height=\"386\" src=\"https:\/\/www.youtube.com\/embed\/LBcNKZBFFjk?feature=oembed&amp;wmode=transparent&amp;autohide=1&amp;autoplay=0&amp;disablekb=0&amp;fs=1&amp;loop=0&amp;enablejsapi=1&amp;rel=0&amp;controls=2&amp;showinfo=0&amp;wmode=transparent&amp;autohide=2&amp;autoplay=0&amp;disablekb=0&amp;fs=1&amp;loop=0&amp;enablejsapi=1&amp;rel=0&amp;controls=2&amp;showinfo=1\" frameborder=\"0\" allow=\"accelerometer; autoplay; clipboard-write; encrypted-media; gyroscope; picture-in-picture\" allowfullscreen><\/iframe><\/div>\n<\/div>\n<h3>PENJI &#8211; CARATTERISTICHE<\/h3>\n<ul>\n<li><strong>Progetti di design illimitati<\/strong>: invia e metti in coda tutti i progetti di design che vuoi sulla piattaforma<\/li>\n<li><strong>Designer qualificati<\/strong>: trova i migliori designer grafici in grado di prendere in carico qualsiasi progetto richiesto<\/li>\n<li><strong>Revisioni illimitate<\/strong>: non sei ancora soddisfatto del tuo design? Invia tutte le revisioni che vuoi finch\u00e9 non sei soddisfatto<\/li>\n<li><strong>Consegna veloce<\/strong>: designer affidabili che lavorano sulle tue richieste ogni giorno con 24 &#8211; 48 ore di consegna sulla maggior parte dei progetti<\/li>\n<li><strong>Supporto umano<\/strong>: supporto dedicato per assicurarti un&#8217;esperienza piacevole e senza intoppi<\/li>\n<li><strong>Collaborazione di squadra<\/strong>: ottieni di pi\u00f9 invitando i membri del tuo team e i clienti<\/li>\n<li><strong>Nessun costo nascosto<\/strong>: nessun costo orario e nessun costo a sorpresa. Solo una tariffa flat mensile per tutte le tue esigenze di design<\/li>\n<li><strong>Propriet\u00e0 dei file<\/strong>: a tua disposizione il 100% di propriet\u00e0 di tutti i file originali creati per il tuo progetto.<\/li>\n<\/ul>\n<h4>LE RECENSIONI DEGLI UTENTI<\/h4>\n<p><strong>Dennis H. &#8220;Come un bambino a Natale&#8221;<\/strong><br \/>\nCOMMENTI: ti fanno venire voglia di alzarti presto dal letto ogni giorno come un bambino a Natale. \u00c8 emozionante vedere le nuove versioni delle tue visioni che prendono vita. L&#8217;unico modo in cui so che \u00e8 un fine settimana quando mi sveglio \u00e8 che non c&#8217;\u00e8 un nuovo design Penji da rivedere.<br \/>\nPRO: il valore, la coerenza e la qualit\u00e0 una volta che hai un designer che conosce il tuo stile.<br \/>\nCONTRO: c&#8217;\u00e8 una curva di formazione e di apprendimento, ma questo \u00e8 perch\u00e9 si ha a che fare con esseri umani reali. Questo \u00e8 inevitabile, e la curva tende ad essere pi\u00f9 breve rispetto ai designer indipendenti.<\/p>\n<p><strong>Charles K. &#8220;Una piacevole sorpresa&#8221;<\/strong><br \/>\nPRO: incredibilmente veloce e accurato &#8211; Penji \u00e8 stato in grado di duplicarlo entro 24 ore senza molte difficolt\u00e0 e alla lettera a ci\u00f2 che avevamo bisogno e volevamo. Ci ha fatto risparmiare una quantit\u00e0 incredibile di tempo.<br \/>\nCONTRO: devi, pi\u00f9 o meno, avere il design formulato &#8211; il che significa che non c&#8217;\u00e8 molto margine di manovra per il design originale o lo sviluppo del concetto. I brief dettagliati funzionano meglio &#8211; sai cosa vuoi prima di entrare.<\/p>\n<p><strong>Eileen G. &#8220;Felice di aver scelto Penji per i progetti&#8221;<\/strong><br \/>\nCOMMENTI: Penji fa la grafica per le nostre campagne di marketing. Abbiamo concessionarie d&#8217;auto, sedi di eventi, studi legali e molti altri clienti che ricevono creazioni di campagne mensili. Penji \u00e8 in grado di lavorare velocemente e sono stati molto affidabili.<br \/>\nPRO: tempi rapidi, buona comunicazione. Molto veloci con le revisioni.<br \/>\nCONTRO: a volte la grafica pu\u00f2 sembrare ripetitiva.<\/p>\n","protected":false},"excerpt":{"rendered":"<p>Penji \u00e8 un servizio di progettazione grafica che ti permette di migliorare e\u00a0automatizzare tutto il processo di creazione ed elaborazione del tuo progetto grafico. Si tratta infatti di una piattaforma online che mette a disposizione un designer qualificato per qualsiasi lavoro e per ogni lavoro.<\/p>\n","protected":false},"author":17,"featured_media":50267,"parent":49827,"menu_order":0,"comment_status":"open","ping_status":"closed","template":"g1_template_page_review_new.php","meta":{"_acf_changed":false,"cwp_meta_box_check":"No","cwp_rev_product_name":"","cwp_rev_product_image":"","wppr_links":[],"cwp_rev_price":"","wppr_options":[],"wppr_pros":[],"wppr_cons":[],"_monsterinsights_skip_tracking":false,"_monsterinsights_sitenote_active":false,"_monsterinsights_sitenote_note":"","_monsterinsights_sitenote_category":0,"footnotes":""},"categories":[11404],"tags":[11442,11407,11409,11452,11454,11405],"features":[],"class_list":{"0":"post-50266","1":"page","2":"type-page","3":"status-publish","4":"has-post-thumbnail","6":"category-programmi-grafica-design-cat","7":"tag-grafica","8":"tag-grafica-design","9":"tag-piattaforma-grafica-design","10":"tag-piattaforma-per-grafica-design","11":"tag-progettazione-grafica","12":"tag-soluzione-grafica-design"},"wppr_data":{"cwp_meta_box_check":"No"},"acf":[],"yoast_head":"<!-- This site is optimized with the Yoast SEO plugin v27.4 - https:\/\/yoast.com\/product\/yoast-seo-wordpress\/ -->\n<title>Penji: recensione servizio grafica design - Accurate Reviews<\/title>\n<meta name=\"description\" content=\"Penji: recensione del servizio di progettazione grafica che ti permette di automatizzare il processo di creazione del tuo progetto grafico.\" \/>\n<meta name=\"robots\" content=\"index, follow, max-snippet:-1, max-image-preview:large, max-video-preview:-1\" \/>\n<link rel=\"canonical\" href=\"https:\/\/www.accuratereviews.com\/it\/programmi-grafica-design\/penji-recensione\/\" \/>\n<meta property=\"og:locale\" content=\"it_IT\" \/>\n<meta property=\"og:type\" content=\"article\" \/>\n<meta property=\"og:title\" content=\"Penji: recensione servizio grafica design - Accurate Reviews\" \/>\n<meta property=\"og:description\" content=\"Penji: recensione del servizio di progettazione grafica che ti permette di automatizzare il processo di creazione del tuo progetto grafico.\" \/>\n<meta property=\"og:url\" content=\"https:\/\/www.accuratereviews.com\/it\/programmi-grafica-design\/penji-recensione\/\" \/>\n<meta property=\"og:site_name\" content=\"Accurate Reviews\" \/>\n<meta property=\"article:modified_time\" content=\"2021-11-23T11:09:28+00:00\" \/>\n<meta property=\"og:image\" content=\"https:\/\/www.accuratereviews.com\/wp-content\/uploads\/2021\/11\/Unknown-2.png\" \/>\n\t<meta property=\"og:image:width\" content=\"225\" \/>\n\t<meta property=\"og:image:height\" content=\"225\" \/>\n\t<meta property=\"og:image:type\" content=\"image\/png\" \/>\n<meta name=\"twitter:card\" content=\"summary_large_image\" \/>\n<meta name=\"twitter:label1\" content=\"Tempo di lettura stimato\" \/>\n\t<meta name=\"twitter:data1\" content=\"3 minuti\" \/>\n<script type=\"application\/ld+json\" class=\"yoast-schema-graph\">{\"@context\":\"https:\\\/\\\/schema.org\",\"@graph\":[{\"@type\":\"WebPage\",\"@id\":\"https:\\\/\\\/www.accuratereviews.com\\\/it\\\/programmi-grafica-design\\\/penji-recensione\\\/\",\"url\":\"https:\\\/\\\/www.accuratereviews.com\\\/it\\\/programmi-grafica-design\\\/penji-recensione\\\/\",\"name\":\"Penji: recensione servizio grafica design - Accurate Reviews\",\"isPartOf\":{\"@id\":\"https:\\\/\\\/www.accuratereviews.com\\\/it\\\/#website\"},\"primaryImageOfPage\":{\"@id\":\"https:\\\/\\\/www.accuratereviews.com\\\/it\\\/programmi-grafica-design\\\/penji-recensione\\\/#primaryimage\"},\"image\":{\"@id\":\"https:\\\/\\\/www.accuratereviews.com\\\/it\\\/programmi-grafica-design\\\/penji-recensione\\\/#primaryimage\"},\"thumbnailUrl\":\"https:\\\/\\\/www.accuratereviews.com\\\/wp-content\\\/uploads\\\/2021\\\/11\\\/Unknown-2.png\",\"datePublished\":\"2021-11-23T10:45:04+00:00\",\"dateModified\":\"2021-11-23T11:09:28+00:00\",\"description\":\"Penji: recensione del servizio di progettazione grafica che ti permette di automatizzare il processo di creazione del tuo progetto grafico.\",\"breadcrumb\":{\"@id\":\"https:\\\/\\\/www.accuratereviews.com\\\/it\\\/programmi-grafica-design\\\/penji-recensione\\\/#breadcrumb\"},\"inLanguage\":\"it-IT\",\"potentialAction\":[{\"@type\":\"ReadAction\",\"target\":[\"https:\\\/\\\/www.accuratereviews.com\\\/it\\\/programmi-grafica-design\\\/penji-recensione\\\/\"]}]},{\"@type\":\"ImageObject\",\"inLanguage\":\"it-IT\",\"@id\":\"https:\\\/\\\/www.accuratereviews.com\\\/it\\\/programmi-grafica-design\\\/penji-recensione\\\/#primaryimage\",\"url\":\"https:\\\/\\\/www.accuratereviews.com\\\/wp-content\\\/uploads\\\/2021\\\/11\\\/Unknown-2.png\",\"contentUrl\":\"https:\\\/\\\/www.accuratereviews.com\\\/wp-content\\\/uploads\\\/2021\\\/11\\\/Unknown-2.png\",\"width\":225,\"height\":225},{\"@type\":\"BreadcrumbList\",\"@id\":\"https:\\\/\\\/www.accuratereviews.com\\\/it\\\/programmi-grafica-design\\\/penji-recensione\\\/#breadcrumb\",\"itemListElement\":[{\"@type\":\"ListItem\",\"position\":1,\"name\":\"Home\",\"item\":\"https:\\\/\\\/www.accuratereviews.com\\\/it\\\/\"},{\"@type\":\"ListItem\",\"position\":2,\"name\":\"Programmi grafica design\",\"item\":\"https:\\\/\\\/www.accuratereviews.com\\\/it\\\/programmi-grafica-design\\\/\"},{\"@type\":\"ListItem\",\"position\":3,\"name\":\"Penji\"}]},{\"@type\":\"WebSite\",\"@id\":\"https:\\\/\\\/www.accuratereviews.com\\\/it\\\/#website\",\"url\":\"https:\\\/\\\/www.accuratereviews.com\\\/it\\\/\",\"name\":\"Accurate Reviews\",\"description\":\"\",\"potentialAction\":[{\"@type\":\"SearchAction\",\"target\":{\"@type\":\"EntryPoint\",\"urlTemplate\":\"https:\\\/\\\/www.accuratereviews.com\\\/it\\\/?s={search_term_string}\"},\"query-input\":{\"@type\":\"PropertyValueSpecification\",\"valueRequired\":true,\"valueName\":\"search_term_string\"}}],\"inLanguage\":\"it-IT\"}]}<\/script>\n<!-- \/ Yoast SEO plugin. -->","yoast_head_json":{"title":"Penji: recensione servizio grafica design - Accurate Reviews","description":"Penji: recensione del servizio di progettazione grafica che ti permette di automatizzare il processo di creazione del tuo progetto grafico.","robots":{"index":"index","follow":"follow","max-snippet":"max-snippet:-1","max-image-preview":"max-image-preview:large","max-video-preview":"max-video-preview:-1"},"canonical":"https:\/\/www.accuratereviews.com\/it\/programmi-grafica-design\/penji-recensione\/","og_locale":"it_IT","og_type":"article","og_title":"Penji: recensione servizio grafica design - Accurate Reviews","og_description":"Penji: recensione del servizio di progettazione grafica che ti permette di automatizzare il processo di creazione del tuo progetto grafico.","og_url":"https:\/\/www.accuratereviews.com\/it\/programmi-grafica-design\/penji-recensione\/","og_site_name":"Accurate Reviews","article_modified_time":"2021-11-23T11:09:28+00:00","og_image":[{"width":225,"height":225,"url":"https:\/\/www.accuratereviews.com\/wp-content\/uploads\/2021\/11\/Unknown-2.png","type":"image\/png"}],"twitter_card":"summary_large_image","twitter_misc":{"Tempo di lettura stimato":"3 minuti"},"schema":{"@context":"https:\/\/schema.org","@graph":[{"@type":"WebPage","@id":"https:\/\/www.accuratereviews.com\/it\/programmi-grafica-design\/penji-recensione\/","url":"https:\/\/www.accuratereviews.com\/it\/programmi-grafica-design\/penji-recensione\/","name":"Penji: recensione servizio grafica design - Accurate Reviews","isPartOf":{"@id":"https:\/\/www.accuratereviews.com\/it\/#website"},"primaryImageOfPage":{"@id":"https:\/\/www.accuratereviews.com\/it\/programmi-grafica-design\/penji-recensione\/#primaryimage"},"image":{"@id":"https:\/\/www.accuratereviews.com\/it\/programmi-grafica-design\/penji-recensione\/#primaryimage"},"thumbnailUrl":"https:\/\/www.accuratereviews.com\/wp-content\/uploads\/2021\/11\/Unknown-2.png","datePublished":"2021-11-23T10:45:04+00:00","dateModified":"2021-11-23T11:09:28+00:00","description":"Penji: recensione del servizio di progettazione grafica che ti permette di automatizzare il processo di creazione del tuo progetto grafico.","breadcrumb":{"@id":"https:\/\/www.accuratereviews.com\/it\/programmi-grafica-design\/penji-recensione\/#breadcrumb"},"inLanguage":"it-IT","potentialAction":[{"@type":"ReadAction","target":["https:\/\/www.accuratereviews.com\/it\/programmi-grafica-design\/penji-recensione\/"]}]},{"@type":"ImageObject","inLanguage":"it-IT","@id":"https:\/\/www.accuratereviews.com\/it\/programmi-grafica-design\/penji-recensione\/#primaryimage","url":"https:\/\/www.accuratereviews.com\/wp-content\/uploads\/2021\/11\/Unknown-2.png","contentUrl":"https:\/\/www.accuratereviews.com\/wp-content\/uploads\/2021\/11\/Unknown-2.png","width":225,"height":225},{"@type":"BreadcrumbList","@id":"https:\/\/www.accuratereviews.com\/it\/programmi-grafica-design\/penji-recensione\/#breadcrumb","itemListElement":[{"@type":"ListItem","position":1,"name":"Home","item":"https:\/\/www.accuratereviews.com\/it\/"},{"@type":"ListItem","position":2,"name":"Programmi grafica design","item":"https:\/\/www.accuratereviews.com\/it\/programmi-grafica-design\/"},{"@type":"ListItem","position":3,"name":"Penji"}]},{"@type":"WebSite","@id":"https:\/\/www.accuratereviews.com\/it\/#website","url":"https:\/\/www.accuratereviews.com\/it\/","name":"Accurate Reviews","description":"","potentialAction":[{"@type":"SearchAction","target":{"@type":"EntryPoint","urlTemplate":"https:\/\/www.accuratereviews.com\/it\/?s={search_term_string}"},"query-input":{"@type":"PropertyValueSpecification","valueRequired":true,"valueName":"search_term_string"}}],"inLanguage":"it-IT"}]}},"_links":{"self":[{"href":"https:\/\/www.accuratereviews.com\/it\/wp-json\/wp\/v2\/pages\/50266","targetHints":{"allow":["GET"]}}],"collection":[{"href":"https:\/\/www.accuratereviews.com\/it\/wp-json\/wp\/v2\/pages"}],"about":[{"href":"https:\/\/www.accuratereviews.com\/it\/wp-json\/wp\/v2\/types\/page"}],"author":[{"embeddable":true,"href":"https:\/\/www.accuratereviews.com\/it\/wp-json\/wp\/v2\/users\/17"}],"replies":[{"embeddable":true,"href":"https:\/\/www.accuratereviews.com\/it\/wp-json\/wp\/v2\/comments?post=50266"}],"version-history":[{"count":11,"href":"https:\/\/www.accuratereviews.com\/it\/wp-json\/wp\/v2\/pages\/50266\/revisions"}],"predecessor-version":[{"id":50349,"href":"https:\/\/www.accuratereviews.com\/it\/wp-json\/wp\/v2\/pages\/50266\/revisions\/50349"}],"up":[{"embeddable":true,"href":"https:\/\/www.accuratereviews.com\/it\/wp-json\/wp\/v2\/pages\/49827"}],"wp:featuredmedia":[{"embeddable":true,"href":"https:\/\/www.accuratereviews.com\/it\/wp-json\/wp\/v2\/media\/50267"}],"wp:attachment":[{"href":"https:\/\/www.accuratereviews.com\/it\/wp-json\/wp\/v2\/media?parent=50266"}],"wp:term":[{"taxonomy":"category","embeddable":true,"href":"https:\/\/www.accuratereviews.com\/it\/wp-json\/wp\/v2\/categories?post=50266"},{"taxonomy":"post_tag","embeddable":true,"href":"https:\/\/www.accuratereviews.com\/it\/wp-json\/wp\/v2\/tags?post=50266"},{"taxonomy":"features","embeddable":true,"href":"https:\/\/www.accuratereviews.com\/it\/wp-json\/wp\/v2\/features?post=50266"}],"curies":[{"name":"wp","href":"https:\/\/api.w.org\/{rel}","templated":true}]}}