{"id":50312,"date":"2021-11-23T15:41:42","date_gmt":"2021-11-23T15:41:42","guid":{"rendered":"https:\/\/www.accuratereviews.com\/?page_id=50312"},"modified":"2021-11-23T15:41:42","modified_gmt":"2021-11-23T15:41:42","slug":"vistacreate-recensione","status":"publish","type":"page","link":"https:\/\/www.accuratereviews.com\/it\/programmi-grafica-design\/vistacreate-recensione\/","title":{"rendered":"VistaCreate"},"content":{"rendered":"<p><strong>VistaCreate<\/strong> (ex-Crello) \u00e8 una<strong> piattaforma di progettazione grafica<\/strong> in cui chiunque pu\u00f2 creare rapidamente progetti coinvolgenti per qualsiasi occasione. Disponibile gratuitamente con un&#8217;ampia gamma di funzionalit\u00e0 che includono una libreria di design completamente integrata di un milione di foto, video e grafiche royalty-free senza limiti per i download, lo strumento di rimozione dello sfondo, la funzionalit\u00e0 Brand Kit che memorizza il marchio come logo per mantenere tutti i progetti coerenti con l&#8217;identit\u00e0 del brand e 10 GB di spazio di archiviazione. La grafica per social media, blog, animazione, pubblicit\u00e0, marketing ed eventi pu\u00f2 essere realizzata semplicemente in pochi clic utilizzando modelli predefiniti per praticamente qualsiasi esigenza. La grafica di Facebook, Instagram, YouTube, Twitter, Pinterest e Tumblr pu\u00f2 essere migliorata con animazioni, tipografia personalizzata, forme, suoni, icone e adesivi.<\/p>\n<h2>VISTACREATE &#8211; TUTORIAL<\/h2>\n<p>Guardiamo come \u00e8 semplice creare progetti\u00a0statici e animati con questo<strong> software di grafica design<\/strong>:<\/p>\n<div id=\"fluid-wrapper-counter-1\" class=\"g1-fluid-wrapper \" style=\"width:686px;\">\n<div style=\"padding-bottom:56.268221574344%;\"><iframe loading=\"lazy\" title=\"How to easily get started with VistaCreate\" width=\"686\" height=\"386\" src=\"https:\/\/www.youtube.com\/embed\/Z0kImAxE3O4?feature=oembed&amp;wmode=transparent&amp;autohide=1&amp;autoplay=0&amp;disablekb=0&amp;fs=1&amp;loop=0&amp;enablejsapi=1&amp;rel=0&amp;controls=2&amp;showinfo=0&amp;wmode=transparent&amp;autohide=2&amp;autoplay=0&amp;disablekb=0&amp;fs=1&amp;loop=0&amp;enablejsapi=1&amp;rel=0&amp;controls=2&amp;showinfo=1\" frameborder=\"0\" allow=\"accelerometer; autoplay; clipboard-write; encrypted-media; gyroscope; picture-in-picture\" allowfullscreen><\/iframe><\/div>\n<\/div>\n<h3>VISTACREATE &#8211; CARATTERISTICHE<\/h3>\n<div class=\"tab-item item-1\" data-video=\"https:\/\/crello-wordpress.s3-eu-west-1.amazonaws.com\/create\/wp-content\/uploads\/bg_removal.mp4\" data-video-duration=\"5000\" data-video-no=\"1\">\n<ul>\n<li>Rendi lo sfondo trasparente o rimuovilo da qualsiasi foto con un clic, anche dalle immagini pi\u00f9 dettagliate<\/li>\n<li>Aggiungi il tuo logo, la palette dei colori del brand, i font e altri elementi visivi per rendere i tuoi design uniformi e coerenti con il brand<\/li>\n<li>Anima qualsiasi design in pochi clic nell&#8217;editor<\/li>\n<li>Aggiungi una nuova dimensione ai tuoi design e arricchisci le tue immagini con effetti sonori<\/li>\n<li>Utilizza oltre 50.000 template senza limiti di download<\/li>\n<li>Accedi a oltre 50 milioni di foto, video e vettoriali royalty-free<\/li>\n<li>Usa lo spazio di archiviazione illimitato per conservare i tuoi file<\/li>\n<li>Ridimensiona le tue immagini o anche l&#8217;intero design in pochi clic<\/li>\n<li>Aggiungi personalit\u00e0, umorismo ed emozioni ai tuoi progetti<\/li>\n<\/ul>\n<h4>LE RECENSIONI DEGLI UTENTI<\/h4>\n<p class=\"font-weight-bold mb-2\"><strong>Mauro L.&#8221;Pratico&#8221;<\/strong><\/p>\n<p><span class=\"font-weight-bold\"><strong>Commenti<\/strong>: l<\/span>o uso per le mie attivit\u00e0 quotidiane, promuovo tante tipologie di aziende e questo mi consente di sviluppare con Crello tanta creativit\u00e0.<\/p>\n<p class=\"font-weight-bold mb-2\"><strong>Pro<\/strong>: ho iniziato ad utilizzarlo quando non era ancora completo come adesso, hanno implementato anche la musica ed \u00e8 un prodotto straordinario adesso.<\/p>\n<p class=\"font-weight-bold mb-2\"><strong>Contro<\/strong>: beh, prima col fatto che non c&#8217;era la possibilit\u00e0 di inserire la musica era un p\u00f2 limitante, adesso \u00e8 quasi al 100%<\/p>\n<p class=\"font-weight-bold mb-2\"><strong>Gede ananda A.&#8221;Crello il tuo design&#8221;<\/strong><\/p>\n<p><span class=\"font-weight-bold\"><strong>Commenti<\/strong>: o<\/span>ttimi strumenti per creare materiale promozionale sui social media per grandi quantit\u00e0 ed \u00e8 pi\u00f9 veloce e pi\u00f9 affidabile rispetto all&#8217;utilizzo di software di progettazione grafica convenzionale come Adobe Photoshop. Un&#8217;ampia variet\u00e0 di modelli multimediali mi ha aiutato molto e mi ha fatto risparmiare molto tempo.<\/p>\n<p class=\"font-weight-bold mb-2\"><strong>Pro<\/strong>: funzione di trascinamento della selezione facile da usare, un&#8217;ampia variet\u00e0 di materiale stock da video, audio e immagini pronto per l&#8217;uso e aggiornato regolarmente, fantastici modelli di social media come Instagram Story e Youtube Thumbnails. Consigliato Se stai cercando Coerenza nel tuo marchio di immagine.<\/p>\n<p class=\"font-weight-bold mb-2\"><strong>Contro<\/strong>: un sacco di materiale generico, nessun controllo dell&#8217;opacit\u00e0 che \u00e8 vitale per alcuni software di progettazione grafica e la maggior parte delle volte non funziona bene sui vecchi PC a causa di problemi del browser.<\/p>\n<p class=\"font-weight-bold mb-2\"><strong>Victor L.&#8221;Crello \u00e8 convenienza&#8221;<\/strong><\/p>\n<p><span class=\"font-weight-bold\"><strong>Commenti<\/strong>: q<\/span>uando ho bisogno di qualcosa in fretta, Crello \u00e8 il mio strumento di riferimento. Sono finiti i giorni dei banner disegnati velocemente che sembrano banner disegnati velocemente, ora tutto sembra un design professionale se hai cinque minuti o cinque ore per completare il design.<\/p>\n<p class=\"font-weight-bold mb-2\"><strong>Pro<\/strong>: la cosa migliore di Crello \u00e8 la praticit\u00e0, puoi trovare quasi tutto e creare qualsiasi cosa quasi istantaneamente. Se hai solo bisogno di creare un annuncio veloce, un poster o un banner e non hai davvero il tempo o il budget per farlo, puoi ottenere qualcosa che sia ancora professionale in pochi minuti quasi senza alcun costo.<\/p>\n<p class=\"font-weight-bold mb-2\"><strong>Contro<\/strong>: a\u00a0volte hai bisogno di capacit\u00e0 di modifica pi\u00f9 avanzate e Crello non si rivolge a quel pubblico. Ovviamente va bene perch\u00e9 Crello si concentra sulla praticit\u00e0 e fa un ottimo lavoro, ma avere maggiori e migliori integrazioni con strumenti di progettazione pi\u00f9 avanzati (come Adobe) faciliterebbe il flusso di lavoro per i designer.<\/p>\n<\/div>\n","protected":false},"excerpt":{"rendered":"<p>VistaCreate (ex-Crello) \u00e8 una piattaforma di progettazione grafica in cui chiunque pu\u00f2 creare rapidamente progetti coinvolgenti per qualsiasi settore o occasione \u2014 abilit\u00e0 di progettazione opzionali. Disponibile gratuitamente con un&#8217;ampia gamma di funzionalit\u00e0 che includono una libreria di design completamente integrata di 1 milione di foto, video e grafica royalty-free senza limiti per i download, strumento di rimozione dello sfondo,<\/p>\n","protected":false},"author":16,"featured_media":50313,"parent":49827,"menu_order":0,"comment_status":"open","ping_status":"closed","template":"g1_template_page_review_new.php","meta":{"_acf_changed":false,"cwp_meta_box_check":"No","cwp_rev_product_name":"","cwp_rev_product_image":"","wppr_links":[],"cwp_rev_price":"","wppr_options":[],"wppr_pros":[],"wppr_cons":[],"_monsterinsights_skip_tracking":false,"_monsterinsights_sitenote_active":false,"_monsterinsights_sitenote_note":"","_monsterinsights_sitenote_category":0,"footnotes":""},"categories":[11404],"tags":[11540,11409,11408,11406,11405,11539],"features":[],"class_list":{"0":"post-50312","1":"page","2":"type-page","3":"status-publish","4":"has-post-thumbnail","6":"category-programmi-grafica-design-cat","7":"tag-crello","8":"tag-piattaforma-grafica-design","9":"tag-programma-grafica-design","10":"tag-software-grafica-design","11":"tag-soluzione-grafica-design","12":"tag-vistacreate"},"wppr_data":{"cwp_meta_box_check":"No"},"acf":[],"yoast_head":"<!-- This site is optimized with the Yoast SEO plugin v27.4 - https:\/\/yoast.com\/product\/yoast-seo-wordpress\/ -->\n<title>VistaCreate: recensione software grafica design - Accurate Reviews<\/title>\n<meta name=\"description\" content=\"VistaCreate: recensione piattaforma di progettazione grafica in cui puoi creare rapidamente progetti coinvolgenti per qualsiasi settore.\" \/>\n<meta name=\"robots\" content=\"index, follow, max-snippet:-1, max-image-preview:large, max-video-preview:-1\" \/>\n<link rel=\"canonical\" href=\"https:\/\/www.accuratereviews.com\/it\/programmi-grafica-design\/vistacreate-recensione\/\" \/>\n<meta property=\"og:locale\" content=\"it_IT\" \/>\n<meta property=\"og:type\" content=\"article\" \/>\n<meta property=\"og:title\" content=\"VistaCreate: recensione software grafica design - Accurate Reviews\" \/>\n<meta property=\"og:description\" content=\"VistaCreate: recensione piattaforma di progettazione grafica in cui puoi creare rapidamente progetti coinvolgenti per qualsiasi settore.\" \/>\n<meta property=\"og:url\" content=\"https:\/\/www.accuratereviews.com\/it\/programmi-grafica-design\/vistacreate-recensione\/\" \/>\n<meta property=\"og:site_name\" content=\"Accurate Reviews\" \/>\n<meta property=\"og:image\" content=\"https:\/\/www.accuratereviews.com\/wp-content\/uploads\/2021\/11\/VistaCreate-300x300-1.jpeg\" \/>\n\t<meta property=\"og:image:width\" content=\"300\" \/>\n\t<meta property=\"og:image:height\" content=\"300\" \/>\n\t<meta property=\"og:image:type\" content=\"image\/jpeg\" \/>\n<meta name=\"twitter:card\" content=\"summary_large_image\" \/>\n<meta name=\"twitter:label1\" content=\"Tempo di lettura stimato\" \/>\n\t<meta name=\"twitter:data1\" content=\"3 minuti\" \/>\n<script type=\"application\/ld+json\" class=\"yoast-schema-graph\">{\"@context\":\"https:\\\/\\\/schema.org\",\"@graph\":[{\"@type\":\"WebPage\",\"@id\":\"https:\\\/\\\/www.accuratereviews.com\\\/it\\\/programmi-grafica-design\\\/vistacreate-recensione\\\/\",\"url\":\"https:\\\/\\\/www.accuratereviews.com\\\/it\\\/programmi-grafica-design\\\/vistacreate-recensione\\\/\",\"name\":\"VistaCreate: recensione software grafica design - Accurate Reviews\",\"isPartOf\":{\"@id\":\"https:\\\/\\\/www.accuratereviews.com\\\/it\\\/#website\"},\"primaryImageOfPage\":{\"@id\":\"https:\\\/\\\/www.accuratereviews.com\\\/it\\\/programmi-grafica-design\\\/vistacreate-recensione\\\/#primaryimage\"},\"image\":{\"@id\":\"https:\\\/\\\/www.accuratereviews.com\\\/it\\\/programmi-grafica-design\\\/vistacreate-recensione\\\/#primaryimage\"},\"thumbnailUrl\":\"https:\\\/\\\/www.accuratereviews.com\\\/wp-content\\\/uploads\\\/2021\\\/11\\\/VistaCreate-300x300-1.jpeg\",\"datePublished\":\"2021-11-23T15:41:42+00:00\",\"description\":\"VistaCreate: recensione piattaforma di progettazione grafica in cui puoi creare rapidamente progetti coinvolgenti per qualsiasi settore.\",\"breadcrumb\":{\"@id\":\"https:\\\/\\\/www.accuratereviews.com\\\/it\\\/programmi-grafica-design\\\/vistacreate-recensione\\\/#breadcrumb\"},\"inLanguage\":\"it-IT\",\"potentialAction\":[{\"@type\":\"ReadAction\",\"target\":[\"https:\\\/\\\/www.accuratereviews.com\\\/it\\\/programmi-grafica-design\\\/vistacreate-recensione\\\/\"]}]},{\"@type\":\"ImageObject\",\"inLanguage\":\"it-IT\",\"@id\":\"https:\\\/\\\/www.accuratereviews.com\\\/it\\\/programmi-grafica-design\\\/vistacreate-recensione\\\/#primaryimage\",\"url\":\"https:\\\/\\\/www.accuratereviews.com\\\/wp-content\\\/uploads\\\/2021\\\/11\\\/VistaCreate-300x300-1.jpeg\",\"contentUrl\":\"https:\\\/\\\/www.accuratereviews.com\\\/wp-content\\\/uploads\\\/2021\\\/11\\\/VistaCreate-300x300-1.jpeg\",\"width\":300,\"height\":300},{\"@type\":\"BreadcrumbList\",\"@id\":\"https:\\\/\\\/www.accuratereviews.com\\\/it\\\/programmi-grafica-design\\\/vistacreate-recensione\\\/#breadcrumb\",\"itemListElement\":[{\"@type\":\"ListItem\",\"position\":1,\"name\":\"Home\",\"item\":\"https:\\\/\\\/www.accuratereviews.com\\\/it\\\/\"},{\"@type\":\"ListItem\",\"position\":2,\"name\":\"Programmi grafica design\",\"item\":\"https:\\\/\\\/www.accuratereviews.com\\\/it\\\/programmi-grafica-design\\\/\"},{\"@type\":\"ListItem\",\"position\":3,\"name\":\"VistaCreate\"}]},{\"@type\":\"WebSite\",\"@id\":\"https:\\\/\\\/www.accuratereviews.com\\\/it\\\/#website\",\"url\":\"https:\\\/\\\/www.accuratereviews.com\\\/it\\\/\",\"name\":\"Accurate Reviews\",\"description\":\"\",\"potentialAction\":[{\"@type\":\"SearchAction\",\"target\":{\"@type\":\"EntryPoint\",\"urlTemplate\":\"https:\\\/\\\/www.accuratereviews.com\\\/it\\\/?s={search_term_string}\"},\"query-input\":{\"@type\":\"PropertyValueSpecification\",\"valueRequired\":true,\"valueName\":\"search_term_string\"}}],\"inLanguage\":\"it-IT\"}]}<\/script>\n<!-- \/ Yoast SEO plugin. -->","yoast_head_json":{"title":"VistaCreate: recensione software grafica design - Accurate Reviews","description":"VistaCreate: recensione piattaforma di progettazione grafica in cui puoi creare rapidamente progetti coinvolgenti per qualsiasi settore.","robots":{"index":"index","follow":"follow","max-snippet":"max-snippet:-1","max-image-preview":"max-image-preview:large","max-video-preview":"max-video-preview:-1"},"canonical":"https:\/\/www.accuratereviews.com\/it\/programmi-grafica-design\/vistacreate-recensione\/","og_locale":"it_IT","og_type":"article","og_title":"VistaCreate: recensione software grafica design - Accurate Reviews","og_description":"VistaCreate: recensione piattaforma di progettazione grafica in cui puoi creare rapidamente progetti coinvolgenti per qualsiasi settore.","og_url":"https:\/\/www.accuratereviews.com\/it\/programmi-grafica-design\/vistacreate-recensione\/","og_site_name":"Accurate Reviews","og_image":[{"width":300,"height":300,"url":"https:\/\/www.accuratereviews.com\/wp-content\/uploads\/2021\/11\/VistaCreate-300x300-1.jpeg","type":"image\/jpeg"}],"twitter_card":"summary_large_image","twitter_misc":{"Tempo di lettura stimato":"3 minuti"},"schema":{"@context":"https:\/\/schema.org","@graph":[{"@type":"WebPage","@id":"https:\/\/www.accuratereviews.com\/it\/programmi-grafica-design\/vistacreate-recensione\/","url":"https:\/\/www.accuratereviews.com\/it\/programmi-grafica-design\/vistacreate-recensione\/","name":"VistaCreate: recensione software grafica design - Accurate Reviews","isPartOf":{"@id":"https:\/\/www.accuratereviews.com\/it\/#website"},"primaryImageOfPage":{"@id":"https:\/\/www.accuratereviews.com\/it\/programmi-grafica-design\/vistacreate-recensione\/#primaryimage"},"image":{"@id":"https:\/\/www.accuratereviews.com\/it\/programmi-grafica-design\/vistacreate-recensione\/#primaryimage"},"thumbnailUrl":"https:\/\/www.accuratereviews.com\/wp-content\/uploads\/2021\/11\/VistaCreate-300x300-1.jpeg","datePublished":"2021-11-23T15:41:42+00:00","description":"VistaCreate: recensione piattaforma di progettazione grafica in cui puoi creare rapidamente progetti coinvolgenti per qualsiasi settore.","breadcrumb":{"@id":"https:\/\/www.accuratereviews.com\/it\/programmi-grafica-design\/vistacreate-recensione\/#breadcrumb"},"inLanguage":"it-IT","potentialAction":[{"@type":"ReadAction","target":["https:\/\/www.accuratereviews.com\/it\/programmi-grafica-design\/vistacreate-recensione\/"]}]},{"@type":"ImageObject","inLanguage":"it-IT","@id":"https:\/\/www.accuratereviews.com\/it\/programmi-grafica-design\/vistacreate-recensione\/#primaryimage","url":"https:\/\/www.accuratereviews.com\/wp-content\/uploads\/2021\/11\/VistaCreate-300x300-1.jpeg","contentUrl":"https:\/\/www.accuratereviews.com\/wp-content\/uploads\/2021\/11\/VistaCreate-300x300-1.jpeg","width":300,"height":300},{"@type":"BreadcrumbList","@id":"https:\/\/www.accuratereviews.com\/it\/programmi-grafica-design\/vistacreate-recensione\/#breadcrumb","itemListElement":[{"@type":"ListItem","position":1,"name":"Home","item":"https:\/\/www.accuratereviews.com\/it\/"},{"@type":"ListItem","position":2,"name":"Programmi grafica design","item":"https:\/\/www.accuratereviews.com\/it\/programmi-grafica-design\/"},{"@type":"ListItem","position":3,"name":"VistaCreate"}]},{"@type":"WebSite","@id":"https:\/\/www.accuratereviews.com\/it\/#website","url":"https:\/\/www.accuratereviews.com\/it\/","name":"Accurate Reviews","description":"","potentialAction":[{"@type":"SearchAction","target":{"@type":"EntryPoint","urlTemplate":"https:\/\/www.accuratereviews.com\/it\/?s={search_term_string}"},"query-input":{"@type":"PropertyValueSpecification","valueRequired":true,"valueName":"search_term_string"}}],"inLanguage":"it-IT"}]}},"_links":{"self":[{"href":"https:\/\/www.accuratereviews.com\/it\/wp-json\/wp\/v2\/pages\/50312","targetHints":{"allow":["GET"]}}],"collection":[{"href":"https:\/\/www.accuratereviews.com\/it\/wp-json\/wp\/v2\/pages"}],"about":[{"href":"https:\/\/www.accuratereviews.com\/it\/wp-json\/wp\/v2\/types\/page"}],"author":[{"embeddable":true,"href":"https:\/\/www.accuratereviews.com\/it\/wp-json\/wp\/v2\/users\/16"}],"replies":[{"embeddable":true,"href":"https:\/\/www.accuratereviews.com\/it\/wp-json\/wp\/v2\/comments?post=50312"}],"version-history":[{"count":12,"href":"https:\/\/www.accuratereviews.com\/it\/wp-json\/wp\/v2\/pages\/50312\/revisions"}],"predecessor-version":[{"id":50373,"href":"https:\/\/www.accuratereviews.com\/it\/wp-json\/wp\/v2\/pages\/50312\/revisions\/50373"}],"up":[{"embeddable":true,"href":"https:\/\/www.accuratereviews.com\/it\/wp-json\/wp\/v2\/pages\/49827"}],"wp:featuredmedia":[{"embeddable":true,"href":"https:\/\/www.accuratereviews.com\/it\/wp-json\/wp\/v2\/media\/50313"}],"wp:attachment":[{"href":"https:\/\/www.accuratereviews.com\/it\/wp-json\/wp\/v2\/media?parent=50312"}],"wp:term":[{"taxonomy":"category","embeddable":true,"href":"https:\/\/www.accuratereviews.com\/it\/wp-json\/wp\/v2\/categories?post=50312"},{"taxonomy":"post_tag","embeddable":true,"href":"https:\/\/www.accuratereviews.com\/it\/wp-json\/wp\/v2\/tags?post=50312"},{"taxonomy":"features","embeddable":true,"href":"https:\/\/www.accuratereviews.com\/it\/wp-json\/wp\/v2\/features?post=50312"}],"curies":[{"name":"wp","href":"https:\/\/api.w.org\/{rel}","templated":true}]}}