{"id":50320,"date":"2021-11-23T14:34:23","date_gmt":"2021-11-23T14:34:23","guid":{"rendered":"https:\/\/www.accuratereviews.com\/?page_id=50320"},"modified":"2021-11-23T14:34:23","modified_gmt":"2021-11-23T14:34:23","slug":"designrr-recensione","status":"publish","type":"page","link":"https:\/\/www.accuratereviews.com\/it\/programmi-grafica-design\/designrr-recensione\/","title":{"rendered":"Designrr"},"content":{"rendered":"<p><strong>Designrr<\/strong> \u00e8 una <strong>soluzione di gestione dei contenuti<\/strong> che aiuta le aziende a creare e pubblicare ebook, report, articoli, white paper e altri materiali stampati. Consente ai creatori di contenuti e agli editori di convertire post di blog, documenti Microsoft Word o Google, podcast, file audio, video e PDF in ebook e flipbook. Il software permette ai dipendenti di progettare contenuti interattivi, gestire i lead e indirizzare il pubblico pertinente tramite una piattaforma unificata. La soluzione di trascrizione abilitata con l&#8217;intelligenza artificiale (AI) offre la possibilit\u00e0 ai professionisti del marketing di generare trascrizioni da file audio, video e YouTube. Inoltre, fornisce una serie di altre funzionalit\u00e0 tra cui marketing del brand, esportazione dei dati, crittografia SSL, analisi, collaborazione, ottimizzazione dei motori di ricerca, gestione dei documenti e altro ancora.<\/p>\n<h2>DESIGNRR &#8211; TUTORIAL<\/h2>\n<p>Guradiamo il tutorial in italiano che mostra come creare un eBook in pochi minuti con questo software di grafica design:<\/p>\n<div id=\"fluid-wrapper-counter-1\" class=\"g1-fluid-wrapper \" style=\"width:686px;\">\n<div style=\"padding-bottom:56.268221574344%;\"><iframe loading=\"lazy\" title=\"Designrr Tutorial Ita: Come Creare un Ebook in 2 Minuti\" width=\"515\" height=\"386\" src=\"https:\/\/www.youtube.com\/embed\/JbXBupS1TGk?feature=oembed&amp;wmode=transparent&amp;autohide=1&amp;autoplay=0&amp;disablekb=0&amp;fs=1&amp;loop=0&amp;enablejsapi=1&amp;rel=0&amp;controls=2&amp;showinfo=0&amp;wmode=transparent&amp;autohide=2&amp;autoplay=0&amp;disablekb=0&amp;fs=1&amp;loop=0&amp;enablejsapi=1&amp;rel=0&amp;controls=2&amp;showinfo=1\" frameborder=\"0\" allow=\"accelerometer; autoplay; clipboard-write; encrypted-media; gyroscope; picture-in-picture\" allowfullscreen><\/iframe><\/div>\n<\/div>\n<h3>DESIGNRR &#8211; CARATTERISTICHE<\/h3>\n<ul>\n<li>Importa da Word, Pages, Google Docs o dalla tua pagina Facebook<\/li>\n<li>Cambia l&#8217;immagine di copertina con quello che vuoi<\/li>\n<li>Usa layout a una o due colonne<\/li>\n<li>Il pdf \u00e8 anche memorizzato nel tuo account in modo che tu possa accedervi in \u200b\u200bqualsiasi momento e scaricarlo sul tuo computer<\/li>\n<li>Puoi modificare testo, colori di sfondo, caratteri, stili, immagini<\/li>\n<li>Non sono necessari strumenti di fotoritocco esterni<\/li>\n<li>Puoi aggiungere un&#8217;immagine ovunque nel contenuto o usarla come immagine di copertina<\/li>\n<li>Il generatore del sommario gestisce anche le intestazioni nidificate in modo che gli utenti possano navigare ovunque nel documento<\/li>\n<li>Le pagine sono numerate automaticamente e possono essere personalizzate in base alla tua combinazione di colori<\/li>\n<li>Tutti i link sono cliccabili<\/li>\n<li>L&#8217;editor di bozze \u00e8 ideale anche quando si desidera copiare e incollare contenuti da qualsiasi luogo<\/li>\n<li>Vendi i tuoi ebook sul tuo sito web e monetizza i tuoi contenuti per ottenere maggiori entrate<\/li>\n<li>Aumenta il numero di lead e opt-in per creare la tua lista creando un ebook omaggio<\/li>\n<li>Costruisci la credibilit\u00e0 e il marchio della tua azienda con ebook mirati per la tua nicchia<\/li>\n<li>Dai un nuovo aspetto ai vecchi contenuti, aggiungi altro testo e crea un ebook di marca<\/li>\n<li>Usa la licenza commerciale per costruire un business creando ebook per i clienti<\/li>\n<\/ul>\n<h4>LE RECENSIONI DEGLI UTENTI<\/h4>\n<p class=\"font-weight-bold mb-2\"><strong>Luigi R.&#8221;Ottimo prodotto&#8221;<\/strong><\/p>\n<p><span class=\"font-weight-bold\"><strong>Commenti<\/strong>: <\/span>Per ora sto creando un ebook e lo sto testando passo passo per capire come sta andando.<\/p>\n<p class=\"font-weight-bold mb-2\"><strong>Pro<\/strong>: la semplicit\u00e0 e la buona riuscita. Sono molto contento<\/p>\n<p class=\"font-weight-bold mb-2\"><strong>Contro<\/strong>: alcune funzioni a pagamento come integrazione potevano gi\u00e0 essere incluse nel prodotto. Le integrazioni le ritengo troppo costose.<\/p>\n<p class=\"font-weight-bold mb-2\"><strong>Ahmed S.&#8221;Gestione dei contenuti e pubblicazione al suo meglio&#8221;<\/strong><\/p>\n<p><span class=\"font-weight-bold\"><strong>Commenti<\/strong>: n<\/span>el complesso \u00e8 stata un&#8217;ottima esperienza perch\u00e9 mi ha reso la vita lavorativa molto pi\u00f9 semplice<\/p>\n<p class=\"font-weight-bold mb-2\"><strong>Pro<\/strong>: ho adorato il fatto che cos\u00ec tante straordinarie funzionalit\u00e0 siano combinate in un unico software, che lo rende abbastanza utile per i creatori che non possono permettersi di pagare per software indipendenti per poterne usufruire in altro modo<\/p>\n<p class=\"font-weight-bold mb-2\"><strong>Contro<\/strong>: da principiante, mi ha dato un po&#8217; di difficolt\u00e0 a imparare come accedere e utilizzare correttamente tutte le funzionalit\u00e0<\/p>\n<p class=\"font-weight-bold mb-2\"><strong>Glenn C.&#8221;Felice di scoprire questo!&#8221;<\/strong><\/p>\n<p><span class=\"font-weight-bold\"><strong>Commenti<\/strong>: o<\/span>ttimo servizio che risponde all&#8217;esigenza di creatori di contenuti e designer, con funzionalit\u00e0 ben fatte e facilit\u00e0 d&#8217;uso.<\/p>\n<p class=\"font-weight-bold mb-2\"><strong>Pro<\/strong>: uso questo servizio solo da poco tempo ma mi sto davvero divertendo. Nel mio lavoro \u00e8 sempre una sfida rendere i nostri contenuti pi\u00f9 coinvolgenti e la facile creazione di ebook e flipbook sta davvero aumentando le letture delle nostre pagine. Anche l&#8217;importazione e la progettazione di contenuti \u00e8 facile e intuitiva, quindi svolgo il mio lavoro molto pi\u00f9 rapidamente.<\/p>\n<p class=\"font-weight-bold mb-2\"><strong>Contro<\/strong>: finora non ho avuto problemi ad usarlo. Avere un modo rapido per far diventare pi\u00f9 blocchi di testo un unico grande blocco di testo \u00e8 nella mia lista dei desideri, ma non \u00e8 un grosso problema per me.<\/p>\n","protected":false},"excerpt":{"rendered":"<p>Designrr \u00e8 una soluzione di gestione dei contenuti che aiuta le aziende a creare e pubblicare eBook, report, articoli, white paper e altri materiali stampati. Consente ai creatori di contenuti e agli editori di convertire post di blog, documenti Microsoft Word o Google, podcast, file audio, video e PDF in eBook e flipbook.<\/p>\n","protected":false},"author":16,"featured_media":50334,"parent":49827,"menu_order":0,"comment_status":"open","ping_status":"closed","template":"g1_template_page_review_new.php","meta":{"_acf_changed":false,"cwp_meta_box_check":"No","cwp_rev_product_name":"","cwp_rev_product_image":"","wppr_links":[],"cwp_rev_price":"","wppr_options":[],"wppr_pros":[],"wppr_cons":[],"_monsterinsights_skip_tracking":false,"_monsterinsights_sitenote_active":false,"_monsterinsights_sitenote_note":"","_monsterinsights_sitenote_category":0,"footnotes":""},"categories":[11404],"tags":[11541,11409,11408,11406,11405],"features":[],"class_list":{"0":"post-50320","1":"page","2":"type-page","3":"status-publish","4":"has-post-thumbnail","6":"category-programmi-grafica-design-cat","7":"tag-designrr","8":"tag-piattaforma-grafica-design","9":"tag-programma-grafica-design","10":"tag-software-grafica-design","11":"tag-soluzione-grafica-design"},"wppr_data":{"cwp_meta_box_check":"No"},"acf":[],"yoast_head":"<!-- This site is optimized with the Yoast SEO plugin v27.4 - https:\/\/yoast.com\/product\/yoast-seo-wordpress\/ -->\n<title>Designrr: recensione software grafica design - Accurate Reviews<\/title>\n<meta name=\"description\" content=\"Designrr: recensione soluzione di gestione contenuti che aiuta le aziende a creare e pubblicare ebook, report, articoli e e altri materiali.\" \/>\n<meta name=\"robots\" content=\"index, follow, max-snippet:-1, max-image-preview:large, max-video-preview:-1\" \/>\n<link rel=\"canonical\" href=\"https:\/\/www.accuratereviews.com\/it\/programmi-grafica-design\/designrr-recensione\/\" \/>\n<meta property=\"og:locale\" content=\"it_IT\" \/>\n<meta property=\"og:type\" content=\"article\" \/>\n<meta property=\"og:title\" content=\"Designrr: recensione software grafica design - Accurate Reviews\" \/>\n<meta property=\"og:description\" content=\"Designrr: recensione soluzione di gestione contenuti che aiuta le aziende a creare e pubblicare ebook, report, articoli e e altri materiali.\" \/>\n<meta property=\"og:url\" content=\"https:\/\/www.accuratereviews.com\/it\/programmi-grafica-design\/designrr-recensione\/\" \/>\n<meta property=\"og:site_name\" content=\"Accurate Reviews\" \/>\n<meta property=\"og:image\" content=\"https:\/\/www.accuratereviews.com\/wp-content\/uploads\/2021\/11\/Designrr.jpeg\" \/>\n\t<meta property=\"og:image:width\" content=\"225\" \/>\n\t<meta property=\"og:image:height\" content=\"225\" \/>\n\t<meta property=\"og:image:type\" content=\"image\/jpeg\" \/>\n<meta name=\"twitter:card\" content=\"summary_large_image\" \/>\n<meta name=\"twitter:label1\" content=\"Tempo di lettura stimato\" \/>\n\t<meta name=\"twitter:data1\" content=\"3 minuti\" \/>\n<script type=\"application\/ld+json\" class=\"yoast-schema-graph\">{\"@context\":\"https:\\\/\\\/schema.org\",\"@graph\":[{\"@type\":\"WebPage\",\"@id\":\"https:\\\/\\\/www.accuratereviews.com\\\/it\\\/programmi-grafica-design\\\/designrr-recensione\\\/\",\"url\":\"https:\\\/\\\/www.accuratereviews.com\\\/it\\\/programmi-grafica-design\\\/designrr-recensione\\\/\",\"name\":\"Designrr: recensione software grafica design - Accurate Reviews\",\"isPartOf\":{\"@id\":\"https:\\\/\\\/www.accuratereviews.com\\\/it\\\/#website\"},\"primaryImageOfPage\":{\"@id\":\"https:\\\/\\\/www.accuratereviews.com\\\/it\\\/programmi-grafica-design\\\/designrr-recensione\\\/#primaryimage\"},\"image\":{\"@id\":\"https:\\\/\\\/www.accuratereviews.com\\\/it\\\/programmi-grafica-design\\\/designrr-recensione\\\/#primaryimage\"},\"thumbnailUrl\":\"https:\\\/\\\/www.accuratereviews.com\\\/wp-content\\\/uploads\\\/2021\\\/11\\\/Designrr.jpeg\",\"datePublished\":\"2021-11-23T14:34:23+00:00\",\"description\":\"Designrr: recensione soluzione di gestione contenuti che aiuta le aziende a creare e pubblicare ebook, report, articoli e e altri materiali.\",\"breadcrumb\":{\"@id\":\"https:\\\/\\\/www.accuratereviews.com\\\/it\\\/programmi-grafica-design\\\/designrr-recensione\\\/#breadcrumb\"},\"inLanguage\":\"it-IT\",\"potentialAction\":[{\"@type\":\"ReadAction\",\"target\":[\"https:\\\/\\\/www.accuratereviews.com\\\/it\\\/programmi-grafica-design\\\/designrr-recensione\\\/\"]}]},{\"@type\":\"ImageObject\",\"inLanguage\":\"it-IT\",\"@id\":\"https:\\\/\\\/www.accuratereviews.com\\\/it\\\/programmi-grafica-design\\\/designrr-recensione\\\/#primaryimage\",\"url\":\"https:\\\/\\\/www.accuratereviews.com\\\/wp-content\\\/uploads\\\/2021\\\/11\\\/Designrr.jpeg\",\"contentUrl\":\"https:\\\/\\\/www.accuratereviews.com\\\/wp-content\\\/uploads\\\/2021\\\/11\\\/Designrr.jpeg\",\"width\":225,\"height\":225},{\"@type\":\"BreadcrumbList\",\"@id\":\"https:\\\/\\\/www.accuratereviews.com\\\/it\\\/programmi-grafica-design\\\/designrr-recensione\\\/#breadcrumb\",\"itemListElement\":[{\"@type\":\"ListItem\",\"position\":1,\"name\":\"Home\",\"item\":\"https:\\\/\\\/www.accuratereviews.com\\\/it\\\/\"},{\"@type\":\"ListItem\",\"position\":2,\"name\":\"Programmi grafica design\",\"item\":\"https:\\\/\\\/www.accuratereviews.com\\\/it\\\/programmi-grafica-design\\\/\"},{\"@type\":\"ListItem\",\"position\":3,\"name\":\"Designrr\"}]},{\"@type\":\"WebSite\",\"@id\":\"https:\\\/\\\/www.accuratereviews.com\\\/it\\\/#website\",\"url\":\"https:\\\/\\\/www.accuratereviews.com\\\/it\\\/\",\"name\":\"Accurate Reviews\",\"description\":\"\",\"potentialAction\":[{\"@type\":\"SearchAction\",\"target\":{\"@type\":\"EntryPoint\",\"urlTemplate\":\"https:\\\/\\\/www.accuratereviews.com\\\/it\\\/?s={search_term_string}\"},\"query-input\":{\"@type\":\"PropertyValueSpecification\",\"valueRequired\":true,\"valueName\":\"search_term_string\"}}],\"inLanguage\":\"it-IT\"}]}<\/script>\n<!-- \/ Yoast SEO plugin. -->","yoast_head_json":{"title":"Designrr: recensione software grafica design - Accurate Reviews","description":"Designrr: recensione soluzione di gestione contenuti che aiuta le aziende a creare e pubblicare ebook, report, articoli e e altri materiali.","robots":{"index":"index","follow":"follow","max-snippet":"max-snippet:-1","max-image-preview":"max-image-preview:large","max-video-preview":"max-video-preview:-1"},"canonical":"https:\/\/www.accuratereviews.com\/it\/programmi-grafica-design\/designrr-recensione\/","og_locale":"it_IT","og_type":"article","og_title":"Designrr: recensione software grafica design - Accurate Reviews","og_description":"Designrr: recensione soluzione di gestione contenuti che aiuta le aziende a creare e pubblicare ebook, report, articoli e e altri materiali.","og_url":"https:\/\/www.accuratereviews.com\/it\/programmi-grafica-design\/designrr-recensione\/","og_site_name":"Accurate Reviews","og_image":[{"width":225,"height":225,"url":"https:\/\/www.accuratereviews.com\/wp-content\/uploads\/2021\/11\/Designrr.jpeg","type":"image\/jpeg"}],"twitter_card":"summary_large_image","twitter_misc":{"Tempo di lettura stimato":"3 minuti"},"schema":{"@context":"https:\/\/schema.org","@graph":[{"@type":"WebPage","@id":"https:\/\/www.accuratereviews.com\/it\/programmi-grafica-design\/designrr-recensione\/","url":"https:\/\/www.accuratereviews.com\/it\/programmi-grafica-design\/designrr-recensione\/","name":"Designrr: recensione software grafica design - Accurate Reviews","isPartOf":{"@id":"https:\/\/www.accuratereviews.com\/it\/#website"},"primaryImageOfPage":{"@id":"https:\/\/www.accuratereviews.com\/it\/programmi-grafica-design\/designrr-recensione\/#primaryimage"},"image":{"@id":"https:\/\/www.accuratereviews.com\/it\/programmi-grafica-design\/designrr-recensione\/#primaryimage"},"thumbnailUrl":"https:\/\/www.accuratereviews.com\/wp-content\/uploads\/2021\/11\/Designrr.jpeg","datePublished":"2021-11-23T14:34:23+00:00","description":"Designrr: recensione soluzione di gestione contenuti che aiuta le aziende a creare e pubblicare ebook, report, articoli e e altri materiali.","breadcrumb":{"@id":"https:\/\/www.accuratereviews.com\/it\/programmi-grafica-design\/designrr-recensione\/#breadcrumb"},"inLanguage":"it-IT","potentialAction":[{"@type":"ReadAction","target":["https:\/\/www.accuratereviews.com\/it\/programmi-grafica-design\/designrr-recensione\/"]}]},{"@type":"ImageObject","inLanguage":"it-IT","@id":"https:\/\/www.accuratereviews.com\/it\/programmi-grafica-design\/designrr-recensione\/#primaryimage","url":"https:\/\/www.accuratereviews.com\/wp-content\/uploads\/2021\/11\/Designrr.jpeg","contentUrl":"https:\/\/www.accuratereviews.com\/wp-content\/uploads\/2021\/11\/Designrr.jpeg","width":225,"height":225},{"@type":"BreadcrumbList","@id":"https:\/\/www.accuratereviews.com\/it\/programmi-grafica-design\/designrr-recensione\/#breadcrumb","itemListElement":[{"@type":"ListItem","position":1,"name":"Home","item":"https:\/\/www.accuratereviews.com\/it\/"},{"@type":"ListItem","position":2,"name":"Programmi grafica design","item":"https:\/\/www.accuratereviews.com\/it\/programmi-grafica-design\/"},{"@type":"ListItem","position":3,"name":"Designrr"}]},{"@type":"WebSite","@id":"https:\/\/www.accuratereviews.com\/it\/#website","url":"https:\/\/www.accuratereviews.com\/it\/","name":"Accurate Reviews","description":"","potentialAction":[{"@type":"SearchAction","target":{"@type":"EntryPoint","urlTemplate":"https:\/\/www.accuratereviews.com\/it\/?s={search_term_string}"},"query-input":{"@type":"PropertyValueSpecification","valueRequired":true,"valueName":"search_term_string"}}],"inLanguage":"it-IT"}]}},"_links":{"self":[{"href":"https:\/\/www.accuratereviews.com\/it\/wp-json\/wp\/v2\/pages\/50320","targetHints":{"allow":["GET"]}}],"collection":[{"href":"https:\/\/www.accuratereviews.com\/it\/wp-json\/wp\/v2\/pages"}],"about":[{"href":"https:\/\/www.accuratereviews.com\/it\/wp-json\/wp\/v2\/types\/page"}],"author":[{"embeddable":true,"href":"https:\/\/www.accuratereviews.com\/it\/wp-json\/wp\/v2\/users\/16"}],"replies":[{"embeddable":true,"href":"https:\/\/www.accuratereviews.com\/it\/wp-json\/wp\/v2\/comments?post=50320"}],"version-history":[{"count":7,"href":"https:\/\/www.accuratereviews.com\/it\/wp-json\/wp\/v2\/pages\/50320\/revisions"}],"predecessor-version":[{"id":50364,"href":"https:\/\/www.accuratereviews.com\/it\/wp-json\/wp\/v2\/pages\/50320\/revisions\/50364"}],"up":[{"embeddable":true,"href":"https:\/\/www.accuratereviews.com\/it\/wp-json\/wp\/v2\/pages\/49827"}],"wp:featuredmedia":[{"embeddable":true,"href":"https:\/\/www.accuratereviews.com\/it\/wp-json\/wp\/v2\/media\/50334"}],"wp:attachment":[{"href":"https:\/\/www.accuratereviews.com\/it\/wp-json\/wp\/v2\/media?parent=50320"}],"wp:term":[{"taxonomy":"category","embeddable":true,"href":"https:\/\/www.accuratereviews.com\/it\/wp-json\/wp\/v2\/categories?post=50320"},{"taxonomy":"post_tag","embeddable":true,"href":"https:\/\/www.accuratereviews.com\/it\/wp-json\/wp\/v2\/tags?post=50320"},{"taxonomy":"features","embeddable":true,"href":"https:\/\/www.accuratereviews.com\/it\/wp-json\/wp\/v2\/features?post=50320"}],"curies":[{"name":"wp","href":"https:\/\/api.w.org\/{rel}","templated":true}]}}