{"id":50355,"date":"2021-11-23T15:10:50","date_gmt":"2021-11-23T15:10:50","guid":{"rendered":"https:\/\/www.accuratereviews.com\/?page_id=50355"},"modified":"2021-11-23T15:10:50","modified_gmt":"2021-11-23T15:10:50","slug":"relaythat-recensione","status":"publish","type":"page","link":"https:\/\/www.accuratereviews.com\/it\/programmi-grafica-design\/relaythat-recensione\/","title":{"rendered":"RelayThat"},"content":{"rendered":"<p><strong>RelayThat<\/strong> \u00e8 un&#8217;<strong>app di automazione del design<\/strong> che si rivolge a imprese, agenzie immobiliari, imprenditori, freelance e organizzazione no profit che vogliono creare contenuti marketing e immagini accattivanti. Questa piattaforma online offre strumenti avanzati per realizzare opzioni di design illimitate, salvare le immagini in png o jpg di alta qualit\u00e0 e anche per farti collaborare con altri designer, dipendenti o assistenti virtuali. Grazie a <strong>RelayThat<\/strong> potrai finalmente generare materiale di marketing professionale e on-brand per annunci, reclutamento e altro ancora in modo semplice e veloce.<\/p>\n<h2>RELAYTHAT &#8211; TUTORIAL<\/h2>\n<div id=\"fluid-wrapper-counter-1\" class=\"g1-fluid-wrapper \" style=\"width:686px;\">\n<div style=\"padding-bottom:56.268221574344%;\"><iframe loading=\"lazy\" title=\"How to use Relaythat - Create your social media posts quickly with Relaythat\" width=\"686\" height=\"386\" src=\"https:\/\/www.youtube.com\/embed\/ygZDHxESsYo?feature=oembed&amp;wmode=transparent&amp;autohide=1&amp;autoplay=0&amp;disablekb=0&amp;fs=1&amp;loop=0&amp;enablejsapi=1&amp;rel=0&amp;controls=2&amp;showinfo=0&amp;wmode=transparent&amp;autohide=2&amp;autoplay=0&amp;disablekb=0&amp;fs=1&amp;loop=0&amp;enablejsapi=1&amp;rel=0&amp;controls=2&amp;showinfo=1\" frameborder=\"0\" allow=\"accelerometer; autoplay; clipboard-write; encrypted-media; gyroscope; picture-in-picture\" allowfullscreen><\/iframe><\/div>\n<\/div>\n<h3>RELAYTHAT &#8211; CARATTERISTICHE<\/h3>\n<ul>\n<li><strong>Gestione del brand<\/strong>: gestisci e passa tra pi\u00f9 spazi di lavoro e campagne con un solo clic<\/li>\n<li><strong>Generatore di titoli<\/strong>: annienta il blocco dello scrittore in pochissimo tempo con parole chiave jolly che generano automaticamente la copia perfetta<\/li>\n<li><strong>Sconfiggi il &#8220;blocco creativo&#8221;<\/strong>: accedi alle librerie curate delle combinazioni di colori e font pi\u00f9 performanti che usano i professionisti del marketing<\/li>\n<li><strong>One Click Resize<\/strong>: ridimensiona e rimescola i layout per adattarli perfettamente a qualsiasi pubblicit\u00e0 o canale di social media senza bisogno di ulteriori modifiche<\/li>\n<li><strong>Unifica le risorse del tuo brand<\/strong>: crea automaticamente un look coerente per il tuo brand. Pi\u00f9 lo usi e meglio \u00e8<\/li>\n<li><strong>Oltre 3 milioni di immagini gratuite<\/strong>: goditi l&#8217;accesso a 3 milioni di immagini royalty free senza costi di utilizzo o costi aggiuntivi<\/li>\n<\/ul>\n<h4>LE RECENSIONI DEGLI UTENTI<\/h4>\n<p><strong>Dustin D. &#8220;Incredibile creazione di contenuti con il branding in mente&#8221;<\/strong><br \/>\nCOMMENTI: il team \u00e8 stato reattivo e amichevole, l&#8217;app \u00e8 stata una vera risorsa per il branding e i canali dei social media.<br \/>\nPRO: adoro il loro brand asset manager e come tira i dati nei modelli di design. Questo rende la creazione delle risorse del marchio cos\u00ec facile e dall&#8217;aspetto professionale.<br \/>\nCONTRO: vorrei pi\u00f9 personalizzazione, ma stanno sempre lavorando su modifiche per migliorare il sistema.<\/p>\n<p><strong>Ioana A. &#8220;Una buona opzione per progettare velocemente&#8221;<\/strong><br \/>\nCOMMENTI: positivo nel complesso e mi aiuta a progettare cose velocemente.<br \/>\nPRO: puoi fare pi\u00f9 disegni cliccando il minor numero di pulsanti. Una grande gamma di layout e luoghi di lavoro per iniziare.<br \/>\nCONTRO: manca l&#8217;opzione per la personalizzazione completa oltre a ci\u00f2 che \u00e8 gi\u00e0 incluso in un certo layout. Pi\u00f9 luoghi di lavoro di design.<\/p>\n<p><strong>Eduardo C. &#8220;Facile da usare ma ha smesso di evolversi&#8221;<\/strong><br \/>\nCOMMENTI: quando hai bisogno di un post veloce, un annuncio per qualsiasi tipo di applicazione allora questo \u00e8 quello che fa per te. Non aspettatevi annunci di grande aspetto ma saranno veloci da fare.<br \/>\nPRO: posso facilmente creare banner e ridimensionarli per molteplici scopi. Grande libreria di risorse. Molto semplice da usare e permette di ottenere risultati rapidi. Mi piace che posso creare spazi di lavoro e lavorare con diversi colori del marchio.<br \/>\nCONTRO: sembra che abbiano smesso di sviluppare il prodotto. \u00c8 passato molto tempo da quando non sono stati fatti miglioramenti. E i modelli\/layout stanno diventando obsoleti.<\/p>\n","protected":false},"excerpt":{"rendered":"<p>RelayThat \u00e8 un&#8217;app di automazione del design che si rivolge a imprese, agenzie immobiliari, imprenditori, freelance e organizzazione no profit che vogliono creare contenuti marketing e immagini accattivanti. Questa piattaforma online offre strumenti avanzati per realizzare\u00a0opzioni di design illimitate.<\/p>\n","protected":false},"author":17,"featured_media":50359,"parent":49827,"menu_order":0,"comment_status":"open","ping_status":"closed","template":"g1_template_page_review_new.php","meta":{"_acf_changed":false,"cwp_meta_box_check":"No","cwp_rev_product_name":"","cwp_rev_product_image":"","wppr_links":[],"cwp_rev_price":"","wppr_options":[],"wppr_pros":[],"wppr_cons":[],"_monsterinsights_skip_tracking":false,"_monsterinsights_sitenote_active":false,"_monsterinsights_sitenote_note":"","_monsterinsights_sitenote_category":0,"footnotes":""},"categories":[11404],"tags":[11458,11407,11409,11408,11416,11405],"features":[],"class_list":{"0":"post-50355","1":"page","2":"type-page","3":"status-publish","4":"has-post-thumbnail","6":"category-programmi-grafica-design-cat","7":"tag-design","8":"tag-grafica-design","9":"tag-piattaforma-grafica-design","10":"tag-programma-grafica-design","11":"tag-programmi-grafica-design","12":"tag-soluzione-grafica-design"},"wppr_data":{"cwp_meta_box_check":"No"},"acf":[],"yoast_head":"<!-- This site is optimized with the Yoast SEO plugin v27.4 - https:\/\/yoast.com\/product\/yoast-seo-wordpress\/ -->\n<title>RelayThat: recensione app automazione design - Accurate Reviews<\/title>\n<meta name=\"description\" content=\"RelayThat: recensione dell&#039;app di automazione del design che si rivolge a imprese, agenzie immobiliari, imprenditori e freelance.\" \/>\n<meta name=\"robots\" content=\"index, follow, max-snippet:-1, max-image-preview:large, max-video-preview:-1\" \/>\n<link rel=\"canonical\" href=\"https:\/\/www.accuratereviews.com\/it\/programmi-grafica-design\/relaythat-recensione\/\" \/>\n<meta property=\"og:locale\" content=\"it_IT\" \/>\n<meta property=\"og:type\" content=\"article\" \/>\n<meta property=\"og:title\" content=\"RelayThat: recensione app automazione design - Accurate Reviews\" \/>\n<meta property=\"og:description\" content=\"RelayThat: recensione dell&#039;app di automazione del design che si rivolge a imprese, agenzie immobiliari, imprenditori e freelance.\" \/>\n<meta property=\"og:url\" content=\"https:\/\/www.accuratereviews.com\/it\/programmi-grafica-design\/relaythat-recensione\/\" \/>\n<meta property=\"og:site_name\" content=\"Accurate Reviews\" \/>\n<meta property=\"og:image\" content=\"https:\/\/www.accuratereviews.com\/wp-content\/uploads\/2021\/11\/RelayThat.png\" \/>\n\t<meta property=\"og:image:width\" content=\"940\" \/>\n\t<meta property=\"og:image:height\" content=\"788\" \/>\n\t<meta property=\"og:image:type\" content=\"image\/png\" \/>\n<meta name=\"twitter:card\" content=\"summary_large_image\" \/>\n<meta name=\"twitter:label1\" content=\"Tempo di lettura stimato\" \/>\n\t<meta name=\"twitter:data1\" content=\"3 minuti\" \/>\n<script type=\"application\/ld+json\" class=\"yoast-schema-graph\">{\"@context\":\"https:\\\/\\\/schema.org\",\"@graph\":[{\"@type\":\"WebPage\",\"@id\":\"https:\\\/\\\/www.accuratereviews.com\\\/it\\\/programmi-grafica-design\\\/relaythat-recensione\\\/\",\"url\":\"https:\\\/\\\/www.accuratereviews.com\\\/it\\\/programmi-grafica-design\\\/relaythat-recensione\\\/\",\"name\":\"RelayThat: recensione app automazione design - Accurate Reviews\",\"isPartOf\":{\"@id\":\"https:\\\/\\\/www.accuratereviews.com\\\/it\\\/#website\"},\"primaryImageOfPage\":{\"@id\":\"https:\\\/\\\/www.accuratereviews.com\\\/it\\\/programmi-grafica-design\\\/relaythat-recensione\\\/#primaryimage\"},\"image\":{\"@id\":\"https:\\\/\\\/www.accuratereviews.com\\\/it\\\/programmi-grafica-design\\\/relaythat-recensione\\\/#primaryimage\"},\"thumbnailUrl\":\"https:\\\/\\\/www.accuratereviews.com\\\/wp-content\\\/uploads\\\/2021\\\/11\\\/RelayThat.png\",\"datePublished\":\"2021-11-23T15:10:50+00:00\",\"description\":\"RelayThat: recensione dell'app di automazione del design che si rivolge a imprese, agenzie immobiliari, imprenditori e freelance.\",\"breadcrumb\":{\"@id\":\"https:\\\/\\\/www.accuratereviews.com\\\/it\\\/programmi-grafica-design\\\/relaythat-recensione\\\/#breadcrumb\"},\"inLanguage\":\"it-IT\",\"potentialAction\":[{\"@type\":\"ReadAction\",\"target\":[\"https:\\\/\\\/www.accuratereviews.com\\\/it\\\/programmi-grafica-design\\\/relaythat-recensione\\\/\"]}]},{\"@type\":\"ImageObject\",\"inLanguage\":\"it-IT\",\"@id\":\"https:\\\/\\\/www.accuratereviews.com\\\/it\\\/programmi-grafica-design\\\/relaythat-recensione\\\/#primaryimage\",\"url\":\"https:\\\/\\\/www.accuratereviews.com\\\/wp-content\\\/uploads\\\/2021\\\/11\\\/RelayThat.png\",\"contentUrl\":\"https:\\\/\\\/www.accuratereviews.com\\\/wp-content\\\/uploads\\\/2021\\\/11\\\/RelayThat.png\",\"width\":940,\"height\":788},{\"@type\":\"BreadcrumbList\",\"@id\":\"https:\\\/\\\/www.accuratereviews.com\\\/it\\\/programmi-grafica-design\\\/relaythat-recensione\\\/#breadcrumb\",\"itemListElement\":[{\"@type\":\"ListItem\",\"position\":1,\"name\":\"Home\",\"item\":\"https:\\\/\\\/www.accuratereviews.com\\\/it\\\/\"},{\"@type\":\"ListItem\",\"position\":2,\"name\":\"Programmi grafica design\",\"item\":\"https:\\\/\\\/www.accuratereviews.com\\\/it\\\/programmi-grafica-design\\\/\"},{\"@type\":\"ListItem\",\"position\":3,\"name\":\"RelayThat\"}]},{\"@type\":\"WebSite\",\"@id\":\"https:\\\/\\\/www.accuratereviews.com\\\/it\\\/#website\",\"url\":\"https:\\\/\\\/www.accuratereviews.com\\\/it\\\/\",\"name\":\"Accurate Reviews\",\"description\":\"\",\"potentialAction\":[{\"@type\":\"SearchAction\",\"target\":{\"@type\":\"EntryPoint\",\"urlTemplate\":\"https:\\\/\\\/www.accuratereviews.com\\\/it\\\/?s={search_term_string}\"},\"query-input\":{\"@type\":\"PropertyValueSpecification\",\"valueRequired\":true,\"valueName\":\"search_term_string\"}}],\"inLanguage\":\"it-IT\"}]}<\/script>\n<!-- \/ Yoast SEO plugin. -->","yoast_head_json":{"title":"RelayThat: recensione app automazione design - Accurate Reviews","description":"RelayThat: recensione dell'app di automazione del design che si rivolge a imprese, agenzie immobiliari, imprenditori e freelance.","robots":{"index":"index","follow":"follow","max-snippet":"max-snippet:-1","max-image-preview":"max-image-preview:large","max-video-preview":"max-video-preview:-1"},"canonical":"https:\/\/www.accuratereviews.com\/it\/programmi-grafica-design\/relaythat-recensione\/","og_locale":"it_IT","og_type":"article","og_title":"RelayThat: recensione app automazione design - Accurate Reviews","og_description":"RelayThat: recensione dell'app di automazione del design che si rivolge a imprese, agenzie immobiliari, imprenditori e freelance.","og_url":"https:\/\/www.accuratereviews.com\/it\/programmi-grafica-design\/relaythat-recensione\/","og_site_name":"Accurate Reviews","og_image":[{"width":940,"height":788,"url":"https:\/\/www.accuratereviews.com\/wp-content\/uploads\/2021\/11\/RelayThat.png","type":"image\/png"}],"twitter_card":"summary_large_image","twitter_misc":{"Tempo di lettura stimato":"3 minuti"},"schema":{"@context":"https:\/\/schema.org","@graph":[{"@type":"WebPage","@id":"https:\/\/www.accuratereviews.com\/it\/programmi-grafica-design\/relaythat-recensione\/","url":"https:\/\/www.accuratereviews.com\/it\/programmi-grafica-design\/relaythat-recensione\/","name":"RelayThat: recensione app automazione design - Accurate Reviews","isPartOf":{"@id":"https:\/\/www.accuratereviews.com\/it\/#website"},"primaryImageOfPage":{"@id":"https:\/\/www.accuratereviews.com\/it\/programmi-grafica-design\/relaythat-recensione\/#primaryimage"},"image":{"@id":"https:\/\/www.accuratereviews.com\/it\/programmi-grafica-design\/relaythat-recensione\/#primaryimage"},"thumbnailUrl":"https:\/\/www.accuratereviews.com\/wp-content\/uploads\/2021\/11\/RelayThat.png","datePublished":"2021-11-23T15:10:50+00:00","description":"RelayThat: recensione dell'app di automazione del design che si rivolge a imprese, agenzie immobiliari, imprenditori e freelance.","breadcrumb":{"@id":"https:\/\/www.accuratereviews.com\/it\/programmi-grafica-design\/relaythat-recensione\/#breadcrumb"},"inLanguage":"it-IT","potentialAction":[{"@type":"ReadAction","target":["https:\/\/www.accuratereviews.com\/it\/programmi-grafica-design\/relaythat-recensione\/"]}]},{"@type":"ImageObject","inLanguage":"it-IT","@id":"https:\/\/www.accuratereviews.com\/it\/programmi-grafica-design\/relaythat-recensione\/#primaryimage","url":"https:\/\/www.accuratereviews.com\/wp-content\/uploads\/2021\/11\/RelayThat.png","contentUrl":"https:\/\/www.accuratereviews.com\/wp-content\/uploads\/2021\/11\/RelayThat.png","width":940,"height":788},{"@type":"BreadcrumbList","@id":"https:\/\/www.accuratereviews.com\/it\/programmi-grafica-design\/relaythat-recensione\/#breadcrumb","itemListElement":[{"@type":"ListItem","position":1,"name":"Home","item":"https:\/\/www.accuratereviews.com\/it\/"},{"@type":"ListItem","position":2,"name":"Programmi grafica design","item":"https:\/\/www.accuratereviews.com\/it\/programmi-grafica-design\/"},{"@type":"ListItem","position":3,"name":"RelayThat"}]},{"@type":"WebSite","@id":"https:\/\/www.accuratereviews.com\/it\/#website","url":"https:\/\/www.accuratereviews.com\/it\/","name":"Accurate Reviews","description":"","potentialAction":[{"@type":"SearchAction","target":{"@type":"EntryPoint","urlTemplate":"https:\/\/www.accuratereviews.com\/it\/?s={search_term_string}"},"query-input":{"@type":"PropertyValueSpecification","valueRequired":true,"valueName":"search_term_string"}}],"inLanguage":"it-IT"}]}},"_links":{"self":[{"href":"https:\/\/www.accuratereviews.com\/it\/wp-json\/wp\/v2\/pages\/50355","targetHints":{"allow":["GET"]}}],"collection":[{"href":"https:\/\/www.accuratereviews.com\/it\/wp-json\/wp\/v2\/pages"}],"about":[{"href":"https:\/\/www.accuratereviews.com\/it\/wp-json\/wp\/v2\/types\/page"}],"author":[{"embeddable":true,"href":"https:\/\/www.accuratereviews.com\/it\/wp-json\/wp\/v2\/users\/17"}],"replies":[{"embeddable":true,"href":"https:\/\/www.accuratereviews.com\/it\/wp-json\/wp\/v2\/comments?post=50355"}],"version-history":[{"count":3,"href":"https:\/\/www.accuratereviews.com\/it\/wp-json\/wp\/v2\/pages\/50355\/revisions"}],"predecessor-version":[{"id":50370,"href":"https:\/\/www.accuratereviews.com\/it\/wp-json\/wp\/v2\/pages\/50355\/revisions\/50370"}],"up":[{"embeddable":true,"href":"https:\/\/www.accuratereviews.com\/it\/wp-json\/wp\/v2\/pages\/49827"}],"wp:featuredmedia":[{"embeddable":true,"href":"https:\/\/www.accuratereviews.com\/it\/wp-json\/wp\/v2\/media\/50359"}],"wp:attachment":[{"href":"https:\/\/www.accuratereviews.com\/it\/wp-json\/wp\/v2\/media?parent=50355"}],"wp:term":[{"taxonomy":"category","embeddable":true,"href":"https:\/\/www.accuratereviews.com\/it\/wp-json\/wp\/v2\/categories?post=50355"},{"taxonomy":"post_tag","embeddable":true,"href":"https:\/\/www.accuratereviews.com\/it\/wp-json\/wp\/v2\/tags?post=50355"},{"taxonomy":"features","embeddable":true,"href":"https:\/\/www.accuratereviews.com\/it\/wp-json\/wp\/v2\/features?post=50355"}],"curies":[{"name":"wp","href":"https:\/\/api.w.org\/{rel}","templated":true}]}}