{"id":50388,"date":"2021-11-24T14:29:06","date_gmt":"2021-11-24T14:29:06","guid":{"rendered":"https:\/\/www.accuratereviews.com\/?page_id=50388"},"modified":"2021-11-24T14:29:06","modified_gmt":"2021-11-24T14:29:06","slug":"canvas-x-draw-recensione","status":"publish","type":"page","link":"https:\/\/www.accuratereviews.com\/it\/programmi-grafica-design\/canvas-x-draw-recensione\/","title":{"rendered":"Canvas X Draw"},"content":{"rendered":"<p><strong>Canvas X Draw<\/strong> \u00e8 un<strong> software di progettazione grafica<\/strong> che aiuta le aziende a creare e modificare la grafica vettoriale utilizzando strumenti di disegno digitale. La piattaforma consente agli amministratori di applicare effetti di trasparenza e clonare pixel per modificare le immagini su un&#8217;interfaccia unificata. I manager possono applicare caratteri, forme, colori e motivi di trama personalizzati per creare layout per varie pubblicazioni e volantini.<strong> Canvas X Draw<\/strong> offre un modulo di tracciamento automatico, che consente ai team di convertire immagini raster in illustrazioni vettoriali. Inoltre, gli operatori possono utilizzare la funzionalit\u00e0 &#8220;punta e clicca&#8221; per aggiungere linee curve o rette e disegnare forme personalizzate.<\/p>\n<h2>CANVAS X DRAW &#8211; TUTORIAL<\/h2>\n<p>Diamo una rapida occhiata al video su questo<strong> software di grafica design<\/strong>:<\/p>\n<div id=\"fluid-wrapper-counter-1\" class=\"g1-fluid-wrapper \" style=\"width:686px;\">\n<div style=\"padding-bottom:56.268221574344%;\"><iframe loading=\"lazy\" title=\"Getting started with Canvas X Draw\" width=\"686\" height=\"386\" src=\"https:\/\/www.youtube.com\/embed\/uTSnQxBEguM?feature=oembed&amp;wmode=transparent&amp;autohide=1&amp;autoplay=0&amp;disablekb=0&amp;fs=1&amp;loop=0&amp;enablejsapi=1&amp;rel=0&amp;controls=2&amp;showinfo=0&amp;wmode=transparent&amp;autohide=2&amp;autoplay=0&amp;disablekb=0&amp;fs=1&amp;loop=0&amp;enablejsapi=1&amp;rel=0&amp;controls=2&amp;showinfo=1\" frameborder=\"0\" allow=\"accelerometer; autoplay; clipboard-write; encrypted-media; gyroscope; picture-in-picture\" allowfullscreen><\/iframe><\/div>\n<\/div>\n<h3>CANVAS X DRAW &#8211; CARATTERISTICHE<\/h3>\n<ul>\n<li><strong>Tracciamento dell&#8217;immagine impeccabile<\/strong>: trasforma le immagini in illustrazioni vettoriali infinitamente scalabili in un istante. Traccia l&#8217;intera immagine, o qualsiasi canale all&#8217;interno di un&#8217;immagine, e ottieni risultati precisi e perfetti ogni volta<\/li>\n<li><strong>Creare curve perfette<\/strong>: con lo strumento di curvatura della tela puoi creare bellissime curve morbide con un controllo preciso. La semplice operazione punta e clicca rende facile disegnare esattamente le forme di cui hai bisogno e passare facilmente da linee curve a linee rette<\/li>\n<li><strong>Le parole contano<\/strong>: la soluzione ti offre strumenti di testo avanzato per infinite combinazioni di colori, texture, pattern e tratti di penna. Aggiungi facilmente caratteri alla vasta libreria, fai scorrere il testo in forme rotonde, gestisci il layout per volantini, pubblicazioni e altro ancora<\/li>\n<li><strong>Sovrapponi i tuoi disegni<\/strong>: crea immagini e illustrazioni complesse utilizzando pi\u00f9 livelli nei tuoi documenti Canvas. I livelli semplificano la modifica e la sperimentazione di singoli elementi del tuo design senza interrompere le parti che desideri conservare<\/li>\n<li><strong>Modelli per il successo:<\/strong> crea diagrammi di flusso, volantini e planimetrie. Progetta biglietti da visita e brochure, menu e mappe<\/li>\n<li><strong>Mostra i tuoi veri colori:<\/strong> sofisticati strumenti di colore facili da usare. Mescola i colori, ottieni corrispondenze esatte con il contagocce, goditi il \u200b\u200bcontrollo di precisione su tonalit\u00e0 e saturazione, ricolora le tue foto, seleziona le aree in base al colore e molto altro.<\/li>\n<li><strong>Taglia<\/strong>: lo strumento coltello di precisione semplifica la segmentazione e la modifica della grafica vettoriale e delle illustrazioni. Goditi un controllo estremamente nitido sui percorsi di taglio a forma libera per i tuoi oggetti vettoriali. Se hai semplicemente bisogno di tagliare una linea retta tra due punti, usa invece lo strumento forbice<\/li>\n<\/ul>\n<h4>LE RECENSIONI DEGLI UTENTI<\/h4>\n<p class=\"font-weight-bold mb-2\"><strong>Frank H.&#8221;Tela per illustrazione tecnica&#8221;<\/strong><\/p>\n<p><span class=\"font-weight-bold\"><strong>Commenti<\/strong>: p<\/span>eccato che questo formato non mi permetta di condividere il mio prodotto di lavoro. Un&#8217;immagine varrebbe pi\u00f9 di mille parole.<\/p>\n<p class=\"font-weight-bold mb-2\"><strong>Pro<\/strong>: ho iniziato a utilizzare Canvas nei primi anni &#8217;80, quando era disponibile solo su Mac. Alla fine hanno creato una versione di Windows, ed \u00e8 stato appena in tempo, perch\u00e9 la nostra azienda stava passando dai Mac ai PC per ottenere l&#8217;accesso ad AutoCAD. Non ho mai imparato ad usare il CAD, ma ho continuato ad utilizzare Canvas quasi quotidianamente nel mio lavoro di project manager. L&#8217;ho usato anche a casa sul mio Mac per creare ogni tipo di design grafico, dai biglietti da visita ai loghi aziendali, dai biglietti d&#8217;auguri agli schizzi architettonici e molti altri. Per un po&#8217; hanno smesso di vendere Canvas per Mac, ma l&#8217;azienda ha continuato a supportare la mia copia e mi ha persino inviato aggiornamenti gratuiti. Ora sono tornati sul Mac con Canvas X Draw e sono ancora un utente fedele.<\/p>\n<p class=\"font-weight-bold mb-2\"><strong>Contro<\/strong>: mi \u00e8 dispiaciuto molto vederli abbandonare il Mac, ma sono grato per il loro continuo supporto. Ho visto strumenti per distorcere le immagini raster (tirando gli angoli) in altri pacchetti, anche in semplici app software sul mio iPhone, quindi so che \u00e8 possibile, ma non \u00e8 disponibile in Canvas. \u00c8 il loro divario lampante. Altrimenti, per l&#8217;illustrazione tecnica, Canvas \u00e8 quasi perfetto.<\/p>\n<p class=\"font-weight-bold mb-2\"><strong>Kent F.&#8221;Tutto in uno che funziona&#8221;<\/strong><\/p>\n<p><span class=\"font-weight-bold\"><strong>Commenti<\/strong>: s<\/span>ono un utente di Canvas da molto tempo, a partire dagli anni &#8217;90. Il software \u00e8 cresciuto bene, ma poi \u00e8 sceso dal palco per un po&#8217; fino a quando non \u00e8 risorto. Sono stato molto felice di vederlo tornare. Ho la suite completa di prodotti Adobe a mia disposizione, ma mi piace Canvas per le sue capacit\u00e0 combinate in un unico pacchetto software. Spero che continui a crescere.<\/p>\n<p class=\"font-weight-bold mb-2\"><strong>Pro<\/strong>: \u00e8\u00a0molto utile per me, utilizzando un insieme misto di elementi di design, stare all&#8217;interno di un pacchetto per elementi di design grafico, testo e immagini con una suite completa di effetti e funzionalit\u00e0. I risultati sembrano professionali e ben eseguiti dal software, con una buona selezione di strumenti per i miei progetti.<\/p>\n<p class=\"font-weight-bold mb-2\"><strong>Contro<\/strong>: la versione per Mac \u00e8 rimasta un po&#8217; in ritardo nel corso degli anni, ma sta migliorando ora che la sua base \u00e8 stata ristabilita. Appaiono bug minori del software, ma gli aggiornamenti sono ragionevolmente distanziati per mantenerlo funzionante.<\/p>\n<h5 class=\"font-weight-bold mb-2\">Jamal W.&#8221;Buona funzionalit\u00e0&#8221;<\/h5>\n<p class=\"font-weight-bold mb-2\"><strong>Pro<\/strong>: mi piace che il software permetta all&#8217;utente di modificare i dettagli fini in figure e immagini.<\/p>\n<p class=\"font-weight-bold mb-2\"><strong>Contro<\/strong>: non esiste un software compatibile sia con Mac che con PC, quindi ho dovuto acquistare due copie, una per lavoro e una per casa\/portatile. Inoltre, una delle migliori caratteristiche \u00e8 la funzionalit\u00e0, ma risulta anche un po&#8217; confusa nell&#8217;accesso ad alcune funzionalit\u00e0 &#8220;nascoste&#8221;.<\/p>\n","protected":false},"excerpt":{"rendered":"<p>Canvas X Draw \u00e8 un software di progettazione grafica che aiuta le aziende a creare e modificare la grafica vettoriale utilizzando strumenti di pittura digitale. La piattaforma consente agli amministratori di applicare effetti di trasparenza e clonare pixel per modificare le immagini su un&#8217;interfaccia unificata.\u00a0<\/p>\n","protected":false},"author":16,"featured_media":50389,"parent":49827,"menu_order":0,"comment_status":"open","ping_status":"closed","template":"g1_template_page_review_new.php","meta":{"_acf_changed":false,"cwp_meta_box_check":"No","cwp_rev_product_name":"","cwp_rev_product_image":"","wppr_links":[],"cwp_rev_price":"","wppr_options":[],"wppr_pros":[],"wppr_cons":[],"_monsterinsights_skip_tracking":false,"_monsterinsights_sitenote_active":false,"_monsterinsights_sitenote_note":"","_monsterinsights_sitenote_category":0,"footnotes":""},"categories":[11404],"tags":[11546,11409,11408,11406,11405],"features":[],"class_list":{"0":"post-50388","1":"page","2":"type-page","3":"status-publish","4":"has-post-thumbnail","6":"category-programmi-grafica-design-cat","7":"tag-canvas-x-draw","8":"tag-piattaforma-grafica-design","9":"tag-programma-grafica-design","10":"tag-software-grafica-design","11":"tag-soluzione-grafica-design"},"wppr_data":{"cwp_meta_box_check":"No"},"acf":[],"yoast_head":"<!-- This site is optimized with the Yoast SEO plugin v27.4 - https:\/\/yoast.com\/product\/yoast-seo-wordpress\/ -->\n<title>Canvas X Draw: recensione software grafica design - Accurate Reviews<\/title>\n<meta name=\"description\" content=\"Canvas X Draw: recensione software di progettazione grafica che aiuta le aziende a creare e modificare la grafica vettoriale.\" \/>\n<meta name=\"robots\" content=\"index, follow, max-snippet:-1, max-image-preview:large, max-video-preview:-1\" \/>\n<link rel=\"canonical\" href=\"https:\/\/www.accuratereviews.com\/it\/programmi-grafica-design\/canvas-x-draw-recensione\/\" \/>\n<meta property=\"og:locale\" content=\"it_IT\" \/>\n<meta property=\"og:type\" content=\"article\" \/>\n<meta property=\"og:title\" content=\"Canvas X Draw: recensione software grafica design - Accurate Reviews\" \/>\n<meta property=\"og:description\" content=\"Canvas X Draw: recensione software di progettazione grafica che aiuta le aziende a creare e modificare la grafica vettoriale.\" \/>\n<meta property=\"og:url\" content=\"https:\/\/www.accuratereviews.com\/it\/programmi-grafica-design\/canvas-x-draw-recensione\/\" \/>\n<meta property=\"og:site_name\" content=\"Accurate Reviews\" \/>\n<meta property=\"og:image\" content=\"https:\/\/www.accuratereviews.com\/wp-content\/uploads\/2021\/11\/1603728494_canvas-x-draw.png\" \/>\n\t<meta property=\"og:image:width\" content=\"256\" \/>\n\t<meta property=\"og:image:height\" content=\"256\" \/>\n\t<meta property=\"og:image:type\" content=\"image\/png\" \/>\n<meta name=\"twitter:card\" content=\"summary_large_image\" \/>\n<meta name=\"twitter:label1\" content=\"Tempo di lettura stimato\" \/>\n\t<meta name=\"twitter:data1\" content=\"4 minuti\" \/>\n<script type=\"application\/ld+json\" class=\"yoast-schema-graph\">{\"@context\":\"https:\\\/\\\/schema.org\",\"@graph\":[{\"@type\":\"WebPage\",\"@id\":\"https:\\\/\\\/www.accuratereviews.com\\\/it\\\/programmi-grafica-design\\\/canvas-x-draw-recensione\\\/\",\"url\":\"https:\\\/\\\/www.accuratereviews.com\\\/it\\\/programmi-grafica-design\\\/canvas-x-draw-recensione\\\/\",\"name\":\"Canvas X Draw: recensione software grafica design - Accurate Reviews\",\"isPartOf\":{\"@id\":\"https:\\\/\\\/www.accuratereviews.com\\\/it\\\/#website\"},\"primaryImageOfPage\":{\"@id\":\"https:\\\/\\\/www.accuratereviews.com\\\/it\\\/programmi-grafica-design\\\/canvas-x-draw-recensione\\\/#primaryimage\"},\"image\":{\"@id\":\"https:\\\/\\\/www.accuratereviews.com\\\/it\\\/programmi-grafica-design\\\/canvas-x-draw-recensione\\\/#primaryimage\"},\"thumbnailUrl\":\"https:\\\/\\\/www.accuratereviews.com\\\/wp-content\\\/uploads\\\/2021\\\/11\\\/1603728494_canvas-x-draw.png\",\"datePublished\":\"2021-11-24T14:29:06+00:00\",\"description\":\"Canvas X Draw: recensione software di progettazione grafica che aiuta le aziende a creare e modificare la grafica vettoriale.\",\"breadcrumb\":{\"@id\":\"https:\\\/\\\/www.accuratereviews.com\\\/it\\\/programmi-grafica-design\\\/canvas-x-draw-recensione\\\/#breadcrumb\"},\"inLanguage\":\"it-IT\",\"potentialAction\":[{\"@type\":\"ReadAction\",\"target\":[\"https:\\\/\\\/www.accuratereviews.com\\\/it\\\/programmi-grafica-design\\\/canvas-x-draw-recensione\\\/\"]}]},{\"@type\":\"ImageObject\",\"inLanguage\":\"it-IT\",\"@id\":\"https:\\\/\\\/www.accuratereviews.com\\\/it\\\/programmi-grafica-design\\\/canvas-x-draw-recensione\\\/#primaryimage\",\"url\":\"https:\\\/\\\/www.accuratereviews.com\\\/wp-content\\\/uploads\\\/2021\\\/11\\\/1603728494_canvas-x-draw.png\",\"contentUrl\":\"https:\\\/\\\/www.accuratereviews.com\\\/wp-content\\\/uploads\\\/2021\\\/11\\\/1603728494_canvas-x-draw.png\",\"width\":256,\"height\":256},{\"@type\":\"BreadcrumbList\",\"@id\":\"https:\\\/\\\/www.accuratereviews.com\\\/it\\\/programmi-grafica-design\\\/canvas-x-draw-recensione\\\/#breadcrumb\",\"itemListElement\":[{\"@type\":\"ListItem\",\"position\":1,\"name\":\"Home\",\"item\":\"https:\\\/\\\/www.accuratereviews.com\\\/it\\\/\"},{\"@type\":\"ListItem\",\"position\":2,\"name\":\"Programmi grafica design\",\"item\":\"https:\\\/\\\/www.accuratereviews.com\\\/it\\\/programmi-grafica-design\\\/\"},{\"@type\":\"ListItem\",\"position\":3,\"name\":\"Canvas X Draw\"}]},{\"@type\":\"WebSite\",\"@id\":\"https:\\\/\\\/www.accuratereviews.com\\\/it\\\/#website\",\"url\":\"https:\\\/\\\/www.accuratereviews.com\\\/it\\\/\",\"name\":\"Accurate Reviews\",\"description\":\"\",\"potentialAction\":[{\"@type\":\"SearchAction\",\"target\":{\"@type\":\"EntryPoint\",\"urlTemplate\":\"https:\\\/\\\/www.accuratereviews.com\\\/it\\\/?s={search_term_string}\"},\"query-input\":{\"@type\":\"PropertyValueSpecification\",\"valueRequired\":true,\"valueName\":\"search_term_string\"}}],\"inLanguage\":\"it-IT\"}]}<\/script>\n<!-- \/ Yoast SEO plugin. -->","yoast_head_json":{"title":"Canvas X Draw: recensione software grafica design - Accurate Reviews","description":"Canvas X Draw: recensione software di progettazione grafica che aiuta le aziende a creare e modificare la grafica vettoriale.","robots":{"index":"index","follow":"follow","max-snippet":"max-snippet:-1","max-image-preview":"max-image-preview:large","max-video-preview":"max-video-preview:-1"},"canonical":"https:\/\/www.accuratereviews.com\/it\/programmi-grafica-design\/canvas-x-draw-recensione\/","og_locale":"it_IT","og_type":"article","og_title":"Canvas X Draw: recensione software grafica design - Accurate Reviews","og_description":"Canvas X Draw: recensione software di progettazione grafica che aiuta le aziende a creare e modificare la grafica vettoriale.","og_url":"https:\/\/www.accuratereviews.com\/it\/programmi-grafica-design\/canvas-x-draw-recensione\/","og_site_name":"Accurate Reviews","og_image":[{"width":256,"height":256,"url":"https:\/\/www.accuratereviews.com\/wp-content\/uploads\/2021\/11\/1603728494_canvas-x-draw.png","type":"image\/png"}],"twitter_card":"summary_large_image","twitter_misc":{"Tempo di lettura stimato":"4 minuti"},"schema":{"@context":"https:\/\/schema.org","@graph":[{"@type":"WebPage","@id":"https:\/\/www.accuratereviews.com\/it\/programmi-grafica-design\/canvas-x-draw-recensione\/","url":"https:\/\/www.accuratereviews.com\/it\/programmi-grafica-design\/canvas-x-draw-recensione\/","name":"Canvas X Draw: recensione software grafica design - Accurate Reviews","isPartOf":{"@id":"https:\/\/www.accuratereviews.com\/it\/#website"},"primaryImageOfPage":{"@id":"https:\/\/www.accuratereviews.com\/it\/programmi-grafica-design\/canvas-x-draw-recensione\/#primaryimage"},"image":{"@id":"https:\/\/www.accuratereviews.com\/it\/programmi-grafica-design\/canvas-x-draw-recensione\/#primaryimage"},"thumbnailUrl":"https:\/\/www.accuratereviews.com\/wp-content\/uploads\/2021\/11\/1603728494_canvas-x-draw.png","datePublished":"2021-11-24T14:29:06+00:00","description":"Canvas X Draw: recensione software di progettazione grafica che aiuta le aziende a creare e modificare la grafica vettoriale.","breadcrumb":{"@id":"https:\/\/www.accuratereviews.com\/it\/programmi-grafica-design\/canvas-x-draw-recensione\/#breadcrumb"},"inLanguage":"it-IT","potentialAction":[{"@type":"ReadAction","target":["https:\/\/www.accuratereviews.com\/it\/programmi-grafica-design\/canvas-x-draw-recensione\/"]}]},{"@type":"ImageObject","inLanguage":"it-IT","@id":"https:\/\/www.accuratereviews.com\/it\/programmi-grafica-design\/canvas-x-draw-recensione\/#primaryimage","url":"https:\/\/www.accuratereviews.com\/wp-content\/uploads\/2021\/11\/1603728494_canvas-x-draw.png","contentUrl":"https:\/\/www.accuratereviews.com\/wp-content\/uploads\/2021\/11\/1603728494_canvas-x-draw.png","width":256,"height":256},{"@type":"BreadcrumbList","@id":"https:\/\/www.accuratereviews.com\/it\/programmi-grafica-design\/canvas-x-draw-recensione\/#breadcrumb","itemListElement":[{"@type":"ListItem","position":1,"name":"Home","item":"https:\/\/www.accuratereviews.com\/it\/"},{"@type":"ListItem","position":2,"name":"Programmi grafica design","item":"https:\/\/www.accuratereviews.com\/it\/programmi-grafica-design\/"},{"@type":"ListItem","position":3,"name":"Canvas X Draw"}]},{"@type":"WebSite","@id":"https:\/\/www.accuratereviews.com\/it\/#website","url":"https:\/\/www.accuratereviews.com\/it\/","name":"Accurate Reviews","description":"","potentialAction":[{"@type":"SearchAction","target":{"@type":"EntryPoint","urlTemplate":"https:\/\/www.accuratereviews.com\/it\/?s={search_term_string}"},"query-input":{"@type":"PropertyValueSpecification","valueRequired":true,"valueName":"search_term_string"}}],"inLanguage":"it-IT"}]}},"_links":{"self":[{"href":"https:\/\/www.accuratereviews.com\/it\/wp-json\/wp\/v2\/pages\/50388","targetHints":{"allow":["GET"]}}],"collection":[{"href":"https:\/\/www.accuratereviews.com\/it\/wp-json\/wp\/v2\/pages"}],"about":[{"href":"https:\/\/www.accuratereviews.com\/it\/wp-json\/wp\/v2\/types\/page"}],"author":[{"embeddable":true,"href":"https:\/\/www.accuratereviews.com\/it\/wp-json\/wp\/v2\/users\/16"}],"replies":[{"embeddable":true,"href":"https:\/\/www.accuratereviews.com\/it\/wp-json\/wp\/v2\/comments?post=50388"}],"version-history":[{"count":8,"href":"https:\/\/www.accuratereviews.com\/it\/wp-json\/wp\/v2\/pages\/50388\/revisions"}],"predecessor-version":[{"id":50435,"href":"https:\/\/www.accuratereviews.com\/it\/wp-json\/wp\/v2\/pages\/50388\/revisions\/50435"}],"up":[{"embeddable":true,"href":"https:\/\/www.accuratereviews.com\/it\/wp-json\/wp\/v2\/pages\/49827"}],"wp:featuredmedia":[{"embeddable":true,"href":"https:\/\/www.accuratereviews.com\/it\/wp-json\/wp\/v2\/media\/50389"}],"wp:attachment":[{"href":"https:\/\/www.accuratereviews.com\/it\/wp-json\/wp\/v2\/media?parent=50388"}],"wp:term":[{"taxonomy":"category","embeddable":true,"href":"https:\/\/www.accuratereviews.com\/it\/wp-json\/wp\/v2\/categories?post=50388"},{"taxonomy":"post_tag","embeddable":true,"href":"https:\/\/www.accuratereviews.com\/it\/wp-json\/wp\/v2\/tags?post=50388"},{"taxonomy":"features","embeddable":true,"href":"https:\/\/www.accuratereviews.com\/it\/wp-json\/wp\/v2\/features?post=50388"}],"curies":[{"name":"wp","href":"https:\/\/api.w.org\/{rel}","templated":true}]}}