{"id":50421,"date":"2021-11-24T14:34:04","date_gmt":"2021-11-24T14:34:04","guid":{"rendered":"https:\/\/www.accuratereviews.com\/?page_id=50421"},"modified":"2021-11-24T14:34:04","modified_gmt":"2021-11-24T14:34:04","slug":"postermywall-recensione","status":"publish","type":"page","link":"https:\/\/www.accuratereviews.com\/it\/programmi-grafica-design\/postermywall-recensione\/","title":{"rendered":"PosterMyWall"},"content":{"rendered":"<p><strong>PosterMyWall<\/strong> \u00e8 una <strong>soluzione di progettazione grafica<\/strong> basata su <strong>cloud<\/strong> che aiuta le aziende a creare contenuti, intestazioni e poster personalizzati per varie piattaforme di social media e campagne di marketing. Consente agli utenti di importare caratteri nel sistema e scaricare modelli di immagini e video dalla libreria integrata. Il programma\u00a0consente alle aziende di pianificare post sui social media e pubblicare automaticamente progetti su pagine o gruppi di Facebook, Twitter, siti web o schermi di segnaletica digitale. I manager possono utilizzare modelli HD e 4K per creare contenuti accattivanti per menu animati, promozioni di marchi, pubblicit\u00e0 ed eventi imminenti. Permette inoltre agli utenti di condividere i contenuti modificati con i membri del team, per facilitare la collaborazione all&#8217;interno dell&#8217;organizzazione. I professionisti possono ricevere link condivisibili di video modificati tramite Google Drive, Dropbox o e-mail e concedere l&#8217;accesso basato sui ruoli alle risorse digitali.<\/p>\n<h2>POSTERMYWALL &#8211; TUTORIAL<\/h2>\n<p>Ecco come utilizzare al meglio questo <strong>programma di grafica design<\/strong>:<\/p>\n<div id=\"fluid-wrapper-counter-1\" class=\"g1-fluid-wrapper \" style=\"width:686px;\">\n<div style=\"padding-bottom:56.268221574344%;\"><iframe loading=\"lazy\" title=\"PosterMyWall | Create marketing designs like a pro\" width=\"686\" height=\"386\" src=\"https:\/\/www.youtube.com\/embed\/wHlWQ-voD3M?feature=oembed&amp;wmode=transparent&amp;autohide=1&amp;autoplay=0&amp;disablekb=0&amp;fs=1&amp;loop=0&amp;enablejsapi=1&amp;rel=0&amp;controls=2&amp;showinfo=0&amp;wmode=transparent&amp;autohide=2&amp;autoplay=0&amp;disablekb=0&amp;fs=1&amp;loop=0&amp;enablejsapi=1&amp;rel=0&amp;controls=2&amp;showinfo=1\" frameborder=\"0\" allow=\"accelerometer; autoplay; clipboard-write; encrypted-media; gyroscope; picture-in-picture\" allowfullscreen><\/iframe><\/div>\n<\/div>\n<h3>POSTERMYWALL &#8211; CARATTERISTICHE<\/h3>\n<ul>\n<li><strong>Migliaia di modelli di progetti<\/strong>: scegli tra oltre 450,000 progetti di immagini e video per social media, web e da stampare<\/li>\n<li><strong>Milioni di grafici di archivio gratis<\/strong>: personalizza i tuoi contenuti grazie all&#8217;immenso archivio di immagini e video, oppure carica i tuoi<\/li>\n<li><strong>Creazione di menu semplice e veloce<\/strong>: crea invitanti menu e annunci per le tue tabelle e i tuoi schermi<\/li>\n<li><strong>Promuovi i tuoi eventi grazie allo strumento per creare pianificazioni:<\/strong> scegli tra molti layout per le pianificazioni con la possibilit\u00e0 di modificare stili di testo, bordi e sfondi. Dai le informazioni necessarie senza appesantire il tuo progetto<\/li>\n<li><strong>Personalizza i progetti con strumenti di facile utilizzo<\/strong>: rendi unici i tuoi progetti grazie a testi, colori, immagini, clip audio e video personalizzati. Ridimensiona in un solo clic<\/li>\n<li><strong>Rimuovi sfondi<\/strong>: potrai rimuovere in un solo clic senza problemi gli sfondi anche dalle immagini pi\u00f9 dettagliate<\/li>\n<li><strong>Scarica gratis progetti per i social media<\/strong>: ottieni gratis progetti per social media quali Instagram, Facebook, Twitter e molto altro. Tutto senza filigrane<\/li>\n<li><strong>Pubblica direttamente o pianifica la pubblicazione differita di post sui social media<\/strong>: risparmia tempo pianificando con precisione la pubblicazione di post su pagine Facebook, gruppi e Twitter o pubblica direttamente dalla soluzione<\/li>\n<li><strong>Invia campagne email al tuo pubblico<\/strong>: invia email che servono a consolidare la reputazione del tuo brand. Invia messaggi su misura per i tuoi clienti in pochi minuti grazie all&#8217;ampia scelta di modelli<\/li>\n<li><strong>Crea post animati<\/strong>: dai ai tuoi progetti un&#8217;introduzione dinamica. In un solo clic potrai trasformare le tue immagini in video o gif animate di livello professionale<\/li>\n<li><strong>Aggiungi musica ai tuoi progetti<\/strong>: scegli clip audio dall&#8217;ampia raccolta e dai ritmo ai tuoi inviti, annunci, sermoni e promozioni per la tua band<\/li>\n<li><strong>Sticker<\/strong>: aggiungi rapidamente sticker divertenti ai tuoi progetti per renderli ancora pi\u00f9 popolari. Scegli tra migliaia di opzioni gratis.<\/li>\n<\/ul>\n<h4>LE RECENSIONI DEGLI UTENTI<\/h4>\n<p class=\"font-weight-bold mb-2\"><strong>Connie M.&#8221;Software da sogno per designer grafici&#8221;<\/strong><\/p>\n<p><span class=\"font-weight-bold\"><strong>Commenti<\/strong>: u<\/span>so PosterMyWall tutti i giorni. Mi aiuta in tutti gli aspetti del mio lavoro, tra cui ammissioni, comunicazioni, marketing, consulente per l&#8217;annuario e altro ancora.<\/p>\n<p class=\"font-weight-bold mb-2\"><strong>Pro<\/strong>: di mestiere sono un grafico ma le altre mie responsabilit\u00e0 non sempre mi consentono di creare. PosterMyWall \u00e8 fantastico! Posso scegliere un design completato, aggiungere il mio tocco personale o un design da zero. Il divertimento non finisce mai.<\/p>\n<p class=\"font-weight-bold mb-2\"><strong>Contro<\/strong>: ad essere onesti, la mia unica lamentela \u00e8 non avere il controllo ortografico. A meno che non lo facciano e io non ne sia a conoscenza.<\/p>\n<p class=\"font-weight-bold mb-2\"><strong>Lacey N.&#8221;Design moderno &#8211; Facile da usare&#8221;<\/strong><\/p>\n<p><span class=\"font-weight-bold\"><strong>Commenti<\/strong>: <\/span>PosterMyWall mi fa sembrare un grafico e mi aiuta a pubblicare rapidamente i contenuti. Nel complesso mi facilita il lavoro.<\/p>\n<p class=\"font-weight-bold mb-2\"><strong>Pro<\/strong>: molto facile da implementare nel mio flusso di lavoro quotidiano. PosterMyWall ha ottime opzioni di design che sono pi\u00f9 moderne di altri programmi. Amo la variet\u00e0 di design e la funzionalit\u00e0 di ricerca.<\/p>\n<p class=\"font-weight-bold mb-2\"><strong>Contro<\/strong>: a\u00a0volte pu\u00f2 esserci un piccolo ritardo durante il ridimensionamento delle foto nel tuo design, ma non mi ha mai impedito di consigliare questo prodotto.<\/p>\n<p class=\"font-weight-bold mb-2\"><strong>Brandi S.&#8221;Il top della linea!!!&#8221;<\/strong><\/p>\n<p><span class=\"font-weight-bold\"><strong>Commenti<\/strong>: \u00e8<\/span>\u00a0stato fantastico. Amo questo software e lo consiglio vivamente.<\/p>\n<p class=\"font-weight-bold mb-2\"><strong>Pro<\/strong>: senza dubbio, i migliori modelli dall&#8217;aspetto professionale per volantini, inviti, lettere ecc. So che posso venire su questo sito e trovare facilmente un modello che adorer\u00f2.<\/p>\n<p class=\"font-weight-bold mb-2\"><strong>Contro<\/strong>: sulla versione non a pagamento, ha ancora il logo in basso. Inoltre, le immagini stock gratuite non sono eccezionali.<\/p>\n","protected":false},"excerpt":{"rendered":"<p>PosterMyWall \u00e8 una soluzione di progettazione grafica basata su cloud che aiuta le aziende a creare contenuti, intestazioni e poster personalizzati per varie piattaforme di social media e campagne di marketing. Consente agli utenti di importare caratteri nel sistema e scaricare modelli di immagini e video dalla libreria integrata. Il programma\u00a0consente alle aziende di pianificare post sui social media e pubblicare automaticamente progetti su pagine o gruppi di Facebook, Twitter, siti web o schermi di segnaletica digitale.<\/p>\n","protected":false},"author":16,"featured_media":50423,"parent":49827,"menu_order":0,"comment_status":"open","ping_status":"closed","template":"g1_template_page_review_new.php","meta":{"_acf_changed":false,"cwp_meta_box_check":"No","cwp_rev_product_name":"","cwp_rev_product_image":"","wppr_links":[],"cwp_rev_price":"","wppr_options":[],"wppr_pros":[],"wppr_cons":[],"_monsterinsights_skip_tracking":false,"_monsterinsights_sitenote_active":false,"_monsterinsights_sitenote_note":"","_monsterinsights_sitenote_category":0,"footnotes":""},"categories":[11404],"tags":[396,464,11491,11557,11416,11406,11405],"features":[],"class_list":{"0":"post-50421","1":"page","2":"type-page","3":"status-publish","4":"has-post-thumbnail","6":"category-programmi-grafica-design-cat","7":"tag-cloud","8":"tag-gratuito","9":"tag-piattaforma-grafica-desing","10":"tag-postermywall","11":"tag-programmi-grafica-design","12":"tag-software-grafica-design","13":"tag-soluzione-grafica-design"},"wppr_data":{"cwp_meta_box_check":"No"},"acf":[],"yoast_head":"<!-- This site is optimized with the Yoast SEO plugin v27.4 - https:\/\/yoast.com\/product\/yoast-seo-wordpress\/ -->\n<title>PosterMyWall: recensione software grafica design - Accurate Reviews<\/title>\n<meta name=\"description\" content=\"PosterMyWall: recensione soluzione di progettazione grafica basata su cloud che aiuta le aziende a creare contenuti.\" \/>\n<meta name=\"robots\" content=\"index, follow, max-snippet:-1, max-image-preview:large, max-video-preview:-1\" \/>\n<link rel=\"canonical\" href=\"https:\/\/www.accuratereviews.com\/it\/programmi-grafica-design\/postermywall-recensione\/\" \/>\n<meta property=\"og:locale\" content=\"it_IT\" \/>\n<meta property=\"og:type\" content=\"article\" \/>\n<meta property=\"og:title\" content=\"PosterMyWall: recensione software grafica design - Accurate Reviews\" \/>\n<meta property=\"og:description\" content=\"PosterMyWall: recensione soluzione di progettazione grafica basata su cloud che aiuta le aziende a creare contenuti.\" \/>\n<meta property=\"og:url\" content=\"https:\/\/www.accuratereviews.com\/it\/programmi-grafica-design\/postermywall-recensione\/\" \/>\n<meta property=\"og:site_name\" content=\"Accurate Reviews\" \/>\n<meta property=\"og:image\" content=\"https:\/\/www.accuratereviews.com\/wp-content\/uploads\/2021\/11\/blue-square-logo.jpeg\" \/>\n\t<meta property=\"og:image:width\" content=\"800\" \/>\n\t<meta property=\"og:image:height\" content=\"800\" \/>\n\t<meta property=\"og:image:type\" content=\"image\/jpeg\" \/>\n<meta name=\"twitter:card\" content=\"summary_large_image\" \/>\n<meta name=\"twitter:label1\" content=\"Tempo di lettura stimato\" \/>\n\t<meta name=\"twitter:data1\" content=\"4 minuti\" \/>\n<script type=\"application\/ld+json\" class=\"yoast-schema-graph\">{\"@context\":\"https:\\\/\\\/schema.org\",\"@graph\":[{\"@type\":\"WebPage\",\"@id\":\"https:\\\/\\\/www.accuratereviews.com\\\/it\\\/programmi-grafica-design\\\/postermywall-recensione\\\/\",\"url\":\"https:\\\/\\\/www.accuratereviews.com\\\/it\\\/programmi-grafica-design\\\/postermywall-recensione\\\/\",\"name\":\"PosterMyWall: recensione software grafica design - Accurate Reviews\",\"isPartOf\":{\"@id\":\"https:\\\/\\\/www.accuratereviews.com\\\/it\\\/#website\"},\"primaryImageOfPage\":{\"@id\":\"https:\\\/\\\/www.accuratereviews.com\\\/it\\\/programmi-grafica-design\\\/postermywall-recensione\\\/#primaryimage\"},\"image\":{\"@id\":\"https:\\\/\\\/www.accuratereviews.com\\\/it\\\/programmi-grafica-design\\\/postermywall-recensione\\\/#primaryimage\"},\"thumbnailUrl\":\"https:\\\/\\\/www.accuratereviews.com\\\/wp-content\\\/uploads\\\/2021\\\/11\\\/blue-square-logo.jpeg\",\"datePublished\":\"2021-11-24T14:34:04+00:00\",\"description\":\"PosterMyWall: recensione soluzione di progettazione grafica basata su cloud che aiuta le aziende a creare contenuti.\",\"breadcrumb\":{\"@id\":\"https:\\\/\\\/www.accuratereviews.com\\\/it\\\/programmi-grafica-design\\\/postermywall-recensione\\\/#breadcrumb\"},\"inLanguage\":\"it-IT\",\"potentialAction\":[{\"@type\":\"ReadAction\",\"target\":[\"https:\\\/\\\/www.accuratereviews.com\\\/it\\\/programmi-grafica-design\\\/postermywall-recensione\\\/\"]}]},{\"@type\":\"ImageObject\",\"inLanguage\":\"it-IT\",\"@id\":\"https:\\\/\\\/www.accuratereviews.com\\\/it\\\/programmi-grafica-design\\\/postermywall-recensione\\\/#primaryimage\",\"url\":\"https:\\\/\\\/www.accuratereviews.com\\\/wp-content\\\/uploads\\\/2021\\\/11\\\/blue-square-logo.jpeg\",\"contentUrl\":\"https:\\\/\\\/www.accuratereviews.com\\\/wp-content\\\/uploads\\\/2021\\\/11\\\/blue-square-logo.jpeg\",\"width\":800,\"height\":800},{\"@type\":\"BreadcrumbList\",\"@id\":\"https:\\\/\\\/www.accuratereviews.com\\\/it\\\/programmi-grafica-design\\\/postermywall-recensione\\\/#breadcrumb\",\"itemListElement\":[{\"@type\":\"ListItem\",\"position\":1,\"name\":\"Home\",\"item\":\"https:\\\/\\\/www.accuratereviews.com\\\/it\\\/\"},{\"@type\":\"ListItem\",\"position\":2,\"name\":\"Programmi grafica design\",\"item\":\"https:\\\/\\\/www.accuratereviews.com\\\/it\\\/programmi-grafica-design\\\/\"},{\"@type\":\"ListItem\",\"position\":3,\"name\":\"PosterMyWall\"}]},{\"@type\":\"WebSite\",\"@id\":\"https:\\\/\\\/www.accuratereviews.com\\\/it\\\/#website\",\"url\":\"https:\\\/\\\/www.accuratereviews.com\\\/it\\\/\",\"name\":\"Accurate Reviews\",\"description\":\"\",\"potentialAction\":[{\"@type\":\"SearchAction\",\"target\":{\"@type\":\"EntryPoint\",\"urlTemplate\":\"https:\\\/\\\/www.accuratereviews.com\\\/it\\\/?s={search_term_string}\"},\"query-input\":{\"@type\":\"PropertyValueSpecification\",\"valueRequired\":true,\"valueName\":\"search_term_string\"}}],\"inLanguage\":\"it-IT\"}]}<\/script>\n<!-- \/ Yoast SEO plugin. -->","yoast_head_json":{"title":"PosterMyWall: recensione software grafica design - Accurate Reviews","description":"PosterMyWall: recensione soluzione di progettazione grafica basata su cloud che aiuta le aziende a creare contenuti.","robots":{"index":"index","follow":"follow","max-snippet":"max-snippet:-1","max-image-preview":"max-image-preview:large","max-video-preview":"max-video-preview:-1"},"canonical":"https:\/\/www.accuratereviews.com\/it\/programmi-grafica-design\/postermywall-recensione\/","og_locale":"it_IT","og_type":"article","og_title":"PosterMyWall: recensione software grafica design - Accurate Reviews","og_description":"PosterMyWall: recensione soluzione di progettazione grafica basata su cloud che aiuta le aziende a creare contenuti.","og_url":"https:\/\/www.accuratereviews.com\/it\/programmi-grafica-design\/postermywall-recensione\/","og_site_name":"Accurate Reviews","og_image":[{"width":800,"height":800,"url":"https:\/\/www.accuratereviews.com\/wp-content\/uploads\/2021\/11\/blue-square-logo.jpeg","type":"image\/jpeg"}],"twitter_card":"summary_large_image","twitter_misc":{"Tempo di lettura stimato":"4 minuti"},"schema":{"@context":"https:\/\/schema.org","@graph":[{"@type":"WebPage","@id":"https:\/\/www.accuratereviews.com\/it\/programmi-grafica-design\/postermywall-recensione\/","url":"https:\/\/www.accuratereviews.com\/it\/programmi-grafica-design\/postermywall-recensione\/","name":"PosterMyWall: recensione software grafica design - Accurate Reviews","isPartOf":{"@id":"https:\/\/www.accuratereviews.com\/it\/#website"},"primaryImageOfPage":{"@id":"https:\/\/www.accuratereviews.com\/it\/programmi-grafica-design\/postermywall-recensione\/#primaryimage"},"image":{"@id":"https:\/\/www.accuratereviews.com\/it\/programmi-grafica-design\/postermywall-recensione\/#primaryimage"},"thumbnailUrl":"https:\/\/www.accuratereviews.com\/wp-content\/uploads\/2021\/11\/blue-square-logo.jpeg","datePublished":"2021-11-24T14:34:04+00:00","description":"PosterMyWall: recensione soluzione di progettazione grafica basata su cloud che aiuta le aziende a creare contenuti.","breadcrumb":{"@id":"https:\/\/www.accuratereviews.com\/it\/programmi-grafica-design\/postermywall-recensione\/#breadcrumb"},"inLanguage":"it-IT","potentialAction":[{"@type":"ReadAction","target":["https:\/\/www.accuratereviews.com\/it\/programmi-grafica-design\/postermywall-recensione\/"]}]},{"@type":"ImageObject","inLanguage":"it-IT","@id":"https:\/\/www.accuratereviews.com\/it\/programmi-grafica-design\/postermywall-recensione\/#primaryimage","url":"https:\/\/www.accuratereviews.com\/wp-content\/uploads\/2021\/11\/blue-square-logo.jpeg","contentUrl":"https:\/\/www.accuratereviews.com\/wp-content\/uploads\/2021\/11\/blue-square-logo.jpeg","width":800,"height":800},{"@type":"BreadcrumbList","@id":"https:\/\/www.accuratereviews.com\/it\/programmi-grafica-design\/postermywall-recensione\/#breadcrumb","itemListElement":[{"@type":"ListItem","position":1,"name":"Home","item":"https:\/\/www.accuratereviews.com\/it\/"},{"@type":"ListItem","position":2,"name":"Programmi grafica design","item":"https:\/\/www.accuratereviews.com\/it\/programmi-grafica-design\/"},{"@type":"ListItem","position":3,"name":"PosterMyWall"}]},{"@type":"WebSite","@id":"https:\/\/www.accuratereviews.com\/it\/#website","url":"https:\/\/www.accuratereviews.com\/it\/","name":"Accurate Reviews","description":"","potentialAction":[{"@type":"SearchAction","target":{"@type":"EntryPoint","urlTemplate":"https:\/\/www.accuratereviews.com\/it\/?s={search_term_string}"},"query-input":{"@type":"PropertyValueSpecification","valueRequired":true,"valueName":"search_term_string"}}],"inLanguage":"it-IT"}]}},"_links":{"self":[{"href":"https:\/\/www.accuratereviews.com\/it\/wp-json\/wp\/v2\/pages\/50421","targetHints":{"allow":["GET"]}}],"collection":[{"href":"https:\/\/www.accuratereviews.com\/it\/wp-json\/wp\/v2\/pages"}],"about":[{"href":"https:\/\/www.accuratereviews.com\/it\/wp-json\/wp\/v2\/types\/page"}],"author":[{"embeddable":true,"href":"https:\/\/www.accuratereviews.com\/it\/wp-json\/wp\/v2\/users\/16"}],"replies":[{"embeddable":true,"href":"https:\/\/www.accuratereviews.com\/it\/wp-json\/wp\/v2\/comments?post=50421"}],"version-history":[{"count":10,"href":"https:\/\/www.accuratereviews.com\/it\/wp-json\/wp\/v2\/pages\/50421\/revisions"}],"predecessor-version":[{"id":50437,"href":"https:\/\/www.accuratereviews.com\/it\/wp-json\/wp\/v2\/pages\/50421\/revisions\/50437"}],"up":[{"embeddable":true,"href":"https:\/\/www.accuratereviews.com\/it\/wp-json\/wp\/v2\/pages\/49827"}],"wp:featuredmedia":[{"embeddable":true,"href":"https:\/\/www.accuratereviews.com\/it\/wp-json\/wp\/v2\/media\/50423"}],"wp:attachment":[{"href":"https:\/\/www.accuratereviews.com\/it\/wp-json\/wp\/v2\/media?parent=50421"}],"wp:term":[{"taxonomy":"category","embeddable":true,"href":"https:\/\/www.accuratereviews.com\/it\/wp-json\/wp\/v2\/categories?post=50421"},{"taxonomy":"post_tag","embeddable":true,"href":"https:\/\/www.accuratereviews.com\/it\/wp-json\/wp\/v2\/tags?post=50421"},{"taxonomy":"features","embeddable":true,"href":"https:\/\/www.accuratereviews.com\/it\/wp-json\/wp\/v2\/features?post=50421"}],"curies":[{"name":"wp","href":"https:\/\/api.w.org\/{rel}","templated":true}]}}