{"id":50444,"date":"2021-11-25T14:01:00","date_gmt":"2021-11-25T14:01:00","guid":{"rendered":"https:\/\/www.accuratereviews.com\/?page_id=50444"},"modified":"2021-11-25T14:01:00","modified_gmt":"2021-11-25T14:01:00","slug":"quarkxpress-recensione","status":"publish","type":"page","link":"https:\/\/www.accuratereviews.com\/it\/programmi-grafica-design\/quarkxpress-recensione\/","title":{"rendered":"QuarkXPress"},"content":{"rendered":"<p><strong>QuarkXPress<\/strong> \u00e8 un <strong>software di grafica design<\/strong> che fornisce ai professionisti gli strumenti per creare e modificare layout di pagina o illustrazioni per libri, brochure, banner, ebook, siti web e pubblicazioni mobili. I designer possono regolare vari aspetti della tipografia, inclusi caratteri tipografici, dimensioni in punti, lunghezze delle linee, interlinea o spaziatura delle lettere e aggiungere effetti di carattere, come l&#8217;ombreggiatura del testo, l&#8217;estensione delle colonne, i colori e altro ancora. Il programma consente alle aziende di importare file in formato PDF, JPEG, PSD, PNG o TIFF, organizzare le immagini utilizzando un&#8217;interfaccia drag-and-drop e modificare le immagini regolando le trasparenze, i filtri o le modalit\u00e0 di fusione. Gli illustratori possono progettare eBook per pubblicazioni cartacee o digitali e pubblicare flipbook HTML. Consente inoltre agli utenti di aggiungere vari elementi interattivi, come audio o video, animazione, zoom dell&#8217;immagine, rotazione a 360 gradi, presentazioni e pulsanti azionabili nelle pubblicazioni.<\/p>\n<h2>QUARKXPRESS &#8211; TUTORIAL<\/h2>\n<p>Il video mostra come creare pagine e siti web in pochi minuti con questo <strong>software di grafica design:<\/strong><\/p>\n<div id=\"fluid-wrapper-counter-1\" class=\"g1-fluid-wrapper \" style=\"width:686px;\">\n<div style=\"padding-bottom:56.268221574344%;\"><iframe loading=\"lazy\" title=\"QuarkXPress 2020 Release | Digital Publishing Software\" width=\"686\" height=\"386\" src=\"https:\/\/www.youtube.com\/embed\/E3bGWpOaIAg?feature=oembed&amp;wmode=transparent&amp;autohide=1&amp;autoplay=0&amp;disablekb=0&amp;fs=1&amp;loop=0&amp;enablejsapi=1&amp;rel=0&amp;controls=2&amp;showinfo=0&amp;wmode=transparent&amp;autohide=2&amp;autoplay=0&amp;disablekb=0&amp;fs=1&amp;loop=0&amp;enablejsapi=1&amp;rel=0&amp;controls=2&amp;showinfo=1\" frameborder=\"0\" allow=\"accelerometer; autoplay; clipboard-write; encrypted-media; gyroscope; picture-in-picture\" allowfullscreen><\/iframe><\/div>\n<\/div>\n<p>&nbsp;<\/p>\n<h3>QUARKXPRESS &#8211; CARATTERISTICHE<\/h3>\n<ul>\n<li>Produci straordinari layout di pagina per qualsiasi supporto<\/li>\n<li>Perfeziona la grafica e le illustrazioni sulla tela digitale<\/li>\n<li>Correggi, migliora e perfeziona le immagini<\/li>\n<li>Converti pubblicazioni cartacee in layout digitali reattivi, senza bisogno di competenze di codifica HTML<\/li>\n<li>Sfrutta un motore di ricerca simile a Google e ricchi metadati per taggare, organizzare e cercare facilmente risorse in raccolte di contenuti, categorie e argomenti<\/li>\n<li>Utilizza gli approfondimenti e i consigli sui contenuti basati sull&#8217;intelligenza artificiale per condividere i contenuti in base ad aspetti come popolarit\u00e0 e pertinenza<\/li>\n<li>Tieni traccia del coinvolgimento e valuta i contenuti utilizzando dashboard e report personalizzabili, in modo da poter migliorare continuamente sulla base di dati reali, non di sensazioni istintive o congetture.<\/li>\n<\/ul>\n<h4>LE RECENSIONI DEGLI UTENTI<\/h4>\n<h5 class=\"font-weight-bold mb-2\">Sharon B.&#8221;Mi semplifica il lavoro&#8221;<\/h5>\n<p><span class=\"font-weight-bold\"><strong>Commenti<\/strong>: h<\/span>o iniziato con Quark Xpress alla fine degli anni &#8217;80 con una scatola di floppy. Ci sono volute due ore per l&#8217;installazione su un Mac Classic. Non avevo istruzioni, solo la scatola e il computer. Il mio capo lo aveva scambiato con una societ\u00e0 di design che gli possedeva denaro. Quindi sono autodidatta. Ma da allora sono un utente fedele. Lavoro nelle tipografie, nei giornali di tutto il paese e tutti usano Quark. In realt\u00e0 sono stato licenziato da un lavoro nella progettazione di riviste perch\u00e9 non sarei passato a InDesign quando hanno deciso che era un programma migliore. Quindi sono uscito da solo e non ho mai guardato indietro. Eccoci al Quark 2019, 30 anni dopo, non abbastanza semplice da usare, ma comunque il miglior software di composizione disponibile.<\/p>\n<p class=\"font-weight-bold mb-2\"><strong>Pro<\/strong>: uso Quark nella rivista di design ogni giorno. Ed \u00e8 cos\u00ec facile impostare modelli per qualsiasi lavoro che mi sto preparando a fare. E posso importare file InDesign, pdf e molti altri file nel mio programma.<\/p>\n<p class=\"font-weight-bold mb-2\"><strong>Aspetti negativi:<\/strong> il costo sta diventando un po &#8216;fuori controllo. Sembra che ogni anno vogliono farmi pagare per poter ottenere un aggiornamento.<\/p>\n<h5 class=\"font-weight-bold mb-2\">Nina J.&#8221;Utente Quark&#8221;<\/h5>\n<p><span class=\"font-weight-bold\"><strong>Commenti<\/strong>: p<\/span>rogettare calendari, volantini, newsletter e molte altre pubblicazioni grafiche \u00e8 un gioco da ragazzi con Quark Express<\/p>\n<p class=\"font-weight-bold mb-2\"><strong>Pro<\/strong>: di facile utilizzo!!! Il software \u00e8 come una scrivania e le numerose applicazioni sono simili agli oggetti su quella scrivania. Puoi facilmente trascinare qualsiasi oggetto nel punto desiderato. Le scatole aperte per immagini, testo ecc. Sono cos\u00ec facili e funzionali. Adoro questo software. Aggiornamenti frequenti che rendono i prodotti meravigliosi.<\/p>\n<p class=\"font-weight-bold mb-2\"><strong>Contro<\/strong>: devo aggiornare il mio computer Apple in quanto non \u00e8 compatibile quando il software viene aggiornato con la stessa frequenza. Diventa compatibile con un nuovo sistema operativo del computer.<\/p>\n<h5 class=\"font-weight-bold mb-2\">Steve R.&#8221;Un ottimo modo per costruire pagine per la produzione di giornali&#8221;<\/h5>\n<p><span class=\"font-weight-bold\"><strong>Commenti<\/strong>: \u00e8<\/span>\u00a0il miglior programma per la produzione di pagine, tranne nessuno.<\/p>\n<p class=\"font-weight-bold mb-2\"><strong>Pro<\/strong>: quark \u00e8 un ottimo modo per mettere insieme le pagine dei giornali. Progettare pagine nitide e pluripremiate \u00e8 facile e ho vinto numerosi premi di settore utilizzando Quark. Ci sono cos\u00ec tante utili funzioni che aiutano il generatore di pagine ed \u00e8 un programma veloce una volta che tutte le sfumature sono state apprese.<\/p>\n<p class=\"font-weight-bold mb-2\"><strong>Contro<\/strong>: pochissimi contro, forse il pi\u00f9 che tende a rallentarsi di tanto in tanto. Ma a volte si blocca di pi\u00f9 su computer diversi, quindi potrebbe non essere un problema totale con il programma.<\/p>\n","protected":false},"excerpt":{"rendered":"<p>QuarkXPress \u00e8 un software di grafica design che fornisce ai professionisti gli strumenti per creare e modificare layout di pagina o illustrazioni per libri, brochure, banner, eBook, siti web e pubblicazioni mobili. I designer possono regolare vari aspetti della tipografia, inclusi caratteri tipografici, dimensioni in punti, lunghezze delle linee, interlinea o spaziatura delle lettere<\/p>\n","protected":false},"author":16,"featured_media":50446,"parent":49827,"menu_order":0,"comment_status":"open","ping_status":"closed","template":"g1_template_page_review_new.php","meta":{"_acf_changed":false,"cwp_meta_box_check":"No","cwp_rev_product_name":"","cwp_rev_product_image":"","wppr_links":[],"cwp_rev_price":"","wppr_options":[],"wppr_pros":[],"wppr_cons":[],"_monsterinsights_skip_tracking":false,"_monsterinsights_sitenote_active":false,"_monsterinsights_sitenote_note":"","_monsterinsights_sitenote_category":0,"footnotes":""},"categories":[11404],"tags":[11570,11569,11571,11451,11450],"features":[],"class_list":{"0":"post-50444","1":"page","2":"type-page","3":"status-publish","4":"has-post-thumbnail","6":"category-programmi-grafica-design-cat","7":"tag-piattaforma-per-grafica-desing","8":"tag-progamma-per-grafica-design","9":"tag-quarkxpress","10":"tag-software-per-grafica-design","11":"tag-soluzione-per-grafica-design"},"wppr_data":{"cwp_meta_box_check":"No"},"acf":[],"yoast_head":"<!-- This site is optimized with the Yoast SEO plugin v27.4 - https:\/\/yoast.com\/product\/yoast-seo-wordpress\/ -->\n<title>QuarkXPress: recensione software grafica design - Accurate Reviews<\/title>\n<meta name=\"description\" content=\"QuarkXPress: recensione software di grafica design che fornisce ai professionisti gli strumenti per creare e modificare layout di pagina.\" \/>\n<meta name=\"robots\" content=\"index, follow, max-snippet:-1, max-image-preview:large, max-video-preview:-1\" \/>\n<link rel=\"canonical\" href=\"https:\/\/www.accuratereviews.com\/it\/programmi-grafica-design\/quarkxpress-recensione\/\" \/>\n<meta property=\"og:locale\" content=\"it_IT\" \/>\n<meta property=\"og:type\" content=\"article\" \/>\n<meta property=\"og:title\" content=\"QuarkXPress: recensione software grafica design - Accurate Reviews\" \/>\n<meta property=\"og:description\" content=\"QuarkXPress: recensione software di grafica design che fornisce ai professionisti gli strumenti per creare e modificare layout di pagina.\" \/>\n<meta property=\"og:url\" content=\"https:\/\/www.accuratereviews.com\/it\/programmi-grafica-design\/quarkxpress-recensione\/\" \/>\n<meta property=\"og:site_name\" content=\"Accurate Reviews\" \/>\n<meta property=\"og:image\" content=\"https:\/\/www.accuratereviews.com\/wp-content\/uploads\/2021\/11\/QuarkLogo-Vertical-Web-Medium.png\" \/>\n\t<meta property=\"og:image:width\" content=\"365\" \/>\n\t<meta property=\"og:image:height\" content=\"361\" \/>\n\t<meta property=\"og:image:type\" content=\"image\/png\" \/>\n<meta name=\"twitter:card\" content=\"summary_large_image\" \/>\n<meta name=\"twitter:label1\" content=\"Tempo di lettura stimato\" \/>\n\t<meta name=\"twitter:data1\" content=\"4 minuti\" \/>\n<script type=\"application\/ld+json\" class=\"yoast-schema-graph\">{\"@context\":\"https:\\\/\\\/schema.org\",\"@graph\":[{\"@type\":\"WebPage\",\"@id\":\"https:\\\/\\\/www.accuratereviews.com\\\/it\\\/programmi-grafica-design\\\/quarkxpress-recensione\\\/\",\"url\":\"https:\\\/\\\/www.accuratereviews.com\\\/it\\\/programmi-grafica-design\\\/quarkxpress-recensione\\\/\",\"name\":\"QuarkXPress: recensione software grafica design - Accurate Reviews\",\"isPartOf\":{\"@id\":\"https:\\\/\\\/www.accuratereviews.com\\\/it\\\/#website\"},\"primaryImageOfPage\":{\"@id\":\"https:\\\/\\\/www.accuratereviews.com\\\/it\\\/programmi-grafica-design\\\/quarkxpress-recensione\\\/#primaryimage\"},\"image\":{\"@id\":\"https:\\\/\\\/www.accuratereviews.com\\\/it\\\/programmi-grafica-design\\\/quarkxpress-recensione\\\/#primaryimage\"},\"thumbnailUrl\":\"https:\\\/\\\/www.accuratereviews.com\\\/wp-content\\\/uploads\\\/2021\\\/11\\\/QuarkLogo-Vertical-Web-Medium.png\",\"datePublished\":\"2021-11-25T14:01:00+00:00\",\"description\":\"QuarkXPress: recensione software di grafica design che fornisce ai professionisti gli strumenti per creare e modificare layout di pagina.\",\"breadcrumb\":{\"@id\":\"https:\\\/\\\/www.accuratereviews.com\\\/it\\\/programmi-grafica-design\\\/quarkxpress-recensione\\\/#breadcrumb\"},\"inLanguage\":\"it-IT\",\"potentialAction\":[{\"@type\":\"ReadAction\",\"target\":[\"https:\\\/\\\/www.accuratereviews.com\\\/it\\\/programmi-grafica-design\\\/quarkxpress-recensione\\\/\"]}]},{\"@type\":\"ImageObject\",\"inLanguage\":\"it-IT\",\"@id\":\"https:\\\/\\\/www.accuratereviews.com\\\/it\\\/programmi-grafica-design\\\/quarkxpress-recensione\\\/#primaryimage\",\"url\":\"https:\\\/\\\/www.accuratereviews.com\\\/wp-content\\\/uploads\\\/2021\\\/11\\\/QuarkLogo-Vertical-Web-Medium.png\",\"contentUrl\":\"https:\\\/\\\/www.accuratereviews.com\\\/wp-content\\\/uploads\\\/2021\\\/11\\\/QuarkLogo-Vertical-Web-Medium.png\",\"width\":365,\"height\":361},{\"@type\":\"BreadcrumbList\",\"@id\":\"https:\\\/\\\/www.accuratereviews.com\\\/it\\\/programmi-grafica-design\\\/quarkxpress-recensione\\\/#breadcrumb\",\"itemListElement\":[{\"@type\":\"ListItem\",\"position\":1,\"name\":\"Home\",\"item\":\"https:\\\/\\\/www.accuratereviews.com\\\/it\\\/\"},{\"@type\":\"ListItem\",\"position\":2,\"name\":\"Programmi grafica design\",\"item\":\"https:\\\/\\\/www.accuratereviews.com\\\/it\\\/programmi-grafica-design\\\/\"},{\"@type\":\"ListItem\",\"position\":3,\"name\":\"QuarkXPress\"}]},{\"@type\":\"WebSite\",\"@id\":\"https:\\\/\\\/www.accuratereviews.com\\\/it\\\/#website\",\"url\":\"https:\\\/\\\/www.accuratereviews.com\\\/it\\\/\",\"name\":\"Accurate Reviews\",\"description\":\"\",\"potentialAction\":[{\"@type\":\"SearchAction\",\"target\":{\"@type\":\"EntryPoint\",\"urlTemplate\":\"https:\\\/\\\/www.accuratereviews.com\\\/it\\\/?s={search_term_string}\"},\"query-input\":{\"@type\":\"PropertyValueSpecification\",\"valueRequired\":true,\"valueName\":\"search_term_string\"}}],\"inLanguage\":\"it-IT\"}]}<\/script>\n<!-- \/ Yoast SEO plugin. -->","yoast_head_json":{"title":"QuarkXPress: recensione software grafica design - Accurate Reviews","description":"QuarkXPress: recensione software di grafica design che fornisce ai professionisti gli strumenti per creare e modificare layout di pagina.","robots":{"index":"index","follow":"follow","max-snippet":"max-snippet:-1","max-image-preview":"max-image-preview:large","max-video-preview":"max-video-preview:-1"},"canonical":"https:\/\/www.accuratereviews.com\/it\/programmi-grafica-design\/quarkxpress-recensione\/","og_locale":"it_IT","og_type":"article","og_title":"QuarkXPress: recensione software grafica design - Accurate Reviews","og_description":"QuarkXPress: recensione software di grafica design che fornisce ai professionisti gli strumenti per creare e modificare layout di pagina.","og_url":"https:\/\/www.accuratereviews.com\/it\/programmi-grafica-design\/quarkxpress-recensione\/","og_site_name":"Accurate Reviews","og_image":[{"width":365,"height":361,"url":"https:\/\/www.accuratereviews.com\/wp-content\/uploads\/2021\/11\/QuarkLogo-Vertical-Web-Medium.png","type":"image\/png"}],"twitter_card":"summary_large_image","twitter_misc":{"Tempo di lettura stimato":"4 minuti"},"schema":{"@context":"https:\/\/schema.org","@graph":[{"@type":"WebPage","@id":"https:\/\/www.accuratereviews.com\/it\/programmi-grafica-design\/quarkxpress-recensione\/","url":"https:\/\/www.accuratereviews.com\/it\/programmi-grafica-design\/quarkxpress-recensione\/","name":"QuarkXPress: recensione software grafica design - Accurate Reviews","isPartOf":{"@id":"https:\/\/www.accuratereviews.com\/it\/#website"},"primaryImageOfPage":{"@id":"https:\/\/www.accuratereviews.com\/it\/programmi-grafica-design\/quarkxpress-recensione\/#primaryimage"},"image":{"@id":"https:\/\/www.accuratereviews.com\/it\/programmi-grafica-design\/quarkxpress-recensione\/#primaryimage"},"thumbnailUrl":"https:\/\/www.accuratereviews.com\/wp-content\/uploads\/2021\/11\/QuarkLogo-Vertical-Web-Medium.png","datePublished":"2021-11-25T14:01:00+00:00","description":"QuarkXPress: recensione software di grafica design che fornisce ai professionisti gli strumenti per creare e modificare layout di pagina.","breadcrumb":{"@id":"https:\/\/www.accuratereviews.com\/it\/programmi-grafica-design\/quarkxpress-recensione\/#breadcrumb"},"inLanguage":"it-IT","potentialAction":[{"@type":"ReadAction","target":["https:\/\/www.accuratereviews.com\/it\/programmi-grafica-design\/quarkxpress-recensione\/"]}]},{"@type":"ImageObject","inLanguage":"it-IT","@id":"https:\/\/www.accuratereviews.com\/it\/programmi-grafica-design\/quarkxpress-recensione\/#primaryimage","url":"https:\/\/www.accuratereviews.com\/wp-content\/uploads\/2021\/11\/QuarkLogo-Vertical-Web-Medium.png","contentUrl":"https:\/\/www.accuratereviews.com\/wp-content\/uploads\/2021\/11\/QuarkLogo-Vertical-Web-Medium.png","width":365,"height":361},{"@type":"BreadcrumbList","@id":"https:\/\/www.accuratereviews.com\/it\/programmi-grafica-design\/quarkxpress-recensione\/#breadcrumb","itemListElement":[{"@type":"ListItem","position":1,"name":"Home","item":"https:\/\/www.accuratereviews.com\/it\/"},{"@type":"ListItem","position":2,"name":"Programmi grafica design","item":"https:\/\/www.accuratereviews.com\/it\/programmi-grafica-design\/"},{"@type":"ListItem","position":3,"name":"QuarkXPress"}]},{"@type":"WebSite","@id":"https:\/\/www.accuratereviews.com\/it\/#website","url":"https:\/\/www.accuratereviews.com\/it\/","name":"Accurate Reviews","description":"","potentialAction":[{"@type":"SearchAction","target":{"@type":"EntryPoint","urlTemplate":"https:\/\/www.accuratereviews.com\/it\/?s={search_term_string}"},"query-input":{"@type":"PropertyValueSpecification","valueRequired":true,"valueName":"search_term_string"}}],"inLanguage":"it-IT"}]}},"_links":{"self":[{"href":"https:\/\/www.accuratereviews.com\/it\/wp-json\/wp\/v2\/pages\/50444","targetHints":{"allow":["GET"]}}],"collection":[{"href":"https:\/\/www.accuratereviews.com\/it\/wp-json\/wp\/v2\/pages"}],"about":[{"href":"https:\/\/www.accuratereviews.com\/it\/wp-json\/wp\/v2\/types\/page"}],"author":[{"embeddable":true,"href":"https:\/\/www.accuratereviews.com\/it\/wp-json\/wp\/v2\/users\/16"}],"replies":[{"embeddable":true,"href":"https:\/\/www.accuratereviews.com\/it\/wp-json\/wp\/v2\/comments?post=50444"}],"version-history":[{"count":8,"href":"https:\/\/www.accuratereviews.com\/it\/wp-json\/wp\/v2\/pages\/50444\/revisions"}],"predecessor-version":[{"id":50492,"href":"https:\/\/www.accuratereviews.com\/it\/wp-json\/wp\/v2\/pages\/50444\/revisions\/50492"}],"up":[{"embeddable":true,"href":"https:\/\/www.accuratereviews.com\/it\/wp-json\/wp\/v2\/pages\/49827"}],"wp:featuredmedia":[{"embeddable":true,"href":"https:\/\/www.accuratereviews.com\/it\/wp-json\/wp\/v2\/media\/50446"}],"wp:attachment":[{"href":"https:\/\/www.accuratereviews.com\/it\/wp-json\/wp\/v2\/media?parent=50444"}],"wp:term":[{"taxonomy":"category","embeddable":true,"href":"https:\/\/www.accuratereviews.com\/it\/wp-json\/wp\/v2\/categories?post=50444"},{"taxonomy":"post_tag","embeddable":true,"href":"https:\/\/www.accuratereviews.com\/it\/wp-json\/wp\/v2\/tags?post=50444"},{"taxonomy":"features","embeddable":true,"href":"https:\/\/www.accuratereviews.com\/it\/wp-json\/wp\/v2\/features?post=50444"}],"curies":[{"name":"wp","href":"https:\/\/api.w.org\/{rel}","templated":true}]}}