{"id":50514,"date":"2021-11-26T13:05:53","date_gmt":"2021-11-26T13:05:53","guid":{"rendered":"https:\/\/www.accuratereviews.com\/?page_id=50514"},"modified":"2021-11-28T08:11:35","modified_gmt":"2021-11-28T08:11:35","slug":"easelly-recensione","status":"publish","type":"page","link":"https:\/\/www.accuratereviews.com\/it\/programmi-grafica-design\/easelly-recensione\/","title":{"rendered":"Easelly"},"content":{"rendered":"<p><strong>Easelly<\/strong> \u00e8 una <strong>piattaforma infografica<\/strong> basata su <strong>cloud<\/strong> progettata per aiutare studenti, educatori e aziende di tutte le dimensioni a creare e condividere forme visive e infografiche per visualizzare processi, progetti, report, idee e altro ancora. Il software consente alle organizzazioni di mostrare dati o informazioni utilizzando diagrammi di flusso personalizzati, annunci, poster, timeline, mappe e guide didattiche.\u00a0Il programma include funzionalit\u00e0 di personalizzazione, che permettono ai team di inserire oggetti, riorganizzare la grafica, modificare i caratteri, disegnare frecce e modificare altri elementi di design utilizzando modelli personalizzabili. I designer possono anche regolare l&#8217;opacit\u00e0, definire righe, colonne, valori ed etichette nei grafici dinamici e modificare l&#8217;allineamento e gli oggetti tra immagini e infografiche.<\/p>\n<h2>EASELLY &#8211; TUTORIAL<\/h2>\n<p>Ecco un video di presentazione di questo <strong>software di grafica design<\/strong>:<\/p>\n<div id=\"fluid-wrapper-counter-1\" class=\"g1-fluid-wrapper \" style=\"width:686px;\">\n<div style=\"padding-bottom:56.268221574344%;\"><iframe loading=\"lazy\" title=\"Welcome to Easelly\" width=\"686\" height=\"386\" src=\"https:\/\/www.youtube.com\/embed\/O-J7qjsNJ_4?feature=oembed&amp;wmode=transparent&amp;autohide=1&amp;autoplay=0&amp;disablekb=0&amp;fs=1&amp;loop=0&amp;enablejsapi=1&amp;rel=0&amp;controls=2&amp;showinfo=0&amp;wmode=transparent&amp;autohide=2&amp;autoplay=0&amp;disablekb=0&amp;fs=1&amp;loop=0&amp;enablejsapi=1&amp;rel=0&amp;controls=2&amp;showinfo=1\" frameborder=\"0\" allow=\"accelerometer; autoplay; clipboard-write; encrypted-media; gyroscope; picture-in-picture\" allowfullscreen><\/iframe><\/div>\n<\/div>\n<h3>EASELLY &#8211; CARATTERISTICHE<\/h3>\n<ul>\n<li class=\"feature-title\">Modelli che funzionano per ogni tipo di infografica<\/li>\n<li class=\"feature-title\">Trova rapidamente immagini che comunicano la tua idea nella libreria completa<\/li>\n<li class=\"feature-title\">Rendi i dati interessanti e facili da capire con 20 diversi grafici<\/li>\n<li class=\"feature-title\">La flessibilit\u00e0 per ottenere la tua infografica esattamente come la vuoi<\/li>\n<li>Risposta di supporto prioritario e feedback sul design<\/li>\n<li>Conquista il pubblico con presentazioni accattivanti<\/li>\n<li>Migliora la comunicazione in modo che tutti siano sulla stessa pagina<\/li>\n<\/ul>\n<h3>LE RECENSIONI DEGLI UTENTI<\/h3>\n<p><strong>David J.&#8221;Grande fan&#8221;<\/strong><\/p>\n<p><span class=\"font-weight-bold\"><strong>Commenti<\/strong>: <\/span>Sono un grande fan e sono sicuro di restare con Easelly per molte infografiche a venire!<\/p>\n<p class=\"font-weight-bold mb-2\"><strong>Pro<\/strong>:\u00a0\u00c8 molto facile da usare e se non sei ancora abbastanza creativo per costruire qualcosa da solo, il team di Easelly realizzer\u00e0 qualcosa di geniale per te a costi contenuti. \u00c8 facile riutilizzare e adattare i design pi\u00f9 e pi\u00f9 volte, ad esempio cambiando i testi di un design esistente in un&#8217;altra lingua.<\/p>\n<p class=\"font-weight-bold mb-2\"><strong>Contro<\/strong>: a\u00a0volte non tutti gli elementi in un infografo possono essere modificati, ma ehi, posso conviverci.<\/p>\n<p class=\"font-weight-bold mb-2\"><strong>Kathy M.&#8221;Recensione&#8221;<\/strong><\/p>\n<p class=\"font-weight-bold mb-2\"><strong>Pro<\/strong>:\u00a0Mi ha permesso di creare risorse pi\u00f9 interessanti per i miei studenti<\/p>\n<p class=\"font-weight-bold mb-2\"><strong>Contro<\/strong>:\u00a0Ho faticato a iniziare, quindi \u00e8 stato dispendioso in termini di tempo.<\/p>\n<h5 class=\"font-weight-bold mb-2\">David M.&#8221;Un ottimo prodotto, ottima grafica di supporto resa semplice&#8221;<\/h5>\n<p><span class=\"font-weight-bold\"><strong>Commenti<\/strong>: <\/span>Mi sento molto supportato, questo mi permette di essere creativo e avventuroso sapendo che il supporto continuo, la ricca libreria e il supporto email sono l\u00ec per sostenermi. Quindi penso che il punto di esperienza pi\u00f9 importante sia &#8220;Apprendimento creativo supportato&#8221;. Non sono solo io, ho il team di Easel.ly.<\/p>\n<p class=\"font-weight-bold mb-2\">Pro:\u00a0Come nuova organizzazione no profit, abbiamo bisogno di tutto l&#8217;aiuto possibile. Il team Easel.ly \u00e8 stato reattivo il primo giorno in cui abbiamo avuto bisogno di aiuto. Abbiamo realizzato le nostre prime diapositive con la prova gratuita il primo giorno. Da quando abbiamo trovato applicazioni nella produzione di banner, comunicazione e PR. Ora speriamo di aggiornare alla versione Pro. Consiglio vivamente.<\/p>\n<p class=\"font-weight-bold mb-2\"><strong>Contro<\/strong>:\u00a0Pochissimi contro e non solo essere gentili. Mi piacerebbe avere pi\u00f9 strumenti professionali nella versione gratuita, ma rispetto che questo fa parte del modello di business.<\/p>\n","protected":false},"excerpt":{"rendered":"<p>Easelly \u00e8 una piattaforma infografica basata su cloud progettata per aiutare studenti, educatori e aziende di tutte le dimensioni a creare e condividere forme visive e infografiche per visualizzare processi, progetti, report, idee e altro ancora. Il software consente alle organizzazioni di mostrare dati o informazioni utilizzando diagrammi di flusso personalizzati, annunci, poster, timeline, mappe e guide didattiche.\u00a0<\/p>\n","protected":false},"author":16,"featured_media":50537,"parent":49827,"menu_order":0,"comment_status":"open","ping_status":"closed","template":"g1_template_page_review_new.php","meta":{"_acf_changed":false,"cwp_meta_box_check":"No","cwp_rev_product_name":"","cwp_rev_product_image":"","wppr_links":[],"cwp_rev_price":"","wppr_options":[],"wppr_pros":[],"wppr_cons":[],"_monsterinsights_skip_tracking":false,"_monsterinsights_sitenote_active":false,"_monsterinsights_sitenote_note":"","_monsterinsights_sitenote_category":0,"footnotes":""},"categories":[11404],"tags":[11580,11409,11408,11406,11405],"features":[],"class_list":{"0":"post-50514","1":"page","2":"type-page","3":"status-publish","4":"has-post-thumbnail","6":"category-programmi-grafica-design-cat","7":"tag-easelly","8":"tag-piattaforma-grafica-design","9":"tag-programma-grafica-design","10":"tag-software-grafica-design","11":"tag-soluzione-grafica-design"},"wppr_data":{"cwp_meta_box_check":"No"},"acf":[],"yoast_head":"<!-- This site is optimized with the Yoast SEO plugin v27.4 - https:\/\/yoast.com\/product\/yoast-seo-wordpress\/ -->\n<title>Easelly: recensione software grafica design - Accurate Reviews<\/title>\n<meta name=\"description\" content=\"Easelly: recensione piattaforma di grafica design basata su cloud progettata per aiutare a creare e condividere forme visive e infografiche .\" \/>\n<meta name=\"robots\" content=\"index, follow, max-snippet:-1, max-image-preview:large, max-video-preview:-1\" \/>\n<link rel=\"canonical\" href=\"https:\/\/www.accuratereviews.com\/it\/programmi-grafica-design\/easelly-recensione\/\" \/>\n<meta property=\"og:locale\" content=\"it_IT\" \/>\n<meta property=\"og:type\" content=\"article\" \/>\n<meta property=\"og:title\" content=\"Easelly: recensione software grafica design - Accurate Reviews\" \/>\n<meta property=\"og:description\" content=\"Easelly: recensione piattaforma di grafica design basata su cloud progettata per aiutare a creare e condividere forme visive e infografiche .\" \/>\n<meta property=\"og:url\" content=\"https:\/\/www.accuratereviews.com\/it\/programmi-grafica-design\/easelly-recensione\/\" \/>\n<meta property=\"og:site_name\" content=\"Accurate Reviews\" \/>\n<meta property=\"article:modified_time\" content=\"2021-11-28T08:11:35+00:00\" \/>\n<meta property=\"og:image\" content=\"https:\/\/www.accuratereviews.com\/wp-content\/uploads\/2021\/11\/easelly-logo-white-bg-300x300-1.jpeg\" \/>\n\t<meta property=\"og:image:width\" content=\"300\" \/>\n\t<meta property=\"og:image:height\" content=\"300\" \/>\n\t<meta property=\"og:image:type\" content=\"image\/jpeg\" \/>\n<meta name=\"twitter:card\" content=\"summary_large_image\" \/>\n<meta name=\"twitter:label1\" content=\"Tempo di lettura stimato\" \/>\n\t<meta name=\"twitter:data1\" content=\"3 minuti\" \/>\n<script type=\"application\/ld+json\" class=\"yoast-schema-graph\">{\"@context\":\"https:\\\/\\\/schema.org\",\"@graph\":[{\"@type\":\"WebPage\",\"@id\":\"https:\\\/\\\/www.accuratereviews.com\\\/it\\\/programmi-grafica-design\\\/easelly-recensione\\\/\",\"url\":\"https:\\\/\\\/www.accuratereviews.com\\\/it\\\/programmi-grafica-design\\\/easelly-recensione\\\/\",\"name\":\"Easelly: recensione software grafica design - Accurate Reviews\",\"isPartOf\":{\"@id\":\"https:\\\/\\\/www.accuratereviews.com\\\/it\\\/#website\"},\"primaryImageOfPage\":{\"@id\":\"https:\\\/\\\/www.accuratereviews.com\\\/it\\\/programmi-grafica-design\\\/easelly-recensione\\\/#primaryimage\"},\"image\":{\"@id\":\"https:\\\/\\\/www.accuratereviews.com\\\/it\\\/programmi-grafica-design\\\/easelly-recensione\\\/#primaryimage\"},\"thumbnailUrl\":\"https:\\\/\\\/www.accuratereviews.com\\\/wp-content\\\/uploads\\\/2021\\\/11\\\/easelly-logo-white-bg-300x300-1.jpeg\",\"datePublished\":\"2021-11-26T13:05:53+00:00\",\"dateModified\":\"2021-11-28T08:11:35+00:00\",\"description\":\"Easelly: recensione piattaforma di grafica design basata su cloud progettata per aiutare a creare e condividere forme visive e infografiche .\",\"breadcrumb\":{\"@id\":\"https:\\\/\\\/www.accuratereviews.com\\\/it\\\/programmi-grafica-design\\\/easelly-recensione\\\/#breadcrumb\"},\"inLanguage\":\"it-IT\",\"potentialAction\":[{\"@type\":\"ReadAction\",\"target\":[\"https:\\\/\\\/www.accuratereviews.com\\\/it\\\/programmi-grafica-design\\\/easelly-recensione\\\/\"]}]},{\"@type\":\"ImageObject\",\"inLanguage\":\"it-IT\",\"@id\":\"https:\\\/\\\/www.accuratereviews.com\\\/it\\\/programmi-grafica-design\\\/easelly-recensione\\\/#primaryimage\",\"url\":\"https:\\\/\\\/www.accuratereviews.com\\\/wp-content\\\/uploads\\\/2021\\\/11\\\/easelly-logo-white-bg-300x300-1.jpeg\",\"contentUrl\":\"https:\\\/\\\/www.accuratereviews.com\\\/wp-content\\\/uploads\\\/2021\\\/11\\\/easelly-logo-white-bg-300x300-1.jpeg\",\"width\":300,\"height\":300},{\"@type\":\"BreadcrumbList\",\"@id\":\"https:\\\/\\\/www.accuratereviews.com\\\/it\\\/programmi-grafica-design\\\/easelly-recensione\\\/#breadcrumb\",\"itemListElement\":[{\"@type\":\"ListItem\",\"position\":1,\"name\":\"Home\",\"item\":\"https:\\\/\\\/www.accuratereviews.com\\\/it\\\/\"},{\"@type\":\"ListItem\",\"position\":2,\"name\":\"Programmi grafica design\",\"item\":\"https:\\\/\\\/www.accuratereviews.com\\\/it\\\/programmi-grafica-design\\\/\"},{\"@type\":\"ListItem\",\"position\":3,\"name\":\"Easelly\"}]},{\"@type\":\"WebSite\",\"@id\":\"https:\\\/\\\/www.accuratereviews.com\\\/it\\\/#website\",\"url\":\"https:\\\/\\\/www.accuratereviews.com\\\/it\\\/\",\"name\":\"Accurate Reviews\",\"description\":\"\",\"potentialAction\":[{\"@type\":\"SearchAction\",\"target\":{\"@type\":\"EntryPoint\",\"urlTemplate\":\"https:\\\/\\\/www.accuratereviews.com\\\/it\\\/?s={search_term_string}\"},\"query-input\":{\"@type\":\"PropertyValueSpecification\",\"valueRequired\":true,\"valueName\":\"search_term_string\"}}],\"inLanguage\":\"it-IT\"}]}<\/script>\n<!-- \/ Yoast SEO plugin. -->","yoast_head_json":{"title":"Easelly: recensione software grafica design - Accurate Reviews","description":"Easelly: recensione piattaforma di grafica design basata su cloud progettata per aiutare a creare e condividere forme visive e infografiche .","robots":{"index":"index","follow":"follow","max-snippet":"max-snippet:-1","max-image-preview":"max-image-preview:large","max-video-preview":"max-video-preview:-1"},"canonical":"https:\/\/www.accuratereviews.com\/it\/programmi-grafica-design\/easelly-recensione\/","og_locale":"it_IT","og_type":"article","og_title":"Easelly: recensione software grafica design - Accurate Reviews","og_description":"Easelly: recensione piattaforma di grafica design basata su cloud progettata per aiutare a creare e condividere forme visive e infografiche .","og_url":"https:\/\/www.accuratereviews.com\/it\/programmi-grafica-design\/easelly-recensione\/","og_site_name":"Accurate Reviews","article_modified_time":"2021-11-28T08:11:35+00:00","og_image":[{"width":300,"height":300,"url":"https:\/\/www.accuratereviews.com\/wp-content\/uploads\/2021\/11\/easelly-logo-white-bg-300x300-1.jpeg","type":"image\/jpeg"}],"twitter_card":"summary_large_image","twitter_misc":{"Tempo di lettura stimato":"3 minuti"},"schema":{"@context":"https:\/\/schema.org","@graph":[{"@type":"WebPage","@id":"https:\/\/www.accuratereviews.com\/it\/programmi-grafica-design\/easelly-recensione\/","url":"https:\/\/www.accuratereviews.com\/it\/programmi-grafica-design\/easelly-recensione\/","name":"Easelly: recensione software grafica design - Accurate Reviews","isPartOf":{"@id":"https:\/\/www.accuratereviews.com\/it\/#website"},"primaryImageOfPage":{"@id":"https:\/\/www.accuratereviews.com\/it\/programmi-grafica-design\/easelly-recensione\/#primaryimage"},"image":{"@id":"https:\/\/www.accuratereviews.com\/it\/programmi-grafica-design\/easelly-recensione\/#primaryimage"},"thumbnailUrl":"https:\/\/www.accuratereviews.com\/wp-content\/uploads\/2021\/11\/easelly-logo-white-bg-300x300-1.jpeg","datePublished":"2021-11-26T13:05:53+00:00","dateModified":"2021-11-28T08:11:35+00:00","description":"Easelly: recensione piattaforma di grafica design basata su cloud progettata per aiutare a creare e condividere forme visive e infografiche .","breadcrumb":{"@id":"https:\/\/www.accuratereviews.com\/it\/programmi-grafica-design\/easelly-recensione\/#breadcrumb"},"inLanguage":"it-IT","potentialAction":[{"@type":"ReadAction","target":["https:\/\/www.accuratereviews.com\/it\/programmi-grafica-design\/easelly-recensione\/"]}]},{"@type":"ImageObject","inLanguage":"it-IT","@id":"https:\/\/www.accuratereviews.com\/it\/programmi-grafica-design\/easelly-recensione\/#primaryimage","url":"https:\/\/www.accuratereviews.com\/wp-content\/uploads\/2021\/11\/easelly-logo-white-bg-300x300-1.jpeg","contentUrl":"https:\/\/www.accuratereviews.com\/wp-content\/uploads\/2021\/11\/easelly-logo-white-bg-300x300-1.jpeg","width":300,"height":300},{"@type":"BreadcrumbList","@id":"https:\/\/www.accuratereviews.com\/it\/programmi-grafica-design\/easelly-recensione\/#breadcrumb","itemListElement":[{"@type":"ListItem","position":1,"name":"Home","item":"https:\/\/www.accuratereviews.com\/it\/"},{"@type":"ListItem","position":2,"name":"Programmi grafica design","item":"https:\/\/www.accuratereviews.com\/it\/programmi-grafica-design\/"},{"@type":"ListItem","position":3,"name":"Easelly"}]},{"@type":"WebSite","@id":"https:\/\/www.accuratereviews.com\/it\/#website","url":"https:\/\/www.accuratereviews.com\/it\/","name":"Accurate Reviews","description":"","potentialAction":[{"@type":"SearchAction","target":{"@type":"EntryPoint","urlTemplate":"https:\/\/www.accuratereviews.com\/it\/?s={search_term_string}"},"query-input":{"@type":"PropertyValueSpecification","valueRequired":true,"valueName":"search_term_string"}}],"inLanguage":"it-IT"}]}},"_links":{"self":[{"href":"https:\/\/www.accuratereviews.com\/it\/wp-json\/wp\/v2\/pages\/50514","targetHints":{"allow":["GET"]}}],"collection":[{"href":"https:\/\/www.accuratereviews.com\/it\/wp-json\/wp\/v2\/pages"}],"about":[{"href":"https:\/\/www.accuratereviews.com\/it\/wp-json\/wp\/v2\/types\/page"}],"author":[{"embeddable":true,"href":"https:\/\/www.accuratereviews.com\/it\/wp-json\/wp\/v2\/users\/16"}],"replies":[{"embeddable":true,"href":"https:\/\/www.accuratereviews.com\/it\/wp-json\/wp\/v2\/comments?post=50514"}],"version-history":[{"count":9,"href":"https:\/\/www.accuratereviews.com\/it\/wp-json\/wp\/v2\/pages\/50514\/revisions"}],"predecessor-version":[{"id":50570,"href":"https:\/\/www.accuratereviews.com\/it\/wp-json\/wp\/v2\/pages\/50514\/revisions\/50570"}],"up":[{"embeddable":true,"href":"https:\/\/www.accuratereviews.com\/it\/wp-json\/wp\/v2\/pages\/49827"}],"wp:featuredmedia":[{"embeddable":true,"href":"https:\/\/www.accuratereviews.com\/it\/wp-json\/wp\/v2\/media\/50537"}],"wp:attachment":[{"href":"https:\/\/www.accuratereviews.com\/it\/wp-json\/wp\/v2\/media?parent=50514"}],"wp:term":[{"taxonomy":"category","embeddable":true,"href":"https:\/\/www.accuratereviews.com\/it\/wp-json\/wp\/v2\/categories?post=50514"},{"taxonomy":"post_tag","embeddable":true,"href":"https:\/\/www.accuratereviews.com\/it\/wp-json\/wp\/v2\/tags?post=50514"},{"taxonomy":"features","embeddable":true,"href":"https:\/\/www.accuratereviews.com\/it\/wp-json\/wp\/v2\/features?post=50514"}],"curies":[{"name":"wp","href":"https:\/\/api.w.org\/{rel}","templated":true}]}}