{"id":50521,"date":"2021-11-26T13:03:03","date_gmt":"2021-11-26T13:03:03","guid":{"rendered":"https:\/\/www.accuratereviews.com\/?page_id=50521"},"modified":"2021-11-26T13:03:03","modified_gmt":"2021-11-26T13:03:03","slug":"ceros-recensione","status":"publish","type":"page","link":"https:\/\/www.accuratereviews.com\/it\/programmi-grafica-design\/ceros-recensione\/","title":{"rendered":"Ceros"},"content":{"rendered":"<p><strong>Ceros<\/strong> \u00e8 un potente <strong>software di creazione di contenuti<\/strong> interattivi che offre a brand, aziende B2B ed editori la possibilit\u00e0 di creare contenuti digitali di qualit\u00e0 e analizzarne le prestazioni dopo la distribuzione. Con <strong>Ceros,<\/strong> infografica, ebook, minisiti, riviste digitali, lookbook e banner possono essere creati senza bisogno di codifica. I progetti possono iniziare da una tela bianca o da uno dei tanti modelli dinamici e personalizzabili disponibili nella soluzione. L&#8217;ambiente di lavoro \u00e8 collaborativo, quindi pi\u00f9 utenti possono operare insieme nella piattaforma in tempo reale e passare da un&#8217;idea a contenuti live in pochi giorni. Marchi e aziende leader come Bloomberg, VMware e NewsCred hanno creato i propri contenuti digitali con questo software per promuovere la consapevolezza del brand, aumentare le conversioni e fidelizzare i clienti. Inoltre, ti \u00a0permette di valorizzare i contenuti digitali aggiungendovi animazioni ed effetti.<\/p>\n<h2>CEROS &#8211; TUTORIAL<\/h2>\n<p>Guardiamo come \u00e8 semplice creare contenuti con questo <strong>software di grafica design<\/strong>:<\/p>\n<div id=\"fluid-wrapper-counter-1\" class=\"g1-fluid-wrapper \" style=\"width:686px;\">\n<div style=\"padding-bottom:56.268221574344%;\"><iframe loading=\"lazy\" title=\"What is Ceros?\" width=\"686\" height=\"386\" src=\"https:\/\/www.youtube.com\/embed\/oD3xYrF4jjE?feature=oembed&amp;wmode=transparent&amp;autohide=1&amp;autoplay=0&amp;disablekb=0&amp;fs=1&amp;loop=0&amp;enablejsapi=1&amp;rel=0&amp;controls=2&amp;showinfo=0&amp;wmode=transparent&amp;autohide=2&amp;autoplay=0&amp;disablekb=0&amp;fs=1&amp;loop=0&amp;enablejsapi=1&amp;rel=0&amp;controls=2&amp;showinfo=1\" frameborder=\"0\" allow=\"accelerometer; autoplay; clipboard-write; encrypted-media; gyroscope; picture-in-picture\" allowfullscreen><\/iframe><\/div>\n<\/div>\n<h3>CEROS &#8211; CARATTERISTICHE<\/h3>\n<ul>\n<li><strong>Contenuti coinvolgenti:<\/strong> crea esperienze uniche e avvincenti che si distinguono nella continua crescita dei contenuti online<\/li>\n<li><strong>Libert\u00e0 creativa<\/strong>: dai vita alla tua visione con strumenti di progettazione e animazione facili da usare<\/li>\n<li><strong>Produzione semplice<\/strong>: crea contenuti interattivi senza il fastidio di codifica personalizzata e test cross-browser<\/li>\n<li><strong>Distribuzione flessibile<\/strong>: invia traffico a contenuti autonomi o incorpora le tue risorse ovunque desideri che appaiano sul web<\/li>\n<li><strong>Risultati misurabili<\/strong>: promuovi un maggiore coinvolgimento del brand e conversioni con esperienze interattive coinvolgenti<\/li>\n<li><strong>Approfondimenti granulari<\/strong>: comprendi come le persone interagiscono con i tuoi contenuti pubblicati<\/li>\n<\/ul>\n<h4>LE RECENSIONI DEGLI UTENTI<\/h4>\n<h5 class=\"font-weight-bold mb-2\">Charlotte R.&#8221;Il sogno interattivo di un designer&#8221;<\/h5>\n<p><span class=\"font-weight-bold\"><strong>Commenti<\/strong>: <\/span>Ho avuto una grande esperienza. Il mio rappresentante dell&#8217;account comprende le mie esigenze e si confronta con me regolarmente e ogni volta che ho una domanda tecnica o ho bisogno di qualcosa &#8220;in questo momento&#8221;, la chat \u00e8 super reattiva e molto utile.<\/p>\n<p class=\"font-weight-bold mb-2\"><strong>Pro<\/strong>:\u00a0Ceros mi d\u00e0 la possibilit\u00e0 di creare cose bellissime per il web senza dover conoscere il codice! Funziona bene con i prodotti Adobe e continuano ad aggiornare e migliorare il prodotto.<\/p>\n<p class=\"font-weight-bold mb-2\"><strong>Contro<\/strong>:\u00a0Tutte le funzionalit\u00e0 che vorrei che Ceros avesse sono date al nostro rappresentante dell&#8217;account, che le d\u00e0 al loro team di sviluppo come una sorta di lista dei desideri. Hanno agito su molte cose e continuano a migliorare e aggiungere funzionalit\u00e0.<\/p>\n<h5 class=\"font-weight-bold mb-2\">Chris C.&#8221;Una manna dal cielo per i contenuti interattivi&#8221;<\/h5>\n<p><span class=\"font-weight-bold\"><strong>Commenti<\/strong>: <\/span>Ceros ci ha permesso di evolvere il nostro blog con contenuti interattivi professionali che il nostro pubblico sembra amare assolutamente.<\/p>\n<p class=\"font-weight-bold mb-2\"><strong>Pro<\/strong>:\u00a0I limiti di ci\u00f2 che pu\u00f2 essere creato tramite Ceros sono apparentemente infiniti; da quiz, contenuti dinamici, infografiche, micrositi e altro ancora. Anche le analisi di back-end sono fantastiche.<\/p>\n<p class=\"font-weight-bold mb-2\"><strong>Contro<\/strong>:\u00a0La build deve assolutamente essere esterna a designer interni o al team di supporto dedicato di Ceros (che sono fantastici). Non \u00e8 uno strumento con cui puoi semplicemente prendere in mano e utilizzare.<\/p>\n<h5 class=\"font-weight-bold mb-2\">Kristen S.&#8221;Recensione di Ceros&#8221;<\/h5>\n<p><span class=\"font-weight-bold\"><strong>Commenti<\/strong>: <\/span>ECCEZIONALE. Ottimo team di relazioni con i clienti, ottimo supporto clienti. 10\/10.<\/p>\n<p class=\"font-weight-bold mb-2\"><strong>Pro<\/strong>:\u00a0Adoro quanto sia dinamica la piattaforma e l&#8217;interfaccia di progettazione, veramente amichevole per i designer grafici, non richiede molta conoscenza del codice o del web design.<\/p>\n<p class=\"font-weight-bold mb-2\"><strong>Contro<\/strong>:\u00a0Non \u00e8 la piattaforma pi\u00f9 SEO friendly con cui ho lavorato, non ci sono blocchi di progettazione pre-progettati drag and drop e, sebbene le funzionalit\u00e0 continuino a essere implementate e gli aggiornamenti del prodotto, mancano alcune funzionalit\u00e0 di formattazione e funzionalit\u00e0.<\/p>\n","protected":false},"excerpt":{"rendered":"<p>Ceros \u00e8 un potente software di creazione di contenuti interattivi che offre a marchi, aziende B2B ed editori la possibilit\u00e0 di creare contenuti digitali belli e coinvolgenti e analizzarne le prestazioni dopo la distribuzione. Con Ceros; infografica, eBook, micrositi, riviste digitali, lookbook e banner possono essere creati senza bisogno di codifica. I progetti possono iniziare da una tela bianca o da uno dei tanti modelli dinamici e personalizzabili disponibili nella soluzione.<\/p>\n","protected":false},"author":16,"featured_media":50522,"parent":49827,"menu_order":0,"comment_status":"open","ping_status":"closed","template":"g1_template_page_review_new.php","meta":{"_acf_changed":false,"cwp_meta_box_check":"No","cwp_rev_product_name":"","cwp_rev_product_image":"","wppr_links":[],"cwp_rev_price":"","wppr_options":[],"wppr_pros":[],"wppr_cons":[],"_monsterinsights_skip_tracking":false,"_monsterinsights_sitenote_active":false,"_monsterinsights_sitenote_note":"","_monsterinsights_sitenote_category":0,"footnotes":""},"categories":[11404],"tags":[11579,11491,11408,11406,11405],"features":[],"class_list":{"0":"post-50521","1":"page","2":"type-page","3":"status-publish","4":"has-post-thumbnail","6":"category-programmi-grafica-design-cat","7":"tag-ceros","8":"tag-piattaforma-grafica-desing","9":"tag-programma-grafica-design","10":"tag-software-grafica-design","11":"tag-soluzione-grafica-design"},"wppr_data":{"cwp_meta_box_check":"No"},"acf":[],"yoast_head":"<!-- This site is optimized with the Yoast SEO plugin v27.4 - https:\/\/yoast.com\/product\/yoast-seo-wordpress\/ -->\n<title>Ceros: recensione software grafica design - Accurate Reviews<\/title>\n<meta name=\"description\" content=\"Ceros: recensione software di creazione di contenuti interattivi che offre a brand e aziende la possibilit\u00e0 di creare contenuti coinvolgenti.\" \/>\n<meta name=\"robots\" content=\"index, follow, max-snippet:-1, max-image-preview:large, max-video-preview:-1\" \/>\n<link rel=\"canonical\" href=\"https:\/\/www.accuratereviews.com\/it\/programmi-grafica-design\/ceros-recensione\/\" \/>\n<meta property=\"og:locale\" content=\"it_IT\" \/>\n<meta property=\"og:type\" content=\"article\" \/>\n<meta property=\"og:title\" content=\"Ceros: recensione software grafica design - Accurate Reviews\" \/>\n<meta property=\"og:description\" content=\"Ceros: recensione software di creazione di contenuti interattivi che offre a brand e aziende la possibilit\u00e0 di creare contenuti coinvolgenti.\" \/>\n<meta property=\"og:url\" content=\"https:\/\/www.accuratereviews.com\/it\/programmi-grafica-design\/ceros-recensione\/\" \/>\n<meta property=\"og:site_name\" content=\"Accurate Reviews\" \/>\n<meta property=\"og:image\" content=\"https:\/\/www.accuratereviews.com\/wp-content\/uploads\/2021\/11\/Ceros.png\" \/>\n\t<meta property=\"og:image:width\" content=\"225\" \/>\n\t<meta property=\"og:image:height\" content=\"225\" \/>\n\t<meta property=\"og:image:type\" content=\"image\/png\" \/>\n<meta name=\"twitter:card\" content=\"summary_large_image\" \/>\n<meta name=\"twitter:label1\" content=\"Tempo di lettura stimato\" \/>\n\t<meta name=\"twitter:data1\" content=\"3 minuti\" \/>\n<script type=\"application\/ld+json\" class=\"yoast-schema-graph\">{\"@context\":\"https:\\\/\\\/schema.org\",\"@graph\":[{\"@type\":\"WebPage\",\"@id\":\"https:\\\/\\\/www.accuratereviews.com\\\/it\\\/programmi-grafica-design\\\/ceros-recensione\\\/\",\"url\":\"https:\\\/\\\/www.accuratereviews.com\\\/it\\\/programmi-grafica-design\\\/ceros-recensione\\\/\",\"name\":\"Ceros: recensione software grafica design - Accurate Reviews\",\"isPartOf\":{\"@id\":\"https:\\\/\\\/www.accuratereviews.com\\\/it\\\/#website\"},\"primaryImageOfPage\":{\"@id\":\"https:\\\/\\\/www.accuratereviews.com\\\/it\\\/programmi-grafica-design\\\/ceros-recensione\\\/#primaryimage\"},\"image\":{\"@id\":\"https:\\\/\\\/www.accuratereviews.com\\\/it\\\/programmi-grafica-design\\\/ceros-recensione\\\/#primaryimage\"},\"thumbnailUrl\":\"https:\\\/\\\/www.accuratereviews.com\\\/wp-content\\\/uploads\\\/2021\\\/11\\\/Ceros.png\",\"datePublished\":\"2021-11-26T13:03:03+00:00\",\"description\":\"Ceros: recensione software di creazione di contenuti interattivi che offre a brand e aziende la possibilit\u00e0 di creare contenuti coinvolgenti.\",\"breadcrumb\":{\"@id\":\"https:\\\/\\\/www.accuratereviews.com\\\/it\\\/programmi-grafica-design\\\/ceros-recensione\\\/#breadcrumb\"},\"inLanguage\":\"it-IT\",\"potentialAction\":[{\"@type\":\"ReadAction\",\"target\":[\"https:\\\/\\\/www.accuratereviews.com\\\/it\\\/programmi-grafica-design\\\/ceros-recensione\\\/\"]}]},{\"@type\":\"ImageObject\",\"inLanguage\":\"it-IT\",\"@id\":\"https:\\\/\\\/www.accuratereviews.com\\\/it\\\/programmi-grafica-design\\\/ceros-recensione\\\/#primaryimage\",\"url\":\"https:\\\/\\\/www.accuratereviews.com\\\/wp-content\\\/uploads\\\/2021\\\/11\\\/Ceros.png\",\"contentUrl\":\"https:\\\/\\\/www.accuratereviews.com\\\/wp-content\\\/uploads\\\/2021\\\/11\\\/Ceros.png\",\"width\":225,\"height\":225},{\"@type\":\"BreadcrumbList\",\"@id\":\"https:\\\/\\\/www.accuratereviews.com\\\/it\\\/programmi-grafica-design\\\/ceros-recensione\\\/#breadcrumb\",\"itemListElement\":[{\"@type\":\"ListItem\",\"position\":1,\"name\":\"Home\",\"item\":\"https:\\\/\\\/www.accuratereviews.com\\\/it\\\/\"},{\"@type\":\"ListItem\",\"position\":2,\"name\":\"Programmi grafica design\",\"item\":\"https:\\\/\\\/www.accuratereviews.com\\\/it\\\/programmi-grafica-design\\\/\"},{\"@type\":\"ListItem\",\"position\":3,\"name\":\"Ceros\"}]},{\"@type\":\"WebSite\",\"@id\":\"https:\\\/\\\/www.accuratereviews.com\\\/it\\\/#website\",\"url\":\"https:\\\/\\\/www.accuratereviews.com\\\/it\\\/\",\"name\":\"Accurate Reviews\",\"description\":\"\",\"potentialAction\":[{\"@type\":\"SearchAction\",\"target\":{\"@type\":\"EntryPoint\",\"urlTemplate\":\"https:\\\/\\\/www.accuratereviews.com\\\/it\\\/?s={search_term_string}\"},\"query-input\":{\"@type\":\"PropertyValueSpecification\",\"valueRequired\":true,\"valueName\":\"search_term_string\"}}],\"inLanguage\":\"it-IT\"}]}<\/script>\n<!-- \/ Yoast SEO plugin. -->","yoast_head_json":{"title":"Ceros: recensione software grafica design - Accurate Reviews","description":"Ceros: recensione software di creazione di contenuti interattivi che offre a brand e aziende la possibilit\u00e0 di creare contenuti coinvolgenti.","robots":{"index":"index","follow":"follow","max-snippet":"max-snippet:-1","max-image-preview":"max-image-preview:large","max-video-preview":"max-video-preview:-1"},"canonical":"https:\/\/www.accuratereviews.com\/it\/programmi-grafica-design\/ceros-recensione\/","og_locale":"it_IT","og_type":"article","og_title":"Ceros: recensione software grafica design - Accurate Reviews","og_description":"Ceros: recensione software di creazione di contenuti interattivi che offre a brand e aziende la possibilit\u00e0 di creare contenuti coinvolgenti.","og_url":"https:\/\/www.accuratereviews.com\/it\/programmi-grafica-design\/ceros-recensione\/","og_site_name":"Accurate Reviews","og_image":[{"width":225,"height":225,"url":"https:\/\/www.accuratereviews.com\/wp-content\/uploads\/2021\/11\/Ceros.png","type":"image\/png"}],"twitter_card":"summary_large_image","twitter_misc":{"Tempo di lettura stimato":"3 minuti"},"schema":{"@context":"https:\/\/schema.org","@graph":[{"@type":"WebPage","@id":"https:\/\/www.accuratereviews.com\/it\/programmi-grafica-design\/ceros-recensione\/","url":"https:\/\/www.accuratereviews.com\/it\/programmi-grafica-design\/ceros-recensione\/","name":"Ceros: recensione software grafica design - Accurate Reviews","isPartOf":{"@id":"https:\/\/www.accuratereviews.com\/it\/#website"},"primaryImageOfPage":{"@id":"https:\/\/www.accuratereviews.com\/it\/programmi-grafica-design\/ceros-recensione\/#primaryimage"},"image":{"@id":"https:\/\/www.accuratereviews.com\/it\/programmi-grafica-design\/ceros-recensione\/#primaryimage"},"thumbnailUrl":"https:\/\/www.accuratereviews.com\/wp-content\/uploads\/2021\/11\/Ceros.png","datePublished":"2021-11-26T13:03:03+00:00","description":"Ceros: recensione software di creazione di contenuti interattivi che offre a brand e aziende la possibilit\u00e0 di creare contenuti coinvolgenti.","breadcrumb":{"@id":"https:\/\/www.accuratereviews.com\/it\/programmi-grafica-design\/ceros-recensione\/#breadcrumb"},"inLanguage":"it-IT","potentialAction":[{"@type":"ReadAction","target":["https:\/\/www.accuratereviews.com\/it\/programmi-grafica-design\/ceros-recensione\/"]}]},{"@type":"ImageObject","inLanguage":"it-IT","@id":"https:\/\/www.accuratereviews.com\/it\/programmi-grafica-design\/ceros-recensione\/#primaryimage","url":"https:\/\/www.accuratereviews.com\/wp-content\/uploads\/2021\/11\/Ceros.png","contentUrl":"https:\/\/www.accuratereviews.com\/wp-content\/uploads\/2021\/11\/Ceros.png","width":225,"height":225},{"@type":"BreadcrumbList","@id":"https:\/\/www.accuratereviews.com\/it\/programmi-grafica-design\/ceros-recensione\/#breadcrumb","itemListElement":[{"@type":"ListItem","position":1,"name":"Home","item":"https:\/\/www.accuratereviews.com\/it\/"},{"@type":"ListItem","position":2,"name":"Programmi grafica design","item":"https:\/\/www.accuratereviews.com\/it\/programmi-grafica-design\/"},{"@type":"ListItem","position":3,"name":"Ceros"}]},{"@type":"WebSite","@id":"https:\/\/www.accuratereviews.com\/it\/#website","url":"https:\/\/www.accuratereviews.com\/it\/","name":"Accurate Reviews","description":"","potentialAction":[{"@type":"SearchAction","target":{"@type":"EntryPoint","urlTemplate":"https:\/\/www.accuratereviews.com\/it\/?s={search_term_string}"},"query-input":{"@type":"PropertyValueSpecification","valueRequired":true,"valueName":"search_term_string"}}],"inLanguage":"it-IT"}]}},"_links":{"self":[{"href":"https:\/\/www.accuratereviews.com\/it\/wp-json\/wp\/v2\/pages\/50521","targetHints":{"allow":["GET"]}}],"collection":[{"href":"https:\/\/www.accuratereviews.com\/it\/wp-json\/wp\/v2\/pages"}],"about":[{"href":"https:\/\/www.accuratereviews.com\/it\/wp-json\/wp\/v2\/types\/page"}],"author":[{"embeddable":true,"href":"https:\/\/www.accuratereviews.com\/it\/wp-json\/wp\/v2\/users\/16"}],"replies":[{"embeddable":true,"href":"https:\/\/www.accuratereviews.com\/it\/wp-json\/wp\/v2\/comments?post=50521"}],"version-history":[{"count":11,"href":"https:\/\/www.accuratereviews.com\/it\/wp-json\/wp\/v2\/pages\/50521\/revisions"}],"predecessor-version":[{"id":50548,"href":"https:\/\/www.accuratereviews.com\/it\/wp-json\/wp\/v2\/pages\/50521\/revisions\/50548"}],"up":[{"embeddable":true,"href":"https:\/\/www.accuratereviews.com\/it\/wp-json\/wp\/v2\/pages\/49827"}],"wp:featuredmedia":[{"embeddable":true,"href":"https:\/\/www.accuratereviews.com\/it\/wp-json\/wp\/v2\/media\/50522"}],"wp:attachment":[{"href":"https:\/\/www.accuratereviews.com\/it\/wp-json\/wp\/v2\/media?parent=50521"}],"wp:term":[{"taxonomy":"category","embeddable":true,"href":"https:\/\/www.accuratereviews.com\/it\/wp-json\/wp\/v2\/categories?post=50521"},{"taxonomy":"post_tag","embeddable":true,"href":"https:\/\/www.accuratereviews.com\/it\/wp-json\/wp\/v2\/tags?post=50521"},{"taxonomy":"features","embeddable":true,"href":"https:\/\/www.accuratereviews.com\/it\/wp-json\/wp\/v2\/features?post=50521"}],"curies":[{"name":"wp","href":"https:\/\/api.w.org\/{rel}","templated":true}]}}