{"id":50579,"date":"2021-11-29T13:33:48","date_gmt":"2021-11-29T13:33:48","guid":{"rendered":"https:\/\/www.accuratereviews.com\/?page_id=50579"},"modified":"2021-11-29T13:44:45","modified_gmt":"2021-11-29T13:44:45","slug":"pixlr-recensione","status":"publish","type":"page","link":"https:\/\/www.accuratereviews.com\/it\/programmi-grafica-design\/pixlr-recensione\/","title":{"rendered":"Pixlr"},"content":{"rendered":"<p><strong>Pixlr<\/strong> \u00e8 una <strong>soluzione di modifica delle immagini<\/strong> che aiuta le aziende a utilizzare la tecnologia dell&#8217;intelligenza artificiale per creare progetti grafici in pi\u00f9 formati. Consente ai membri dello staff di utilizzare modelli predefiniti per creare storie di Instagram, post di Facebook, biglietti da visita, newsletter, brochure e partecipazioni di nozze.\u00a0Pixlr permette agli utenti di selezionare layout e caricare immagini per creare collage di foto utilizzando modelli predefiniti, cancellare sfondi, aggiungere filtri, utilizzare effetti su selfie, immagini del profilo e ritratti. Inoltre, i professionisti possono aggiungere disegni e ritagliare, capovolgere o raddrizzare le immagini da una piattaforma centralizzata. <strong>Pixlr<\/strong> si integra con <strong>Dropbox<\/strong> tramite estensioni,\u00a0la dashboard utente \u00e8 personalizzabile, con la possibilit\u00e0 di visualizzare i progetti preferiti o correnti per un rapido accesso. \u00c8 inoltre possibile accedere alle immagini di <strong>Google<\/strong> o <strong>Facebook<\/strong> direttamente dalla dashboard.<\/p>\n<h2>PIXLR &#8211; TUTORIAL<\/h2>\n<p>Guardiamo come rimuovere uno sfondo con questo<strong> software di grafica design<\/strong>:<\/p>\n<div id=\"fluid-wrapper-counter-1\" class=\"g1-fluid-wrapper \" style=\"width:686px;\">\n<div style=\"padding-bottom:56.268221574344%;\"><iframe loading=\"lazy\" title=\"PIXLR rimuovi lo sfondo da una immagine o logo facilmente\" width=\"686\" height=\"386\" src=\"https:\/\/www.youtube.com\/embed\/GdckaSKbdps?feature=oembed&amp;wmode=transparent&amp;autohide=1&amp;autoplay=0&amp;disablekb=0&amp;fs=1&amp;loop=0&amp;enablejsapi=1&amp;rel=0&amp;controls=2&amp;showinfo=0&amp;wmode=transparent&amp;autohide=2&amp;autoplay=0&amp;disablekb=0&amp;fs=1&amp;loop=0&amp;enablejsapi=1&amp;rel=0&amp;controls=2&amp;showinfo=1\" frameborder=\"0\" allow=\"accelerometer; autoplay; clipboard-write; encrypted-media; gyroscope; picture-in-picture\" allowfullscreen><\/iframe><\/div>\n<\/div>\n<h3>PIXLR &#8211; CARATTERISTICHE<\/h3>\n<ul>\n<li><strong>Applicazione gratuita:<\/strong> strumento di modifica delle immagini totalmente gratuito sul web. Non ci sono costi nascosti e gli utenti possono utilizzarlo anche per uso commerciale. Questo lo rende una soluzione conveniente soprattutto per artisti freelance e piccole imprese<\/li>\n<li><strong>Soluzione versatile<\/strong>: il programma pu\u00f2 essere eseguito su qualsiasi browser e su qualsiasi sistema operativo. Questa versatilit\u00e0 consente di utilizzare l&#8217;applicazione basata sul web sul browser preferito, che si tratti di Chrome, Firefox o Safari<\/li>\n<li><strong>Editor leggero:<\/strong> tutto ci\u00f2 di cui gli utenti hanno bisogno per eseguire il software sui propri computer \u00e8 il plug-in Flash. E per gli utenti iOS e Android, le app mobili native occupano solo poco spazio e memoria. Ci\u00f2 rende l&#8217;editor un&#8217;applicazione leggera che consente agli utenti di usarlo senza problemi su qualsiasi dispositivo<\/li>\n<li><strong>Rimozione sfondo<\/strong>: cancella gli sfondi nelle tue foto,\u00a0ritratti, selfie, immagini del profilo e altro con facilit\u00e0<\/li>\n<li><strong>Collage di immagini<\/strong>: crea collage di foto online con i template predefiniti. Basta selezionare un layout, caricare le immagini e iniziare il tuo editing<\/li>\n<li><strong>Filtri ed effetti<\/strong>: ravviva le immagini all&#8217;istante con i filtri fotografici giusti per realizzare gli effetti desiderati nelle tue foto.<\/li>\n<\/ul>\n<h4>LE RECENSIONI DEGLI UTENTI<\/h4>\n<p><strong>Sara D. &#8220;Un Tool di Photo Editing eccezionale e semplice&#8221;<\/strong><\/p>\n<p><span class=\"font-weight-bold\"><strong>Commenti<\/strong>: <\/span>Uno dei migliori software di editing che ho usato finora, perch\u00e9 mi ha aiutato a migliorare i miei progetti e a farli sembrare molto professionali. Inoltre riesco a ridimensionare le foto per renderle del peso e formato adatto al mio blog senza perdere la qualit\u00e0.<\/p>\n<p class=\"font-weight-bold mb-2\"><strong>Pro<\/strong>:\u00a0Pixlr \u00e8 molto comodo poich\u00e9 puoi usarlo ovunque tu sia, essendo disponibile su quasi tutti i dispositivi. Ha tantissime funzionalit\u00e0 e strumenti utili per migliorare i progetti, immagini, foto, con un design intuitivo.<\/p>\n<p class=\"font-weight-bold mb-2\"><strong>Contro<\/strong>:\u00a0Ci sono molte pubblicit\u00e0 e a volte rallenta, ma credo che guardare qualche spot sia il minimo per poter usare il software gratuitamente.<\/p>\n<p class=\"font-weight-bold mb-2\"><strong>Christian N. &#8220;Lo strumento di fotoritocco avanzato e gratuito.&#8221;<\/strong><\/p>\n<p><span class=\"font-weight-bold\"><strong>Commenti<\/strong>: <\/span>Buona esperienza con tutte le funzionalit\u00e0 di base per il fotoritocco gratuito e modelli di social media che semplificano il mio lavoro. La migliore alternativa a Photoshop gratis.<\/p>\n<p class=\"font-weight-bold mb-2\"><strong>Pro<\/strong>: funzionalit\u00e0 di fotoritocco professionale gratuite e modifica pi\u00f9 rapida e semplice senza bisogno di computer costosi. Funziona bene anche su dispositivi pi\u00f9 deboli e mobili. I modelli di social media semplificano la modifica delle foto per i post sui social media. Compatibile con tutte le piattaforme e facile da usare per principianti ed utenti esperti. L&#8217;interfaccia utente intuitiva batte di gran lunga Photoshop. Libreria di foto molto utile<\/p>\n<p class=\"font-weight-bold mb-2\"><strong>Contro<\/strong>:\u00a0A volte gli annunci visualizzati durante il lavoro possono essere fonte di distrazione e fastidio. Nessuna funzionalit\u00e0 di trascinamento della selezione.<\/p>\n<p class=\"font-weight-bold mb-2\"><strong>Deb P.&#8221;Facile da usare, potente ma ha ancora bisogno di un po&#8217; di lavoro&#8221;<\/strong><\/p>\n<p><span class=\"font-weight-bold\"><strong>Commenti<\/strong>: <\/span>Lo uso regolarmente per il fotoritocco per la grafica che uso nella mia attivit\u00e0. \u00c8 facile e veloce da usare. Se non fosse per i difetti, sarei un fan delirante. Di nuovo, presumo che ci stiano lavorando e le cose miglioreranno.<\/p>\n<p class=\"font-weight-bold mb-2\"><strong>Pro<\/strong>:\u00a0Mi piace quanto sia facile da usare. Mi piace che non ci voglia un&#8217;eternit\u00e0 per caricare (come Photoshop). Mi piacciono particolarmente le funzioni di rimozione dello sfondo e di sostituzione del colore.<\/p>\n<p class=\"font-weight-bold mb-2\"><strong>Contro<\/strong>:\u00a0\u00c8 un po&#8217; glitch. Soprattutto lo strumento di rimozione automatica dello sfondo. Presumo che gli sviluppatori stiano lavorando per eliminare i bug e sono disposto ad aspettare.<\/p>\n","protected":false},"excerpt":{"rendered":"<p>Pixlr \u00e8 una soluzione di modifica delle immagini che aiuta le aziende a utilizzare la tecnologia dell&#8217;intelligenza artificiale per creare progetti grafici in pi\u00f9 formati. Consente ai membri dello staff di utilizzare modelli predefiniti per creare storie di Instagram, post di Facebook, biglietti da visita, newsletter, brochure e partecipazioni di nozze.\u00a0<\/p>\n","protected":false},"author":16,"featured_media":50580,"parent":49827,"menu_order":0,"comment_status":"open","ping_status":"closed","template":"g1_template_page_review_new.php","meta":{"_acf_changed":false,"cwp_meta_box_check":"No","cwp_rev_product_name":"","cwp_rev_product_image":"","wppr_links":[],"cwp_rev_price":"","wppr_options":[],"wppr_pros":[],"wppr_cons":[],"_monsterinsights_skip_tracking":false,"_monsterinsights_sitenote_active":false,"_monsterinsights_sitenote_note":"","_monsterinsights_sitenote_category":0,"footnotes":""},"categories":[11404],"tags":[11491,11584,11408,11406,11405],"features":[],"class_list":{"0":"post-50579","1":"page","2":"type-page","3":"status-publish","4":"has-post-thumbnail","6":"category-programmi-grafica-design-cat","7":"tag-piattaforma-grafica-desing","8":"tag-pixlr","9":"tag-programma-grafica-design","10":"tag-software-grafica-design","11":"tag-soluzione-grafica-design"},"wppr_data":{"cwp_meta_box_check":"No"},"acf":[],"yoast_head":"<!-- This site is optimized with the Yoast SEO plugin v27.4 - https:\/\/yoast.com\/product\/yoast-seo-wordpress\/ -->\n<title>Pixlr: recensione software grafica design - Accurate Reviews<\/title>\n<meta name=\"description\" content=\"Pixlr: recensione soluzione di modifica delle immagini che tramite l&#039;intelligenza artificiale puoi creare progetti grafici in pi\u00f9 formati.\" \/>\n<meta name=\"robots\" content=\"index, follow, max-snippet:-1, max-image-preview:large, max-video-preview:-1\" \/>\n<link rel=\"canonical\" href=\"https:\/\/www.accuratereviews.com\/it\/programmi-grafica-design\/pixlr-recensione\/\" \/>\n<meta property=\"og:locale\" content=\"it_IT\" \/>\n<meta property=\"og:type\" content=\"article\" \/>\n<meta property=\"og:title\" content=\"Pixlr: recensione software grafica design - Accurate Reviews\" \/>\n<meta property=\"og:description\" content=\"Pixlr: recensione soluzione di modifica delle immagini che tramite l&#039;intelligenza artificiale puoi creare progetti grafici in pi\u00f9 formati.\" \/>\n<meta property=\"og:url\" content=\"https:\/\/www.accuratereviews.com\/it\/programmi-grafica-design\/pixlr-recensione\/\" \/>\n<meta property=\"og:site_name\" content=\"Accurate Reviews\" \/>\n<meta property=\"article:modified_time\" content=\"2021-11-29T13:44:45+00:00\" \/>\n<meta property=\"og:image\" content=\"https:\/\/www.accuratereviews.com\/wp-content\/uploads\/2021\/11\/Pixlr.png\" \/>\n\t<meta property=\"og:image:width\" content=\"1170\" \/>\n\t<meta property=\"og:image:height\" content=\"620\" \/>\n\t<meta property=\"og:image:type\" content=\"image\/png\" \/>\n<meta name=\"twitter:card\" content=\"summary_large_image\" \/>\n<meta name=\"twitter:label1\" content=\"Tempo di lettura stimato\" \/>\n\t<meta name=\"twitter:data1\" content=\"4 minuti\" \/>\n<script type=\"application\/ld+json\" class=\"yoast-schema-graph\">{\"@context\":\"https:\\\/\\\/schema.org\",\"@graph\":[{\"@type\":\"WebPage\",\"@id\":\"https:\\\/\\\/www.accuratereviews.com\\\/it\\\/programmi-grafica-design\\\/pixlr-recensione\\\/\",\"url\":\"https:\\\/\\\/www.accuratereviews.com\\\/it\\\/programmi-grafica-design\\\/pixlr-recensione\\\/\",\"name\":\"Pixlr: recensione software grafica design - Accurate Reviews\",\"isPartOf\":{\"@id\":\"https:\\\/\\\/www.accuratereviews.com\\\/it\\\/#website\"},\"primaryImageOfPage\":{\"@id\":\"https:\\\/\\\/www.accuratereviews.com\\\/it\\\/programmi-grafica-design\\\/pixlr-recensione\\\/#primaryimage\"},\"image\":{\"@id\":\"https:\\\/\\\/www.accuratereviews.com\\\/it\\\/programmi-grafica-design\\\/pixlr-recensione\\\/#primaryimage\"},\"thumbnailUrl\":\"https:\\\/\\\/www.accuratereviews.com\\\/wp-content\\\/uploads\\\/2021\\\/11\\\/Pixlr.png\",\"datePublished\":\"2021-11-29T13:33:48+00:00\",\"dateModified\":\"2021-11-29T13:44:45+00:00\",\"description\":\"Pixlr: recensione soluzione di modifica delle immagini che tramite l'intelligenza artificiale puoi creare progetti grafici in pi\u00f9 formati.\",\"breadcrumb\":{\"@id\":\"https:\\\/\\\/www.accuratereviews.com\\\/it\\\/programmi-grafica-design\\\/pixlr-recensione\\\/#breadcrumb\"},\"inLanguage\":\"it-IT\",\"potentialAction\":[{\"@type\":\"ReadAction\",\"target\":[\"https:\\\/\\\/www.accuratereviews.com\\\/it\\\/programmi-grafica-design\\\/pixlr-recensione\\\/\"]}]},{\"@type\":\"ImageObject\",\"inLanguage\":\"it-IT\",\"@id\":\"https:\\\/\\\/www.accuratereviews.com\\\/it\\\/programmi-grafica-design\\\/pixlr-recensione\\\/#primaryimage\",\"url\":\"https:\\\/\\\/www.accuratereviews.com\\\/wp-content\\\/uploads\\\/2021\\\/11\\\/Pixlr.png\",\"contentUrl\":\"https:\\\/\\\/www.accuratereviews.com\\\/wp-content\\\/uploads\\\/2021\\\/11\\\/Pixlr.png\",\"width\":1170,\"height\":620},{\"@type\":\"BreadcrumbList\",\"@id\":\"https:\\\/\\\/www.accuratereviews.com\\\/it\\\/programmi-grafica-design\\\/pixlr-recensione\\\/#breadcrumb\",\"itemListElement\":[{\"@type\":\"ListItem\",\"position\":1,\"name\":\"Home\",\"item\":\"https:\\\/\\\/www.accuratereviews.com\\\/it\\\/\"},{\"@type\":\"ListItem\",\"position\":2,\"name\":\"Programmi grafica design\",\"item\":\"https:\\\/\\\/www.accuratereviews.com\\\/it\\\/programmi-grafica-design\\\/\"},{\"@type\":\"ListItem\",\"position\":3,\"name\":\"Pixlr\"}]},{\"@type\":\"WebSite\",\"@id\":\"https:\\\/\\\/www.accuratereviews.com\\\/it\\\/#website\",\"url\":\"https:\\\/\\\/www.accuratereviews.com\\\/it\\\/\",\"name\":\"Accurate Reviews\",\"description\":\"\",\"potentialAction\":[{\"@type\":\"SearchAction\",\"target\":{\"@type\":\"EntryPoint\",\"urlTemplate\":\"https:\\\/\\\/www.accuratereviews.com\\\/it\\\/?s={search_term_string}\"},\"query-input\":{\"@type\":\"PropertyValueSpecification\",\"valueRequired\":true,\"valueName\":\"search_term_string\"}}],\"inLanguage\":\"it-IT\"}]}<\/script>\n<!-- \/ Yoast SEO plugin. -->","yoast_head_json":{"title":"Pixlr: recensione software grafica design - Accurate Reviews","description":"Pixlr: recensione soluzione di modifica delle immagini che tramite l'intelligenza artificiale puoi creare progetti grafici in pi\u00f9 formati.","robots":{"index":"index","follow":"follow","max-snippet":"max-snippet:-1","max-image-preview":"max-image-preview:large","max-video-preview":"max-video-preview:-1"},"canonical":"https:\/\/www.accuratereviews.com\/it\/programmi-grafica-design\/pixlr-recensione\/","og_locale":"it_IT","og_type":"article","og_title":"Pixlr: recensione software grafica design - Accurate Reviews","og_description":"Pixlr: recensione soluzione di modifica delle immagini che tramite l'intelligenza artificiale puoi creare progetti grafici in pi\u00f9 formati.","og_url":"https:\/\/www.accuratereviews.com\/it\/programmi-grafica-design\/pixlr-recensione\/","og_site_name":"Accurate Reviews","article_modified_time":"2021-11-29T13:44:45+00:00","og_image":[{"width":1170,"height":620,"url":"https:\/\/www.accuratereviews.com\/wp-content\/uploads\/2021\/11\/Pixlr.png","type":"image\/png"}],"twitter_card":"summary_large_image","twitter_misc":{"Tempo di lettura stimato":"4 minuti"},"schema":{"@context":"https:\/\/schema.org","@graph":[{"@type":"WebPage","@id":"https:\/\/www.accuratereviews.com\/it\/programmi-grafica-design\/pixlr-recensione\/","url":"https:\/\/www.accuratereviews.com\/it\/programmi-grafica-design\/pixlr-recensione\/","name":"Pixlr: recensione software grafica design - Accurate Reviews","isPartOf":{"@id":"https:\/\/www.accuratereviews.com\/it\/#website"},"primaryImageOfPage":{"@id":"https:\/\/www.accuratereviews.com\/it\/programmi-grafica-design\/pixlr-recensione\/#primaryimage"},"image":{"@id":"https:\/\/www.accuratereviews.com\/it\/programmi-grafica-design\/pixlr-recensione\/#primaryimage"},"thumbnailUrl":"https:\/\/www.accuratereviews.com\/wp-content\/uploads\/2021\/11\/Pixlr.png","datePublished":"2021-11-29T13:33:48+00:00","dateModified":"2021-11-29T13:44:45+00:00","description":"Pixlr: recensione soluzione di modifica delle immagini che tramite l'intelligenza artificiale puoi creare progetti grafici in pi\u00f9 formati.","breadcrumb":{"@id":"https:\/\/www.accuratereviews.com\/it\/programmi-grafica-design\/pixlr-recensione\/#breadcrumb"},"inLanguage":"it-IT","potentialAction":[{"@type":"ReadAction","target":["https:\/\/www.accuratereviews.com\/it\/programmi-grafica-design\/pixlr-recensione\/"]}]},{"@type":"ImageObject","inLanguage":"it-IT","@id":"https:\/\/www.accuratereviews.com\/it\/programmi-grafica-design\/pixlr-recensione\/#primaryimage","url":"https:\/\/www.accuratereviews.com\/wp-content\/uploads\/2021\/11\/Pixlr.png","contentUrl":"https:\/\/www.accuratereviews.com\/wp-content\/uploads\/2021\/11\/Pixlr.png","width":1170,"height":620},{"@type":"BreadcrumbList","@id":"https:\/\/www.accuratereviews.com\/it\/programmi-grafica-design\/pixlr-recensione\/#breadcrumb","itemListElement":[{"@type":"ListItem","position":1,"name":"Home","item":"https:\/\/www.accuratereviews.com\/it\/"},{"@type":"ListItem","position":2,"name":"Programmi grafica design","item":"https:\/\/www.accuratereviews.com\/it\/programmi-grafica-design\/"},{"@type":"ListItem","position":3,"name":"Pixlr"}]},{"@type":"WebSite","@id":"https:\/\/www.accuratereviews.com\/it\/#website","url":"https:\/\/www.accuratereviews.com\/it\/","name":"Accurate Reviews","description":"","potentialAction":[{"@type":"SearchAction","target":{"@type":"EntryPoint","urlTemplate":"https:\/\/www.accuratereviews.com\/it\/?s={search_term_string}"},"query-input":{"@type":"PropertyValueSpecification","valueRequired":true,"valueName":"search_term_string"}}],"inLanguage":"it-IT"}]}},"_links":{"self":[{"href":"https:\/\/www.accuratereviews.com\/it\/wp-json\/wp\/v2\/pages\/50579","targetHints":{"allow":["GET"]}}],"collection":[{"href":"https:\/\/www.accuratereviews.com\/it\/wp-json\/wp\/v2\/pages"}],"about":[{"href":"https:\/\/www.accuratereviews.com\/it\/wp-json\/wp\/v2\/types\/page"}],"author":[{"embeddable":true,"href":"https:\/\/www.accuratereviews.com\/it\/wp-json\/wp\/v2\/users\/16"}],"replies":[{"embeddable":true,"href":"https:\/\/www.accuratereviews.com\/it\/wp-json\/wp\/v2\/comments?post=50579"}],"version-history":[{"count":8,"href":"https:\/\/www.accuratereviews.com\/it\/wp-json\/wp\/v2\/pages\/50579\/revisions"}],"predecessor-version":[{"id":50614,"href":"https:\/\/www.accuratereviews.com\/it\/wp-json\/wp\/v2\/pages\/50579\/revisions\/50614"}],"up":[{"embeddable":true,"href":"https:\/\/www.accuratereviews.com\/it\/wp-json\/wp\/v2\/pages\/49827"}],"wp:featuredmedia":[{"embeddable":true,"href":"https:\/\/www.accuratereviews.com\/it\/wp-json\/wp\/v2\/media\/50580"}],"wp:attachment":[{"href":"https:\/\/www.accuratereviews.com\/it\/wp-json\/wp\/v2\/media?parent=50579"}],"wp:term":[{"taxonomy":"category","embeddable":true,"href":"https:\/\/www.accuratereviews.com\/it\/wp-json\/wp\/v2\/categories?post=50579"},{"taxonomy":"post_tag","embeddable":true,"href":"https:\/\/www.accuratereviews.com\/it\/wp-json\/wp\/v2\/tags?post=50579"},{"taxonomy":"features","embeddable":true,"href":"https:\/\/www.accuratereviews.com\/it\/wp-json\/wp\/v2\/features?post=50579"}],"curies":[{"name":"wp","href":"https:\/\/api.w.org\/{rel}","templated":true}]}}