{"id":50615,"date":"2021-11-30T11:53:04","date_gmt":"2021-11-30T11:53:04","guid":{"rendered":"https:\/\/www.accuratereviews.com\/?page_id=50615"},"modified":"2021-11-30T11:53:04","modified_gmt":"2021-11-30T11:53:04","slug":"vectr-recensione","status":"publish","type":"page","link":"https:\/\/www.accuratereviews.com\/it\/programmi-grafica-design\/vectr-recensione\/","title":{"rendered":"Vectr"},"content":{"rendered":"<p><strong>Vectr<\/strong> \u00e8 una <strong>piattaforma di grafica vettoriale<\/strong> <strong>gratuita<\/strong> facile e potente. L&#8217;affidabile programma multipiattaforma consente a project manager, ingegneri del software, specialisti di social media e blogger di creare grafica vettoriale in modo intuitivo e semplice. L&#8217;applicazione pu\u00f2 essere distribuita su dispositivi desktop (supporta Windows, Linux, Mac e ChromeOS) o utilizzata in qualsiasi browser moderno. <strong>Vectr<\/strong> \u00e8 un&#8217;applicazione ben progettata con una curva di apprendimento poco ripida. Sebbene il programma manchi di una serie di funzionalit\u00e0 avanzate delle applicazioni di fascia alta, fornisce tutti gli strumenti e le funzionalit\u00e0 di base. Alcuni dei suoi strumenti chiave includono: penna, strumenti forma, organizza elementi, allinea elementi, esploratori, riempimenti e tratti e sfumature. Questo lo rende un&#8217;ottima scelta per chiunque cerchi di creare una semplice grafica vettoriale con il minimo sforzo.<\/p>\n<h2>VECTR &#8211; TUTORIAL<\/h2>\n<p>Vediamo come utilizzare i filtri di questo <strong>software di grafica design<\/strong>:<\/p>\n<div id=\"fluid-wrapper-counter-1\" class=\"g1-fluid-wrapper \" style=\"width:686px;\">\n<div style=\"padding-bottom:56.268221574344%;\"><iframe loading=\"lazy\" title=\"Vectr Interactive Lessons :: Filters\" width=\"686\" height=\"386\" src=\"https:\/\/www.youtube.com\/embed\/u8VO4GnGZMg?feature=oembed&amp;wmode=transparent&amp;autohide=1&amp;autoplay=0&amp;disablekb=0&amp;fs=1&amp;loop=0&amp;enablejsapi=1&amp;rel=0&amp;controls=2&amp;showinfo=0&amp;wmode=transparent&amp;autohide=2&amp;autoplay=0&amp;disablekb=0&amp;fs=1&amp;loop=0&amp;enablejsapi=1&amp;rel=0&amp;controls=2&amp;showinfo=1\" frameborder=\"0\" allow=\"accelerometer; autoplay; clipboard-write; encrypted-media; gyroscope; picture-in-picture\" allowfullscreen><\/iframe><\/div>\n<\/div>\n<h3>VECTR &#8211; CARATTERISTICHE<\/h3>\n<ul>\n<li><strong>Facile da usare, pi\u00f9 veloce da padroneggiare<\/strong>: nessuna esperienza di progettazione? Non \u00e8 un problema. Gli strumenti intuitivi di Vectr ti guideranno a creare splendide grafiche come un professionista. Nessuna curva di apprendimento ripida, lascia che la tua intuizione creativa prenda il sopravvento<\/li>\n<li><strong>Collabora in tempo reale tramite URL:<\/strong> condividi una visione in tempo reale della tua attivit\u00e0 con chiunque. Gli altri possono guardarti creare e modificare i design dal vivo tramite il loro desktop<\/li>\n<li><strong>Scala senza perdere la chiarezza<\/strong>: a differenza della grafica raster, la grafica vettoriale \u00e8 sempre nitida e pulita. Crea loghi, presentazioni, cartoline, brochure, prototipi di siti web o qualsiasi grafica 2D senza sfocature<\/li>\n<li><strong>Alimentato dall&#8217;intelligenza artificiale<\/strong>: la creazione di elementi grafici \u00e8 resa ancora pi\u00f9 semplice e veloce grazie a strumenti e funzionalit\u00e0 che consentono di risparmiare tempo grazie all&#8217;intelligenza artificiale<\/li>\n<li><strong>Funzione chat<\/strong>: comunica quando vengono apportate modifiche all&#8217;interno dell&#8217;editor stesso.<\/li>\n<\/ul>\n<h4>LE RECENSIONI DEGLI UTENTI<\/h4>\n<p class=\"h5 font-weight-bold\"><strong>Johon D. &#8220;Editor online potente come Photoshop con una curva di apprendimento poco profonda.&#8221;<\/strong><\/p>\n<p class=\"font-weight-bold mb-2\"><strong>Pro<\/strong>:\u00a0Interfaccia utente minimalista e pulita. Lo strumento penna funziona alla grande. Vaste funzionalit\u00e0 nell&#8217;editor di testo. Supporto alla collaborazione. Curva di apprendimento superficiale e viene fornito con tutorial che sono fantastici.<\/p>\n<p class=\"font-weight-bold mb-2\"><strong>Contro<\/strong>:\u00a0Pu\u00f2 avere pi\u00f9 forme e clipart da usare. Impossibile importare file PDF.<\/p>\n<p class=\"font-weight-bold mb-2\"><strong>Jim S.&#8221;Strumento semplice per creare grafica SVG&#8221;<\/strong><\/p>\n<p><span class=\"font-weight-bold\"><strong>Commenti<\/strong>: <\/span>Ho gi\u00e0 creato alcuni grafici di base per questo. Dato che non sono un grafico, mi piace la sua semplicit\u00e0 d&#8217;uso.<\/p>\n<p class=\"font-weight-bold mb-2\"><strong>Pro<\/strong>:Mi piace di pi\u00f9 che tu possa usare questo software sul loro sito Web, senza installarlo. Ha abbastanza funzionalit\u00e0 per creare una grafica semplice ma anche pi\u00f9 avanzata.<\/p>\n<p class=\"font-weight-bold mb-2\"><strong>Contro<\/strong>:\u00a0Le funzionalit\u00e0 dell&#8217;interfaccia utente come lo zoom all&#8217;interno del browser non funzionano davvero, ingrandiscono la finestra del browser anzich\u00e9 l&#8217;area di lavoro.<\/p>\n<p><strong>Ashia A.&#8221;Lo sto usando adesso.&#8221;<\/strong><\/p>\n<p><span class=\"font-weight-bold\"><strong>Commenti<\/strong>: <\/span>\u00c8 gratis, funziona. Provalo!<\/p>\n<p class=\"font-weight-bold mb-2\"><strong>Pro<\/strong>:\u00a0Ho scaricato questo prodotto un anno fa ed \u00e8 onestamente un piccolo ottimo strumento per creare loghi di qualit\u00e0 vettoriale rapidi. \u00c8 anche un piccolo file che non occupa molto spazio hardware.<\/p>\n<p class=\"font-weight-bold mb-2\">Contro: Impossibile salvare in locale. Opzioni di esportazione SVG. Questa \u00e8 davvero l&#8217;unica lamentela, ma posso guardare oltre tutto questo per il semplice fatto che \u00e8 gratuito.<\/p>\n","protected":false},"excerpt":{"rendered":"<p>Vectr \u00e8 una piattaforma di grafica vettoriale gratuita facile e potente. L&#8217;affidabile programma multipiattaforma consente a project manager, ingegneri del software, specialisti di social media e blogger di generare grafica vettoriale in modo intuitivo e semplice. L&#8217;applicazione pu\u00f2 essere distribuita su dispositivi desktop (supporta Windows, Linux, Mac e ChromeOS) o utilizzata in qualsiasi browser moderno.\u00a0<\/p>\n","protected":false},"author":16,"featured_media":50616,"parent":49827,"menu_order":0,"comment_status":"open","ping_status":"closed","template":"g1_template_page_review_new.php","meta":{"_acf_changed":false,"cwp_meta_box_check":"No","cwp_rev_product_name":"","cwp_rev_product_image":"","wppr_links":[],"cwp_rev_price":"","wppr_options":[],"wppr_pros":[],"wppr_cons":[],"_monsterinsights_skip_tracking":false,"_monsterinsights_sitenote_active":false,"_monsterinsights_sitenote_note":"","_monsterinsights_sitenote_category":0,"footnotes":""},"categories":[11404],"tags":[11407,11409,11408,11600,11405,11601],"features":[],"class_list":{"0":"post-50615","1":"page","2":"type-page","3":"status-publish","4":"has-post-thumbnail","6":"category-programmi-grafica-design-cat","7":"tag-grafica-design","8":"tag-piattaforma-grafica-design","9":"tag-programma-grafica-design","10":"tag-software-grafica-desing","11":"tag-soluzione-grafica-design","12":"tag-vectr"},"wppr_data":{"cwp_meta_box_check":"No"},"acf":[],"yoast_head":"<!-- This site is optimized with the Yoast SEO plugin v27.4 - https:\/\/yoast.com\/product\/yoast-seo-wordpress\/ -->\n<title>Vectr: recensione software grafica design - Accurate Reviews<\/title>\n<meta name=\"description\" content=\"Vectr: recensione piattaforma di grafica vettoriale gratuita, facile, potente e affidabile per generare grafica in modo intuitivo.\" \/>\n<meta name=\"robots\" content=\"index, follow, max-snippet:-1, max-image-preview:large, max-video-preview:-1\" \/>\n<link rel=\"canonical\" href=\"https:\/\/www.accuratereviews.com\/it\/programmi-grafica-design\/vectr-recensione\/\" \/>\n<meta property=\"og:locale\" content=\"it_IT\" \/>\n<meta property=\"og:type\" content=\"article\" \/>\n<meta property=\"og:title\" content=\"Vectr: recensione software grafica design - Accurate Reviews\" \/>\n<meta property=\"og:description\" content=\"Vectr: recensione piattaforma di grafica vettoriale gratuita, facile, potente e affidabile per generare grafica in modo intuitivo.\" \/>\n<meta property=\"og:url\" content=\"https:\/\/www.accuratereviews.com\/it\/programmi-grafica-design\/vectr-recensione\/\" \/>\n<meta property=\"og:site_name\" content=\"Accurate Reviews\" \/>\n<meta property=\"og:image\" content=\"https:\/\/www.accuratereviews.com\/wp-content\/uploads\/2021\/11\/Schermata-2021-11-30-alle-09.11.21.png\" \/>\n\t<meta property=\"og:image:width\" content=\"358\" \/>\n\t<meta property=\"og:image:height\" content=\"214\" \/>\n\t<meta property=\"og:image:type\" content=\"image\/png\" \/>\n<meta name=\"twitter:card\" content=\"summary_large_image\" \/>\n<meta name=\"twitter:label1\" content=\"Tempo di lettura stimato\" \/>\n\t<meta name=\"twitter:data1\" content=\"3 minuti\" \/>\n<script type=\"application\/ld+json\" class=\"yoast-schema-graph\">{\"@context\":\"https:\\\/\\\/schema.org\",\"@graph\":[{\"@type\":\"WebPage\",\"@id\":\"https:\\\/\\\/www.accuratereviews.com\\\/it\\\/programmi-grafica-design\\\/vectr-recensione\\\/\",\"url\":\"https:\\\/\\\/www.accuratereviews.com\\\/it\\\/programmi-grafica-design\\\/vectr-recensione\\\/\",\"name\":\"Vectr: recensione software grafica design - Accurate Reviews\",\"isPartOf\":{\"@id\":\"https:\\\/\\\/www.accuratereviews.com\\\/it\\\/#website\"},\"primaryImageOfPage\":{\"@id\":\"https:\\\/\\\/www.accuratereviews.com\\\/it\\\/programmi-grafica-design\\\/vectr-recensione\\\/#primaryimage\"},\"image\":{\"@id\":\"https:\\\/\\\/www.accuratereviews.com\\\/it\\\/programmi-grafica-design\\\/vectr-recensione\\\/#primaryimage\"},\"thumbnailUrl\":\"https:\\\/\\\/www.accuratereviews.com\\\/wp-content\\\/uploads\\\/2021\\\/11\\\/Schermata-2021-11-30-alle-09.11.21.png\",\"datePublished\":\"2021-11-30T11:53:04+00:00\",\"description\":\"Vectr: recensione piattaforma di grafica vettoriale gratuita, facile, potente e affidabile per generare grafica in modo intuitivo.\",\"breadcrumb\":{\"@id\":\"https:\\\/\\\/www.accuratereviews.com\\\/it\\\/programmi-grafica-design\\\/vectr-recensione\\\/#breadcrumb\"},\"inLanguage\":\"it-IT\",\"potentialAction\":[{\"@type\":\"ReadAction\",\"target\":[\"https:\\\/\\\/www.accuratereviews.com\\\/it\\\/programmi-grafica-design\\\/vectr-recensione\\\/\"]}]},{\"@type\":\"ImageObject\",\"inLanguage\":\"it-IT\",\"@id\":\"https:\\\/\\\/www.accuratereviews.com\\\/it\\\/programmi-grafica-design\\\/vectr-recensione\\\/#primaryimage\",\"url\":\"https:\\\/\\\/www.accuratereviews.com\\\/wp-content\\\/uploads\\\/2021\\\/11\\\/Schermata-2021-11-30-alle-09.11.21.png\",\"contentUrl\":\"https:\\\/\\\/www.accuratereviews.com\\\/wp-content\\\/uploads\\\/2021\\\/11\\\/Schermata-2021-11-30-alle-09.11.21.png\",\"width\":358,\"height\":214},{\"@type\":\"BreadcrumbList\",\"@id\":\"https:\\\/\\\/www.accuratereviews.com\\\/it\\\/programmi-grafica-design\\\/vectr-recensione\\\/#breadcrumb\",\"itemListElement\":[{\"@type\":\"ListItem\",\"position\":1,\"name\":\"Home\",\"item\":\"https:\\\/\\\/www.accuratereviews.com\\\/it\\\/\"},{\"@type\":\"ListItem\",\"position\":2,\"name\":\"Programmi grafica design\",\"item\":\"https:\\\/\\\/www.accuratereviews.com\\\/it\\\/programmi-grafica-design\\\/\"},{\"@type\":\"ListItem\",\"position\":3,\"name\":\"Vectr\"}]},{\"@type\":\"WebSite\",\"@id\":\"https:\\\/\\\/www.accuratereviews.com\\\/it\\\/#website\",\"url\":\"https:\\\/\\\/www.accuratereviews.com\\\/it\\\/\",\"name\":\"Accurate Reviews\",\"description\":\"\",\"potentialAction\":[{\"@type\":\"SearchAction\",\"target\":{\"@type\":\"EntryPoint\",\"urlTemplate\":\"https:\\\/\\\/www.accuratereviews.com\\\/it\\\/?s={search_term_string}\"},\"query-input\":{\"@type\":\"PropertyValueSpecification\",\"valueRequired\":true,\"valueName\":\"search_term_string\"}}],\"inLanguage\":\"it-IT\"}]}<\/script>\n<!-- \/ Yoast SEO plugin. -->","yoast_head_json":{"title":"Vectr: recensione software grafica design - Accurate Reviews","description":"Vectr: recensione piattaforma di grafica vettoriale gratuita, facile, potente e affidabile per generare grafica in modo intuitivo.","robots":{"index":"index","follow":"follow","max-snippet":"max-snippet:-1","max-image-preview":"max-image-preview:large","max-video-preview":"max-video-preview:-1"},"canonical":"https:\/\/www.accuratereviews.com\/it\/programmi-grafica-design\/vectr-recensione\/","og_locale":"it_IT","og_type":"article","og_title":"Vectr: recensione software grafica design - Accurate Reviews","og_description":"Vectr: recensione piattaforma di grafica vettoriale gratuita, facile, potente e affidabile per generare grafica in modo intuitivo.","og_url":"https:\/\/www.accuratereviews.com\/it\/programmi-grafica-design\/vectr-recensione\/","og_site_name":"Accurate Reviews","og_image":[{"width":358,"height":214,"url":"https:\/\/www.accuratereviews.com\/wp-content\/uploads\/2021\/11\/Schermata-2021-11-30-alle-09.11.21.png","type":"image\/png"}],"twitter_card":"summary_large_image","twitter_misc":{"Tempo di lettura stimato":"3 minuti"},"schema":{"@context":"https:\/\/schema.org","@graph":[{"@type":"WebPage","@id":"https:\/\/www.accuratereviews.com\/it\/programmi-grafica-design\/vectr-recensione\/","url":"https:\/\/www.accuratereviews.com\/it\/programmi-grafica-design\/vectr-recensione\/","name":"Vectr: recensione software grafica design - Accurate Reviews","isPartOf":{"@id":"https:\/\/www.accuratereviews.com\/it\/#website"},"primaryImageOfPage":{"@id":"https:\/\/www.accuratereviews.com\/it\/programmi-grafica-design\/vectr-recensione\/#primaryimage"},"image":{"@id":"https:\/\/www.accuratereviews.com\/it\/programmi-grafica-design\/vectr-recensione\/#primaryimage"},"thumbnailUrl":"https:\/\/www.accuratereviews.com\/wp-content\/uploads\/2021\/11\/Schermata-2021-11-30-alle-09.11.21.png","datePublished":"2021-11-30T11:53:04+00:00","description":"Vectr: recensione piattaforma di grafica vettoriale gratuita, facile, potente e affidabile per generare grafica in modo intuitivo.","breadcrumb":{"@id":"https:\/\/www.accuratereviews.com\/it\/programmi-grafica-design\/vectr-recensione\/#breadcrumb"},"inLanguage":"it-IT","potentialAction":[{"@type":"ReadAction","target":["https:\/\/www.accuratereviews.com\/it\/programmi-grafica-design\/vectr-recensione\/"]}]},{"@type":"ImageObject","inLanguage":"it-IT","@id":"https:\/\/www.accuratereviews.com\/it\/programmi-grafica-design\/vectr-recensione\/#primaryimage","url":"https:\/\/www.accuratereviews.com\/wp-content\/uploads\/2021\/11\/Schermata-2021-11-30-alle-09.11.21.png","contentUrl":"https:\/\/www.accuratereviews.com\/wp-content\/uploads\/2021\/11\/Schermata-2021-11-30-alle-09.11.21.png","width":358,"height":214},{"@type":"BreadcrumbList","@id":"https:\/\/www.accuratereviews.com\/it\/programmi-grafica-design\/vectr-recensione\/#breadcrumb","itemListElement":[{"@type":"ListItem","position":1,"name":"Home","item":"https:\/\/www.accuratereviews.com\/it\/"},{"@type":"ListItem","position":2,"name":"Programmi grafica design","item":"https:\/\/www.accuratereviews.com\/it\/programmi-grafica-design\/"},{"@type":"ListItem","position":3,"name":"Vectr"}]},{"@type":"WebSite","@id":"https:\/\/www.accuratereviews.com\/it\/#website","url":"https:\/\/www.accuratereviews.com\/it\/","name":"Accurate Reviews","description":"","potentialAction":[{"@type":"SearchAction","target":{"@type":"EntryPoint","urlTemplate":"https:\/\/www.accuratereviews.com\/it\/?s={search_term_string}"},"query-input":{"@type":"PropertyValueSpecification","valueRequired":true,"valueName":"search_term_string"}}],"inLanguage":"it-IT"}]}},"_links":{"self":[{"href":"https:\/\/www.accuratereviews.com\/it\/wp-json\/wp\/v2\/pages\/50615","targetHints":{"allow":["GET"]}}],"collection":[{"href":"https:\/\/www.accuratereviews.com\/it\/wp-json\/wp\/v2\/pages"}],"about":[{"href":"https:\/\/www.accuratereviews.com\/it\/wp-json\/wp\/v2\/types\/page"}],"author":[{"embeddable":true,"href":"https:\/\/www.accuratereviews.com\/it\/wp-json\/wp\/v2\/users\/16"}],"replies":[{"embeddable":true,"href":"https:\/\/www.accuratereviews.com\/it\/wp-json\/wp\/v2\/comments?post=50615"}],"version-history":[{"count":11,"href":"https:\/\/www.accuratereviews.com\/it\/wp-json\/wp\/v2\/pages\/50615\/revisions"}],"predecessor-version":[{"id":50676,"href":"https:\/\/www.accuratereviews.com\/it\/wp-json\/wp\/v2\/pages\/50615\/revisions\/50676"}],"up":[{"embeddable":true,"href":"https:\/\/www.accuratereviews.com\/it\/wp-json\/wp\/v2\/pages\/49827"}],"wp:featuredmedia":[{"embeddable":true,"href":"https:\/\/www.accuratereviews.com\/it\/wp-json\/wp\/v2\/media\/50616"}],"wp:attachment":[{"href":"https:\/\/www.accuratereviews.com\/it\/wp-json\/wp\/v2\/media?parent=50615"}],"wp:term":[{"taxonomy":"category","embeddable":true,"href":"https:\/\/www.accuratereviews.com\/it\/wp-json\/wp\/v2\/categories?post=50615"},{"taxonomy":"post_tag","embeddable":true,"href":"https:\/\/www.accuratereviews.com\/it\/wp-json\/wp\/v2\/tags?post=50615"},{"taxonomy":"features","embeddable":true,"href":"https:\/\/www.accuratereviews.com\/it\/wp-json\/wp\/v2\/features?post=50615"}],"curies":[{"name":"wp","href":"https:\/\/api.w.org\/{rel}","templated":true}]}}