{"id":50631,"date":"2021-11-30T11:55:58","date_gmt":"2021-11-30T11:55:58","guid":{"rendered":"https:\/\/www.accuratereviews.com\/?page_id=50631"},"modified":"2021-11-30T11:55:58","modified_gmt":"2021-11-30T11:55:58","slug":"pixelmator-pro-recensione","status":"publish","type":"page","link":"https:\/\/www.accuratereviews.com\/it\/programmi-grafica-design\/pixelmator-pro-recensione\/","title":{"rendered":"Pixelmator Pro"},"content":{"rendered":"<p><strong>Pixelmator Pro<\/strong> \u00e8 una<strong> soluzione di grafica design<\/strong>\u00a0sviluppato per prodotti\u00a0<strong>Apple\u00a0<\/strong>per aiutare le aziende a regolare, modificare e migliorare le immagini utilizzando vari strumenti, colori, aree di lavoro personalizzabili e altro ancora. Offre una raccolta di forme predefinite, che consente ai professionisti di aggiungere stelle, frecce, fumetti e altre figure poligonali alle composizioni in base alle esigenze. Il software\u00a0permette agli illustratori di creare poster e pagine web utilizzando livelli di forma, testo e immagine su un&#8217;interfaccia drag-and-drop. I professionisti possono clonare parti, rimuovere oggetti indesiderati e scurire le aree all&#8217;interno delle immagini. Inoltre, consente ai designer di cercare effetti specifici in base al nome e di visualizzarli in anteprima prima di applicarli.<\/p>\n<h2>PIXELMATOR PRO &#8211; TUTORIAL<\/h2>\n<p>Ecco un tutorial in cui spiega le principali funzioni dei questo <strong>software di grafica design<\/strong>:<\/p>\n<div id=\"fluid-wrapper-counter-1\" class=\"g1-fluid-wrapper \" style=\"width:686px;\">\n<div style=\"padding-bottom:56.268221574344%;\"><iframe loading=\"lazy\" title=\"Come USARE PIXELMATOR PRO per MAC - Parte 1\/3\" width=\"686\" height=\"386\" src=\"https:\/\/www.youtube.com\/embed\/YqMlFieyMww?feature=oembed&amp;wmode=transparent&amp;autohide=1&amp;autoplay=0&amp;disablekb=0&amp;fs=1&amp;loop=0&amp;enablejsapi=1&amp;rel=0&amp;controls=2&amp;showinfo=0&amp;wmode=transparent&amp;autohide=2&amp;autoplay=0&amp;disablekb=0&amp;fs=1&amp;loop=0&amp;enablejsapi=1&amp;rel=0&amp;controls=2&amp;showinfo=1\" frameborder=\"0\" allow=\"accelerometer; autoplay; clipboard-write; encrypted-media; gyroscope; picture-in-picture\" allowfullscreen><\/iframe><\/div>\n<\/div>\n<h3>PIXELMATOR PRO &#8211; CARATTERISTICHE<\/h3>\n<ul>\n<li><strong>Modifica i colori delle tue foto nel modo che preferisci<\/strong>: troverai \u00a0molti strumenti per la regolazione essenziale del colore come luminosit\u00e0, contrasto ed esposizione a strumenti avanzati come le curve multicanale e il bilanciamento del colore<\/li>\n<li><strong>Migliora le foto automaticamente<\/strong>: molte delle regolazioni pi\u00f9 importanti possono essere applicate automaticamente, utilizzando un algoritmo di apprendimento automatico su 20 milioni di foto<\/li>\n<li><strong>Perfetto in ogni dettaglio<\/strong>: rimuovi magicamente gli oggetti indesiderati, clona parti delle tue foto, schiarisci o scurisci aree precise e fai molto di pi\u00f9. Il tutto utilizzando semplici pennellate per ritoccare solo le aree che desideri<\/li>\n<li><strong>Modifica RAW senza sforzo<\/strong>: il programma supporta le foto RAW di oltre 600 delle fotocamere digitali pi\u00f9 popolari. Inoltre, puoi aggiungere foto RAW e modificarle direttamente senza doverle convertire o preelaborare<\/li>\n<li><strong>Indipendente dalla risoluzione<\/strong>: le forme vettoriali sono indipendenti dalla risoluzione, quindi le curve appaiono sempre lisce e i bordi rimangono sempre nitidi, indipendentemente da quanto ridimensioni ogni forma o anche interi disegni vettoriali<\/li>\n<li><strong>Supporto SVG<\/strong>: il formato di file vettoriale SVG \u00e8 supportato. Quindi, puoi aprire file SVG, modificarne forme e percorsi ed esportare mantenendo tutti i loro dati vettoriali<\/li>\n<li><strong>Forme intelligenti<\/strong>: con una raccolta di forme intelligenti predefinite, puoi aggiungere rapidamente alle tue composizioni forme a stella e varie forme poligonali, frecce, fumetti e altro, quindi personalizzarle nel modo che preferisci.<\/li>\n<\/ul>\n<h4>LE RECENSIONI DEGLI UTENTI<\/h4>\n<p class=\"font-weight-bold mb-2\"><strong>Jonathan A.&#8221;Il mio Pixelmator Pro&#8221;<\/strong><\/p>\n<p><span class=\"font-weight-bold\"><strong>Commenti<\/strong>: e<\/span>ccellente. \u00c8 l&#8217;unico software di grafica che utilizzo.<\/p>\n<p class=\"font-weight-bold mb-2\"><strong>Pro<\/strong>: ci\u00f2 che mi ha attratto di Pixelmator Pro \u00e8 stata la sua facilit\u00e0 d&#8217;uso. Non sono un designer grafico hard core o altro, ma fa il lavoro. Lo uso principalmente per creare grafica, nonch\u00e9 risorse da utilizzare nella grafica. L&#8217;ho persino usato per fare layout del pavimento, etichette, disegni per timbri e grafici. Quindi, ha una vasta gamma di usi del caso. L&#8217;applicazione \u00e8 ricca di funzionalit\u00e0, tutto \u00e8 etichettato e a portata di mano. Adoro la funzione scheda che mi consente di lavorare su diversi progetti contemporaneamente, tutto in un unico posto.<\/p>\n<p class=\"font-weight-bold mb-2\"><strong>Contro<\/strong>: alcune funzionalit\u00e0 richiedono l&#8217;uso di tutorial, ma la curva di apprendimento non \u00e8 ripida, ma richiede un po&#8217; di pazienza e pratica.<\/p>\n<p class=\"font-weight-bold mb-2\"><strong>Alejandro R.&#8221;Bella app per Mac&#8221;<\/strong><\/p>\n<p><span class=\"font-weight-bold\"><strong>Commenti<\/strong>: <\/span>Lo uso solo per modificare immagini per articoli scientifici o tesi di studenti. \u00c8 fantastico per questo perch\u00e9 \u00e8 semplice da usare ed economico.<\/p>\n<p class=\"font-weight-bold mb-2\"><strong>Pro<\/strong>:\u00a0Se hai bisogno di un semplice editor di immagini questo \u00e8 per te. Ha capacit\u00e0 davvero simili a quelle di altri editor che sono molto pi\u00f9 costosi. Inoltre, devi effettuare un solo pagamento e non devi pagare un abbonamento.<\/p>\n<p class=\"font-weight-bold mb-2\"><strong>Contro<\/strong>:\u00a0Pixelmator ha solo contro quando ti stai dirigendo verso un campo pi\u00f9 professionale. Le sue caratteristiche impallidiscono rispetto ai classici software professionali e sicuramente devono passare a un software migliore.<\/p>\n<h5 class=\"font-weight-bold mb-2\">Jon K. &#8220;Il migliore per il mio budget&#8221;<\/h5>\n<p class=\"font-weight-bold mb-2\"><strong>Pro<\/strong>:\u00a0Il miglior costo per quello che ottieni. Come no-profit, studente o piccola impresa appena avviata non puoi battere la sua versatilit\u00e0. Altamente raccomandato.<\/p>\n<p class=\"font-weight-bold mb-2\"><strong>Contro<\/strong>:\u00a0La sua capacit\u00e0 di avere pi\u00f9 schermi ed essere molto mobile \u00e8 buona ma pu\u00f2 essere fastidiosa. Facile fare clic sul tuo progetto mentre cerchi di organizzare i tuoi strumenti.<\/p>\n","protected":false},"excerpt":{"rendered":"<p>Pixelmator Pro \u00e8 una soluzione di grafica design\u00a0sviluppato per prodotti\u00a0Apple\u00a0per aiutare le aziende a regolare, modificare e migliorare le immagini utilizzando vari strumenti, colori, aree di lavoro personalizzabili e altro ancora. Offre una raccolta di forme predefinite, che consente ai professionisti di aggiungere stelle, frecce, fumetti e altre figure poligonali alle composizioni in base alle esigenze.I<\/p>\n","protected":false},"author":16,"featured_media":50638,"parent":49827,"menu_order":0,"comment_status":"open","ping_status":"closed","template":"g1_template_page_review_new.php","meta":{"_acf_changed":false,"cwp_meta_box_check":"No","cwp_rev_product_name":"","cwp_rev_product_image":"","wppr_links":[],"cwp_rev_price":"","wppr_options":[],"wppr_pros":[],"wppr_cons":[],"_monsterinsights_skip_tracking":false,"_monsterinsights_sitenote_active":false,"_monsterinsights_sitenote_note":"","_monsterinsights_sitenote_category":0,"footnotes":""},"categories":[11404],"tags":[11409,11585,11408,11406,11405],"features":[],"class_list":{"0":"post-50631","1":"page","2":"type-page","3":"status-publish","4":"has-post-thumbnail","6":"category-programmi-grafica-design-cat","7":"tag-piattaforma-grafica-design","8":"tag-pixelmator-pro","9":"tag-programma-grafica-design","10":"tag-software-grafica-design","11":"tag-soluzione-grafica-design"},"wppr_data":{"cwp_meta_box_check":"No"},"acf":[],"yoast_head":"<!-- This site is optimized with the Yoast SEO plugin v27.4 - https:\/\/yoast.com\/product\/yoast-seo-wordpress\/ -->\n<title>Pixelmator Pro: recensione software grafica design - Accurate Reviews<\/title>\n<meta name=\"description\" content=\"Pixelmator Pro: recensione soluzione di grafica design\u00a0sviluppato per prodotti\u00a0Apple\u00a0per aiutare a regolare, modificare e migliorare le immagini.\" \/>\n<meta name=\"robots\" content=\"index, follow, max-snippet:-1, max-image-preview:large, max-video-preview:-1\" \/>\n<link rel=\"canonical\" href=\"https:\/\/www.accuratereviews.com\/it\/programmi-grafica-design\/pixelmator-pro-recensione\/\" \/>\n<meta property=\"og:locale\" content=\"it_IT\" \/>\n<meta property=\"og:type\" content=\"article\" \/>\n<meta property=\"og:title\" content=\"Pixelmator Pro: recensione software grafica design - Accurate Reviews\" \/>\n<meta property=\"og:description\" content=\"Pixelmator Pro: recensione soluzione di grafica design\u00a0sviluppato per prodotti\u00a0Apple\u00a0per aiutare a regolare, modificare e migliorare le immagini.\" \/>\n<meta property=\"og:url\" content=\"https:\/\/www.accuratereviews.com\/it\/programmi-grafica-design\/pixelmator-pro-recensione\/\" \/>\n<meta property=\"og:site_name\" content=\"Accurate Reviews\" \/>\n<meta property=\"og:image\" content=\"https:\/\/www.accuratereviews.com\/wp-content\/uploads\/2021\/11\/pixelmatorpro_0795x0500.png\" \/>\n\t<meta property=\"og:image:width\" content=\"795\" \/>\n\t<meta property=\"og:image:height\" content=\"500\" \/>\n\t<meta property=\"og:image:type\" content=\"image\/png\" \/>\n<meta name=\"twitter:card\" content=\"summary_large_image\" \/>\n<meta name=\"twitter:label1\" content=\"Tempo di lettura stimato\" \/>\n\t<meta name=\"twitter:data1\" content=\"3 minuti\" \/>\n<script type=\"application\/ld+json\" class=\"yoast-schema-graph\">{\"@context\":\"https:\\\/\\\/schema.org\",\"@graph\":[{\"@type\":\"WebPage\",\"@id\":\"https:\\\/\\\/www.accuratereviews.com\\\/it\\\/programmi-grafica-design\\\/pixelmator-pro-recensione\\\/\",\"url\":\"https:\\\/\\\/www.accuratereviews.com\\\/it\\\/programmi-grafica-design\\\/pixelmator-pro-recensione\\\/\",\"name\":\"Pixelmator Pro: recensione software grafica design - Accurate Reviews\",\"isPartOf\":{\"@id\":\"https:\\\/\\\/www.accuratereviews.com\\\/it\\\/#website\"},\"primaryImageOfPage\":{\"@id\":\"https:\\\/\\\/www.accuratereviews.com\\\/it\\\/programmi-grafica-design\\\/pixelmator-pro-recensione\\\/#primaryimage\"},\"image\":{\"@id\":\"https:\\\/\\\/www.accuratereviews.com\\\/it\\\/programmi-grafica-design\\\/pixelmator-pro-recensione\\\/#primaryimage\"},\"thumbnailUrl\":\"https:\\\/\\\/www.accuratereviews.com\\\/wp-content\\\/uploads\\\/2021\\\/11\\\/pixelmatorpro_0795x0500.png\",\"datePublished\":\"2021-11-30T11:55:58+00:00\",\"description\":\"Pixelmator Pro: recensione soluzione di grafica design\u00a0sviluppato per prodotti\u00a0Apple\u00a0per aiutare a regolare, modificare e migliorare le immagini.\",\"breadcrumb\":{\"@id\":\"https:\\\/\\\/www.accuratereviews.com\\\/it\\\/programmi-grafica-design\\\/pixelmator-pro-recensione\\\/#breadcrumb\"},\"inLanguage\":\"it-IT\",\"potentialAction\":[{\"@type\":\"ReadAction\",\"target\":[\"https:\\\/\\\/www.accuratereviews.com\\\/it\\\/programmi-grafica-design\\\/pixelmator-pro-recensione\\\/\"]}]},{\"@type\":\"ImageObject\",\"inLanguage\":\"it-IT\",\"@id\":\"https:\\\/\\\/www.accuratereviews.com\\\/it\\\/programmi-grafica-design\\\/pixelmator-pro-recensione\\\/#primaryimage\",\"url\":\"https:\\\/\\\/www.accuratereviews.com\\\/wp-content\\\/uploads\\\/2021\\\/11\\\/pixelmatorpro_0795x0500.png\",\"contentUrl\":\"https:\\\/\\\/www.accuratereviews.com\\\/wp-content\\\/uploads\\\/2021\\\/11\\\/pixelmatorpro_0795x0500.png\",\"width\":795,\"height\":500},{\"@type\":\"BreadcrumbList\",\"@id\":\"https:\\\/\\\/www.accuratereviews.com\\\/it\\\/programmi-grafica-design\\\/pixelmator-pro-recensione\\\/#breadcrumb\",\"itemListElement\":[{\"@type\":\"ListItem\",\"position\":1,\"name\":\"Home\",\"item\":\"https:\\\/\\\/www.accuratereviews.com\\\/it\\\/\"},{\"@type\":\"ListItem\",\"position\":2,\"name\":\"Programmi grafica design\",\"item\":\"https:\\\/\\\/www.accuratereviews.com\\\/it\\\/programmi-grafica-design\\\/\"},{\"@type\":\"ListItem\",\"position\":3,\"name\":\"Pixelmator Pro\"}]},{\"@type\":\"WebSite\",\"@id\":\"https:\\\/\\\/www.accuratereviews.com\\\/it\\\/#website\",\"url\":\"https:\\\/\\\/www.accuratereviews.com\\\/it\\\/\",\"name\":\"Accurate Reviews\",\"description\":\"\",\"potentialAction\":[{\"@type\":\"SearchAction\",\"target\":{\"@type\":\"EntryPoint\",\"urlTemplate\":\"https:\\\/\\\/www.accuratereviews.com\\\/it\\\/?s={search_term_string}\"},\"query-input\":{\"@type\":\"PropertyValueSpecification\",\"valueRequired\":true,\"valueName\":\"search_term_string\"}}],\"inLanguage\":\"it-IT\"}]}<\/script>\n<!-- \/ Yoast SEO plugin. -->","yoast_head_json":{"title":"Pixelmator Pro: recensione software grafica design - Accurate Reviews","description":"Pixelmator Pro: recensione soluzione di grafica design\u00a0sviluppato per prodotti\u00a0Apple\u00a0per aiutare a regolare, modificare e migliorare le immagini.","robots":{"index":"index","follow":"follow","max-snippet":"max-snippet:-1","max-image-preview":"max-image-preview:large","max-video-preview":"max-video-preview:-1"},"canonical":"https:\/\/www.accuratereviews.com\/it\/programmi-grafica-design\/pixelmator-pro-recensione\/","og_locale":"it_IT","og_type":"article","og_title":"Pixelmator Pro: recensione software grafica design - Accurate Reviews","og_description":"Pixelmator Pro: recensione soluzione di grafica design\u00a0sviluppato per prodotti\u00a0Apple\u00a0per aiutare a regolare, modificare e migliorare le immagini.","og_url":"https:\/\/www.accuratereviews.com\/it\/programmi-grafica-design\/pixelmator-pro-recensione\/","og_site_name":"Accurate Reviews","og_image":[{"width":795,"height":500,"url":"https:\/\/www.accuratereviews.com\/wp-content\/uploads\/2021\/11\/pixelmatorpro_0795x0500.png","type":"image\/png"}],"twitter_card":"summary_large_image","twitter_misc":{"Tempo di lettura stimato":"3 minuti"},"schema":{"@context":"https:\/\/schema.org","@graph":[{"@type":"WebPage","@id":"https:\/\/www.accuratereviews.com\/it\/programmi-grafica-design\/pixelmator-pro-recensione\/","url":"https:\/\/www.accuratereviews.com\/it\/programmi-grafica-design\/pixelmator-pro-recensione\/","name":"Pixelmator Pro: recensione software grafica design - Accurate Reviews","isPartOf":{"@id":"https:\/\/www.accuratereviews.com\/it\/#website"},"primaryImageOfPage":{"@id":"https:\/\/www.accuratereviews.com\/it\/programmi-grafica-design\/pixelmator-pro-recensione\/#primaryimage"},"image":{"@id":"https:\/\/www.accuratereviews.com\/it\/programmi-grafica-design\/pixelmator-pro-recensione\/#primaryimage"},"thumbnailUrl":"https:\/\/www.accuratereviews.com\/wp-content\/uploads\/2021\/11\/pixelmatorpro_0795x0500.png","datePublished":"2021-11-30T11:55:58+00:00","description":"Pixelmator Pro: recensione soluzione di grafica design\u00a0sviluppato per prodotti\u00a0Apple\u00a0per aiutare a regolare, modificare e migliorare le immagini.","breadcrumb":{"@id":"https:\/\/www.accuratereviews.com\/it\/programmi-grafica-design\/pixelmator-pro-recensione\/#breadcrumb"},"inLanguage":"it-IT","potentialAction":[{"@type":"ReadAction","target":["https:\/\/www.accuratereviews.com\/it\/programmi-grafica-design\/pixelmator-pro-recensione\/"]}]},{"@type":"ImageObject","inLanguage":"it-IT","@id":"https:\/\/www.accuratereviews.com\/it\/programmi-grafica-design\/pixelmator-pro-recensione\/#primaryimage","url":"https:\/\/www.accuratereviews.com\/wp-content\/uploads\/2021\/11\/pixelmatorpro_0795x0500.png","contentUrl":"https:\/\/www.accuratereviews.com\/wp-content\/uploads\/2021\/11\/pixelmatorpro_0795x0500.png","width":795,"height":500},{"@type":"BreadcrumbList","@id":"https:\/\/www.accuratereviews.com\/it\/programmi-grafica-design\/pixelmator-pro-recensione\/#breadcrumb","itemListElement":[{"@type":"ListItem","position":1,"name":"Home","item":"https:\/\/www.accuratereviews.com\/it\/"},{"@type":"ListItem","position":2,"name":"Programmi grafica design","item":"https:\/\/www.accuratereviews.com\/it\/programmi-grafica-design\/"},{"@type":"ListItem","position":3,"name":"Pixelmator Pro"}]},{"@type":"WebSite","@id":"https:\/\/www.accuratereviews.com\/it\/#website","url":"https:\/\/www.accuratereviews.com\/it\/","name":"Accurate Reviews","description":"","potentialAction":[{"@type":"SearchAction","target":{"@type":"EntryPoint","urlTemplate":"https:\/\/www.accuratereviews.com\/it\/?s={search_term_string}"},"query-input":{"@type":"PropertyValueSpecification","valueRequired":true,"valueName":"search_term_string"}}],"inLanguage":"it-IT"}]}},"_links":{"self":[{"href":"https:\/\/www.accuratereviews.com\/it\/wp-json\/wp\/v2\/pages\/50631","targetHints":{"allow":["GET"]}}],"collection":[{"href":"https:\/\/www.accuratereviews.com\/it\/wp-json\/wp\/v2\/pages"}],"about":[{"href":"https:\/\/www.accuratereviews.com\/it\/wp-json\/wp\/v2\/types\/page"}],"author":[{"embeddable":true,"href":"https:\/\/www.accuratereviews.com\/it\/wp-json\/wp\/v2\/users\/16"}],"replies":[{"embeddable":true,"href":"https:\/\/www.accuratereviews.com\/it\/wp-json\/wp\/v2\/comments?post=50631"}],"version-history":[{"count":12,"href":"https:\/\/www.accuratereviews.com\/it\/wp-json\/wp\/v2\/pages\/50631\/revisions"}],"predecessor-version":[{"id":50678,"href":"https:\/\/www.accuratereviews.com\/it\/wp-json\/wp\/v2\/pages\/50631\/revisions\/50678"}],"up":[{"embeddable":true,"href":"https:\/\/www.accuratereviews.com\/it\/wp-json\/wp\/v2\/pages\/49827"}],"wp:featuredmedia":[{"embeddable":true,"href":"https:\/\/www.accuratereviews.com\/it\/wp-json\/wp\/v2\/media\/50638"}],"wp:attachment":[{"href":"https:\/\/www.accuratereviews.com\/it\/wp-json\/wp\/v2\/media?parent=50631"}],"wp:term":[{"taxonomy":"category","embeddable":true,"href":"https:\/\/www.accuratereviews.com\/it\/wp-json\/wp\/v2\/categories?post=50631"},{"taxonomy":"post_tag","embeddable":true,"href":"https:\/\/www.accuratereviews.com\/it\/wp-json\/wp\/v2\/tags?post=50631"},{"taxonomy":"features","embeddable":true,"href":"https:\/\/www.accuratereviews.com\/it\/wp-json\/wp\/v2\/features?post=50631"}],"curies":[{"name":"wp","href":"https:\/\/api.w.org\/{rel}","templated":true}]}}