{"id":50697,"date":"2021-12-01T13:51:19","date_gmt":"2021-12-01T13:51:19","guid":{"rendered":"https:\/\/www.accuratereviews.com\/?page_id=50697"},"modified":"2021-12-01T13:51:19","modified_gmt":"2021-12-01T13:51:19","slug":"fotojet-recensione","status":"publish","type":"page","link":"https:\/\/www.accuratereviews.com\/it\/programmi-grafica-design\/fotojet-recensione\/","title":{"rendered":"FotoJet"},"content":{"rendered":"<p><strong>FotoJet<\/strong> \u00e8 una<strong> soluzione di fotoritocco<\/strong> online che aiuta i grafici a creare collage di foto e design utilizzando vari modelli e layout. La piattaforma offre tutorial e suggerimenti per creare biglietti di ringraziamento, ispirazione per la progettazione grafica, inviti per baby shower, design di volantini, inviti di nozze unici e design di poster.\u00a0I team che utilizzano <strong>FotoJet<\/strong> possono creare una variet\u00e0 di collage di foto come fotomontaggi, collage di famiglia e compleanni. L&#8217;applicazione vanta una vasta gamma di modelli tra cui volantini, copertine di Facebook, banner di YouTube, poster, cartoline e inviti. Offre anche molteplici funzioni di fotoritocco, come spostamento dei titoli, rotazione, capovolgimento, cornici per foto, sovrapposizioni, schizzi di colore e vignette.<\/p>\n<h2><strong>FOTOJET &#8211; TUTORIAL<\/strong><\/h2>\n<p>Ecco un tutorial che mostra i modelli a disposizione su questo <strong>software di grafica design<\/strong>:<\/p>\n<div id=\"fluid-wrapper-counter-1\" class=\"g1-fluid-wrapper \" style=\"width:686px;\">\n<div style=\"padding-bottom:56.268221574344%;\"><iframe loading=\"lazy\" title=\"Fotojet Overview\" width=\"515\" height=\"386\" src=\"https:\/\/www.youtube.com\/embed\/We0lUWfhQ1E?feature=oembed&amp;wmode=transparent&amp;autohide=1&amp;autoplay=0&amp;disablekb=0&amp;fs=1&amp;loop=0&amp;enablejsapi=1&amp;rel=0&amp;controls=2&amp;showinfo=0&amp;wmode=transparent&amp;autohide=2&amp;autoplay=0&amp;disablekb=0&amp;fs=1&amp;loop=0&amp;enablejsapi=1&amp;rel=0&amp;controls=2&amp;showinfo=1\" frameborder=\"0\" allow=\"accelerometer; autoplay; clipboard-write; encrypted-media; gyroscope; picture-in-picture\" allowfullscreen><\/iframe><\/div>\n<\/div>\n<h3><strong>FOTOJET &#8211; CARATTERISTICHE<\/strong><\/h3>\n<ul>\n<li><strong>Modelli<\/strong>: il software fornisce modelli professionali di grafica per social media, poster, volantini, banner e biglietti da visita. Sono tutti flessibili da usare e facili da personalizzare<\/li>\n<li><strong>Aggiungi testo<\/strong>: ci sono pi\u00f9 di 80 caratteri e pi\u00f9 di 15 campioni di testo tra cui scegliere. Cambia liberamente carattere, dimensione, colore, stile ed effetto per ottenere il risultato eccezionale che ogni designer sta cercando<\/li>\n<li><strong>80+ forme<\/strong>: \u00e8\u00a0possibile aggiungere e modificare a piacimento una raccolta di forme tra cui linee, forme solide e forme delineate<\/li>\n<li><strong>Aggiungi foto<\/strong>: usa foto da un computer, Facebook o foto d&#8217;archivio. Regolare le dimensioni, il colore e applicare gli effetti per evidenziare le tue foto non potrebbe essere pi\u00f9 semplice<\/li>\n<li><strong>Immagini clipart infinite<\/strong>: centinaia di immagini clipart creative sono le aggiunte perfette ai tuoi progetti in categorie che includono amore, celebrazione, stile di vita, vacanze e molto altro<\/li>\n<li><strong>20+ sfondi<\/strong>: imposta gli sfondi per i tuoi progetti con oltre 20 immagini di sfondo artistico che migliorano l&#8217;aspetto dei tuoi progetti in modi straordinari<\/li>\n<li><strong>Pratici strumenti di modifica<\/strong>: offre tutti gli strumenti di editing di cui un designer ha bisogno. Ritaglia, ruota, ridimensiona, duplica, annulla\/ripeti sono tutti l\u00ec, permettendoti di modificare facilmente i tuoi progetti<\/li>\n<li><strong>Salva, condividi o stampa<\/strong>: salvare il tuo design come immagine o condividerlo tramite i social media \u00e8 a portata di clic. Puoi anche stamparlo direttamente online.<\/li>\n<\/ul>\n<h4>LE RECENSIONI DEGLI UTENTI<\/h4>\n<p class=\"font-weight-bold mb-2\"><strong>Karen A.&#8221;Piccole imprese che utilizzano FotoJet per i contenuti dei social media&#8221;<\/strong><\/p>\n<p><span class=\"font-weight-bold\"><strong>Commenti<\/strong>: <\/span>Mi piace FotoJet e rinnover\u00f2 per il 2021. Usiamo la versione premium ed \u00e8 un ottimo rapporto qualit\u00e0-prezzo.<\/p>\n<p class=\"font-weight-bold mb-2\"><strong>Pro<\/strong>:\u00a0Essendo una piccola impresa, FotoJet \u00e8 il nostro punto di riferimento per la creazione di immagini per i contenuti dei social media. Facile da usare e include alcuni fantastici progetti iniziali.<\/p>\n<p class=\"font-weight-bold mb-2\"><strong>Contro<\/strong>:\u00a0Risparmiare lavoro \u00e8 complicato. Non ho trovato un modo per salvare pi\u00f9 file con solo piccole modifiche. Questo sarebbe un grande aiuto.<\/p>\n<p class=\"font-weight-bold mb-2\"><strong>Manase M.&#8221;Se sei un principiante nella progettazione grafica, allora \u00e8 meglio che inizi con FOTOJET.&#8221;<\/strong><\/p>\n<div class=\"i18n-translation_container pt-4 py-3 py-md-5 review-card border-bottom border-primary i18n-translation_translated\" data-translation-id=\"2493124\" data-translation-target=\"original\" data-container-view=\"ca-review\">\n<div class=\"container\">\n<div class=\"row\">\n<div class=\"col-lg-7\">\n<p><span class=\"font-weight-bold\"><strong>Commenti<\/strong>: <\/span>\u00c8 un ottimo software che ha svolto la maggior parte del mio lavoro per i clienti che hanno bisogno di banner e volantini di YouTube.<\/p>\n<p class=\"font-weight-bold mb-2\"><strong>Pro<\/strong>:\u00a0Questo \u00e8 il software di progettazione grafica digitale pi\u00f9 utilizzato. I modelli anche nella prova gratuita sono adorabili. Porta a termine il lavoro con risultati professionali.<\/p>\n<p class=\"font-weight-bold mb-2\"><strong>Contro<\/strong>:\u00a0Onestamente non mi sono piaciute le limitazioni a quanto puoi modificare i disegni dei testi.<\/p>\n<p class=\"font-weight-bold mb-2\"><strong>Dani A.&#8221;FotoJet meglio di Photoshop&#8221;<\/strong><\/p>\n<p class=\"font-weight-bold mb-2\"><strong>Pro<\/strong>:\u00a0Adoro davvero questo software, molto fluido e molto facile da usare e i risultati sono sorprendenti&#8230; la migliore qualit\u00e0&#8230; lo consiglio davvero a tutti.<\/p>\n<p class=\"font-weight-bold mb-2\"><strong>Contro<\/strong>:\u00a0La cosa migliore \u00e8 la cassetta degli attrezzi..molto facile per chi vuole modificare le foto molto velocemente e con la migliore qualit\u00e0.<\/p>\n<\/div>\n<\/div>\n<\/div>\n<\/div>\n","protected":false},"excerpt":{"rendered":"<p>FotoJet \u00e8 una soluzione di fotoritocco online che aiuta i grafici a creare collage di foto e design utilizzando vari modelli e layout. La piattaforma offre tutorial e suggerimenti per creare biglietti di ringraziamento, ispirazione per la progettazione grafica, inviti per baby shower, design di volantini, inviti di nozze unici e design di poster.\u00a0<\/p>\n","protected":false},"author":16,"featured_media":50698,"parent":49827,"menu_order":0,"comment_status":"open","ping_status":"closed","template":"g1_template_page_review_new.php","meta":{"_acf_changed":false,"cwp_meta_box_check":"No","cwp_rev_product_name":"","cwp_rev_product_image":"","wppr_links":[],"cwp_rev_price":"","wppr_options":[],"wppr_pros":[],"wppr_cons":[],"_monsterinsights_skip_tracking":false,"_monsterinsights_sitenote_active":false,"_monsterinsights_sitenote_note":"","_monsterinsights_sitenote_category":0,"footnotes":""},"categories":[11404],"tags":[11611,11407,11610,11408,11406,11405],"features":[],"class_list":{"0":"post-50697","1":"page","2":"type-page","3":"status-publish","4":"has-post-thumbnail","6":"category-programmi-grafica-design-cat","7":"tag-fotojet","8":"tag-grafica-design","9":"tag-piattaforma-grafica-desig","10":"tag-programma-grafica-design","11":"tag-software-grafica-design","12":"tag-soluzione-grafica-design"},"wppr_data":{"cwp_meta_box_check":"No"},"acf":[],"yoast_head":"<!-- This site is optimized with the Yoast SEO plugin v26.0 - https:\/\/yoast.com\/wordpress\/plugins\/seo\/ -->\n<title>FotoJet: recensione software grafica design - Accurate Reviews<\/title>\n<meta name=\"description\" content=\"FotoJet: recensione soluzione di fotoritocco online che aiuta i grafici a creare collage di foto e design utilizzando vari modelli e layout.\" \/>\n<meta name=\"robots\" content=\"index, follow, max-snippet:-1, max-image-preview:large, max-video-preview:-1\" \/>\n<link rel=\"canonical\" href=\"https:\/\/www.accuratereviews.com\/it\/programmi-grafica-design\/fotojet-recensione\/\" \/>\n<meta property=\"og:locale\" content=\"it_IT\" \/>\n<meta property=\"og:type\" content=\"article\" \/>\n<meta property=\"og:title\" content=\"FotoJet: recensione software grafica design - Accurate Reviews\" \/>\n<meta property=\"og:description\" content=\"FotoJet: recensione soluzione di fotoritocco online che aiuta i grafici a creare collage di foto e design utilizzando vari modelli e layout.\" \/>\n<meta property=\"og:url\" content=\"https:\/\/www.accuratereviews.com\/it\/programmi-grafica-design\/fotojet-recensione\/\" \/>\n<meta property=\"og:site_name\" content=\"Accurate Reviews\" \/>\n<meta property=\"og:image\" content=\"https:\/\/www.accuratereviews.com\/wp-content\/uploads\/2021\/12\/fotojet.png\" \/>\n\t<meta property=\"og:image:width\" content=\"700\" \/>\n\t<meta property=\"og:image:height\" content=\"372\" \/>\n\t<meta property=\"og:image:type\" content=\"image\/png\" \/>\n<meta name=\"twitter:card\" content=\"summary_large_image\" \/>\n<meta name=\"twitter:label1\" content=\"Tempo di lettura stimato\" \/>\n\t<meta name=\"twitter:data1\" content=\"3 minuti\" \/>\n<script type=\"application\/ld+json\" class=\"yoast-schema-graph\">{\"@context\":\"https:\/\/schema.org\",\"@graph\":[{\"@type\":\"WebPage\",\"@id\":\"https:\/\/www.accuratereviews.com\/it\/programmi-grafica-design\/fotojet-recensione\/\",\"url\":\"https:\/\/www.accuratereviews.com\/it\/programmi-grafica-design\/fotojet-recensione\/\",\"name\":\"FotoJet: recensione software grafica design - Accurate Reviews\",\"isPartOf\":{\"@id\":\"https:\/\/www.accuratereviews.com\/it\/#website\"},\"primaryImageOfPage\":{\"@id\":\"https:\/\/www.accuratereviews.com\/it\/programmi-grafica-design\/fotojet-recensione\/#primaryimage\"},\"image\":{\"@id\":\"https:\/\/www.accuratereviews.com\/it\/programmi-grafica-design\/fotojet-recensione\/#primaryimage\"},\"thumbnailUrl\":\"https:\/\/www.accuratereviews.com\/wp-content\/uploads\/2021\/12\/fotojet.png\",\"datePublished\":\"2021-12-01T13:51:19+00:00\",\"description\":\"FotoJet: recensione soluzione di fotoritocco online che aiuta i grafici a creare collage di foto e design utilizzando vari modelli e layout.\",\"breadcrumb\":{\"@id\":\"https:\/\/www.accuratereviews.com\/it\/programmi-grafica-design\/fotojet-recensione\/#breadcrumb\"},\"inLanguage\":\"it-IT\",\"potentialAction\":[{\"@type\":\"ReadAction\",\"target\":[\"https:\/\/www.accuratereviews.com\/it\/programmi-grafica-design\/fotojet-recensione\/\"]}]},{\"@type\":\"ImageObject\",\"inLanguage\":\"it-IT\",\"@id\":\"https:\/\/www.accuratereviews.com\/it\/programmi-grafica-design\/fotojet-recensione\/#primaryimage\",\"url\":\"https:\/\/www.accuratereviews.com\/wp-content\/uploads\/2021\/12\/fotojet.png\",\"contentUrl\":\"https:\/\/www.accuratereviews.com\/wp-content\/uploads\/2021\/12\/fotojet.png\",\"width\":700,\"height\":372},{\"@type\":\"BreadcrumbList\",\"@id\":\"https:\/\/www.accuratereviews.com\/it\/programmi-grafica-design\/fotojet-recensione\/#breadcrumb\",\"itemListElement\":[{\"@type\":\"ListItem\",\"position\":1,\"name\":\"Home\",\"item\":\"https:\/\/www.accuratereviews.com\/it\/\"},{\"@type\":\"ListItem\",\"position\":2,\"name\":\"Programmi grafica design\",\"item\":\"https:\/\/www.accuratereviews.com\/it\/programmi-grafica-design\/\"},{\"@type\":\"ListItem\",\"position\":3,\"name\":\"FotoJet\"}]},{\"@type\":\"WebSite\",\"@id\":\"https:\/\/www.accuratereviews.com\/it\/#website\",\"url\":\"https:\/\/www.accuratereviews.com\/it\/\",\"name\":\"Accurate Reviews\",\"description\":\"\",\"potentialAction\":[{\"@type\":\"SearchAction\",\"target\":{\"@type\":\"EntryPoint\",\"urlTemplate\":\"https:\/\/www.accuratereviews.com\/it\/?s={search_term_string}\"},\"query-input\":{\"@type\":\"PropertyValueSpecification\",\"valueRequired\":true,\"valueName\":\"search_term_string\"}}],\"inLanguage\":\"it-IT\"}]}<\/script>\n<!-- \/ Yoast SEO plugin. -->","yoast_head_json":{"title":"FotoJet: recensione software grafica design - Accurate Reviews","description":"FotoJet: recensione soluzione di fotoritocco online che aiuta i grafici a creare collage di foto e design utilizzando vari modelli e layout.","robots":{"index":"index","follow":"follow","max-snippet":"max-snippet:-1","max-image-preview":"max-image-preview:large","max-video-preview":"max-video-preview:-1"},"canonical":"https:\/\/www.accuratereviews.com\/it\/programmi-grafica-design\/fotojet-recensione\/","og_locale":"it_IT","og_type":"article","og_title":"FotoJet: recensione software grafica design - Accurate Reviews","og_description":"FotoJet: recensione soluzione di fotoritocco online che aiuta i grafici a creare collage di foto e design utilizzando vari modelli e layout.","og_url":"https:\/\/www.accuratereviews.com\/it\/programmi-grafica-design\/fotojet-recensione\/","og_site_name":"Accurate Reviews","og_image":[{"width":700,"height":372,"url":"https:\/\/www.accuratereviews.com\/wp-content\/uploads\/2021\/12\/fotojet.png","type":"image\/png"}],"twitter_card":"summary_large_image","twitter_misc":{"Tempo di lettura stimato":"3 minuti"},"schema":{"@context":"https:\/\/schema.org","@graph":[{"@type":"WebPage","@id":"https:\/\/www.accuratereviews.com\/it\/programmi-grafica-design\/fotojet-recensione\/","url":"https:\/\/www.accuratereviews.com\/it\/programmi-grafica-design\/fotojet-recensione\/","name":"FotoJet: recensione software grafica design - Accurate Reviews","isPartOf":{"@id":"https:\/\/www.accuratereviews.com\/it\/#website"},"primaryImageOfPage":{"@id":"https:\/\/www.accuratereviews.com\/it\/programmi-grafica-design\/fotojet-recensione\/#primaryimage"},"image":{"@id":"https:\/\/www.accuratereviews.com\/it\/programmi-grafica-design\/fotojet-recensione\/#primaryimage"},"thumbnailUrl":"https:\/\/www.accuratereviews.com\/wp-content\/uploads\/2021\/12\/fotojet.png","datePublished":"2021-12-01T13:51:19+00:00","description":"FotoJet: recensione soluzione di fotoritocco online che aiuta i grafici a creare collage di foto e design utilizzando vari modelli e layout.","breadcrumb":{"@id":"https:\/\/www.accuratereviews.com\/it\/programmi-grafica-design\/fotojet-recensione\/#breadcrumb"},"inLanguage":"it-IT","potentialAction":[{"@type":"ReadAction","target":["https:\/\/www.accuratereviews.com\/it\/programmi-grafica-design\/fotojet-recensione\/"]}]},{"@type":"ImageObject","inLanguage":"it-IT","@id":"https:\/\/www.accuratereviews.com\/it\/programmi-grafica-design\/fotojet-recensione\/#primaryimage","url":"https:\/\/www.accuratereviews.com\/wp-content\/uploads\/2021\/12\/fotojet.png","contentUrl":"https:\/\/www.accuratereviews.com\/wp-content\/uploads\/2021\/12\/fotojet.png","width":700,"height":372},{"@type":"BreadcrumbList","@id":"https:\/\/www.accuratereviews.com\/it\/programmi-grafica-design\/fotojet-recensione\/#breadcrumb","itemListElement":[{"@type":"ListItem","position":1,"name":"Home","item":"https:\/\/www.accuratereviews.com\/it\/"},{"@type":"ListItem","position":2,"name":"Programmi grafica design","item":"https:\/\/www.accuratereviews.com\/it\/programmi-grafica-design\/"},{"@type":"ListItem","position":3,"name":"FotoJet"}]},{"@type":"WebSite","@id":"https:\/\/www.accuratereviews.com\/it\/#website","url":"https:\/\/www.accuratereviews.com\/it\/","name":"Accurate Reviews","description":"","potentialAction":[{"@type":"SearchAction","target":{"@type":"EntryPoint","urlTemplate":"https:\/\/www.accuratereviews.com\/it\/?s={search_term_string}"},"query-input":{"@type":"PropertyValueSpecification","valueRequired":true,"valueName":"search_term_string"}}],"inLanguage":"it-IT"}]}},"_links":{"self":[{"href":"https:\/\/www.accuratereviews.com\/it\/wp-json\/wp\/v2\/pages\/50697","targetHints":{"allow":["GET"]}}],"collection":[{"href":"https:\/\/www.accuratereviews.com\/it\/wp-json\/wp\/v2\/pages"}],"about":[{"href":"https:\/\/www.accuratereviews.com\/it\/wp-json\/wp\/v2\/types\/page"}],"author":[{"embeddable":true,"href":"https:\/\/www.accuratereviews.com\/it\/wp-json\/wp\/v2\/users\/16"}],"replies":[{"embeddable":true,"href":"https:\/\/www.accuratereviews.com\/it\/wp-json\/wp\/v2\/comments?post=50697"}],"version-history":[{"count":6,"href":"https:\/\/www.accuratereviews.com\/it\/wp-json\/wp\/v2\/pages\/50697\/revisions"}],"predecessor-version":[{"id":50785,"href":"https:\/\/www.accuratereviews.com\/it\/wp-json\/wp\/v2\/pages\/50697\/revisions\/50785"}],"up":[{"embeddable":true,"href":"https:\/\/www.accuratereviews.com\/it\/wp-json\/wp\/v2\/pages\/49827"}],"wp:featuredmedia":[{"embeddable":true,"href":"https:\/\/www.accuratereviews.com\/it\/wp-json\/wp\/v2\/media\/50698"}],"wp:attachment":[{"href":"https:\/\/www.accuratereviews.com\/it\/wp-json\/wp\/v2\/media?parent=50697"}],"wp:term":[{"taxonomy":"category","embeddable":true,"href":"https:\/\/www.accuratereviews.com\/it\/wp-json\/wp\/v2\/categories?post=50697"},{"taxonomy":"post_tag","embeddable":true,"href":"https:\/\/www.accuratereviews.com\/it\/wp-json\/wp\/v2\/tags?post=50697"},{"taxonomy":"features","embeddable":true,"href":"https:\/\/www.accuratereviews.com\/it\/wp-json\/wp\/v2\/features?post=50697"}],"curies":[{"name":"wp","href":"https:\/\/api.w.org\/{rel}","templated":true}]}}