{"id":50711,"date":"2021-12-01T13:43:42","date_gmt":"2021-12-01T13:43:42","guid":{"rendered":"https:\/\/www.accuratereviews.com\/?page_id=50711"},"modified":"2021-12-01T13:44:39","modified_gmt":"2021-12-01T13:44:39","slug":"procreate-recensione","status":"publish","type":"page","link":"https:\/\/www.accuratereviews.com\/it\/programmi-grafica-design\/procreate-recensione\/","title":{"rendered":"Procreate"},"content":{"rendered":"<p><strong>Procreate<\/strong> \u00e8 un <strong>software di progettazione grafica<\/strong> che fornisce ai professionisti strumenti creativi per progettare schizzi, dipinti e illustrazioni digitali su una piattaforma centralizzata. Gli artisti possono creare nuovi pennelli o utilizzare la libreria incorporata per personalizzare trame, compressione ed effetti in base alle esigenze. Con la funzionalit\u00e0 <strong>colordrop,<\/strong> i designer possono riempire colori specifici sulla tela utilizzando l&#8217;interfaccia drag-and-drop. I professionisti possono importare pi\u00f9 caratteri sulla piattaforma, aggiungere tipografie alle opere d&#8217;arte, regolare i filtri di pittura e includere vari effetti, come sfocatura realistica, sfumatura, aberrazioni cromatiche e altro ancora. Consente inoltre agli utenti di modificare le immagini, ruotarle e distorcerle. Fornisce anche uno strumento di animazione assistita, che permette ai professionisti creativi di registrare ogni tratto sotto forma di time-lapse.<\/p>\n<h2>PROCREATE &#8211; TUTORIAL<\/h2>\n<p>Vediamo come disegnare sul propio dispositivo con questo <strong>software di grafica design:<\/strong><\/p>\n<div id=\"fluid-wrapper-counter-1\" class=\"g1-fluid-wrapper \" style=\"width:686px;\">\n<div style=\"padding-bottom:56.268221574344%;\"><iframe loading=\"lazy\" title=\"PROCREATE TUTORIAL #01 - La GUIDA COMPLETA e DEFINITIVA\" width=\"686\" height=\"386\" src=\"https:\/\/www.youtube.com\/embed\/2kgDHLQLeEs?feature=oembed&amp;wmode=transparent&amp;autohide=1&amp;autoplay=0&amp;disablekb=0&amp;fs=1&amp;loop=0&amp;enablejsapi=1&amp;rel=0&amp;controls=2&amp;showinfo=0&amp;wmode=transparent&amp;autohide=2&amp;autoplay=0&amp;disablekb=0&amp;fs=1&amp;loop=0&amp;enablejsapi=1&amp;rel=0&amp;controls=2&amp;showinfo=1\" frameborder=\"0\" allow=\"accelerometer; autoplay; clipboard-write; encrypted-media; gyroscope; picture-in-picture\" allowfullscreen><\/iframe><\/div>\n<\/div>\n<h3>PROCREATE &#8211; CARATTERISTICHE<\/h3>\n<ul>\n<li><strong>Armonia di colori:<\/strong> l&#8217;interfaccia intuitiva rende la scelta dei colori complementari cos\u00ec semplice, che il processo di esplorazione del tuo prossimo colore sar\u00e0 facile e divertente<\/li>\n<li><strong>Motore Valkyrie<\/strong>: il Motore Valkyrie sfrutta appieno l&#8217;architettura Metal di Apple ed \u00e8 progettato per ottenere le migliori prestazioni dall&#8217;iPad<\/li>\n<li><strong>Prestazioni a 120hz<\/strong>: crea vernici alla velocit\u00e0 incredibile di 120 fps sui dispositivi supportati, sfruttando appieno la tecnologia ProMotion di Apple<\/li>\n<li><strong>QuickShape<\/strong>: ottieni la forma perfetta con questa caratteristica rivoluzionaria. Disegna semplicemente la forma che desideri, tieni premuto e lascia che il programma faccia il resto<\/li>\n<li><strong>ColoreGoccia<\/strong>: scegli qualsiasi colore e trascinalo sulla tela per riempire un&#8217;area. Soglia di controllo con un solo gesto. Riempire con ColorDrop \u00e8 davvero facile<\/li>\n<li><strong>Controllo completo dei caratteri<\/strong>: aggiungi una splendida tipografia alla tua opera d&#8217;arte con potenti regolazioni del tipo ridimensiona, distorci o colora per ottenere il design perfetto. Importa i tuoi font preferiti<\/li>\n<li><strong>Dipingi con i filtri<\/strong>: filtri a matita, il prossimo passo in avanti per i professionisti creativi. Dipingi con i filtri direttamente sulla tua tela, quindi regolali per un controllo maggiore<\/li>\n<li><strong>Condividi le tue creazioni<\/strong>: esporta la tua arte come file .procreate nativo a livelli, PSD, TIFF, PNG trasparente, PDF multipagina, JPEG pronto per il web, OBJ, USDZ e GIF animate, PNG e MP4<\/li>\n<\/ul>\n<h4>LE RECENSIONI DEGLI UTENTI<\/h4>\n<p><strong>Pedro G.&#8221;Programma di disegno economico, efficiente e buono&#8221;<\/strong><\/p>\n<p><span class=\"font-weight-bold\"><strong>Commenti<\/strong>: <\/span>nel complesso sono felice di aver acquistato questa applicazione, la uso ogni giorno per diverse attivit\u00e0 perch\u00e9 puoi fare qualsiasi cosa, dal design grafico, fashion design, prendere appunti sui disegni architettonici, in conclusione lo adoro.<\/p>\n<p class=\"font-weight-bold mb-2\"><strong>Pro<\/strong>:\u00a0Procreate \u00e8 una delle migliori applicazioni di disegno disponibili per dispositivi IOS, \u00e8 un&#8217;applicazione molto intuitiva che puoi imparare praticando poche ore. Ha molti pennelli, lavora con i livelli e una funzione di esportazione in qualsiasi formato.<\/p>\n<p class=\"font-weight-bold mb-2\"><strong>Contro<\/strong>: l&#8217;unica cosa negativa \u00e8 che devi acquistare una Apple Pencil o qualsiasi altra alternativa, perch\u00e9 senza di essa \u00e8 molto difficile da usare.<\/p>\n<p class=\"font-weight-bold mb-2\"><strong>Spencer C.&#8221;Procreare &#8211; Un grande strumento!&#8221;<\/strong><\/p>\n<p><span class=\"font-weight-bold\"><strong>Commenti<\/strong>: <\/span>Ho adorato usare procreate. Mi ha aiutato a creare diversi annunci e volantini.<\/p>\n<p class=\"font-weight-bold mb-2\"><strong>Pro<\/strong>:\u00a0Procreate ha molti ottimi strumenti e funzionalit\u00e0.<\/p>\n<p class=\"font-weight-bold mb-2\"><strong>Contro<\/strong>:\u00a0Procreate ha una curva di apprendimento piuttosto grande. Ci vuole molto per abbassarlo.<\/p>\n<p class=\"font-weight-bold mb-2\"><strong>Mariana P.&#8221; Adatto agli artisti&#8221;<\/strong><\/p>\n<p><span class=\"font-weight-bold\"><strong>Commenti<\/strong>: <\/span>Posso realizzare progetti artistici molto pi\u00f9 velocemente rispetto a quando con la carta, la digitalizzazione, il photoshop&#8230;!<\/p>\n<p class=\"font-weight-bold mb-2\"><strong>Pro<\/strong>:\u00a0Facile da usare, \u00e8 possibile esportare in pdf, psd, png&#8230; rende un progetto artistico di scritte a mano molto pi\u00f9 semplice e fa risparmiare tempo.<\/p>\n<p class=\"font-weight-bold mb-2\"><strong>Contro<\/strong>:\u00a0Richiede molta batteria, ho bisogno di ricaricare pi\u00f9 volte o continuare a ricaricare quando lavoro in un progetto pi\u00f9 grande.<\/p>\n","protected":false},"excerpt":{"rendered":"<p>Procreate \u00e8 un software di progettazione grafica che fornisce ai professionisti creativi strumenti per progettare schizzi, dipinti e illustrazioni digitali su una piattaforma centralizzata. Gli artisti possono creare nuovi pennelli o utilizzare la libreria incorporata per personalizzare trame, compressione ed effetti in base alle esigenze.\u00a0<\/p>\n","protected":false},"author":16,"featured_media":50712,"parent":49827,"menu_order":0,"comment_status":"open","ping_status":"closed","template":"g1_template_page_review_new.php","meta":{"_acf_changed":false,"cwp_meta_box_check":"No","cwp_rev_product_name":"","cwp_rev_product_image":"","wppr_links":[],"cwp_rev_price":"","wppr_options":[],"wppr_pros":[],"wppr_cons":[],"_monsterinsights_skip_tracking":false,"_monsterinsights_sitenote_active":false,"_monsterinsights_sitenote_note":"","_monsterinsights_sitenote_category":0,"footnotes":""},"categories":[11404],"tags":[11608,11409,11609,11408,11406,11405],"features":[],"class_list":{"0":"post-50711","1":"page","2":"type-page","3":"status-publish","4":"has-post-thumbnail","6":"category-programmi-grafica-design-cat","7":"tag-grafiche-design","8":"tag-piattaforma-grafica-design","9":"tag-procreate","10":"tag-programma-grafica-design","11":"tag-software-grafica-design","12":"tag-soluzione-grafica-design"},"wppr_data":{"cwp_meta_box_check":"No"},"acf":[],"yoast_head":"<!-- This site is optimized with the Yoast SEO plugin v27.4 - https:\/\/yoast.com\/product\/yoast-seo-wordpress\/ -->\n<title>Procreate: recensione software grafica design - Accurate Reviews<\/title>\n<meta name=\"description\" content=\"Procreate: recensione software di progettazione grafica che fornisce strumenti per progettare schizzi, dipinti e illustrazioni digitali.\" \/>\n<meta name=\"robots\" content=\"index, follow, max-snippet:-1, max-image-preview:large, max-video-preview:-1\" \/>\n<link rel=\"canonical\" href=\"https:\/\/www.accuratereviews.com\/it\/programmi-grafica-design\/procreate-recensione\/\" \/>\n<meta property=\"og:locale\" content=\"it_IT\" \/>\n<meta property=\"og:type\" content=\"article\" \/>\n<meta property=\"og:title\" content=\"Procreate: recensione software grafica design - Accurate Reviews\" \/>\n<meta property=\"og:description\" content=\"Procreate: recensione software di progettazione grafica che fornisce strumenti per progettare schizzi, dipinti e illustrazioni digitali.\" \/>\n<meta property=\"og:url\" content=\"https:\/\/www.accuratereviews.com\/it\/programmi-grafica-design\/procreate-recensione\/\" \/>\n<meta property=\"og:site_name\" content=\"Accurate Reviews\" \/>\n<meta property=\"article:modified_time\" content=\"2021-12-01T13:44:39+00:00\" \/>\n<meta property=\"og:image\" content=\"https:\/\/www.accuratereviews.com\/wp-content\/uploads\/2021\/12\/Procreate.jpeg\" \/>\n\t<meta property=\"og:image:width\" content=\"400\" \/>\n\t<meta property=\"og:image:height\" content=\"400\" \/>\n\t<meta property=\"og:image:type\" content=\"image\/jpeg\" \/>\n<meta name=\"twitter:card\" content=\"summary_large_image\" \/>\n<meta name=\"twitter:label1\" content=\"Tempo di lettura stimato\" \/>\n\t<meta name=\"twitter:data1\" content=\"3 minuti\" \/>\n<script type=\"application\/ld+json\" class=\"yoast-schema-graph\">{\"@context\":\"https:\\\/\\\/schema.org\",\"@graph\":[{\"@type\":\"WebPage\",\"@id\":\"https:\\\/\\\/www.accuratereviews.com\\\/it\\\/programmi-grafica-design\\\/procreate-recensione\\\/\",\"url\":\"https:\\\/\\\/www.accuratereviews.com\\\/it\\\/programmi-grafica-design\\\/procreate-recensione\\\/\",\"name\":\"Procreate: recensione software grafica design - Accurate Reviews\",\"isPartOf\":{\"@id\":\"https:\\\/\\\/www.accuratereviews.com\\\/it\\\/#website\"},\"primaryImageOfPage\":{\"@id\":\"https:\\\/\\\/www.accuratereviews.com\\\/it\\\/programmi-grafica-design\\\/procreate-recensione\\\/#primaryimage\"},\"image\":{\"@id\":\"https:\\\/\\\/www.accuratereviews.com\\\/it\\\/programmi-grafica-design\\\/procreate-recensione\\\/#primaryimage\"},\"thumbnailUrl\":\"https:\\\/\\\/www.accuratereviews.com\\\/wp-content\\\/uploads\\\/2021\\\/12\\\/Procreate.jpeg\",\"datePublished\":\"2021-12-01T13:43:42+00:00\",\"dateModified\":\"2021-12-01T13:44:39+00:00\",\"description\":\"Procreate: recensione software di progettazione grafica che fornisce strumenti per progettare schizzi, dipinti e illustrazioni digitali.\",\"breadcrumb\":{\"@id\":\"https:\\\/\\\/www.accuratereviews.com\\\/it\\\/programmi-grafica-design\\\/procreate-recensione\\\/#breadcrumb\"},\"inLanguage\":\"it-IT\",\"potentialAction\":[{\"@type\":\"ReadAction\",\"target\":[\"https:\\\/\\\/www.accuratereviews.com\\\/it\\\/programmi-grafica-design\\\/procreate-recensione\\\/\"]}]},{\"@type\":\"ImageObject\",\"inLanguage\":\"it-IT\",\"@id\":\"https:\\\/\\\/www.accuratereviews.com\\\/it\\\/programmi-grafica-design\\\/procreate-recensione\\\/#primaryimage\",\"url\":\"https:\\\/\\\/www.accuratereviews.com\\\/wp-content\\\/uploads\\\/2021\\\/12\\\/Procreate.jpeg\",\"contentUrl\":\"https:\\\/\\\/www.accuratereviews.com\\\/wp-content\\\/uploads\\\/2021\\\/12\\\/Procreate.jpeg\",\"width\":400,\"height\":400},{\"@type\":\"BreadcrumbList\",\"@id\":\"https:\\\/\\\/www.accuratereviews.com\\\/it\\\/programmi-grafica-design\\\/procreate-recensione\\\/#breadcrumb\",\"itemListElement\":[{\"@type\":\"ListItem\",\"position\":1,\"name\":\"Home\",\"item\":\"https:\\\/\\\/www.accuratereviews.com\\\/it\\\/\"},{\"@type\":\"ListItem\",\"position\":2,\"name\":\"Programmi grafica design\",\"item\":\"https:\\\/\\\/www.accuratereviews.com\\\/it\\\/programmi-grafica-design\\\/\"},{\"@type\":\"ListItem\",\"position\":3,\"name\":\"Procreate\"}]},{\"@type\":\"WebSite\",\"@id\":\"https:\\\/\\\/www.accuratereviews.com\\\/it\\\/#website\",\"url\":\"https:\\\/\\\/www.accuratereviews.com\\\/it\\\/\",\"name\":\"Accurate Reviews\",\"description\":\"\",\"potentialAction\":[{\"@type\":\"SearchAction\",\"target\":{\"@type\":\"EntryPoint\",\"urlTemplate\":\"https:\\\/\\\/www.accuratereviews.com\\\/it\\\/?s={search_term_string}\"},\"query-input\":{\"@type\":\"PropertyValueSpecification\",\"valueRequired\":true,\"valueName\":\"search_term_string\"}}],\"inLanguage\":\"it-IT\"}]}<\/script>\n<!-- \/ Yoast SEO plugin. -->","yoast_head_json":{"title":"Procreate: recensione software grafica design - Accurate Reviews","description":"Procreate: recensione software di progettazione grafica che fornisce strumenti per progettare schizzi, dipinti e illustrazioni digitali.","robots":{"index":"index","follow":"follow","max-snippet":"max-snippet:-1","max-image-preview":"max-image-preview:large","max-video-preview":"max-video-preview:-1"},"canonical":"https:\/\/www.accuratereviews.com\/it\/programmi-grafica-design\/procreate-recensione\/","og_locale":"it_IT","og_type":"article","og_title":"Procreate: recensione software grafica design - Accurate Reviews","og_description":"Procreate: recensione software di progettazione grafica che fornisce strumenti per progettare schizzi, dipinti e illustrazioni digitali.","og_url":"https:\/\/www.accuratereviews.com\/it\/programmi-grafica-design\/procreate-recensione\/","og_site_name":"Accurate Reviews","article_modified_time":"2021-12-01T13:44:39+00:00","og_image":[{"width":400,"height":400,"url":"https:\/\/www.accuratereviews.com\/wp-content\/uploads\/2021\/12\/Procreate.jpeg","type":"image\/jpeg"}],"twitter_card":"summary_large_image","twitter_misc":{"Tempo di lettura stimato":"3 minuti"},"schema":{"@context":"https:\/\/schema.org","@graph":[{"@type":"WebPage","@id":"https:\/\/www.accuratereviews.com\/it\/programmi-grafica-design\/procreate-recensione\/","url":"https:\/\/www.accuratereviews.com\/it\/programmi-grafica-design\/procreate-recensione\/","name":"Procreate: recensione software grafica design - Accurate Reviews","isPartOf":{"@id":"https:\/\/www.accuratereviews.com\/it\/#website"},"primaryImageOfPage":{"@id":"https:\/\/www.accuratereviews.com\/it\/programmi-grafica-design\/procreate-recensione\/#primaryimage"},"image":{"@id":"https:\/\/www.accuratereviews.com\/it\/programmi-grafica-design\/procreate-recensione\/#primaryimage"},"thumbnailUrl":"https:\/\/www.accuratereviews.com\/wp-content\/uploads\/2021\/12\/Procreate.jpeg","datePublished":"2021-12-01T13:43:42+00:00","dateModified":"2021-12-01T13:44:39+00:00","description":"Procreate: recensione software di progettazione grafica che fornisce strumenti per progettare schizzi, dipinti e illustrazioni digitali.","breadcrumb":{"@id":"https:\/\/www.accuratereviews.com\/it\/programmi-grafica-design\/procreate-recensione\/#breadcrumb"},"inLanguage":"it-IT","potentialAction":[{"@type":"ReadAction","target":["https:\/\/www.accuratereviews.com\/it\/programmi-grafica-design\/procreate-recensione\/"]}]},{"@type":"ImageObject","inLanguage":"it-IT","@id":"https:\/\/www.accuratereviews.com\/it\/programmi-grafica-design\/procreate-recensione\/#primaryimage","url":"https:\/\/www.accuratereviews.com\/wp-content\/uploads\/2021\/12\/Procreate.jpeg","contentUrl":"https:\/\/www.accuratereviews.com\/wp-content\/uploads\/2021\/12\/Procreate.jpeg","width":400,"height":400},{"@type":"BreadcrumbList","@id":"https:\/\/www.accuratereviews.com\/it\/programmi-grafica-design\/procreate-recensione\/#breadcrumb","itemListElement":[{"@type":"ListItem","position":1,"name":"Home","item":"https:\/\/www.accuratereviews.com\/it\/"},{"@type":"ListItem","position":2,"name":"Programmi grafica design","item":"https:\/\/www.accuratereviews.com\/it\/programmi-grafica-design\/"},{"@type":"ListItem","position":3,"name":"Procreate"}]},{"@type":"WebSite","@id":"https:\/\/www.accuratereviews.com\/it\/#website","url":"https:\/\/www.accuratereviews.com\/it\/","name":"Accurate Reviews","description":"","potentialAction":[{"@type":"SearchAction","target":{"@type":"EntryPoint","urlTemplate":"https:\/\/www.accuratereviews.com\/it\/?s={search_term_string}"},"query-input":{"@type":"PropertyValueSpecification","valueRequired":true,"valueName":"search_term_string"}}],"inLanguage":"it-IT"}]}},"_links":{"self":[{"href":"https:\/\/www.accuratereviews.com\/it\/wp-json\/wp\/v2\/pages\/50711","targetHints":{"allow":["GET"]}}],"collection":[{"href":"https:\/\/www.accuratereviews.com\/it\/wp-json\/wp\/v2\/pages"}],"about":[{"href":"https:\/\/www.accuratereviews.com\/it\/wp-json\/wp\/v2\/types\/page"}],"author":[{"embeddable":true,"href":"https:\/\/www.accuratereviews.com\/it\/wp-json\/wp\/v2\/users\/16"}],"replies":[{"embeddable":true,"href":"https:\/\/www.accuratereviews.com\/it\/wp-json\/wp\/v2\/comments?post=50711"}],"version-history":[{"count":11,"href":"https:\/\/www.accuratereviews.com\/it\/wp-json\/wp\/v2\/pages\/50711\/revisions"}],"predecessor-version":[{"id":50783,"href":"https:\/\/www.accuratereviews.com\/it\/wp-json\/wp\/v2\/pages\/50711\/revisions\/50783"}],"up":[{"embeddable":true,"href":"https:\/\/www.accuratereviews.com\/it\/wp-json\/wp\/v2\/pages\/49827"}],"wp:featuredmedia":[{"embeddable":true,"href":"https:\/\/www.accuratereviews.com\/it\/wp-json\/wp\/v2\/media\/50712"}],"wp:attachment":[{"href":"https:\/\/www.accuratereviews.com\/it\/wp-json\/wp\/v2\/media?parent=50711"}],"wp:term":[{"taxonomy":"category","embeddable":true,"href":"https:\/\/www.accuratereviews.com\/it\/wp-json\/wp\/v2\/categories?post=50711"},{"taxonomy":"post_tag","embeddable":true,"href":"https:\/\/www.accuratereviews.com\/it\/wp-json\/wp\/v2\/tags?post=50711"},{"taxonomy":"features","embeddable":true,"href":"https:\/\/www.accuratereviews.com\/it\/wp-json\/wp\/v2\/features?post=50711"}],"curies":[{"name":"wp","href":"https:\/\/api.w.org\/{rel}","templated":true}]}}