{"id":50786,"date":"2021-12-01T16:08:09","date_gmt":"2021-12-01T16:08:09","guid":{"rendered":"https:\/\/www.accuratereviews.com\/?page_id=50786"},"modified":"2021-12-01T16:08:09","modified_gmt":"2021-12-01T16:08:09","slug":"befunky-recensione","status":"publish","type":"page","link":"https:\/\/www.accuratereviews.com\/it\/programmi-grafica-design\/befunky-recensione\/","title":{"rendered":"BeFunky"},"content":{"rendered":"<p><strong>BeFunky<\/strong> \u00e8 un <strong>programma di progettazione grafica<\/strong> che permette di realizzare disegni in modo semplice e veloce. Vanta infatti di un ricco e intuitivo toolset che potrai utilizza per ritoccare, ritagliare e ridimensionare le foto, creare collage fotografici, personalizzare e creare degli ottimi <strong>progetti di graphic design<\/strong> e molto altro ancora.<br \/>\nSi tratta di una piattaforma creativa all-in-one che \u00e8 disponibile sia in versione desktop che mobile per dispositivi iOS e Android. Grazie alla tecnica di trascinamento, drag and drop, risulta molto semplice da usare e pertanto accessibile a chiunque, anche ai meno esperti in materia.<\/p>\n<h2>BEFUNKY &#8211; TUTORIAL<\/h2>\n<p>Di seguito un video che ci mostra come sfruttare al meglio le funzionalit\u00e0 di questo <strong>software di progettazione grafica<\/strong>:<\/p>\n<div id=\"fluid-wrapper-counter-1\" class=\"g1-fluid-wrapper \" style=\"width:686px;\">\n<div style=\"padding-bottom:56.268221574344%;\"><iframe loading=\"lazy\" title=\"Getting Started with the Graphic Designer\" width=\"686\" height=\"386\" src=\"https:\/\/www.youtube.com\/embed\/UNnRKrmfF1w?feature=oembed&amp;wmode=transparent&amp;autohide=1&amp;autoplay=0&amp;disablekb=0&amp;fs=1&amp;loop=0&amp;enablejsapi=1&amp;rel=0&amp;controls=2&amp;showinfo=0&amp;wmode=transparent&amp;autohide=2&amp;autoplay=0&amp;disablekb=0&amp;fs=1&amp;loop=0&amp;enablejsapi=1&amp;rel=0&amp;controls=2&amp;showinfo=1\" frameborder=\"0\" allow=\"accelerometer; autoplay; clipboard-write; encrypted-media; gyroscope; picture-in-picture\" allowfullscreen><\/iframe><\/div>\n<\/div>\n<h3>BEFUNKY &#8211; CARATTERISTICHE<\/h3>\n<div class=\"grid-item__text\">\n<ul>\n<li class=\"grid-item__heading\"><strong>Strumento per tagliare e ridimensionare le\u00a0foto<\/strong>: con l&#8217;editor fotografico puoi facilmente tagliare e ridimensionare le tue immagini con una perfetta precisione per quanto riguarda i pixel<\/li>\n<li class=\"grid-item__heading\"><strong>Look unico<\/strong>: dai alle tue foto un look assolutamente unico utilizzando i filtri Artsy. Questi potranno far assomigliare le tue foto a un dipinto in stile classico, a un ritratto, a un cartone animato e molto altro ancora<\/li>\n<li class=\"grid-item__heading\"><strong>Batch Processing<\/strong>: puoi tagliare, ridimensionare e migliorare diverse foto nello stesso momento<\/li>\n<li class=\"grid-item__heading\"><strong>Dispositivo di rimozione sfondo<\/strong>: dispositivo automatico che rileva il soggetto principale nella tua foto e ne rimuove lo sfondo, con un solo clic. Semplicemente, potrai creare sfondi trasparenti e in tinta unita per prodotti, ritratti e molto di pi\u00f9<\/li>\n<li class=\"grid-item__heading\"><strong>Touch Up<\/strong>: ottieni foto e selfie perfetti utilizzando questi strumenti di ritocco<\/li>\n<li class=\"grid-item__heading\"><strong>Collage Wizard<\/strong>: lascia che questo mago crei un collage per te. Con un solo clic, user\u00e0 le tue foto per creare una serie di bozze per te e tu dovrai solo sceglierne una<\/li>\n<li class=\"grid-item__heading\"><strong>Modelli di design personalizzabili<\/strong>: seleziona uno dei modelli di design gi\u00e0 fatti e, con un po&#8217; di personalizzazione, trasformerai la tua idea in un disegno stupendo<\/li>\n<li class=\"grid-item__heading\"><strong>Pi\u00f9 di un milione di immagini gratuite<\/strong>: grazie alla collaborazione con Pixabay e Unsplash potrai scegliere tra pi\u00f9 di un milione di immagini in alta qualit\u00e0 gratis<\/li>\n<li class=\"grid-item__heading\"><strong>Migliaia di vettori grafici e icone<\/strong>: scegli velocemente tra migliaia di vettori grafici e icone.<\/li>\n<\/ul>\n<h4 class=\"grid-item__heading\">LE RECENSIONI DEGLI UTENTI<\/h4>\n<\/div>\n<p><strong>Spencer S. &#8220;Divertimento, modifica flessibile delle foto&#8221;<\/strong><br \/>\nCOMMENTI: c&#8217;\u00e8 uno strumento di editing simile che abbiamo usato in precedenza che ha cambiato alcune delle loro caratteristiche e impostazioni che lo hanno reso un po&#8217; meno user friendly. BeFunky sento che \u00e8 fatto pensando all&#8217;utente finale. \u00c8 uno strumento semplice che ci permette di modificare come vogliamo, nel modo pi\u00f9 semplice possibile. Rende il processo pi\u00f9 veloce e pi\u00f9 facile.<br \/>\nPRO: BeFunky ti permette di modificare le tue foto nel modo pi\u00f9 semplice possibile, dandoti allo stesso tempo pi\u00f9 funzionalit\u00e0 amichevoli di altri editor comparabili l\u00e0 fuori. Carica la tua foto e modificala in qualsiasi modo tu voglia.<br \/>\nCONTRO: a volte pu\u00f2 richiedere un po&#8217; di tempo per estrarre o caricare la foto che vuoi modificare. A parte questo, non c&#8217;\u00e8 nulla di specifico che non mi piace del software.<\/p>\n<p><strong>Kaley R. &#8220;BeFunky da anni&#8221;<\/strong><br \/>\nCOMMENTI: ancora una volta ho una tale affinit\u00e0 per BeFunky perch\u00e9 \u00e8 stravagante, veloce e facile e utile per il mio lavoro.<br \/>\nPRO: \u00e8 veloce da usare per ritagliare le immagini per le storie online. Trovo che sia il mio strumento di lavoro, e non credo che cambier\u00e0.<br \/>\nCONTRO: alcune modifiche, caratteristiche, il testo \u00e8 un po&#8217; pacchiano. Penso anche che non molte persone lo conoscano per questo motivo<\/p>\n<p><strong>Hammad H. &#8220;Cloud photo editor&#8221;<\/strong><br \/>\nCOMMENTI: il suo editor di foto ha le migliori caratteristiche di editing come la creazione di college, convertitore di foto tipo cartone animato, ma non solo questo: possiamo fare banner flyer, carte e molte altre cose con questa applicazione web.<br \/>\nPRO: la parte migliore \u00e8 che non \u00e8 necessario scaricare alcun software per modificare le foto, il suo software cloud base \u00e8 online, basta andare sul sito e iniziare a modificare le foto.<br \/>\nCONTRO: possiamo creare immagini di alta qualit\u00e0 ma non file vettoriali da ri-editare per l&#8217;invio ai clienti per l&#8217;editing futuro.<\/p>\n","protected":false},"excerpt":{"rendered":"<p>BeFunky \u00e8 un programma di progettazione grafica che permette di realizzare disegni grafici in modo semplice e veloce. Vanta infatti di un ricco e intuitivo toolset che potrai utilizza per ritoccare, ritagliare e ridimensionare le foto, creare collage fotografici, personalizzare e creare degli ottimi progetti di graphic design e molto altro ancora.<\/p>\n","protected":false},"author":17,"featured_media":50787,"parent":49827,"menu_order":0,"comment_status":"open","ping_status":"closed","template":"g1_template_page_review_new.php","meta":{"_acf_changed":false,"cwp_meta_box_check":"No","cwp_rev_product_name":"","cwp_rev_product_image":"","wppr_links":[],"cwp_rev_price":"","wppr_options":[],"wppr_pros":[],"wppr_cons":[],"_monsterinsights_skip_tracking":false,"_monsterinsights_sitenote_active":false,"_monsterinsights_sitenote_note":"","_monsterinsights_sitenote_category":0,"footnotes":""},"categories":[11404],"tags":[554,11442,11407,11409,11569,11454,11431,11451],"features":[],"class_list":{"0":"post-50786","1":"page","2":"type-page","3":"status-publish","4":"has-post-thumbnail","6":"category-programmi-grafica-design-cat","7":"tag-fotoritocco","8":"tag-grafica","9":"tag-grafica-design","10":"tag-piattaforma-grafica-design","11":"tag-progamma-per-grafica-design","12":"tag-progettazione-grafica","13":"tag-software-grafica","14":"tag-software-per-grafica-design"},"wppr_data":{"cwp_meta_box_check":"No"},"acf":[],"yoast_head":"<!-- This site is optimized with the Yoast SEO plugin v27.4 - https:\/\/yoast.com\/product\/yoast-seo-wordpress\/ -->\n<title>BeFunky: recensione programma progettazione grafica - Accurate Reviews<\/title>\n<meta name=\"description\" content=\"BeFunky \u00e8 un programma di progettazione grafica che permette di realizzare disegni grafici in modo semplice e veloce.\" \/>\n<meta name=\"robots\" content=\"index, follow, max-snippet:-1, max-image-preview:large, max-video-preview:-1\" \/>\n<link rel=\"canonical\" href=\"https:\/\/www.accuratereviews.com\/it\/programmi-grafica-design\/befunky-recensione\/\" \/>\n<meta property=\"og:locale\" content=\"it_IT\" \/>\n<meta property=\"og:type\" content=\"article\" \/>\n<meta property=\"og:title\" content=\"BeFunky: recensione programma progettazione grafica - Accurate Reviews\" \/>\n<meta property=\"og:description\" content=\"BeFunky \u00e8 un programma di progettazione grafica che permette di realizzare disegni grafici in modo semplice e veloce.\" \/>\n<meta property=\"og:url\" content=\"https:\/\/www.accuratereviews.com\/it\/programmi-grafica-design\/befunky-recensione\/\" \/>\n<meta property=\"og:site_name\" content=\"Accurate Reviews\" \/>\n<meta property=\"og:image\" content=\"https:\/\/www.accuratereviews.com\/wp-content\/uploads\/2021\/12\/a55ee694-4c04-48e8-a7bd-dd965ccc7ca2_BeFunky-logo-press.png.webp\" \/>\n\t<meta property=\"og:image:width\" content=\"581\" \/>\n\t<meta property=\"og:image:height\" content=\"327\" \/>\n\t<meta property=\"og:image:type\" content=\"image\/webp\" \/>\n<meta name=\"twitter:card\" content=\"summary_large_image\" \/>\n<meta name=\"twitter:label1\" content=\"Tempo di lettura stimato\" \/>\n\t<meta name=\"twitter:data1\" content=\"3 minuti\" \/>\n<script type=\"application\/ld+json\" class=\"yoast-schema-graph\">{\"@context\":\"https:\\\/\\\/schema.org\",\"@graph\":[{\"@type\":\"WebPage\",\"@id\":\"https:\\\/\\\/www.accuratereviews.com\\\/it\\\/programmi-grafica-design\\\/befunky-recensione\\\/\",\"url\":\"https:\\\/\\\/www.accuratereviews.com\\\/it\\\/programmi-grafica-design\\\/befunky-recensione\\\/\",\"name\":\"BeFunky: recensione programma progettazione grafica - Accurate Reviews\",\"isPartOf\":{\"@id\":\"https:\\\/\\\/www.accuratereviews.com\\\/it\\\/#website\"},\"primaryImageOfPage\":{\"@id\":\"https:\\\/\\\/www.accuratereviews.com\\\/it\\\/programmi-grafica-design\\\/befunky-recensione\\\/#primaryimage\"},\"image\":{\"@id\":\"https:\\\/\\\/www.accuratereviews.com\\\/it\\\/programmi-grafica-design\\\/befunky-recensione\\\/#primaryimage\"},\"thumbnailUrl\":\"https:\\\/\\\/www.accuratereviews.com\\\/wp-content\\\/uploads\\\/2021\\\/12\\\/a55ee694-4c04-48e8-a7bd-dd965ccc7ca2_BeFunky-logo-press.png.webp\",\"datePublished\":\"2021-12-01T16:08:09+00:00\",\"description\":\"BeFunky \u00e8 un programma di progettazione grafica che permette di realizzare disegni grafici in modo semplice e veloce.\",\"breadcrumb\":{\"@id\":\"https:\\\/\\\/www.accuratereviews.com\\\/it\\\/programmi-grafica-design\\\/befunky-recensione\\\/#breadcrumb\"},\"inLanguage\":\"it-IT\",\"potentialAction\":[{\"@type\":\"ReadAction\",\"target\":[\"https:\\\/\\\/www.accuratereviews.com\\\/it\\\/programmi-grafica-design\\\/befunky-recensione\\\/\"]}]},{\"@type\":\"ImageObject\",\"inLanguage\":\"it-IT\",\"@id\":\"https:\\\/\\\/www.accuratereviews.com\\\/it\\\/programmi-grafica-design\\\/befunky-recensione\\\/#primaryimage\",\"url\":\"https:\\\/\\\/www.accuratereviews.com\\\/wp-content\\\/uploads\\\/2021\\\/12\\\/a55ee694-4c04-48e8-a7bd-dd965ccc7ca2_BeFunky-logo-press.png.webp\",\"contentUrl\":\"https:\\\/\\\/www.accuratereviews.com\\\/wp-content\\\/uploads\\\/2021\\\/12\\\/a55ee694-4c04-48e8-a7bd-dd965ccc7ca2_BeFunky-logo-press.png.webp\",\"width\":581,\"height\":327},{\"@type\":\"BreadcrumbList\",\"@id\":\"https:\\\/\\\/www.accuratereviews.com\\\/it\\\/programmi-grafica-design\\\/befunky-recensione\\\/#breadcrumb\",\"itemListElement\":[{\"@type\":\"ListItem\",\"position\":1,\"name\":\"Home\",\"item\":\"https:\\\/\\\/www.accuratereviews.com\\\/it\\\/\"},{\"@type\":\"ListItem\",\"position\":2,\"name\":\"Programmi grafica design\",\"item\":\"https:\\\/\\\/www.accuratereviews.com\\\/it\\\/programmi-grafica-design\\\/\"},{\"@type\":\"ListItem\",\"position\":3,\"name\":\"BeFunky\"}]},{\"@type\":\"WebSite\",\"@id\":\"https:\\\/\\\/www.accuratereviews.com\\\/it\\\/#website\",\"url\":\"https:\\\/\\\/www.accuratereviews.com\\\/it\\\/\",\"name\":\"Accurate Reviews\",\"description\":\"\",\"potentialAction\":[{\"@type\":\"SearchAction\",\"target\":{\"@type\":\"EntryPoint\",\"urlTemplate\":\"https:\\\/\\\/www.accuratereviews.com\\\/it\\\/?s={search_term_string}\"},\"query-input\":{\"@type\":\"PropertyValueSpecification\",\"valueRequired\":true,\"valueName\":\"search_term_string\"}}],\"inLanguage\":\"it-IT\"}]}<\/script>\n<!-- \/ Yoast SEO plugin. -->","yoast_head_json":{"title":"BeFunky: recensione programma progettazione grafica - Accurate Reviews","description":"BeFunky \u00e8 un programma di progettazione grafica che permette di realizzare disegni grafici in modo semplice e veloce.","robots":{"index":"index","follow":"follow","max-snippet":"max-snippet:-1","max-image-preview":"max-image-preview:large","max-video-preview":"max-video-preview:-1"},"canonical":"https:\/\/www.accuratereviews.com\/it\/programmi-grafica-design\/befunky-recensione\/","og_locale":"it_IT","og_type":"article","og_title":"BeFunky: recensione programma progettazione grafica - Accurate Reviews","og_description":"BeFunky \u00e8 un programma di progettazione grafica che permette di realizzare disegni grafici in modo semplice e veloce.","og_url":"https:\/\/www.accuratereviews.com\/it\/programmi-grafica-design\/befunky-recensione\/","og_site_name":"Accurate Reviews","og_image":[{"width":581,"height":327,"url":"https:\/\/www.accuratereviews.com\/wp-content\/uploads\/2021\/12\/a55ee694-4c04-48e8-a7bd-dd965ccc7ca2_BeFunky-logo-press.png.webp","type":"image\/webp"}],"twitter_card":"summary_large_image","twitter_misc":{"Tempo di lettura stimato":"3 minuti"},"schema":{"@context":"https:\/\/schema.org","@graph":[{"@type":"WebPage","@id":"https:\/\/www.accuratereviews.com\/it\/programmi-grafica-design\/befunky-recensione\/","url":"https:\/\/www.accuratereviews.com\/it\/programmi-grafica-design\/befunky-recensione\/","name":"BeFunky: recensione programma progettazione grafica - Accurate Reviews","isPartOf":{"@id":"https:\/\/www.accuratereviews.com\/it\/#website"},"primaryImageOfPage":{"@id":"https:\/\/www.accuratereviews.com\/it\/programmi-grafica-design\/befunky-recensione\/#primaryimage"},"image":{"@id":"https:\/\/www.accuratereviews.com\/it\/programmi-grafica-design\/befunky-recensione\/#primaryimage"},"thumbnailUrl":"https:\/\/www.accuratereviews.com\/wp-content\/uploads\/2021\/12\/a55ee694-4c04-48e8-a7bd-dd965ccc7ca2_BeFunky-logo-press.png.webp","datePublished":"2021-12-01T16:08:09+00:00","description":"BeFunky \u00e8 un programma di progettazione grafica che permette di realizzare disegni grafici in modo semplice e veloce.","breadcrumb":{"@id":"https:\/\/www.accuratereviews.com\/it\/programmi-grafica-design\/befunky-recensione\/#breadcrumb"},"inLanguage":"it-IT","potentialAction":[{"@type":"ReadAction","target":["https:\/\/www.accuratereviews.com\/it\/programmi-grafica-design\/befunky-recensione\/"]}]},{"@type":"ImageObject","inLanguage":"it-IT","@id":"https:\/\/www.accuratereviews.com\/it\/programmi-grafica-design\/befunky-recensione\/#primaryimage","url":"https:\/\/www.accuratereviews.com\/wp-content\/uploads\/2021\/12\/a55ee694-4c04-48e8-a7bd-dd965ccc7ca2_BeFunky-logo-press.png.webp","contentUrl":"https:\/\/www.accuratereviews.com\/wp-content\/uploads\/2021\/12\/a55ee694-4c04-48e8-a7bd-dd965ccc7ca2_BeFunky-logo-press.png.webp","width":581,"height":327},{"@type":"BreadcrumbList","@id":"https:\/\/www.accuratereviews.com\/it\/programmi-grafica-design\/befunky-recensione\/#breadcrumb","itemListElement":[{"@type":"ListItem","position":1,"name":"Home","item":"https:\/\/www.accuratereviews.com\/it\/"},{"@type":"ListItem","position":2,"name":"Programmi grafica design","item":"https:\/\/www.accuratereviews.com\/it\/programmi-grafica-design\/"},{"@type":"ListItem","position":3,"name":"BeFunky"}]},{"@type":"WebSite","@id":"https:\/\/www.accuratereviews.com\/it\/#website","url":"https:\/\/www.accuratereviews.com\/it\/","name":"Accurate Reviews","description":"","potentialAction":[{"@type":"SearchAction","target":{"@type":"EntryPoint","urlTemplate":"https:\/\/www.accuratereviews.com\/it\/?s={search_term_string}"},"query-input":{"@type":"PropertyValueSpecification","valueRequired":true,"valueName":"search_term_string"}}],"inLanguage":"it-IT"}]}},"_links":{"self":[{"href":"https:\/\/www.accuratereviews.com\/it\/wp-json\/wp\/v2\/pages\/50786","targetHints":{"allow":["GET"]}}],"collection":[{"href":"https:\/\/www.accuratereviews.com\/it\/wp-json\/wp\/v2\/pages"}],"about":[{"href":"https:\/\/www.accuratereviews.com\/it\/wp-json\/wp\/v2\/types\/page"}],"author":[{"embeddable":true,"href":"https:\/\/www.accuratereviews.com\/it\/wp-json\/wp\/v2\/users\/17"}],"replies":[{"embeddable":true,"href":"https:\/\/www.accuratereviews.com\/it\/wp-json\/wp\/v2\/comments?post=50786"}],"version-history":[{"count":4,"href":"https:\/\/www.accuratereviews.com\/it\/wp-json\/wp\/v2\/pages\/50786\/revisions"}],"predecessor-version":[{"id":50801,"href":"https:\/\/www.accuratereviews.com\/it\/wp-json\/wp\/v2\/pages\/50786\/revisions\/50801"}],"up":[{"embeddable":true,"href":"https:\/\/www.accuratereviews.com\/it\/wp-json\/wp\/v2\/pages\/49827"}],"wp:featuredmedia":[{"embeddable":true,"href":"https:\/\/www.accuratereviews.com\/it\/wp-json\/wp\/v2\/media\/50787"}],"wp:attachment":[{"href":"https:\/\/www.accuratereviews.com\/it\/wp-json\/wp\/v2\/media?parent=50786"}],"wp:term":[{"taxonomy":"category","embeddable":true,"href":"https:\/\/www.accuratereviews.com\/it\/wp-json\/wp\/v2\/categories?post=50786"},{"taxonomy":"post_tag","embeddable":true,"href":"https:\/\/www.accuratereviews.com\/it\/wp-json\/wp\/v2\/tags?post=50786"},{"taxonomy":"features","embeddable":true,"href":"https:\/\/www.accuratereviews.com\/it\/wp-json\/wp\/v2\/features?post=50786"}],"curies":[{"name":"wp","href":"https:\/\/api.w.org\/{rel}","templated":true}]}}