{"id":50926,"date":"2021-12-06T11:23:16","date_gmt":"2021-12-06T11:23:16","guid":{"rendered":"https:\/\/www.accuratereviews.com\/?page_id=50926"},"modified":"2021-12-06T11:23:16","modified_gmt":"2021-12-06T11:23:16","slug":"aircall-recensione","status":"publish","type":"page","link":"https:\/\/www.accuratereviews.com\/it\/programmi-per-registrare-chiamate\/aircall-recensione\/","title":{"rendered":"Aircall"},"content":{"rendered":"<p><strong>Aircall<\/strong> \u00e8 il <strong>sistema telefonico<\/strong> basato su <strong>cloud<\/strong> preferito dai brand moderni. Grazie alla perfetta integrazione con i pi\u00f9 diffusi strumenti <strong>CRM<\/strong> e <strong>Helpdesk<\/strong>, aiuta i team di vendita e supporto a comunicare in modo chiaro ed efficiente. Gli amministratori possono aggiungere istantaneamente numeri da oltre 100 paesi, ridimensionare i propri team in base alle stagioni e ottenere informazioni approfondite tramite analisi in tempo reale. Accessibile tramite app desktop e mobile, <strong>Aircall<\/strong> \u00e8 considerata affidabile da oltre 9.000 aziende in tutto il mondo.\u00a0Instrada le chiamate in modo automatico ed efficiente in base alla selezione IVR, alle competenze degli agenti, al fuso orario e altro, inclusa una dashboard intuitiva. Le funzionalit\u00e0 del software includono segreteria telefonica, accodamento, registrazione, posta in arrivo chiamata condivisa, gestione dei contatti, assegnazione, tag e aggiunta di commenti.<\/p>\n<h2>AIRCALL &#8211; TUTORIAL<\/h2>\n<p>Vediamo come utilizzare l&#8217;app di questo <strong>programma per registrare chiamate<\/strong>:<\/p>\n<div id=\"fluid-wrapper-counter-1\" class=\"g1-fluid-wrapper \" style=\"width:686px;\">\n<div style=\"padding-bottom:56.268221574344%;\"><iframe loading=\"lazy\" title=\"Aircall app demo\" width=\"686\" height=\"386\" src=\"https:\/\/www.youtube.com\/embed\/W4Z0ZUsXxN4?feature=oembed&amp;wmode=transparent&amp;autohide=1&amp;autoplay=0&amp;disablekb=0&amp;fs=1&amp;loop=0&amp;enablejsapi=1&amp;rel=0&amp;controls=2&amp;showinfo=0&amp;wmode=transparent&amp;autohide=2&amp;autoplay=0&amp;disablekb=0&amp;fs=1&amp;loop=0&amp;enablejsapi=1&amp;rel=0&amp;controls=2&amp;showinfo=1\" frameborder=\"0\" allow=\"accelerometer; autoplay; clipboard-write; encrypted-media; gyroscope; picture-in-picture\" allowfullscreen><\/iframe><\/div>\n<\/div>\n<h3>AIRCALL &#8211; CARATTERISTICHE<\/h3>\n<p><strong>Personalizza<\/strong>: crea numeri in oltre 100 paesi e inizia a reclutare compagni di squadra da pi\u00f9 dipartimenti entro la fine della giornata. Regola le tue impostazioni ogni volta che l&#8217;azienda lo richiede, comodamente dalle app web, desktop o mobili<br \/>\n<strong>Integra facilmente con CRM e Helpdesk<\/strong>: sincronizza automaticamente i dettagli delle chiamate con il tuo CRM e l&#8217;Helpdesk per risparmiare tempo ed evitare di passare da un sistema all&#8217;altro. Sarai in grado di rivedere le registrazioni delle chiamate, controllare la cronologia di ogni account, lead o contatto e vedere il contesto completo intorno a ogni conversazione<br \/>\n<strong>Ottieni visibilit\u00e0 sulle metriche delle chiamate<\/strong>: scopri chi \u00e8 impegnato in una chiamata e chi \u00e8 disponibile in qualsiasi momento. Scopri perch\u00e9 le chiamate in entrata vengono perse, individua tempi di attesa pi\u00f9 lunghi del solito e tieni traccia delle tendenze storiche per migliorare le prestazioni sia individuali che del team.<br \/>\n<strong>Numeri verdi<\/strong>: crea istantaneamente numeri verdi nel tuo prefisso locale o in qualsiasi paese in cui opera la tua attivit\u00e0<br \/>\n<strong>Chiamate in conferenza<\/strong>: rendila una conversazione collaborativa utilizzando la funzione di conferenza telefonica. Ospita un totale di cinque persone nella stessa teleconferenza dal vivo con la soluzione di chiamata VoIP<br \/>\n<strong>Trasferimento chiamate<\/strong>: dai ai tuoi compagni di squadra la possibilit\u00e0 di parlare rapidamente tra loro prima di trasferire una chiamata dal vivo<br \/>\n<strong>Numeri internazionali<\/strong>: richiedi i numeri locali e internazionali per la tua attivit\u00e0 in oltre 100 paesi, anche se il tuo team \u00e8 lontano<br \/>\n<strong>Ore di lavoro:<\/strong> imposta pianificazioni personalizzate per confermare esattamente quando ciascuno dei tuoi numeri \u00e8 disponibile per ricevere chiamate<br \/>\n<strong>Risposta vocale interattiva (IVR)<\/strong>: configura una directory IVR intelligente che guidi automaticamente le chiamate al team corretto al primo tentativo<br \/>\n<strong>Contatti condivisi<\/strong>: crea e condividi i contatti selezionati con il tuo team in modo che tutti possano seguire la conversazione.<\/p>\n<h4>LE RECENSIONI DEGLI UTENTI<\/h4>\n<p class=\"font-weight-bold mb-2\"><strong>Selim D.&#8221;Una delle migliori&#8221;<\/strong><\/p>\n<p><span class=\"font-weight-bold\"><strong>Commenti<\/strong>: h<\/span>o usato la prova gratuita, ha funzionato alla grande. Si integra anche con Pipedrive. L&#8217;unico problema era il prezzo. Era pi\u00f9 del nostro budget<\/p>\n<p class=\"font-weight-bold mb-2\"><strong>Pro<\/strong>: ha tutto il necessario per un processo di vendita senza intoppi. Dall&#8217;interfaccia, alla registrazione delle chiamate, alla facilit\u00e0 d&#8217;uso, al trasferimento delle chiamate. Semplicemente perfetto.<\/p>\n<p class=\"font-weight-bold mb-2\"><strong>Contro<\/strong>: il software sembra essere impeccabile, tuttavia, per un&#8217;operazione di vendita pi\u00f9 piccola come la nostra, il prezzo era molto alto.<\/p>\n<p class=\"font-weight-bold mb-2\"><strong>Eden S.\u00a0&#8220;La precisione incontra l&#8217;efficienza&#8221;<\/strong><\/p>\n<p><span class=\"font-weight-bold\"><strong>Commenti<\/strong>: t<\/span>utto il nostro team ha partecipato alla demo del software ed \u00e8 stato fantastico, abbiamo avuto la possibilit\u00e0 di porre qualsiasi domanda e tutto \u00e8 stato reso davvero semplice.<\/p>\n<p class=\"font-weight-bold mb-2\"><strong>Pro<\/strong>: grande visibilit\u00e0 in tutta l&#8217;applicazione, quindi facile da navigare. La facilit\u00e0 di trasferire le chiamate con il &#8220;parla prima&#8221; e nel complesso solo l&#8217;intelligenza dietro di essa che \u00e8 fatta per qualsiasi livello di esperienza. Sono sicuro che se avessi uno stagista junior messo sui telefoni, non dovrei quasi coprire nulla all&#8217;interno dell&#8217;app, \u00e8 tutto l\u00ec.<\/p>\n<p class=\"font-weight-bold mb-2\"><strong>Contro<\/strong>:\u00a0A volte non memorizza i miei dettagli di accesso, quindi mi chiede di accedere di nuovo quando \u00e8 stato inattivo per un certo periodo, ma \u00e8 abbastanza facile rientrare subito.<\/p>\n<p class=\"font-weight-bold mb-2\"><strong>Alexandre C.&#8221;Facile da usare&#8221;<\/strong><\/p>\n<p class=\"font-weight-bold mb-2\"><strong>Pro<\/strong>: io e il mio team utilizziamo quotidianamente il software Aircall per gestire le chiamate e le richieste dei nostri clienti. L&#8217;implementazione del sofware \u00e8 stata davvero semplice. Aircall \u00e8 molto facile da usare con un&#8217;interfaccia amichevole. Qualsiasi nuovo arrivato nel nostro team \u00e8 in grado di sapere tutto sull&#8217;uso entro un giorno.<\/p>\n<p class=\"font-weight-bold mb-2\"><strong>Contro<\/strong>:\u00a0Non tanto :) Il prezzo del software \u00e8 probabilmente troppo alto per aziende molto piccole.<\/p>\n","protected":false},"excerpt":{"rendered":"<p>Aircall \u00e8 il sistema telefonico basato su cloud preferito dai brands moderni. Grazie alla perfetta integrazione con i pi\u00f9 diffusi strumenti CRM e Helpdesk, aiuta i team di vendita e supporto a comunicare in modo chiaro ed efficiente. Gli amministratori possono aggiungere istantaneamente numeri da oltre 100 paesi, ridimensionare i propri team in base alle stagioni e ottenere informazioni approfondite tramite analisi in tempo reale.<\/p>\n","protected":false},"author":16,"featured_media":50927,"parent":50903,"menu_order":0,"comment_status":"open","ping_status":"closed","template":"g1_template_page_review_new.php","meta":{"_acf_changed":false,"cwp_meta_box_check":"No","cwp_rev_product_name":"","cwp_rev_product_image":"","wppr_links":[],"cwp_rev_price":"","wppr_options":[],"wppr_pros":[],"wppr_cons":[],"_monsterinsights_skip_tracking":false,"_monsterinsights_sitenote_active":false,"_monsterinsights_sitenote_note":"","_monsterinsights_sitenote_category":0,"footnotes":""},"categories":[11631],"tags":[11651,396,11636,492,11650,3262,5113,11634,11635,3281],"features":[],"class_list":{"0":"post-50926","1":"page","2":"type-page","3":"status-publish","4":"has-post-thumbnail","6":"category-programma-per-registrare-chiamate-categoria","7":"tag-aircall","8":"tag-cloud","9":"tag-piattaforma-per-registrare-le-chiamate","10":"tag-pipedrive","11":"tag-programma-per-registrare-le-chiamate","12":"tag-salesforce-it","13":"tag-slack","14":"tag-software-per-registrare-le-chiamate","15":"tag-soluzione-per-registrare-le-chiamate","16":"tag-zendesk"},"wppr_data":{"cwp_meta_box_check":"No"},"acf":[],"yoast_head":"<!-- This site is optimized with the Yoast SEO plugin v27.4 - https:\/\/yoast.com\/product\/yoast-seo-wordpress\/ -->\n<title>Aircall: recensione software per registrare le chiamate - Accurate Reviews<\/title>\n<meta name=\"description\" content=\"Aircall: recensione sistema telefonico preferito dai brands che aiuta i team di vendita e supporto a comunicare in modo chiaro ed efficiente.\" \/>\n<meta name=\"robots\" content=\"index, follow, max-snippet:-1, max-image-preview:large, max-video-preview:-1\" \/>\n<link rel=\"canonical\" href=\"https:\/\/www.accuratereviews.com\/it\/programmi-per-registrare-chiamate\/aircall-recensione\/\" \/>\n<meta property=\"og:locale\" content=\"it_IT\" \/>\n<meta property=\"og:type\" content=\"article\" \/>\n<meta property=\"og:title\" content=\"Aircall: recensione software per registrare le chiamate - Accurate Reviews\" \/>\n<meta property=\"og:description\" content=\"Aircall: recensione sistema telefonico preferito dai brands che aiuta i team di vendita e supporto a comunicare in modo chiaro ed efficiente.\" \/>\n<meta property=\"og:url\" content=\"https:\/\/www.accuratereviews.com\/it\/programmi-per-registrare-chiamate\/aircall-recensione\/\" \/>\n<meta property=\"og:site_name\" content=\"Accurate Reviews\" \/>\n<meta property=\"og:image\" content=\"https:\/\/www.accuratereviews.com\/wp-content\/uploads\/2021\/12\/aircall.png\" \/>\n\t<meta property=\"og:image:width\" content=\"516\" \/>\n\t<meta property=\"og:image:height\" content=\"344\" \/>\n\t<meta property=\"og:image:type\" content=\"image\/png\" \/>\n<meta name=\"twitter:card\" content=\"summary_large_image\" \/>\n<meta name=\"twitter:label1\" content=\"Tempo di lettura stimato\" \/>\n\t<meta name=\"twitter:data1\" content=\"4 minuti\" \/>\n<script type=\"application\/ld+json\" class=\"yoast-schema-graph\">{\"@context\":\"https:\\\/\\\/schema.org\",\"@graph\":[{\"@type\":\"WebPage\",\"@id\":\"https:\\\/\\\/www.accuratereviews.com\\\/it\\\/programmi-per-registrare-chiamate\\\/aircall-recensione\\\/\",\"url\":\"https:\\\/\\\/www.accuratereviews.com\\\/it\\\/programmi-per-registrare-chiamate\\\/aircall-recensione\\\/\",\"name\":\"Aircall: recensione software per registrare le chiamate - Accurate Reviews\",\"isPartOf\":{\"@id\":\"https:\\\/\\\/www.accuratereviews.com\\\/it\\\/#website\"},\"primaryImageOfPage\":{\"@id\":\"https:\\\/\\\/www.accuratereviews.com\\\/it\\\/programmi-per-registrare-chiamate\\\/aircall-recensione\\\/#primaryimage\"},\"image\":{\"@id\":\"https:\\\/\\\/www.accuratereviews.com\\\/it\\\/programmi-per-registrare-chiamate\\\/aircall-recensione\\\/#primaryimage\"},\"thumbnailUrl\":\"https:\\\/\\\/www.accuratereviews.com\\\/wp-content\\\/uploads\\\/2021\\\/12\\\/aircall.png\",\"datePublished\":\"2021-12-06T11:23:16+00:00\",\"description\":\"Aircall: recensione sistema telefonico preferito dai brands che aiuta i team di vendita e supporto a comunicare in modo chiaro ed efficiente.\",\"breadcrumb\":{\"@id\":\"https:\\\/\\\/www.accuratereviews.com\\\/it\\\/programmi-per-registrare-chiamate\\\/aircall-recensione\\\/#breadcrumb\"},\"inLanguage\":\"it-IT\",\"potentialAction\":[{\"@type\":\"ReadAction\",\"target\":[\"https:\\\/\\\/www.accuratereviews.com\\\/it\\\/programmi-per-registrare-chiamate\\\/aircall-recensione\\\/\"]}]},{\"@type\":\"ImageObject\",\"inLanguage\":\"it-IT\",\"@id\":\"https:\\\/\\\/www.accuratereviews.com\\\/it\\\/programmi-per-registrare-chiamate\\\/aircall-recensione\\\/#primaryimage\",\"url\":\"https:\\\/\\\/www.accuratereviews.com\\\/wp-content\\\/uploads\\\/2021\\\/12\\\/aircall.png\",\"contentUrl\":\"https:\\\/\\\/www.accuratereviews.com\\\/wp-content\\\/uploads\\\/2021\\\/12\\\/aircall.png\",\"width\":516,\"height\":344},{\"@type\":\"BreadcrumbList\",\"@id\":\"https:\\\/\\\/www.accuratereviews.com\\\/it\\\/programmi-per-registrare-chiamate\\\/aircall-recensione\\\/#breadcrumb\",\"itemListElement\":[{\"@type\":\"ListItem\",\"position\":1,\"name\":\"Home\",\"item\":\"https:\\\/\\\/www.accuratereviews.com\\\/it\\\/\"},{\"@type\":\"ListItem\",\"position\":2,\"name\":\"Programmi per registrare le chiamate\",\"item\":\"https:\\\/\\\/www.accuratereviews.com\\\/it\\\/programmi-per-registrare-chiamate\\\/\"},{\"@type\":\"ListItem\",\"position\":3,\"name\":\"Aircall\"}]},{\"@type\":\"WebSite\",\"@id\":\"https:\\\/\\\/www.accuratereviews.com\\\/it\\\/#website\",\"url\":\"https:\\\/\\\/www.accuratereviews.com\\\/it\\\/\",\"name\":\"Accurate Reviews\",\"description\":\"\",\"potentialAction\":[{\"@type\":\"SearchAction\",\"target\":{\"@type\":\"EntryPoint\",\"urlTemplate\":\"https:\\\/\\\/www.accuratereviews.com\\\/it\\\/?s={search_term_string}\"},\"query-input\":{\"@type\":\"PropertyValueSpecification\",\"valueRequired\":true,\"valueName\":\"search_term_string\"}}],\"inLanguage\":\"it-IT\"}]}<\/script>\n<!-- \/ Yoast SEO plugin. -->","yoast_head_json":{"title":"Aircall: recensione software per registrare le chiamate - Accurate Reviews","description":"Aircall: recensione sistema telefonico preferito dai brands che aiuta i team di vendita e supporto a comunicare in modo chiaro ed efficiente.","robots":{"index":"index","follow":"follow","max-snippet":"max-snippet:-1","max-image-preview":"max-image-preview:large","max-video-preview":"max-video-preview:-1"},"canonical":"https:\/\/www.accuratereviews.com\/it\/programmi-per-registrare-chiamate\/aircall-recensione\/","og_locale":"it_IT","og_type":"article","og_title":"Aircall: recensione software per registrare le chiamate - Accurate Reviews","og_description":"Aircall: recensione sistema telefonico preferito dai brands che aiuta i team di vendita e supporto a comunicare in modo chiaro ed efficiente.","og_url":"https:\/\/www.accuratereviews.com\/it\/programmi-per-registrare-chiamate\/aircall-recensione\/","og_site_name":"Accurate Reviews","og_image":[{"width":516,"height":344,"url":"https:\/\/www.accuratereviews.com\/wp-content\/uploads\/2021\/12\/aircall.png","type":"image\/png"}],"twitter_card":"summary_large_image","twitter_misc":{"Tempo di lettura stimato":"4 minuti"},"schema":{"@context":"https:\/\/schema.org","@graph":[{"@type":"WebPage","@id":"https:\/\/www.accuratereviews.com\/it\/programmi-per-registrare-chiamate\/aircall-recensione\/","url":"https:\/\/www.accuratereviews.com\/it\/programmi-per-registrare-chiamate\/aircall-recensione\/","name":"Aircall: recensione software per registrare le chiamate - Accurate Reviews","isPartOf":{"@id":"https:\/\/www.accuratereviews.com\/it\/#website"},"primaryImageOfPage":{"@id":"https:\/\/www.accuratereviews.com\/it\/programmi-per-registrare-chiamate\/aircall-recensione\/#primaryimage"},"image":{"@id":"https:\/\/www.accuratereviews.com\/it\/programmi-per-registrare-chiamate\/aircall-recensione\/#primaryimage"},"thumbnailUrl":"https:\/\/www.accuratereviews.com\/wp-content\/uploads\/2021\/12\/aircall.png","datePublished":"2021-12-06T11:23:16+00:00","description":"Aircall: recensione sistema telefonico preferito dai brands che aiuta i team di vendita e supporto a comunicare in modo chiaro ed efficiente.","breadcrumb":{"@id":"https:\/\/www.accuratereviews.com\/it\/programmi-per-registrare-chiamate\/aircall-recensione\/#breadcrumb"},"inLanguage":"it-IT","potentialAction":[{"@type":"ReadAction","target":["https:\/\/www.accuratereviews.com\/it\/programmi-per-registrare-chiamate\/aircall-recensione\/"]}]},{"@type":"ImageObject","inLanguage":"it-IT","@id":"https:\/\/www.accuratereviews.com\/it\/programmi-per-registrare-chiamate\/aircall-recensione\/#primaryimage","url":"https:\/\/www.accuratereviews.com\/wp-content\/uploads\/2021\/12\/aircall.png","contentUrl":"https:\/\/www.accuratereviews.com\/wp-content\/uploads\/2021\/12\/aircall.png","width":516,"height":344},{"@type":"BreadcrumbList","@id":"https:\/\/www.accuratereviews.com\/it\/programmi-per-registrare-chiamate\/aircall-recensione\/#breadcrumb","itemListElement":[{"@type":"ListItem","position":1,"name":"Home","item":"https:\/\/www.accuratereviews.com\/it\/"},{"@type":"ListItem","position":2,"name":"Programmi per registrare le chiamate","item":"https:\/\/www.accuratereviews.com\/it\/programmi-per-registrare-chiamate\/"},{"@type":"ListItem","position":3,"name":"Aircall"}]},{"@type":"WebSite","@id":"https:\/\/www.accuratereviews.com\/it\/#website","url":"https:\/\/www.accuratereviews.com\/it\/","name":"Accurate Reviews","description":"","potentialAction":[{"@type":"SearchAction","target":{"@type":"EntryPoint","urlTemplate":"https:\/\/www.accuratereviews.com\/it\/?s={search_term_string}"},"query-input":{"@type":"PropertyValueSpecification","valueRequired":true,"valueName":"search_term_string"}}],"inLanguage":"it-IT"}]}},"_links":{"self":[{"href":"https:\/\/www.accuratereviews.com\/it\/wp-json\/wp\/v2\/pages\/50926","targetHints":{"allow":["GET"]}}],"collection":[{"href":"https:\/\/www.accuratereviews.com\/it\/wp-json\/wp\/v2\/pages"}],"about":[{"href":"https:\/\/www.accuratereviews.com\/it\/wp-json\/wp\/v2\/types\/page"}],"author":[{"embeddable":true,"href":"https:\/\/www.accuratereviews.com\/it\/wp-json\/wp\/v2\/users\/16"}],"replies":[{"embeddable":true,"href":"https:\/\/www.accuratereviews.com\/it\/wp-json\/wp\/v2\/comments?post=50926"}],"version-history":[{"count":7,"href":"https:\/\/www.accuratereviews.com\/it\/wp-json\/wp\/v2\/pages\/50926\/revisions"}],"predecessor-version":[{"id":50977,"href":"https:\/\/www.accuratereviews.com\/it\/wp-json\/wp\/v2\/pages\/50926\/revisions\/50977"}],"up":[{"embeddable":true,"href":"https:\/\/www.accuratereviews.com\/it\/wp-json\/wp\/v2\/pages\/50903"}],"wp:featuredmedia":[{"embeddable":true,"href":"https:\/\/www.accuratereviews.com\/it\/wp-json\/wp\/v2\/media\/50927"}],"wp:attachment":[{"href":"https:\/\/www.accuratereviews.com\/it\/wp-json\/wp\/v2\/media?parent=50926"}],"wp:term":[{"taxonomy":"category","embeddable":true,"href":"https:\/\/www.accuratereviews.com\/it\/wp-json\/wp\/v2\/categories?post=50926"},{"taxonomy":"post_tag","embeddable":true,"href":"https:\/\/www.accuratereviews.com\/it\/wp-json\/wp\/v2\/tags?post=50926"},{"taxonomy":"features","embeddable":true,"href":"https:\/\/www.accuratereviews.com\/it\/wp-json\/wp\/v2\/features?post=50926"}],"curies":[{"name":"wp","href":"https:\/\/api.w.org\/{rel}","templated":true}]}}