{"id":51011,"date":"2021-12-07T11:32:12","date_gmt":"2021-12-07T11:32:12","guid":{"rendered":"https:\/\/www.accuratereviews.com\/?page_id=51011"},"modified":"2021-12-10T11:09:40","modified_gmt":"2021-12-10T11:09:40","slug":"yodel-io-recensione","status":"publish","type":"page","link":"https:\/\/www.accuratereviews.com\/it\/programmi-per-registrare-chiamate\/yodel-io-recensione\/","title":{"rendered":"Yodel"},"content":{"rendered":"<p><strong>Yodel.io\u00a0<\/strong>\u00e8 un <strong>programma per registrare le chiamate<\/strong> che offre una configurazione semplice e veloce in grado di far connettere te e il tuo team in pochi minuti ai vostri strumenti preferiti. Vanta infatti di un&#8217;ampia gamma di funzionalit\u00e0 per garantire un supporto telefonico di alta qualit\u00e0 che non include solo la registrazione delle chiamate, ma anche la segreteria telefonica, la musica di attesa, i messaggi di testo, quelli di benvenuto e molto altro ancora.<br \/>\n<strong>Yodel.io<\/strong> \u00e8 un&#8217;ottima soluzione per creare anche un team remoto efficiente e funzionale che sfrutti un telefono aziendale cloud completo e raggiungibile da tutti i clienti.<\/p>\n<h2>YODEL.IO &#8211; TUTORIAL<\/h2>\n<p>Ecco un video riassuntivo delle funzionalit\u00e0 di questo potete <strong>software per registrare le chiamate<\/strong>:<\/p>\n<div id=\"fluid-wrapper-counter-1\" class=\"g1-fluid-wrapper \" style=\"width:686px;\">\n<div style=\"padding-bottom:56.268221574344%;\"><iframe loading=\"lazy\" title=\"Yodel.io Review\" width=\"515\" height=\"386\" src=\"https:\/\/www.youtube.com\/embed\/vtki7CTDUKk?feature=oembed&amp;wmode=transparent&amp;autohide=1&amp;autoplay=0&amp;disablekb=0&amp;fs=1&amp;loop=0&amp;enablejsapi=1&amp;rel=0&amp;controls=2&amp;showinfo=0&amp;wmode=transparent&amp;autohide=2&amp;autoplay=0&amp;disablekb=0&amp;fs=1&amp;loop=0&amp;enablejsapi=1&amp;rel=0&amp;controls=2&amp;showinfo=1\" frameborder=\"0\" allow=\"accelerometer; autoplay; clipboard-write; encrypted-media; gyroscope; picture-in-picture\" allowfullscreen><\/iframe><\/div>\n<\/div>\n<h3>YODEL.IO &#8211; CARATTERISTICHE<\/h3>\n<ul>\n<li><strong>Voice IVR<\/strong>: instrada i chiamanti in base a ci\u00f2 che stanno dicendo invece di lasciarli &#8220;premere 1 per le vendite, premere 2 per il supporto, ecc&#8230;&#8221;<\/li>\n<li><strong>Call Screening<\/strong>: risponde alle tue chiamate e trascrive l&#8217;intento del chiamante in modo che tu sappia sempre chi sta chiamando e perch\u00e9<\/li>\n<li><strong>Risposte predefinite<\/strong>: non hai tempo per rispondere alla chiamata? Scegli tra le risposte in scatola personalizzabili per inviare al tuo chiamante un messaggio vocale<\/li>\n<li><strong>Registrazione delle chiamate<\/strong>: attiva la registrazione delle chiamate per il tuo numero di telefono. Puoi anche attivare\/disattivare una registrazione durante una chiamata attiva<\/li>\n<li><strong>Integrazione Slack<\/strong>: approfitta dei flussi di lavoro semplificati collegando Yodel ai tuoi strumenti software. Se il tuo team vive in Slack, allora puoi collaborare, condividere e agire sulle chiamate che vengono condivise nel tuo Slack<\/li>\n<li><strong>Tag<\/strong>: aggiungi tag personalizzabili alle tue chiamate per aiutare a dare loro una descrizione, e per cercare e ordinare facilmente le tue chiamate categorizzate<\/li>\n<li><strong>Pulsante di chiamata sul sito web<\/strong>: dai ai visitatori del tuo sito un modo per chiamarti direttamente senza visualizzare un numero di telefono<\/li>\n<li><strong>Cross-device<\/strong>: lascia che il tuo team gestisca le chiamate dal suo dispositivo preferito: Sfrutta le app per desktop, iOS e Android di Yodel<\/li>\n<li><strong>Qualit\u00e0 di chiamata imbattibile<\/strong>: lavora con vettori locali di fiducia per garantire la migliore qualit\u00e0 di chiamata possibile. Yodel fornisce un servizio affidabile in termini di uptime e un&#8217;infrastruttura di chiamata sicura<\/li>\n<li><strong>Numeri di telefono internazionali<\/strong>: crea un numero di telefono nella tua area locale, disponibile in oltre 100 paesi<\/li>\n<li><strong>Numeri gratuiti<\/strong>: accedi facilmente ai numeri gratuiti nella tua area locale<\/li>\n<li><strong>Messaggi di testo (sms)<\/strong>: ti permette di inviare ai clienti che chiamano un messaggio di testo, rispondendo facilmente se non puoi raggiungere il telefono<\/li>\n<li><strong>Chiamate parallele illimitate<\/strong>: fai e ricevi chiamate parallele illimitate sullo stesso numero di telefono, allo stesso tempo<\/li>\n<li><strong>Messaggio di benvenuto<\/strong>: imposta un messaggio di benvenuto personalizzabile per salutare tutti i tuoi chiamanti in arrivo<\/li>\n<li><strong>Musica di attesa<\/strong>: ti permette di impostare una musica da far sentire ai tuoi chiamanti, se vengono messi in attesa<\/li>\n<li><strong>Segreteria<\/strong>: registrate o scrivete un messaggio personalizzato da far sentire ai vostri clienti se vengono inviati alla casella vocale<\/li>\n<li><strong>Conferencing<\/strong>: permette a tutto il tuo team di vedere facilmente le chiamate in arrivo, e di unirsi o ascoltare una chiamata quando necessario.<\/li>\n<\/ul>\n<h4>LE RECENSIONI DEGLI UTENTI<\/h4>\n<p><strong>Sean V. &#8220;Ottimo team di supporto. Ottimo prodotto&#8221;<\/strong><br \/>\nPRO: molto flessibile. Facile da integrare con altri sistemi. Supporto clienti fantastico. Prodotto molto flessibile e una grande esperienza complessiva<br \/>\nCONTRO: alcune caratteristiche sono ancora in fase di sviluppo.<\/p>\n<p><strong>Robert L. &#8220;Buona qualit\u00e0-prezzo&#8221;<\/strong><br \/>\nCOMMENTI: esperienza complessivamente buona<br \/>\nPRO: \u00e8 molto facile da usare, facile da implementare, facile da insegnare al personale. La funzionalit\u00e0 \u00e8 buona e nella maggior parte dei casi funziona bene. Il supporto clienti \u00e8 decente anche se pi\u00f9 enfasi sulle buone vibrazioni che sulla competenza significa che si ottiene ci\u00f2 per cui si paga.<br \/>\nCONTRO: ha i suoi problemi di tanto in tanto, il che potrebbe essere dovuto a come Slack fa le cose, ma diventa frustrante se il vostro staff non pu\u00f2 rispondere alle chiamate.<\/p>\n<p><strong>Paul H. &#8220;Yodal, per quando hai bisogno di un numero e un servizio di avviso di chiamata&#8221; <\/strong><br \/>\nCOMMENTI: nel complesso, la mia esperienza \u00e8 buona. Fa quello che dice e raramente ho avuto bisogno di cambiare le impostazioni<br \/>\nPRO: mi piace che sia semplice da configurare, e posso impostare le segreterie telefoniche per specifiche ore del giorno, ecc.<br \/>\nCONTRO: non mi piace che sia cos\u00ec integrato in Slack&#8230; so che \u00e8 il suo USP. Ma voglio allontanarmi dall&#8217;uso di Slack perch\u00e9 penso che sia una perdita di tempo. Yodel non ha un&#8217;app dedicata a se stesso, e se lo facesse sarebbe fantastico.<\/p>\n","protected":false},"excerpt":{"rendered":"<p>Yodel.io\u00a0\u00e8 un programma per registrare le chiamate che offre una configurazione semplice e veloce in grado di far connettere te e il tuo team in pochi minuti ai vostri strumenti preferiti. Vanta infatti di un&#8217;ampia gamma di funzionalit\u00e0 per garantire un supporto telefonico di alta qualit\u00e0 che non include solo la registrazione delle chiamate, ma anche la segreteria telefonica, la musica di attesa, i messaggi di testo, quelli di benvenuto e molto altro ancora.<\/p>\n","protected":false},"author":17,"featured_media":51012,"parent":50903,"menu_order":0,"comment_status":"open","ping_status":"closed","template":"g1_template_page_review_new.php","meta":{"_acf_changed":false,"cwp_meta_box_check":"No","cwp_rev_product_name":"","cwp_rev_product_image":"","wppr_links":[],"cwp_rev_price":"","wppr_options":[],"wppr_pros":[],"wppr_cons":[],"_monsterinsights_skip_tracking":false,"_monsterinsights_sitenote_active":false,"_monsterinsights_sitenote_note":"","_monsterinsights_sitenote_category":0,"footnotes":""},"categories":[11631],"tags":[11638,11636,11650,11633,11637,11634,11635],"features":[],"class_list":{"0":"post-51011","1":"page","2":"type-page","3":"status-publish","4":"has-post-thumbnail","6":"category-programma-per-registrare-chiamate-categoria","7":"tag-chiamate-registrate","8":"tag-piattaforma-per-registrare-le-chiamate","9":"tag-programma-per-registrare-le-chiamate","10":"tag-programmi-per-registrare-le-chiamate","11":"tag-registrare-le-chiamate","12":"tag-software-per-registrare-le-chiamate","13":"tag-soluzione-per-registrare-le-chiamate"},"wppr_data":{"cwp_meta_box_check":"No"},"acf":[],"yoast_head":"<!-- This site is optimized with the Yoast SEO plugin v27.4 - https:\/\/yoast.com\/product\/yoast-seo-wordpress\/ -->\n<title>Yodel : recensione programma registrare chiamate - Accurate Reviews<\/title>\n<meta name=\"description\" content=\"Yodel.io: recensione del programma per registrare le chiamate che offre una configurazione semplice e veloce.\" \/>\n<meta name=\"robots\" content=\"index, follow, max-snippet:-1, max-image-preview:large, max-video-preview:-1\" \/>\n<link rel=\"canonical\" href=\"https:\/\/www.accuratereviews.com\/it\/programmi-per-registrare-chiamate\/yodel-io-recensione\/\" \/>\n<meta property=\"og:locale\" content=\"it_IT\" \/>\n<meta property=\"og:type\" content=\"article\" \/>\n<meta property=\"og:title\" content=\"Yodel : recensione programma registrare chiamate - Accurate Reviews\" \/>\n<meta property=\"og:description\" content=\"Yodel.io: recensione del programma per registrare le chiamate che offre una configurazione semplice e veloce.\" \/>\n<meta property=\"og:url\" content=\"https:\/\/www.accuratereviews.com\/it\/programmi-per-registrare-chiamate\/yodel-io-recensione\/\" \/>\n<meta property=\"og:site_name\" content=\"Accurate Reviews\" \/>\n<meta property=\"article:modified_time\" content=\"2021-12-10T11:09:40+00:00\" \/>\n<meta property=\"og:image\" content=\"https:\/\/www.accuratereviews.com\/wp-content\/uploads\/2021\/12\/yodel-io-logo-vector.png\" \/>\n\t<meta property=\"og:image:width\" content=\"900\" \/>\n\t<meta property=\"og:image:height\" content=\"500\" \/>\n\t<meta property=\"og:image:type\" content=\"image\/png\" \/>\n<meta name=\"twitter:card\" content=\"summary_large_image\" \/>\n<meta name=\"twitter:label1\" content=\"Tempo di lettura stimato\" \/>\n\t<meta name=\"twitter:data1\" content=\"4 minuti\" \/>\n<script type=\"application\/ld+json\" class=\"yoast-schema-graph\">{\"@context\":\"https:\\\/\\\/schema.org\",\"@graph\":[{\"@type\":\"WebPage\",\"@id\":\"https:\\\/\\\/www.accuratereviews.com\\\/it\\\/programmi-per-registrare-chiamate\\\/yodel-io-recensione\\\/\",\"url\":\"https:\\\/\\\/www.accuratereviews.com\\\/it\\\/programmi-per-registrare-chiamate\\\/yodel-io-recensione\\\/\",\"name\":\"Yodel : recensione programma registrare chiamate - Accurate Reviews\",\"isPartOf\":{\"@id\":\"https:\\\/\\\/www.accuratereviews.com\\\/it\\\/#website\"},\"primaryImageOfPage\":{\"@id\":\"https:\\\/\\\/www.accuratereviews.com\\\/it\\\/programmi-per-registrare-chiamate\\\/yodel-io-recensione\\\/#primaryimage\"},\"image\":{\"@id\":\"https:\\\/\\\/www.accuratereviews.com\\\/it\\\/programmi-per-registrare-chiamate\\\/yodel-io-recensione\\\/#primaryimage\"},\"thumbnailUrl\":\"https:\\\/\\\/www.accuratereviews.com\\\/wp-content\\\/uploads\\\/2021\\\/12\\\/yodel-io-logo-vector.png\",\"datePublished\":\"2021-12-07T11:32:12+00:00\",\"dateModified\":\"2021-12-10T11:09:40+00:00\",\"description\":\"Yodel.io: recensione del programma per registrare le chiamate che offre una configurazione semplice e veloce.\",\"breadcrumb\":{\"@id\":\"https:\\\/\\\/www.accuratereviews.com\\\/it\\\/programmi-per-registrare-chiamate\\\/yodel-io-recensione\\\/#breadcrumb\"},\"inLanguage\":\"it-IT\",\"potentialAction\":[{\"@type\":\"ReadAction\",\"target\":[\"https:\\\/\\\/www.accuratereviews.com\\\/it\\\/programmi-per-registrare-chiamate\\\/yodel-io-recensione\\\/\"]}]},{\"@type\":\"ImageObject\",\"inLanguage\":\"it-IT\",\"@id\":\"https:\\\/\\\/www.accuratereviews.com\\\/it\\\/programmi-per-registrare-chiamate\\\/yodel-io-recensione\\\/#primaryimage\",\"url\":\"https:\\\/\\\/www.accuratereviews.com\\\/wp-content\\\/uploads\\\/2021\\\/12\\\/yodel-io-logo-vector.png\",\"contentUrl\":\"https:\\\/\\\/www.accuratereviews.com\\\/wp-content\\\/uploads\\\/2021\\\/12\\\/yodel-io-logo-vector.png\",\"width\":900,\"height\":500},{\"@type\":\"BreadcrumbList\",\"@id\":\"https:\\\/\\\/www.accuratereviews.com\\\/it\\\/programmi-per-registrare-chiamate\\\/yodel-io-recensione\\\/#breadcrumb\",\"itemListElement\":[{\"@type\":\"ListItem\",\"position\":1,\"name\":\"Home\",\"item\":\"https:\\\/\\\/www.accuratereviews.com\\\/it\\\/\"},{\"@type\":\"ListItem\",\"position\":2,\"name\":\"Programmi per registrare le chiamate\",\"item\":\"https:\\\/\\\/www.accuratereviews.com\\\/it\\\/programmi-per-registrare-chiamate\\\/\"},{\"@type\":\"ListItem\",\"position\":3,\"name\":\"Yodel\"}]},{\"@type\":\"WebSite\",\"@id\":\"https:\\\/\\\/www.accuratereviews.com\\\/it\\\/#website\",\"url\":\"https:\\\/\\\/www.accuratereviews.com\\\/it\\\/\",\"name\":\"Accurate Reviews\",\"description\":\"\",\"potentialAction\":[{\"@type\":\"SearchAction\",\"target\":{\"@type\":\"EntryPoint\",\"urlTemplate\":\"https:\\\/\\\/www.accuratereviews.com\\\/it\\\/?s={search_term_string}\"},\"query-input\":{\"@type\":\"PropertyValueSpecification\",\"valueRequired\":true,\"valueName\":\"search_term_string\"}}],\"inLanguage\":\"it-IT\"}]}<\/script>\n<!-- \/ Yoast SEO plugin. -->","yoast_head_json":{"title":"Yodel : recensione programma registrare chiamate - Accurate Reviews","description":"Yodel.io: recensione del programma per registrare le chiamate che offre una configurazione semplice e veloce.","robots":{"index":"index","follow":"follow","max-snippet":"max-snippet:-1","max-image-preview":"max-image-preview:large","max-video-preview":"max-video-preview:-1"},"canonical":"https:\/\/www.accuratereviews.com\/it\/programmi-per-registrare-chiamate\/yodel-io-recensione\/","og_locale":"it_IT","og_type":"article","og_title":"Yodel : recensione programma registrare chiamate - Accurate Reviews","og_description":"Yodel.io: recensione del programma per registrare le chiamate che offre una configurazione semplice e veloce.","og_url":"https:\/\/www.accuratereviews.com\/it\/programmi-per-registrare-chiamate\/yodel-io-recensione\/","og_site_name":"Accurate Reviews","article_modified_time":"2021-12-10T11:09:40+00:00","og_image":[{"width":900,"height":500,"url":"https:\/\/www.accuratereviews.com\/wp-content\/uploads\/2021\/12\/yodel-io-logo-vector.png","type":"image\/png"}],"twitter_card":"summary_large_image","twitter_misc":{"Tempo di lettura stimato":"4 minuti"},"schema":{"@context":"https:\/\/schema.org","@graph":[{"@type":"WebPage","@id":"https:\/\/www.accuratereviews.com\/it\/programmi-per-registrare-chiamate\/yodel-io-recensione\/","url":"https:\/\/www.accuratereviews.com\/it\/programmi-per-registrare-chiamate\/yodel-io-recensione\/","name":"Yodel : recensione programma registrare chiamate - Accurate Reviews","isPartOf":{"@id":"https:\/\/www.accuratereviews.com\/it\/#website"},"primaryImageOfPage":{"@id":"https:\/\/www.accuratereviews.com\/it\/programmi-per-registrare-chiamate\/yodel-io-recensione\/#primaryimage"},"image":{"@id":"https:\/\/www.accuratereviews.com\/it\/programmi-per-registrare-chiamate\/yodel-io-recensione\/#primaryimage"},"thumbnailUrl":"https:\/\/www.accuratereviews.com\/wp-content\/uploads\/2021\/12\/yodel-io-logo-vector.png","datePublished":"2021-12-07T11:32:12+00:00","dateModified":"2021-12-10T11:09:40+00:00","description":"Yodel.io: recensione del programma per registrare le chiamate che offre una configurazione semplice e veloce.","breadcrumb":{"@id":"https:\/\/www.accuratereviews.com\/it\/programmi-per-registrare-chiamate\/yodel-io-recensione\/#breadcrumb"},"inLanguage":"it-IT","potentialAction":[{"@type":"ReadAction","target":["https:\/\/www.accuratereviews.com\/it\/programmi-per-registrare-chiamate\/yodel-io-recensione\/"]}]},{"@type":"ImageObject","inLanguage":"it-IT","@id":"https:\/\/www.accuratereviews.com\/it\/programmi-per-registrare-chiamate\/yodel-io-recensione\/#primaryimage","url":"https:\/\/www.accuratereviews.com\/wp-content\/uploads\/2021\/12\/yodel-io-logo-vector.png","contentUrl":"https:\/\/www.accuratereviews.com\/wp-content\/uploads\/2021\/12\/yodel-io-logo-vector.png","width":900,"height":500},{"@type":"BreadcrumbList","@id":"https:\/\/www.accuratereviews.com\/it\/programmi-per-registrare-chiamate\/yodel-io-recensione\/#breadcrumb","itemListElement":[{"@type":"ListItem","position":1,"name":"Home","item":"https:\/\/www.accuratereviews.com\/it\/"},{"@type":"ListItem","position":2,"name":"Programmi per registrare le chiamate","item":"https:\/\/www.accuratereviews.com\/it\/programmi-per-registrare-chiamate\/"},{"@type":"ListItem","position":3,"name":"Yodel"}]},{"@type":"WebSite","@id":"https:\/\/www.accuratereviews.com\/it\/#website","url":"https:\/\/www.accuratereviews.com\/it\/","name":"Accurate Reviews","description":"","potentialAction":[{"@type":"SearchAction","target":{"@type":"EntryPoint","urlTemplate":"https:\/\/www.accuratereviews.com\/it\/?s={search_term_string}"},"query-input":{"@type":"PropertyValueSpecification","valueRequired":true,"valueName":"search_term_string"}}],"inLanguage":"it-IT"}]}},"_links":{"self":[{"href":"https:\/\/www.accuratereviews.com\/it\/wp-json\/wp\/v2\/pages\/51011","targetHints":{"allow":["GET"]}}],"collection":[{"href":"https:\/\/www.accuratereviews.com\/it\/wp-json\/wp\/v2\/pages"}],"about":[{"href":"https:\/\/www.accuratereviews.com\/it\/wp-json\/wp\/v2\/types\/page"}],"author":[{"embeddable":true,"href":"https:\/\/www.accuratereviews.com\/it\/wp-json\/wp\/v2\/users\/17"}],"replies":[{"embeddable":true,"href":"https:\/\/www.accuratereviews.com\/it\/wp-json\/wp\/v2\/comments?post=51011"}],"version-history":[{"count":7,"href":"https:\/\/www.accuratereviews.com\/it\/wp-json\/wp\/v2\/pages\/51011\/revisions"}],"predecessor-version":[{"id":51152,"href":"https:\/\/www.accuratereviews.com\/it\/wp-json\/wp\/v2\/pages\/51011\/revisions\/51152"}],"up":[{"embeddable":true,"href":"https:\/\/www.accuratereviews.com\/it\/wp-json\/wp\/v2\/pages\/50903"}],"wp:featuredmedia":[{"embeddable":true,"href":"https:\/\/www.accuratereviews.com\/it\/wp-json\/wp\/v2\/media\/51012"}],"wp:attachment":[{"href":"https:\/\/www.accuratereviews.com\/it\/wp-json\/wp\/v2\/media?parent=51011"}],"wp:term":[{"taxonomy":"category","embeddable":true,"href":"https:\/\/www.accuratereviews.com\/it\/wp-json\/wp\/v2\/categories?post=51011"},{"taxonomy":"post_tag","embeddable":true,"href":"https:\/\/www.accuratereviews.com\/it\/wp-json\/wp\/v2\/tags?post=51011"},{"taxonomy":"features","embeddable":true,"href":"https:\/\/www.accuratereviews.com\/it\/wp-json\/wp\/v2\/features?post=51011"}],"curies":[{"name":"wp","href":"https:\/\/api.w.org\/{rel}","templated":true}]}}