{"id":51041,"date":"2021-12-09T15:18:33","date_gmt":"2021-12-09T15:18:33","guid":{"rendered":"https:\/\/www.accuratereviews.com\/?page_id=51041"},"modified":"2021-12-09T15:18:33","modified_gmt":"2021-12-09T15:18:33","slug":"ringcentral-mvp-recensione","status":"publish","type":"page","link":"https:\/\/www.accuratereviews.com\/it\/programmi-per-registrare-chiamate\/ringcentral-mvp-recensione\/","title":{"rendered":"RingCentral MVP"},"content":{"rendered":"<p><strong>RingCentral MVP<\/strong> \u00e8 una<strong> soluzione di comunicazione unificata<\/strong> che consente agli utenti di ricevere ed effettuare chiamate di lavoro, messaggi vocali, fax e messaggi di testo. Le organizzazioni di tutte le dimensioni possono consentire ai propri dipendenti di migliorare la comunicazione con i propri clienti, partner e colleghi, permettendo loro di lavorare con qualsiasi dispositivo desiderano, dove vogliono.\u00a0<strong>RingCentral MVP<\/strong> fornisce un set completo di funzionalit\u00e0 che aiuta a ottimizzare le comunicazioni aziendali trasformando i dispositivi BYOD (porta il tuo dispositivo al lavoro) in telefoni aziendali, consentendo agli utenti di gestire l&#8217;intero sistema telefonico aziendale dal proprio computer desktop o dispositivo intelligente, da qualsiasi luogo. Gli utenti possono aggiungere e cambiare utente, gestire interni e gruppi, assegnare telefoni e altro ancora. La piattaforma consente inoltre ai dipendenti di controllare la posta vocale aziendale, inviare e ricevere fax aziendali e accedere alla directory aziendale.<\/p>\n<h2>RINGCENTRAL MVP &#8211; TUTORIAL<\/h2>\n<p>Guardiamo come sfruttare al massimo gli strumenti di questo <strong>software di registrazione chiamate<\/strong>:<\/p>\n<div id=\"fluid-wrapper-counter-1\" class=\"g1-fluid-wrapper \" style=\"width:686px;\">\n<div style=\"padding-bottom:56.268221574344%;\"><iframe loading=\"lazy\" title=\"Welcome to RingCentral: Message, Video, Phone. Hello to Possibilities\" width=\"686\" height=\"386\" src=\"https:\/\/www.youtube.com\/embed\/lmvJAwgjOA8?feature=oembed&amp;wmode=transparent&amp;autohide=1&amp;autoplay=0&amp;disablekb=0&amp;fs=1&amp;loop=0&amp;enablejsapi=1&amp;rel=0&amp;controls=2&amp;showinfo=0&amp;wmode=transparent&amp;autohide=2&amp;autoplay=0&amp;disablekb=0&amp;fs=1&amp;loop=0&amp;enablejsapi=1&amp;rel=0&amp;controls=2&amp;showinfo=1\" frameborder=\"0\" allow=\"accelerometer; autoplay; clipboard-write; encrypted-media; gyroscope; picture-in-picture\" allowfullscreen><\/iframe><\/div>\n<\/div>\n<h3>RINGCENTRAL MVP &#8211; CARATTERISTICHE<\/h3>\n<ul>\n<li>Condivisione di documenti<\/li>\n<li>Numeri di telefono aziendali in oltre 100 paesi<\/li>\n<li>Internet fax illimitato<\/li>\n<li>Audioconferenza illimitata<\/li>\n<li>Riunioni video con un massimo di 100 partecipanti<\/li>\n<li>Durata della riunione fino a 24 ore<\/li>\n<li>Rapporti sulla qualit\u00e0 del servizio<\/li>\n<li>Integrazioni popolari tra cui:\u00a0Microsoft 365, Google Workspace, Slack\u00a0e altro ancora<\/li>\n<li>Assistenza 24 ore su 24, 7 giorni su 7<\/li>\n<li>Registrazione automatica delle chiamate<\/li>\n<li>Accesso singolo<\/li>\n<li>Amministrazione e gestione multisito<\/li>\n<li>Numeri interni fino a 8 cifre con codici sito<\/li>\n<li>Gestione avanzata delle chiamate tra cui sussurro, inclusione e altro<\/li>\n<li>Riunioni video fino a 200 partecipanti<\/li>\n<li>Analisi in tempo reale<\/li>\n<li>Integrazioni CRM popolari con Salesforce, Zendesk e altro<\/li>\n<li>Piattaforma per sviluppatori e integrazioni personalizzate<\/li>\n<li>Integrazioni specifiche del settore con Canvas, Smarsh e altro<\/li>\n<\/ul>\n<h4>LE RECENSIONI DEGLI UTENTI<\/h4>\n<p class=\"font-weight-bold mb-2\"><strong>Ryan C.&#8221;Ci hanno salvato da un antico sistema ShoreTel e ci hanno aiutato ad abbracciare il lavoro a distanza&#8221;<\/strong><\/p>\n<p><span class=\"font-weight-bold\"><strong>Commenti<\/strong>: <\/span>RingCentral \u00e8 nel settore voip da molto tempo ormai. Sono enormi, ben definiti e coerenti nell&#8217;intera esperienza di vendita, progettazione, implementazione e formazione. Quando sali a bordo, ti senti come se stessi ottenendo l&#8217;accesso a un&#8217;enorme risorsa che ha fatto questo abbastanza a lungo da far fallire il loro gioco. Paghi di pi\u00f9 per quel tipo di esperienza e per noi ne \u00e8 valsa la pena.<\/p>\n<p class=\"font-weight-bold mb-2\"><strong>Pro<\/strong>:\u00a0La piattaforma sembra moderna e robusta. Mi piace che gli utenti finali possano installare il client senza che dobbiamo distribuire msi. La sola qualit\u00e0 del suono durante le chiamate era notte dopo giorno dal nostro sistema onprem con trunk SIP. Eravamo preoccupati per la qualit\u00e0, ma non \u00e8 stato un problema. \u00c8 bello avere una piattaforma che migliora costantemente nel tempo, senza che dobbiamo sborsare pi\u00f9 soldi per spingere il venditore a offrire di pi\u00f9. Se disponi di solide connessioni Internet nella tua attivit\u00e0, starai bene.<\/p>\n<p class=\"font-weight-bold mb-2\"><strong>Contro<\/strong>:\u00a0L&#8217;offerta era un po&#8217; pi\u00f9 costosa rispetto ai concorrenti. Ne vale la pena secondo me per\u00f2.<\/p>\n<p class=\"font-weight-bold mb-2\"><strong>Shane B.&#8221;Suite di comunicazione completa&#8221;<\/strong><\/p>\n<p><span class=\"font-weight-bold\"><strong>Commenti<\/strong>: <\/span>La mia esperienza complessiva con Ringcentral \u00e8 molto positiva. L&#8217;esperienza di acquisto \u00e8 stata rapida, utile e facile. Una volta acquistato il software, abbiamo ricevuto tutto il supporto di cui avevamo bisogno per iniziare. Siamo stati operativi molto rapidamente e la formazione degli utenti \u00e8 stata facile. Consiglio vivamente il prodotto.<\/p>\n<p class=\"font-weight-bold mb-2\"><strong>Pro<\/strong>:\u00a0La cosa migliore del software \u00e8 quanto sia intuitivo e facile da usare. Non hanno cercato di reinventare la ruota e darti un&#8217;interfaccia che non hai mai visto prima. Tutto sembra essere posizionato dove ti aspetteresti che sia e non hai bisogno di scavare costantemente per ottenere informazioni. Mi piace anche che negli ultimi anni abbiano spostato tutte le loro app in un&#8217;unica app per renderlo molto pi\u00f9 semplice.<\/p>\n<p class=\"font-weight-bold mb-2\"><strong>Contro<\/strong>:\u00a0Non mi piace che una volta fossero pi\u00f9 di un&#8217;applicazione per riunioni, chiamate e messaggistica istantanea. Era noioso passare da uno all&#8217;altro. Ora che li hanno fusi tutti insieme, \u00e8 molto meglio.<\/p>\n<p class=\"font-weight-bold mb-2\"><strong>Martha L.&#8221;RingCentral di gran lunga migliore!&#8221;<\/strong><\/p>\n<p><span class=\"font-weight-bold\"><strong>Commenti<\/strong>: <\/span>Sono di gran lunga 100 volte meglio di Nextiva!<\/p>\n<p class=\"font-weight-bold mb-2\"><strong>Pro<\/strong>:\u00a0Tutto, software molto amichevole. Amo il software.<\/p>\n<p class=\"font-weight-bold mb-2\"><strong>Contro<\/strong>:\u00a0Un paio di volte il mio messaggio non \u00e8 uscito. Ma \u00e8 stato risolto dopo aver segnalato il problema.<\/p>\n","protected":false},"excerpt":{"rendered":"<p>RingCentral MVP \u00e8 una soluzione di comunicazione unificata che consente agli utenti di ricevere ed effettuare chiamate di lavoro, messaggi vocali, fax e messaggi di testo. Le organizzazioni di tutte le dimensioni possono consentire ai propri dipendenti di migliorare la comunicazione con i propri clienti, partner e colleghi, permettendo loro di lavorare con qualsiasi dispositivo desiderano, dove vogliono.\u00a0<\/p>\n","protected":false},"author":16,"featured_media":51042,"parent":50903,"menu_order":0,"comment_status":"open","ping_status":"closed","template":"g1_template_page_review_new.php","meta":{"_acf_changed":false,"cwp_meta_box_check":"No","cwp_rev_product_name":"","cwp_rev_product_image":"","wppr_links":[],"cwp_rev_price":"","wppr_options":[],"wppr_pros":[],"wppr_cons":[],"_monsterinsights_skip_tracking":false,"_monsterinsights_sitenote_active":false,"_monsterinsights_sitenote_note":"","_monsterinsights_sitenote_category":0,"footnotes":""},"categories":[11631],"tags":[11636,11650,11637,11659,11634,11635],"features":[],"class_list":{"0":"post-51041","1":"page","2":"type-page","3":"status-publish","4":"has-post-thumbnail","6":"category-programma-per-registrare-chiamate-categoria","7":"tag-piattaforma-per-registrare-le-chiamate","8":"tag-programma-per-registrare-le-chiamate","9":"tag-registrare-le-chiamate","10":"tag-ringcentral-mvp","11":"tag-software-per-registrare-le-chiamate","12":"tag-soluzione-per-registrare-le-chiamate"},"wppr_data":{"cwp_meta_box_check":"No"},"acf":[],"yoast_head":"<!-- This site is optimized with the Yoast SEO plugin v27.4 - https:\/\/yoast.com\/product\/yoast-seo-wordpress\/ -->\n<title>RingCentral MVP: registrazione software registrazione chiamate<\/title>\n<meta name=\"description\" content=\"RingCentral MVP: recensione soluzione di comunicazione unificata che consente di ricevere ed effettuare chiamate, messaggi vocali, fax e messaggi di testo.\" \/>\n<meta name=\"robots\" content=\"index, follow, max-snippet:-1, max-image-preview:large, max-video-preview:-1\" \/>\n<link rel=\"canonical\" href=\"https:\/\/www.accuratereviews.com\/it\/programmi-per-registrare-chiamate\/ringcentral-mvp-recensione\/\" \/>\n<meta property=\"og:locale\" content=\"it_IT\" \/>\n<meta property=\"og:type\" content=\"article\" \/>\n<meta property=\"og:title\" content=\"RingCentral MVP: registrazione software registrazione chiamate\" \/>\n<meta property=\"og:description\" content=\"RingCentral MVP: recensione soluzione di comunicazione unificata che consente di ricevere ed effettuare chiamate, messaggi vocali, fax e messaggi di testo.\" \/>\n<meta property=\"og:url\" content=\"https:\/\/www.accuratereviews.com\/it\/programmi-per-registrare-chiamate\/ringcentral-mvp-recensione\/\" \/>\n<meta property=\"og:site_name\" content=\"Accurate Reviews\" \/>\n<meta property=\"og:image\" content=\"https:\/\/www.accuratereviews.com\/wp-content\/uploads\/2021\/12\/RingCentral-MVP.jpeg\" \/>\n\t<meta property=\"og:image:width\" content=\"1137\" \/>\n\t<meta property=\"og:image:height\" content=\"640\" \/>\n\t<meta property=\"og:image:type\" content=\"image\/jpeg\" \/>\n<meta name=\"twitter:card\" content=\"summary_large_image\" \/>\n<meta name=\"twitter:label1\" content=\"Tempo di lettura stimato\" \/>\n\t<meta name=\"twitter:data1\" content=\"2 minuti\" \/>\n<script type=\"application\/ld+json\" class=\"yoast-schema-graph\">{\"@context\":\"https:\\\/\\\/schema.org\",\"@graph\":[{\"@type\":\"WebPage\",\"@id\":\"https:\\\/\\\/www.accuratereviews.com\\\/it\\\/programmi-per-registrare-chiamate\\\/ringcentral-mvp-recensione\\\/\",\"url\":\"https:\\\/\\\/www.accuratereviews.com\\\/it\\\/programmi-per-registrare-chiamate\\\/ringcentral-mvp-recensione\\\/\",\"name\":\"RingCentral MVP: registrazione software registrazione chiamate\",\"isPartOf\":{\"@id\":\"https:\\\/\\\/www.accuratereviews.com\\\/it\\\/#website\"},\"primaryImageOfPage\":{\"@id\":\"https:\\\/\\\/www.accuratereviews.com\\\/it\\\/programmi-per-registrare-chiamate\\\/ringcentral-mvp-recensione\\\/#primaryimage\"},\"image\":{\"@id\":\"https:\\\/\\\/www.accuratereviews.com\\\/it\\\/programmi-per-registrare-chiamate\\\/ringcentral-mvp-recensione\\\/#primaryimage\"},\"thumbnailUrl\":\"https:\\\/\\\/www.accuratereviews.com\\\/wp-content\\\/uploads\\\/2021\\\/12\\\/RingCentral-MVP.jpeg\",\"datePublished\":\"2021-12-09T15:18:33+00:00\",\"description\":\"RingCentral MVP: recensione soluzione di comunicazione unificata che consente di ricevere ed effettuare chiamate, messaggi vocali, fax e messaggi di testo.\",\"breadcrumb\":{\"@id\":\"https:\\\/\\\/www.accuratereviews.com\\\/it\\\/programmi-per-registrare-chiamate\\\/ringcentral-mvp-recensione\\\/#breadcrumb\"},\"inLanguage\":\"it-IT\",\"potentialAction\":[{\"@type\":\"ReadAction\",\"target\":[\"https:\\\/\\\/www.accuratereviews.com\\\/it\\\/programmi-per-registrare-chiamate\\\/ringcentral-mvp-recensione\\\/\"]}]},{\"@type\":\"ImageObject\",\"inLanguage\":\"it-IT\",\"@id\":\"https:\\\/\\\/www.accuratereviews.com\\\/it\\\/programmi-per-registrare-chiamate\\\/ringcentral-mvp-recensione\\\/#primaryimage\",\"url\":\"https:\\\/\\\/www.accuratereviews.com\\\/wp-content\\\/uploads\\\/2021\\\/12\\\/RingCentral-MVP.jpeg\",\"contentUrl\":\"https:\\\/\\\/www.accuratereviews.com\\\/wp-content\\\/uploads\\\/2021\\\/12\\\/RingCentral-MVP.jpeg\",\"width\":1137,\"height\":640},{\"@type\":\"BreadcrumbList\",\"@id\":\"https:\\\/\\\/www.accuratereviews.com\\\/it\\\/programmi-per-registrare-chiamate\\\/ringcentral-mvp-recensione\\\/#breadcrumb\",\"itemListElement\":[{\"@type\":\"ListItem\",\"position\":1,\"name\":\"Home\",\"item\":\"https:\\\/\\\/www.accuratereviews.com\\\/it\\\/\"},{\"@type\":\"ListItem\",\"position\":2,\"name\":\"Programmi per registrare le chiamate\",\"item\":\"https:\\\/\\\/www.accuratereviews.com\\\/it\\\/programmi-per-registrare-chiamate\\\/\"},{\"@type\":\"ListItem\",\"position\":3,\"name\":\"RingCentral MVP\"}]},{\"@type\":\"WebSite\",\"@id\":\"https:\\\/\\\/www.accuratereviews.com\\\/it\\\/#website\",\"url\":\"https:\\\/\\\/www.accuratereviews.com\\\/it\\\/\",\"name\":\"Accurate Reviews\",\"description\":\"\",\"potentialAction\":[{\"@type\":\"SearchAction\",\"target\":{\"@type\":\"EntryPoint\",\"urlTemplate\":\"https:\\\/\\\/www.accuratereviews.com\\\/it\\\/?s={search_term_string}\"},\"query-input\":{\"@type\":\"PropertyValueSpecification\",\"valueRequired\":true,\"valueName\":\"search_term_string\"}}],\"inLanguage\":\"it-IT\"}]}<\/script>\n<!-- \/ Yoast SEO plugin. -->","yoast_head_json":{"title":"RingCentral MVP: registrazione software registrazione chiamate","description":"RingCentral MVP: recensione soluzione di comunicazione unificata che consente di ricevere ed effettuare chiamate, messaggi vocali, fax e messaggi di testo.","robots":{"index":"index","follow":"follow","max-snippet":"max-snippet:-1","max-image-preview":"max-image-preview:large","max-video-preview":"max-video-preview:-1"},"canonical":"https:\/\/www.accuratereviews.com\/it\/programmi-per-registrare-chiamate\/ringcentral-mvp-recensione\/","og_locale":"it_IT","og_type":"article","og_title":"RingCentral MVP: registrazione software registrazione chiamate","og_description":"RingCentral MVP: recensione soluzione di comunicazione unificata che consente di ricevere ed effettuare chiamate, messaggi vocali, fax e messaggi di testo.","og_url":"https:\/\/www.accuratereviews.com\/it\/programmi-per-registrare-chiamate\/ringcentral-mvp-recensione\/","og_site_name":"Accurate Reviews","og_image":[{"width":1137,"height":640,"url":"https:\/\/www.accuratereviews.com\/wp-content\/uploads\/2021\/12\/RingCentral-MVP.jpeg","type":"image\/jpeg"}],"twitter_card":"summary_large_image","twitter_misc":{"Tempo di lettura stimato":"2 minuti"},"schema":{"@context":"https:\/\/schema.org","@graph":[{"@type":"WebPage","@id":"https:\/\/www.accuratereviews.com\/it\/programmi-per-registrare-chiamate\/ringcentral-mvp-recensione\/","url":"https:\/\/www.accuratereviews.com\/it\/programmi-per-registrare-chiamate\/ringcentral-mvp-recensione\/","name":"RingCentral MVP: registrazione software registrazione chiamate","isPartOf":{"@id":"https:\/\/www.accuratereviews.com\/it\/#website"},"primaryImageOfPage":{"@id":"https:\/\/www.accuratereviews.com\/it\/programmi-per-registrare-chiamate\/ringcentral-mvp-recensione\/#primaryimage"},"image":{"@id":"https:\/\/www.accuratereviews.com\/it\/programmi-per-registrare-chiamate\/ringcentral-mvp-recensione\/#primaryimage"},"thumbnailUrl":"https:\/\/www.accuratereviews.com\/wp-content\/uploads\/2021\/12\/RingCentral-MVP.jpeg","datePublished":"2021-12-09T15:18:33+00:00","description":"RingCentral MVP: recensione soluzione di comunicazione unificata che consente di ricevere ed effettuare chiamate, messaggi vocali, fax e messaggi di testo.","breadcrumb":{"@id":"https:\/\/www.accuratereviews.com\/it\/programmi-per-registrare-chiamate\/ringcentral-mvp-recensione\/#breadcrumb"},"inLanguage":"it-IT","potentialAction":[{"@type":"ReadAction","target":["https:\/\/www.accuratereviews.com\/it\/programmi-per-registrare-chiamate\/ringcentral-mvp-recensione\/"]}]},{"@type":"ImageObject","inLanguage":"it-IT","@id":"https:\/\/www.accuratereviews.com\/it\/programmi-per-registrare-chiamate\/ringcentral-mvp-recensione\/#primaryimage","url":"https:\/\/www.accuratereviews.com\/wp-content\/uploads\/2021\/12\/RingCentral-MVP.jpeg","contentUrl":"https:\/\/www.accuratereviews.com\/wp-content\/uploads\/2021\/12\/RingCentral-MVP.jpeg","width":1137,"height":640},{"@type":"BreadcrumbList","@id":"https:\/\/www.accuratereviews.com\/it\/programmi-per-registrare-chiamate\/ringcentral-mvp-recensione\/#breadcrumb","itemListElement":[{"@type":"ListItem","position":1,"name":"Home","item":"https:\/\/www.accuratereviews.com\/it\/"},{"@type":"ListItem","position":2,"name":"Programmi per registrare le chiamate","item":"https:\/\/www.accuratereviews.com\/it\/programmi-per-registrare-chiamate\/"},{"@type":"ListItem","position":3,"name":"RingCentral MVP"}]},{"@type":"WebSite","@id":"https:\/\/www.accuratereviews.com\/it\/#website","url":"https:\/\/www.accuratereviews.com\/it\/","name":"Accurate Reviews","description":"","potentialAction":[{"@type":"SearchAction","target":{"@type":"EntryPoint","urlTemplate":"https:\/\/www.accuratereviews.com\/it\/?s={search_term_string}"},"query-input":{"@type":"PropertyValueSpecification","valueRequired":true,"valueName":"search_term_string"}}],"inLanguage":"it-IT"}]}},"_links":{"self":[{"href":"https:\/\/www.accuratereviews.com\/it\/wp-json\/wp\/v2\/pages\/51041","targetHints":{"allow":["GET"]}}],"collection":[{"href":"https:\/\/www.accuratereviews.com\/it\/wp-json\/wp\/v2\/pages"}],"about":[{"href":"https:\/\/www.accuratereviews.com\/it\/wp-json\/wp\/v2\/types\/page"}],"author":[{"embeddable":true,"href":"https:\/\/www.accuratereviews.com\/it\/wp-json\/wp\/v2\/users\/16"}],"replies":[{"embeddable":true,"href":"https:\/\/www.accuratereviews.com\/it\/wp-json\/wp\/v2\/comments?post=51041"}],"version-history":[{"count":7,"href":"https:\/\/www.accuratereviews.com\/it\/wp-json\/wp\/v2\/pages\/51041\/revisions"}],"predecessor-version":[{"id":51105,"href":"https:\/\/www.accuratereviews.com\/it\/wp-json\/wp\/v2\/pages\/51041\/revisions\/51105"}],"up":[{"embeddable":true,"href":"https:\/\/www.accuratereviews.com\/it\/wp-json\/wp\/v2\/pages\/50903"}],"wp:featuredmedia":[{"embeddable":true,"href":"https:\/\/www.accuratereviews.com\/it\/wp-json\/wp\/v2\/media\/51042"}],"wp:attachment":[{"href":"https:\/\/www.accuratereviews.com\/it\/wp-json\/wp\/v2\/media?parent=51041"}],"wp:term":[{"taxonomy":"category","embeddable":true,"href":"https:\/\/www.accuratereviews.com\/it\/wp-json\/wp\/v2\/categories?post=51041"},{"taxonomy":"post_tag","embeddable":true,"href":"https:\/\/www.accuratereviews.com\/it\/wp-json\/wp\/v2\/tags?post=51041"},{"taxonomy":"features","embeddable":true,"href":"https:\/\/www.accuratereviews.com\/it\/wp-json\/wp\/v2\/features?post=51041"}],"curies":[{"name":"wp","href":"https:\/\/api.w.org\/{rel}","templated":true}]}}