{"id":51190,"date":"2021-12-13T13:06:24","date_gmt":"2021-12-13T13:06:24","guid":{"rendered":"https:\/\/www.accuratereviews.com\/?page_id=51190"},"modified":"2021-12-14T14:45:18","modified_gmt":"2021-12-14T14:45:18","slug":"callhippo-recensione","status":"publish","type":"page","link":"https:\/\/www.accuratereviews.com\/it\/programmi-per-registrare-chiamate\/callhippo-recensione\/","title":{"rendered":"CallHippo"},"content":{"rendered":"<p><strong>CallHippo<\/strong> \u00e8 un<strong> sistema telefonico VoIP<\/strong> basato su <strong>cloud<\/strong> disponibile sia come app web che come applicazione mobile. La soluzione consente ai team di vendita, marketing e supporto di effettuare e ricevere chiamate globali.<br \/>\nIl programma consente alle aziende di acquistare numeri di telefono virtuali di oltre 50 paesi, aggiungere utenti sullo stesso numero ed effettuare chiamate a ricevitori in tutto il mondo. Lo strumento di analisi delle chiamate in tempo reale di CallHippo fornisce dettagli sulle chiamate, sulla qualit\u00e0 e sulla durata, mentre la registrazione delle chiamate registra automaticamente le conversazioni durante una campagna, che i manager possono ascoltare dalla loro dashboard. Le aziende possono visualizzare i fusi orari sul proprio dialer prima di effettuare la chiamata in modo da non creare confusione sull&#8217;ora corrente durante le chiamate internazionali, definire l&#8217;orario di lavoro per il numero e anche impostare lo stato di disponibilit\u00e0 degli utenti. Le funzioni di segreteria e musica di attesa consentono alle aziende di salutare gli utenti con un messaggio registrato o musica personalizzata durante le ore non lavorative o quando vengono messi in attesa.<\/p>\n<h2>CALLHIPPO &#8211; TUTORIAL<\/h2>\n<p>Vediamo come configurare questo <strong>software per registrare le chiamate<\/strong>:<\/p>\n<div id=\"fluid-wrapper-counter-1\" class=\"g1-fluid-wrapper \" style=\"width:686px;\">\n<div style=\"padding-bottom:56.268221574344%;\"><iframe loading=\"lazy\" title=\"How to Setup CalllHippo IVR\" width=\"515\" height=\"386\" src=\"https:\/\/www.youtube.com\/embed\/9iIIVmHSaaE?feature=oembed&amp;wmode=transparent&amp;autohide=1&amp;autoplay=0&amp;disablekb=0&amp;fs=1&amp;loop=0&amp;enablejsapi=1&amp;rel=0&amp;controls=2&amp;showinfo=0&amp;wmode=transparent&amp;autohide=2&amp;autoplay=0&amp;disablekb=0&amp;fs=1&amp;loop=0&amp;enablejsapi=1&amp;rel=0&amp;controls=2&amp;showinfo=1\" frameborder=\"0\" allow=\"accelerometer; autoplay; clipboard-write; encrypted-media; gyroscope; picture-in-picture\" allowfullscreen><\/iframe><\/div>\n<\/div>\n<h3>CALLHIPPO &#8211; CARATTERISTICHE<\/h3>\n<ul>\n<li><strong>Power Dialer<\/strong>: mantieni i tuoi impegni di chiamata giornalieri come un professionista con la funzione di composizione energetica super efficiente di CallHippo, che compone automaticamente da un elenco di numeri caricato per ogni campagna migliorando cos\u00ec la tua produttivit\u00e0 e facendoti risparmiare tempo<\/li>\n<li><strong>Interruttore intelligente<\/strong>: migliora la connettivit\u00e0 delle chiamate con la possibilit\u00e0 di scegliere tra pi\u00f9 provider di telefonia prima di effettuare una chiamata. D\u00ec addio a tutti i tuoi problemi di connettivit\u00e0 delle chiamate e potenzia i tuoi agenti dando loro la flessibilit\u00e0 di scegliere il miglior provider in base alle loro esigenze<\/li>\n<li><strong>Connessione globale:<\/strong> migliora le tue possibilit\u00e0 di successo conoscendo il momento migliore per chiamare i tuoi clienti globali. Conoscere il fuso orario esatto, il paese, la data, l&#8217;ora e la validit\u00e0 dei numeri prima di effettuare la chiamata tramite Global Connect. Scopri l&#8217;ora locale giusta e personalizza il tuo approccio prima di ogni chiamata per un impatto migliore<\/li>\n<li><strong>Inoltro di chiamata intelligente<\/strong>: ricevi le tue chiamate inoltrate al tuo numero di telefono dopo l&#8217;orario di ufficio o passa attraverso una serie di telefoni, il tutto senza che gli utenti lo sappiano<\/li>\n<li><strong>Trasferimento di chiamata<\/strong>: reindirizza le chiamate connesse dal tuo numero di telefono a un membro del team secondo le tue esigenze e comodit\u00e0. Migliora la soddisfazione del cliente e risparmia tempo organizzativo trasferendo le chiamate alla persona giusta nel reparto.<\/li>\n<li><strong>Conference call<\/strong>: ottieni di pi\u00f9 grazie al potere della collaborazione. Partecipa istantaneamente alle chiamate e fornisci risoluzioni migliori tramite le conferenze telefoniche<\/li>\n<li><strong>Accodamento chiamate<\/strong>: gestisci le ore di punta come un professionista con la funzione di accodamento chiamate che ti consente di mantenere i clienti impegnati con messaggi personalizzati. Non \u00e8 pi\u00f9 necessaria l&#8217;assunzione di agenti aggiuntivi per gestire flussi di chiamate pesanti. Le chiamate vengono messe in coda una dopo l&#8217;altra e i clienti vengono informati di eventuali ritardi<\/li>\n<li><strong>Inclusione delle chiamate:<\/strong> migliora contemporaneamente le prestazioni del tuo agente, la soddisfazione del cliente e la qualit\u00e0 delle chiamate utilizzando la funzione di inclusione delle chiamate. Ascolta le chiamate dal vivo e cogli l&#8217;opportunit\u00e0 di guidare i tuoi agenti, intervenire e offrire risoluzioni migliori ai tuoi clienti da qualsiasi parte del mondo<\/li>\n<li><strong>Registrazione delle chiamate<\/strong>: aumenta le prestazioni del tuo team ascoltando i record delle chiamate e analizzandoli. Registra ogni chiamata su ciascuno dei tuoi numeri per monitorare al meglio le tue prestazioni di squadra<\/li>\n<li><strong>Segreteria telefonica<\/strong>: saluta i tuoi chiamanti con messaggi vocali personalizzati e lascia un&#8217;impressione duratura sul tuo brand<\/li>\n<li><strong>Analisi delle chiamate<\/strong>: tieni traccia delle prestazioni del tuo team di supporto e ottieni informazioni chiave su dove sono necessari miglioramenti. Identifica i punti di forza e di debolezza del tuo team, misura la percentuale di chiamate perse e il carico di chiamate di ciascun compagno di squadra.<\/li>\n<\/ul>\n<h4>LE RECENSIONI DELLE CHIAMATE<\/h4>\n<p class=\"font-weight-bold mb-2\"><strong>Ivy B.&#8221;Buon investimento&#8221;<\/strong><\/p>\n<p><span class=\"font-weight-bold\"><strong>Commenti<\/strong>: <\/span>Eccezionale!<\/p>\n<p class=\"font-weight-bold mb-2\"><strong>Pro<\/strong>:\u00a0\u00c8 semplicissimo da navigare, non c&#8217;\u00e8 bisogno di avere una formazione approfondita per i dipendenti appena assunti. Buona assistenza clienti, complimenti per averci sempre assistito in termini di supporto.<\/p>\n<p class=\"font-weight-bold mb-2\"><strong>Contro<\/strong>:\u00a0Nessuno finora, hanno gi\u00e0 risolto il mio problema sollevato in precedenza sulla compatibilit\u00e0 dei browser.<\/p>\n<p class=\"font-weight-bold mb-2\"><strong>Jameir P.&#8221;Ottimo servizio clienti! La migliore piattaforma di chiamata che ho usato a mani basse!&#8221;<\/strong><\/p>\n<p><span class=\"font-weight-bold\"><strong>Commenti<\/strong>: <\/span>Sono con Callhippo da qualche mese ormai, febbraio 2021 sar\u00e0 il mio mese ufficiale di start up. Sto testando il loro sistema da circa 4-6 mesi. Lo adoro!<\/p>\n<p class=\"font-weight-bold mb-2\"><strong>Pro<\/strong>:\u00a0Adoro la funzionalit\u00e0 di Callhippo, \u00e8 semplice da usare e, soprattutto, offre supporto live chat 24 ore su 24, 7 giorni su 7. Ho avuto problemi, ma sono andati avanti e hanno risolto qualunque problema avessi. Adoro questa piattaforma di chiamata. Un po&#8217; pi\u00f9 di quanto vorrei pagare a volte, ma tutto sommato sono tra i migliori. Mani gi\u00f9. Grazie ragazzi!<\/p>\n<p class=\"font-weight-bold mb-2\"><strong>Contro<\/strong>:\u00a0Dovrei tornare da voi ragazzi! Questa \u00e8 una buona cosa :)<\/p>\n<p class=\"font-weight-bold mb-2\"><strong>Noaman S.&#8221;CallHippo \u00e8 un vero grado nelle soluzioni di chiamata&#8221;<\/strong><\/p>\n<p><strong>Pro<\/strong>:\u00a0Molte funzioni sono disponibili. Il team di supporto \u00e8 fantastico, specialmente Owais Baig.<\/p>\n<p><strong>Contro<\/strong>:\u00a0La dashboard dovrebbe essere fornita nell&#8217;applicazione poich\u00e9 \u00e8 disponibile solo nel browser.<\/p>\n","protected":false},"excerpt":{"rendered":"<p>CallHippo \u00e8 un sistema telefonico VoIP basato su cloud\u00a0disponibile sia come app web che come applicazione mobile. La soluzione consente ai team di vendita, marketing e supporto di effettuare e ricevere chiamate globali. Il programma consente alle aziende di acquistare numeri di telefono virtuali di oltre 50 paesi, aggiungere utenti sullo stesso numero ed effettuare chiamate a ricevitori in tutto il mondo.\u00a0<\/p>\n","protected":false},"author":16,"featured_media":51191,"parent":50903,"menu_order":0,"comment_status":"open","ping_status":"closed","template":"g1_template_page_review_new.php","meta":{"_acf_changed":false,"cwp_meta_box_check":"No","cwp_rev_product_name":"","cwp_rev_product_image":"","wppr_links":[],"cwp_rev_price":"","wppr_options":[],"wppr_pros":[],"wppr_cons":[],"_monsterinsights_skip_tracking":false,"_monsterinsights_sitenote_active":false,"_monsterinsights_sitenote_note":"","_monsterinsights_sitenote_category":0,"footnotes":""},"categories":[11631],"tags":[11672,11636,11650,11634,11635],"features":[],"class_list":{"0":"post-51190","1":"page","2":"type-page","3":"status-publish","4":"has-post-thumbnail","6":"category-programma-per-registrare-chiamate-categoria","7":"tag-callhippo","8":"tag-piattaforma-per-registrare-le-chiamate","9":"tag-programma-per-registrare-le-chiamate","10":"tag-software-per-registrare-le-chiamate","11":"tag-soluzione-per-registrare-le-chiamate"},"wppr_data":{"cwp_meta_box_check":"No"},"acf":[],"yoast_head":"<!-- This site is optimized with the Yoast SEO plugin v27.4 - https:\/\/yoast.com\/product\/yoast-seo-wordpress\/ -->\n<title>CallHippo: recensione software registrazione chiamate Accurate Reviews<\/title>\n<meta name=\"description\" content=\"CallHippo: recensione del sistema telefonico VoIP basato su cloud\u00a0disponibile sia come app web che come applicazione mobile.\" \/>\n<meta name=\"robots\" content=\"index, follow, max-snippet:-1, max-image-preview:large, max-video-preview:-1\" \/>\n<link rel=\"canonical\" href=\"https:\/\/www.accuratereviews.com\/it\/programmi-per-registrare-chiamate\/callhippo-recensione\/\" \/>\n<meta property=\"og:locale\" content=\"it_IT\" \/>\n<meta property=\"og:type\" content=\"article\" \/>\n<meta property=\"og:title\" content=\"CallHippo: recensione software registrazione chiamate Accurate Reviews\" \/>\n<meta property=\"og:description\" content=\"CallHippo: recensione del sistema telefonico VoIP basato su cloud\u00a0disponibile sia come app web che come applicazione mobile.\" \/>\n<meta property=\"og:url\" content=\"https:\/\/www.accuratereviews.com\/it\/programmi-per-registrare-chiamate\/callhippo-recensione\/\" \/>\n<meta property=\"og:site_name\" content=\"Accurate Reviews\" \/>\n<meta property=\"article:modified_time\" content=\"2021-12-14T14:45:18+00:00\" \/>\n<meta property=\"og:image\" content=\"https:\/\/www.accuratereviews.com\/wp-content\/uploads\/2021\/12\/CallHippo-.webp\" \/>\n\t<meta property=\"og:image:width\" content=\"1205\" \/>\n\t<meta property=\"og:image:height\" content=\"1205\" \/>\n\t<meta property=\"og:image:type\" content=\"image\/webp\" \/>\n<meta name=\"twitter:card\" content=\"summary_large_image\" \/>\n<meta name=\"twitter:label1\" content=\"Tempo di lettura stimato\" \/>\n\t<meta name=\"twitter:data1\" content=\"4 minuti\" \/>\n<script type=\"application\/ld+json\" class=\"yoast-schema-graph\">{\"@context\":\"https:\\\/\\\/schema.org\",\"@graph\":[{\"@type\":\"WebPage\",\"@id\":\"https:\\\/\\\/www.accuratereviews.com\\\/it\\\/programmi-per-registrare-chiamate\\\/callhippo-recensione\\\/\",\"url\":\"https:\\\/\\\/www.accuratereviews.com\\\/it\\\/programmi-per-registrare-chiamate\\\/callhippo-recensione\\\/\",\"name\":\"CallHippo: recensione software registrazione chiamate Accurate Reviews\",\"isPartOf\":{\"@id\":\"https:\\\/\\\/www.accuratereviews.com\\\/it\\\/#website\"},\"primaryImageOfPage\":{\"@id\":\"https:\\\/\\\/www.accuratereviews.com\\\/it\\\/programmi-per-registrare-chiamate\\\/callhippo-recensione\\\/#primaryimage\"},\"image\":{\"@id\":\"https:\\\/\\\/www.accuratereviews.com\\\/it\\\/programmi-per-registrare-chiamate\\\/callhippo-recensione\\\/#primaryimage\"},\"thumbnailUrl\":\"https:\\\/\\\/www.accuratereviews.com\\\/wp-content\\\/uploads\\\/2021\\\/12\\\/CallHippo-.webp\",\"datePublished\":\"2021-12-13T13:06:24+00:00\",\"dateModified\":\"2021-12-14T14:45:18+00:00\",\"description\":\"CallHippo: recensione del sistema telefonico VoIP basato su cloud\u00a0disponibile sia come app web che come applicazione mobile.\",\"breadcrumb\":{\"@id\":\"https:\\\/\\\/www.accuratereviews.com\\\/it\\\/programmi-per-registrare-chiamate\\\/callhippo-recensione\\\/#breadcrumb\"},\"inLanguage\":\"it-IT\",\"potentialAction\":[{\"@type\":\"ReadAction\",\"target\":[\"https:\\\/\\\/www.accuratereviews.com\\\/it\\\/programmi-per-registrare-chiamate\\\/callhippo-recensione\\\/\"]}]},{\"@type\":\"ImageObject\",\"inLanguage\":\"it-IT\",\"@id\":\"https:\\\/\\\/www.accuratereviews.com\\\/it\\\/programmi-per-registrare-chiamate\\\/callhippo-recensione\\\/#primaryimage\",\"url\":\"https:\\\/\\\/www.accuratereviews.com\\\/wp-content\\\/uploads\\\/2021\\\/12\\\/CallHippo-.webp\",\"contentUrl\":\"https:\\\/\\\/www.accuratereviews.com\\\/wp-content\\\/uploads\\\/2021\\\/12\\\/CallHippo-.webp\",\"width\":1205,\"height\":1205},{\"@type\":\"BreadcrumbList\",\"@id\":\"https:\\\/\\\/www.accuratereviews.com\\\/it\\\/programmi-per-registrare-chiamate\\\/callhippo-recensione\\\/#breadcrumb\",\"itemListElement\":[{\"@type\":\"ListItem\",\"position\":1,\"name\":\"Home\",\"item\":\"https:\\\/\\\/www.accuratereviews.com\\\/it\\\/\"},{\"@type\":\"ListItem\",\"position\":2,\"name\":\"Programmi per registrare le chiamate\",\"item\":\"https:\\\/\\\/www.accuratereviews.com\\\/it\\\/programmi-per-registrare-chiamate\\\/\"},{\"@type\":\"ListItem\",\"position\":3,\"name\":\"CallHippo\"}]},{\"@type\":\"WebSite\",\"@id\":\"https:\\\/\\\/www.accuratereviews.com\\\/it\\\/#website\",\"url\":\"https:\\\/\\\/www.accuratereviews.com\\\/it\\\/\",\"name\":\"Accurate Reviews\",\"description\":\"\",\"potentialAction\":[{\"@type\":\"SearchAction\",\"target\":{\"@type\":\"EntryPoint\",\"urlTemplate\":\"https:\\\/\\\/www.accuratereviews.com\\\/it\\\/?s={search_term_string}\"},\"query-input\":{\"@type\":\"PropertyValueSpecification\",\"valueRequired\":true,\"valueName\":\"search_term_string\"}}],\"inLanguage\":\"it-IT\"}]}<\/script>\n<!-- \/ Yoast SEO plugin. -->","yoast_head_json":{"title":"CallHippo: recensione software registrazione chiamate Accurate Reviews","description":"CallHippo: recensione del sistema telefonico VoIP basato su cloud\u00a0disponibile sia come app web che come applicazione mobile.","robots":{"index":"index","follow":"follow","max-snippet":"max-snippet:-1","max-image-preview":"max-image-preview:large","max-video-preview":"max-video-preview:-1"},"canonical":"https:\/\/www.accuratereviews.com\/it\/programmi-per-registrare-chiamate\/callhippo-recensione\/","og_locale":"it_IT","og_type":"article","og_title":"CallHippo: recensione software registrazione chiamate Accurate Reviews","og_description":"CallHippo: recensione del sistema telefonico VoIP basato su cloud\u00a0disponibile sia come app web che come applicazione mobile.","og_url":"https:\/\/www.accuratereviews.com\/it\/programmi-per-registrare-chiamate\/callhippo-recensione\/","og_site_name":"Accurate Reviews","article_modified_time":"2021-12-14T14:45:18+00:00","og_image":[{"width":1205,"height":1205,"url":"https:\/\/www.accuratereviews.com\/wp-content\/uploads\/2021\/12\/CallHippo-.webp","type":"image\/webp"}],"twitter_card":"summary_large_image","twitter_misc":{"Tempo di lettura stimato":"4 minuti"},"schema":{"@context":"https:\/\/schema.org","@graph":[{"@type":"WebPage","@id":"https:\/\/www.accuratereviews.com\/it\/programmi-per-registrare-chiamate\/callhippo-recensione\/","url":"https:\/\/www.accuratereviews.com\/it\/programmi-per-registrare-chiamate\/callhippo-recensione\/","name":"CallHippo: recensione software registrazione chiamate Accurate Reviews","isPartOf":{"@id":"https:\/\/www.accuratereviews.com\/it\/#website"},"primaryImageOfPage":{"@id":"https:\/\/www.accuratereviews.com\/it\/programmi-per-registrare-chiamate\/callhippo-recensione\/#primaryimage"},"image":{"@id":"https:\/\/www.accuratereviews.com\/it\/programmi-per-registrare-chiamate\/callhippo-recensione\/#primaryimage"},"thumbnailUrl":"https:\/\/www.accuratereviews.com\/wp-content\/uploads\/2021\/12\/CallHippo-.webp","datePublished":"2021-12-13T13:06:24+00:00","dateModified":"2021-12-14T14:45:18+00:00","description":"CallHippo: recensione del sistema telefonico VoIP basato su cloud\u00a0disponibile sia come app web che come applicazione mobile.","breadcrumb":{"@id":"https:\/\/www.accuratereviews.com\/it\/programmi-per-registrare-chiamate\/callhippo-recensione\/#breadcrumb"},"inLanguage":"it-IT","potentialAction":[{"@type":"ReadAction","target":["https:\/\/www.accuratereviews.com\/it\/programmi-per-registrare-chiamate\/callhippo-recensione\/"]}]},{"@type":"ImageObject","inLanguage":"it-IT","@id":"https:\/\/www.accuratereviews.com\/it\/programmi-per-registrare-chiamate\/callhippo-recensione\/#primaryimage","url":"https:\/\/www.accuratereviews.com\/wp-content\/uploads\/2021\/12\/CallHippo-.webp","contentUrl":"https:\/\/www.accuratereviews.com\/wp-content\/uploads\/2021\/12\/CallHippo-.webp","width":1205,"height":1205},{"@type":"BreadcrumbList","@id":"https:\/\/www.accuratereviews.com\/it\/programmi-per-registrare-chiamate\/callhippo-recensione\/#breadcrumb","itemListElement":[{"@type":"ListItem","position":1,"name":"Home","item":"https:\/\/www.accuratereviews.com\/it\/"},{"@type":"ListItem","position":2,"name":"Programmi per registrare le chiamate","item":"https:\/\/www.accuratereviews.com\/it\/programmi-per-registrare-chiamate\/"},{"@type":"ListItem","position":3,"name":"CallHippo"}]},{"@type":"WebSite","@id":"https:\/\/www.accuratereviews.com\/it\/#website","url":"https:\/\/www.accuratereviews.com\/it\/","name":"Accurate Reviews","description":"","potentialAction":[{"@type":"SearchAction","target":{"@type":"EntryPoint","urlTemplate":"https:\/\/www.accuratereviews.com\/it\/?s={search_term_string}"},"query-input":{"@type":"PropertyValueSpecification","valueRequired":true,"valueName":"search_term_string"}}],"inLanguage":"it-IT"}]}},"_links":{"self":[{"href":"https:\/\/www.accuratereviews.com\/it\/wp-json\/wp\/v2\/pages\/51190","targetHints":{"allow":["GET"]}}],"collection":[{"href":"https:\/\/www.accuratereviews.com\/it\/wp-json\/wp\/v2\/pages"}],"about":[{"href":"https:\/\/www.accuratereviews.com\/it\/wp-json\/wp\/v2\/types\/page"}],"author":[{"embeddable":true,"href":"https:\/\/www.accuratereviews.com\/it\/wp-json\/wp\/v2\/users\/16"}],"replies":[{"embeddable":true,"href":"https:\/\/www.accuratereviews.com\/it\/wp-json\/wp\/v2\/comments?post=51190"}],"version-history":[{"count":11,"href":"https:\/\/www.accuratereviews.com\/it\/wp-json\/wp\/v2\/pages\/51190\/revisions"}],"predecessor-version":[{"id":51266,"href":"https:\/\/www.accuratereviews.com\/it\/wp-json\/wp\/v2\/pages\/51190\/revisions\/51266"}],"up":[{"embeddable":true,"href":"https:\/\/www.accuratereviews.com\/it\/wp-json\/wp\/v2\/pages\/50903"}],"wp:featuredmedia":[{"embeddable":true,"href":"https:\/\/www.accuratereviews.com\/it\/wp-json\/wp\/v2\/media\/51191"}],"wp:attachment":[{"href":"https:\/\/www.accuratereviews.com\/it\/wp-json\/wp\/v2\/media?parent=51190"}],"wp:term":[{"taxonomy":"category","embeddable":true,"href":"https:\/\/www.accuratereviews.com\/it\/wp-json\/wp\/v2\/categories?post=51190"},{"taxonomy":"post_tag","embeddable":true,"href":"https:\/\/www.accuratereviews.com\/it\/wp-json\/wp\/v2\/tags?post=51190"},{"taxonomy":"features","embeddable":true,"href":"https:\/\/www.accuratereviews.com\/it\/wp-json\/wp\/v2\/features?post=51190"}],"curies":[{"name":"wp","href":"https:\/\/api.w.org\/{rel}","templated":true}]}}