{"id":51278,"date":"2021-12-15T11:40:36","date_gmt":"2021-12-15T11:40:36","guid":{"rendered":"https:\/\/www.accuratereviews.com\/?page_id=51278"},"modified":"2021-12-15T11:40:36","modified_gmt":"2021-12-15T11:40:36","slug":"ringover-recensione","status":"publish","type":"page","link":"https:\/\/www.accuratereviews.com\/it\/programmi-per-registrare-chiamate\/ringover-recensione\/","title":{"rendered":"Ringover"},"content":{"rendered":"<p><strong>Ringover<\/strong> \u00e8 il <strong>sistema telefonico aziendale<\/strong> che ti offre chiamate illimitate verso 110 paesi, videoconferenze, sms e messaggi di gruppo, registrazione delle chiamate e altre funzionalit\u00e0 incentrate sul miglioramento della produttivit\u00e0 del tuo team. Nessuna competenza \u00e8 richiesta in partenza. \u00c8 possibile integrarlo con i principali CRM (Salesforce, HubSpot, Pipedrive ecc.) o con i tuoi strumenti di helpdesk in pochi clic. Con <strong>Ringover<\/strong>, le tue comunicazioni professionali sono possibili ovunque nel mondo: basta una connessione internet. In forte crescita e adottato da oltre 10.000 utenti, Ringover \u00e8 sulla buona strada per diventare il leader nella telefonia cloud europea, pronto per un rapido sviluppo internazionale nei mercati di Spagna e Regno Unito.<\/p>\n<h2>RINGOVER &#8211; TUTORIAL<\/h2>\n<p>Questo video ti insegna come scegliere il tuo numero per le chiamate in uscita. Con questi passaggi rapidi e semplici, sarai in grado di navigare con sicurezza attraverso questa \u00a0piattaforma di registrazione delle chiamate:<\/p>\n<div id=\"fluid-wrapper-counter-1\" class=\"g1-fluid-wrapper \" style=\"width:686px;\">\n<div style=\"padding-bottom:56.268221574344%;\"><iframe loading=\"lazy\" title=\"How to Choose Your Number for Outgoing Calls\" width=\"686\" height=\"386\" src=\"https:\/\/www.youtube.com\/embed\/hsNvlIRlepA?feature=oembed&amp;wmode=transparent&amp;autohide=1&amp;autoplay=0&amp;disablekb=0&amp;fs=1&amp;loop=0&amp;enablejsapi=1&amp;rel=0&amp;controls=2&amp;showinfo=0&amp;wmode=transparent&amp;autohide=2&amp;autoplay=0&amp;disablekb=0&amp;fs=1&amp;loop=0&amp;enablejsapi=1&amp;rel=0&amp;controls=2&amp;showinfo=1\" frameborder=\"0\" allow=\"accelerometer; autoplay; clipboard-write; encrypted-media; gyroscope; picture-in-picture\" allowfullscreen><\/iframe><\/div>\n<\/div>\n<h3>RINGOVER &#8211; CARATTERISTICHE<\/h3>\n<ul>\n<li>Attiva in tutta semplicit\u00e0 numeri in oltre 60 paesi: per le linee dirette dei vostri collaboratori, il vostro servizio clienti, i vostri commerciali<\/li>\n<li>Accedi alla linea da qualsiasi dispositivo (PC, tablet, applicazione mobile\u2026) e approfitta di un\u2019esperienza di telefonia impareggiabile<\/li>\n<li>Puoi creare al volo gli annunci perfetti per la vostra azienda con pochi clic e in 16 lingue diverse<\/li>\n<li>Definisci scenari precisi per gestire le tue chiamate in entrata e inoltrare le telefonate all\u2019interlocutore pi\u00f9 adatto. Configura tutto in tempo reale e nei minimi dettagli<\/li>\n<li>Utilizza strumenti adeguati per migliorare la produttivit\u00e0 e la collaborazione del vostro team al telefono<\/li>\n<li>Consulta i dati dettagliati delle chiamate del tuo team e impostate i report necessari a valutare la vostra attivit\u00e0<\/li>\n<li>Comunica con i vostri clienti o prospect tramite sms e gestite i fax dalla tua interfaccia<\/li>\n<li>Utilizza interfacce semplicissime e sempre disponibili per gestire la telefonia della tua azienda<\/li>\n<li>Approfitta di una telefonia stabile e protetta e accedi in qualsiasi momento a report precisi sulla qualit\u00e0 globale del tuo sistema.<\/li>\n<\/ul>\n<h4>LE RECENSIONI DEGLI UTENTI<\/h4>\n<p class=\"font-weight-bold mb-2\"><strong>Rachid L.&#8221;Eccellente software VOIP&#8221;<\/strong><\/p>\n<p class=\"font-weight-bold mb-2\"><strong>Pro<\/strong>:\u00a0Dopo essere stato cliente AIRCALL, ho deciso di passare a RINGOVER e non sono rimasto deluso dalla mia scelta. Ottima applicazione VOIP che ti permette di avere numeri in vari paesi europei. Grazie a questo, ho impostato gli standard per il nostro team di supporto: &#8211; uno per i nostri clienti francesi &#8211; uno per i nostri clienti di lingua inglese &#8211; uno per i nostri clienti di lingua tedesca La configurazione degli standard \u00e8 molto semplice da impostare e consente di instradare le chiamate secondo vari criteri da definire. La comunicazione \u00e8 molto fluida e non viene interrotta come spesso accade quando la chiamata passa attraverso internet. Il supporto \u00e8 molto reattivo per le poche volte che ho dovuto contattarli.<\/p>\n<p class=\"font-weight-bold mb-2\"><strong>Contro<\/strong>:\u00a0Il fatto di dover prendere un numero per ogni utente anche se questo numero non verr\u00e0 mai utilizzato<\/p>\n<p class=\"font-weight-bold mb-2\"><strong>Catherine C.&#8221;Ringover \u00e8 davvero facile da implementare&#8221;<\/strong><\/p>\n<p><span class=\"font-weight-bold\"><strong>Commenti<\/strong>: <\/span>L&#8217;assistenza clienti \u00e8 molto efficiente<\/p>\n<p class=\"font-weight-bold mb-2\"><strong>Pro<\/strong>:\u00a0Integrazione semplice e guidata con Zoho CRM e Zoho Desk<\/p>\n<p class=\"font-weight-bold mb-2\"><strong>Contro<\/strong>: Gli strumenti di reporting sono pi\u00f9 facili da gestire dal mio Zoho CRM<\/p>\n<p class=\"font-weight-bold mb-2\"><strong>Gianni L.&#8221;Finalmente una soluzione di telefonia che mantiene tutte le sue promesse&#8221;<\/strong><\/p>\n<p><span class=\"font-weight-bold\"><strong>Commenti<\/strong>: <\/span>L&#8217;esperienza RINGOVER non \u00e8 la fine\u00a0\u00e8 solo il fatto che RINGOVER funziona cos\u00ec bene, che il software viene dimenticato e ci permette di concentrarci sull&#8217;esperienza dei nostri clienti. Questo \u00e8 il successo di RINGOVER.<\/p>\n<p class=\"font-weight-bold mb-2\"><strong>Pro<\/strong>:\u00a0Facilit\u00e0 d&#8217;uso Ergonomia dell&#8217;interfaccia UX\/UI Tasso di disponibilit\u00e0<\/p>\n<p class=\"font-weight-bold mb-2\"><strong>Contro<\/strong>:\u00a0Non molto per essere onesti. in realt\u00e0 c&#8217;\u00e8 sempre un po&#8217; di latenza a volte<\/p>\n<div class=\"pl-4 my-4 py-3 border-left border-fog text-ash i18n-translation_vendor_container\" data-translation-id=\"2555277\" data-translation-vendor-target=\"original\">\n<h4 class=\"h5\"><\/h4>\n<\/div>\n<div class=\"features_container\">\n<div class=\"features\">\n<div class=\"feature special\"><\/div>\n<\/div>\n<\/div>\n","protected":false},"excerpt":{"rendered":"<p>Ringover \u00e8 il sistema telefonico aziendale che ti offre chiamate illimitate verso 110 paesi, videoconferenze, sms e messaggi di gruppo, registrazione delle chiamate e altre funzionalit\u00e0 incentrate sul miglioramento della produttivit\u00e0 del tuo team. Nessuna competenza necessaria. Possibilit\u00e0 di integrarlo con i principali CRM (Salesforce, HubSpot, Pipedrive ecc.) o con i tuoi strumenti di helpdesk in pochi clic.<\/p>\n","protected":false},"author":16,"featured_media":51280,"parent":50903,"menu_order":0,"comment_status":"open","ping_status":"closed","template":"g1_template_page_review_new.php","meta":{"_acf_changed":false,"cwp_meta_box_check":"No","cwp_rev_product_name":"","cwp_rev_product_image":"","wppr_links":[],"cwp_rev_price":"","wppr_options":[],"wppr_pros":[],"wppr_cons":[],"_monsterinsights_skip_tracking":false,"_monsterinsights_sitenote_active":false,"_monsterinsights_sitenote_note":"","_monsterinsights_sitenote_category":0,"footnotes":""},"categories":[11631],"tags":[11636,11650,11637,11682,11634,11635],"features":[],"class_list":{"0":"post-51278","1":"page","2":"type-page","3":"status-publish","4":"has-post-thumbnail","6":"category-programma-per-registrare-chiamate-categoria","7":"tag-piattaforma-per-registrare-le-chiamate","8":"tag-programma-per-registrare-le-chiamate","9":"tag-registrare-le-chiamate","10":"tag-ringover","11":"tag-software-per-registrare-le-chiamate","12":"tag-soluzione-per-registrare-le-chiamate"},"wppr_data":{"cwp_meta_box_check":"No"},"acf":[],"yoast_head":"<!-- This site is optimized with the Yoast SEO plugin v27.4 - https:\/\/yoast.com\/product\/yoast-seo-wordpress\/ -->\n<title>Ringover: recensione software registrazione delle chiamate<\/title>\n<meta name=\"description\" content=\"Ringover: recensione sistema telefonico aziendale che offre chiamate illimitate verso 110 paesi, videoconferenze, sms e messaggi di gruppo.\" \/>\n<meta name=\"robots\" content=\"index, follow, max-snippet:-1, max-image-preview:large, max-video-preview:-1\" \/>\n<link rel=\"canonical\" href=\"https:\/\/www.accuratereviews.com\/it\/programmi-per-registrare-chiamate\/ringover-recensione\/\" \/>\n<meta property=\"og:locale\" content=\"it_IT\" \/>\n<meta property=\"og:type\" content=\"article\" \/>\n<meta property=\"og:title\" content=\"Ringover: recensione software registrazione delle chiamate\" \/>\n<meta property=\"og:description\" content=\"Ringover: recensione sistema telefonico aziendale che offre chiamate illimitate verso 110 paesi, videoconferenze, sms e messaggi di gruppo.\" \/>\n<meta property=\"og:url\" content=\"https:\/\/www.accuratereviews.com\/it\/programmi-per-registrare-chiamate\/ringover-recensione\/\" \/>\n<meta property=\"og:site_name\" content=\"Accurate Reviews\" \/>\n<meta property=\"og:image\" content=\"https:\/\/www.accuratereviews.com\/wp-content\/uploads\/2021\/12\/RingOver.png\" \/>\n\t<meta property=\"og:image:width\" content=\"345\" \/>\n\t<meta property=\"og:image:height\" content=\"345\" \/>\n\t<meta property=\"og:image:type\" content=\"image\/png\" \/>\n<meta name=\"twitter:card\" content=\"summary_large_image\" \/>\n<meta name=\"twitter:label1\" content=\"Tempo di lettura stimato\" \/>\n\t<meta name=\"twitter:data1\" content=\"4 minuti\" \/>\n<script type=\"application\/ld+json\" class=\"yoast-schema-graph\">{\"@context\":\"https:\\\/\\\/schema.org\",\"@graph\":[{\"@type\":\"WebPage\",\"@id\":\"https:\\\/\\\/www.accuratereviews.com\\\/it\\\/programmi-per-registrare-chiamate\\\/ringover-recensione\\\/\",\"url\":\"https:\\\/\\\/www.accuratereviews.com\\\/it\\\/programmi-per-registrare-chiamate\\\/ringover-recensione\\\/\",\"name\":\"Ringover: recensione software registrazione delle chiamate\",\"isPartOf\":{\"@id\":\"https:\\\/\\\/www.accuratereviews.com\\\/it\\\/#website\"},\"primaryImageOfPage\":{\"@id\":\"https:\\\/\\\/www.accuratereviews.com\\\/it\\\/programmi-per-registrare-chiamate\\\/ringover-recensione\\\/#primaryimage\"},\"image\":{\"@id\":\"https:\\\/\\\/www.accuratereviews.com\\\/it\\\/programmi-per-registrare-chiamate\\\/ringover-recensione\\\/#primaryimage\"},\"thumbnailUrl\":\"https:\\\/\\\/www.accuratereviews.com\\\/wp-content\\\/uploads\\\/2021\\\/12\\\/RingOver.png\",\"datePublished\":\"2021-12-15T11:40:36+00:00\",\"description\":\"Ringover: recensione sistema telefonico aziendale che offre chiamate illimitate verso 110 paesi, videoconferenze, sms e messaggi di gruppo.\",\"breadcrumb\":{\"@id\":\"https:\\\/\\\/www.accuratereviews.com\\\/it\\\/programmi-per-registrare-chiamate\\\/ringover-recensione\\\/#breadcrumb\"},\"inLanguage\":\"it-IT\",\"potentialAction\":[{\"@type\":\"ReadAction\",\"target\":[\"https:\\\/\\\/www.accuratereviews.com\\\/it\\\/programmi-per-registrare-chiamate\\\/ringover-recensione\\\/\"]}]},{\"@type\":\"ImageObject\",\"inLanguage\":\"it-IT\",\"@id\":\"https:\\\/\\\/www.accuratereviews.com\\\/it\\\/programmi-per-registrare-chiamate\\\/ringover-recensione\\\/#primaryimage\",\"url\":\"https:\\\/\\\/www.accuratereviews.com\\\/wp-content\\\/uploads\\\/2021\\\/12\\\/RingOver.png\",\"contentUrl\":\"https:\\\/\\\/www.accuratereviews.com\\\/wp-content\\\/uploads\\\/2021\\\/12\\\/RingOver.png\",\"width\":345,\"height\":345},{\"@type\":\"BreadcrumbList\",\"@id\":\"https:\\\/\\\/www.accuratereviews.com\\\/it\\\/programmi-per-registrare-chiamate\\\/ringover-recensione\\\/#breadcrumb\",\"itemListElement\":[{\"@type\":\"ListItem\",\"position\":1,\"name\":\"Home\",\"item\":\"https:\\\/\\\/www.accuratereviews.com\\\/it\\\/\"},{\"@type\":\"ListItem\",\"position\":2,\"name\":\"Programmi per registrare le chiamate\",\"item\":\"https:\\\/\\\/www.accuratereviews.com\\\/it\\\/programmi-per-registrare-chiamate\\\/\"},{\"@type\":\"ListItem\",\"position\":3,\"name\":\"Ringover\"}]},{\"@type\":\"WebSite\",\"@id\":\"https:\\\/\\\/www.accuratereviews.com\\\/it\\\/#website\",\"url\":\"https:\\\/\\\/www.accuratereviews.com\\\/it\\\/\",\"name\":\"Accurate Reviews\",\"description\":\"\",\"potentialAction\":[{\"@type\":\"SearchAction\",\"target\":{\"@type\":\"EntryPoint\",\"urlTemplate\":\"https:\\\/\\\/www.accuratereviews.com\\\/it\\\/?s={search_term_string}\"},\"query-input\":{\"@type\":\"PropertyValueSpecification\",\"valueRequired\":true,\"valueName\":\"search_term_string\"}}],\"inLanguage\":\"it-IT\"}]}<\/script>\n<!-- \/ Yoast SEO plugin. -->","yoast_head_json":{"title":"Ringover: recensione software registrazione delle chiamate","description":"Ringover: recensione sistema telefonico aziendale che offre chiamate illimitate verso 110 paesi, videoconferenze, sms e messaggi di gruppo.","robots":{"index":"index","follow":"follow","max-snippet":"max-snippet:-1","max-image-preview":"max-image-preview:large","max-video-preview":"max-video-preview:-1"},"canonical":"https:\/\/www.accuratereviews.com\/it\/programmi-per-registrare-chiamate\/ringover-recensione\/","og_locale":"it_IT","og_type":"article","og_title":"Ringover: recensione software registrazione delle chiamate","og_description":"Ringover: recensione sistema telefonico aziendale che offre chiamate illimitate verso 110 paesi, videoconferenze, sms e messaggi di gruppo.","og_url":"https:\/\/www.accuratereviews.com\/it\/programmi-per-registrare-chiamate\/ringover-recensione\/","og_site_name":"Accurate Reviews","og_image":[{"width":345,"height":345,"url":"https:\/\/www.accuratereviews.com\/wp-content\/uploads\/2021\/12\/RingOver.png","type":"image\/png"}],"twitter_card":"summary_large_image","twitter_misc":{"Tempo di lettura stimato":"4 minuti"},"schema":{"@context":"https:\/\/schema.org","@graph":[{"@type":"WebPage","@id":"https:\/\/www.accuratereviews.com\/it\/programmi-per-registrare-chiamate\/ringover-recensione\/","url":"https:\/\/www.accuratereviews.com\/it\/programmi-per-registrare-chiamate\/ringover-recensione\/","name":"Ringover: recensione software registrazione delle chiamate","isPartOf":{"@id":"https:\/\/www.accuratereviews.com\/it\/#website"},"primaryImageOfPage":{"@id":"https:\/\/www.accuratereviews.com\/it\/programmi-per-registrare-chiamate\/ringover-recensione\/#primaryimage"},"image":{"@id":"https:\/\/www.accuratereviews.com\/it\/programmi-per-registrare-chiamate\/ringover-recensione\/#primaryimage"},"thumbnailUrl":"https:\/\/www.accuratereviews.com\/wp-content\/uploads\/2021\/12\/RingOver.png","datePublished":"2021-12-15T11:40:36+00:00","description":"Ringover: recensione sistema telefonico aziendale che offre chiamate illimitate verso 110 paesi, videoconferenze, sms e messaggi di gruppo.","breadcrumb":{"@id":"https:\/\/www.accuratereviews.com\/it\/programmi-per-registrare-chiamate\/ringover-recensione\/#breadcrumb"},"inLanguage":"it-IT","potentialAction":[{"@type":"ReadAction","target":["https:\/\/www.accuratereviews.com\/it\/programmi-per-registrare-chiamate\/ringover-recensione\/"]}]},{"@type":"ImageObject","inLanguage":"it-IT","@id":"https:\/\/www.accuratereviews.com\/it\/programmi-per-registrare-chiamate\/ringover-recensione\/#primaryimage","url":"https:\/\/www.accuratereviews.com\/wp-content\/uploads\/2021\/12\/RingOver.png","contentUrl":"https:\/\/www.accuratereviews.com\/wp-content\/uploads\/2021\/12\/RingOver.png","width":345,"height":345},{"@type":"BreadcrumbList","@id":"https:\/\/www.accuratereviews.com\/it\/programmi-per-registrare-chiamate\/ringover-recensione\/#breadcrumb","itemListElement":[{"@type":"ListItem","position":1,"name":"Home","item":"https:\/\/www.accuratereviews.com\/it\/"},{"@type":"ListItem","position":2,"name":"Programmi per registrare le chiamate","item":"https:\/\/www.accuratereviews.com\/it\/programmi-per-registrare-chiamate\/"},{"@type":"ListItem","position":3,"name":"Ringover"}]},{"@type":"WebSite","@id":"https:\/\/www.accuratereviews.com\/it\/#website","url":"https:\/\/www.accuratereviews.com\/it\/","name":"Accurate Reviews","description":"","potentialAction":[{"@type":"SearchAction","target":{"@type":"EntryPoint","urlTemplate":"https:\/\/www.accuratereviews.com\/it\/?s={search_term_string}"},"query-input":{"@type":"PropertyValueSpecification","valueRequired":true,"valueName":"search_term_string"}}],"inLanguage":"it-IT"}]}},"_links":{"self":[{"href":"https:\/\/www.accuratereviews.com\/it\/wp-json\/wp\/v2\/pages\/51278","targetHints":{"allow":["GET"]}}],"collection":[{"href":"https:\/\/www.accuratereviews.com\/it\/wp-json\/wp\/v2\/pages"}],"about":[{"href":"https:\/\/www.accuratereviews.com\/it\/wp-json\/wp\/v2\/types\/page"}],"author":[{"embeddable":true,"href":"https:\/\/www.accuratereviews.com\/it\/wp-json\/wp\/v2\/users\/16"}],"replies":[{"embeddable":true,"href":"https:\/\/www.accuratereviews.com\/it\/wp-json\/wp\/v2\/comments?post=51278"}],"version-history":[{"count":10,"href":"https:\/\/www.accuratereviews.com\/it\/wp-json\/wp\/v2\/pages\/51278\/revisions"}],"predecessor-version":[{"id":51316,"href":"https:\/\/www.accuratereviews.com\/it\/wp-json\/wp\/v2\/pages\/51278\/revisions\/51316"}],"up":[{"embeddable":true,"href":"https:\/\/www.accuratereviews.com\/it\/wp-json\/wp\/v2\/pages\/50903"}],"wp:featuredmedia":[{"embeddable":true,"href":"https:\/\/www.accuratereviews.com\/it\/wp-json\/wp\/v2\/media\/51280"}],"wp:attachment":[{"href":"https:\/\/www.accuratereviews.com\/it\/wp-json\/wp\/v2\/media?parent=51278"}],"wp:term":[{"taxonomy":"category","embeddable":true,"href":"https:\/\/www.accuratereviews.com\/it\/wp-json\/wp\/v2\/categories?post=51278"},{"taxonomy":"post_tag","embeddable":true,"href":"https:\/\/www.accuratereviews.com\/it\/wp-json\/wp\/v2\/tags?post=51278"},{"taxonomy":"features","embeddable":true,"href":"https:\/\/www.accuratereviews.com\/it\/wp-json\/wp\/v2\/features?post=51278"}],"curies":[{"name":"wp","href":"https:\/\/api.w.org\/{rel}","templated":true}]}}