{"id":51302,"date":"2021-12-15T13:49:34","date_gmt":"2021-12-15T13:49:34","guid":{"rendered":"https:\/\/www.accuratereviews.com\/?page_id=51302"},"modified":"2021-12-15T13:49:34","modified_gmt":"2021-12-15T13:49:34","slug":"kixie-powercall-recensione","status":"publish","type":"page","link":"https:\/\/www.accuratereviews.com\/it\/programmi-per-registrare-chiamate\/kixie-powercall-recensione\/","title":{"rendered":"Kixie PowerCall"},"content":{"rendered":"<p><strong>Kixie PowerCall<\/strong> \u00e8 un&#8217;estensione per Chrome<strong>\u00a0per registrare le chiamate<\/strong> utilizzata dagli agenti e dai team di vendita che funzionano con i principali CRM come Hubspot, Salesforce, Pipedrive e altri. Si tratta di una piattaforma che automatizza e semplifica il processo di fidelizzazione con potenziali clienti grazie a un sistema di comunicazione pi\u00f9 completo ed efficace. Con <strong>Kixie PowerCall<\/strong> potrai chiamare in pochi secondi e connetterti con chi vuoi, ovunque nel mondo e utilizzando solamente la connessione internet. Essendo un&#8217;estensione di Chrome, pu\u00f2 essere installata in modo semplice e veloce su Windows, Mac, Linux e Chromebook e naturalmente anche collegata al tuo cellulare o telefono fisso.<\/p>\n<h2>KIXIE POWERCALL &#8211; TUTORIAL<\/h2>\n<p>Ecco un video che ci mostra come fare una chiamata con <strong>Kixie PowerCall<\/strong>:<\/p>\n<div id=\"fluid-wrapper-counter-1\" class=\"g1-fluid-wrapper \" style=\"width:686px;\">\n<div style=\"padding-bottom:56.268221574344%;\"><iframe loading=\"lazy\" title=\"How to Make a Call with Kixie PowerCall\" width=\"686\" height=\"386\" src=\"https:\/\/www.youtube.com\/embed\/t-Slc-ZnAKc?feature=oembed&amp;wmode=transparent&amp;autohide=1&amp;autoplay=0&amp;disablekb=0&amp;fs=1&amp;loop=0&amp;enablejsapi=1&amp;rel=0&amp;controls=2&amp;showinfo=0&amp;wmode=transparent&amp;autohide=2&amp;autoplay=0&amp;disablekb=0&amp;fs=1&amp;loop=0&amp;enablejsapi=1&amp;rel=0&amp;controls=2&amp;showinfo=1\" frameborder=\"0\" allow=\"accelerometer; autoplay; clipboard-write; encrypted-media; gyroscope; picture-in-picture\" allowfullscreen><\/iframe><\/div>\n<\/div>\n<h3>KIXIE POWERCALL &#8211; CARATTERISTICHE<\/h3>\n<ul>\n<li><strong>Messaggistica via sms<\/strong>: aumenta il tuo tasso di connessione con la messaggistica sms in entrata e in uscita<\/li>\n<li><strong>AI Local Presence<\/strong>: goditi il 500% in pi\u00f9 di risposte mentre chiami in tutti gli Stati Uniti e a livello internazionale con i numeri di telefono con copertura locale<\/li>\n<li><strong>Voicemail Drop<\/strong>: risparmia tempo lasciando messaggi vocali mentre passi alla chiamata successiva. Registra tutti i messaggi vocali che vuoi<\/li>\n<li><strong>Click-to-Call<\/strong>: carica una lista di potenziali clienti e componi in modo efficiente la lista con qualsiasi dispositivo, ovunque: telefono fisso, cellulare o computer con cuffie<\/li>\n<li><strong>Live Call Coaching<\/strong>: ascolta le chiamate dal vivo mentre sono in corso. Entra per dare una mano o semplicemente sussurra al tuo agente per aiutarlo a chiudere l&#8217;affare<\/li>\n<li><strong>Registrazioni delle chiamate<\/strong>: registra le chiamate e memorizzale per aiutare con il coaching o per rivedere i potenziali clienti coinvolti in un lungo ciclo di vendita<\/li>\n<li><strong>Call Dispostions<\/strong>: consenti al tuo team di utilizzare le disposizioni con il proprio gergo di vendita e il proprio processo<\/li>\n<li><strong>Sistema reportistico<\/strong>: identifica rapidamente le rock star e le prestazioni scarse esaminando le metriche delle chiamate in qualsiasi periodo di tempo<\/li>\n<li><strong>Screen Pops<\/strong>: dimensione dell&#8217;affare, informazioni sull&#8217;azienda, nome e posizione: dati inviati al tuo schermo per ogni chiamata in arrivo.<\/li>\n<\/ul>\n<h4>LE RECENSIONI DEGLI UTENTI<\/h4>\n<p><strong>Robert D. &#8220;Fantastico prodotto, ben fatto&#8221;<\/strong><br \/>\nCOMMENTI: esperienza complessivamente buona. Kixie ha reso possibile il nostro call center in 5 paesi.<br \/>\nPRO: l&#8217;integrazione con HubSpot \u00e8 solida. Il prodotto funziona costantemente senza problemi<br \/>\nCONTRO: pu\u00f2 essere difficile da configurare &#8211; ma il supporto ti guida nel processo. In tutta onest\u00e0, il processo \u00e8 complesso (non il software ma il vero e proprio business case).<\/p>\n<p>Jeremy H. &#8220;Da provare &#8211; Lo uso da oltre tre anni e migliora costantemente&#8221;<br \/>\nCOMMENTIi: il nostro ufficio \u00e8 estremamente soddisfatto del software. Tutti sono multi-tasking e non potremmo essere pi\u00f9 soddisfatti.<br \/>\nPRO: \u00e8 estremamente vantaggioso connettersi con il nostro attuale CRM immediatamente dopo una chiamata. Sono in grado di ricapitolare tutto ci\u00f2 che \u00e8 importante e tutto ci\u00f2 che \u00e8 mancato.<br \/>\nCONTRO: all&#8217;inizio, gli aggiornamenti del software erano durante il giorno e durante le mie ore di punta di chiamata. Dovevo ricaricare il software ed era frustrante. Ultimamente, gli aggiornamenti avvengono durante la notte, il che evita i tempi morti.<\/p>\n<p>Farid H. &#8220;Semplice da usare e ottime funzioni&#8221;<br \/>\nCOMMENTI: nel complesso \u00e8 stato fantastico.<br \/>\nPRO: mi piace che posso fare clic e comporre rapidamente; l&#8217;opzione SMS ha aiutato molto a ricevere risposte al pi\u00f9 presto.<br \/>\nCONTRO: un po&#8217; di ritardo quando si lascia un messaggio e poi si clicca 1 o # per inviare, ma non \u00e8 un grosso problema<\/p>\n","protected":false},"excerpt":{"rendered":"<p>Kixie PowerCall \u00e8 un&#8217;estensione per Chrome\u00a0per registrare le chiamate\u00a0utilizzata dagli agenti e dai team di vendita che funzionano con i principali CRM come Hubspot, Salesforce, Pipedrive e altri. Si tratta di una piattaforma che automatizza e semplifica il processo di fidelizzazione con potenziali clienti grazie a un sistema di comunicazione pi\u00f9 completo ed efficace.<\/p>\n","protected":false},"author":17,"featured_media":51310,"parent":50903,"menu_order":0,"comment_status":"open","ping_status":"closed","template":"g1_template_page_review_new.php","meta":{"_acf_changed":false,"cwp_meta_box_check":"No","cwp_rev_product_name":"","cwp_rev_product_image":"","wppr_links":[],"cwp_rev_price":"","wppr_options":[],"wppr_pros":[],"wppr_cons":[],"_monsterinsights_skip_tracking":false,"_monsterinsights_sitenote_active":false,"_monsterinsights_sitenote_note":"","_monsterinsights_sitenote_category":0,"footnotes":""},"categories":[11631],"tags":[11638,521,11684,11650,11633,11637,11634,11635],"features":[],"class_list":{"0":"post-51302","1":"page","2":"type-page","3":"status-publish","4":"has-post-thumbnail","6":"category-programma-per-registrare-chiamate-categoria","7":"tag-chiamate-registrate","8":"tag-chrome","9":"tag-estensione-chrome","10":"tag-programma-per-registrare-le-chiamate","11":"tag-programmi-per-registrare-le-chiamate","12":"tag-registrare-le-chiamate","13":"tag-software-per-registrare-le-chiamate","14":"tag-soluzione-per-registrare-le-chiamate"},"wppr_data":{"cwp_meta_box_check":"No"},"acf":[],"yoast_head":"<!-- This site is optimized with the Yoast SEO plugin v27.4 - https:\/\/yoast.com\/product\/yoast-seo-wordpress\/ -->\n<title>Kixie PowerCall: programma per registrare chiamate - Accurate Reviews<\/title>\n<meta name=\"description\" content=\"Kixie PowerCall: estensione per Chrome\u00a0per registrare le chiamate\u00a0utilizzata dagli agenti e dai team di vendita.\" \/>\n<meta name=\"robots\" content=\"index, follow, max-snippet:-1, max-image-preview:large, max-video-preview:-1\" \/>\n<link rel=\"canonical\" href=\"https:\/\/www.accuratereviews.com\/it\/programmi-per-registrare-chiamate\/kixie-powercall-recensione\/\" \/>\n<meta property=\"og:locale\" content=\"it_IT\" \/>\n<meta property=\"og:type\" content=\"article\" \/>\n<meta property=\"og:title\" content=\"Kixie PowerCall: programma per registrare chiamate - Accurate Reviews\" \/>\n<meta property=\"og:description\" content=\"Kixie PowerCall: estensione per Chrome\u00a0per registrare le chiamate\u00a0utilizzata dagli agenti e dai team di vendita.\" \/>\n<meta property=\"og:url\" content=\"https:\/\/www.accuratereviews.com\/it\/programmi-per-registrare-chiamate\/kixie-powercall-recensione\/\" \/>\n<meta property=\"og:site_name\" content=\"Accurate Reviews\" \/>\n<meta property=\"og:image\" content=\"https:\/\/www.accuratereviews.com\/wp-content\/uploads\/2021\/12\/Schermata-2021-12-15-alle-12.25.35-1.png\" \/>\n\t<meta property=\"og:image:width\" content=\"438\" \/>\n\t<meta property=\"og:image:height\" content=\"200\" \/>\n\t<meta property=\"og:image:type\" content=\"image\/png\" \/>\n<meta name=\"twitter:card\" content=\"summary_large_image\" \/>\n<meta name=\"twitter:label1\" content=\"Tempo di lettura stimato\" \/>\n\t<meta name=\"twitter:data1\" content=\"3 minuti\" \/>\n<script type=\"application\/ld+json\" class=\"yoast-schema-graph\">{\"@context\":\"https:\\\/\\\/schema.org\",\"@graph\":[{\"@type\":\"WebPage\",\"@id\":\"https:\\\/\\\/www.accuratereviews.com\\\/it\\\/programmi-per-registrare-chiamate\\\/kixie-powercall-recensione\\\/\",\"url\":\"https:\\\/\\\/www.accuratereviews.com\\\/it\\\/programmi-per-registrare-chiamate\\\/kixie-powercall-recensione\\\/\",\"name\":\"Kixie PowerCall: programma per registrare chiamate - Accurate Reviews\",\"isPartOf\":{\"@id\":\"https:\\\/\\\/www.accuratereviews.com\\\/it\\\/#website\"},\"primaryImageOfPage\":{\"@id\":\"https:\\\/\\\/www.accuratereviews.com\\\/it\\\/programmi-per-registrare-chiamate\\\/kixie-powercall-recensione\\\/#primaryimage\"},\"image\":{\"@id\":\"https:\\\/\\\/www.accuratereviews.com\\\/it\\\/programmi-per-registrare-chiamate\\\/kixie-powercall-recensione\\\/#primaryimage\"},\"thumbnailUrl\":\"https:\\\/\\\/www.accuratereviews.com\\\/wp-content\\\/uploads\\\/2021\\\/12\\\/Schermata-2021-12-15-alle-12.25.35-1.png\",\"datePublished\":\"2021-12-15T13:49:34+00:00\",\"description\":\"Kixie PowerCall: estensione per Chrome\u00a0per registrare le chiamate\u00a0utilizzata dagli agenti e dai team di vendita.\",\"breadcrumb\":{\"@id\":\"https:\\\/\\\/www.accuratereviews.com\\\/it\\\/programmi-per-registrare-chiamate\\\/kixie-powercall-recensione\\\/#breadcrumb\"},\"inLanguage\":\"it-IT\",\"potentialAction\":[{\"@type\":\"ReadAction\",\"target\":[\"https:\\\/\\\/www.accuratereviews.com\\\/it\\\/programmi-per-registrare-chiamate\\\/kixie-powercall-recensione\\\/\"]}]},{\"@type\":\"ImageObject\",\"inLanguage\":\"it-IT\",\"@id\":\"https:\\\/\\\/www.accuratereviews.com\\\/it\\\/programmi-per-registrare-chiamate\\\/kixie-powercall-recensione\\\/#primaryimage\",\"url\":\"https:\\\/\\\/www.accuratereviews.com\\\/wp-content\\\/uploads\\\/2021\\\/12\\\/Schermata-2021-12-15-alle-12.25.35-1.png\",\"contentUrl\":\"https:\\\/\\\/www.accuratereviews.com\\\/wp-content\\\/uploads\\\/2021\\\/12\\\/Schermata-2021-12-15-alle-12.25.35-1.png\",\"width\":438,\"height\":200},{\"@type\":\"BreadcrumbList\",\"@id\":\"https:\\\/\\\/www.accuratereviews.com\\\/it\\\/programmi-per-registrare-chiamate\\\/kixie-powercall-recensione\\\/#breadcrumb\",\"itemListElement\":[{\"@type\":\"ListItem\",\"position\":1,\"name\":\"Home\",\"item\":\"https:\\\/\\\/www.accuratereviews.com\\\/it\\\/\"},{\"@type\":\"ListItem\",\"position\":2,\"name\":\"Programmi per registrare le chiamate\",\"item\":\"https:\\\/\\\/www.accuratereviews.com\\\/it\\\/programmi-per-registrare-chiamate\\\/\"},{\"@type\":\"ListItem\",\"position\":3,\"name\":\"Kixie PowerCall\"}]},{\"@type\":\"WebSite\",\"@id\":\"https:\\\/\\\/www.accuratereviews.com\\\/it\\\/#website\",\"url\":\"https:\\\/\\\/www.accuratereviews.com\\\/it\\\/\",\"name\":\"Accurate Reviews\",\"description\":\"\",\"potentialAction\":[{\"@type\":\"SearchAction\",\"target\":{\"@type\":\"EntryPoint\",\"urlTemplate\":\"https:\\\/\\\/www.accuratereviews.com\\\/it\\\/?s={search_term_string}\"},\"query-input\":{\"@type\":\"PropertyValueSpecification\",\"valueRequired\":true,\"valueName\":\"search_term_string\"}}],\"inLanguage\":\"it-IT\"}]}<\/script>\n<!-- \/ Yoast SEO plugin. -->","yoast_head_json":{"title":"Kixie PowerCall: programma per registrare chiamate - Accurate Reviews","description":"Kixie PowerCall: estensione per Chrome\u00a0per registrare le chiamate\u00a0utilizzata dagli agenti e dai team di vendita.","robots":{"index":"index","follow":"follow","max-snippet":"max-snippet:-1","max-image-preview":"max-image-preview:large","max-video-preview":"max-video-preview:-1"},"canonical":"https:\/\/www.accuratereviews.com\/it\/programmi-per-registrare-chiamate\/kixie-powercall-recensione\/","og_locale":"it_IT","og_type":"article","og_title":"Kixie PowerCall: programma per registrare chiamate - Accurate Reviews","og_description":"Kixie PowerCall: estensione per Chrome\u00a0per registrare le chiamate\u00a0utilizzata dagli agenti e dai team di vendita.","og_url":"https:\/\/www.accuratereviews.com\/it\/programmi-per-registrare-chiamate\/kixie-powercall-recensione\/","og_site_name":"Accurate Reviews","og_image":[{"width":438,"height":200,"url":"https:\/\/www.accuratereviews.com\/wp-content\/uploads\/2021\/12\/Schermata-2021-12-15-alle-12.25.35-1.png","type":"image\/png"}],"twitter_card":"summary_large_image","twitter_misc":{"Tempo di lettura stimato":"3 minuti"},"schema":{"@context":"https:\/\/schema.org","@graph":[{"@type":"WebPage","@id":"https:\/\/www.accuratereviews.com\/it\/programmi-per-registrare-chiamate\/kixie-powercall-recensione\/","url":"https:\/\/www.accuratereviews.com\/it\/programmi-per-registrare-chiamate\/kixie-powercall-recensione\/","name":"Kixie PowerCall: programma per registrare chiamate - Accurate Reviews","isPartOf":{"@id":"https:\/\/www.accuratereviews.com\/it\/#website"},"primaryImageOfPage":{"@id":"https:\/\/www.accuratereviews.com\/it\/programmi-per-registrare-chiamate\/kixie-powercall-recensione\/#primaryimage"},"image":{"@id":"https:\/\/www.accuratereviews.com\/it\/programmi-per-registrare-chiamate\/kixie-powercall-recensione\/#primaryimage"},"thumbnailUrl":"https:\/\/www.accuratereviews.com\/wp-content\/uploads\/2021\/12\/Schermata-2021-12-15-alle-12.25.35-1.png","datePublished":"2021-12-15T13:49:34+00:00","description":"Kixie PowerCall: estensione per Chrome\u00a0per registrare le chiamate\u00a0utilizzata dagli agenti e dai team di vendita.","breadcrumb":{"@id":"https:\/\/www.accuratereviews.com\/it\/programmi-per-registrare-chiamate\/kixie-powercall-recensione\/#breadcrumb"},"inLanguage":"it-IT","potentialAction":[{"@type":"ReadAction","target":["https:\/\/www.accuratereviews.com\/it\/programmi-per-registrare-chiamate\/kixie-powercall-recensione\/"]}]},{"@type":"ImageObject","inLanguage":"it-IT","@id":"https:\/\/www.accuratereviews.com\/it\/programmi-per-registrare-chiamate\/kixie-powercall-recensione\/#primaryimage","url":"https:\/\/www.accuratereviews.com\/wp-content\/uploads\/2021\/12\/Schermata-2021-12-15-alle-12.25.35-1.png","contentUrl":"https:\/\/www.accuratereviews.com\/wp-content\/uploads\/2021\/12\/Schermata-2021-12-15-alle-12.25.35-1.png","width":438,"height":200},{"@type":"BreadcrumbList","@id":"https:\/\/www.accuratereviews.com\/it\/programmi-per-registrare-chiamate\/kixie-powercall-recensione\/#breadcrumb","itemListElement":[{"@type":"ListItem","position":1,"name":"Home","item":"https:\/\/www.accuratereviews.com\/it\/"},{"@type":"ListItem","position":2,"name":"Programmi per registrare le chiamate","item":"https:\/\/www.accuratereviews.com\/it\/programmi-per-registrare-chiamate\/"},{"@type":"ListItem","position":3,"name":"Kixie PowerCall"}]},{"@type":"WebSite","@id":"https:\/\/www.accuratereviews.com\/it\/#website","url":"https:\/\/www.accuratereviews.com\/it\/","name":"Accurate Reviews","description":"","potentialAction":[{"@type":"SearchAction","target":{"@type":"EntryPoint","urlTemplate":"https:\/\/www.accuratereviews.com\/it\/?s={search_term_string}"},"query-input":{"@type":"PropertyValueSpecification","valueRequired":true,"valueName":"search_term_string"}}],"inLanguage":"it-IT"}]}},"_links":{"self":[{"href":"https:\/\/www.accuratereviews.com\/it\/wp-json\/wp\/v2\/pages\/51302","targetHints":{"allow":["GET"]}}],"collection":[{"href":"https:\/\/www.accuratereviews.com\/it\/wp-json\/wp\/v2\/pages"}],"about":[{"href":"https:\/\/www.accuratereviews.com\/it\/wp-json\/wp\/v2\/types\/page"}],"author":[{"embeddable":true,"href":"https:\/\/www.accuratereviews.com\/it\/wp-json\/wp\/v2\/users\/17"}],"replies":[{"embeddable":true,"href":"https:\/\/www.accuratereviews.com\/it\/wp-json\/wp\/v2\/comments?post=51302"}],"version-history":[{"count":5,"href":"https:\/\/www.accuratereviews.com\/it\/wp-json\/wp\/v2\/pages\/51302\/revisions"}],"predecessor-version":[{"id":51333,"href":"https:\/\/www.accuratereviews.com\/it\/wp-json\/wp\/v2\/pages\/51302\/revisions\/51333"}],"up":[{"embeddable":true,"href":"https:\/\/www.accuratereviews.com\/it\/wp-json\/wp\/v2\/pages\/50903"}],"wp:featuredmedia":[{"embeddable":true,"href":"https:\/\/www.accuratereviews.com\/it\/wp-json\/wp\/v2\/media\/51310"}],"wp:attachment":[{"href":"https:\/\/www.accuratereviews.com\/it\/wp-json\/wp\/v2\/media?parent=51302"}],"wp:term":[{"taxonomy":"category","embeddable":true,"href":"https:\/\/www.accuratereviews.com\/it\/wp-json\/wp\/v2\/categories?post=51302"},{"taxonomy":"post_tag","embeddable":true,"href":"https:\/\/www.accuratereviews.com\/it\/wp-json\/wp\/v2\/tags?post=51302"},{"taxonomy":"features","embeddable":true,"href":"https:\/\/www.accuratereviews.com\/it\/wp-json\/wp\/v2\/features?post=51302"}],"curies":[{"name":"wp","href":"https:\/\/api.w.org\/{rel}","templated":true}]}}