{"id":51344,"date":"2021-12-16T12:32:22","date_gmt":"2021-12-16T12:32:22","guid":{"rendered":"https:\/\/www.accuratereviews.com\/?page_id=51344"},"modified":"2021-12-16T12:32:22","modified_gmt":"2021-12-16T12:32:22","slug":"phoneburner-recensione","status":"publish","type":"page","link":"https:\/\/www.accuratereviews.com\/it\/programmi-per-registrare-chiamate\/phoneburner-recensione\/","title":{"rendered":"PhoneBurner"},"content":{"rendered":"<p><strong>PhoneBurner<\/strong> \u00e8 una <strong>piattaforma di registrazione chiamate<\/strong> che automatizza i flussi di lavoro ripetitivi e aiuta i rappresentanti di vendita ad avere 3-4 volte pi\u00f9 conversazioni dal vivo. Pi\u00f9 tempo di conversazione, meno compiti e pi\u00f9 opportunit\u00e0 per concludere affari. Il software \u00e8 basato su <strong>cloud<\/strong> e l&#8217;installazione \u00e8 gratuita. Gli utenti possono accedere da qualsiasi luogo e condurre sessioni di composizione utilizzando qualsiasi telefono o il softphone. Il CRM incluso consente agli utenti di filtrare in modo intelligente i lead per sessioni di composizione. Elimina istantaneamente i messaggi vocali e invia email personalizzate in base all&#8217;esito della chiamata. Gli utenti vengono avvisati in tempo reale quando le email vengono aperte, i link cliccati, i video guardati, gli allegati visualizzati, ecc&#8230; per un follow-up perfettamente sincronizzato. Personalizza i set di disposizioni, prendi appunti, pianifica i follow-up e altro ancora. Sono disponibili la registrazione delle chiamate, il trasferimento delle chiamate e l&#8217;ID locale.<\/p>\n<h2>PHONEBURNER &#8211; TUTORIAL<\/h2>\n<p>In questo tutorial vedrai come verificare i tuoi numeri personali come ID chiamante sul sistema di registrazione delle chiamate:<\/p>\n<div id=\"fluid-wrapper-counter-1\" class=\"g1-fluid-wrapper \" style=\"width:686px;\">\n<div style=\"padding-bottom:56.268221574344%;\"><iframe loading=\"lazy\" title=\"How to Configure your Caller ID on PhoneBurner\" width=\"686\" height=\"386\" src=\"https:\/\/www.youtube.com\/embed\/FLFx-k7W8S8?feature=oembed&amp;wmode=transparent&amp;autohide=1&amp;autoplay=0&amp;disablekb=0&amp;fs=1&amp;loop=0&amp;enablejsapi=1&amp;rel=0&amp;controls=2&amp;showinfo=0&amp;wmode=transparent&amp;autohide=2&amp;autoplay=0&amp;disablekb=0&amp;fs=1&amp;loop=0&amp;enablejsapi=1&amp;rel=0&amp;controls=2&amp;showinfo=1\" frameborder=\"0\" allow=\"accelerometer; autoplay; clipboard-write; encrypted-media; gyroscope; picture-in-picture\" allowfullscreen><\/iframe><\/div>\n<\/div>\n<h3>PHONEBURNER &#8211; CARATTERISTICHE<\/h3>\n<ul>\n<li><strong>Una migliore esperienza di composizione<\/strong>: le conversazioni di qualit\u00e0 sono la valuta del successo delle vendite. Inizia a raggiungere le quote pi\u00f9 velocemente, con una selezione pi\u00f9 intelligente dei lead, connessioni senza ritardi e fino a 4 volte pi\u00f9 conversazioni dal vivo<\/li>\n<li><strong>Tassi di risposta in tempo reale pi\u00f9 elevati<\/strong>: aumenta le percentuali di risposta in tempo reale visualizzando un prefisso locale per le chiamate fuori area. Ottieni solo ci\u00f2 di cui hai bisogno e copri l&#8217;intero team con un unico piano<\/li>\n<li><strong>Mai pi\u00f9 compiti ripetitivi<\/strong>: lascia che la soluzione gestisca le attivit\u00e0 importanti ma dispendiose in termini di tempo che riducono la produttivit\u00e0 e portano alla riluttanza alle chiamate. Automatizza i processi post-chiamata e passa direttamente a quella successiva<\/li>\n<li><strong>Tutte le metriche che contano<\/strong>: monitora ogni agente e il tuo team nel suo insieme. Il monitoraggio automatico delle chiamate e i report personalizzati assicurano che i dati necessari per prendere buone decisioni siano sempre a portata di mano.<\/li>\n<li><strong>Distribuzione intelligente dei lead<\/strong>: utilizzando regole altamente personalizzabili il software distribuisce automaticamente i lead al tuo team per migliorare l&#8217;efficienza e aumentare il potenziale di conversione.<\/li>\n<\/ul>\n<h4>LE RECENSIONI DEGLI UTENTI<\/h4>\n<p class=\"font-weight-bold mb-2\"><strong>John S.&#8221;Phoneburner \u00e8 FANTASTICO&#8221;<\/strong><\/p>\n<p><span class=\"font-weight-bold\"><strong>Commenti<\/strong>: <\/span>Finora, \u00e8 stato fantastico.<\/p>\n<p class=\"font-weight-bold mb-2\"><strong>Pro<\/strong>: il software \u00e8 facile da usare una volta che impari dove sono le cose e il supporto tecnico \u00e8 il migliore che abbia mai avuto.<\/p>\n<p class=\"font-weight-bold mb-2\"><strong>Contro<\/strong>:\u00a0A volte non \u00e8 intuitivo trovare cose, come impostare i messaggi vocali.<\/p>\n<p class=\"font-weight-bold mb-2\"><strong>Misty H.&#8221;Hai bisogno di fare pi\u00f9 chiamate? HAI BISOGNO DI QUESTO!!&#8221;<\/strong><\/p>\n<p><span class=\"font-weight-bold\"><strong>Commenti<\/strong>: <\/span>AMO Phoneburner ! Lavoravo in un call center quindi conoscevo un dialer, ma questo \u00e8 fantastico! Ho iniziato a usarlo grazie alla sua integrazione con Salesforce e non mi sono mai guardato indietro! Mi piace poter effettuare chiamate e rilasciare un messaggio vocale preregistrato e ha quasi raddoppiato la mia produttivit\u00e0!<\/p>\n<p class=\"font-weight-bold mb-2\"><strong>Pro<\/strong>:\u00a0Adoro il fatto che mi riduca il tempo al telefono componendo automaticamente i numeri e lasciando inserire i messaggi vocali prima ancora che la segreteria risponda!<\/p>\n<p class=\"font-weight-bold mb-2\"><strong>Contro<\/strong>:\u00a0Vorrei che ci fosse una migliore integrazione tra Salesforce e Phone Burner in cui potrei aggiornare il mio CRM mentre sono in Phone Burner, ma apro semplicemente un&#8217;altra finestra con Salesforce sul mio computer e questo risolve il problema.<\/p>\n<p class=\"font-weight-bold mb-2\"><strong>Martin R.&#8221;Power Dialing e gestione dei contatti con un&#8217;assistenza clienti SUPER.&#8221;<\/strong><\/p>\n<p><span class=\"font-weight-bold\"><strong>Commenti<\/strong>: <\/span>PhoneBurner \u00e8 un notevole miglioramento rispetto al nostro sistema precedente e il flusso di lavoro semplificato \u00e8 stata una sorpresa molto piacevole, ma la sorpresa pi\u00f9 grande \u00e8 stata il personale di supporto allegro e competente. Consiglierei questo prodotto a chiunque nella mia posizione.<\/p>\n<p class=\"font-weight-bold mb-2\"><strong>Pro<\/strong>:\u00a0Il power dialer ha semplificato il nostro flusso di lavoro e aumentato notevolmente la produttivit\u00e0. La configurazione \u00e8 stata molto semplice con l&#8217;aiuto del team di supporto di PhoneBurner. Man mano che le mie esigenze si evolvevano e diventavo sempre pi\u00f9 familiare con il software, ero sempre pi\u00f9 interessato a modificarlo per adattarlo al flusso di lavoro e ai risultati desiderati. Il team di supporto non solo mi ha aiutato abilmente, ma era sempre allegro e piacevole da contattare.<\/p>\n<p class=\"font-weight-bold mb-2\"><strong>Contro<\/strong>:\u00a0Non \u00e8 cos\u00ec ricco di funzionalit\u00e0 come i giganteschi CRM, ma questo \u00e8 facilmente compensato dalla drammatica differenza di prezzo.<\/p>\n","protected":false},"excerpt":{"rendered":"<p>PhoneBurner \u00e8 una piattaforma di registrazione chiamate che automatizza i flussi di lavoro ripetitivi e aiuta i rappresentanti di vendita ad avere 3-4 volte pi\u00f9 conversazioni dal vivo. Pi\u00f9 tempo di conversazione. Meno compiti. Pi\u00f9 opportunit\u00e0 per concludere affari.\u00a0Il software \u00e8 basato su cloud e l&#8217;installazione \u00e8 gratuita.<\/p>\n","protected":false},"author":16,"featured_media":51345,"parent":50903,"menu_order":0,"comment_status":"open","ping_status":"closed","template":"g1_template_page_review_new.php","meta":{"_acf_changed":false,"cwp_meta_box_check":"No","cwp_rev_product_name":"","cwp_rev_product_image":"","wppr_links":[],"cwp_rev_price":"","wppr_options":[],"wppr_pros":[],"wppr_cons":[],"_monsterinsights_skip_tracking":false,"_monsterinsights_sitenote_active":false,"_monsterinsights_sitenote_note":"","_monsterinsights_sitenote_category":0,"footnotes":""},"categories":[11631],"tags":[4129,11636,11650,11637,11634,11635],"features":[],"class_list":{"0":"post-51344","1":"page","2":"type-page","3":"status-publish","4":"has-post-thumbnail","6":"category-programma-per-registrare-chiamate-categoria","7":"tag-phoneburner","8":"tag-piattaforma-per-registrare-le-chiamate","9":"tag-programma-per-registrare-le-chiamate","10":"tag-registrare-le-chiamate","11":"tag-software-per-registrare-le-chiamate","12":"tag-soluzione-per-registrare-le-chiamate"},"wppr_data":{"cwp_meta_box_check":"No"},"acf":[],"yoast_head":"<!-- This site is optimized with the Yoast SEO plugin v27.4 - https:\/\/yoast.com\/product\/yoast-seo-wordpress\/ -->\n<title>PhoneBurner: recensione software registrazione delle chiamate<\/title>\n<meta name=\"description\" content=\"PhoneBurner: recensione piattaforma di registrazione chiamate che automatizza i flussi di lavoro ripetitivi.\" \/>\n<meta name=\"robots\" content=\"index, follow, max-snippet:-1, max-image-preview:large, max-video-preview:-1\" \/>\n<link rel=\"canonical\" href=\"https:\/\/www.accuratereviews.com\/it\/programmi-per-registrare-chiamate\/phoneburner-recensione\/\" \/>\n<meta property=\"og:locale\" content=\"it_IT\" \/>\n<meta property=\"og:type\" content=\"article\" \/>\n<meta property=\"og:title\" content=\"PhoneBurner: recensione software registrazione delle chiamate\" \/>\n<meta property=\"og:description\" content=\"PhoneBurner: recensione piattaforma di registrazione chiamate che automatizza i flussi di lavoro ripetitivi.\" \/>\n<meta property=\"og:url\" content=\"https:\/\/www.accuratereviews.com\/it\/programmi-per-registrare-chiamate\/phoneburner-recensione\/\" \/>\n<meta property=\"og:site_name\" content=\"Accurate Reviews\" \/>\n<meta property=\"og:image\" content=\"https:\/\/www.accuratereviews.com\/wp-content\/uploads\/2021\/12\/phoneburner.jpeg\" \/>\n\t<meta property=\"og:image:width\" content=\"900\" \/>\n\t<meta property=\"og:image:height\" content=\"900\" \/>\n\t<meta property=\"og:image:type\" content=\"image\/jpeg\" \/>\n<meta name=\"twitter:card\" content=\"summary_large_image\" \/>\n<meta name=\"twitter:label1\" content=\"Tempo di lettura stimato\" \/>\n\t<meta name=\"twitter:data1\" content=\"4 minuti\" \/>\n<script type=\"application\/ld+json\" class=\"yoast-schema-graph\">{\"@context\":\"https:\\\/\\\/schema.org\",\"@graph\":[{\"@type\":\"WebPage\",\"@id\":\"https:\\\/\\\/www.accuratereviews.com\\\/it\\\/programmi-per-registrare-chiamate\\\/phoneburner-recensione\\\/\",\"url\":\"https:\\\/\\\/www.accuratereviews.com\\\/it\\\/programmi-per-registrare-chiamate\\\/phoneburner-recensione\\\/\",\"name\":\"PhoneBurner: recensione software registrazione delle chiamate\",\"isPartOf\":{\"@id\":\"https:\\\/\\\/www.accuratereviews.com\\\/it\\\/#website\"},\"primaryImageOfPage\":{\"@id\":\"https:\\\/\\\/www.accuratereviews.com\\\/it\\\/programmi-per-registrare-chiamate\\\/phoneburner-recensione\\\/#primaryimage\"},\"image\":{\"@id\":\"https:\\\/\\\/www.accuratereviews.com\\\/it\\\/programmi-per-registrare-chiamate\\\/phoneburner-recensione\\\/#primaryimage\"},\"thumbnailUrl\":\"https:\\\/\\\/www.accuratereviews.com\\\/wp-content\\\/uploads\\\/2021\\\/12\\\/phoneburner.jpeg\",\"datePublished\":\"2021-12-16T12:32:22+00:00\",\"description\":\"PhoneBurner: recensione piattaforma di registrazione chiamate che automatizza i flussi di lavoro ripetitivi.\",\"breadcrumb\":{\"@id\":\"https:\\\/\\\/www.accuratereviews.com\\\/it\\\/programmi-per-registrare-chiamate\\\/phoneburner-recensione\\\/#breadcrumb\"},\"inLanguage\":\"it-IT\",\"potentialAction\":[{\"@type\":\"ReadAction\",\"target\":[\"https:\\\/\\\/www.accuratereviews.com\\\/it\\\/programmi-per-registrare-chiamate\\\/phoneburner-recensione\\\/\"]}]},{\"@type\":\"ImageObject\",\"inLanguage\":\"it-IT\",\"@id\":\"https:\\\/\\\/www.accuratereviews.com\\\/it\\\/programmi-per-registrare-chiamate\\\/phoneburner-recensione\\\/#primaryimage\",\"url\":\"https:\\\/\\\/www.accuratereviews.com\\\/wp-content\\\/uploads\\\/2021\\\/12\\\/phoneburner.jpeg\",\"contentUrl\":\"https:\\\/\\\/www.accuratereviews.com\\\/wp-content\\\/uploads\\\/2021\\\/12\\\/phoneburner.jpeg\",\"width\":900,\"height\":900},{\"@type\":\"BreadcrumbList\",\"@id\":\"https:\\\/\\\/www.accuratereviews.com\\\/it\\\/programmi-per-registrare-chiamate\\\/phoneburner-recensione\\\/#breadcrumb\",\"itemListElement\":[{\"@type\":\"ListItem\",\"position\":1,\"name\":\"Home\",\"item\":\"https:\\\/\\\/www.accuratereviews.com\\\/it\\\/\"},{\"@type\":\"ListItem\",\"position\":2,\"name\":\"Programmi per registrare le chiamate\",\"item\":\"https:\\\/\\\/www.accuratereviews.com\\\/it\\\/programmi-per-registrare-chiamate\\\/\"},{\"@type\":\"ListItem\",\"position\":3,\"name\":\"PhoneBurner\"}]},{\"@type\":\"WebSite\",\"@id\":\"https:\\\/\\\/www.accuratereviews.com\\\/it\\\/#website\",\"url\":\"https:\\\/\\\/www.accuratereviews.com\\\/it\\\/\",\"name\":\"Accurate Reviews\",\"description\":\"\",\"potentialAction\":[{\"@type\":\"SearchAction\",\"target\":{\"@type\":\"EntryPoint\",\"urlTemplate\":\"https:\\\/\\\/www.accuratereviews.com\\\/it\\\/?s={search_term_string}\"},\"query-input\":{\"@type\":\"PropertyValueSpecification\",\"valueRequired\":true,\"valueName\":\"search_term_string\"}}],\"inLanguage\":\"it-IT\"}]}<\/script>\n<!-- \/ Yoast SEO plugin. -->","yoast_head_json":{"title":"PhoneBurner: recensione software registrazione delle chiamate","description":"PhoneBurner: recensione piattaforma di registrazione chiamate che automatizza i flussi di lavoro ripetitivi.","robots":{"index":"index","follow":"follow","max-snippet":"max-snippet:-1","max-image-preview":"max-image-preview:large","max-video-preview":"max-video-preview:-1"},"canonical":"https:\/\/www.accuratereviews.com\/it\/programmi-per-registrare-chiamate\/phoneburner-recensione\/","og_locale":"it_IT","og_type":"article","og_title":"PhoneBurner: recensione software registrazione delle chiamate","og_description":"PhoneBurner: recensione piattaforma di registrazione chiamate che automatizza i flussi di lavoro ripetitivi.","og_url":"https:\/\/www.accuratereviews.com\/it\/programmi-per-registrare-chiamate\/phoneburner-recensione\/","og_site_name":"Accurate Reviews","og_image":[{"width":900,"height":900,"url":"https:\/\/www.accuratereviews.com\/wp-content\/uploads\/2021\/12\/phoneburner.jpeg","type":"image\/jpeg"}],"twitter_card":"summary_large_image","twitter_misc":{"Tempo di lettura stimato":"4 minuti"},"schema":{"@context":"https:\/\/schema.org","@graph":[{"@type":"WebPage","@id":"https:\/\/www.accuratereviews.com\/it\/programmi-per-registrare-chiamate\/phoneburner-recensione\/","url":"https:\/\/www.accuratereviews.com\/it\/programmi-per-registrare-chiamate\/phoneburner-recensione\/","name":"PhoneBurner: recensione software registrazione delle chiamate","isPartOf":{"@id":"https:\/\/www.accuratereviews.com\/it\/#website"},"primaryImageOfPage":{"@id":"https:\/\/www.accuratereviews.com\/it\/programmi-per-registrare-chiamate\/phoneburner-recensione\/#primaryimage"},"image":{"@id":"https:\/\/www.accuratereviews.com\/it\/programmi-per-registrare-chiamate\/phoneburner-recensione\/#primaryimage"},"thumbnailUrl":"https:\/\/www.accuratereviews.com\/wp-content\/uploads\/2021\/12\/phoneburner.jpeg","datePublished":"2021-12-16T12:32:22+00:00","description":"PhoneBurner: recensione piattaforma di registrazione chiamate che automatizza i flussi di lavoro ripetitivi.","breadcrumb":{"@id":"https:\/\/www.accuratereviews.com\/it\/programmi-per-registrare-chiamate\/phoneburner-recensione\/#breadcrumb"},"inLanguage":"it-IT","potentialAction":[{"@type":"ReadAction","target":["https:\/\/www.accuratereviews.com\/it\/programmi-per-registrare-chiamate\/phoneburner-recensione\/"]}]},{"@type":"ImageObject","inLanguage":"it-IT","@id":"https:\/\/www.accuratereviews.com\/it\/programmi-per-registrare-chiamate\/phoneburner-recensione\/#primaryimage","url":"https:\/\/www.accuratereviews.com\/wp-content\/uploads\/2021\/12\/phoneburner.jpeg","contentUrl":"https:\/\/www.accuratereviews.com\/wp-content\/uploads\/2021\/12\/phoneburner.jpeg","width":900,"height":900},{"@type":"BreadcrumbList","@id":"https:\/\/www.accuratereviews.com\/it\/programmi-per-registrare-chiamate\/phoneburner-recensione\/#breadcrumb","itemListElement":[{"@type":"ListItem","position":1,"name":"Home","item":"https:\/\/www.accuratereviews.com\/it\/"},{"@type":"ListItem","position":2,"name":"Programmi per registrare le chiamate","item":"https:\/\/www.accuratereviews.com\/it\/programmi-per-registrare-chiamate\/"},{"@type":"ListItem","position":3,"name":"PhoneBurner"}]},{"@type":"WebSite","@id":"https:\/\/www.accuratereviews.com\/it\/#website","url":"https:\/\/www.accuratereviews.com\/it\/","name":"Accurate Reviews","description":"","potentialAction":[{"@type":"SearchAction","target":{"@type":"EntryPoint","urlTemplate":"https:\/\/www.accuratereviews.com\/it\/?s={search_term_string}"},"query-input":{"@type":"PropertyValueSpecification","valueRequired":true,"valueName":"search_term_string"}}],"inLanguage":"it-IT"}]}},"_links":{"self":[{"href":"https:\/\/www.accuratereviews.com\/it\/wp-json\/wp\/v2\/pages\/51344","targetHints":{"allow":["GET"]}}],"collection":[{"href":"https:\/\/www.accuratereviews.com\/it\/wp-json\/wp\/v2\/pages"}],"about":[{"href":"https:\/\/www.accuratereviews.com\/it\/wp-json\/wp\/v2\/types\/page"}],"author":[{"embeddable":true,"href":"https:\/\/www.accuratereviews.com\/it\/wp-json\/wp\/v2\/users\/16"}],"replies":[{"embeddable":true,"href":"https:\/\/www.accuratereviews.com\/it\/wp-json\/wp\/v2\/comments?post=51344"}],"version-history":[{"count":11,"href":"https:\/\/www.accuratereviews.com\/it\/wp-json\/wp\/v2\/pages\/51344\/revisions"}],"predecessor-version":[{"id":51373,"href":"https:\/\/www.accuratereviews.com\/it\/wp-json\/wp\/v2\/pages\/51344\/revisions\/51373"}],"up":[{"embeddable":true,"href":"https:\/\/www.accuratereviews.com\/it\/wp-json\/wp\/v2\/pages\/50903"}],"wp:featuredmedia":[{"embeddable":true,"href":"https:\/\/www.accuratereviews.com\/it\/wp-json\/wp\/v2\/media\/51345"}],"wp:attachment":[{"href":"https:\/\/www.accuratereviews.com\/it\/wp-json\/wp\/v2\/media?parent=51344"}],"wp:term":[{"taxonomy":"category","embeddable":true,"href":"https:\/\/www.accuratereviews.com\/it\/wp-json\/wp\/v2\/categories?post=51344"},{"taxonomy":"post_tag","embeddable":true,"href":"https:\/\/www.accuratereviews.com\/it\/wp-json\/wp\/v2\/tags?post=51344"},{"taxonomy":"features","embeddable":true,"href":"https:\/\/www.accuratereviews.com\/it\/wp-json\/wp\/v2\/features?post=51344"}],"curies":[{"name":"wp","href":"https:\/\/api.w.org\/{rel}","templated":true}]}}