{"id":51358,"date":"2021-12-16T15:15:00","date_gmt":"2021-12-16T15:15:00","guid":{"rendered":"https:\/\/www.accuratereviews.com\/?page_id=51358"},"modified":"2021-12-20T07:55:27","modified_gmt":"2021-12-20T07:55:27","slug":"callrail-recensione","status":"publish","type":"page","link":"https:\/\/www.accuratereviews.com\/it\/programmi-per-registrare-chiamate\/callrail-recensione\/","title":{"rendered":"CallRail"},"content":{"rendered":"<p><strong>CallRail<\/strong> \u00e8 un <strong>programma per registrare le chiamate<\/strong> che ti permette di abbinare e chiamate in entrata, il testo, i moduli e le chat dal vivo alle tue campagne di marketing. In questo modo saprai quali campagne e annunci stanno funzionando e capirai quali strategie stanno guidando i tuoi contatti e quali no.<br \/>\nGrazie a questa piattaforma, potrai ottenere gli approfondimenti di cui hai bisogno per crescere, vedere ogni interazione con i tuoi annunci, confrontare le prestazioni di un messaggio e molto altro ancora. L&#8217;insieme di queste azioni massimizzer\u00e0 i tassi di conversione e\u00a0migliorer\u00e0 la tua strategia di <strong>lead generation<\/strong>. Finalmente i tuoi potenziali clienti si trasformeranno in clienti.<\/p>\n<h2>CALLRAIL &#8211; TUTORIAL<\/h2>\n<div id=\"fluid-wrapper-counter-1\" class=\"g1-fluid-wrapper \" style=\"width:686px;\">\n<div style=\"padding-bottom:56.268221574344%;\"><iframe loading=\"lazy\" title=\"CallRail&#039;s 5 Minute Demo\" width=\"515\" height=\"386\" src=\"https:\/\/www.youtube.com\/embed\/aaD05bCYLqE?feature=oembed&amp;wmode=transparent&amp;autohide=1&amp;autoplay=0&amp;disablekb=0&amp;fs=1&amp;loop=0&amp;enablejsapi=1&amp;rel=0&amp;controls=2&amp;showinfo=0&amp;wmode=transparent&amp;autohide=2&amp;autoplay=0&amp;disablekb=0&amp;fs=1&amp;loop=0&amp;enablejsapi=1&amp;rel=0&amp;controls=2&amp;showinfo=1\" frameborder=\"0\" allow=\"accelerometer; autoplay; clipboard-write; encrypted-media; gyroscope; picture-in-picture\" allowfullscreen><\/iframe><\/div>\n<\/div>\n<h3>CALLRAIL &#8211; CARATTERISTICHE<\/h3>\n<ul>\n<li><strong>Call Tracking (monitoraggio delle chiamate)<\/strong>: questa soluzione attribuisce (o abbina) le chiamate in entrata e i messaggi di testo alle tue attivit\u00e0 di marketing. Oltre a fornire report e analisi di fondamentale importanza sulla performance della tua campagna, il Call Tracking include anche capacit\u00e0 di registrazione delle conversazioni e fornisce i solidi dati utilizzati dal resto della Analytics Suite<\/li>\n<li><strong>Form Tracking (monitoraggio del modulo)<\/strong>: rivela quale cliente ha fatto clic su &#8220;invia&#8221; su un modulo. Insieme al Call Tracking, illuminano tutta la tua attivit\u00e0 di lead, sia che abbiano contattato per telefono o tramite il tuo sito web. E con queste intuizioni combinate, potrai commercializzare e spendere in modo pi\u00f9 intelligente<\/li>\n<li><strong>Conversation Intelligence (conversazioni migliori)<\/strong>: trasforma le tue chiamate in una miniera d&#8217;oro di opportunit\u00e0 di business-boost con Conversation Intelligence. La soluzione alimentata dall&#8217;intelligenza artificiale trasforma automaticamente le registrazioni delle chiamate in trascrizioni e identifica i termini chiave, quindi etichetta le registrazioni in modo da poter ascoltare, intensificare le chiamate e migliorare le conversazioni<\/li>\n<li><strong>Lead Center (centro dei lead)<\/strong>: \u00e8 il software di comunicazione di CallRail che pu\u00f2 migliorare o sostituire i telefoni esistenti, cos\u00ec come combinare le chiamate, i messaggi di testo, le chat dal vivo e gli invii di moduli in una casella di posta unificata in modo da non lasciarsi sfuggire un&#8217;altra opportunit\u00e0.<\/li>\n<\/ul>\n<h4>LE RECENSIONI DEGLI UTENTI<\/h4>\n<p><strong>Jason Z. &#8220;CallRail \u00e8 una soluzione perfetta per le agenzie&#8221;<\/strong><br \/>\nCOMMENTI: il software CallRail \u00e8 stato una grande soluzione per la nostra agenzia, ma in aggiunta le persone di CallRail hanno offerto un supporto di prim&#8217;ordine<br \/>\nPRO: dal punto di vista di un&#8217;agenzia di marketing, CallRail \u00e8 una soluzione potente per l&#8217;attribuzione di lead per canali specifici. La chiamata telefonica e i dati di invio dei moduli sono fondamentali per dimostrare il valore ai clienti<br \/>\nCONTRO: soluzioni pi\u00f9 semplici per l&#8217;aggiunta di pool di parole chiave multiple, se necessario, e la capacit\u00e0 di utilizzare solo 2 numeri di telefono in un pool di parole chiave per i piccoli clienti sarebbe l&#8217;ideale.<\/p>\n<p><strong>Meredith P. &#8220;Ottimo prodotto!&#8221;<\/strong><br \/>\nPRO: CallRail \u00e8 facile da usare e ci aiuta a impostare il monitoraggio delle chiamate per i nostri clienti.<br \/>\nCONTRO: non c&#8217;\u00e8 niente che mi viene in mente di negativo all&#8217;interno del prodotto CallRail.<\/p>\n<p><strong>Jack W. &#8220;Il supporto \u00e8 utile e la piattaforma generale \u00e8 facile da usare e con tutte le funzionalit\u00e0&#8221;<\/strong><br \/>\nCOMMENTI: nel complesso, CallRail \u00e8 una delle migliori piattaforme per le agenzie che cercano di offrire servizi di call tracking ai loro clienti, e fornisce una vasta gamma di funzioni e supporto per assistervi nel vostro percorso per offrire una soluzione di call tracking completa.<br \/>\nPRO: CallRail \u00e8 buono per le agenzie, in quanto offre caratteristiche specifiche per soddisfare le agenzie, come i margini incorporati, la fatturazione dei clienti, ecc. Il loro supporto clienti \u00e8 utile, e sono disposti a impostare le caratteristiche per voi. L&#8217;utilizzo della piattaforma \u00e8 semplice e sei guidato in tutto, accompagnato anche da una tonnellata di articoli di supporto.<br \/>\nCONTRO: il supporto clienti, anche se utile, \u00e8 difficile da raggiungere a volte. La loro live chat \u00e8 raramente disponibile e non c&#8217;\u00e8 un numero di telefono per chiamare il supporto da fuori gli Stati Uniti. Inoltre, i loro prezzi vengono addebitati solo in dollari, rendendo difficile per le agenzie che lavorano in GBP, inoltre, il loro sistema di fatturazione ha spesso problemi quando si cambiano i pacchetti, causando l&#8217;addebito di importi esagerati.<\/p>\n","protected":false},"excerpt":{"rendered":"<p>CallRail \u00e8 un programma per registrare le chiamate che ti permette di abbinare e chiamate in entrata, il testo, i moduli e le chat dal vivo alle tue campagne di marketing. In questo modo saprai quali campagne e annunci stanno funzionando e capirai quali strategie stanno guidando i tuoi contatti e quali no.<\/p>\n","protected":false},"author":17,"featured_media":51362,"parent":50903,"menu_order":0,"comment_status":"open","ping_status":"closed","template":"g1_template_page_review_new.php","meta":{"_acf_changed":false,"cwp_meta_box_check":"No","cwp_rev_product_name":"","cwp_rev_product_image":"","wppr_links":[],"cwp_rev_price":"","wppr_options":[],"wppr_pros":[],"wppr_cons":[],"_monsterinsights_skip_tracking":false,"_monsterinsights_sitenote_active":false,"_monsterinsights_sitenote_note":"","_monsterinsights_sitenote_category":0,"footnotes":""},"categories":[11631],"tags":[11638,11650,11637,11634,11635],"features":[],"class_list":{"0":"post-51358","1":"page","2":"type-page","3":"status-publish","4":"has-post-thumbnail","6":"category-programma-per-registrare-chiamate-categoria","7":"tag-chiamate-registrate","8":"tag-programma-per-registrare-le-chiamate","9":"tag-registrare-le-chiamate","10":"tag-software-per-registrare-le-chiamate","11":"tag-soluzione-per-registrare-le-chiamate"},"wppr_data":{"cwp_meta_box_check":"No"},"acf":[],"yoast_head":"<!-- This site is optimized with the Yoast SEO plugin v27.4 - https:\/\/yoast.com\/product\/yoast-seo-wordpress\/ -->\n<title>CallRail: recensione programma registrare chiamate - Accurate Reviews<\/title>\n<meta name=\"description\" content=\"CallRail: recensione del programma per registrare le chiamate che ti permette di capire quali campagne e annunci stanno funzionando.\" \/>\n<meta name=\"robots\" content=\"index, follow, max-snippet:-1, max-image-preview:large, max-video-preview:-1\" \/>\n<link rel=\"canonical\" href=\"https:\/\/www.accuratereviews.com\/it\/programmi-per-registrare-chiamate\/callrail-recensione\/\" \/>\n<meta property=\"og:locale\" content=\"it_IT\" \/>\n<meta property=\"og:type\" content=\"article\" \/>\n<meta property=\"og:title\" content=\"CallRail: recensione programma registrare chiamate - Accurate Reviews\" \/>\n<meta property=\"og:description\" content=\"CallRail: recensione del programma per registrare le chiamate che ti permette di capire quali campagne e annunci stanno funzionando.\" \/>\n<meta property=\"og:url\" content=\"https:\/\/www.accuratereviews.com\/it\/programmi-per-registrare-chiamate\/callrail-recensione\/\" \/>\n<meta property=\"og:site_name\" content=\"Accurate Reviews\" \/>\n<meta property=\"article:modified_time\" content=\"2021-12-20T07:55:27+00:00\" \/>\n<meta property=\"og:image\" content=\"https:\/\/www.accuratereviews.com\/wp-content\/uploads\/2021\/12\/74-745000_callrail-ranked-no-call-tracking-software-crowd-for.png.jpeg\" \/>\n\t<meta property=\"og:image:width\" content=\"320\" \/>\n\t<meta property=\"og:image:height\" content=\"320\" \/>\n\t<meta property=\"og:image:type\" content=\"image\/jpeg\" \/>\n<meta name=\"twitter:card\" content=\"summary_large_image\" \/>\n<meta name=\"twitter:label1\" content=\"Tempo di lettura stimato\" \/>\n\t<meta name=\"twitter:data1\" content=\"4 minuti\" \/>\n<script type=\"application\/ld+json\" class=\"yoast-schema-graph\">{\"@context\":\"https:\\\/\\\/schema.org\",\"@graph\":[{\"@type\":\"WebPage\",\"@id\":\"https:\\\/\\\/www.accuratereviews.com\\\/it\\\/programmi-per-registrare-chiamate\\\/callrail-recensione\\\/\",\"url\":\"https:\\\/\\\/www.accuratereviews.com\\\/it\\\/programmi-per-registrare-chiamate\\\/callrail-recensione\\\/\",\"name\":\"CallRail: recensione programma registrare chiamate - Accurate Reviews\",\"isPartOf\":{\"@id\":\"https:\\\/\\\/www.accuratereviews.com\\\/it\\\/#website\"},\"primaryImageOfPage\":{\"@id\":\"https:\\\/\\\/www.accuratereviews.com\\\/it\\\/programmi-per-registrare-chiamate\\\/callrail-recensione\\\/#primaryimage\"},\"image\":{\"@id\":\"https:\\\/\\\/www.accuratereviews.com\\\/it\\\/programmi-per-registrare-chiamate\\\/callrail-recensione\\\/#primaryimage\"},\"thumbnailUrl\":\"https:\\\/\\\/www.accuratereviews.com\\\/wp-content\\\/uploads\\\/2021\\\/12\\\/74-745000_callrail-ranked-no-call-tracking-software-crowd-for.png.jpeg\",\"datePublished\":\"2021-12-16T15:15:00+00:00\",\"dateModified\":\"2021-12-20T07:55:27+00:00\",\"description\":\"CallRail: recensione del programma per registrare le chiamate che ti permette di capire quali campagne e annunci stanno funzionando.\",\"breadcrumb\":{\"@id\":\"https:\\\/\\\/www.accuratereviews.com\\\/it\\\/programmi-per-registrare-chiamate\\\/callrail-recensione\\\/#breadcrumb\"},\"inLanguage\":\"it-IT\",\"potentialAction\":[{\"@type\":\"ReadAction\",\"target\":[\"https:\\\/\\\/www.accuratereviews.com\\\/it\\\/programmi-per-registrare-chiamate\\\/callrail-recensione\\\/\"]}]},{\"@type\":\"ImageObject\",\"inLanguage\":\"it-IT\",\"@id\":\"https:\\\/\\\/www.accuratereviews.com\\\/it\\\/programmi-per-registrare-chiamate\\\/callrail-recensione\\\/#primaryimage\",\"url\":\"https:\\\/\\\/www.accuratereviews.com\\\/wp-content\\\/uploads\\\/2021\\\/12\\\/74-745000_callrail-ranked-no-call-tracking-software-crowd-for.png.jpeg\",\"contentUrl\":\"https:\\\/\\\/www.accuratereviews.com\\\/wp-content\\\/uploads\\\/2021\\\/12\\\/74-745000_callrail-ranked-no-call-tracking-software-crowd-for.png.jpeg\",\"width\":320,\"height\":320},{\"@type\":\"BreadcrumbList\",\"@id\":\"https:\\\/\\\/www.accuratereviews.com\\\/it\\\/programmi-per-registrare-chiamate\\\/callrail-recensione\\\/#breadcrumb\",\"itemListElement\":[{\"@type\":\"ListItem\",\"position\":1,\"name\":\"Home\",\"item\":\"https:\\\/\\\/www.accuratereviews.com\\\/it\\\/\"},{\"@type\":\"ListItem\",\"position\":2,\"name\":\"Programmi per registrare le chiamate\",\"item\":\"https:\\\/\\\/www.accuratereviews.com\\\/it\\\/programmi-per-registrare-chiamate\\\/\"},{\"@type\":\"ListItem\",\"position\":3,\"name\":\"CallRail\"}]},{\"@type\":\"WebSite\",\"@id\":\"https:\\\/\\\/www.accuratereviews.com\\\/it\\\/#website\",\"url\":\"https:\\\/\\\/www.accuratereviews.com\\\/it\\\/\",\"name\":\"Accurate Reviews\",\"description\":\"\",\"potentialAction\":[{\"@type\":\"SearchAction\",\"target\":{\"@type\":\"EntryPoint\",\"urlTemplate\":\"https:\\\/\\\/www.accuratereviews.com\\\/it\\\/?s={search_term_string}\"},\"query-input\":{\"@type\":\"PropertyValueSpecification\",\"valueRequired\":true,\"valueName\":\"search_term_string\"}}],\"inLanguage\":\"it-IT\"}]}<\/script>\n<!-- \/ Yoast SEO plugin. -->","yoast_head_json":{"title":"CallRail: recensione programma registrare chiamate - Accurate Reviews","description":"CallRail: recensione del programma per registrare le chiamate che ti permette di capire quali campagne e annunci stanno funzionando.","robots":{"index":"index","follow":"follow","max-snippet":"max-snippet:-1","max-image-preview":"max-image-preview:large","max-video-preview":"max-video-preview:-1"},"canonical":"https:\/\/www.accuratereviews.com\/it\/programmi-per-registrare-chiamate\/callrail-recensione\/","og_locale":"it_IT","og_type":"article","og_title":"CallRail: recensione programma registrare chiamate - Accurate Reviews","og_description":"CallRail: recensione del programma per registrare le chiamate che ti permette di capire quali campagne e annunci stanno funzionando.","og_url":"https:\/\/www.accuratereviews.com\/it\/programmi-per-registrare-chiamate\/callrail-recensione\/","og_site_name":"Accurate Reviews","article_modified_time":"2021-12-20T07:55:27+00:00","og_image":[{"width":320,"height":320,"url":"https:\/\/www.accuratereviews.com\/wp-content\/uploads\/2021\/12\/74-745000_callrail-ranked-no-call-tracking-software-crowd-for.png.jpeg","type":"image\/jpeg"}],"twitter_card":"summary_large_image","twitter_misc":{"Tempo di lettura stimato":"4 minuti"},"schema":{"@context":"https:\/\/schema.org","@graph":[{"@type":"WebPage","@id":"https:\/\/www.accuratereviews.com\/it\/programmi-per-registrare-chiamate\/callrail-recensione\/","url":"https:\/\/www.accuratereviews.com\/it\/programmi-per-registrare-chiamate\/callrail-recensione\/","name":"CallRail: recensione programma registrare chiamate - Accurate Reviews","isPartOf":{"@id":"https:\/\/www.accuratereviews.com\/it\/#website"},"primaryImageOfPage":{"@id":"https:\/\/www.accuratereviews.com\/it\/programmi-per-registrare-chiamate\/callrail-recensione\/#primaryimage"},"image":{"@id":"https:\/\/www.accuratereviews.com\/it\/programmi-per-registrare-chiamate\/callrail-recensione\/#primaryimage"},"thumbnailUrl":"https:\/\/www.accuratereviews.com\/wp-content\/uploads\/2021\/12\/74-745000_callrail-ranked-no-call-tracking-software-crowd-for.png.jpeg","datePublished":"2021-12-16T15:15:00+00:00","dateModified":"2021-12-20T07:55:27+00:00","description":"CallRail: recensione del programma per registrare le chiamate che ti permette di capire quali campagne e annunci stanno funzionando.","breadcrumb":{"@id":"https:\/\/www.accuratereviews.com\/it\/programmi-per-registrare-chiamate\/callrail-recensione\/#breadcrumb"},"inLanguage":"it-IT","potentialAction":[{"@type":"ReadAction","target":["https:\/\/www.accuratereviews.com\/it\/programmi-per-registrare-chiamate\/callrail-recensione\/"]}]},{"@type":"ImageObject","inLanguage":"it-IT","@id":"https:\/\/www.accuratereviews.com\/it\/programmi-per-registrare-chiamate\/callrail-recensione\/#primaryimage","url":"https:\/\/www.accuratereviews.com\/wp-content\/uploads\/2021\/12\/74-745000_callrail-ranked-no-call-tracking-software-crowd-for.png.jpeg","contentUrl":"https:\/\/www.accuratereviews.com\/wp-content\/uploads\/2021\/12\/74-745000_callrail-ranked-no-call-tracking-software-crowd-for.png.jpeg","width":320,"height":320},{"@type":"BreadcrumbList","@id":"https:\/\/www.accuratereviews.com\/it\/programmi-per-registrare-chiamate\/callrail-recensione\/#breadcrumb","itemListElement":[{"@type":"ListItem","position":1,"name":"Home","item":"https:\/\/www.accuratereviews.com\/it\/"},{"@type":"ListItem","position":2,"name":"Programmi per registrare le chiamate","item":"https:\/\/www.accuratereviews.com\/it\/programmi-per-registrare-chiamate\/"},{"@type":"ListItem","position":3,"name":"CallRail"}]},{"@type":"WebSite","@id":"https:\/\/www.accuratereviews.com\/it\/#website","url":"https:\/\/www.accuratereviews.com\/it\/","name":"Accurate Reviews","description":"","potentialAction":[{"@type":"SearchAction","target":{"@type":"EntryPoint","urlTemplate":"https:\/\/www.accuratereviews.com\/it\/?s={search_term_string}"},"query-input":{"@type":"PropertyValueSpecification","valueRequired":true,"valueName":"search_term_string"}}],"inLanguage":"it-IT"}]}},"_links":{"self":[{"href":"https:\/\/www.accuratereviews.com\/it\/wp-json\/wp\/v2\/pages\/51358","targetHints":{"allow":["GET"]}}],"collection":[{"href":"https:\/\/www.accuratereviews.com\/it\/wp-json\/wp\/v2\/pages"}],"about":[{"href":"https:\/\/www.accuratereviews.com\/it\/wp-json\/wp\/v2\/types\/page"}],"author":[{"embeddable":true,"href":"https:\/\/www.accuratereviews.com\/it\/wp-json\/wp\/v2\/users\/17"}],"replies":[{"embeddable":true,"href":"https:\/\/www.accuratereviews.com\/it\/wp-json\/wp\/v2\/comments?post=51358"}],"version-history":[{"count":6,"href":"https:\/\/www.accuratereviews.com\/it\/wp-json\/wp\/v2\/pages\/51358\/revisions"}],"predecessor-version":[{"id":51460,"href":"https:\/\/www.accuratereviews.com\/it\/wp-json\/wp\/v2\/pages\/51358\/revisions\/51460"}],"up":[{"embeddable":true,"href":"https:\/\/www.accuratereviews.com\/it\/wp-json\/wp\/v2\/pages\/50903"}],"wp:featuredmedia":[{"embeddable":true,"href":"https:\/\/www.accuratereviews.com\/it\/wp-json\/wp\/v2\/media\/51362"}],"wp:attachment":[{"href":"https:\/\/www.accuratereviews.com\/it\/wp-json\/wp\/v2\/media?parent=51358"}],"wp:term":[{"taxonomy":"category","embeddable":true,"href":"https:\/\/www.accuratereviews.com\/it\/wp-json\/wp\/v2\/categories?post=51358"},{"taxonomy":"post_tag","embeddable":true,"href":"https:\/\/www.accuratereviews.com\/it\/wp-json\/wp\/v2\/tags?post=51358"},{"taxonomy":"features","embeddable":true,"href":"https:\/\/www.accuratereviews.com\/it\/wp-json\/wp\/v2\/features?post=51358"}],"curies":[{"name":"wp","href":"https:\/\/api.w.org\/{rel}","templated":true}]}}