{"id":51400,"date":"2021-12-17T12:31:21","date_gmt":"2021-12-17T12:31:21","guid":{"rendered":"https:\/\/www.accuratereviews.com\/?page_id=51400"},"modified":"2021-12-17T12:31:21","modified_gmt":"2021-12-17T12:31:21","slug":"novocall-recensione","status":"publish","type":"page","link":"https:\/\/www.accuratereviews.com\/it\/programmi-per-registrare-chiamate\/novocall-recensione\/","title":{"rendered":"Novocall"},"content":{"rendered":"<p dir=\"ltr\"><b>Novocall<\/b> \u00e8 un <b>sistema telefonico<\/b> studiato per le piccole imprese che hanno bisogno di automatizzare le campagne, monitorare le prestazioni e generare lead. Si tratta di una <b>soluzione VoIP all-in-one<\/b> che, grazie al widget &#8220;click-to-call&#8221;, ti permette di trasformare i visitatori del tuo sito web o dei tuoi canali social in chiamate ad alta conversione.<br \/>\nCon <b>Novacall<\/b>, non perderai pi\u00f9 tempo a chiamare manualmente i tuoi potenziali clienti poich\u00e9 il suo sistema telefonico sar\u00e0 totalmente automatizzato e in grado di caricare interi elenchi di contatti e comporre automaticamente i numeri per te.<\/p>\n<h2>NOVOCALL &#8211; TUTORIAL<\/h2>\n<p>Ecco come installarlo:<\/p>\n<div id=\"fluid-wrapper-counter-1\" class=\"g1-fluid-wrapper \" style=\"width:686px;\">\n<div style=\"padding-bottom:56.268221574344%;\"><iframe loading=\"lazy\" title=\"How to install Novocall callback widget on WordPress websites\" width=\"686\" height=\"386\" src=\"https:\/\/www.youtube.com\/embed\/zTjfAvtDuRc?feature=oembed&amp;wmode=transparent&amp;autohide=1&amp;autoplay=0&amp;disablekb=0&amp;fs=1&amp;loop=0&amp;enablejsapi=1&amp;rel=0&amp;controls=2&amp;showinfo=0&amp;wmode=transparent&amp;autohide=2&amp;autoplay=0&amp;disablekb=0&amp;fs=1&amp;loop=0&amp;enablejsapi=1&amp;rel=0&amp;controls=2&amp;showinfo=1\" frameborder=\"0\" allow=\"accelerometer; autoplay; clipboard-write; encrypted-media; gyroscope; picture-in-picture\" allowfullscreen><\/iframe><\/div>\n<\/div>\n<h3>NOVOCALL &#8211; CARATTERISTICHE<\/h3>\n<ul>\n<li><strong>Effettua chiamate internazionali<\/strong>: connettiti con i clienti d&#8217;oltreoceano. Disponibile in oltre 42 paesi<\/li>\n<li><strong>Auto follow-up<\/strong>: segui automaticamente le tue chiamate perse ad un orario prestabilito<\/li>\n<li><strong>Connettiti con i tuoi contatti istantaneamente<\/strong>: migliora le tue vendite interne con la nostra soluzione click to call. Inserisci semplicemente un numero di telefono nel software del tuo sito web e clicca per chiamare. I tuoi rappresentanti possono rispondere immediatamente alle loro richieste<\/li>\n<li><strong>Integrato con Facebook Lead Forms<\/strong>: integra le funzioni click-to-call nei tuoi Facebook Lead Forms e cattura i lead da un&#8217;altra fonte &#8211; i tuoi annunci su Facebook<\/li>\n<li><strong>Integrato con i calendari personali<\/strong>: si integra con i calendari di Google e Outlook. I tuoi lead possono programmare le chiamate solo nelle fasce orarie disponibili per i tuoi rappresentanti<\/li>\n<li><strong>Registrazione delle chiamate<\/strong>: registra le tue chiamate per monitorare le prestazioni o scoprire intuizioni significative dalle conversazioni<\/li>\n<li><strong>Imposta l&#8217;orario di lavoro<\/strong>: imposta il tuo orario di lavoro in modo da non ricevere mai chiamate dopo il lavoro<\/li>\n<li><strong>Notifiche automatiche<\/strong>: le notifiche automatiche sms ed email prima della chiamata aiutano a ridurre significativamente i tassi di no-show.<\/li>\n<\/ul>\n<h4>LE RECENSIONI DEGLI UTENTI<\/h4>\n<p><strong>Brian V. &#8220;Non perdere mai un&#8217;altra pista&#8221;<\/strong><\/p>\n<p>COMMENTI: \u00e8 stata un&#8217;altra buona aggiunta al mio toolkit di lead capture e finora ne sono soddisfatto<\/p>\n<p>PRO: il fatto che \u00e8 completamente automatizzato e mi permette di catturare lead che altrimenti sarebbero stati persi<\/p>\n<p>CONTRO: l&#8217;installazione era un po&#8217; poco chiara fino a quando non ho creato un ticket e ho ottenuto i consigli di cui avevo bisogno<\/p>\n<p><strong>Jose M. &#8220;Novocall: Sempre preciso&#8221;<\/strong><\/p>\n<p>COMMENTI: Novocall \u00e8 il migliore!<\/p>\n<p>PRO: Novocall \u00e8 il migliore per la mia attivit\u00e0. Trova potenziali clienti che mostrano interesse per il tuo prodotto o servizio. Pu\u00f2 aiutare le aziende ad aumentare le vendite!<\/p>\n<p>CONTRO: nessun contro con Novocall. \u00c8 la soluzione perfetta per il tuo business!<\/p>\n<p><strong>Jeremy G. &#8220;Un razzo per i contatti e le vendite&#8221;<\/strong><\/p>\n<p>COMMENTI: il divario tra clienti curiosi e servizio personale \u00e8 sempre una sfida. Nel complesso, Novocall ci ha permesso di colmare questo divario in modo significativo.<\/p>\n<p>PRO: opzione di contatto diretto per i visitatori del sito web. Le telefonate sono il modo numero 1 per chiudere le vendite nella nostra azienda.<\/p>\n<p>CONTRO: l&#8217;interfaccia potrebbe essere un po&#8217; pi\u00f9 snella &#8211; vorrei vedere opzioni di stile personalizzate.<\/p>\n","protected":false},"excerpt":{"rendered":"<p>Novocall \u00e8 un sistema telefonico studiato per le piccole imprese che hanno bisogno di automatizzare le campagne, monitorare le prestazioni e generare lead. Si tratta di una soluzione VoIP all-in-one che, grazie al widget &#8220;click-to-call&#8221;, ti permette di trasformare i visitatori del tuo sito web o dei tuoi canali social in chiamate ad alta conversione.<\/p>\n","protected":false},"author":17,"featured_media":51401,"parent":50903,"menu_order":0,"comment_status":"open","ping_status":"closed","template":"g1_template_page_review_new.php","meta":{"_acf_changed":false,"cwp_meta_box_check":"No","cwp_rev_product_name":"","cwp_rev_product_image":"","wppr_links":[],"cwp_rev_price":"","wppr_options":[],"wppr_pros":[],"wppr_cons":[],"_monsterinsights_skip_tracking":false,"_monsterinsights_sitenote_active":false,"_monsterinsights_sitenote_note":"","_monsterinsights_sitenote_category":0,"footnotes":""},"categories":[11631],"tags":[11638,11636,11650,11637,11634,11635],"features":[],"class_list":{"0":"post-51400","1":"page","2":"type-page","3":"status-publish","4":"has-post-thumbnail","6":"category-programma-per-registrare-chiamate-categoria","7":"tag-chiamate-registrate","8":"tag-piattaforma-per-registrare-le-chiamate","9":"tag-programma-per-registrare-le-chiamate","10":"tag-registrare-le-chiamate","11":"tag-software-per-registrare-le-chiamate","12":"tag-soluzione-per-registrare-le-chiamate"},"wppr_data":{"cwp_meta_box_check":"No"},"acf":[],"yoast_head":"<!-- This site is optimized with the Yoast SEO plugin v27.4 - https:\/\/yoast.com\/product\/yoast-seo-wordpress\/ -->\n<title>Novocall: recensione programma registrare chiamate - Accurate Reviews<\/title>\n<meta name=\"description\" content=\"Novacall \u00e8 un programma per registrare le chiamate che ti consentir\u00e0 di raggiungere un pubblico pi\u00f9 vasto.\" \/>\n<meta name=\"robots\" content=\"index, follow, max-snippet:-1, max-image-preview:large, max-video-preview:-1\" \/>\n<link rel=\"canonical\" href=\"https:\/\/www.accuratereviews.com\/it\/programmi-per-registrare-chiamate\/novocall-recensione\/\" \/>\n<meta property=\"og:locale\" content=\"it_IT\" \/>\n<meta property=\"og:type\" content=\"article\" \/>\n<meta property=\"og:title\" content=\"Novocall: recensione programma registrare chiamate - Accurate Reviews\" \/>\n<meta property=\"og:description\" content=\"Novacall \u00e8 un programma per registrare le chiamate che ti consentir\u00e0 di raggiungere un pubblico pi\u00f9 vasto.\" \/>\n<meta property=\"og:url\" content=\"https:\/\/www.accuratereviews.com\/it\/programmi-per-registrare-chiamate\/novocall-recensione\/\" \/>\n<meta property=\"og:site_name\" content=\"Accurate Reviews\" \/>\n<meta property=\"og:image\" content=\"https:\/\/www.accuratereviews.com\/wp-content\/uploads\/2021\/12\/Novocall-logo-1000x160-1.png\" \/>\n\t<meta property=\"og:image:width\" content=\"1235\" \/>\n\t<meta property=\"og:image:height\" content=\"200\" \/>\n\t<meta property=\"og:image:type\" content=\"image\/png\" \/>\n<meta name=\"twitter:card\" content=\"summary_large_image\" \/>\n<meta name=\"twitter:label1\" content=\"Tempo di lettura stimato\" \/>\n\t<meta name=\"twitter:data1\" content=\"3 minuti\" \/>\n<script type=\"application\/ld+json\" class=\"yoast-schema-graph\">{\"@context\":\"https:\\\/\\\/schema.org\",\"@graph\":[{\"@type\":\"WebPage\",\"@id\":\"https:\\\/\\\/www.accuratereviews.com\\\/it\\\/programmi-per-registrare-chiamate\\\/novocall-recensione\\\/\",\"url\":\"https:\\\/\\\/www.accuratereviews.com\\\/it\\\/programmi-per-registrare-chiamate\\\/novocall-recensione\\\/\",\"name\":\"Novocall: recensione programma registrare chiamate - Accurate Reviews\",\"isPartOf\":{\"@id\":\"https:\\\/\\\/www.accuratereviews.com\\\/it\\\/#website\"},\"primaryImageOfPage\":{\"@id\":\"https:\\\/\\\/www.accuratereviews.com\\\/it\\\/programmi-per-registrare-chiamate\\\/novocall-recensione\\\/#primaryimage\"},\"image\":{\"@id\":\"https:\\\/\\\/www.accuratereviews.com\\\/it\\\/programmi-per-registrare-chiamate\\\/novocall-recensione\\\/#primaryimage\"},\"thumbnailUrl\":\"https:\\\/\\\/www.accuratereviews.com\\\/wp-content\\\/uploads\\\/2021\\\/12\\\/Novocall-logo-1000x160-1.png\",\"datePublished\":\"2021-12-17T12:31:21+00:00\",\"description\":\"Novacall \u00e8 un programma per registrare le chiamate che ti consentir\u00e0 di raggiungere un pubblico pi\u00f9 vasto.\",\"breadcrumb\":{\"@id\":\"https:\\\/\\\/www.accuratereviews.com\\\/it\\\/programmi-per-registrare-chiamate\\\/novocall-recensione\\\/#breadcrumb\"},\"inLanguage\":\"it-IT\",\"potentialAction\":[{\"@type\":\"ReadAction\",\"target\":[\"https:\\\/\\\/www.accuratereviews.com\\\/it\\\/programmi-per-registrare-chiamate\\\/novocall-recensione\\\/\"]}]},{\"@type\":\"ImageObject\",\"inLanguage\":\"it-IT\",\"@id\":\"https:\\\/\\\/www.accuratereviews.com\\\/it\\\/programmi-per-registrare-chiamate\\\/novocall-recensione\\\/#primaryimage\",\"url\":\"https:\\\/\\\/www.accuratereviews.com\\\/wp-content\\\/uploads\\\/2021\\\/12\\\/Novocall-logo-1000x160-1.png\",\"contentUrl\":\"https:\\\/\\\/www.accuratereviews.com\\\/wp-content\\\/uploads\\\/2021\\\/12\\\/Novocall-logo-1000x160-1.png\",\"width\":1235,\"height\":200},{\"@type\":\"BreadcrumbList\",\"@id\":\"https:\\\/\\\/www.accuratereviews.com\\\/it\\\/programmi-per-registrare-chiamate\\\/novocall-recensione\\\/#breadcrumb\",\"itemListElement\":[{\"@type\":\"ListItem\",\"position\":1,\"name\":\"Home\",\"item\":\"https:\\\/\\\/www.accuratereviews.com\\\/it\\\/\"},{\"@type\":\"ListItem\",\"position\":2,\"name\":\"Programmi per registrare le chiamate\",\"item\":\"https:\\\/\\\/www.accuratereviews.com\\\/it\\\/programmi-per-registrare-chiamate\\\/\"},{\"@type\":\"ListItem\",\"position\":3,\"name\":\"Novocall\"}]},{\"@type\":\"WebSite\",\"@id\":\"https:\\\/\\\/www.accuratereviews.com\\\/it\\\/#website\",\"url\":\"https:\\\/\\\/www.accuratereviews.com\\\/it\\\/\",\"name\":\"Accurate Reviews\",\"description\":\"\",\"potentialAction\":[{\"@type\":\"SearchAction\",\"target\":{\"@type\":\"EntryPoint\",\"urlTemplate\":\"https:\\\/\\\/www.accuratereviews.com\\\/it\\\/?s={search_term_string}\"},\"query-input\":{\"@type\":\"PropertyValueSpecification\",\"valueRequired\":true,\"valueName\":\"search_term_string\"}}],\"inLanguage\":\"it-IT\"}]}<\/script>\n<!-- \/ Yoast SEO plugin. -->","yoast_head_json":{"title":"Novocall: recensione programma registrare chiamate - Accurate Reviews","description":"Novacall \u00e8 un programma per registrare le chiamate che ti consentir\u00e0 di raggiungere un pubblico pi\u00f9 vasto.","robots":{"index":"index","follow":"follow","max-snippet":"max-snippet:-1","max-image-preview":"max-image-preview:large","max-video-preview":"max-video-preview:-1"},"canonical":"https:\/\/www.accuratereviews.com\/it\/programmi-per-registrare-chiamate\/novocall-recensione\/","og_locale":"it_IT","og_type":"article","og_title":"Novocall: recensione programma registrare chiamate - Accurate Reviews","og_description":"Novacall \u00e8 un programma per registrare le chiamate che ti consentir\u00e0 di raggiungere un pubblico pi\u00f9 vasto.","og_url":"https:\/\/www.accuratereviews.com\/it\/programmi-per-registrare-chiamate\/novocall-recensione\/","og_site_name":"Accurate Reviews","og_image":[{"width":1235,"height":200,"url":"https:\/\/www.accuratereviews.com\/wp-content\/uploads\/2021\/12\/Novocall-logo-1000x160-1.png","type":"image\/png"}],"twitter_card":"summary_large_image","twitter_misc":{"Tempo di lettura stimato":"3 minuti"},"schema":{"@context":"https:\/\/schema.org","@graph":[{"@type":"WebPage","@id":"https:\/\/www.accuratereviews.com\/it\/programmi-per-registrare-chiamate\/novocall-recensione\/","url":"https:\/\/www.accuratereviews.com\/it\/programmi-per-registrare-chiamate\/novocall-recensione\/","name":"Novocall: recensione programma registrare chiamate - Accurate Reviews","isPartOf":{"@id":"https:\/\/www.accuratereviews.com\/it\/#website"},"primaryImageOfPage":{"@id":"https:\/\/www.accuratereviews.com\/it\/programmi-per-registrare-chiamate\/novocall-recensione\/#primaryimage"},"image":{"@id":"https:\/\/www.accuratereviews.com\/it\/programmi-per-registrare-chiamate\/novocall-recensione\/#primaryimage"},"thumbnailUrl":"https:\/\/www.accuratereviews.com\/wp-content\/uploads\/2021\/12\/Novocall-logo-1000x160-1.png","datePublished":"2021-12-17T12:31:21+00:00","description":"Novacall \u00e8 un programma per registrare le chiamate che ti consentir\u00e0 di raggiungere un pubblico pi\u00f9 vasto.","breadcrumb":{"@id":"https:\/\/www.accuratereviews.com\/it\/programmi-per-registrare-chiamate\/novocall-recensione\/#breadcrumb"},"inLanguage":"it-IT","potentialAction":[{"@type":"ReadAction","target":["https:\/\/www.accuratereviews.com\/it\/programmi-per-registrare-chiamate\/novocall-recensione\/"]}]},{"@type":"ImageObject","inLanguage":"it-IT","@id":"https:\/\/www.accuratereviews.com\/it\/programmi-per-registrare-chiamate\/novocall-recensione\/#primaryimage","url":"https:\/\/www.accuratereviews.com\/wp-content\/uploads\/2021\/12\/Novocall-logo-1000x160-1.png","contentUrl":"https:\/\/www.accuratereviews.com\/wp-content\/uploads\/2021\/12\/Novocall-logo-1000x160-1.png","width":1235,"height":200},{"@type":"BreadcrumbList","@id":"https:\/\/www.accuratereviews.com\/it\/programmi-per-registrare-chiamate\/novocall-recensione\/#breadcrumb","itemListElement":[{"@type":"ListItem","position":1,"name":"Home","item":"https:\/\/www.accuratereviews.com\/it\/"},{"@type":"ListItem","position":2,"name":"Programmi per registrare le chiamate","item":"https:\/\/www.accuratereviews.com\/it\/programmi-per-registrare-chiamate\/"},{"@type":"ListItem","position":3,"name":"Novocall"}]},{"@type":"WebSite","@id":"https:\/\/www.accuratereviews.com\/it\/#website","url":"https:\/\/www.accuratereviews.com\/it\/","name":"Accurate Reviews","description":"","potentialAction":[{"@type":"SearchAction","target":{"@type":"EntryPoint","urlTemplate":"https:\/\/www.accuratereviews.com\/it\/?s={search_term_string}"},"query-input":{"@type":"PropertyValueSpecification","valueRequired":true,"valueName":"search_term_string"}}],"inLanguage":"it-IT"}]}},"_links":{"self":[{"href":"https:\/\/www.accuratereviews.com\/it\/wp-json\/wp\/v2\/pages\/51400","targetHints":{"allow":["GET"]}}],"collection":[{"href":"https:\/\/www.accuratereviews.com\/it\/wp-json\/wp\/v2\/pages"}],"about":[{"href":"https:\/\/www.accuratereviews.com\/it\/wp-json\/wp\/v2\/types\/page"}],"author":[{"embeddable":true,"href":"https:\/\/www.accuratereviews.com\/it\/wp-json\/wp\/v2\/users\/17"}],"replies":[{"embeddable":true,"href":"https:\/\/www.accuratereviews.com\/it\/wp-json\/wp\/v2\/comments?post=51400"}],"version-history":[{"count":7,"href":"https:\/\/www.accuratereviews.com\/it\/wp-json\/wp\/v2\/pages\/51400\/revisions"}],"predecessor-version":[{"id":51439,"href":"https:\/\/www.accuratereviews.com\/it\/wp-json\/wp\/v2\/pages\/51400\/revisions\/51439"}],"up":[{"embeddable":true,"href":"https:\/\/www.accuratereviews.com\/it\/wp-json\/wp\/v2\/pages\/50903"}],"wp:featuredmedia":[{"embeddable":true,"href":"https:\/\/www.accuratereviews.com\/it\/wp-json\/wp\/v2\/media\/51401"}],"wp:attachment":[{"href":"https:\/\/www.accuratereviews.com\/it\/wp-json\/wp\/v2\/media?parent=51400"}],"wp:term":[{"taxonomy":"category","embeddable":true,"href":"https:\/\/www.accuratereviews.com\/it\/wp-json\/wp\/v2\/categories?post=51400"},{"taxonomy":"post_tag","embeddable":true,"href":"https:\/\/www.accuratereviews.com\/it\/wp-json\/wp\/v2\/tags?post=51400"},{"taxonomy":"features","embeddable":true,"href":"https:\/\/www.accuratereviews.com\/it\/wp-json\/wp\/v2\/features?post=51400"}],"curies":[{"name":"wp","href":"https:\/\/api.w.org\/{rel}","templated":true}]}}