{"id":51470,"date":"2021-12-20T14:00:25","date_gmt":"2021-12-20T14:00:25","guid":{"rendered":"https:\/\/www.accuratereviews.com\/?page_id=51470"},"modified":"2021-12-20T14:00:25","modified_gmt":"2021-12-20T14:00:25","slug":"myphoner-recensione","status":"publish","type":"page","link":"https:\/\/www.accuratereviews.com\/it\/programmi-per-registrare-chiamate\/myphoner-recensione\/","title":{"rendered":"Myphoner"},"content":{"rendered":"<p><strong>Myphoner<\/strong> consente ai team di vendita di <strong>gestire facilmente i propri potenziali clienti<\/strong> con un CRM semplice da usare. Che tu faccia chiamate a freddo o a caldo, prenotazioni di riunioni, vendite interne, \u00e8 tutta una questione di follow-up. Con funzionalit\u00e0 come modelli di email, script e configurazione della campagna, i manager dedicano meno tempo all&#8217;amministrazione, potendo cos\u00ec concentrarsi sul proprio team e sugli agenti di coaching. Le funzionalit\u00e0 di monitoraggio dal vivo con Listen &amp; Whisper aiutano ulteriormente i manager a formare gli agenti per ottenere il massimo da ogni chiamata. Con quattro diversi tipi di report, agenti, manager e clienti possono vedere con precisione come si comportano le campagne in tempo reale.<\/p>\n<h2>MYPHONER &#8211; TUTORIAL<\/h2>\n<p>Il tutorial mostra come utilizzare questo <strong>programma di registrazione delle chiamate<\/strong> con il propio smartphone:<\/p>\n<div id=\"fluid-wrapper-counter-1\" class=\"g1-fluid-wrapper \" style=\"width:686px;\">\n<div style=\"padding-bottom:56.268221574344%;\"><iframe loading=\"lazy\" title=\"Using your own softphone with myphoner\" width=\"686\" height=\"386\" src=\"https:\/\/www.youtube.com\/embed\/gMAjp9q_VGA?feature=oembed&amp;wmode=transparent&amp;autohide=1&amp;autoplay=0&amp;disablekb=0&amp;fs=1&amp;loop=0&amp;enablejsapi=1&amp;rel=0&amp;controls=2&amp;showinfo=0&amp;wmode=transparent&amp;autohide=2&amp;autoplay=0&amp;disablekb=0&amp;fs=1&amp;loop=0&amp;enablejsapi=1&amp;rel=0&amp;controls=2&amp;showinfo=1\" frameborder=\"0\" allow=\"accelerometer; autoplay; clipboard-write; encrypted-media; gyroscope; picture-in-picture\" allowfullscreen><\/iframe><\/div>\n<\/div>\n<h3>MYPHONER &#8211; CARATTERISTICHE<\/h3>\n<ul>\n<li>Acquisisci lead con qualsiasi strumento di marketing<\/li>\n<li>Organizza i tuoi contatti in elenchi e segmenti<\/li>\n<li>Distribuisci i lead in modo dinamico<\/li>\n<li>Tieni traccia di tutto nel registro delle attivit\u00e0<\/li>\n<li>Strategie di ripetizione dei tentativi intelligenti che aiutano a standardizzare il modo in cui gli agenti gestiscono i tempi di attesa, i toni di occupato e i lead non validi<\/li>\n<li>Riaggancia automaticamente e passa al lead successivo quando l&#8217;agente seleziona la disposizione<\/li>\n<li>Segreteria telefonica<\/li>\n<li>Gestione delle chiamate in entrata con gruppi e flussi di chiamate (IVR)<\/li>\n<li>Tempo di chiamata accurato<\/li>\n<li>Crea cartelle separate per ogni cliente, dove i dati e le impostazioni di altri clienti non interferiscono<\/li>\n<li>Brandizza il tuo account con i tuoi colori e il tuo logo<\/li>\n<li>Invita i clienti a visualizzare i rapporti sulle attivit\u00e0 in tempo reale e altro<\/li>\n<li>Rapporti sulle prestazioni dell&#8217;agente,\u00a0sull&#8217;attivit\u00e0 della campagna e\u00a0sulle chiamate di vendita<\/li>\n<li>Evidenzia i termini di ricerca<\/li>\n<li>Programma giornaliero: ricevi un&#8217;email con i lead programmati per il giorno, inviati ogni mattina<\/li>\n<li>Notifiche scadute: ricevi un&#8217;email quando un lead \u00e8 in scadenza<\/li>\n<\/ul>\n<h4>LE RECENSIONI DEGLI UTENTI<\/h4>\n<p class=\"font-weight-bold mb-2\"><strong>Jessica A.&#8221;Chiamate semplificate&#8221;<\/strong><\/p>\n<p class=\"font-weight-bold mb-2\"><strong>Pro<\/strong>:\u00a0L&#8217;utilizzo di Myphoner \u00e8 semplice senza compromettere la qualit\u00e0. La qualit\u00e0 della registrazione \u00e8 sorprendente e rende i nostri corsi di formazione molto pi\u00f9 efficienti. Le opzioni del dialer ti consentono di organizzare l&#8217;elenco delle chiamate nel modo che preferisci.<\/p>\n<p class=\"font-weight-bold mb-2\"><strong>Contro<\/strong>:\u00a0Non possiamo allegare le chiamate direttamente ai file dei clienti su Dynamics. Pu\u00f2 essere fonte di confusione unire i duplicati.<\/p>\n<p class=\"font-weight-bold mb-2\"><strong>Jenna A.&#8221;Grande fan!&#8221;<\/strong><\/p>\n<p class=\"font-weight-bold mb-2\"><strong>Pro<\/strong>:\u00a0Facile da usare e da capire, anche solo agli inizi con il sito! Aiuta i contatti e i lead a rimanere organizzati!<\/p>\n<p class=\"font-weight-bold mb-2\"><strong>Contro<\/strong>:\u00a0A volte i contatti non possono sentirmi, ma non sono sicuro che sia un problema di myphoner o solo del mio laptop.<\/p>\n<p class=\"font-weight-bold mb-2\"><strong>Frank V.&#8221;Recensione&#8221;<\/strong><\/p>\n<p><span class=\"font-weight-bold\"><strong>Commenti<\/strong>: <\/span>abbastanza bene.<\/p>\n<p class=\"font-weight-bold mb-2\"><strong>Pro<\/strong>:\u00a0Clicca e lavora. Facile da usare. Buona funzionalit\u00e0 di importazione dei dati<\/p>\n<p class=\"font-weight-bold mb-2\"><strong>Contro<\/strong>:\u00a0Nessuna personalizzazione dei &#8220;pulsanti di azione&#8221; standard come callback\/archiviazione. Il testo non pu\u00f2 essere modificato. Le opzioni non utili non possono essere rimosse. Non \u00e8 possibile aggiungere nuovi pulsanti. Nessuna azione &#8220;dietro&#8221; i pulsanti come notifiche e-mail, scelta di un account manager, campi obbligatori popup ecc. Nessuna deduplicazione sulle liste scelte. 1 client pu\u00f2 avere pi\u00f9 elenchi. Hai solo la possibilit\u00e0 di deduplicare su tutto l&#8217;elenco o 1 elenco.<\/p>\n","protected":false},"excerpt":{"rendered":"<p>Myphoner consente ai team di vendita di gestire facilmente i propri potenziali clienti con un CRM semplice da usare, non \u00e8 mai stato cos\u00ec facile seguire e guidare i lead. Sia che tu faccia chiamate a freddo o a caldo, prenotazioni di riunioni, vendite interne, \u00e8 tutta una questione di follow-up.<\/p>\n","protected":false},"author":16,"featured_media":51471,"parent":50903,"menu_order":0,"comment_status":"open","ping_status":"closed","template":"g1_template_page_review_new.php","meta":{"_acf_changed":false,"cwp_meta_box_check":"No","cwp_rev_product_name":"","cwp_rev_product_image":"","wppr_links":[],"cwp_rev_price":"","wppr_options":[],"wppr_pros":[],"wppr_cons":[],"_monsterinsights_skip_tracking":false,"_monsterinsights_sitenote_active":false,"_monsterinsights_sitenote_note":"","_monsterinsights_sitenote_category":0,"footnotes":""},"categories":[11631],"tags":[11695,11636,11650,11637,11634,11635],"features":[],"class_list":{"0":"post-51470","1":"page","2":"type-page","3":"status-publish","4":"has-post-thumbnail","6":"category-programma-per-registrare-chiamate-categoria","7":"tag-myphoner","8":"tag-piattaforma-per-registrare-le-chiamate","9":"tag-programma-per-registrare-le-chiamate","10":"tag-registrare-le-chiamate","11":"tag-software-per-registrare-le-chiamate","12":"tag-soluzione-per-registrare-le-chiamate"},"wppr_data":{"cwp_meta_box_check":"No"},"acf":[],"yoast_head":"<!-- This site is optimized with the Yoast SEO plugin v27.4 - https:\/\/yoast.com\/product\/yoast-seo-wordpress\/ -->\n<title>Myphoner: recensione software per registrazione delle chiamate<\/title>\n<meta name=\"description\" content=\"Myphoner: recensione soluzione per gestire i propri potenziali clienti con un CRM semplice da usare, non \u00e8 mai stato cos\u00ec facile seguire e guidare i lead.\" \/>\n<meta name=\"robots\" content=\"index, follow, max-snippet:-1, max-image-preview:large, max-video-preview:-1\" \/>\n<link rel=\"canonical\" href=\"https:\/\/www.accuratereviews.com\/it\/programmi-per-registrare-chiamate\/myphoner-recensione\/\" \/>\n<meta property=\"og:locale\" content=\"it_IT\" \/>\n<meta property=\"og:type\" content=\"article\" \/>\n<meta property=\"og:title\" content=\"Myphoner: recensione software per registrazione delle chiamate\" \/>\n<meta property=\"og:description\" content=\"Myphoner: recensione soluzione per gestire i propri potenziali clienti con un CRM semplice da usare, non \u00e8 mai stato cos\u00ec facile seguire e guidare i lead.\" \/>\n<meta property=\"og:url\" content=\"https:\/\/www.accuratereviews.com\/it\/programmi-per-registrare-chiamate\/myphoner-recensione\/\" \/>\n<meta property=\"og:site_name\" content=\"Accurate Reviews\" \/>\n<meta property=\"og:image\" content=\"https:\/\/www.accuratereviews.com\/wp-content\/uploads\/2021\/12\/Iphoner-logo.png\" \/>\n\t<meta property=\"og:image:width\" content=\"400\" \/>\n\t<meta property=\"og:image:height\" content=\"250\" \/>\n\t<meta property=\"og:image:type\" content=\"image\/png\" \/>\n<meta name=\"twitter:card\" content=\"summary_large_image\" \/>\n<meta name=\"twitter:label1\" content=\"Tempo di lettura stimato\" \/>\n\t<meta name=\"twitter:data1\" content=\"3 minuti\" \/>\n<script type=\"application\/ld+json\" class=\"yoast-schema-graph\">{\"@context\":\"https:\\\/\\\/schema.org\",\"@graph\":[{\"@type\":\"WebPage\",\"@id\":\"https:\\\/\\\/www.accuratereviews.com\\\/it\\\/programmi-per-registrare-chiamate\\\/myphoner-recensione\\\/\",\"url\":\"https:\\\/\\\/www.accuratereviews.com\\\/it\\\/programmi-per-registrare-chiamate\\\/myphoner-recensione\\\/\",\"name\":\"Myphoner: recensione software per registrazione delle chiamate\",\"isPartOf\":{\"@id\":\"https:\\\/\\\/www.accuratereviews.com\\\/it\\\/#website\"},\"primaryImageOfPage\":{\"@id\":\"https:\\\/\\\/www.accuratereviews.com\\\/it\\\/programmi-per-registrare-chiamate\\\/myphoner-recensione\\\/#primaryimage\"},\"image\":{\"@id\":\"https:\\\/\\\/www.accuratereviews.com\\\/it\\\/programmi-per-registrare-chiamate\\\/myphoner-recensione\\\/#primaryimage\"},\"thumbnailUrl\":\"https:\\\/\\\/www.accuratereviews.com\\\/wp-content\\\/uploads\\\/2021\\\/12\\\/Iphoner-logo.png\",\"datePublished\":\"2021-12-20T14:00:25+00:00\",\"description\":\"Myphoner: recensione soluzione per gestire i propri potenziali clienti con un CRM semplice da usare, non \u00e8 mai stato cos\u00ec facile seguire e guidare i lead.\",\"breadcrumb\":{\"@id\":\"https:\\\/\\\/www.accuratereviews.com\\\/it\\\/programmi-per-registrare-chiamate\\\/myphoner-recensione\\\/#breadcrumb\"},\"inLanguage\":\"it-IT\",\"potentialAction\":[{\"@type\":\"ReadAction\",\"target\":[\"https:\\\/\\\/www.accuratereviews.com\\\/it\\\/programmi-per-registrare-chiamate\\\/myphoner-recensione\\\/\"]}]},{\"@type\":\"ImageObject\",\"inLanguage\":\"it-IT\",\"@id\":\"https:\\\/\\\/www.accuratereviews.com\\\/it\\\/programmi-per-registrare-chiamate\\\/myphoner-recensione\\\/#primaryimage\",\"url\":\"https:\\\/\\\/www.accuratereviews.com\\\/wp-content\\\/uploads\\\/2021\\\/12\\\/Iphoner-logo.png\",\"contentUrl\":\"https:\\\/\\\/www.accuratereviews.com\\\/wp-content\\\/uploads\\\/2021\\\/12\\\/Iphoner-logo.png\",\"width\":400,\"height\":250},{\"@type\":\"BreadcrumbList\",\"@id\":\"https:\\\/\\\/www.accuratereviews.com\\\/it\\\/programmi-per-registrare-chiamate\\\/myphoner-recensione\\\/#breadcrumb\",\"itemListElement\":[{\"@type\":\"ListItem\",\"position\":1,\"name\":\"Home\",\"item\":\"https:\\\/\\\/www.accuratereviews.com\\\/it\\\/\"},{\"@type\":\"ListItem\",\"position\":2,\"name\":\"Programmi per registrare le chiamate\",\"item\":\"https:\\\/\\\/www.accuratereviews.com\\\/it\\\/programmi-per-registrare-chiamate\\\/\"},{\"@type\":\"ListItem\",\"position\":3,\"name\":\"Myphoner\"}]},{\"@type\":\"WebSite\",\"@id\":\"https:\\\/\\\/www.accuratereviews.com\\\/it\\\/#website\",\"url\":\"https:\\\/\\\/www.accuratereviews.com\\\/it\\\/\",\"name\":\"Accurate Reviews\",\"description\":\"\",\"potentialAction\":[{\"@type\":\"SearchAction\",\"target\":{\"@type\":\"EntryPoint\",\"urlTemplate\":\"https:\\\/\\\/www.accuratereviews.com\\\/it\\\/?s={search_term_string}\"},\"query-input\":{\"@type\":\"PropertyValueSpecification\",\"valueRequired\":true,\"valueName\":\"search_term_string\"}}],\"inLanguage\":\"it-IT\"}]}<\/script>\n<!-- \/ Yoast SEO plugin. -->","yoast_head_json":{"title":"Myphoner: recensione software per registrazione delle chiamate","description":"Myphoner: recensione soluzione per gestire i propri potenziali clienti con un CRM semplice da usare, non \u00e8 mai stato cos\u00ec facile seguire e guidare i lead.","robots":{"index":"index","follow":"follow","max-snippet":"max-snippet:-1","max-image-preview":"max-image-preview:large","max-video-preview":"max-video-preview:-1"},"canonical":"https:\/\/www.accuratereviews.com\/it\/programmi-per-registrare-chiamate\/myphoner-recensione\/","og_locale":"it_IT","og_type":"article","og_title":"Myphoner: recensione software per registrazione delle chiamate","og_description":"Myphoner: recensione soluzione per gestire i propri potenziali clienti con un CRM semplice da usare, non \u00e8 mai stato cos\u00ec facile seguire e guidare i lead.","og_url":"https:\/\/www.accuratereviews.com\/it\/programmi-per-registrare-chiamate\/myphoner-recensione\/","og_site_name":"Accurate Reviews","og_image":[{"width":400,"height":250,"url":"https:\/\/www.accuratereviews.com\/wp-content\/uploads\/2021\/12\/Iphoner-logo.png","type":"image\/png"}],"twitter_card":"summary_large_image","twitter_misc":{"Tempo di lettura stimato":"3 minuti"},"schema":{"@context":"https:\/\/schema.org","@graph":[{"@type":"WebPage","@id":"https:\/\/www.accuratereviews.com\/it\/programmi-per-registrare-chiamate\/myphoner-recensione\/","url":"https:\/\/www.accuratereviews.com\/it\/programmi-per-registrare-chiamate\/myphoner-recensione\/","name":"Myphoner: recensione software per registrazione delle chiamate","isPartOf":{"@id":"https:\/\/www.accuratereviews.com\/it\/#website"},"primaryImageOfPage":{"@id":"https:\/\/www.accuratereviews.com\/it\/programmi-per-registrare-chiamate\/myphoner-recensione\/#primaryimage"},"image":{"@id":"https:\/\/www.accuratereviews.com\/it\/programmi-per-registrare-chiamate\/myphoner-recensione\/#primaryimage"},"thumbnailUrl":"https:\/\/www.accuratereviews.com\/wp-content\/uploads\/2021\/12\/Iphoner-logo.png","datePublished":"2021-12-20T14:00:25+00:00","description":"Myphoner: recensione soluzione per gestire i propri potenziali clienti con un CRM semplice da usare, non \u00e8 mai stato cos\u00ec facile seguire e guidare i lead.","breadcrumb":{"@id":"https:\/\/www.accuratereviews.com\/it\/programmi-per-registrare-chiamate\/myphoner-recensione\/#breadcrumb"},"inLanguage":"it-IT","potentialAction":[{"@type":"ReadAction","target":["https:\/\/www.accuratereviews.com\/it\/programmi-per-registrare-chiamate\/myphoner-recensione\/"]}]},{"@type":"ImageObject","inLanguage":"it-IT","@id":"https:\/\/www.accuratereviews.com\/it\/programmi-per-registrare-chiamate\/myphoner-recensione\/#primaryimage","url":"https:\/\/www.accuratereviews.com\/wp-content\/uploads\/2021\/12\/Iphoner-logo.png","contentUrl":"https:\/\/www.accuratereviews.com\/wp-content\/uploads\/2021\/12\/Iphoner-logo.png","width":400,"height":250},{"@type":"BreadcrumbList","@id":"https:\/\/www.accuratereviews.com\/it\/programmi-per-registrare-chiamate\/myphoner-recensione\/#breadcrumb","itemListElement":[{"@type":"ListItem","position":1,"name":"Home","item":"https:\/\/www.accuratereviews.com\/it\/"},{"@type":"ListItem","position":2,"name":"Programmi per registrare le chiamate","item":"https:\/\/www.accuratereviews.com\/it\/programmi-per-registrare-chiamate\/"},{"@type":"ListItem","position":3,"name":"Myphoner"}]},{"@type":"WebSite","@id":"https:\/\/www.accuratereviews.com\/it\/#website","url":"https:\/\/www.accuratereviews.com\/it\/","name":"Accurate Reviews","description":"","potentialAction":[{"@type":"SearchAction","target":{"@type":"EntryPoint","urlTemplate":"https:\/\/www.accuratereviews.com\/it\/?s={search_term_string}"},"query-input":{"@type":"PropertyValueSpecification","valueRequired":true,"valueName":"search_term_string"}}],"inLanguage":"it-IT"}]}},"_links":{"self":[{"href":"https:\/\/www.accuratereviews.com\/it\/wp-json\/wp\/v2\/pages\/51470","targetHints":{"allow":["GET"]}}],"collection":[{"href":"https:\/\/www.accuratereviews.com\/it\/wp-json\/wp\/v2\/pages"}],"about":[{"href":"https:\/\/www.accuratereviews.com\/it\/wp-json\/wp\/v2\/types\/page"}],"author":[{"embeddable":true,"href":"https:\/\/www.accuratereviews.com\/it\/wp-json\/wp\/v2\/users\/16"}],"replies":[{"embeddable":true,"href":"https:\/\/www.accuratereviews.com\/it\/wp-json\/wp\/v2\/comments?post=51470"}],"version-history":[{"count":11,"href":"https:\/\/www.accuratereviews.com\/it\/wp-json\/wp\/v2\/pages\/51470\/revisions"}],"predecessor-version":[{"id":51503,"href":"https:\/\/www.accuratereviews.com\/it\/wp-json\/wp\/v2\/pages\/51470\/revisions\/51503"}],"up":[{"embeddable":true,"href":"https:\/\/www.accuratereviews.com\/it\/wp-json\/wp\/v2\/pages\/50903"}],"wp:featuredmedia":[{"embeddable":true,"href":"https:\/\/www.accuratereviews.com\/it\/wp-json\/wp\/v2\/media\/51471"}],"wp:attachment":[{"href":"https:\/\/www.accuratereviews.com\/it\/wp-json\/wp\/v2\/media?parent=51470"}],"wp:term":[{"taxonomy":"category","embeddable":true,"href":"https:\/\/www.accuratereviews.com\/it\/wp-json\/wp\/v2\/categories?post=51470"},{"taxonomy":"post_tag","embeddable":true,"href":"https:\/\/www.accuratereviews.com\/it\/wp-json\/wp\/v2\/tags?post=51470"},{"taxonomy":"features","embeddable":true,"href":"https:\/\/www.accuratereviews.com\/it\/wp-json\/wp\/v2\/features?post=51470"}],"curies":[{"name":"wp","href":"https:\/\/api.w.org\/{rel}","templated":true}]}}