{"id":51484,"date":"2021-12-20T14:05:43","date_gmt":"2021-12-20T14:05:43","guid":{"rendered":"https:\/\/www.accuratereviews.com\/?page_id=51484"},"modified":"2021-12-30T09:08:44","modified_gmt":"2021-12-30T09:08:44","slug":"infoflo-recensione","status":"publish","type":"page","link":"https:\/\/www.accuratereviews.com\/it\/programmi-per-registrare-chiamate\/infoflo-recensione\/","title":{"rendered":"InfoFlo"},"content":{"rendered":"<p class=\"h3 mb-1\"><strong>InfoFlo<\/strong>\u00a0\u00e8 una soluzione all-in-one progettata per ottimizzare il flusso di lavoro e dimezzare i costi, che include pi\u00f9 moduli digitali: il CRM, il Pay e il Talk. Il primo offre un&#8217;integrazione completa con Outlook che ti permette di sincronizzare tutti i tuoi contatti, gli eventi del calendario, le email in entrata e in uscita e molo altro ancora. Il secondo invece ti offre la possibilit\u00e0 di farti pagare pi\u00f9 velocemente inviando le fatture con un link di pagamento sicuro e promemoria di pagamento automatici. L&#8217;ultimo invece ti offre un provider <strong>VoIP completo<\/strong> ed efficiente con un piano di pagamento per linea e non per utente, che ti consente quindi di risparmiare molto denaro. Include numerose funzionalit\u00e0 come: <strong>registrazione delle chiamate<\/strong>, analisi e reportistica avanzata, moduli incorporati, integrazione con Gmail, conferenze, inoltro di chiamata, segreteria telefonica, saluti personalizzati,\u00a0musica di attesa\u00a0ecc.<\/p>\n<h2>INFOFLO &#8211; TUTORIAL<\/h2>\n<p>Di seguito un video che ci mostra come funziona questo programma:<\/p>\n<div id=\"fluid-wrapper-counter-1\" class=\"g1-fluid-wrapper \" style=\"width:686px;\">\n<div style=\"padding-bottom:56.268221574344%;\"><iframe loading=\"lazy\" title=\"Part 1- Brief Overview\" width=\"686\" height=\"386\" src=\"https:\/\/www.youtube.com\/embed\/GPaD6Nrp_l4?feature=oembed&amp;wmode=transparent&amp;autohide=1&amp;autoplay=0&amp;disablekb=0&amp;fs=1&amp;loop=0&amp;enablejsapi=1&amp;rel=0&amp;controls=2&amp;showinfo=0&amp;wmode=transparent&amp;autohide=2&amp;autoplay=0&amp;disablekb=0&amp;fs=1&amp;loop=0&amp;enablejsapi=1&amp;rel=0&amp;controls=2&amp;showinfo=1\" frameborder=\"0\" allow=\"accelerometer; autoplay; clipboard-write; encrypted-media; gyroscope; picture-in-picture\" allowfullscreen><\/iframe><\/div>\n<\/div>\n<h3>INFOFLO &#8211; CARATTERISTICHE<\/h3>\n<p>Oltre alle caratteristiche gi\u00e0 citate, troviamo anche:<\/p>\n<ul>\n<li><strong>Sistema reportistico e di analisi<\/strong>: genera facilmente report sulle chiamate e scopri chi sta chiamando, da dove e per quanto tempo. Misura le metriche delle chiamate e i tempi di risposta. Filtra i report per estensione o direzione per vedere quanto tempo ogni rappresentante passa al telefono. Ottieni una visione in tempo reale delle chiamate attive. Permetti al manager di ascoltare o di intromettersi in una chiamata per supportare il personale<\/li>\n<li><strong>Moduli incorporati dinamici<\/strong>: permetti ai potenziali clienti di richiedere una chiamata immediata direttamente dal tuo sito web. Crea un numero illimitato di moduli incorporati e converti facilmente il traffico di clic in traffico di chiamate. Le richieste di chiamata vengono indirizzate direttamente a una coda di chiamata o a un gruppo di chiamata attraverso il portale o via SMS<\/li>\n<li><strong>Help Desk App<\/strong>: crea un numero illimitato di ticket di supporto direttamente da una telefonata. Assegna il ticket a un rappresentante utilizzando l&#8217;app mobile friendly del portale. Tieni traccia della storia del ticket mentre viene modificato da diversi utenti. Controlla i ticket assegnati ad ogni utente<\/li>\n<li><strong>Registrazione delle chiamate<\/strong>: registra le chiamate in entrata e in uscita. Questa opzione \u00e8 configurabile per interno e pu\u00f2 essere facilmente attivata\/disattivata. Le registrazioni possono essere scaricate e riprodotte usando il nostro portale. Le registrazioni possono essere archiviate automaticamente direttamente in InfoFlo CRM<\/li>\n<li><strong>Portale Web InfoFlo Talk<\/strong>: visualizza le chiamate attive in corso, imposta il follow me, ascolta le chiamate registrate e i messaggi vocali, clicca per chiamare dalla cronologia delle chiamate. Controllo completo del telefono fisso direttamente dal tuo browser o dispositivo mobile. Accesso controllato dai permessi all&#8217;interfaccia amministrativa per aggiungere interni, impostare gruppi di suoneria, conferenze, receptionist digitale, code di chiamata e molto altro<\/li>\n<li><strong>Usa i tuoi dispositivi esistenti<\/strong>: se la tua attrezzatura VoIP esistente supporta SIP e pu\u00f2 essere configurata attraverso un browser, sei a posto. Usa la tua applicazione preferita di soft phone su uno smartphone o un desktop e fai a meno di tutto l&#8217;hardware extra<\/li>\n<li><strong>Ready to Go Call Center<\/strong>: funzionalit\u00e0 avanzate di call center senza costi aggiuntivi. Le caratteristiche integrate del call center includono l&#8217;ascolto di una chiamata, il sussurro a un operatore durante una chiamata attiva e l&#8217;accesso in una chiamata. In combinazione con le code di chiamata esistenti, i gruppi di suoneria, la registrazione e l&#8217;archiviazione automatica delle chiamate, InfoFlo Talk pu\u00f2 essere facilmente un&#8217;alternativa a costose implementazioni di call center<\/li>\n<li><strong>Integrazione con Gmail<\/strong>: importa i contatti Google esistenti per costruire facilmente una directory con un clic per chiamare in InfoFlo Talk. Accedi alle tue email, leggi, rispondi e cancella i messaggi direttamente dal portale InfoFlo Talk.<\/li>\n<\/ul>\n<h4>LE RECENSIONI DEGLI UTENTI<\/h4>\n<p><strong>Sergey L. &#8220;Recensione di InfoFlo&#8221;<\/strong><br \/>\nCOMMENTI: l&#8217;esperienza complessiva \u00e8 positiva, il programma \u00e8 facile da usare.<br \/>\nPRO: l&#8217;integrazione con Outlook e Gmail \u00e8 una caratteristica molto utile. Puoi facilmente collegare i tuoi contatti con le email e le attivit\u00e0 (opportunit\u00e0 e vendite). Mi piace la versione Desktop e il costo di acquisto una tantum.<br \/>\nCONTRO: la funzione progetto non \u00e8 collegata correttamente alle opportunit\u00e0, per esempio, non \u00e8 possibile convertire le opportunit\u00e0 in progetti. La funzione Categorie non ha molto senso. \u00c8 meglio creare Leads e separare i Leads dai Contatti.<\/p>\n<p><strong>Denisse H. &#8220;InfoFlo \u00e8 un ottimo strumento di gestione dei contatti&#8221;.<\/strong><br \/>\nCOMMENTI: nel complesso \u00e8 stata un&#8217;esperienza molto buona. Per il nostro scopo, centralizza le nostre comunicazioni e mantiene i nostri record organizzati, che \u00e8 esattamente ci\u00f2 di cui abbiamo bisogno.<br \/>\nPRO: InfoFlo \u00e8 veramente un eccellente software di gestione dei contatti. \u00c8 fantastico accedere a un contatto ed essere in grado di vedere tutte le note, le email, i documenti relativi a quel contatto. InfoFlo \u00e8 una parte fondamentale della nostra organizzazione.<br \/>\nCONTRO: il nostro InfoFlo \u00e8 installato in un terminal server che ha causato alcuni problemi in particolare con la pianificazione degli appuntamenti o l&#8217;utilizzo del suo calendario. Abbiamo provato diverse volte a risolvere il problema senza successo. Il software \u00e8 anche molto limitato nelle sue capacit\u00e0 di reporting.<\/p>\n<p><strong>Aleksandros L. &#8220;Lavoro con InfoFlo da pi\u00f9 di 5 anni. Grandi caratteristiche per un prezzo veramente basso&#8221;.<\/strong><br \/>\nCOMMENTI: ho organizzato la mia impresa e ho capito meglio i miei clienti<br \/>\nPRO:\u00a0&#8211; Rapporto qualit\u00e0\/prezzo &#8211; Layout aziendale &#8211; Facilit\u00e0 d&#8217;uso &#8211; Esperienza complessiva &#8211; adatto per imprese di piccole e grandi dimensioni<br \/>\nCONTRO:<br \/>\nl&#8217;APP ufficiale del prodotto \u00e8 stata rilasciata di recente e ha ancora bisogno di alcuni miglioramenti che sono sicuro che saranno risolti al pi\u00f9 presto.<\/p>\n","protected":false},"excerpt":{"rendered":"<p>InfoFlo\u00a0\u00e8 una soluzione all-in-one progettata per ottimizzare il flusso di lavoro e dimezzare i costi, che include pi\u00f9 moduli digitali: il CRM, il Pay e il Talk.<\/p>\n","protected":false},"author":17,"featured_media":51488,"parent":50903,"menu_order":0,"comment_status":"open","ping_status":"closed","template":"g1_template_page_review_new.php","meta":{"_acf_changed":false,"cwp_meta_box_check":"No","cwp_rev_product_name":"","cwp_rev_product_image":"","wppr_links":[],"cwp_rev_price":"","wppr_options":[],"wppr_pros":[],"wppr_cons":[],"_monsterinsights_skip_tracking":false,"_monsterinsights_sitenote_active":false,"_monsterinsights_sitenote_note":"","_monsterinsights_sitenote_category":0,"footnotes":""},"categories":[11631],"tags":[11638,422,11636,11633,11637,11634],"features":[],"class_list":{"0":"post-51484","1":"page","2":"type-page","3":"status-publish","4":"has-post-thumbnail","6":"category-programma-per-registrare-chiamate-categoria","7":"tag-chiamate-registrate","8":"tag-crm","9":"tag-piattaforma-per-registrare-le-chiamate","10":"tag-programmi-per-registrare-le-chiamate","11":"tag-registrare-le-chiamate","12":"tag-software-per-registrare-le-chiamate"},"wppr_data":{"cwp_meta_box_check":"No"},"acf":[],"yoast_head":"<!-- This site is optimized with the Yoast SEO plugin v27.4 - https:\/\/yoast.com\/product\/yoast-seo-wordpress\/ -->\n<title>InfoFlo: recensione programma registrare chiamate - Accurate Reviews<\/title>\n<meta name=\"description\" content=\"InfoFlo\u00a0\u00e8 una soluzione all-in-one progettata per ottimizzare il flusso di lavoro e dimezzare i costi, che include il CRM, il Pay e il Talk.\" \/>\n<meta name=\"robots\" content=\"index, follow, max-snippet:-1, max-image-preview:large, max-video-preview:-1\" \/>\n<link rel=\"canonical\" href=\"https:\/\/www.accuratereviews.com\/it\/programmi-per-registrare-chiamate\/infoflo-recensione\/\" \/>\n<meta property=\"og:locale\" content=\"it_IT\" \/>\n<meta property=\"og:type\" content=\"article\" \/>\n<meta property=\"og:title\" content=\"InfoFlo: recensione programma registrare chiamate - Accurate Reviews\" \/>\n<meta property=\"og:description\" content=\"InfoFlo\u00a0\u00e8 una soluzione all-in-one progettata per ottimizzare il flusso di lavoro e dimezzare i costi, che include il CRM, il Pay e il Talk.\" \/>\n<meta property=\"og:url\" content=\"https:\/\/www.accuratereviews.com\/it\/programmi-per-registrare-chiamate\/infoflo-recensione\/\" \/>\n<meta property=\"og:site_name\" content=\"Accurate Reviews\" \/>\n<meta property=\"article:modified_time\" content=\"2021-12-30T09:08:44+00:00\" \/>\n<meta property=\"og:image\" content=\"https:\/\/www.accuratereviews.com\/wp-content\/uploads\/2021\/12\/InfoFlo_Logo1.jpeg\" \/>\n\t<meta property=\"og:image:width\" content=\"200\" \/>\n\t<meta property=\"og:image:height\" content=\"200\" \/>\n\t<meta property=\"og:image:type\" content=\"image\/jpeg\" \/>\n<meta name=\"twitter:card\" content=\"summary_large_image\" \/>\n<meta name=\"twitter:label1\" content=\"Tempo di lettura stimato\" \/>\n\t<meta name=\"twitter:data1\" content=\"5 minuti\" \/>\n<script type=\"application\/ld+json\" class=\"yoast-schema-graph\">{\"@context\":\"https:\\\/\\\/schema.org\",\"@graph\":[{\"@type\":\"WebPage\",\"@id\":\"https:\\\/\\\/www.accuratereviews.com\\\/it\\\/programmi-per-registrare-chiamate\\\/infoflo-recensione\\\/\",\"url\":\"https:\\\/\\\/www.accuratereviews.com\\\/it\\\/programmi-per-registrare-chiamate\\\/infoflo-recensione\\\/\",\"name\":\"InfoFlo: recensione programma registrare chiamate - Accurate Reviews\",\"isPartOf\":{\"@id\":\"https:\\\/\\\/www.accuratereviews.com\\\/it\\\/#website\"},\"primaryImageOfPage\":{\"@id\":\"https:\\\/\\\/www.accuratereviews.com\\\/it\\\/programmi-per-registrare-chiamate\\\/infoflo-recensione\\\/#primaryimage\"},\"image\":{\"@id\":\"https:\\\/\\\/www.accuratereviews.com\\\/it\\\/programmi-per-registrare-chiamate\\\/infoflo-recensione\\\/#primaryimage\"},\"thumbnailUrl\":\"https:\\\/\\\/www.accuratereviews.com\\\/wp-content\\\/uploads\\\/2021\\\/12\\\/InfoFlo_Logo1.jpeg\",\"datePublished\":\"2021-12-20T14:05:43+00:00\",\"dateModified\":\"2021-12-30T09:08:44+00:00\",\"description\":\"InfoFlo\u00a0\u00e8 una soluzione all-in-one progettata per ottimizzare il flusso di lavoro e dimezzare i costi, che include il CRM, il Pay e il Talk.\",\"breadcrumb\":{\"@id\":\"https:\\\/\\\/www.accuratereviews.com\\\/it\\\/programmi-per-registrare-chiamate\\\/infoflo-recensione\\\/#breadcrumb\"},\"inLanguage\":\"it-IT\",\"potentialAction\":[{\"@type\":\"ReadAction\",\"target\":[\"https:\\\/\\\/www.accuratereviews.com\\\/it\\\/programmi-per-registrare-chiamate\\\/infoflo-recensione\\\/\"]}]},{\"@type\":\"ImageObject\",\"inLanguage\":\"it-IT\",\"@id\":\"https:\\\/\\\/www.accuratereviews.com\\\/it\\\/programmi-per-registrare-chiamate\\\/infoflo-recensione\\\/#primaryimage\",\"url\":\"https:\\\/\\\/www.accuratereviews.com\\\/wp-content\\\/uploads\\\/2021\\\/12\\\/InfoFlo_Logo1.jpeg\",\"contentUrl\":\"https:\\\/\\\/www.accuratereviews.com\\\/wp-content\\\/uploads\\\/2021\\\/12\\\/InfoFlo_Logo1.jpeg\",\"width\":200,\"height\":200},{\"@type\":\"BreadcrumbList\",\"@id\":\"https:\\\/\\\/www.accuratereviews.com\\\/it\\\/programmi-per-registrare-chiamate\\\/infoflo-recensione\\\/#breadcrumb\",\"itemListElement\":[{\"@type\":\"ListItem\",\"position\":1,\"name\":\"Home\",\"item\":\"https:\\\/\\\/www.accuratereviews.com\\\/it\\\/\"},{\"@type\":\"ListItem\",\"position\":2,\"name\":\"Programmi per registrare le chiamate\",\"item\":\"https:\\\/\\\/www.accuratereviews.com\\\/it\\\/programmi-per-registrare-chiamate\\\/\"},{\"@type\":\"ListItem\",\"position\":3,\"name\":\"InfoFlo\"}]},{\"@type\":\"WebSite\",\"@id\":\"https:\\\/\\\/www.accuratereviews.com\\\/it\\\/#website\",\"url\":\"https:\\\/\\\/www.accuratereviews.com\\\/it\\\/\",\"name\":\"Accurate Reviews\",\"description\":\"\",\"potentialAction\":[{\"@type\":\"SearchAction\",\"target\":{\"@type\":\"EntryPoint\",\"urlTemplate\":\"https:\\\/\\\/www.accuratereviews.com\\\/it\\\/?s={search_term_string}\"},\"query-input\":{\"@type\":\"PropertyValueSpecification\",\"valueRequired\":true,\"valueName\":\"search_term_string\"}}],\"inLanguage\":\"it-IT\"}]}<\/script>\n<!-- \/ Yoast SEO plugin. -->","yoast_head_json":{"title":"InfoFlo: recensione programma registrare chiamate - Accurate Reviews","description":"InfoFlo\u00a0\u00e8 una soluzione all-in-one progettata per ottimizzare il flusso di lavoro e dimezzare i costi, che include il CRM, il Pay e il Talk.","robots":{"index":"index","follow":"follow","max-snippet":"max-snippet:-1","max-image-preview":"max-image-preview:large","max-video-preview":"max-video-preview:-1"},"canonical":"https:\/\/www.accuratereviews.com\/it\/programmi-per-registrare-chiamate\/infoflo-recensione\/","og_locale":"it_IT","og_type":"article","og_title":"InfoFlo: recensione programma registrare chiamate - Accurate Reviews","og_description":"InfoFlo\u00a0\u00e8 una soluzione all-in-one progettata per ottimizzare il flusso di lavoro e dimezzare i costi, che include il CRM, il Pay e il Talk.","og_url":"https:\/\/www.accuratereviews.com\/it\/programmi-per-registrare-chiamate\/infoflo-recensione\/","og_site_name":"Accurate Reviews","article_modified_time":"2021-12-30T09:08:44+00:00","og_image":[{"width":200,"height":200,"url":"https:\/\/www.accuratereviews.com\/wp-content\/uploads\/2021\/12\/InfoFlo_Logo1.jpeg","type":"image\/jpeg"}],"twitter_card":"summary_large_image","twitter_misc":{"Tempo di lettura stimato":"5 minuti"},"schema":{"@context":"https:\/\/schema.org","@graph":[{"@type":"WebPage","@id":"https:\/\/www.accuratereviews.com\/it\/programmi-per-registrare-chiamate\/infoflo-recensione\/","url":"https:\/\/www.accuratereviews.com\/it\/programmi-per-registrare-chiamate\/infoflo-recensione\/","name":"InfoFlo: recensione programma registrare chiamate - Accurate Reviews","isPartOf":{"@id":"https:\/\/www.accuratereviews.com\/it\/#website"},"primaryImageOfPage":{"@id":"https:\/\/www.accuratereviews.com\/it\/programmi-per-registrare-chiamate\/infoflo-recensione\/#primaryimage"},"image":{"@id":"https:\/\/www.accuratereviews.com\/it\/programmi-per-registrare-chiamate\/infoflo-recensione\/#primaryimage"},"thumbnailUrl":"https:\/\/www.accuratereviews.com\/wp-content\/uploads\/2021\/12\/InfoFlo_Logo1.jpeg","datePublished":"2021-12-20T14:05:43+00:00","dateModified":"2021-12-30T09:08:44+00:00","description":"InfoFlo\u00a0\u00e8 una soluzione all-in-one progettata per ottimizzare il flusso di lavoro e dimezzare i costi, che include il CRM, il Pay e il Talk.","breadcrumb":{"@id":"https:\/\/www.accuratereviews.com\/it\/programmi-per-registrare-chiamate\/infoflo-recensione\/#breadcrumb"},"inLanguage":"it-IT","potentialAction":[{"@type":"ReadAction","target":["https:\/\/www.accuratereviews.com\/it\/programmi-per-registrare-chiamate\/infoflo-recensione\/"]}]},{"@type":"ImageObject","inLanguage":"it-IT","@id":"https:\/\/www.accuratereviews.com\/it\/programmi-per-registrare-chiamate\/infoflo-recensione\/#primaryimage","url":"https:\/\/www.accuratereviews.com\/wp-content\/uploads\/2021\/12\/InfoFlo_Logo1.jpeg","contentUrl":"https:\/\/www.accuratereviews.com\/wp-content\/uploads\/2021\/12\/InfoFlo_Logo1.jpeg","width":200,"height":200},{"@type":"BreadcrumbList","@id":"https:\/\/www.accuratereviews.com\/it\/programmi-per-registrare-chiamate\/infoflo-recensione\/#breadcrumb","itemListElement":[{"@type":"ListItem","position":1,"name":"Home","item":"https:\/\/www.accuratereviews.com\/it\/"},{"@type":"ListItem","position":2,"name":"Programmi per registrare le chiamate","item":"https:\/\/www.accuratereviews.com\/it\/programmi-per-registrare-chiamate\/"},{"@type":"ListItem","position":3,"name":"InfoFlo"}]},{"@type":"WebSite","@id":"https:\/\/www.accuratereviews.com\/it\/#website","url":"https:\/\/www.accuratereviews.com\/it\/","name":"Accurate Reviews","description":"","potentialAction":[{"@type":"SearchAction","target":{"@type":"EntryPoint","urlTemplate":"https:\/\/www.accuratereviews.com\/it\/?s={search_term_string}"},"query-input":{"@type":"PropertyValueSpecification","valueRequired":true,"valueName":"search_term_string"}}],"inLanguage":"it-IT"}]}},"_links":{"self":[{"href":"https:\/\/www.accuratereviews.com\/it\/wp-json\/wp\/v2\/pages\/51484","targetHints":{"allow":["GET"]}}],"collection":[{"href":"https:\/\/www.accuratereviews.com\/it\/wp-json\/wp\/v2\/pages"}],"about":[{"href":"https:\/\/www.accuratereviews.com\/it\/wp-json\/wp\/v2\/types\/page"}],"author":[{"embeddable":true,"href":"https:\/\/www.accuratereviews.com\/it\/wp-json\/wp\/v2\/users\/17"}],"replies":[{"embeddable":true,"href":"https:\/\/www.accuratereviews.com\/it\/wp-json\/wp\/v2\/comments?post=51484"}],"version-history":[{"count":3,"href":"https:\/\/www.accuratereviews.com\/it\/wp-json\/wp\/v2\/pages\/51484\/revisions"}],"predecessor-version":[{"id":51867,"href":"https:\/\/www.accuratereviews.com\/it\/wp-json\/wp\/v2\/pages\/51484\/revisions\/51867"}],"up":[{"embeddable":true,"href":"https:\/\/www.accuratereviews.com\/it\/wp-json\/wp\/v2\/pages\/50903"}],"wp:featuredmedia":[{"embeddable":true,"href":"https:\/\/www.accuratereviews.com\/it\/wp-json\/wp\/v2\/media\/51488"}],"wp:attachment":[{"href":"https:\/\/www.accuratereviews.com\/it\/wp-json\/wp\/v2\/media?parent=51484"}],"wp:term":[{"taxonomy":"category","embeddable":true,"href":"https:\/\/www.accuratereviews.com\/it\/wp-json\/wp\/v2\/categories?post=51484"},{"taxonomy":"post_tag","embeddable":true,"href":"https:\/\/www.accuratereviews.com\/it\/wp-json\/wp\/v2\/tags?post=51484"},{"taxonomy":"features","embeddable":true,"href":"https:\/\/www.accuratereviews.com\/it\/wp-json\/wp\/v2\/features?post=51484"}],"curies":[{"name":"wp","href":"https:\/\/api.w.org\/{rel}","templated":true}]}}