{"id":51525,"date":"2021-12-21T11:12:24","date_gmt":"2021-12-21T11:12:24","guid":{"rendered":"https:\/\/www.accuratereviews.com\/?page_id=51525"},"modified":"2021-12-30T09:07:18","modified_gmt":"2021-12-30T09:07:18","slug":"convirza-recensione","status":"publish","type":"page","link":"https:\/\/www.accuratereviews.com\/it\/programmi-per-registrare-chiamate\/convirza-recensione\/","title":{"rendered":"Convirza"},"content":{"rendered":"<p><strong>Convirza<\/strong> \u00e8 un\u00a0<strong>programma di monitoraggio, registrazione e ottimizzazione delle chiamate<\/strong> aziendali che ti permette di prendere decisioni di business e marketing pi\u00f9 intelligenti. Ti consente di tracciare automaticamente le chiamate per capire quali sono le tue strategie di pi\u00f9 efficaci e quali canali, campagne, annunci e parole chiave hanno generato nuovi lead.<br \/>\n<strong>Convirza<\/strong> registra e misura precisamente la conversazione e il comportamento dei consumatori durante le chiamate cos\u00ec potrai vedere quali azioni portano alle vendite. Solo in questo modo potrai aumentare il ROI sui tuoi sforzi di marketing trasformando la connessione in conversione.<\/p>\n<h2>CONVIRZA &#8211; TUTORIAL<\/h2>\n<p>Di seguito un breve video che ci spiega come funziona:<\/p>\n<div id=\"fluid-wrapper-counter-1\" class=\"g1-fluid-wrapper \" style=\"width:686px;\">\n<div style=\"padding-bottom:56.268221574344%;\"><iframe loading=\"lazy\" title=\"Convirza - Call Marketing Optimization with Call Tracking, Analytics and Automation\" width=\"686\" height=\"386\" src=\"https:\/\/www.youtube.com\/embed\/dxC_MSqwSp4?feature=oembed&amp;wmode=transparent&amp;autohide=1&amp;autoplay=0&amp;disablekb=0&amp;fs=1&amp;loop=0&amp;enablejsapi=1&amp;rel=0&amp;controls=2&amp;showinfo=0&amp;wmode=transparent&amp;autohide=2&amp;autoplay=0&amp;disablekb=0&amp;fs=1&amp;loop=0&amp;enablejsapi=1&amp;rel=0&amp;controls=2&amp;showinfo=1\" frameborder=\"0\" allow=\"accelerometer; autoplay; clipboard-write; encrypted-media; gyroscope; picture-in-picture\" allowfullscreen><\/iframe><\/div>\n<\/div>\n<h3>CONVIRZA &#8211; CARATTERSITCHE<\/h3>\n<ul>\n<li><strong>Monitoraggio delle chiamate<\/strong>: il software di call tracking end-to-end di Convirza ti aiuta a determinare esattamente quali campagne generano lead, cos\u00ec puoi iniziare a dirigere la tua spesa di marketing verso le campagne pi\u00f9 efficaci<\/li>\n<li><strong>IVR (Interactive Voice Response)<\/strong>: permette a chi chiama di scegliere il proprio percorso verso una persona o un dipartimento attraverso opzioni di menu preregistrate<\/li>\n<li><strong>Geo Routing<\/strong>: collega automaticamente i chiamanti alla migliore posizione geografica<\/li>\n<li><strong>Hunt Groups<\/strong>: assicurati di non perdere mai una chiamata con l&#8217;instradamento di overflow da un numero al successivo, lo squillo simultaneo a pi\u00f9 agenti e l&#8217;instradamento rollover a un gruppo di numeri o a una casella vocale.<\/li>\n<li><strong>Routing programmato<\/strong>: indirizza le chiamate in base all&#8217;ora del giorno, all&#8217;orario di lavoro<\/li>\n<li><strong>Instradamento a percentuale<\/strong>: dividi il tuo volume di chiamate in varie localit\u00e0 o agenti<\/li>\n<li><strong>Registrazione delle chiamate<\/strong>: registra automaticamente tutte le chiamate in entrata all&#8217;istante e le rivede in pochi minuti. Questa funzione integrata \u00e8 perfetta per monitorare e migliorare le prestazioni dei tuoi agenti di vendita e dei clienti.\u00a0Sfrutta le registrazioni per assegnare manualmente o automaticamente un punteggio alle chiamate utilizzando Conversation Analytics<\/li>\n<li><strong>Reporting delle chiamate<\/strong>: dai vita ai tuoi dati con potenti analisi in tempo reale e reportistica avanzata.<\/li>\n<\/ul>\n<h4>LE RECENSIONI DEGLI UTENTI<\/h4>\n<p><strong>Diana M. &#8220;Funziona per le nostre esigenze!&#8221;<\/strong><br \/>\nPRO: facilit\u00e0 d&#8217;uso e servizi al cliente, sento che Convirza valorizza molto la nostra partnership. Risposta rapida a tutte le nostre richieste e sempre pronto a rispondere con un senso di urgenza ogni volta che incontriamo un problema.<br \/>\nCONTRO: alcune cose sembrano essere ancora in sviluppo.<\/p>\n<p><strong>Susan P. &#8220;Molto utile per il nostro business&#8221;<\/strong><br \/>\nCOMMENTI: Convirza ci permette di vedere quale pubblicit\u00e0 sta funzionando per i nostri clienti e quale no. Questo \u00e8 estremamente utile quando si lavora con i clienti su dove spendere i loro dollari di pubblicit\u00e0.<br \/>\nPRO: essere in grado di mostrare ai nostri clienti esattamente quante chiamate ricevono dalla loro pubblicit\u00e0 \u00e8 stato un grande strumento per la nostra azienda. Ci sono molte caratteristiche che Convirza fornisce che rendono anche il mio lavoro pi\u00f9 facile. Nel complesso, siamo molto soddisfatti di questo software.<br \/>\nCONTRO: i report impiegano molto tempo a caricarsi. Occasionalmente, le informazioni fornite su una chiamata sono imprecise.<\/p>\n<p><strong>Andrew P. &#8220;Recensione di Convirza&#8221;<\/strong><br \/>\nCOMMENTI: nel complesso, siamo molto soddisfatti delle informazioni e dei servizi di Convirza.<br \/>\nPRO: il software di Convirza \u00e8 diventato essenziale per la nostra attivit\u00e0 perch\u00e9 dimostra &#8211; senza alcun dubbio &#8211; il valore che i nostri servizi pubblicitari stanno portando ai nostri clienti.<br \/>\nCONTRO: i report del software sono buoni, ma non ottimi. Sono lenti da caricare e non sono cos\u00ec completi come pensiamo che potrebbero essere. Ne abbiamo parlato con il loro staff, ma sono stati lenti ad integrare l&#8217;aggiornamento da noi richiesto.<\/p>\n","protected":false},"excerpt":{"rendered":"<p>Convirza \u00e8 un\u00a0programma di monitoraggio, registrazione e ottimizzazione delle chiamate aziendale che ti permette di prendere decisioni di business e marketing pi\u00f9 intelligenti. Ti consente di tracciare automaticamente le chiamate per capire quali sono le tue strategie di marketing pi\u00f9 efficaci, quali canali, campagne, annunci e parole chiave hanno generato nuovi lead.<\/p>\n","protected":false},"author":17,"featured_media":51526,"parent":50903,"menu_order":0,"comment_status":"open","ping_status":"closed","template":"g1_template_page_review_new.php","meta":{"_acf_changed":false,"cwp_meta_box_check":"No","cwp_rev_product_name":"","cwp_rev_product_image":"","wppr_links":[],"cwp_rev_price":"","wppr_options":[],"wppr_pros":[],"wppr_cons":[],"_monsterinsights_skip_tracking":false,"_monsterinsights_sitenote_active":false,"_monsterinsights_sitenote_note":"","_monsterinsights_sitenote_category":0,"footnotes":""},"categories":[11631],"tags":[11638,11636,11650,11637,11634],"features":[],"class_list":{"0":"post-51525","1":"page","2":"type-page","3":"status-publish","4":"has-post-thumbnail","6":"category-programma-per-registrare-chiamate-categoria","7":"tag-chiamate-registrate","8":"tag-piattaforma-per-registrare-le-chiamate","9":"tag-programma-per-registrare-le-chiamate","10":"tag-registrare-le-chiamate","11":"tag-software-per-registrare-le-chiamate"},"wppr_data":{"cwp_meta_box_check":"No"},"acf":[],"yoast_head":"<!-- This site is optimized with the Yoast SEO plugin v27.4 - https:\/\/yoast.com\/product\/yoast-seo-wordpress\/ -->\n<title>Convirza: recensione programma registrare chiamate - Accurate Reviews<\/title>\n<meta name=\"description\" content=\"Convirza: recensionne del\u00a0programma di monitoraggio, registrazione e ottimizzazione delle chiamate aziendale.\" \/>\n<meta name=\"robots\" content=\"index, follow, max-snippet:-1, max-image-preview:large, max-video-preview:-1\" \/>\n<link rel=\"canonical\" href=\"https:\/\/www.accuratereviews.com\/it\/programmi-per-registrare-chiamate\/convirza-recensione\/\" \/>\n<meta property=\"og:locale\" content=\"it_IT\" \/>\n<meta property=\"og:type\" content=\"article\" \/>\n<meta property=\"og:title\" content=\"Convirza: recensione programma registrare chiamate - Accurate Reviews\" \/>\n<meta property=\"og:description\" content=\"Convirza: recensionne del\u00a0programma di monitoraggio, registrazione e ottimizzazione delle chiamate aziendale.\" \/>\n<meta property=\"og:url\" content=\"https:\/\/www.accuratereviews.com\/it\/programmi-per-registrare-chiamate\/convirza-recensione\/\" \/>\n<meta property=\"og:site_name\" content=\"Accurate Reviews\" \/>\n<meta property=\"article:modified_time\" content=\"2021-12-30T09:07:18+00:00\" \/>\n<meta property=\"og:image\" content=\"https:\/\/www.accuratereviews.com\/wp-content\/uploads\/2021\/12\/convirza.png\" \/>\n\t<meta property=\"og:image:width\" content=\"600\" \/>\n\t<meta property=\"og:image:height\" content=\"315\" \/>\n\t<meta property=\"og:image:type\" content=\"image\/png\" \/>\n<meta name=\"twitter:card\" content=\"summary_large_image\" \/>\n<meta name=\"twitter:label1\" content=\"Tempo di lettura stimato\" \/>\n\t<meta name=\"twitter:data1\" content=\"3 minuti\" \/>\n<script type=\"application\/ld+json\" class=\"yoast-schema-graph\">{\"@context\":\"https:\\\/\\\/schema.org\",\"@graph\":[{\"@type\":\"WebPage\",\"@id\":\"https:\\\/\\\/www.accuratereviews.com\\\/it\\\/programmi-per-registrare-chiamate\\\/convirza-recensione\\\/\",\"url\":\"https:\\\/\\\/www.accuratereviews.com\\\/it\\\/programmi-per-registrare-chiamate\\\/convirza-recensione\\\/\",\"name\":\"Convirza: recensione programma registrare chiamate - Accurate Reviews\",\"isPartOf\":{\"@id\":\"https:\\\/\\\/www.accuratereviews.com\\\/it\\\/#website\"},\"primaryImageOfPage\":{\"@id\":\"https:\\\/\\\/www.accuratereviews.com\\\/it\\\/programmi-per-registrare-chiamate\\\/convirza-recensione\\\/#primaryimage\"},\"image\":{\"@id\":\"https:\\\/\\\/www.accuratereviews.com\\\/it\\\/programmi-per-registrare-chiamate\\\/convirza-recensione\\\/#primaryimage\"},\"thumbnailUrl\":\"https:\\\/\\\/www.accuratereviews.com\\\/wp-content\\\/uploads\\\/2021\\\/12\\\/convirza.png\",\"datePublished\":\"2021-12-21T11:12:24+00:00\",\"dateModified\":\"2021-12-30T09:07:18+00:00\",\"description\":\"Convirza: recensionne del\u00a0programma di monitoraggio, registrazione e ottimizzazione delle chiamate aziendale.\",\"breadcrumb\":{\"@id\":\"https:\\\/\\\/www.accuratereviews.com\\\/it\\\/programmi-per-registrare-chiamate\\\/convirza-recensione\\\/#breadcrumb\"},\"inLanguage\":\"it-IT\",\"potentialAction\":[{\"@type\":\"ReadAction\",\"target\":[\"https:\\\/\\\/www.accuratereviews.com\\\/it\\\/programmi-per-registrare-chiamate\\\/convirza-recensione\\\/\"]}]},{\"@type\":\"ImageObject\",\"inLanguage\":\"it-IT\",\"@id\":\"https:\\\/\\\/www.accuratereviews.com\\\/it\\\/programmi-per-registrare-chiamate\\\/convirza-recensione\\\/#primaryimage\",\"url\":\"https:\\\/\\\/www.accuratereviews.com\\\/wp-content\\\/uploads\\\/2021\\\/12\\\/convirza.png\",\"contentUrl\":\"https:\\\/\\\/www.accuratereviews.com\\\/wp-content\\\/uploads\\\/2021\\\/12\\\/convirza.png\",\"width\":600,\"height\":315},{\"@type\":\"BreadcrumbList\",\"@id\":\"https:\\\/\\\/www.accuratereviews.com\\\/it\\\/programmi-per-registrare-chiamate\\\/convirza-recensione\\\/#breadcrumb\",\"itemListElement\":[{\"@type\":\"ListItem\",\"position\":1,\"name\":\"Home\",\"item\":\"https:\\\/\\\/www.accuratereviews.com\\\/it\\\/\"},{\"@type\":\"ListItem\",\"position\":2,\"name\":\"Programmi per registrare le chiamate\",\"item\":\"https:\\\/\\\/www.accuratereviews.com\\\/it\\\/programmi-per-registrare-chiamate\\\/\"},{\"@type\":\"ListItem\",\"position\":3,\"name\":\"Convirza\"}]},{\"@type\":\"WebSite\",\"@id\":\"https:\\\/\\\/www.accuratereviews.com\\\/it\\\/#website\",\"url\":\"https:\\\/\\\/www.accuratereviews.com\\\/it\\\/\",\"name\":\"Accurate Reviews\",\"description\":\"\",\"potentialAction\":[{\"@type\":\"SearchAction\",\"target\":{\"@type\":\"EntryPoint\",\"urlTemplate\":\"https:\\\/\\\/www.accuratereviews.com\\\/it\\\/?s={search_term_string}\"},\"query-input\":{\"@type\":\"PropertyValueSpecification\",\"valueRequired\":true,\"valueName\":\"search_term_string\"}}],\"inLanguage\":\"it-IT\"}]}<\/script>\n<!-- \/ Yoast SEO plugin. -->","yoast_head_json":{"title":"Convirza: recensione programma registrare chiamate - Accurate Reviews","description":"Convirza: recensionne del\u00a0programma di monitoraggio, registrazione e ottimizzazione delle chiamate aziendale.","robots":{"index":"index","follow":"follow","max-snippet":"max-snippet:-1","max-image-preview":"max-image-preview:large","max-video-preview":"max-video-preview:-1"},"canonical":"https:\/\/www.accuratereviews.com\/it\/programmi-per-registrare-chiamate\/convirza-recensione\/","og_locale":"it_IT","og_type":"article","og_title":"Convirza: recensione programma registrare chiamate - Accurate Reviews","og_description":"Convirza: recensionne del\u00a0programma di monitoraggio, registrazione e ottimizzazione delle chiamate aziendale.","og_url":"https:\/\/www.accuratereviews.com\/it\/programmi-per-registrare-chiamate\/convirza-recensione\/","og_site_name":"Accurate Reviews","article_modified_time":"2021-12-30T09:07:18+00:00","og_image":[{"width":600,"height":315,"url":"https:\/\/www.accuratereviews.com\/wp-content\/uploads\/2021\/12\/convirza.png","type":"image\/png"}],"twitter_card":"summary_large_image","twitter_misc":{"Tempo di lettura stimato":"3 minuti"},"schema":{"@context":"https:\/\/schema.org","@graph":[{"@type":"WebPage","@id":"https:\/\/www.accuratereviews.com\/it\/programmi-per-registrare-chiamate\/convirza-recensione\/","url":"https:\/\/www.accuratereviews.com\/it\/programmi-per-registrare-chiamate\/convirza-recensione\/","name":"Convirza: recensione programma registrare chiamate - Accurate Reviews","isPartOf":{"@id":"https:\/\/www.accuratereviews.com\/it\/#website"},"primaryImageOfPage":{"@id":"https:\/\/www.accuratereviews.com\/it\/programmi-per-registrare-chiamate\/convirza-recensione\/#primaryimage"},"image":{"@id":"https:\/\/www.accuratereviews.com\/it\/programmi-per-registrare-chiamate\/convirza-recensione\/#primaryimage"},"thumbnailUrl":"https:\/\/www.accuratereviews.com\/wp-content\/uploads\/2021\/12\/convirza.png","datePublished":"2021-12-21T11:12:24+00:00","dateModified":"2021-12-30T09:07:18+00:00","description":"Convirza: recensionne del\u00a0programma di monitoraggio, registrazione e ottimizzazione delle chiamate aziendale.","breadcrumb":{"@id":"https:\/\/www.accuratereviews.com\/it\/programmi-per-registrare-chiamate\/convirza-recensione\/#breadcrumb"},"inLanguage":"it-IT","potentialAction":[{"@type":"ReadAction","target":["https:\/\/www.accuratereviews.com\/it\/programmi-per-registrare-chiamate\/convirza-recensione\/"]}]},{"@type":"ImageObject","inLanguage":"it-IT","@id":"https:\/\/www.accuratereviews.com\/it\/programmi-per-registrare-chiamate\/convirza-recensione\/#primaryimage","url":"https:\/\/www.accuratereviews.com\/wp-content\/uploads\/2021\/12\/convirza.png","contentUrl":"https:\/\/www.accuratereviews.com\/wp-content\/uploads\/2021\/12\/convirza.png","width":600,"height":315},{"@type":"BreadcrumbList","@id":"https:\/\/www.accuratereviews.com\/it\/programmi-per-registrare-chiamate\/convirza-recensione\/#breadcrumb","itemListElement":[{"@type":"ListItem","position":1,"name":"Home","item":"https:\/\/www.accuratereviews.com\/it\/"},{"@type":"ListItem","position":2,"name":"Programmi per registrare le chiamate","item":"https:\/\/www.accuratereviews.com\/it\/programmi-per-registrare-chiamate\/"},{"@type":"ListItem","position":3,"name":"Convirza"}]},{"@type":"WebSite","@id":"https:\/\/www.accuratereviews.com\/it\/#website","url":"https:\/\/www.accuratereviews.com\/it\/","name":"Accurate Reviews","description":"","potentialAction":[{"@type":"SearchAction","target":{"@type":"EntryPoint","urlTemplate":"https:\/\/www.accuratereviews.com\/it\/?s={search_term_string}"},"query-input":{"@type":"PropertyValueSpecification","valueRequired":true,"valueName":"search_term_string"}}],"inLanguage":"it-IT"}]}},"_links":{"self":[{"href":"https:\/\/www.accuratereviews.com\/it\/wp-json\/wp\/v2\/pages\/51525","targetHints":{"allow":["GET"]}}],"collection":[{"href":"https:\/\/www.accuratereviews.com\/it\/wp-json\/wp\/v2\/pages"}],"about":[{"href":"https:\/\/www.accuratereviews.com\/it\/wp-json\/wp\/v2\/types\/page"}],"author":[{"embeddable":true,"href":"https:\/\/www.accuratereviews.com\/it\/wp-json\/wp\/v2\/users\/17"}],"replies":[{"embeddable":true,"href":"https:\/\/www.accuratereviews.com\/it\/wp-json\/wp\/v2\/comments?post=51525"}],"version-history":[{"count":4,"href":"https:\/\/www.accuratereviews.com\/it\/wp-json\/wp\/v2\/pages\/51525\/revisions"}],"predecessor-version":[{"id":51562,"href":"https:\/\/www.accuratereviews.com\/it\/wp-json\/wp\/v2\/pages\/51525\/revisions\/51562"}],"up":[{"embeddable":true,"href":"https:\/\/www.accuratereviews.com\/it\/wp-json\/wp\/v2\/pages\/50903"}],"wp:featuredmedia":[{"embeddable":true,"href":"https:\/\/www.accuratereviews.com\/it\/wp-json\/wp\/v2\/media\/51526"}],"wp:attachment":[{"href":"https:\/\/www.accuratereviews.com\/it\/wp-json\/wp\/v2\/media?parent=51525"}],"wp:term":[{"taxonomy":"category","embeddable":true,"href":"https:\/\/www.accuratereviews.com\/it\/wp-json\/wp\/v2\/categories?post=51525"},{"taxonomy":"post_tag","embeddable":true,"href":"https:\/\/www.accuratereviews.com\/it\/wp-json\/wp\/v2\/tags?post=51525"},{"taxonomy":"features","embeddable":true,"href":"https:\/\/www.accuratereviews.com\/it\/wp-json\/wp\/v2\/features?post=51525"}],"curies":[{"name":"wp","href":"https:\/\/api.w.org\/{rel}","templated":true}]}}