{"id":51538,"date":"2021-12-21T11:27:30","date_gmt":"2021-12-21T11:27:30","guid":{"rendered":"https:\/\/www.accuratereviews.com\/?page_id=51538"},"modified":"2021-12-21T11:27:30","modified_gmt":"2021-12-21T11:27:30","slug":"exotel-recensione","status":"publish","type":"page","link":"https:\/\/www.accuratereviews.com\/it\/programmi-per-registrare-chiamate\/exotel-recensione\/","title":{"rendered":"Exotel"},"content":{"rendered":"<p><strong>Exotel<\/strong> \u00e8 una <strong>piattaforma di comunicazione cloud<\/strong> che supporta gli sforzi di coinvolgimento dei clienti con aziende come Flipkart, Ola e Zomato in India ad aziende come Gojek e Lazada in Asia.\u00a0Durante le stagioni di forte domanda di comunicazione, si affidano alla soluzione per la sua coerenza nel servizio. Soddisfa gli standard del settore, inclusi SLA di oltre il 99,4% di uptime e disponibilit\u00e0 illimitata del canale per scalare i tuoi sforzi di coinvolgimento. Monitora i dati essenziali delle chiamate, ricava informazioni utili e migliora le prestazioni aziendali.\u00a0<strong>Exotel<\/strong> promuove anche la produttivit\u00e0 di una forza lavoro in remoto, con una soluzione completa per il lavoro da casa per i team di vendita e di supporto.\u00a0Le funzionalit\u00e0 chiave spaziano dall&#8217;IVR multilivello, alla gestione delle chiamate end-to-end, alla gestione dei lead per i mercati.<\/p>\n<h2>EXOTEL &#8211; TUTORIAL<\/h2>\n<p>Vediamo come configurare questo <strong>software per la registrazione delle chiamate<\/strong>:<\/p>\n<div id=\"fluid-wrapper-counter-1\" class=\"g1-fluid-wrapper \" style=\"width:686px;\">\n<div style=\"padding-bottom:56.268221574344%;\"><iframe loading=\"lazy\" title=\"How to set up a VoIP Phone System for your Business | Getting Started with Exotel\" width=\"686\" height=\"386\" src=\"https:\/\/www.youtube.com\/embed\/WXOH5ZRAwY4?feature=oembed&amp;wmode=transparent&amp;autohide=1&amp;autoplay=0&amp;disablekb=0&amp;fs=1&amp;loop=0&amp;enablejsapi=1&amp;rel=0&amp;controls=2&amp;showinfo=0&amp;wmode=transparent&amp;autohide=2&amp;autoplay=0&amp;disablekb=0&amp;fs=1&amp;loop=0&amp;enablejsapi=1&amp;rel=0&amp;controls=2&amp;showinfo=1\" frameborder=\"0\" allow=\"accelerometer; autoplay; clipboard-write; encrypted-media; gyroscope; picture-in-picture\" allowfullscreen><\/iframe><\/div>\n<\/div>\n<h3>EXOTEL &#8211; CARATTERISTICHE<\/h3>\n<ul>\n<li><strong>Nessun numero di composizione<\/strong>: gli agenti possono raggiungere il tuo cliente in pochi clic. Raggiungi pi\u00f9 clienti in meno tempo<\/li>\n<li><strong>Facile traccia della conversazione:<\/strong> tieni traccia delle comunicazioni dei tuoi clienti, dei motivi della chiamata e di ci\u00f2 che viene comunicato durante la chiamata<\/li>\n<li><strong>Registrazione delle chiamate<\/strong>: prendi decisioni informate con l&#8217;aiuto delle registrazioni delle chiamate<\/li>\n<li><strong>Reportistica dettagliata<\/strong>: ottieni analisi dettagliate in tempo reale di tutte le chiamate effettuate sulla tua dashboard<\/li>\n<li><strong>Integrazione CRM<\/strong>: si integra perfettamente con i principali CRM sul mercato<\/li>\n<li><strong>Canali illimitati<\/strong>: pi\u00f9 chiamate parallele utilizzando lo stesso numero<\/li>\n<li><strong>Altamente sicuro<\/strong>: sistema di gestione della sicurezza delle informazioni certificato ISO 27001:2013<\/li>\n<li><strong>Soluzioni brevettate<\/strong>: ottieni un vantaggio competitivo da prodotti brevettati<\/li>\n<li><strong>Qualit\u00e0 superiore<\/strong>: migliori percentuali di successo, qualit\u00e0 della voce e latenza ridotta<\/li>\n<li><strong>Supporto<\/strong>: assistenza clienti 24\u00d77 via telefono, email e Twitter<\/li>\n<li><strong>Affidabilit\u00e0 superiore<\/strong>: tempi di attivit\u00e0 migliori della categoria del 99,94% inclusi i tempi di attivit\u00e0 dell&#8217;operatore<\/li>\n<li><strong>Scalabile<\/strong>: cresci ed espanditi senza preoccuparti dell&#8217;infrastruttura<\/li>\n<\/ul>\n<h4>LE RECENSIONI DEGLI UTENTI<\/h4>\n<p class=\"font-weight-bold mb-2\"><strong>Tapesh B.&#8221;Il miglior software per cloud e telefonia virtuale in India&#8221;<\/strong><\/p>\n<div class=\"i18n-translation_container pt-4 py-3 py-md-5 review-card border-bottom border-primary i18n-translation_translated\" data-translation-id=\"2022122\" data-translation-target=\"original\" data-container-view=\"ca-review\">\n<div class=\"container\">\n<div class=\"row\">\n<div class=\"col-lg-7\">\n<p><span class=\"font-weight-bold\"><strong>Commenti<\/strong>: <\/span>Il team \u00e8 molto utile per impostare il tuo numero e le cose di cui hai bisogno capiranno le tue esigenze.<\/p>\n<p class=\"font-weight-bold mb-2\"><strong>Pro<\/strong>:\u00a0Il loro mercato \u00e8 la cosa migliore che ho usato con il software, tutto \u00e8 predefinito ed \u00e8 fantastico e facile da usare. Proprio come i servizi plug and play.<\/p>\n<p class=\"font-weight-bold mb-2\"><strong>Contro<\/strong>:\u00a0Non forniscono servizi fuori dall&#8217;India, quindi dobbiamo gestire pi\u00f9 opzioni per i clienti indiani e per i clienti di altri paesi.<\/p>\n<p class=\"font-weight-bold mb-2\"><strong>Anchal G.&#8221;Un ottimo strumento di comunicazione!&#8221;<\/strong><\/p>\n<p><span class=\"font-weight-bold\"><strong>Commenti<\/strong>: <\/span>\u00c8 stato fantastico finora. Il prodotto \u00e8 privo di bug e l&#8217;assistenza \u00e8 super veloce e di facile accesso.<\/p>\n<p class=\"font-weight-bold mb-2\"><strong>Pro<\/strong>:\u00a0Exotel ci ha aiutato a creare una connessione affidabile con i nostri clienti tramite voce e SMS. &#8211; Exotel consente un&#8217;esperienza personalizzata per i clienti tramite chiamate vocali. Il monitoraggio, la gestione e la creazione del flusso di chiamate \u00e8 piuttosto semplice. &#8211; Ha caratteristiche eccellenti come IVR multilivello, registrazione delle chiamate, instradamento delle chiamate, analisi delle chiamate, ecc &#8211; Nessun hardware richiesto &#8211; Il mascheramento del numero di telefono \u00e8 la caratteristica migliore di questo software &#8211; Eccellente supporto dal team Exotel<\/p>\n<p class=\"font-weight-bold mb-2\"><strong>Contro<\/strong>:\u00a0Nulla a cui riesco a pensare \/ riscontrato durante l&#8217;utilizzo negli ultimi 2 anni<\/p>\n<p class=\"font-weight-bold mb-2\"><strong>Mohamed F.&#8221;Prodotto eccellente finora con piccoli intoppi&#8221;<\/strong><\/p>\n<p class=\"font-weight-bold mb-2\"><strong>Pro<\/strong>:\u00a0La facilit\u00e0 d&#8217;uso \u00e8 fantastica, non ho avuto bisogno dell&#8217;aiuto di nessuno per creare e personalizzare il prodotto. La maggior parte delle funzionalit\u00e0 attese dall&#8217;azienda di telefonia \u00e8 presente e con tale facilit\u00e0 d&#8217;uso. Registrazioni delle chiamate come \u00e8 stata instradata la chiamata e chi ha risposto alla chiamata cosa \u00e8 successo per chiamare tutto era presente e con un&#8217;interfaccia molto intuitiva<\/p>\n<p class=\"font-weight-bold mb-2\"><strong>Contro<\/strong>:\u00a0Spero che risolvano l&#8217;interconnessione tra i diversi fornitori di servizi. C&#8217;erano molti problemi con la voce quando gli agenti usavano Airtel. la voce \u00e8 un grosso problema a volte non saremo in grado di sentire la voce chiaramente<\/p>\n<\/div>\n<\/div>\n<\/div>\n<\/div>\n<div class=\"i18n-translation_container pt-4 py-3 py-md-5 review-card border-bottom border-primary \" data-translation-id=\"1990493\" data-translation-target=\"translated\" data-container-view=\"ca-review\">\n<div class=\"container\">\n<div class=\"row\">\n<div class=\"col-lg-5 mb-3 mb-lg-0\">\n<div class=\"row\">\n<div class=\"col pl-0\"><\/div>\n<\/div>\n<\/div>\n<\/div>\n<\/div>\n<\/div>\n","protected":false},"excerpt":{"rendered":"<p>Exotel \u00e8 una piattaforma di comunicazione cloud che supporta gli sforzi di coinvolgimento dei clienti con aziende come Flipkart, Ola e Zomato in India ad aziende come Gojek e Lazada in Asia.\u00a0Durante le stagioni di forte domanda di comunicazione, si affidano alla soluzione per la sua coerenza nel servizio.<\/p>\n","protected":false},"author":16,"featured_media":51539,"parent":50903,"menu_order":0,"comment_status":"open","ping_status":"closed","template":"g1_template_page_review_new.php","meta":{"_acf_changed":false,"cwp_meta_box_check":"No","cwp_rev_product_name":"","cwp_rev_product_image":"","wppr_links":[],"cwp_rev_price":"","wppr_options":[],"wppr_pros":[],"wppr_cons":[],"_monsterinsights_skip_tracking":false,"_monsterinsights_sitenote_active":false,"_monsterinsights_sitenote_note":"","_monsterinsights_sitenote_category":0,"footnotes":""},"categories":[11631],"tags":[11700,11636,11650,11637,11634,11635],"features":[],"class_list":{"0":"post-51538","1":"page","2":"type-page","3":"status-publish","4":"has-post-thumbnail","6":"category-programma-per-registrare-chiamate-categoria","7":"tag-exotel","8":"tag-piattaforma-per-registrare-le-chiamate","9":"tag-programma-per-registrare-le-chiamate","10":"tag-registrare-le-chiamate","11":"tag-software-per-registrare-le-chiamate","12":"tag-soluzione-per-registrare-le-chiamate"},"wppr_data":{"cwp_meta_box_check":"No"},"acf":[],"yoast_head":"<!-- This site is optimized with the Yoast SEO plugin v27.4 - https:\/\/yoast.com\/product\/yoast-seo-wordpress\/ -->\n<title>Exotel: recensione software per registrare le chiamate - Accurate Reviews<\/title>\n<meta name=\"description\" content=\"Exotel: recensione piattaforma di comunicazione cloud che supporta gli sforzi di coinvolgimento dei clienti con le aziende.\" \/>\n<meta name=\"robots\" content=\"index, follow, max-snippet:-1, max-image-preview:large, max-video-preview:-1\" \/>\n<link rel=\"canonical\" href=\"https:\/\/www.accuratereviews.com\/it\/programmi-per-registrare-chiamate\/exotel-recensione\/\" \/>\n<meta property=\"og:locale\" content=\"it_IT\" \/>\n<meta property=\"og:type\" content=\"article\" \/>\n<meta property=\"og:title\" content=\"Exotel: recensione software per registrare le chiamate - Accurate Reviews\" \/>\n<meta property=\"og:description\" content=\"Exotel: recensione piattaforma di comunicazione cloud che supporta gli sforzi di coinvolgimento dei clienti con le aziende.\" \/>\n<meta property=\"og:url\" content=\"https:\/\/www.accuratereviews.com\/it\/programmi-per-registrare-chiamate\/exotel-recensione\/\" \/>\n<meta property=\"og:site_name\" content=\"Accurate Reviews\" \/>\n<meta property=\"og:image\" content=\"https:\/\/www.accuratereviews.com\/wp-content\/uploads\/2021\/12\/exotel-logo-vector.png\" \/>\n\t<meta property=\"og:image:width\" content=\"600\" \/>\n\t<meta property=\"og:image:height\" content=\"400\" \/>\n\t<meta property=\"og:image:type\" content=\"image\/png\" \/>\n<meta name=\"twitter:card\" content=\"summary_large_image\" \/>\n<meta name=\"twitter:label1\" content=\"Tempo di lettura stimato\" \/>\n\t<meta name=\"twitter:data1\" content=\"4 minuti\" \/>\n<script type=\"application\/ld+json\" class=\"yoast-schema-graph\">{\"@context\":\"https:\\\/\\\/schema.org\",\"@graph\":[{\"@type\":\"WebPage\",\"@id\":\"https:\\\/\\\/www.accuratereviews.com\\\/it\\\/programmi-per-registrare-chiamate\\\/exotel-recensione\\\/\",\"url\":\"https:\\\/\\\/www.accuratereviews.com\\\/it\\\/programmi-per-registrare-chiamate\\\/exotel-recensione\\\/\",\"name\":\"Exotel: recensione software per registrare le chiamate - Accurate Reviews\",\"isPartOf\":{\"@id\":\"https:\\\/\\\/www.accuratereviews.com\\\/it\\\/#website\"},\"primaryImageOfPage\":{\"@id\":\"https:\\\/\\\/www.accuratereviews.com\\\/it\\\/programmi-per-registrare-chiamate\\\/exotel-recensione\\\/#primaryimage\"},\"image\":{\"@id\":\"https:\\\/\\\/www.accuratereviews.com\\\/it\\\/programmi-per-registrare-chiamate\\\/exotel-recensione\\\/#primaryimage\"},\"thumbnailUrl\":\"https:\\\/\\\/www.accuratereviews.com\\\/wp-content\\\/uploads\\\/2021\\\/12\\\/exotel-logo-vector.png\",\"datePublished\":\"2021-12-21T11:27:30+00:00\",\"description\":\"Exotel: recensione piattaforma di comunicazione cloud che supporta gli sforzi di coinvolgimento dei clienti con le aziende.\",\"breadcrumb\":{\"@id\":\"https:\\\/\\\/www.accuratereviews.com\\\/it\\\/programmi-per-registrare-chiamate\\\/exotel-recensione\\\/#breadcrumb\"},\"inLanguage\":\"it-IT\",\"potentialAction\":[{\"@type\":\"ReadAction\",\"target\":[\"https:\\\/\\\/www.accuratereviews.com\\\/it\\\/programmi-per-registrare-chiamate\\\/exotel-recensione\\\/\"]}]},{\"@type\":\"ImageObject\",\"inLanguage\":\"it-IT\",\"@id\":\"https:\\\/\\\/www.accuratereviews.com\\\/it\\\/programmi-per-registrare-chiamate\\\/exotel-recensione\\\/#primaryimage\",\"url\":\"https:\\\/\\\/www.accuratereviews.com\\\/wp-content\\\/uploads\\\/2021\\\/12\\\/exotel-logo-vector.png\",\"contentUrl\":\"https:\\\/\\\/www.accuratereviews.com\\\/wp-content\\\/uploads\\\/2021\\\/12\\\/exotel-logo-vector.png\",\"width\":600,\"height\":400},{\"@type\":\"BreadcrumbList\",\"@id\":\"https:\\\/\\\/www.accuratereviews.com\\\/it\\\/programmi-per-registrare-chiamate\\\/exotel-recensione\\\/#breadcrumb\",\"itemListElement\":[{\"@type\":\"ListItem\",\"position\":1,\"name\":\"Home\",\"item\":\"https:\\\/\\\/www.accuratereviews.com\\\/it\\\/\"},{\"@type\":\"ListItem\",\"position\":2,\"name\":\"Programmi per registrare le chiamate\",\"item\":\"https:\\\/\\\/www.accuratereviews.com\\\/it\\\/programmi-per-registrare-chiamate\\\/\"},{\"@type\":\"ListItem\",\"position\":3,\"name\":\"Exotel\"}]},{\"@type\":\"WebSite\",\"@id\":\"https:\\\/\\\/www.accuratereviews.com\\\/it\\\/#website\",\"url\":\"https:\\\/\\\/www.accuratereviews.com\\\/it\\\/\",\"name\":\"Accurate Reviews\",\"description\":\"\",\"potentialAction\":[{\"@type\":\"SearchAction\",\"target\":{\"@type\":\"EntryPoint\",\"urlTemplate\":\"https:\\\/\\\/www.accuratereviews.com\\\/it\\\/?s={search_term_string}\"},\"query-input\":{\"@type\":\"PropertyValueSpecification\",\"valueRequired\":true,\"valueName\":\"search_term_string\"}}],\"inLanguage\":\"it-IT\"}]}<\/script>\n<!-- \/ Yoast SEO plugin. -->","yoast_head_json":{"title":"Exotel: recensione software per registrare le chiamate - Accurate Reviews","description":"Exotel: recensione piattaforma di comunicazione cloud che supporta gli sforzi di coinvolgimento dei clienti con le aziende.","robots":{"index":"index","follow":"follow","max-snippet":"max-snippet:-1","max-image-preview":"max-image-preview:large","max-video-preview":"max-video-preview:-1"},"canonical":"https:\/\/www.accuratereviews.com\/it\/programmi-per-registrare-chiamate\/exotel-recensione\/","og_locale":"it_IT","og_type":"article","og_title":"Exotel: recensione software per registrare le chiamate - Accurate Reviews","og_description":"Exotel: recensione piattaforma di comunicazione cloud che supporta gli sforzi di coinvolgimento dei clienti con le aziende.","og_url":"https:\/\/www.accuratereviews.com\/it\/programmi-per-registrare-chiamate\/exotel-recensione\/","og_site_name":"Accurate Reviews","og_image":[{"width":600,"height":400,"url":"https:\/\/www.accuratereviews.com\/wp-content\/uploads\/2021\/12\/exotel-logo-vector.png","type":"image\/png"}],"twitter_card":"summary_large_image","twitter_misc":{"Tempo di lettura stimato":"4 minuti"},"schema":{"@context":"https:\/\/schema.org","@graph":[{"@type":"WebPage","@id":"https:\/\/www.accuratereviews.com\/it\/programmi-per-registrare-chiamate\/exotel-recensione\/","url":"https:\/\/www.accuratereviews.com\/it\/programmi-per-registrare-chiamate\/exotel-recensione\/","name":"Exotel: recensione software per registrare le chiamate - Accurate Reviews","isPartOf":{"@id":"https:\/\/www.accuratereviews.com\/it\/#website"},"primaryImageOfPage":{"@id":"https:\/\/www.accuratereviews.com\/it\/programmi-per-registrare-chiamate\/exotel-recensione\/#primaryimage"},"image":{"@id":"https:\/\/www.accuratereviews.com\/it\/programmi-per-registrare-chiamate\/exotel-recensione\/#primaryimage"},"thumbnailUrl":"https:\/\/www.accuratereviews.com\/wp-content\/uploads\/2021\/12\/exotel-logo-vector.png","datePublished":"2021-12-21T11:27:30+00:00","description":"Exotel: recensione piattaforma di comunicazione cloud che supporta gli sforzi di coinvolgimento dei clienti con le aziende.","breadcrumb":{"@id":"https:\/\/www.accuratereviews.com\/it\/programmi-per-registrare-chiamate\/exotel-recensione\/#breadcrumb"},"inLanguage":"it-IT","potentialAction":[{"@type":"ReadAction","target":["https:\/\/www.accuratereviews.com\/it\/programmi-per-registrare-chiamate\/exotel-recensione\/"]}]},{"@type":"ImageObject","inLanguage":"it-IT","@id":"https:\/\/www.accuratereviews.com\/it\/programmi-per-registrare-chiamate\/exotel-recensione\/#primaryimage","url":"https:\/\/www.accuratereviews.com\/wp-content\/uploads\/2021\/12\/exotel-logo-vector.png","contentUrl":"https:\/\/www.accuratereviews.com\/wp-content\/uploads\/2021\/12\/exotel-logo-vector.png","width":600,"height":400},{"@type":"BreadcrumbList","@id":"https:\/\/www.accuratereviews.com\/it\/programmi-per-registrare-chiamate\/exotel-recensione\/#breadcrumb","itemListElement":[{"@type":"ListItem","position":1,"name":"Home","item":"https:\/\/www.accuratereviews.com\/it\/"},{"@type":"ListItem","position":2,"name":"Programmi per registrare le chiamate","item":"https:\/\/www.accuratereviews.com\/it\/programmi-per-registrare-chiamate\/"},{"@type":"ListItem","position":3,"name":"Exotel"}]},{"@type":"WebSite","@id":"https:\/\/www.accuratereviews.com\/it\/#website","url":"https:\/\/www.accuratereviews.com\/it\/","name":"Accurate Reviews","description":"","potentialAction":[{"@type":"SearchAction","target":{"@type":"EntryPoint","urlTemplate":"https:\/\/www.accuratereviews.com\/it\/?s={search_term_string}"},"query-input":{"@type":"PropertyValueSpecification","valueRequired":true,"valueName":"search_term_string"}}],"inLanguage":"it-IT"}]}},"_links":{"self":[{"href":"https:\/\/www.accuratereviews.com\/it\/wp-json\/wp\/v2\/pages\/51538","targetHints":{"allow":["GET"]}}],"collection":[{"href":"https:\/\/www.accuratereviews.com\/it\/wp-json\/wp\/v2\/pages"}],"about":[{"href":"https:\/\/www.accuratereviews.com\/it\/wp-json\/wp\/v2\/types\/page"}],"author":[{"embeddable":true,"href":"https:\/\/www.accuratereviews.com\/it\/wp-json\/wp\/v2\/users\/16"}],"replies":[{"embeddable":true,"href":"https:\/\/www.accuratereviews.com\/it\/wp-json\/wp\/v2\/comments?post=51538"}],"version-history":[{"count":9,"href":"https:\/\/www.accuratereviews.com\/it\/wp-json\/wp\/v2\/pages\/51538\/revisions"}],"predecessor-version":[{"id":51566,"href":"https:\/\/www.accuratereviews.com\/it\/wp-json\/wp\/v2\/pages\/51538\/revisions\/51566"}],"up":[{"embeddable":true,"href":"https:\/\/www.accuratereviews.com\/it\/wp-json\/wp\/v2\/pages\/50903"}],"wp:featuredmedia":[{"embeddable":true,"href":"https:\/\/www.accuratereviews.com\/it\/wp-json\/wp\/v2\/media\/51539"}],"wp:attachment":[{"href":"https:\/\/www.accuratereviews.com\/it\/wp-json\/wp\/v2\/media?parent=51538"}],"wp:term":[{"taxonomy":"category","embeddable":true,"href":"https:\/\/www.accuratereviews.com\/it\/wp-json\/wp\/v2\/categories?post=51538"},{"taxonomy":"post_tag","embeddable":true,"href":"https:\/\/www.accuratereviews.com\/it\/wp-json\/wp\/v2\/tags?post=51538"},{"taxonomy":"features","embeddable":true,"href":"https:\/\/www.accuratereviews.com\/it\/wp-json\/wp\/v2\/features?post=51538"}],"curies":[{"name":"wp","href":"https:\/\/api.w.org\/{rel}","templated":true}]}}