{"id":51623,"date":"2021-12-23T13:00:58","date_gmt":"2021-12-23T13:00:58","guid":{"rendered":"https:\/\/www.accuratereviews.com\/?page_id=51623"},"modified":"2021-12-23T13:00:58","modified_gmt":"2021-12-23T13:00:58","slug":"800response-recensione","status":"publish","type":"page","link":"https:\/\/www.accuratereviews.com\/it\/programmi-per-registrare-chiamate\/800response-recensione\/","title":{"rendered":"800response"},"content":{"rendered":"<p><strong>800response<\/strong> \u00e8 una <strong>soluzione basata su cloud <\/strong>progettata per aiutare le aziende a semplificare i processi relativi alla generazione di lead, al monitoraggio delle chiamate, all&#8217;acquisizione dei dati dei clienti, alla gestione delle campagne di marketing e altro ancora. La soluzione offre numeri di tracciamento locali e gratuiti, che consentono alle organizzazioni di monitorare e analizzare le chiamate in arrivo per migliorare le interazioni e il targeting dei clienti. Offre anche una serie di funzioni tra cui prompt di chiamata, numeri vanity, avvisi, esportazione dei dati e altro. Il modulo di monitoraggio delle chiamate perse consente ai professionisti di ricevere notifiche email o sms per le chiamate perse\/senza risposta, facilitando il follow-up con i potenziali clienti. <strong>800response<\/strong> assiste i professionisti del marketing nell&#8217;ottimizzazione delle campagne di marketing in base all&#8217;et\u00e0 del cliente, alla fascia di reddito, al sesso e ad altri dati demografici.<\/p>\n<h2>800RESPONSE &#8211; TUTORIAL<\/h2>\n<p>Guarda come utilizzare al meglio questa <strong>soluzione di registrazione delle chiamate<\/strong>:<\/p>\n<div id=\"fluid-wrapper-counter-1\" class=\"g1-fluid-wrapper \" style=\"width:686px;\">\n<div style=\"padding-bottom:56.268221574344%;\"><iframe loading=\"lazy\" title=\"Get more leads and improve Campaign Performance with Call Tracking &amp; Monitoring from 800response\" width=\"686\" height=\"386\" src=\"https:\/\/www.youtube.com\/embed\/O60w7eaYSn0?feature=oembed&amp;wmode=transparent&amp;autohide=1&amp;autoplay=0&amp;disablekb=0&amp;fs=1&amp;loop=0&amp;enablejsapi=1&amp;rel=0&amp;controls=2&amp;showinfo=0&amp;wmode=transparent&amp;autohide=2&amp;autoplay=0&amp;disablekb=0&amp;fs=1&amp;loop=0&amp;enablejsapi=1&amp;rel=0&amp;controls=2&amp;showinfo=1\" frameborder=\"0\" allow=\"accelerometer; autoplay; clipboard-write; encrypted-media; gyroscope; picture-in-picture\" allowfullscreen><\/iframe><\/div>\n<\/div>\n<h3>800RESPONSE &#8211; CARATTERISTICHE<\/h3>\n<ul>\n<li><strong>Numeri locali e verdi<\/strong>: Quali campagne stanno generando lead qualificati? Scoprilo monitorando e analizzando ogni chiamata in entrata quando presenti numeri locali o verdi in vari canali. Misura l&#8217;attribuzione del marketing, segmenta li utenti per la prima volta e i chiamanti ripetuti e le campagne di targeting geografico per migliorare il tuo successo di marketing<\/li>\n<li><strong>Monitoraggio delle chiamate in tempo reale<\/strong>: i report di monitoraggio delle chiamate forniscono una vista a 360 gradi delle chiamate in arrivo con i nomi e gli indirizzi dei chiamanti e dati demografici pi\u00f9 approfonditi con i profili dei consumatori. Ottieni preziosi dati sui clienti per una migliore segmentazione e targeting con l&#8217;analisi del monitoraggio dei lead<\/li>\n<li><strong>Instradamento avanzato delle chiamate<\/strong>: i tuoi clienti meritano un instradamento preciso delle loro chiamate quando cercano di raggiungere la tua attivit\u00e0. Indipendentemente dal numero di posizioni che hai o dal tipo di telefono da cui i tuoi clienti stanno chiamando, mobile o fisso, la sofisticata piattaforma di geo-routing indirizzer\u00e0 i chiamanti in modo fluido e rapido ogni volta<\/li>\n<li><strong>Rivela il quadro pi\u00f9 ampio con l&#8217;integrazione CRM<\/strong>: quando utilizzi le soluzioni di lead generation e di tracciamento dei lead, inseriremo tutti i dati del chiamante, inclusi i profili dei consumatori, direttamente nel tuo sistema CRM esistente. Integrando i dati della nostra soluzione con il tuo stack software esistente, puoi acquisire pi\u00f9 lead e ottimizzare meglio le tue strategie di marketing. Ottieni i dati di cui hai bisogno per approfondimenti sulle esigenze dei clienti e rivela il quadro pi\u00f9 ampio dietro le tue campagne con l&#8217;integrazione CRM<\/li>\n<li><strong>Trascrizioni da discorso a testo<\/strong>: i\u00a0gestori dei call center non hanno sempre il tempo di ascoltare ogni chiamata. I servizi di registrazione delle chiamate sono dotati di trascrizioni delle chiamate per aiutarti a monitorare le prestazioni degli agenti e la CX, in modo rapido e semplice.<\/li>\n<li><strong>Profili dei consumatori<\/strong>: quando ti iscrivi ai rapporti ADD, hai anche la possibilit\u00e0 di attivare i profili dei consumatori. Questo rapporto avanzato fornisce analisi dei lead aggiuntive per migliorare l&#8217;indirizzo del chiamante e l&#8217;analisi demografica<\/li>\n<li><strong>Registrazione delle chiamate<\/strong>: monitora le chiamate in arrivo per misurare il controllo della qualit\u00e0 e la conformit\u00e0 degli script e ascolta in prima persona le interazioni con i clienti. Utilizza le informazioni contenute nelle tue chiamate per migliorare la formazione alla vendita, migliorare il servizio clienti, concludere pi\u00f9 affari e acquisire informazioni sui clienti.<\/li>\n<\/ul>\n<h4>LE RECENSIONE DEGLI UTENTI<\/h4>\n<p class=\"font-weight-bold mb-2\"><strong>Jon L.&#8221;Ottimo per il controllo del servizio clienti!&#8221;<\/strong><\/p>\n<p class=\"font-weight-bold mb-2\"><strong>Pro<\/strong>:\u00a0Adoro la funzione di registrazione delle chiamate e la capacit\u00e0 che 800response mi offre di essere in grado di ascoltare il mio call center per tenere traccia di come stanno e delle informazioni che stanno fornendo. Adoro anche le funzionalit\u00e0 demografiche integrate.<\/p>\n<p class=\"font-weight-bold mb-2\"><strong>Contro<\/strong>:\u00a0L&#8217;interfaccia generale \u00e8 un po&#8217; datata e potrebbe essere modernizzata, ma ci\u00f2 non influisce sulla funzionalit\u00e0.<\/p>\n<p class=\"font-weight-bold mb-2\"><strong>Danielle F.&#8221;Azienda che merita una recensione brillante&#8221;<\/strong><\/p>\n<p><span class=\"font-weight-bold\"><strong>Commenti<\/strong>: <\/span>Dal trovare l&#8217;azienda al lavorare quasi quotidianamente con il servizio clienti per integrare 800 Response con i nostri sistemi \u00e8 stata un&#8217;esperienza meravigliosa!!<\/p>\n<p class=\"font-weight-bold mb-2\"><strong>Pro<\/strong>:\u00a0La facilit\u00e0 di questo software non ha eguali. Sebbene l&#8217;azienda sia ECCELLENTE nell&#8217;offrire corsi di formazione e istruzione, non \u00e8 quasi necessario per quanto sia facile da usare il sistema.<\/p>\n<p class=\"font-weight-bold mb-2\"><strong>Contro<\/strong>:\u00a0Non sono ancora sicuro di aver trovato un Contro. Finora tutte le funzionalit\u00e0 hanno funzionato in sintonia con le nostre esigenze.<\/p>\n<p class=\"font-weight-bold mb-2\"><strong>Kristin G.&#8221;Aiuta a semplificare i nostri sforzi di marketing&#8221;<\/strong><\/p>\n<p><span class=\"font-weight-bold\"><strong>Commenti<\/strong>: <\/span>Siamo molto contenti di 800response e non esiteremmo a consigliarli ad altre aziende.<\/p>\n<p class=\"font-weight-bold mb-2\"><strong>Pro<\/strong>:\u00a0La cosa migliore di 800 risposte \u00e8 di gran lunga la segnalazione. L&#8217;implementazione di questo software ci ha permesso di prendere decisioni chiare e concise su dove spendere i nostri dollari di marketing.<\/p>\n<p class=\"font-weight-bold mb-2\"><strong>Contro<\/strong>:\u00a0Se potessi aggiungere una cosa, sarebbe una dashboard in tempo reale che potrebbe dirmi non solo da quale numero proviene un lead, ma anche da dove stanno chiamando (codice postale)<\/p>\n","protected":false},"excerpt":{"rendered":"<p>800response \u00e8 una soluzione basata su cloud progettata per aiutare le aziende a semplificare i processi relativi alla generazione di lead, al monitoraggio delle chiamate, all&#8217;acquisizione dei dati dei clienti, alla gestione delle campagne di marketing e altro ancora. La soluzione offre numeri di tracciamento locali e gratuiti, che consentono alle organizzazioni di monitorare e analizzare le chiamate in arrivo per migliorare le interazioni e il targeting dei clienti.\u00a0<\/p>\n","protected":false},"author":16,"featured_media":51624,"parent":50903,"menu_order":0,"comment_status":"open","ping_status":"closed","template":"g1_template_page_review_new.php","meta":{"_acf_changed":false,"cwp_meta_box_check":"No","cwp_rev_product_name":"","cwp_rev_product_image":"","wppr_links":[],"cwp_rev_price":"","wppr_options":[],"wppr_pros":[],"wppr_cons":[],"_monsterinsights_skip_tracking":false,"_monsterinsights_sitenote_active":false,"_monsterinsights_sitenote_note":"","_monsterinsights_sitenote_category":0,"footnotes":""},"categories":[11631],"tags":[11708,11636,11650,11637,11634,11635],"features":[],"class_list":{"0":"post-51623","1":"page","2":"type-page","3":"status-publish","4":"has-post-thumbnail","6":"category-programma-per-registrare-chiamate-categoria","7":"tag-800response","8":"tag-piattaforma-per-registrare-le-chiamate","9":"tag-programma-per-registrare-le-chiamate","10":"tag-registrare-le-chiamate","11":"tag-software-per-registrare-le-chiamate","12":"tag-soluzione-per-registrare-le-chiamate"},"wppr_data":{"cwp_meta_box_check":"No"},"acf":[],"yoast_head":"<!-- This site is optimized with the Yoast SEO plugin v27.4 - https:\/\/yoast.com\/product\/yoast-seo-wordpress\/ -->\n<title>800response: recensione software registrazione delle chiamate<\/title>\n<meta name=\"description\" content=\"800response: recensione soluzione basata su cloud progettata per aiutare le aziende a semplificare i processi relativi alla generazione di lead.\" \/>\n<meta name=\"robots\" content=\"index, follow, max-snippet:-1, max-image-preview:large, max-video-preview:-1\" \/>\n<link rel=\"canonical\" href=\"https:\/\/www.accuratereviews.com\/it\/programmi-per-registrare-chiamate\/800response-recensione\/\" \/>\n<meta property=\"og:locale\" content=\"it_IT\" \/>\n<meta property=\"og:type\" content=\"article\" \/>\n<meta property=\"og:title\" content=\"800response: recensione software registrazione delle chiamate\" \/>\n<meta property=\"og:description\" content=\"800response: recensione soluzione basata su cloud progettata per aiutare le aziende a semplificare i processi relativi alla generazione di lead.\" \/>\n<meta property=\"og:url\" content=\"https:\/\/www.accuratereviews.com\/it\/programmi-per-registrare-chiamate\/800response-recensione\/\" \/>\n<meta property=\"og:site_name\" content=\"Accurate Reviews\" \/>\n<meta property=\"og:image\" content=\"https:\/\/www.accuratereviews.com\/wp-content\/uploads\/2021\/12\/800response-squarelogo-1494358712481.png\" \/>\n\t<meta property=\"og:image:width\" content=\"200\" \/>\n\t<meta property=\"og:image:height\" content=\"200\" \/>\n\t<meta property=\"og:image:type\" content=\"image\/png\" \/>\n<meta name=\"twitter:card\" content=\"summary_large_image\" \/>\n<meta name=\"twitter:label1\" content=\"Tempo di lettura stimato\" \/>\n\t<meta name=\"twitter:data1\" content=\"5 minuti\" \/>\n<script type=\"application\/ld+json\" class=\"yoast-schema-graph\">{\"@context\":\"https:\\\/\\\/schema.org\",\"@graph\":[{\"@type\":\"WebPage\",\"@id\":\"https:\\\/\\\/www.accuratereviews.com\\\/it\\\/programmi-per-registrare-chiamate\\\/800response-recensione\\\/\",\"url\":\"https:\\\/\\\/www.accuratereviews.com\\\/it\\\/programmi-per-registrare-chiamate\\\/800response-recensione\\\/\",\"name\":\"800response: recensione software registrazione delle chiamate\",\"isPartOf\":{\"@id\":\"https:\\\/\\\/www.accuratereviews.com\\\/it\\\/#website\"},\"primaryImageOfPage\":{\"@id\":\"https:\\\/\\\/www.accuratereviews.com\\\/it\\\/programmi-per-registrare-chiamate\\\/800response-recensione\\\/#primaryimage\"},\"image\":{\"@id\":\"https:\\\/\\\/www.accuratereviews.com\\\/it\\\/programmi-per-registrare-chiamate\\\/800response-recensione\\\/#primaryimage\"},\"thumbnailUrl\":\"https:\\\/\\\/www.accuratereviews.com\\\/wp-content\\\/uploads\\\/2021\\\/12\\\/800response-squarelogo-1494358712481.png\",\"datePublished\":\"2021-12-23T13:00:58+00:00\",\"description\":\"800response: recensione soluzione basata su cloud progettata per aiutare le aziende a semplificare i processi relativi alla generazione di lead.\",\"breadcrumb\":{\"@id\":\"https:\\\/\\\/www.accuratereviews.com\\\/it\\\/programmi-per-registrare-chiamate\\\/800response-recensione\\\/#breadcrumb\"},\"inLanguage\":\"it-IT\",\"potentialAction\":[{\"@type\":\"ReadAction\",\"target\":[\"https:\\\/\\\/www.accuratereviews.com\\\/it\\\/programmi-per-registrare-chiamate\\\/800response-recensione\\\/\"]}]},{\"@type\":\"ImageObject\",\"inLanguage\":\"it-IT\",\"@id\":\"https:\\\/\\\/www.accuratereviews.com\\\/it\\\/programmi-per-registrare-chiamate\\\/800response-recensione\\\/#primaryimage\",\"url\":\"https:\\\/\\\/www.accuratereviews.com\\\/wp-content\\\/uploads\\\/2021\\\/12\\\/800response-squarelogo-1494358712481.png\",\"contentUrl\":\"https:\\\/\\\/www.accuratereviews.com\\\/wp-content\\\/uploads\\\/2021\\\/12\\\/800response-squarelogo-1494358712481.png\",\"width\":200,\"height\":200},{\"@type\":\"BreadcrumbList\",\"@id\":\"https:\\\/\\\/www.accuratereviews.com\\\/it\\\/programmi-per-registrare-chiamate\\\/800response-recensione\\\/#breadcrumb\",\"itemListElement\":[{\"@type\":\"ListItem\",\"position\":1,\"name\":\"Home\",\"item\":\"https:\\\/\\\/www.accuratereviews.com\\\/it\\\/\"},{\"@type\":\"ListItem\",\"position\":2,\"name\":\"Programmi per registrare le chiamate\",\"item\":\"https:\\\/\\\/www.accuratereviews.com\\\/it\\\/programmi-per-registrare-chiamate\\\/\"},{\"@type\":\"ListItem\",\"position\":3,\"name\":\"800response\"}]},{\"@type\":\"WebSite\",\"@id\":\"https:\\\/\\\/www.accuratereviews.com\\\/it\\\/#website\",\"url\":\"https:\\\/\\\/www.accuratereviews.com\\\/it\\\/\",\"name\":\"Accurate Reviews\",\"description\":\"\",\"potentialAction\":[{\"@type\":\"SearchAction\",\"target\":{\"@type\":\"EntryPoint\",\"urlTemplate\":\"https:\\\/\\\/www.accuratereviews.com\\\/it\\\/?s={search_term_string}\"},\"query-input\":{\"@type\":\"PropertyValueSpecification\",\"valueRequired\":true,\"valueName\":\"search_term_string\"}}],\"inLanguage\":\"it-IT\"}]}<\/script>\n<!-- \/ Yoast SEO plugin. -->","yoast_head_json":{"title":"800response: recensione software registrazione delle chiamate","description":"800response: recensione soluzione basata su cloud progettata per aiutare le aziende a semplificare i processi relativi alla generazione di lead.","robots":{"index":"index","follow":"follow","max-snippet":"max-snippet:-1","max-image-preview":"max-image-preview:large","max-video-preview":"max-video-preview:-1"},"canonical":"https:\/\/www.accuratereviews.com\/it\/programmi-per-registrare-chiamate\/800response-recensione\/","og_locale":"it_IT","og_type":"article","og_title":"800response: recensione software registrazione delle chiamate","og_description":"800response: recensione soluzione basata su cloud progettata per aiutare le aziende a semplificare i processi relativi alla generazione di lead.","og_url":"https:\/\/www.accuratereviews.com\/it\/programmi-per-registrare-chiamate\/800response-recensione\/","og_site_name":"Accurate Reviews","og_image":[{"width":200,"height":200,"url":"https:\/\/www.accuratereviews.com\/wp-content\/uploads\/2021\/12\/800response-squarelogo-1494358712481.png","type":"image\/png"}],"twitter_card":"summary_large_image","twitter_misc":{"Tempo di lettura stimato":"5 minuti"},"schema":{"@context":"https:\/\/schema.org","@graph":[{"@type":"WebPage","@id":"https:\/\/www.accuratereviews.com\/it\/programmi-per-registrare-chiamate\/800response-recensione\/","url":"https:\/\/www.accuratereviews.com\/it\/programmi-per-registrare-chiamate\/800response-recensione\/","name":"800response: recensione software registrazione delle chiamate","isPartOf":{"@id":"https:\/\/www.accuratereviews.com\/it\/#website"},"primaryImageOfPage":{"@id":"https:\/\/www.accuratereviews.com\/it\/programmi-per-registrare-chiamate\/800response-recensione\/#primaryimage"},"image":{"@id":"https:\/\/www.accuratereviews.com\/it\/programmi-per-registrare-chiamate\/800response-recensione\/#primaryimage"},"thumbnailUrl":"https:\/\/www.accuratereviews.com\/wp-content\/uploads\/2021\/12\/800response-squarelogo-1494358712481.png","datePublished":"2021-12-23T13:00:58+00:00","description":"800response: recensione soluzione basata su cloud progettata per aiutare le aziende a semplificare i processi relativi alla generazione di lead.","breadcrumb":{"@id":"https:\/\/www.accuratereviews.com\/it\/programmi-per-registrare-chiamate\/800response-recensione\/#breadcrumb"},"inLanguage":"it-IT","potentialAction":[{"@type":"ReadAction","target":["https:\/\/www.accuratereviews.com\/it\/programmi-per-registrare-chiamate\/800response-recensione\/"]}]},{"@type":"ImageObject","inLanguage":"it-IT","@id":"https:\/\/www.accuratereviews.com\/it\/programmi-per-registrare-chiamate\/800response-recensione\/#primaryimage","url":"https:\/\/www.accuratereviews.com\/wp-content\/uploads\/2021\/12\/800response-squarelogo-1494358712481.png","contentUrl":"https:\/\/www.accuratereviews.com\/wp-content\/uploads\/2021\/12\/800response-squarelogo-1494358712481.png","width":200,"height":200},{"@type":"BreadcrumbList","@id":"https:\/\/www.accuratereviews.com\/it\/programmi-per-registrare-chiamate\/800response-recensione\/#breadcrumb","itemListElement":[{"@type":"ListItem","position":1,"name":"Home","item":"https:\/\/www.accuratereviews.com\/it\/"},{"@type":"ListItem","position":2,"name":"Programmi per registrare le chiamate","item":"https:\/\/www.accuratereviews.com\/it\/programmi-per-registrare-chiamate\/"},{"@type":"ListItem","position":3,"name":"800response"}]},{"@type":"WebSite","@id":"https:\/\/www.accuratereviews.com\/it\/#website","url":"https:\/\/www.accuratereviews.com\/it\/","name":"Accurate Reviews","description":"","potentialAction":[{"@type":"SearchAction","target":{"@type":"EntryPoint","urlTemplate":"https:\/\/www.accuratereviews.com\/it\/?s={search_term_string}"},"query-input":{"@type":"PropertyValueSpecification","valueRequired":true,"valueName":"search_term_string"}}],"inLanguage":"it-IT"}]}},"_links":{"self":[{"href":"https:\/\/www.accuratereviews.com\/it\/wp-json\/wp\/v2\/pages\/51623","targetHints":{"allow":["GET"]}}],"collection":[{"href":"https:\/\/www.accuratereviews.com\/it\/wp-json\/wp\/v2\/pages"}],"about":[{"href":"https:\/\/www.accuratereviews.com\/it\/wp-json\/wp\/v2\/types\/page"}],"author":[{"embeddable":true,"href":"https:\/\/www.accuratereviews.com\/it\/wp-json\/wp\/v2\/users\/16"}],"replies":[{"embeddable":true,"href":"https:\/\/www.accuratereviews.com\/it\/wp-json\/wp\/v2\/comments?post=51623"}],"version-history":[{"count":6,"href":"https:\/\/www.accuratereviews.com\/it\/wp-json\/wp\/v2\/pages\/51623\/revisions"}],"predecessor-version":[{"id":51652,"href":"https:\/\/www.accuratereviews.com\/it\/wp-json\/wp\/v2\/pages\/51623\/revisions\/51652"}],"up":[{"embeddable":true,"href":"https:\/\/www.accuratereviews.com\/it\/wp-json\/wp\/v2\/pages\/50903"}],"wp:featuredmedia":[{"embeddable":true,"href":"https:\/\/www.accuratereviews.com\/it\/wp-json\/wp\/v2\/media\/51624"}],"wp:attachment":[{"href":"https:\/\/www.accuratereviews.com\/it\/wp-json\/wp\/v2\/media?parent=51623"}],"wp:term":[{"taxonomy":"category","embeddable":true,"href":"https:\/\/www.accuratereviews.com\/it\/wp-json\/wp\/v2\/categories?post=51623"},{"taxonomy":"post_tag","embeddable":true,"href":"https:\/\/www.accuratereviews.com\/it\/wp-json\/wp\/v2\/tags?post=51623"},{"taxonomy":"features","embeddable":true,"href":"https:\/\/www.accuratereviews.com\/it\/wp-json\/wp\/v2\/features?post=51623"}],"curies":[{"name":"wp","href":"https:\/\/api.w.org\/{rel}","templated":true}]}}