{"id":51638,"date":"2021-12-23T14:39:12","date_gmt":"2021-12-23T14:39:12","guid":{"rendered":"https:\/\/www.accuratereviews.com\/?page_id=51638"},"modified":"2021-12-23T14:39:12","modified_gmt":"2021-12-23T14:39:12","slug":"monster-voip-recensione","status":"publish","type":"page","link":"https:\/\/www.accuratereviews.com\/it\/programmi-per-registrare-chiamate\/monster-voip-recensione\/","title":{"rendered":"Monster VoIP"},"content":{"rendered":"<p class=\"h5 font-weight-bold mb-2\"><strong>Monster VoIP<\/strong> \u00e8 un <strong>sistema telefonico<\/strong> che aiuta le aziende a risparmiare denaro offrendo un receptionist virtuale in grado di prendere e dirigere le chiamate per la tua attivit\u00e0. Si rivolge principalmente a piccole imprese ai loro team per migliorare la comunicazione, garantendo sms e mms completi, messaggi istantanei di squadra, video riunioni e pi\u00f9 di 20\u00a0integrazioni CRM.<br \/>\nSi tratta di un&#8217;applicazione per registrazione le chiamate disponibile sia in versione desktop per Mac, Windows e Linux che mobile per iPhone e Android. Scegliendo <strong>Monster VoIP<\/strong> potrai migliorare l&#8217;esperienza utente offrendo una buona assistenza clienti personalizzando anche i saluti telefonici.<\/p>\n<h2>MONSTER VOIP &#8211; TUTORIAL<\/h2>\n<div id=\"fluid-wrapper-counter-1\" class=\"g1-fluid-wrapper \" style=\"width:686px;\">\n<div style=\"padding-bottom:56.268221574344%;\"><iframe loading=\"lazy\" title=\"Monster VoIP Click2Call\" width=\"686\" height=\"386\" src=\"https:\/\/www.youtube.com\/embed\/EO686G0B61g?feature=oembed&amp;wmode=transparent&amp;autohide=1&amp;autoplay=0&amp;disablekb=0&amp;fs=1&amp;loop=0&amp;enablejsapi=1&amp;rel=0&amp;controls=2&amp;showinfo=0&amp;wmode=transparent&amp;autohide=2&amp;autoplay=0&amp;disablekb=0&amp;fs=1&amp;loop=0&amp;enablejsapi=1&amp;rel=0&amp;controls=2&amp;showinfo=1\" frameborder=\"0\" allow=\"accelerometer; autoplay; clipboard-write; encrypted-media; gyroscope; picture-in-picture\" allowfullscreen><\/iframe><\/div>\n<\/div>\n<h3>MONSTER VOIP &#8211; CARATTERISTICHE<\/h3>\n<ul>\n<li><strong>Assistente automatico<\/strong>: un sistema avanzato di gestione delle chiamate aziendali si ottiene attraverso un centralinista digitale. Un assistente automatico \u00e8 un servizio di risposta telefonica automatizzato: come un operatore dal vivo o un receptionist, gli assistenti automatici possono rispondere alle chiamate<\/li>\n<li><strong>Chiamate in attesa<\/strong>: le liste di chiamata sono chiamate che vengono automaticamente messe in attesa mentre gli operatori sono occupati a gestire altre chiamate. \u00c8 una strategia di gestione delle chiamate su come migliorare il servizio di supporto del call center<\/li>\n<li><strong>Sistema di richiamata<\/strong>: l&#8217;opzione di richiamata del servizio clienti permette ai chiamanti di riagganciare ma di mantenere il loro posto nella coda.<\/li>\n<li><strong>Musica in attesa<\/strong>: offre l&#8217;aggiunta di musica in attesa quando si mette un chiamante in attesa<\/li>\n<li><strong>Registrazione delle chiamate<\/strong>: il sistema facilita il salvataggio e la localizzazione di ogni chiamata registrata, ordinando le registrazioni in base alla data, alla lunghezza, all&#8217;ID del chiamante, agli interni, ecc.<\/li>\n<li><strong>eFax<\/strong>: il sistema fax permette di gestire i fax internet in entrata e in uscita con pochi clic<\/li>\n<li><strong>Clicca per chiamare<\/strong>: i tuoi clienti possono comodamente raggiungerti una volta aggiunta questa funzione sul tuo sito o app. Cliccando il pulsante di chiamata, gli utenti saranno collegati direttamente con un rappresentante del cliente che si occuper\u00e0 delle loro richieste<\/li>\n<li><strong>Comunicazioni unificate (UC)<\/strong>: il sistema \u00e8 progettato per integrare gli strumenti di comunicazione aziendale in una piattaforma specifica. Con un sistema integrato, \u00e8 possibile ottimizzare applicazioni e strumenti come e-mail, conferenze web, condivisione del desktop, messaggistica istantanea e altro in un unico sistema.<\/li>\n<\/ul>\n<h4>LE RECENSIONI DEGLI UTENTI<\/h4>\n<p><strong>Dash M. &#8220;Miglior sistema telefonico&#8221;<\/strong><br \/>\nCOMMENTI: ottimo servizio e grande supporto quando necessario.<br \/>\nPRO: l&#8217;integrazione con Salesforce rende le cose pi\u00f9 efficienti per me con il clic2call e la registrazione delle chiamate.<br \/>\nCONTRO: vorrei che avessero la trascrizione delle chiamate per registrare le note nel mio crm.<\/p>\n<p><strong>Sandra D. &#8220;Buon servizio clienti&#8221;<\/strong><br \/>\nCOMMENTI: siamo soddisfatti del servizio, anche se a volte non funziona, hanno un buon supporto tecnico<br \/>\nPRO: il sistema \u00e8 facile da usare, le funzioni sono veloci<br \/>\nCONTRO: a volte la connessione non funziona e non possiamo inviare fax<\/p>\n<p><strong>Roger J. &#8220;Sistemi telefonici per aziende&#8221;<\/strong><br \/>\nCOMMENTI: \u00e8 stato eccezionale! Sono una societ\u00e0 molto lungimirante della California. Il supporto \u00e8 solo una chiamata o e-mail di distanza e la maggior parte delle volte hanno assegnato lo stesso rappresentante di supporto che semplifica il processo.<br \/>\nPRO: da un punto di vista amministrativo, \u00e8 facile da usare, interfaccia utente intuitiva&#8230; facile aggiornare gli interni telefonici quando i dipendenti vanno e vengono, cos\u00ec come altre caratteristiche come password, messaggi vocali, ecc.<br \/>\nCONTRO: niente in realt\u00e0, avrei voluto scoprire questa soluzione prima. Stavo pagando il 32% in pi\u00f9 con la met\u00e0 delle caratteristiche (8&#215;8).<\/p>\n","protected":false},"excerpt":{"rendered":"<p>Monster VoIP \u00e8 un sistema telefonico che aiuta le aziende a risparmiare denaro offrendo un receptionist virtuale in grado di prendere e dirigere le chiamate per la tua attivit\u00e0. Si rivolge principalmente a piccole imprese ai loro team per migliorare la comunicazione, garantendo sms e mms completi, messaggi istantanei di squadra, video riunioni e pi\u00f9 di 20\u00a0integrazioni CRM. \u00a0<\/p>\n","protected":false},"author":17,"featured_media":51655,"parent":50903,"menu_order":0,"comment_status":"open","ping_status":"closed","template":"g1_template_page_review_new.php","meta":{"_acf_changed":false,"cwp_meta_box_check":"No","cwp_rev_product_name":"","cwp_rev_product_image":"","wppr_links":[],"cwp_rev_price":"","wppr_options":[],"wppr_pros":[],"wppr_cons":[],"_monsterinsights_skip_tracking":false,"_monsterinsights_sitenote_active":false,"_monsterinsights_sitenote_note":"","_monsterinsights_sitenote_category":0,"footnotes":""},"categories":[11631],"tags":[11638,11636,11650,11637,11634],"features":[],"class_list":{"0":"post-51638","1":"page","2":"type-page","3":"status-publish","4":"has-post-thumbnail","6":"category-programma-per-registrare-chiamate-categoria","7":"tag-chiamate-registrate","8":"tag-piattaforma-per-registrare-le-chiamate","9":"tag-programma-per-registrare-le-chiamate","10":"tag-registrare-le-chiamate","11":"tag-software-per-registrare-le-chiamate"},"wppr_data":{"cwp_meta_box_check":"No"},"acf":[],"yoast_head":"<!-- This site is optimized with the Yoast SEO plugin v27.4 - https:\/\/yoast.com\/product\/yoast-seo-wordpress\/ -->\n<title>Monster VoIP: recensione programma registrare chiamate<\/title>\n<meta name=\"description\" content=\"Monster VoIP: recensione del sistema telefonico che aiuta le aziende a risparmiare denaro offrendo un receptionist virtuale.\" \/>\n<meta name=\"robots\" content=\"index, follow, max-snippet:-1, max-image-preview:large, max-video-preview:-1\" \/>\n<link rel=\"canonical\" href=\"https:\/\/www.accuratereviews.com\/it\/programmi-per-registrare-chiamate\/monster-voip-recensione\/\" \/>\n<meta property=\"og:locale\" content=\"it_IT\" \/>\n<meta property=\"og:type\" content=\"article\" \/>\n<meta property=\"og:title\" content=\"Monster VoIP: recensione programma registrare chiamate\" \/>\n<meta property=\"og:description\" content=\"Monster VoIP: recensione del sistema telefonico che aiuta le aziende a risparmiare denaro offrendo un receptionist virtuale.\" \/>\n<meta property=\"og:url\" content=\"https:\/\/www.accuratereviews.com\/it\/programmi-per-registrare-chiamate\/monster-voip-recensione\/\" \/>\n<meta property=\"og:site_name\" content=\"Accurate Reviews\" \/>\n<meta property=\"og:image\" content=\"https:\/\/www.accuratereviews.com\/wp-content\/uploads\/2021\/12\/Monster_VoIP_Logo.jpg\" \/>\n\t<meta property=\"og:image:width\" content=\"1998\" \/>\n\t<meta property=\"og:image:height\" content=\"1047\" \/>\n\t<meta property=\"og:image:type\" content=\"image\/jpeg\" \/>\n<meta name=\"twitter:card\" content=\"summary_large_image\" \/>\n<meta name=\"twitter:label1\" content=\"Tempo di lettura stimato\" \/>\n\t<meta name=\"twitter:data1\" content=\"3 minuti\" \/>\n<script type=\"application\/ld+json\" class=\"yoast-schema-graph\">{\"@context\":\"https:\\\/\\\/schema.org\",\"@graph\":[{\"@type\":\"WebPage\",\"@id\":\"https:\\\/\\\/www.accuratereviews.com\\\/it\\\/programmi-per-registrare-chiamate\\\/monster-voip-recensione\\\/\",\"url\":\"https:\\\/\\\/www.accuratereviews.com\\\/it\\\/programmi-per-registrare-chiamate\\\/monster-voip-recensione\\\/\",\"name\":\"Monster VoIP: recensione programma registrare chiamate\",\"isPartOf\":{\"@id\":\"https:\\\/\\\/www.accuratereviews.com\\\/it\\\/#website\"},\"primaryImageOfPage\":{\"@id\":\"https:\\\/\\\/www.accuratereviews.com\\\/it\\\/programmi-per-registrare-chiamate\\\/monster-voip-recensione\\\/#primaryimage\"},\"image\":{\"@id\":\"https:\\\/\\\/www.accuratereviews.com\\\/it\\\/programmi-per-registrare-chiamate\\\/monster-voip-recensione\\\/#primaryimage\"},\"thumbnailUrl\":\"https:\\\/\\\/www.accuratereviews.com\\\/wp-content\\\/uploads\\\/2021\\\/12\\\/Monster_VoIP_Logo.jpg\",\"datePublished\":\"2021-12-23T14:39:12+00:00\",\"description\":\"Monster VoIP: recensione del sistema telefonico che aiuta le aziende a risparmiare denaro offrendo un receptionist virtuale.\",\"breadcrumb\":{\"@id\":\"https:\\\/\\\/www.accuratereviews.com\\\/it\\\/programmi-per-registrare-chiamate\\\/monster-voip-recensione\\\/#breadcrumb\"},\"inLanguage\":\"it-IT\",\"potentialAction\":[{\"@type\":\"ReadAction\",\"target\":[\"https:\\\/\\\/www.accuratereviews.com\\\/it\\\/programmi-per-registrare-chiamate\\\/monster-voip-recensione\\\/\"]}]},{\"@type\":\"ImageObject\",\"inLanguage\":\"it-IT\",\"@id\":\"https:\\\/\\\/www.accuratereviews.com\\\/it\\\/programmi-per-registrare-chiamate\\\/monster-voip-recensione\\\/#primaryimage\",\"url\":\"https:\\\/\\\/www.accuratereviews.com\\\/wp-content\\\/uploads\\\/2021\\\/12\\\/Monster_VoIP_Logo.jpg\",\"contentUrl\":\"https:\\\/\\\/www.accuratereviews.com\\\/wp-content\\\/uploads\\\/2021\\\/12\\\/Monster_VoIP_Logo.jpg\",\"width\":1998,\"height\":1047,\"caption\":\"Your Next Generations Business Phone System\"},{\"@type\":\"BreadcrumbList\",\"@id\":\"https:\\\/\\\/www.accuratereviews.com\\\/it\\\/programmi-per-registrare-chiamate\\\/monster-voip-recensione\\\/#breadcrumb\",\"itemListElement\":[{\"@type\":\"ListItem\",\"position\":1,\"name\":\"Home\",\"item\":\"https:\\\/\\\/www.accuratereviews.com\\\/it\\\/\"},{\"@type\":\"ListItem\",\"position\":2,\"name\":\"Programmi per registrare le chiamate\",\"item\":\"https:\\\/\\\/www.accuratereviews.com\\\/it\\\/programmi-per-registrare-chiamate\\\/\"},{\"@type\":\"ListItem\",\"position\":3,\"name\":\"Monster VoIP\"}]},{\"@type\":\"WebSite\",\"@id\":\"https:\\\/\\\/www.accuratereviews.com\\\/it\\\/#website\",\"url\":\"https:\\\/\\\/www.accuratereviews.com\\\/it\\\/\",\"name\":\"Accurate Reviews\",\"description\":\"\",\"potentialAction\":[{\"@type\":\"SearchAction\",\"target\":{\"@type\":\"EntryPoint\",\"urlTemplate\":\"https:\\\/\\\/www.accuratereviews.com\\\/it\\\/?s={search_term_string}\"},\"query-input\":{\"@type\":\"PropertyValueSpecification\",\"valueRequired\":true,\"valueName\":\"search_term_string\"}}],\"inLanguage\":\"it-IT\"}]}<\/script>\n<!-- \/ Yoast SEO plugin. -->","yoast_head_json":{"title":"Monster VoIP: recensione programma registrare chiamate","description":"Monster VoIP: recensione del sistema telefonico che aiuta le aziende a risparmiare denaro offrendo un receptionist virtuale.","robots":{"index":"index","follow":"follow","max-snippet":"max-snippet:-1","max-image-preview":"max-image-preview:large","max-video-preview":"max-video-preview:-1"},"canonical":"https:\/\/www.accuratereviews.com\/it\/programmi-per-registrare-chiamate\/monster-voip-recensione\/","og_locale":"it_IT","og_type":"article","og_title":"Monster VoIP: recensione programma registrare chiamate","og_description":"Monster VoIP: recensione del sistema telefonico che aiuta le aziende a risparmiare denaro offrendo un receptionist virtuale.","og_url":"https:\/\/www.accuratereviews.com\/it\/programmi-per-registrare-chiamate\/monster-voip-recensione\/","og_site_name":"Accurate Reviews","og_image":[{"width":1998,"height":1047,"url":"https:\/\/www.accuratereviews.com\/wp-content\/uploads\/2021\/12\/Monster_VoIP_Logo.jpg","type":"image\/jpeg"}],"twitter_card":"summary_large_image","twitter_misc":{"Tempo di lettura stimato":"3 minuti"},"schema":{"@context":"https:\/\/schema.org","@graph":[{"@type":"WebPage","@id":"https:\/\/www.accuratereviews.com\/it\/programmi-per-registrare-chiamate\/monster-voip-recensione\/","url":"https:\/\/www.accuratereviews.com\/it\/programmi-per-registrare-chiamate\/monster-voip-recensione\/","name":"Monster VoIP: recensione programma registrare chiamate","isPartOf":{"@id":"https:\/\/www.accuratereviews.com\/it\/#website"},"primaryImageOfPage":{"@id":"https:\/\/www.accuratereviews.com\/it\/programmi-per-registrare-chiamate\/monster-voip-recensione\/#primaryimage"},"image":{"@id":"https:\/\/www.accuratereviews.com\/it\/programmi-per-registrare-chiamate\/monster-voip-recensione\/#primaryimage"},"thumbnailUrl":"https:\/\/www.accuratereviews.com\/wp-content\/uploads\/2021\/12\/Monster_VoIP_Logo.jpg","datePublished":"2021-12-23T14:39:12+00:00","description":"Monster VoIP: recensione del sistema telefonico che aiuta le aziende a risparmiare denaro offrendo un receptionist virtuale.","breadcrumb":{"@id":"https:\/\/www.accuratereviews.com\/it\/programmi-per-registrare-chiamate\/monster-voip-recensione\/#breadcrumb"},"inLanguage":"it-IT","potentialAction":[{"@type":"ReadAction","target":["https:\/\/www.accuratereviews.com\/it\/programmi-per-registrare-chiamate\/monster-voip-recensione\/"]}]},{"@type":"ImageObject","inLanguage":"it-IT","@id":"https:\/\/www.accuratereviews.com\/it\/programmi-per-registrare-chiamate\/monster-voip-recensione\/#primaryimage","url":"https:\/\/www.accuratereviews.com\/wp-content\/uploads\/2021\/12\/Monster_VoIP_Logo.jpg","contentUrl":"https:\/\/www.accuratereviews.com\/wp-content\/uploads\/2021\/12\/Monster_VoIP_Logo.jpg","width":1998,"height":1047,"caption":"Your Next Generations Business Phone System"},{"@type":"BreadcrumbList","@id":"https:\/\/www.accuratereviews.com\/it\/programmi-per-registrare-chiamate\/monster-voip-recensione\/#breadcrumb","itemListElement":[{"@type":"ListItem","position":1,"name":"Home","item":"https:\/\/www.accuratereviews.com\/it\/"},{"@type":"ListItem","position":2,"name":"Programmi per registrare le chiamate","item":"https:\/\/www.accuratereviews.com\/it\/programmi-per-registrare-chiamate\/"},{"@type":"ListItem","position":3,"name":"Monster VoIP"}]},{"@type":"WebSite","@id":"https:\/\/www.accuratereviews.com\/it\/#website","url":"https:\/\/www.accuratereviews.com\/it\/","name":"Accurate Reviews","description":"","potentialAction":[{"@type":"SearchAction","target":{"@type":"EntryPoint","urlTemplate":"https:\/\/www.accuratereviews.com\/it\/?s={search_term_string}"},"query-input":{"@type":"PropertyValueSpecification","valueRequired":true,"valueName":"search_term_string"}}],"inLanguage":"it-IT"}]}},"_links":{"self":[{"href":"https:\/\/www.accuratereviews.com\/it\/wp-json\/wp\/v2\/pages\/51638","targetHints":{"allow":["GET"]}}],"collection":[{"href":"https:\/\/www.accuratereviews.com\/it\/wp-json\/wp\/v2\/pages"}],"about":[{"href":"https:\/\/www.accuratereviews.com\/it\/wp-json\/wp\/v2\/types\/page"}],"author":[{"embeddable":true,"href":"https:\/\/www.accuratereviews.com\/it\/wp-json\/wp\/v2\/users\/17"}],"replies":[{"embeddable":true,"href":"https:\/\/www.accuratereviews.com\/it\/wp-json\/wp\/v2\/comments?post=51638"}],"version-history":[{"count":7,"href":"https:\/\/www.accuratereviews.com\/it\/wp-json\/wp\/v2\/pages\/51638\/revisions"}],"predecessor-version":[{"id":51668,"href":"https:\/\/www.accuratereviews.com\/it\/wp-json\/wp\/v2\/pages\/51638\/revisions\/51668"}],"up":[{"embeddable":true,"href":"https:\/\/www.accuratereviews.com\/it\/wp-json\/wp\/v2\/pages\/50903"}],"wp:featuredmedia":[{"embeddable":true,"href":"https:\/\/www.accuratereviews.com\/it\/wp-json\/wp\/v2\/media\/51655"}],"wp:attachment":[{"href":"https:\/\/www.accuratereviews.com\/it\/wp-json\/wp\/v2\/media?parent=51638"}],"wp:term":[{"taxonomy":"category","embeddable":true,"href":"https:\/\/www.accuratereviews.com\/it\/wp-json\/wp\/v2\/categories?post=51638"},{"taxonomy":"post_tag","embeddable":true,"href":"https:\/\/www.accuratereviews.com\/it\/wp-json\/wp\/v2\/tags?post=51638"},{"taxonomy":"features","embeddable":true,"href":"https:\/\/www.accuratereviews.com\/it\/wp-json\/wp\/v2\/features?post=51638"}],"curies":[{"name":"wp","href":"https:\/\/api.w.org\/{rel}","templated":true}]}}