{"id":51706,"date":"2021-12-27T14:25:54","date_gmt":"2021-12-27T14:25:54","guid":{"rendered":"https:\/\/www.accuratereviews.com\/?page_id=51706"},"modified":"2021-12-28T11:46:58","modified_gmt":"2021-12-28T11:46:58","slug":"11sight-recensione","status":"publish","type":"page","link":"https:\/\/www.accuratereviews.com\/it\/programmi-per-registrare-chiamate\/11sight-recensione\/","title":{"rendered":"11Sight"},"content":{"rendered":"<p><strong>11Sight<\/strong> \u00e8 una <strong>piattaforma di coinvolgimento dei clienti<\/strong> che offre un sistema di comunicazione pi\u00f9 rapido ed efficace, riducendo la distanza tra i clienti e le aziende. Permette infatti di fare chiamate sia audio che video con un solo clic da qualsiasi browser internet o dispositivo mobile convertendo 3 volte di pi\u00f9 i potenziali clienti e aumentando, di conseguenza, le vendite.<br \/>\nConn <strong>11Sight<\/strong> potrai <strong>registrare le chiamate<\/strong> e tracciare le fonti dei lead,\u00a0il numero di chiamate ricevute, il livello di coinvolgimento e integrarlo con i tuoi CRM preferiti. Puoi connetterti da qualsiasi luogo creando un\u00a0link e-line personale e criptato senza registrazione o download di file.<\/p>\n<h2>11SIGHT &#8211; TUTORIAL<\/h2>\n<div id=\"fluid-wrapper-counter-1\" class=\"g1-fluid-wrapper \" style=\"width:686px;\">\n<div style=\"padding-bottom:56.268221574344%;\"><iframe loading=\"lazy\" title=\"11Sight Tutorial - Test the system by calling yourself\" width=\"686\" height=\"386\" src=\"https:\/\/www.youtube.com\/embed\/x9N5kPObf2U?list=PLUa0pBKcy3h_bmPK18PzOP_crvUI_cP_8\" frameborder=\"0\" allow=\"accelerometer; autoplay; clipboard-write; encrypted-media; gyroscope; picture-in-picture\" allowfullscreen><\/iframe><\/div>\n<\/div>\n<h3>11SIGHT &#8211; CARATTERISTICHE<\/h3>\n<ul>\n<li><strong>Monitoraggio delle chiamate<\/strong>: crea collegamenti personalizzati e traccia quali canali o campagne sono pi\u00f9 efficienti e convertono di pi\u00f9<\/li>\n<li><strong>Suoneria multi-linea<\/strong>: la suoneria simultanea permette a pi\u00f9 telefoni di suonare allo stesso tempo quando arriva una chiamata. Una volta che si risponde alla chiamata, la suoneria si ferma sulle altre linee e l&#8217;informazione viene registrata nel sistema<\/li>\n<li><strong>Trasferimento di chiamata<\/strong>: inoltra facilmente la chiamata a un altro utente con un solo clic. Seleziona da un elenco o cerca l&#8217;utente<\/li>\n<li><strong>Chiamata a 3<\/strong>: aggiungi facilmente un utente alla tua chiamata esistente con un clic. Basta selezionare da una directory e fare clic su join<\/li>\n<li><strong>Registrazione delle chiamate<\/strong>: registra ogni chiamata, condividi il link della registrazione della chiamata e rivedi la riunione quando vuoi<\/li>\n<li><strong>Modulo lead<\/strong>: abilita i moduli lead prima di ogni chiamata per catturare le informazioni del chiamante e sincronizzarle con qualsiasi sistema CRM.<\/li>\n<\/ul>\n<h4>LE RECENSIONI DEGLI UTENTI<\/h4>\n<p><strong>Deni S. &#8220;11 Sight&#8221;<\/strong><br \/>\nCOMMENTI: probabilmente sar\u00e0 grande in futuro, spero che il fondatore migliori il prodotto per essere pi\u00f9 maturo<br \/>\nPRO: facile da usare, non c&#8217;\u00e8 bisogno di installare alcun software<br \/>\nCONTRO: la registrazione \u00e8 a pagamento e non ci sono molte opzioni livestream<\/p>\n<p><strong>Shade O. &#8220;Semplice ed efficace&#8221;<\/strong><br \/>\nCOMMENTI: \u00e8 davvero utile con quei clienti che non sono esperti di tecnologia! Questo abbatte davvero le barriere della tecnologia con i meno tecnici tra noi.<br \/>\nPRO: mi piace il fatto che i vostri utenti possono raggiungervi facilmente senza alcuna difficolt\u00e0 sul vostro mezzo predefinito, che sia video, voce o testo! Con una certa complessit\u00e0 che circonda altri strumenti ben noti, avere qualcosa di semplice ma efficace \u00e8 una boccata d&#8217;aria fresca molto necessaria!<br \/>\nCONTRO: l&#8217;UI nella dashboard potrebbe essere resa un po&#8217; pi\u00f9 moderna. Non \u00e8 un deal-breaker, ma sarebbe bello averla migliorata.<\/p>\n<p><strong>John H. &#8220;Facile da usare, ottima qualit\u00e0 e prezzo&#8221;<\/strong><br \/>\nCOMMENTI: sono un cliente soddisfatto ed \u00e8 stato molto utile per implementare questo nella mia pratica.<br \/>\nPRO: il software \u00e8 facile da usare, con tutte le caratteristiche facilmente accessibili. In pi\u00f9 niente pi\u00f9 abbonamenti mensili. Anche se l&#8217;ho usato con parsimonia, ancora un grande valore.<br \/>\nCONTRO: nessuna lamentela finora.<\/p>\n","protected":false},"excerpt":{"rendered":"<p>11Sight \u00e8 una piattaforma di coinvolgimento dei clienti che offre un sistema di comunicazione pi\u00f9 rapido ed efficace, riducendo la distanza tra i clienti e le aziende. Permette infatti di fare chiamate sia audio che video con un solo clic da qualsiasi browser internet o dispositivo mobile convertendo 3 volte di pi\u00f9 i potenziali clienti e aumentando, di conseguenza, le vendite.\u00a0<\/p>\n","protected":false},"author":17,"featured_media":51713,"parent":50903,"menu_order":0,"comment_status":"open","ping_status":"closed","template":"g1_template_page_review_new.php","meta":{"_acf_changed":false,"cwp_meta_box_check":"No","cwp_rev_product_name":"","cwp_rev_product_image":"","wppr_links":[],"cwp_rev_price":"","wppr_options":[],"wppr_pros":[],"wppr_cons":[],"_monsterinsights_skip_tracking":false,"_monsterinsights_sitenote_active":false,"_monsterinsights_sitenote_note":"","_monsterinsights_sitenote_category":0,"footnotes":""},"categories":[11631],"tags":[11638,11636,11650,11637,11634,11635],"features":[],"class_list":{"0":"post-51706","1":"page","2":"type-page","3":"status-publish","4":"has-post-thumbnail","6":"category-programma-per-registrare-chiamate-categoria","7":"tag-chiamate-registrate","8":"tag-piattaforma-per-registrare-le-chiamate","9":"tag-programma-per-registrare-le-chiamate","10":"tag-registrare-le-chiamate","11":"tag-software-per-registrare-le-chiamate","12":"tag-soluzione-per-registrare-le-chiamate"},"wppr_data":{"cwp_meta_box_check":"No"},"acf":[],"yoast_head":"<!-- This site is optimized with the Yoast SEO plugin v27.4 - https:\/\/yoast.com\/product\/yoast-seo-wordpress\/ -->\n<title>11Sight: recensione piattaforma coinvolgimento - Accurate Reviews<\/title>\n<meta name=\"description\" content=\"11Sight: recensione della piattaforma di coinvolgimento dei clienti che offre un sistema di comunicazione pi\u00f9 rapido ed efficace.\" \/>\n<meta name=\"robots\" content=\"index, follow, max-snippet:-1, max-image-preview:large, max-video-preview:-1\" \/>\n<link rel=\"canonical\" href=\"https:\/\/www.accuratereviews.com\/it\/programmi-per-registrare-chiamate\/11sight-recensione\/\" \/>\n<meta property=\"og:locale\" content=\"it_IT\" \/>\n<meta property=\"og:type\" content=\"article\" \/>\n<meta property=\"og:title\" content=\"11Sight: recensione piattaforma coinvolgimento - Accurate Reviews\" \/>\n<meta property=\"og:description\" content=\"11Sight: recensione della piattaforma di coinvolgimento dei clienti che offre un sistema di comunicazione pi\u00f9 rapido ed efficace.\" \/>\n<meta property=\"og:url\" content=\"https:\/\/www.accuratereviews.com\/it\/programmi-per-registrare-chiamate\/11sight-recensione\/\" \/>\n<meta property=\"og:site_name\" content=\"Accurate Reviews\" \/>\n<meta property=\"article:modified_time\" content=\"2021-12-28T11:46:58+00:00\" \/>\n<meta property=\"og:image\" content=\"https:\/\/www.accuratereviews.com\/wp-content\/uploads\/2021\/12\/Unknown-1.png\" \/>\n\t<meta property=\"og:image:width\" content=\"624\" \/>\n\t<meta property=\"og:image:height\" content=\"200\" \/>\n\t<meta property=\"og:image:type\" content=\"image\/png\" \/>\n<meta name=\"twitter:card\" content=\"summary_large_image\" \/>\n<meta name=\"twitter:label1\" content=\"Tempo di lettura stimato\" \/>\n\t<meta name=\"twitter:data1\" content=\"3 minuti\" \/>\n<script type=\"application\/ld+json\" class=\"yoast-schema-graph\">{\"@context\":\"https:\\\/\\\/schema.org\",\"@graph\":[{\"@type\":\"WebPage\",\"@id\":\"https:\\\/\\\/www.accuratereviews.com\\\/it\\\/programmi-per-registrare-chiamate\\\/11sight-recensione\\\/\",\"url\":\"https:\\\/\\\/www.accuratereviews.com\\\/it\\\/programmi-per-registrare-chiamate\\\/11sight-recensione\\\/\",\"name\":\"11Sight: recensione piattaforma coinvolgimento - Accurate Reviews\",\"isPartOf\":{\"@id\":\"https:\\\/\\\/www.accuratereviews.com\\\/it\\\/#website\"},\"primaryImageOfPage\":{\"@id\":\"https:\\\/\\\/www.accuratereviews.com\\\/it\\\/programmi-per-registrare-chiamate\\\/11sight-recensione\\\/#primaryimage\"},\"image\":{\"@id\":\"https:\\\/\\\/www.accuratereviews.com\\\/it\\\/programmi-per-registrare-chiamate\\\/11sight-recensione\\\/#primaryimage\"},\"thumbnailUrl\":\"https:\\\/\\\/www.accuratereviews.com\\\/wp-content\\\/uploads\\\/2021\\\/12\\\/Unknown-1.png\",\"datePublished\":\"2021-12-27T14:25:54+00:00\",\"dateModified\":\"2021-12-28T11:46:58+00:00\",\"description\":\"11Sight: recensione della piattaforma di coinvolgimento dei clienti che offre un sistema di comunicazione pi\u00f9 rapido ed efficace.\",\"breadcrumb\":{\"@id\":\"https:\\\/\\\/www.accuratereviews.com\\\/it\\\/programmi-per-registrare-chiamate\\\/11sight-recensione\\\/#breadcrumb\"},\"inLanguage\":\"it-IT\",\"potentialAction\":[{\"@type\":\"ReadAction\",\"target\":[\"https:\\\/\\\/www.accuratereviews.com\\\/it\\\/programmi-per-registrare-chiamate\\\/11sight-recensione\\\/\"]}]},{\"@type\":\"ImageObject\",\"inLanguage\":\"it-IT\",\"@id\":\"https:\\\/\\\/www.accuratereviews.com\\\/it\\\/programmi-per-registrare-chiamate\\\/11sight-recensione\\\/#primaryimage\",\"url\":\"https:\\\/\\\/www.accuratereviews.com\\\/wp-content\\\/uploads\\\/2021\\\/12\\\/Unknown-1.png\",\"contentUrl\":\"https:\\\/\\\/www.accuratereviews.com\\\/wp-content\\\/uploads\\\/2021\\\/12\\\/Unknown-1.png\",\"width\":624,\"height\":200},{\"@type\":\"BreadcrumbList\",\"@id\":\"https:\\\/\\\/www.accuratereviews.com\\\/it\\\/programmi-per-registrare-chiamate\\\/11sight-recensione\\\/#breadcrumb\",\"itemListElement\":[{\"@type\":\"ListItem\",\"position\":1,\"name\":\"Home\",\"item\":\"https:\\\/\\\/www.accuratereviews.com\\\/it\\\/\"},{\"@type\":\"ListItem\",\"position\":2,\"name\":\"Programmi per registrare le chiamate\",\"item\":\"https:\\\/\\\/www.accuratereviews.com\\\/it\\\/programmi-per-registrare-chiamate\\\/\"},{\"@type\":\"ListItem\",\"position\":3,\"name\":\"11Sight\"}]},{\"@type\":\"WebSite\",\"@id\":\"https:\\\/\\\/www.accuratereviews.com\\\/it\\\/#website\",\"url\":\"https:\\\/\\\/www.accuratereviews.com\\\/it\\\/\",\"name\":\"Accurate Reviews\",\"description\":\"\",\"potentialAction\":[{\"@type\":\"SearchAction\",\"target\":{\"@type\":\"EntryPoint\",\"urlTemplate\":\"https:\\\/\\\/www.accuratereviews.com\\\/it\\\/?s={search_term_string}\"},\"query-input\":{\"@type\":\"PropertyValueSpecification\",\"valueRequired\":true,\"valueName\":\"search_term_string\"}}],\"inLanguage\":\"it-IT\"}]}<\/script>\n<!-- \/ Yoast SEO plugin. -->","yoast_head_json":{"title":"11Sight: recensione piattaforma coinvolgimento - Accurate Reviews","description":"11Sight: recensione della piattaforma di coinvolgimento dei clienti che offre un sistema di comunicazione pi\u00f9 rapido ed efficace.","robots":{"index":"index","follow":"follow","max-snippet":"max-snippet:-1","max-image-preview":"max-image-preview:large","max-video-preview":"max-video-preview:-1"},"canonical":"https:\/\/www.accuratereviews.com\/it\/programmi-per-registrare-chiamate\/11sight-recensione\/","og_locale":"it_IT","og_type":"article","og_title":"11Sight: recensione piattaforma coinvolgimento - Accurate Reviews","og_description":"11Sight: recensione della piattaforma di coinvolgimento dei clienti che offre un sistema di comunicazione pi\u00f9 rapido ed efficace.","og_url":"https:\/\/www.accuratereviews.com\/it\/programmi-per-registrare-chiamate\/11sight-recensione\/","og_site_name":"Accurate Reviews","article_modified_time":"2021-12-28T11:46:58+00:00","og_image":[{"width":624,"height":200,"url":"https:\/\/www.accuratereviews.com\/wp-content\/uploads\/2021\/12\/Unknown-1.png","type":"image\/png"}],"twitter_card":"summary_large_image","twitter_misc":{"Tempo di lettura stimato":"3 minuti"},"schema":{"@context":"https:\/\/schema.org","@graph":[{"@type":"WebPage","@id":"https:\/\/www.accuratereviews.com\/it\/programmi-per-registrare-chiamate\/11sight-recensione\/","url":"https:\/\/www.accuratereviews.com\/it\/programmi-per-registrare-chiamate\/11sight-recensione\/","name":"11Sight: recensione piattaforma coinvolgimento - Accurate Reviews","isPartOf":{"@id":"https:\/\/www.accuratereviews.com\/it\/#website"},"primaryImageOfPage":{"@id":"https:\/\/www.accuratereviews.com\/it\/programmi-per-registrare-chiamate\/11sight-recensione\/#primaryimage"},"image":{"@id":"https:\/\/www.accuratereviews.com\/it\/programmi-per-registrare-chiamate\/11sight-recensione\/#primaryimage"},"thumbnailUrl":"https:\/\/www.accuratereviews.com\/wp-content\/uploads\/2021\/12\/Unknown-1.png","datePublished":"2021-12-27T14:25:54+00:00","dateModified":"2021-12-28T11:46:58+00:00","description":"11Sight: recensione della piattaforma di coinvolgimento dei clienti che offre un sistema di comunicazione pi\u00f9 rapido ed efficace.","breadcrumb":{"@id":"https:\/\/www.accuratereviews.com\/it\/programmi-per-registrare-chiamate\/11sight-recensione\/#breadcrumb"},"inLanguage":"it-IT","potentialAction":[{"@type":"ReadAction","target":["https:\/\/www.accuratereviews.com\/it\/programmi-per-registrare-chiamate\/11sight-recensione\/"]}]},{"@type":"ImageObject","inLanguage":"it-IT","@id":"https:\/\/www.accuratereviews.com\/it\/programmi-per-registrare-chiamate\/11sight-recensione\/#primaryimage","url":"https:\/\/www.accuratereviews.com\/wp-content\/uploads\/2021\/12\/Unknown-1.png","contentUrl":"https:\/\/www.accuratereviews.com\/wp-content\/uploads\/2021\/12\/Unknown-1.png","width":624,"height":200},{"@type":"BreadcrumbList","@id":"https:\/\/www.accuratereviews.com\/it\/programmi-per-registrare-chiamate\/11sight-recensione\/#breadcrumb","itemListElement":[{"@type":"ListItem","position":1,"name":"Home","item":"https:\/\/www.accuratereviews.com\/it\/"},{"@type":"ListItem","position":2,"name":"Programmi per registrare le chiamate","item":"https:\/\/www.accuratereviews.com\/it\/programmi-per-registrare-chiamate\/"},{"@type":"ListItem","position":3,"name":"11Sight"}]},{"@type":"WebSite","@id":"https:\/\/www.accuratereviews.com\/it\/#website","url":"https:\/\/www.accuratereviews.com\/it\/","name":"Accurate Reviews","description":"","potentialAction":[{"@type":"SearchAction","target":{"@type":"EntryPoint","urlTemplate":"https:\/\/www.accuratereviews.com\/it\/?s={search_term_string}"},"query-input":{"@type":"PropertyValueSpecification","valueRequired":true,"valueName":"search_term_string"}}],"inLanguage":"it-IT"}]}},"_links":{"self":[{"href":"https:\/\/www.accuratereviews.com\/it\/wp-json\/wp\/v2\/pages\/51706","targetHints":{"allow":["GET"]}}],"collection":[{"href":"https:\/\/www.accuratereviews.com\/it\/wp-json\/wp\/v2\/pages"}],"about":[{"href":"https:\/\/www.accuratereviews.com\/it\/wp-json\/wp\/v2\/types\/page"}],"author":[{"embeddable":true,"href":"https:\/\/www.accuratereviews.com\/it\/wp-json\/wp\/v2\/users\/17"}],"replies":[{"embeddable":true,"href":"https:\/\/www.accuratereviews.com\/it\/wp-json\/wp\/v2\/comments?post=51706"}],"version-history":[{"count":4,"href":"https:\/\/www.accuratereviews.com\/it\/wp-json\/wp\/v2\/pages\/51706\/revisions"}],"predecessor-version":[{"id":51784,"href":"https:\/\/www.accuratereviews.com\/it\/wp-json\/wp\/v2\/pages\/51706\/revisions\/51784"}],"up":[{"embeddable":true,"href":"https:\/\/www.accuratereviews.com\/it\/wp-json\/wp\/v2\/pages\/50903"}],"wp:featuredmedia":[{"embeddable":true,"href":"https:\/\/www.accuratereviews.com\/it\/wp-json\/wp\/v2\/media\/51713"}],"wp:attachment":[{"href":"https:\/\/www.accuratereviews.com\/it\/wp-json\/wp\/v2\/media?parent=51706"}],"wp:term":[{"taxonomy":"category","embeddable":true,"href":"https:\/\/www.accuratereviews.com\/it\/wp-json\/wp\/v2\/categories?post=51706"},{"taxonomy":"post_tag","embeddable":true,"href":"https:\/\/www.accuratereviews.com\/it\/wp-json\/wp\/v2\/tags?post=51706"},{"taxonomy":"features","embeddable":true,"href":"https:\/\/www.accuratereviews.com\/it\/wp-json\/wp\/v2\/features?post=51706"}],"curies":[{"name":"wp","href":"https:\/\/api.w.org\/{rel}","templated":true}]}}