{"id":51934,"date":"2022-01-03T15:14:09","date_gmt":"2022-01-03T15:14:09","guid":{"rendered":"https:\/\/www.accuratereviews.com\/?page_id=51934"},"modified":"2022-01-03T15:14:09","modified_gmt":"2022-01-03T15:14:09","slug":"idloom-events-recensione","status":"publish","type":"page","link":"https:\/\/www.accuratereviews.com\/it\/software-gestire-registrazioni-eventi\/idloom-events-recensione\/","title":{"rendered":"Idloom-events"},"content":{"rendered":"<p><strong>Idloom-events<\/strong> \u00e8 un <strong>software per gestire le registrazioni agli eventi<\/strong> che ti permette di creare un sito web ad hoc dell&#8217;evento con descrizione e check-in finale. Supporta i partecipanti dall&#8217;inizio alla fine rendendo il processo di registrazione semplice e veloce ed \u00e8 accessibile davvero a chiunque. In questo modo potrai <strong>creare un evento di successo<\/strong> con un programma di prenotazione ben strutturato, un sistema di badge e offrendo diverse modalit\u00e0 di pagamento.<br \/>\n<strong>Idloom-events<\/strong> ti consente di integrare la lista degli ospiti del tuo evento direttamente al tuo CRM preferito e non solo. Potrai anche inviare email con il tuo software di fiducia o inviare fatture con uno specifico strumento di fatturazione.<\/p>\n<p><a href=\"https:\/\/www.accuratereviews.com\/wp-content\/uploads\/2022\/01\/Event_list.jpg\"><img loading=\"lazy\" decoding=\"async\" class=\"size-full wp-image-51942 aligncenter\" src=\"https:\/\/www.accuratereviews.com\/wp-content\/uploads\/2022\/01\/Event_list.jpg\" alt=\"\" width=\"720\" height=\"416\" srcset=\"https:\/\/www.accuratereviews.com\/wp-content\/uploads\/2022\/01\/Event_list.jpg 720w, https:\/\/www.accuratereviews.com\/wp-content\/uploads\/2022\/01\/Event_list-300x173.jpg 300w, https:\/\/www.accuratereviews.com\/wp-content\/uploads\/2022\/01\/Event_list-216x125.jpg 216w, https:\/\/www.accuratereviews.com\/wp-content\/uploads\/2022\/01\/Event_list-50x29.jpg 50w, https:\/\/www.accuratereviews.com\/wp-content\/uploads\/2022\/01\/Event_list-636x367.jpg 636w, https:\/\/www.accuratereviews.com\/wp-content\/uploads\/2022\/01\/Event_list-320x185.jpg 320w, https:\/\/www.accuratereviews.com\/wp-content\/uploads\/2022\/01\/Event_list-239x138.jpg 239w\" sizes=\"auto, (max-width: 720px) 100vw, 720px\" \/><\/a><\/p>\n<h3>IDLOOM-EVENTS &#8211; CARATTERISTICHE<\/h3>\n<ul>\n<li><strong>Organizza e gestisci senza soluzione di continuit\u00e0 incontri online, webinar, live stream<\/strong>: gli organizzatori collegano i luoghi online alle sessioni dell&#8217;evento &#8211; I partecipanti si registrano agli incontri online e gestiscono i loro programmi, aggiungono ai loro calendari, ecc. Una pagina di check-in dedicata assicura che i tuoi meeting online siano sicuri e accessibili solo ai partecipanti registrati<\/li>\n<li><strong>Un sito web completo per il tuo evento<\/strong>: in pochi clic, i ti permette di creare un sito web personalizzato, interamente dedicato al tuo evento. Grazie a uno strumento di editing dei contenuti integrato con modelli predefiniti, sarai in grado di pubblicare una descrizione completa del tuo evento direttamente sull&#8217;URL del tuo sito web<\/li>\n<li><strong>Visualizzazione integrata della tua lista degli invitati<\/strong>: ti offre una visione in tempo reale della tua lista degli invitati e dello stato della loro iscrizione (stato del pagamento, categoria di iscrizione, ecc.). Questa lista pu\u00f2 essere facilmente esportata nei formati Excel o CSV anche per altri usi<\/li>\n<li><strong>Eventi multilingue<\/strong>: duplica semplicemente il tuo evento in tutte le lingue di cui hai bisogno, fai qualche adattamento se necessario e sei pronto a partire<\/li>\n<li><strong>Una piattaforma unica per tutti i tuoi eventi<\/strong>: ti permette di gestire tutti i tuoi eventi in un unico posto, che siano gratuiti o a pagamento, e si adatta anche alle caratteristiche specifiche di ogni evento<\/li>\n<li><strong>Registrazioni dell&#8217;ultimo minuto<\/strong>: gli ospiti a volte si presentano all&#8217;improvviso, senza registrarsi in anticipo, o portano con s\u00e9 persone che non sono sulla lista degli invitati<\/li>\n<li><strong>Prenotazioni alberghiere<\/strong>: l&#8217;organizzazione di eventi con ospiti internazionali richiede spesso di aiutarli con le opzioni di alloggio. Fornisce ai tuoi ospiti un modulo di prenotazione di camere d&#8217;albergo, in cui possono prenotare il loro alloggio direttamente dal tuo sito web dell&#8217;evento o essere reindirizzati al fornitore di prenotazione di camere d&#8217;albergo di tua scelta<\/li>\n<li><strong>Pagamenti e fatturazione<\/strong>: se fai pagare una quota per il tuo evento, il software ti permette di decidere i mezzi di pagamento messi a disposizione degli ospiti. Puoi scegliere quali opzioni di pagamento sono disponibili come: Carte di credito con Stripe, PayPal, Ogone, Hipay, Bambora, Authorize.Net, CASHNet, Trasferimenti bancari, ecc&#8230;<\/li>\n<li><strong>Messaggi email di conferma<\/strong>: ti permette di inviare automaticamente vari messaggi di conferma ai tuoi ospiti, a seconda del loro livello di partecipazione al tuo evento, delle opzioni speciali che hanno scelto, e anche in base al metodo di pagamento specifico che hanno selezionato. Le email sono completamente modificabili una volta che il tuo evento \u00e8 stato creato.<\/li>\n<li><strong>Check-in rapido<\/strong>: con questo programma, le lunghe file alla sede dell&#8217;evento sono un ricordo del passato grazie al sistema di &#8220;quick check-in&#8221; veloce e fluido. I partecipanti effettuano il check-in in loco tramite il codice QR generato sull&#8217;e-ticket della loro email di conferma<\/li>\n<li><strong>Creazione automatica di badge<\/strong>: con questa soluzione, non dovrai pi\u00f9 perdere tempo e denaro per creare badge. L&#8217;interfaccia permette di creare e stampare automaticamente un badge per un solo partecipante o per l&#8217;intera lista degli invitati.<\/li>\n<\/ul>\n<h4>LE RECENSIONI DEGLI UTENTI<\/h4>\n<p><strong>Richard B. &#8220;Recensione idloom ASA&#8221;<\/strong><br \/>\nCOMMENTI: ha snellito il nostro processo di promozione e registrazione degli eventi.<br \/>\nPRO: il prodotto \u00e8 molto facile da usare, ha un prezzo efficace<br \/>\nCONTRO: funziona tutto bene e per ora non abbiamo riscontrato nulla di negativo<\/p>\n<p><strong>Tine B. &#8220;Molto facile da usare e ottimo servizio clienti!&#8221;<\/strong><br \/>\nCOMMENTI: ora sappiamo chi sta effettivamente partecipando all&#8217;evento. In passato abbiamo lavorato con diversi tipi di registrazione, ma questo combina tutto, in pi\u00f9 funziona con le regole del GDPR. Facile check-in per andare per un migliore follow up.<br \/>\nPRO: il software porta il tuo evento a un livello successivo. Il pacchetto \u00e8 completo ed \u00e8 davvero facile da usare. Anche con la versione gratuita \u00e8 possibile rendere l&#8217;organizzazione di eventi pi\u00f9 facile. \u00c8 fondamentalmente auto-esplicativo e nel dubbio, il servizio clienti \u00e8 eccellente ed estremamente veloce<br \/>\nCONTRO: naturalmente una piattaforma come questa ha un prezzo, anche se ne vale la pena.<\/p>\n<p><strong>Britta T. &#8220;prima esperienza con questo tipo di software per una riunione&#8221;<\/strong><br \/>\nPRO:\u00e8 utile avere un sito web che fornisce informazioni e ottenere dati dai partecipanti con un tale strumento<br \/>\nCONTRO: la versione leggera sembra buona a prima vista, ma non era abbastanza personalizzata per il nostro scopo.<\/p>\n","protected":false},"excerpt":{"rendered":"<p>Idloom-events \u00e8 un software per gestire le registrazioni agli eventi che ti permette di creare un sito web ad hoc dell&#8217;evento con descrizione e check-in finale. Supporta quindi i partecipanti dall&#8217;inizio alla fine rendendo il processo di registrazione semplice e veloce, accessibile davvero a chiunque.<\/p>\n","protected":false},"author":17,"featured_media":51935,"parent":51909,"menu_order":0,"comment_status":"open","ping_status":"closed","template":"g1_template_page_review_new.php","meta":{"_acf_changed":false,"cwp_meta_box_check":"No","cwp_rev_product_name":"","cwp_rev_product_image":"","wppr_links":[],"cwp_rev_price":"","wppr_options":[],"wppr_pros":[],"wppr_cons":[],"_monsterinsights_skip_tracking":false,"_monsterinsights_sitenote_active":false,"_monsterinsights_sitenote_note":"","_monsterinsights_sitenote_category":0,"footnotes":""},"categories":[11738],"tags":[11746,11745,11743,11741,11740,11744],"features":[],"class_list":{"0":"post-51934","1":"page","2":"type-page","3":"status-publish","4":"has-post-thumbnail","6":"category-software-gestire-registrazioni-eventi-categoria","7":"tag-gestire-le-registrazioni-agli-eventi","8":"tag-piattaforma-per-gestire-le-registrazioni-agli-eventi","9":"tag-programma-per-gestire-le-registrazioni-agli-eventi","10":"tag-registrazione-eventi","11":"tag-software-per-gestire-le-registrazioni-agli-eventi","12":"tag-soluzione-per-gestire-le-registrazioni-agli-eventi"},"wppr_data":{"cwp_meta_box_check":"No"},"acf":[],"yoast_head":"<!-- This site is optimized with the Yoast SEO plugin v27.4 - https:\/\/yoast.com\/product\/yoast-seo-wordpress\/ -->\n<title>Idloom-events: software registrazione eventi - Accurate Reviews<\/title>\n<meta name=\"description\" content=\"Idloom-events: recensione del software per gestire le registrazioni agli eventi che ti permette di creare un sito web ad hoc del tuo evento.\" \/>\n<meta name=\"robots\" content=\"index, follow, max-snippet:-1, max-image-preview:large, max-video-preview:-1\" \/>\n<link rel=\"canonical\" href=\"https:\/\/www.accuratereviews.com\/it\/software-gestire-registrazioni-eventi\/idloom-events-recensione\/\" \/>\n<meta property=\"og:locale\" content=\"it_IT\" \/>\n<meta property=\"og:type\" content=\"article\" \/>\n<meta property=\"og:title\" content=\"Idloom-events: software registrazione eventi - Accurate Reviews\" \/>\n<meta property=\"og:description\" content=\"Idloom-events: recensione del software per gestire le registrazioni agli eventi che ti permette di creare un sito web ad hoc del tuo evento.\" \/>\n<meta property=\"og:url\" content=\"https:\/\/www.accuratereviews.com\/it\/software-gestire-registrazioni-eventi\/idloom-events-recensione\/\" \/>\n<meta property=\"og:site_name\" content=\"Accurate Reviews\" \/>\n<meta property=\"og:image\" content=\"https:\/\/www.accuratereviews.com\/wp-content\/uploads\/2022\/01\/logo-idloom-events.png\" \/>\n\t<meta property=\"og:image:width\" content=\"669\" \/>\n\t<meta property=\"og:image:height\" content=\"200\" \/>\n\t<meta property=\"og:image:type\" content=\"image\/png\" \/>\n<meta name=\"twitter:card\" content=\"summary_large_image\" \/>\n<meta name=\"twitter:label1\" content=\"Tempo di lettura stimato\" \/>\n\t<meta name=\"twitter:data1\" content=\"5 minuti\" \/>\n<script type=\"application\/ld+json\" class=\"yoast-schema-graph\">{\"@context\":\"https:\\\/\\\/schema.org\",\"@graph\":[{\"@type\":\"WebPage\",\"@id\":\"https:\\\/\\\/www.accuratereviews.com\\\/it\\\/software-gestire-registrazioni-eventi\\\/idloom-events-recensione\\\/\",\"url\":\"https:\\\/\\\/www.accuratereviews.com\\\/it\\\/software-gestire-registrazioni-eventi\\\/idloom-events-recensione\\\/\",\"name\":\"Idloom-events: software registrazione eventi - Accurate Reviews\",\"isPartOf\":{\"@id\":\"https:\\\/\\\/www.accuratereviews.com\\\/it\\\/#website\"},\"primaryImageOfPage\":{\"@id\":\"https:\\\/\\\/www.accuratereviews.com\\\/it\\\/software-gestire-registrazioni-eventi\\\/idloom-events-recensione\\\/#primaryimage\"},\"image\":{\"@id\":\"https:\\\/\\\/www.accuratereviews.com\\\/it\\\/software-gestire-registrazioni-eventi\\\/idloom-events-recensione\\\/#primaryimage\"},\"thumbnailUrl\":\"https:\\\/\\\/www.accuratereviews.com\\\/wp-content\\\/uploads\\\/2022\\\/01\\\/logo-idloom-events.png\",\"datePublished\":\"2022-01-03T15:14:09+00:00\",\"description\":\"Idloom-events: recensione del software per gestire le registrazioni agli eventi che ti permette di creare un sito web ad hoc del tuo evento.\",\"breadcrumb\":{\"@id\":\"https:\\\/\\\/www.accuratereviews.com\\\/it\\\/software-gestire-registrazioni-eventi\\\/idloom-events-recensione\\\/#breadcrumb\"},\"inLanguage\":\"it-IT\",\"potentialAction\":[{\"@type\":\"ReadAction\",\"target\":[\"https:\\\/\\\/www.accuratereviews.com\\\/it\\\/software-gestire-registrazioni-eventi\\\/idloom-events-recensione\\\/\"]}]},{\"@type\":\"ImageObject\",\"inLanguage\":\"it-IT\",\"@id\":\"https:\\\/\\\/www.accuratereviews.com\\\/it\\\/software-gestire-registrazioni-eventi\\\/idloom-events-recensione\\\/#primaryimage\",\"url\":\"https:\\\/\\\/www.accuratereviews.com\\\/wp-content\\\/uploads\\\/2022\\\/01\\\/logo-idloom-events.png\",\"contentUrl\":\"https:\\\/\\\/www.accuratereviews.com\\\/wp-content\\\/uploads\\\/2022\\\/01\\\/logo-idloom-events.png\",\"width\":669,\"height\":200},{\"@type\":\"BreadcrumbList\",\"@id\":\"https:\\\/\\\/www.accuratereviews.com\\\/it\\\/software-gestire-registrazioni-eventi\\\/idloom-events-recensione\\\/#breadcrumb\",\"itemListElement\":[{\"@type\":\"ListItem\",\"position\":1,\"name\":\"Home\",\"item\":\"https:\\\/\\\/www.accuratereviews.com\\\/it\\\/\"},{\"@type\":\"ListItem\",\"position\":2,\"name\":\"Software per gestire le registrazioni agli eventi\",\"item\":\"https:\\\/\\\/www.accuratereviews.com\\\/it\\\/software-gestire-registrazioni-eventi\\\/\"},{\"@type\":\"ListItem\",\"position\":3,\"name\":\"Idloom-events\"}]},{\"@type\":\"WebSite\",\"@id\":\"https:\\\/\\\/www.accuratereviews.com\\\/it\\\/#website\",\"url\":\"https:\\\/\\\/www.accuratereviews.com\\\/it\\\/\",\"name\":\"Accurate Reviews\",\"description\":\"\",\"potentialAction\":[{\"@type\":\"SearchAction\",\"target\":{\"@type\":\"EntryPoint\",\"urlTemplate\":\"https:\\\/\\\/www.accuratereviews.com\\\/it\\\/?s={search_term_string}\"},\"query-input\":{\"@type\":\"PropertyValueSpecification\",\"valueRequired\":true,\"valueName\":\"search_term_string\"}}],\"inLanguage\":\"it-IT\"}]}<\/script>\n<!-- \/ Yoast SEO plugin. -->","yoast_head_json":{"title":"Idloom-events: software registrazione eventi - Accurate Reviews","description":"Idloom-events: recensione del software per gestire le registrazioni agli eventi che ti permette di creare un sito web ad hoc del tuo evento.","robots":{"index":"index","follow":"follow","max-snippet":"max-snippet:-1","max-image-preview":"max-image-preview:large","max-video-preview":"max-video-preview:-1"},"canonical":"https:\/\/www.accuratereviews.com\/it\/software-gestire-registrazioni-eventi\/idloom-events-recensione\/","og_locale":"it_IT","og_type":"article","og_title":"Idloom-events: software registrazione eventi - Accurate Reviews","og_description":"Idloom-events: recensione del software per gestire le registrazioni agli eventi che ti permette di creare un sito web ad hoc del tuo evento.","og_url":"https:\/\/www.accuratereviews.com\/it\/software-gestire-registrazioni-eventi\/idloom-events-recensione\/","og_site_name":"Accurate Reviews","og_image":[{"width":669,"height":200,"url":"https:\/\/www.accuratereviews.com\/wp-content\/uploads\/2022\/01\/logo-idloom-events.png","type":"image\/png"}],"twitter_card":"summary_large_image","twitter_misc":{"Tempo di lettura stimato":"5 minuti"},"schema":{"@context":"https:\/\/schema.org","@graph":[{"@type":"WebPage","@id":"https:\/\/www.accuratereviews.com\/it\/software-gestire-registrazioni-eventi\/idloom-events-recensione\/","url":"https:\/\/www.accuratereviews.com\/it\/software-gestire-registrazioni-eventi\/idloom-events-recensione\/","name":"Idloom-events: software registrazione eventi - Accurate Reviews","isPartOf":{"@id":"https:\/\/www.accuratereviews.com\/it\/#website"},"primaryImageOfPage":{"@id":"https:\/\/www.accuratereviews.com\/it\/software-gestire-registrazioni-eventi\/idloom-events-recensione\/#primaryimage"},"image":{"@id":"https:\/\/www.accuratereviews.com\/it\/software-gestire-registrazioni-eventi\/idloom-events-recensione\/#primaryimage"},"thumbnailUrl":"https:\/\/www.accuratereviews.com\/wp-content\/uploads\/2022\/01\/logo-idloom-events.png","datePublished":"2022-01-03T15:14:09+00:00","description":"Idloom-events: recensione del software per gestire le registrazioni agli eventi che ti permette di creare un sito web ad hoc del tuo evento.","breadcrumb":{"@id":"https:\/\/www.accuratereviews.com\/it\/software-gestire-registrazioni-eventi\/idloom-events-recensione\/#breadcrumb"},"inLanguage":"it-IT","potentialAction":[{"@type":"ReadAction","target":["https:\/\/www.accuratereviews.com\/it\/software-gestire-registrazioni-eventi\/idloom-events-recensione\/"]}]},{"@type":"ImageObject","inLanguage":"it-IT","@id":"https:\/\/www.accuratereviews.com\/it\/software-gestire-registrazioni-eventi\/idloom-events-recensione\/#primaryimage","url":"https:\/\/www.accuratereviews.com\/wp-content\/uploads\/2022\/01\/logo-idloom-events.png","contentUrl":"https:\/\/www.accuratereviews.com\/wp-content\/uploads\/2022\/01\/logo-idloom-events.png","width":669,"height":200},{"@type":"BreadcrumbList","@id":"https:\/\/www.accuratereviews.com\/it\/software-gestire-registrazioni-eventi\/idloom-events-recensione\/#breadcrumb","itemListElement":[{"@type":"ListItem","position":1,"name":"Home","item":"https:\/\/www.accuratereviews.com\/it\/"},{"@type":"ListItem","position":2,"name":"Software per gestire le registrazioni agli eventi","item":"https:\/\/www.accuratereviews.com\/it\/software-gestire-registrazioni-eventi\/"},{"@type":"ListItem","position":3,"name":"Idloom-events"}]},{"@type":"WebSite","@id":"https:\/\/www.accuratereviews.com\/it\/#website","url":"https:\/\/www.accuratereviews.com\/it\/","name":"Accurate Reviews","description":"","potentialAction":[{"@type":"SearchAction","target":{"@type":"EntryPoint","urlTemplate":"https:\/\/www.accuratereviews.com\/it\/?s={search_term_string}"},"query-input":{"@type":"PropertyValueSpecification","valueRequired":true,"valueName":"search_term_string"}}],"inLanguage":"it-IT"}]}},"_links":{"self":[{"href":"https:\/\/www.accuratereviews.com\/it\/wp-json\/wp\/v2\/pages\/51934","targetHints":{"allow":["GET"]}}],"collection":[{"href":"https:\/\/www.accuratereviews.com\/it\/wp-json\/wp\/v2\/pages"}],"about":[{"href":"https:\/\/www.accuratereviews.com\/it\/wp-json\/wp\/v2\/types\/page"}],"author":[{"embeddable":true,"href":"https:\/\/www.accuratereviews.com\/it\/wp-json\/wp\/v2\/users\/17"}],"replies":[{"embeddable":true,"href":"https:\/\/www.accuratereviews.com\/it\/wp-json\/wp\/v2\/comments?post=51934"}],"version-history":[{"count":8,"href":"https:\/\/www.accuratereviews.com\/it\/wp-json\/wp\/v2\/pages\/51934\/revisions"}],"predecessor-version":[{"id":51996,"href":"https:\/\/www.accuratereviews.com\/it\/wp-json\/wp\/v2\/pages\/51934\/revisions\/51996"}],"up":[{"embeddable":true,"href":"https:\/\/www.accuratereviews.com\/it\/wp-json\/wp\/v2\/pages\/51909"}],"wp:featuredmedia":[{"embeddable":true,"href":"https:\/\/www.accuratereviews.com\/it\/wp-json\/wp\/v2\/media\/51935"}],"wp:attachment":[{"href":"https:\/\/www.accuratereviews.com\/it\/wp-json\/wp\/v2\/media?parent=51934"}],"wp:term":[{"taxonomy":"category","embeddable":true,"href":"https:\/\/www.accuratereviews.com\/it\/wp-json\/wp\/v2\/categories?post=51934"},{"taxonomy":"post_tag","embeddable":true,"href":"https:\/\/www.accuratereviews.com\/it\/wp-json\/wp\/v2\/tags?post=51934"},{"taxonomy":"features","embeddable":true,"href":"https:\/\/www.accuratereviews.com\/it\/wp-json\/wp\/v2\/features?post=51934"}],"curies":[{"name":"wp","href":"https:\/\/api.w.org\/{rel}","templated":true}]}}