{"id":51950,"date":"2022-01-03T15:00:18","date_gmt":"2022-01-03T15:00:18","guid":{"rendered":"https:\/\/www.accuratereviews.com\/?page_id=51950"},"modified":"2022-01-03T15:00:18","modified_gmt":"2022-01-03T15:00:18","slug":"rsvpify-recensione","status":"publish","type":"page","link":"https:\/\/www.accuratereviews.com\/it\/software-gestire-registrazioni-eventi\/rsvpify-recensione\/","title":{"rendered":"RSVPify"},"content":{"rendered":"<p><strong>RSVPify<\/strong> \u00e8 una <strong>soluzione di gestione degli eventi<\/strong> basata su <strong>cloud<\/strong> progettata per aiutare le organizzazioni a gestire inviti, biglietti, elenchi degli invitati, partecipanti e altro ancora. La piattaforma \u00e8 dotata di un generatore di grafici dei posti a sedere, che consente agli utenti di collocare gli invitati in determinati tavoli utilizzando un&#8217;interfaccia drag-and-drop. Include anche una soluzione white label che permette alle aziende di creare moduli personalizzati con immagini, loghi, temi e caratteri personalizzati. La piattaforma offre una serie di funzionalit\u00e0 tra cui gestione dell&#8217;elenco degli ospiti, domande personalizzate, gestione di check-in\/out, scansione di QR code, menu integrati, inviti email e altro ancora. La soluzione permette inoltre agli utenti di creare inviti digitali con messaggi personalizzati, confermare la presenza degli ospiti con follow-up e inviare promemoria automatici degli eventi tramite mail.<\/p>\n<h2>RSVPIFY &#8211; TUTORIAL<\/h2>\n<p>Guarda questa breve panoramica su questa <strong>soluzione di gestione degli eventi<\/strong>:<\/p>\n<div id=\"fluid-wrapper-counter-1\" class=\"g1-fluid-wrapper \" style=\"width:686px;\">\n<div style=\"padding-bottom:56.268221574344%;\"><iframe loading=\"lazy\" title=\"RSVPify Event Software Overview\" width=\"686\" height=\"386\" src=\"https:\/\/www.youtube.com\/embed\/UuKuU-sKnY4?feature=oembed&amp;wmode=transparent&amp;autohide=1&amp;autoplay=0&amp;disablekb=0&amp;fs=1&amp;loop=0&amp;enablejsapi=1&amp;rel=0&amp;controls=2&amp;showinfo=0&amp;wmode=transparent&amp;autohide=2&amp;autoplay=0&amp;disablekb=0&amp;fs=1&amp;loop=0&amp;enablejsapi=1&amp;rel=0&amp;controls=2&amp;showinfo=1\" frameborder=\"0\" allow=\"accelerometer; autoplay; clipboard-write; encrypted-media; gyroscope; picture-in-picture\" allowfullscreen><\/iframe><\/div>\n<\/div>\n<h3>RSVPIFY &#8211; CARATTERISTICHE<\/h3>\n<ul>\n<li><strong>Registrazione evento<\/strong>: moduli flessibili per gestire le registrazioni agli eventi online. Lascia che i tuoi partecipanti sperimentino un processo di invio senza problemi<\/li>\n<li><strong>Vendi biglietti:<\/strong> utilizzo illimitato facile, veloce e gratuito per la biglietteria online<\/li>\n<li><strong>Eventi virtuali<\/strong>: gestione degli eventi virtuali facile, veloce e personalizzabile dall&#8217;invito al grande giorno<\/li>\n<li><strong>Sito Web dell&#8217;evento<\/strong>: ospita tutti i dettagli del tuo evento in un unico posto. Aggiungi relatori, sponsor, mappe, agende e molto altro ancora. Modi illimitati per personalizzare il sito web del tuo evento<\/li>\n<li><strong>Design e personalizzazione<\/strong>: fai pubblicit\u00e0 al tuo evento e il tuo marchio con una potente personalizzazione dell&#8217;esperienza degli ospiti<\/li>\n<li><strong>Raccolta dati personalizzata<\/strong>: progetta il tuo modulo per raccogliere i dati di cui hai bisogno dai partecipanti<\/li>\n<li><strong>Menu e preferenze dei pasti<\/strong>: Chiedi facilmente a ogni ospite di selezionare un&#8217;opzione di pasto a pi\u00f9 portate e di specificare le allergie alimentari<\/li>\n<li><strong>Inviti via email<\/strong>: crea email totalmente personalizzate per salvare date, inviti, aggiornamenti ed email di promemoria. Crea segmenti di pubblico filtrati<\/li>\n<li><strong>Gestione della lista degli ospiti:<\/strong> tutto ci\u00f2 di cui hai bisogno per gestire la tua lista degli invitati dal primo invito all&#8217;ultima nota di ringraziamento<\/li>\n<li><strong>QR Code<\/strong>: aggiungi un QR code a inviti, volantini o annunci pubblicitari per consentire una facile registrazione degli ospiti<\/li>\n<li><strong>Etichettatura dei contatti<\/strong>: usa tag personalizzati per rimanere organizzato e potenziare esperienze mirate per i tuoi ospiti<\/li>\n<li><strong>Sicurezza per eventi privati:<\/strong> proteggi la tua pagina dell&#8217;evento e la registrazione dell&#8217;evento con la tua scelta di funzionalit\u00e0 di sicurezza. Limita la registrazione dell&#8217;evento ai soli ospiti invitati<\/li>\n<li><strong>Collezione di regali e donazioni<\/strong>: raccogli donazioni e regali senza problemi durante il processo di elaborazione<\/li>\n<li><strong>Creatore di tabelle dei posti a sedere<\/strong>: Utilizza lo strumento grafico dei posti a sedere per eventi drag-and-drop per organizzare facilmente i partecipanti in tavoli o gruppi<\/li>\n<li><strong>Dashboard eventi<\/strong>: visualizza, filtra ed esporta facilmente tutti i tuoi dati di registrazione per ogni evento<\/li>\n<li><strong>Importazioni ed esportazioni di dati<\/strong>: importazioni ed esportazioni di dati senza soluzione di continuit\u00e0 che funzionano con quasi tutti i sistemi o software di terze parti.<\/li>\n<\/ul>\n<h4>LE RECENSIONI DEGLI UTENTI<\/h4>\n<p class=\"font-weight-bold mb-2\"><strong>Timothy T.&#8221;Molto soddisfatto&#8221;<\/strong><\/p>\n<p><span class=\"font-weight-bold\"><strong>Commenti<\/strong>: <\/span>In passato, io e il mio team abbiamo dovuto inseguire i clienti per il pagamento. NON PI\u00d9! RSVPify ci offre la piattaforma per accettare il pagamento contemporaneamente all&#8217;RSVP.<\/p>\n<p class=\"font-weight-bold mb-2\"><strong>Pro<\/strong>:\u00a0Adoro il fatto di poter combinare inviti e pagamenti in un&#8217;unica piattaforma a basso costo e non dover mai raccogliere assegni o contanti. Questo ha davvero cambiato il modo in cui facciamo affari e ci concede pi\u00f9 tempo per lavorare sulle esigenze dei nostri clienti. Di certo non dobbiamo perdere tempo a rincorrere gli acconti e questo \u00e8 un vero toccasana!! Grazie Jade e Team per il fantastico servizio clienti e supporto!<\/p>\n<p class=\"font-weight-bold mb-2\"><strong>Contro<\/strong>:\u00a0Questo software richiede un po&#8217; di apprendimento. A volte, non \u00e8 cos\u00ec intuitivo come vorrei che fosse, ma di solito riesco a capire come realizzare ci\u00f2 che devo fare.<\/p>\n<p class=\"font-weight-bold mb-2\"><strong>Jaime G.&#8221;L&#8217;assistenza clienti rende RSVPify il nostro stand&#8221;<\/strong><\/p>\n<p class=\"font-weight-bold mb-2\"><span class=\"font-weight-bold\"><strong>Commenti<\/strong>: <\/span>Esperienza molto positiva e continuer\u00f2 a utilizzare questo servizio una volta che gli eventi di grandi gruppi saranno di nuovo una cosa.<\/p>\n<p class=\"font-weight-bold mb-2\"><strong>Pro<\/strong>:\u00a0La disponibilit\u00e0 e la tempestivit\u00e0 del servizio clienti di RSVPify \u00e8 impressionante. Il servizio fa tutto ci\u00f2 di cui hai bisogno se stai pianificando un evento.<\/p>\n<p class=\"font-weight-bold mb-2\"><strong>Contro<\/strong>:\u00a0Per disattivare o modificare alcune delle impostazioni predefinite degli eventi, devi cercare la funzione. Alcune delle funzionalit\u00e0 non si trovano in luoghi intuitivi, quindi ho passato un po&#8217; di tempo a navigare nella dashboard cercando di capire tutto.<\/p>\n<p class=\"font-weight-bold mb-2\"><strong>Raewyn M.&#8221;RSVPify funziona&#8221;<\/strong><\/p>\n<p><span class=\"font-weight-bold\"><strong>Commenti<\/strong>: <\/span>RSVPify ha contribuito al successo della mia ultima conferenza<\/p>\n<p class=\"font-weight-bold mb-2\"><strong>Pro<\/strong>:\u00a0Salve, tengo diversi livelli di conferenza 100-400 pax 2-3 volte all&#8217;anno .. RSVPify mi aiuta con tutte le informazioni di cui ho bisogno fino alle esigenze dietetiche .. un foglio di calcolo facile, posti a sedere al tavolo, inserendo le tue domande per la ricerca. Continuo a non utilizzare tutte le applicazioni in quanto ne ho bisogno solo alcune .. RSVPify \u00e8 facile da usare per la ricerca per registrarsi alla conferenza<\/p>\n<p class=\"font-weight-bold mb-2\"><strong>Contro<\/strong>:\u00a0Probabilmente solo il costo .. devo avere un abbonamento annuale anche se lo usi solo un paio di volte all&#8217;anno .. essere buono da pagare per evento ..<\/p>\n","protected":false},"excerpt":{"rendered":"<p>RSVPify \u00e8 una soluzione di gestione degli eventi basata su cloud progettata per aiutare le organizzazioni a gestire inviti, biglietti, elenchi degli invitati, partecipanti e altro ancora. La piattaforma \u00e8 dotata di un generatore di grafici dei posti a sedere, che consente agli utenti di collocare gli invitati in determinati tavoli utilizzando un&#8217;interfaccia drag-and-drop.<\/p>\n","protected":false},"author":16,"featured_media":51952,"parent":51909,"menu_order":0,"comment_status":"open","ping_status":"closed","template":"g1_template_page_review_new.php","meta":{"_acf_changed":false,"cwp_meta_box_check":"No","cwp_rev_product_name":"","cwp_rev_product_image":"","wppr_links":[],"cwp_rev_price":"","wppr_options":[],"wppr_pros":[],"wppr_cons":[],"_monsterinsights_skip_tracking":false,"_monsterinsights_sitenote_active":false,"_monsterinsights_sitenote_note":"","_monsterinsights_sitenote_category":0,"footnotes":""},"categories":[11738],"tags":[11745,11743,11741,11762,11740,11744],"features":[],"class_list":{"0":"post-51950","1":"page","2":"type-page","3":"status-publish","4":"has-post-thumbnail","6":"category-software-gestire-registrazioni-eventi-categoria","7":"tag-piattaforma-per-gestire-le-registrazioni-agli-eventi","8":"tag-programma-per-gestire-le-registrazioni-agli-eventi","9":"tag-registrazione-eventi","10":"tag-rsvpify","11":"tag-software-per-gestire-le-registrazioni-agli-eventi","12":"tag-soluzione-per-gestire-le-registrazioni-agli-eventi"},"wppr_data":{"cwp_meta_box_check":"No"},"acf":[],"yoast_head":"<!-- This site is optimized with the Yoast SEO plugin v27.4 - https:\/\/yoast.com\/product\/yoast-seo-wordpress\/ -->\n<title>RSVPify: recensione software per gestire la registrazioni a eventi<\/title>\n<meta name=\"description\" content=\"RSVPify: recensione soluzione gestione degli eventi basata su cloud progettata per le organizzazioni nella gestione di inviti e altro ancora.\" \/>\n<meta name=\"robots\" content=\"index, follow, max-snippet:-1, max-image-preview:large, max-video-preview:-1\" \/>\n<link rel=\"canonical\" href=\"https:\/\/www.accuratereviews.com\/it\/software-gestire-registrazioni-eventi\/rsvpify-recensione\/\" \/>\n<meta property=\"og:locale\" content=\"it_IT\" \/>\n<meta property=\"og:type\" content=\"article\" \/>\n<meta property=\"og:title\" content=\"RSVPify: recensione software per gestire la registrazioni a eventi\" \/>\n<meta property=\"og:description\" content=\"RSVPify: recensione soluzione gestione degli eventi basata su cloud progettata per le organizzazioni nella gestione di inviti e altro ancora.\" \/>\n<meta property=\"og:url\" content=\"https:\/\/www.accuratereviews.com\/it\/software-gestire-registrazioni-eventi\/rsvpify-recensione\/\" \/>\n<meta property=\"og:site_name\" content=\"Accurate Reviews\" \/>\n<meta property=\"og:image\" content=\"https:\/\/www.accuratereviews.com\/wp-content\/uploads\/2022\/01\/RSVPify.webp\" \/>\n\t<meta property=\"og:image:width\" content=\"270\" \/>\n\t<meta property=\"og:image:height\" content=\"270\" \/>\n\t<meta property=\"og:image:type\" content=\"image\/webp\" \/>\n<meta name=\"twitter:card\" content=\"summary_large_image\" \/>\n<meta name=\"twitter:label1\" content=\"Tempo di lettura stimato\" \/>\n\t<meta name=\"twitter:data1\" content=\"5 minuti\" \/>\n<script type=\"application\/ld+json\" class=\"yoast-schema-graph\">{\"@context\":\"https:\\\/\\\/schema.org\",\"@graph\":[{\"@type\":\"WebPage\",\"@id\":\"https:\\\/\\\/www.accuratereviews.com\\\/it\\\/software-gestire-registrazioni-eventi\\\/rsvpify-recensione\\\/\",\"url\":\"https:\\\/\\\/www.accuratereviews.com\\\/it\\\/software-gestire-registrazioni-eventi\\\/rsvpify-recensione\\\/\",\"name\":\"RSVPify: recensione software per gestire la registrazioni a eventi\",\"isPartOf\":{\"@id\":\"https:\\\/\\\/www.accuratereviews.com\\\/it\\\/#website\"},\"primaryImageOfPage\":{\"@id\":\"https:\\\/\\\/www.accuratereviews.com\\\/it\\\/software-gestire-registrazioni-eventi\\\/rsvpify-recensione\\\/#primaryimage\"},\"image\":{\"@id\":\"https:\\\/\\\/www.accuratereviews.com\\\/it\\\/software-gestire-registrazioni-eventi\\\/rsvpify-recensione\\\/#primaryimage\"},\"thumbnailUrl\":\"https:\\\/\\\/www.accuratereviews.com\\\/wp-content\\\/uploads\\\/2022\\\/01\\\/RSVPify.webp\",\"datePublished\":\"2022-01-03T15:00:18+00:00\",\"description\":\"RSVPify: recensione soluzione gestione degli eventi basata su cloud progettata per le organizzazioni nella gestione di inviti e altro ancora.\",\"breadcrumb\":{\"@id\":\"https:\\\/\\\/www.accuratereviews.com\\\/it\\\/software-gestire-registrazioni-eventi\\\/rsvpify-recensione\\\/#breadcrumb\"},\"inLanguage\":\"it-IT\",\"potentialAction\":[{\"@type\":\"ReadAction\",\"target\":[\"https:\\\/\\\/www.accuratereviews.com\\\/it\\\/software-gestire-registrazioni-eventi\\\/rsvpify-recensione\\\/\"]}]},{\"@type\":\"ImageObject\",\"inLanguage\":\"it-IT\",\"@id\":\"https:\\\/\\\/www.accuratereviews.com\\\/it\\\/software-gestire-registrazioni-eventi\\\/rsvpify-recensione\\\/#primaryimage\",\"url\":\"https:\\\/\\\/www.accuratereviews.com\\\/wp-content\\\/uploads\\\/2022\\\/01\\\/RSVPify.webp\",\"contentUrl\":\"https:\\\/\\\/www.accuratereviews.com\\\/wp-content\\\/uploads\\\/2022\\\/01\\\/RSVPify.webp\",\"width\":270,\"height\":270},{\"@type\":\"BreadcrumbList\",\"@id\":\"https:\\\/\\\/www.accuratereviews.com\\\/it\\\/software-gestire-registrazioni-eventi\\\/rsvpify-recensione\\\/#breadcrumb\",\"itemListElement\":[{\"@type\":\"ListItem\",\"position\":1,\"name\":\"Home\",\"item\":\"https:\\\/\\\/www.accuratereviews.com\\\/it\\\/\"},{\"@type\":\"ListItem\",\"position\":2,\"name\":\"Software per gestire le registrazioni agli eventi\",\"item\":\"https:\\\/\\\/www.accuratereviews.com\\\/it\\\/software-gestire-registrazioni-eventi\\\/\"},{\"@type\":\"ListItem\",\"position\":3,\"name\":\"RSVPify\"}]},{\"@type\":\"WebSite\",\"@id\":\"https:\\\/\\\/www.accuratereviews.com\\\/it\\\/#website\",\"url\":\"https:\\\/\\\/www.accuratereviews.com\\\/it\\\/\",\"name\":\"Accurate Reviews\",\"description\":\"\",\"potentialAction\":[{\"@type\":\"SearchAction\",\"target\":{\"@type\":\"EntryPoint\",\"urlTemplate\":\"https:\\\/\\\/www.accuratereviews.com\\\/it\\\/?s={search_term_string}\"},\"query-input\":{\"@type\":\"PropertyValueSpecification\",\"valueRequired\":true,\"valueName\":\"search_term_string\"}}],\"inLanguage\":\"it-IT\"}]}<\/script>\n<!-- \/ Yoast SEO plugin. -->","yoast_head_json":{"title":"RSVPify: recensione software per gestire la registrazioni a eventi","description":"RSVPify: recensione soluzione gestione degli eventi basata su cloud progettata per le organizzazioni nella gestione di inviti e altro ancora.","robots":{"index":"index","follow":"follow","max-snippet":"max-snippet:-1","max-image-preview":"max-image-preview:large","max-video-preview":"max-video-preview:-1"},"canonical":"https:\/\/www.accuratereviews.com\/it\/software-gestire-registrazioni-eventi\/rsvpify-recensione\/","og_locale":"it_IT","og_type":"article","og_title":"RSVPify: recensione software per gestire la registrazioni a eventi","og_description":"RSVPify: recensione soluzione gestione degli eventi basata su cloud progettata per le organizzazioni nella gestione di inviti e altro ancora.","og_url":"https:\/\/www.accuratereviews.com\/it\/software-gestire-registrazioni-eventi\/rsvpify-recensione\/","og_site_name":"Accurate Reviews","og_image":[{"width":270,"height":270,"url":"https:\/\/www.accuratereviews.com\/wp-content\/uploads\/2022\/01\/RSVPify.webp","type":"image\/webp"}],"twitter_card":"summary_large_image","twitter_misc":{"Tempo di lettura stimato":"5 minuti"},"schema":{"@context":"https:\/\/schema.org","@graph":[{"@type":"WebPage","@id":"https:\/\/www.accuratereviews.com\/it\/software-gestire-registrazioni-eventi\/rsvpify-recensione\/","url":"https:\/\/www.accuratereviews.com\/it\/software-gestire-registrazioni-eventi\/rsvpify-recensione\/","name":"RSVPify: recensione software per gestire la registrazioni a eventi","isPartOf":{"@id":"https:\/\/www.accuratereviews.com\/it\/#website"},"primaryImageOfPage":{"@id":"https:\/\/www.accuratereviews.com\/it\/software-gestire-registrazioni-eventi\/rsvpify-recensione\/#primaryimage"},"image":{"@id":"https:\/\/www.accuratereviews.com\/it\/software-gestire-registrazioni-eventi\/rsvpify-recensione\/#primaryimage"},"thumbnailUrl":"https:\/\/www.accuratereviews.com\/wp-content\/uploads\/2022\/01\/RSVPify.webp","datePublished":"2022-01-03T15:00:18+00:00","description":"RSVPify: recensione soluzione gestione degli eventi basata su cloud progettata per le organizzazioni nella gestione di inviti e altro ancora.","breadcrumb":{"@id":"https:\/\/www.accuratereviews.com\/it\/software-gestire-registrazioni-eventi\/rsvpify-recensione\/#breadcrumb"},"inLanguage":"it-IT","potentialAction":[{"@type":"ReadAction","target":["https:\/\/www.accuratereviews.com\/it\/software-gestire-registrazioni-eventi\/rsvpify-recensione\/"]}]},{"@type":"ImageObject","inLanguage":"it-IT","@id":"https:\/\/www.accuratereviews.com\/it\/software-gestire-registrazioni-eventi\/rsvpify-recensione\/#primaryimage","url":"https:\/\/www.accuratereviews.com\/wp-content\/uploads\/2022\/01\/RSVPify.webp","contentUrl":"https:\/\/www.accuratereviews.com\/wp-content\/uploads\/2022\/01\/RSVPify.webp","width":270,"height":270},{"@type":"BreadcrumbList","@id":"https:\/\/www.accuratereviews.com\/it\/software-gestire-registrazioni-eventi\/rsvpify-recensione\/#breadcrumb","itemListElement":[{"@type":"ListItem","position":1,"name":"Home","item":"https:\/\/www.accuratereviews.com\/it\/"},{"@type":"ListItem","position":2,"name":"Software per gestire le registrazioni agli eventi","item":"https:\/\/www.accuratereviews.com\/it\/software-gestire-registrazioni-eventi\/"},{"@type":"ListItem","position":3,"name":"RSVPify"}]},{"@type":"WebSite","@id":"https:\/\/www.accuratereviews.com\/it\/#website","url":"https:\/\/www.accuratereviews.com\/it\/","name":"Accurate Reviews","description":"","potentialAction":[{"@type":"SearchAction","target":{"@type":"EntryPoint","urlTemplate":"https:\/\/www.accuratereviews.com\/it\/?s={search_term_string}"},"query-input":{"@type":"PropertyValueSpecification","valueRequired":true,"valueName":"search_term_string"}}],"inLanguage":"it-IT"}]}},"_links":{"self":[{"href":"https:\/\/www.accuratereviews.com\/it\/wp-json\/wp\/v2\/pages\/51950","targetHints":{"allow":["GET"]}}],"collection":[{"href":"https:\/\/www.accuratereviews.com\/it\/wp-json\/wp\/v2\/pages"}],"about":[{"href":"https:\/\/www.accuratereviews.com\/it\/wp-json\/wp\/v2\/types\/page"}],"author":[{"embeddable":true,"href":"https:\/\/www.accuratereviews.com\/it\/wp-json\/wp\/v2\/users\/16"}],"replies":[{"embeddable":true,"href":"https:\/\/www.accuratereviews.com\/it\/wp-json\/wp\/v2\/comments?post=51950"}],"version-history":[{"count":10,"href":"https:\/\/www.accuratereviews.com\/it\/wp-json\/wp\/v2\/pages\/51950\/revisions"}],"predecessor-version":[{"id":51992,"href":"https:\/\/www.accuratereviews.com\/it\/wp-json\/wp\/v2\/pages\/51950\/revisions\/51992"}],"up":[{"embeddable":true,"href":"https:\/\/www.accuratereviews.com\/it\/wp-json\/wp\/v2\/pages\/51909"}],"wp:featuredmedia":[{"embeddable":true,"href":"https:\/\/www.accuratereviews.com\/it\/wp-json\/wp\/v2\/media\/51952"}],"wp:attachment":[{"href":"https:\/\/www.accuratereviews.com\/it\/wp-json\/wp\/v2\/media?parent=51950"}],"wp:term":[{"taxonomy":"category","embeddable":true,"href":"https:\/\/www.accuratereviews.com\/it\/wp-json\/wp\/v2\/categories?post=51950"},{"taxonomy":"post_tag","embeddable":true,"href":"https:\/\/www.accuratereviews.com\/it\/wp-json\/wp\/v2\/tags?post=51950"},{"taxonomy":"features","embeddable":true,"href":"https:\/\/www.accuratereviews.com\/it\/wp-json\/wp\/v2\/features?post=51950"}],"curies":[{"name":"wp","href":"https:\/\/api.w.org\/{rel}","templated":true}]}}