{"id":51971,"date":"2022-01-03T15:07:59","date_gmt":"2022-01-03T15:07:59","guid":{"rendered":"https:\/\/www.accuratereviews.com\/?page_id=51971"},"modified":"2022-01-03T15:07:59","modified_gmt":"2022-01-03T15:07:59","slug":"ticket-tailor-recensione","status":"publish","type":"page","link":"https:\/\/www.accuratereviews.com\/it\/software-gestire-registrazioni-eventi\/ticket-tailor-recensione\/","title":{"rendered":"Ticket Tailor"},"content":{"rendered":"<p><strong>Ticket Tailor<\/strong> \u00e8 una <strong>piattaforma di biglietteria per eventi<\/strong> progettata per facilitare alle aziende la vendita di biglietti online per eventi di ogni tipo e dimensione. Gli utenti devono semplicemente registrarsi, elencare i loro eventi e iniziare a vendere in pochi minuti. Con il software, gli organizzatori possono vendere direttamente dal proprio sito web utilizzando i widget o utilizzare la pagina evento personalizzabile e dedicata.\u00a0Con <strong>Ticket Tailor<\/strong> gli utenti possono creare moduli personalizzati per raccogliere dati dei partecipanti, creare codici sconto per promozioni, generare link di monitoraggio per vedere da dove provengono le vendite e integrarsi con strumenti di terze parti come Facebook, MailChimp o molti altri. Nel giorno dell&#8217;evento, utilizza l&#8217;app gratuita per il check-in mobile per scansionare i biglietti dei clienti o semplicemente stampare un elenco dei partecipanti. Dopo la manifestazione, gli utenti possono archiviare tutti i dati dei clienti per report o analisi futuri.<\/p>\n<h2>TICKET TAILOR &#8211; TUTORIAL<\/h2>\n<p>Ecco \u00e8 una breve demo per guidare gli utenti nella<strong> creazione di un semplice evento<\/strong> su questo software:<\/p>\n<div id=\"fluid-wrapper-counter-1\" class=\"g1-fluid-wrapper \" style=\"width:686px;\">\n<div style=\"padding-bottom:56.268221574344%;\"><iframe loading=\"lazy\" title=\"Ticket Tailor 101 - Sell tickets online for your event\" width=\"686\" height=\"386\" src=\"https:\/\/www.youtube.com\/embed\/bn3QbqAXao0?feature=oembed&amp;wmode=transparent&amp;autohide=1&amp;autoplay=0&amp;disablekb=0&amp;fs=1&amp;loop=0&amp;enablejsapi=1&amp;rel=0&amp;controls=2&amp;showinfo=0&amp;wmode=transparent&amp;autohide=2&amp;autoplay=0&amp;disablekb=0&amp;fs=1&amp;loop=0&amp;enablejsapi=1&amp;rel=0&amp;controls=2&amp;showinfo=1\" frameborder=\"0\" allow=\"accelerometer; autoplay; clipboard-write; encrypted-media; gyroscope; picture-in-picture\" allowfullscreen><\/iframe><\/div>\n<\/div>\n<h3>TICKET TAILOR &#8211; CARATTERISTICHE<\/h3>\n<ul>\n<li><strong>Supporto efficiente<\/strong>: il team di supporto \u00e8 dislocato in tutto il mondo, per darti consigli rapidi e amichevoli ovunque e in qualsiasi momento<\/li>\n<li><strong>Pagamento immediato e diretto:<\/strong> quando un biglietto viene venduto, vieni pagato istantaneamente e direttamente<\/li>\n<li><strong>Biglietteria semplice per eventi:<\/strong> la soluzione ti guida per farti configurare e vendere velocemente i tuoi biglietti<\/li>\n<li><strong>Configurazione semplice del botteghino<\/strong>: crea una pagina del botteghino semplice e professionale sul tuo sito in pochi minuti e progettalo e personalizzalo quanto vuoi con la dashboard intuitiva<\/li>\n<li><strong>Gestisci facilmente gli ospiti:<\/strong> invia aggiornamenti agli ospiti in qualsiasi momento e utilizzare la app mobile dedicata per controllare le persone durante il giorno. La conferma dell&#8217;ordine e la consegna del biglietto via email \u00e8 automatizzata e personalizzabile<\/li>\n<li><strong>Tutti i dati di cui hai bisogno<\/strong>: sei tu a decidere quali dati vuoi sapere dai tuoi ospiti. Puoi capire come e a chi stai vendendo, con notifiche di vendita dei biglietti, riepiloghi delle vendite di facile comprensione e analisi degli ordini dei clienti<\/li>\n<li><strong>Sicurezza su cui puoi fare affidamento<\/strong>: la dashboard \u00e8 servita su SSL, il che significa che puoi essere certo che tutti i dati trasferiti siano al sicuro. L&#8217;elaborazione dei pagamenti utilizza i pi\u00f9 recenti standard di sicurezza delle carte PCI DSS.<\/li>\n<\/ul>\n<h4>LE RECENSIONI DEGLI UTENTI<\/h4>\n<p class=\"font-weight-bold mb-2\"><strong>Nea D.&#8221;Eccezionale servizio di biglietteria&#8221;<\/strong><\/p>\n<p class=\"font-weight-bold mb-2\"><strong>Pro<\/strong>:\u00a0Ticket Tailor \u00e8 una fantastica soluzione di biglietteria per i miei eventi online e di persona. Il prezzo \u00e8 ottimo, ma ancora di pi\u00f9 \u00e8 che l&#8217;esperienza del cliente \u00e8 eccellente. I miei clienti hanno notato quanto sia facile da usare e con cui lavorare, dalla revisione degli eventi all&#8217;acquisto. Lo adoro e anche loro.<\/p>\n<p class=\"font-weight-bold mb-2\"><strong>Contro<\/strong>:\u00a0Il widget di WordPress non \u00e8 eccezionale e non ha alcun modo per personalizzare o renderlo pi\u00f9 user friendly. Se questo fosse risolto, sarebbe un 10\/10.<\/p>\n<p class=\"font-weight-bold mb-2\"><strong>Lorna P.&#8221;Ticket&#8221;<\/strong><\/p>\n<p><span class=\"font-weight-bold\"><strong>Commenti<\/strong>: <\/span>Dieci su dieci per facilit\u00e0 d&#8217;uso e assistenza clienti. Ho consultato altri due leader di mercato nel settore della biglietteria e Ticket Tailor \u00e8 di gran lunga l&#8217;opzione migliore! Provaci e prenota il tuo evento con Ticket Tailor.<\/p>\n<p class=\"font-weight-bold mb-2\"><strong>Pro<\/strong>:\u00a0Cos\u00ec facile da usare. Anche il collegamento dell&#8217;account di pagamento \u00e8 facile. Pochi clic e il gioco \u00e8 fatto. Ottimo supporto clienti.<\/p>\n<p class=\"font-weight-bold mb-2\"><strong>Contro<\/strong>:\u00a0Non mi sembra che ce ne siano. Il software \u00e8 ottimo.<\/p>\n<p class=\"font-weight-bold mb-2\"><strong>Amanda A. &#8220;Grandi&#8221;<\/strong><\/p>\n<p><span class=\"font-weight-bold\"><strong>Commenti<\/strong>: <\/span>Servizio clienti rapido e molto disponibile a rispondere alle domande.<\/p>\n<p class=\"font-weight-bold mb-2\"><strong>Pro<\/strong>:\u00a0Il software \u00e8 per la maggior parte semplice da usare e ha un aiuto facile da raggiungere che risponde molto rapidamente.<\/p>\n<p class=\"font-weight-bold mb-2\"><strong>Contro<\/strong>:\u00a0Eventbrite \u00e8 stato un po&#8217; pi\u00f9 intuitivo nelle sezioni e nel flusso delle cose. Ma nel complesso \u00e8 fantastico<\/p>\n","protected":false},"excerpt":{"rendered":"<p>Ticket Tailor \u00e8 una piattaforma di biglietteria per eventi progettata per facilitare alle aziende la vendita di biglietti online per eventi di ogni tipo e dimensione. Gli utenti devono semplicemente registrarsi, elencare i loro eventi e iniziare a vendere in pochi minuti. Con il software, gli organizzatori possono vendere direttamente dal proprio sito web utilizzando i widget o utilizzare la pagina evento personalizzabile e dedicata.\u00a0<\/p>\n","protected":false},"author":16,"featured_media":51973,"parent":51909,"menu_order":0,"comment_status":"open","ping_status":"closed","template":"g1_template_page_review_new.php","meta":{"_acf_changed":false,"cwp_meta_box_check":"No","cwp_rev_product_name":"","cwp_rev_product_image":"","wppr_links":[],"cwp_rev_price":"","wppr_options":[],"wppr_pros":[],"wppr_cons":[],"_monsterinsights_skip_tracking":false,"_monsterinsights_sitenote_active":false,"_monsterinsights_sitenote_note":"","_monsterinsights_sitenote_category":0,"footnotes":""},"categories":[11738],"tags":[11745,11743,11741,11740,11744,11761],"features":[],"class_list":{"0":"post-51971","1":"page","2":"type-page","3":"status-publish","4":"has-post-thumbnail","6":"category-software-gestire-registrazioni-eventi-categoria","7":"tag-piattaforma-per-gestire-le-registrazioni-agli-eventi","8":"tag-programma-per-gestire-le-registrazioni-agli-eventi","9":"tag-registrazione-eventi","10":"tag-software-per-gestire-le-registrazioni-agli-eventi","11":"tag-soluzione-per-gestire-le-registrazioni-agli-eventi","12":"tag-ticket-tailor"},"wppr_data":{"cwp_meta_box_check":"No"},"acf":[],"yoast_head":"<!-- This site is optimized with the Yoast SEO plugin v27.4 - https:\/\/yoast.com\/product\/yoast-seo-wordpress\/ -->\n<title>Ticket Tailor: recensione software gestione per la registrazione a eventi<\/title>\n<meta name=\"description\" content=\"Ticket Tailor: recensione piattaforma per gestire gli eventi progettata per facilitare ad aziende la vendita di biglietti online per eventi.\" \/>\n<meta name=\"robots\" content=\"index, follow, max-snippet:-1, max-image-preview:large, max-video-preview:-1\" \/>\n<link rel=\"canonical\" href=\"https:\/\/www.accuratereviews.com\/it\/software-gestire-registrazioni-eventi\/ticket-tailor-recensione\/\" \/>\n<meta property=\"og:locale\" content=\"it_IT\" \/>\n<meta property=\"og:type\" content=\"article\" \/>\n<meta property=\"og:title\" content=\"Ticket Tailor: recensione software gestione per la registrazione a eventi\" \/>\n<meta property=\"og:description\" content=\"Ticket Tailor: recensione piattaforma per gestire gli eventi progettata per facilitare ad aziende la vendita di biglietti online per eventi.\" \/>\n<meta property=\"og:url\" content=\"https:\/\/www.accuratereviews.com\/it\/software-gestire-registrazioni-eventi\/ticket-tailor-recensione\/\" \/>\n<meta property=\"og:site_name\" content=\"Accurate Reviews\" \/>\n<meta property=\"og:image\" content=\"https:\/\/www.accuratereviews.com\/wp-content\/uploads\/2022\/01\/Ticket-Tailor.jpeg\" \/>\n\t<meta property=\"og:image:width\" content=\"700\" \/>\n\t<meta property=\"og:image:height\" content=\"482\" \/>\n\t<meta property=\"og:image:type\" content=\"image\/jpeg\" \/>\n<meta name=\"twitter:card\" content=\"summary_large_image\" \/>\n<meta name=\"twitter:label1\" content=\"Tempo di lettura stimato\" \/>\n\t<meta name=\"twitter:data1\" content=\"4 minuti\" \/>\n<script type=\"application\/ld+json\" class=\"yoast-schema-graph\">{\"@context\":\"https:\\\/\\\/schema.org\",\"@graph\":[{\"@type\":\"WebPage\",\"@id\":\"https:\\\/\\\/www.accuratereviews.com\\\/it\\\/software-gestire-registrazioni-eventi\\\/ticket-tailor-recensione\\\/\",\"url\":\"https:\\\/\\\/www.accuratereviews.com\\\/it\\\/software-gestire-registrazioni-eventi\\\/ticket-tailor-recensione\\\/\",\"name\":\"Ticket Tailor: recensione software gestione per la registrazione a eventi\",\"isPartOf\":{\"@id\":\"https:\\\/\\\/www.accuratereviews.com\\\/it\\\/#website\"},\"primaryImageOfPage\":{\"@id\":\"https:\\\/\\\/www.accuratereviews.com\\\/it\\\/software-gestire-registrazioni-eventi\\\/ticket-tailor-recensione\\\/#primaryimage\"},\"image\":{\"@id\":\"https:\\\/\\\/www.accuratereviews.com\\\/it\\\/software-gestire-registrazioni-eventi\\\/ticket-tailor-recensione\\\/#primaryimage\"},\"thumbnailUrl\":\"https:\\\/\\\/www.accuratereviews.com\\\/wp-content\\\/uploads\\\/2022\\\/01\\\/Ticket-Tailor.jpeg\",\"datePublished\":\"2022-01-03T15:07:59+00:00\",\"description\":\"Ticket Tailor: recensione piattaforma per gestire gli eventi progettata per facilitare ad aziende la vendita di biglietti online per eventi.\",\"breadcrumb\":{\"@id\":\"https:\\\/\\\/www.accuratereviews.com\\\/it\\\/software-gestire-registrazioni-eventi\\\/ticket-tailor-recensione\\\/#breadcrumb\"},\"inLanguage\":\"it-IT\",\"potentialAction\":[{\"@type\":\"ReadAction\",\"target\":[\"https:\\\/\\\/www.accuratereviews.com\\\/it\\\/software-gestire-registrazioni-eventi\\\/ticket-tailor-recensione\\\/\"]}]},{\"@type\":\"ImageObject\",\"inLanguage\":\"it-IT\",\"@id\":\"https:\\\/\\\/www.accuratereviews.com\\\/it\\\/software-gestire-registrazioni-eventi\\\/ticket-tailor-recensione\\\/#primaryimage\",\"url\":\"https:\\\/\\\/www.accuratereviews.com\\\/wp-content\\\/uploads\\\/2022\\\/01\\\/Ticket-Tailor.jpeg\",\"contentUrl\":\"https:\\\/\\\/www.accuratereviews.com\\\/wp-content\\\/uploads\\\/2022\\\/01\\\/Ticket-Tailor.jpeg\",\"width\":700,\"height\":482},{\"@type\":\"BreadcrumbList\",\"@id\":\"https:\\\/\\\/www.accuratereviews.com\\\/it\\\/software-gestire-registrazioni-eventi\\\/ticket-tailor-recensione\\\/#breadcrumb\",\"itemListElement\":[{\"@type\":\"ListItem\",\"position\":1,\"name\":\"Home\",\"item\":\"https:\\\/\\\/www.accuratereviews.com\\\/it\\\/\"},{\"@type\":\"ListItem\",\"position\":2,\"name\":\"Software per gestire le registrazioni agli eventi\",\"item\":\"https:\\\/\\\/www.accuratereviews.com\\\/it\\\/software-gestire-registrazioni-eventi\\\/\"},{\"@type\":\"ListItem\",\"position\":3,\"name\":\"Ticket Tailor\"}]},{\"@type\":\"WebSite\",\"@id\":\"https:\\\/\\\/www.accuratereviews.com\\\/it\\\/#website\",\"url\":\"https:\\\/\\\/www.accuratereviews.com\\\/it\\\/\",\"name\":\"Accurate Reviews\",\"description\":\"\",\"potentialAction\":[{\"@type\":\"SearchAction\",\"target\":{\"@type\":\"EntryPoint\",\"urlTemplate\":\"https:\\\/\\\/www.accuratereviews.com\\\/it\\\/?s={search_term_string}\"},\"query-input\":{\"@type\":\"PropertyValueSpecification\",\"valueRequired\":true,\"valueName\":\"search_term_string\"}}],\"inLanguage\":\"it-IT\"}]}<\/script>\n<!-- \/ Yoast SEO plugin. -->","yoast_head_json":{"title":"Ticket Tailor: recensione software gestione per la registrazione a eventi","description":"Ticket Tailor: recensione piattaforma per gestire gli eventi progettata per facilitare ad aziende la vendita di biglietti online per eventi.","robots":{"index":"index","follow":"follow","max-snippet":"max-snippet:-1","max-image-preview":"max-image-preview:large","max-video-preview":"max-video-preview:-1"},"canonical":"https:\/\/www.accuratereviews.com\/it\/software-gestire-registrazioni-eventi\/ticket-tailor-recensione\/","og_locale":"it_IT","og_type":"article","og_title":"Ticket Tailor: recensione software gestione per la registrazione a eventi","og_description":"Ticket Tailor: recensione piattaforma per gestire gli eventi progettata per facilitare ad aziende la vendita di biglietti online per eventi.","og_url":"https:\/\/www.accuratereviews.com\/it\/software-gestire-registrazioni-eventi\/ticket-tailor-recensione\/","og_site_name":"Accurate Reviews","og_image":[{"width":700,"height":482,"url":"https:\/\/www.accuratereviews.com\/wp-content\/uploads\/2022\/01\/Ticket-Tailor.jpeg","type":"image\/jpeg"}],"twitter_card":"summary_large_image","twitter_misc":{"Tempo di lettura stimato":"4 minuti"},"schema":{"@context":"https:\/\/schema.org","@graph":[{"@type":"WebPage","@id":"https:\/\/www.accuratereviews.com\/it\/software-gestire-registrazioni-eventi\/ticket-tailor-recensione\/","url":"https:\/\/www.accuratereviews.com\/it\/software-gestire-registrazioni-eventi\/ticket-tailor-recensione\/","name":"Ticket Tailor: recensione software gestione per la registrazione a eventi","isPartOf":{"@id":"https:\/\/www.accuratereviews.com\/it\/#website"},"primaryImageOfPage":{"@id":"https:\/\/www.accuratereviews.com\/it\/software-gestire-registrazioni-eventi\/ticket-tailor-recensione\/#primaryimage"},"image":{"@id":"https:\/\/www.accuratereviews.com\/it\/software-gestire-registrazioni-eventi\/ticket-tailor-recensione\/#primaryimage"},"thumbnailUrl":"https:\/\/www.accuratereviews.com\/wp-content\/uploads\/2022\/01\/Ticket-Tailor.jpeg","datePublished":"2022-01-03T15:07:59+00:00","description":"Ticket Tailor: recensione piattaforma per gestire gli eventi progettata per facilitare ad aziende la vendita di biglietti online per eventi.","breadcrumb":{"@id":"https:\/\/www.accuratereviews.com\/it\/software-gestire-registrazioni-eventi\/ticket-tailor-recensione\/#breadcrumb"},"inLanguage":"it-IT","potentialAction":[{"@type":"ReadAction","target":["https:\/\/www.accuratereviews.com\/it\/software-gestire-registrazioni-eventi\/ticket-tailor-recensione\/"]}]},{"@type":"ImageObject","inLanguage":"it-IT","@id":"https:\/\/www.accuratereviews.com\/it\/software-gestire-registrazioni-eventi\/ticket-tailor-recensione\/#primaryimage","url":"https:\/\/www.accuratereviews.com\/wp-content\/uploads\/2022\/01\/Ticket-Tailor.jpeg","contentUrl":"https:\/\/www.accuratereviews.com\/wp-content\/uploads\/2022\/01\/Ticket-Tailor.jpeg","width":700,"height":482},{"@type":"BreadcrumbList","@id":"https:\/\/www.accuratereviews.com\/it\/software-gestire-registrazioni-eventi\/ticket-tailor-recensione\/#breadcrumb","itemListElement":[{"@type":"ListItem","position":1,"name":"Home","item":"https:\/\/www.accuratereviews.com\/it\/"},{"@type":"ListItem","position":2,"name":"Software per gestire le registrazioni agli eventi","item":"https:\/\/www.accuratereviews.com\/it\/software-gestire-registrazioni-eventi\/"},{"@type":"ListItem","position":3,"name":"Ticket Tailor"}]},{"@type":"WebSite","@id":"https:\/\/www.accuratereviews.com\/it\/#website","url":"https:\/\/www.accuratereviews.com\/it\/","name":"Accurate Reviews","description":"","potentialAction":[{"@type":"SearchAction","target":{"@type":"EntryPoint","urlTemplate":"https:\/\/www.accuratereviews.com\/it\/?s={search_term_string}"},"query-input":{"@type":"PropertyValueSpecification","valueRequired":true,"valueName":"search_term_string"}}],"inLanguage":"it-IT"}]}},"_links":{"self":[{"href":"https:\/\/www.accuratereviews.com\/it\/wp-json\/wp\/v2\/pages\/51971","targetHints":{"allow":["GET"]}}],"collection":[{"href":"https:\/\/www.accuratereviews.com\/it\/wp-json\/wp\/v2\/pages"}],"about":[{"href":"https:\/\/www.accuratereviews.com\/it\/wp-json\/wp\/v2\/types\/page"}],"author":[{"embeddable":true,"href":"https:\/\/www.accuratereviews.com\/it\/wp-json\/wp\/v2\/users\/16"}],"replies":[{"embeddable":true,"href":"https:\/\/www.accuratereviews.com\/it\/wp-json\/wp\/v2\/comments?post=51971"}],"version-history":[{"count":8,"href":"https:\/\/www.accuratereviews.com\/it\/wp-json\/wp\/v2\/pages\/51971\/revisions"}],"predecessor-version":[{"id":51994,"href":"https:\/\/www.accuratereviews.com\/it\/wp-json\/wp\/v2\/pages\/51971\/revisions\/51994"}],"up":[{"embeddable":true,"href":"https:\/\/www.accuratereviews.com\/it\/wp-json\/wp\/v2\/pages\/51909"}],"wp:featuredmedia":[{"embeddable":true,"href":"https:\/\/www.accuratereviews.com\/it\/wp-json\/wp\/v2\/media\/51973"}],"wp:attachment":[{"href":"https:\/\/www.accuratereviews.com\/it\/wp-json\/wp\/v2\/media?parent=51971"}],"wp:term":[{"taxonomy":"category","embeddable":true,"href":"https:\/\/www.accuratereviews.com\/it\/wp-json\/wp\/v2\/categories?post=51971"},{"taxonomy":"post_tag","embeddable":true,"href":"https:\/\/www.accuratereviews.com\/it\/wp-json\/wp\/v2\/tags?post=51971"},{"taxonomy":"features","embeddable":true,"href":"https:\/\/www.accuratereviews.com\/it\/wp-json\/wp\/v2\/features?post=51971"}],"curies":[{"name":"wp","href":"https:\/\/api.w.org\/{rel}","templated":true}]}}