{"id":52003,"date":"2022-01-04T11:59:34","date_gmt":"2022-01-04T11:59:34","guid":{"rendered":"https:\/\/www.accuratereviews.com\/?page_id=52003"},"modified":"2022-01-04T11:59:34","modified_gmt":"2022-01-04T11:59:34","slug":"accelevents-recensione","status":"publish","type":"page","link":"https:\/\/www.accuratereviews.com\/it\/software-gestire-registrazioni-eventi\/accelevents-recensione\/","title":{"rendered":"Accelevents"},"content":{"rendered":"<p><strong>Accelevents<\/strong> \u00e8 una <strong>piattaforma di eventi virtuale<\/strong>\u00a0all-in-one che consente agli organizzatori di eventi e ai professionisti del marketing di creare connessioni umane autentiche e guidare una crescita sostenibile.\u00a0In qualit\u00e0 di piattaforma tecnologica leader per gli eventi, <strong>Accelevents<\/strong> sta ridefinendo il modo in cui i marchi si connettono con il loro pubblico con un set intuitivo ma robusto di funzionalit\u00e0 personalizzabili e interattive. I partecipanti possono guardare prologhi di apertura, partecipare a pi\u00f9 sessioni di discussione, partecipare a workshop, interagire con espositori virtuali, fare rete con gruppi o individui, rispondere a sondaggi, scaricare materiali e partecipare a chat dal vivo.\u00a0Concentrandosi sull&#8217;accelerazione della crescita, la piattaforma \u00e8 progettata per acquisire analisi fruibili in tutte le fasi dell&#8217;evento che si traducono in strategie di marketing e performance di vendita misurabili.<\/p>\n<h2>ACCELEVENTS &#8211; TUTORIAL<\/h2>\n<p>Guardiamo insieme il tutorial su questo <strong>software per gestire le registrazioni degli eventi<\/strong>:<\/p>\n<div id=\"fluid-wrapper-counter-1\" class=\"g1-fluid-wrapper \" style=\"width:686px;\">\n<div style=\"padding-bottom:56.268221574344%;\"><iframe loading=\"lazy\" title=\"Check In Guests through Accelevents\" width=\"686\" height=\"386\" src=\"https:\/\/www.youtube.com\/embed\/USOEzf3yy4s?feature=oembed&amp;wmode=transparent&amp;autohide=1&amp;autoplay=0&amp;disablekb=0&amp;fs=1&amp;loop=0&amp;enablejsapi=1&amp;rel=0&amp;controls=2&amp;showinfo=0&amp;wmode=transparent&amp;autohide=2&amp;autoplay=0&amp;disablekb=0&amp;fs=1&amp;loop=0&amp;enablejsapi=1&amp;rel=0&amp;controls=2&amp;showinfo=1\" frameborder=\"0\" allow=\"accelerometer; autoplay; clipboard-write; encrypted-media; gyroscope; picture-in-picture\" allowfullscreen><\/iframe><\/div>\n<\/div>\n<h3>ACCELEVENTS &#8211; CARATTERISTICHE<\/h3>\n<ul>\n<li>Streaming live integrato<\/li>\n<li>Fasi multiple e sessioni interattive<\/li>\n<li>Evento virtuale e personalizzazione del marchio<\/li>\n<li>Analisi approfondite<\/li>\n<li>Diversi tipi di biglietto<\/li>\n<li>Campi di registrazione personalizzati<\/li>\n<li>Integrazione di terze parti<\/li>\n<li>Rete veloce basata su intelligenza artificiale 1:1<\/li>\n<li>Workshop interattivi e tavole rotonde<\/li>\n<li>Chat, domande e risposte e sondaggi<\/li>\n<li>Materiali scaricabili<\/li>\n<li>Streaming live simultaneo di sessioni di persona<\/li>\n<li>Esperienze fisiche e virtuali su tutti i dispositivi<\/li>\n<li>Indirizzato ad app web mobile<\/li>\n<li>Diversi tipi di biglietti per l&#8217;ottimizzazione delle entrate<\/li>\n<li>Aggiunte opportunit\u00e0 di sponsorizzazione ed espositori<\/li>\n<li>Acquisizione di lead per vendite e marketing<\/li>\n<li>Networking su misura per partecipanti di persona e virtuali<\/li>\n<li>Chat room integrate in loco e virtuali<\/li>\n<li>Sondaggi dal vivo immersivi e domande e risposte integrate<\/li>\n<li>Navigazione dei partecipanti, connessione e pianificazione delle riunioni<\/li>\n<\/ul>\n<h4>LE RECENSIONE DEGLI UTENTI<\/h4>\n<h5 class=\"font-weight-bold mb-2\">Claudia D.&#8221;Piattaforma di eventi adeguata per 1 off eventi&#8221;<\/h5>\n<p class=\"font-weight-bold mb-2\"><strong>Pro<\/strong>:\u00a0Facilit\u00e0 di utilizzo della piattaforma. Chat dal vivo e supporto.<\/p>\n<p class=\"font-weight-bold mb-2\"><strong>Contro<\/strong>:\u00a0Analytics &#8211; Sono completamente limitati e non \u00e8 facile ottenere le informazioni effettive che hanno valore. Integrazioni: non ci sono integrazioni a Salesforce e Hubspot minime con i requisiti di tracciamento necessari che non possono essere superati. Tracciamento della fonte di registrazione &#8211; Non c&#8217;\u00e8 nessuno se hai ospitato il tuo evento sulla tua pagina di destinazione. Non puoi tenere traccia della provenienza di una registrazione, ad esempio social media, diretta, ecc. Non supporta eventi trasmessi in streaming in pi\u00f9 fusi orari in modo efficiente e organizzato<\/p>\n<h5 class=\"font-weight-bold mb-2\">Vanine G.&#8221;Grande piattaforma interattiva di eventi online&#8221;<\/h5>\n<p><span class=\"font-weight-bold\"><strong>Commenti<\/strong>: <\/span>Nel complesso abbiamo avuto un grande evento e abbiamo ricevuto molti feedback positivi dai partecipanti.<\/p>\n<p class=\"font-weight-bold mb-2\"><strong>Pro<\/strong>:\u00a01. Il servizio clienti \u00e8 stato ottimo: ogni volta che avevamo una domanda, un problema o un bug, ricevevamo una risposta rapida dal team e una soluzione immediata. Ragazzi, siete forti! Molte grazie. 2. Il prezzo \u00e8 abbastanza ben calcolato: il pagamento giornaliero per partecipante ci rende molto pi\u00f9 facile calcolare il nostro costo per partecipante e rende possibili e convenienti eventi online pi\u00f9 piccoli.<\/p>\n<p class=\"font-weight-bold mb-2\"><strong>Contro<\/strong>:\u00a01. I costanti aggiornamenti che si verificano nel backstage: alcune funzionalit\u00e0 andavano e venivano e dopo alcuni aggiornamenti la piattaforma non funzionava bene. Il che \u00e8 stato frustrante, ma il team di supporto era sempre pronto ad aiutare. 2. La piattaforma non dispone di un&#8217;app mobile o per PC.<\/p>\n<h5 class=\"font-weight-bold mb-2\">Karlie L.&#8221;Ottimo per le organizzazioni non profit che sopravvivono al COVID&#8221;<\/h5>\n<p><span class=\"font-weight-bold\"><strong>Commenti<\/strong>: <\/span>Non posso ringraziarti abbastanza per aver salvato il nostro evento. Questo significa tutto per me e tu hai reso tutto possibile.<\/p>\n<p class=\"font-weight-bold mb-2\"><strong>Pro<\/strong>:\u00a0La mia organizzazione no-profit vive delle donazioni generate da un torneo di hockey di persona. Quando il COVID ha colpito, abbiamo cercato di trovare un programma che potesse centralizzare le attivit\u00e0 virtuali per raccogliere fondi. Con circa 2.500 dollari a nome della nostra organizzazione, siamo rimasti cos\u00ec scoraggiati nello scoprire che la maggior parte delle piattaforme di hosting di eventi virtuali erano migliaia e MIGLIAIA di dollari IN ANTICIPO. \u00c8 stato difficile proiettare la nostra partecipazione, quindi \u00e8 stato spaventoso pensare di investire quasi tutti i nostri soldi senza alcuna garanzia di ritorno. Accelevents ha una struttura dei costi post-evento in cui il costo del tuo evento varia in base al numero di persone che sono venute. Senza costi iniziali, questo \u00e8 perfetto per un&#8217;organizzazione no-profit che non pu\u00f2 permettersi di anticipare $ senza alcun ritorno garantito. Questa piattaforma aveva la struttura dei costi perfetta con molte funzionalit\u00e0 offerte dai concorrenti che stavamo cercando: sessioni individuali, una pagina di destinazione principale e molte opportunit\u00e0 per gli sponsor.<\/p>\n<p class=\"font-weight-bold mb-2\"><strong>Contro<\/strong>:\u00a0Lo sviluppo del back-end \u00e8 stato un po&#8217; confuso, MA il servizio clienti \u00e8 stato cos\u00ec eccezionale che ogni volta che ero bloccato inviavo un messaggio alla chat di aiuto e loro mi contattavano immediatamente e mi davano indicazioni chiare su cosa fare<\/p>\n","protected":false},"excerpt":{"rendered":"<p>Accelevents \u00e8 una piattaforma di eventi virtuale\u00a0all-in-one che consente agli organizzatori di eventi e ai professionisti del marketing di creare connessioni umane autentiche e guidare una crescita sostenibile.\u00a0In qualit\u00e0 di piattaforma tecnologica leader per gli eventi, Accelevents sta ridefinendo il modo in cui i marchi si connettono con il loro pubblico con un set intuitivo ma robusto di funzionalit\u00e0 personalizzabili e interattive.<\/p>\n","protected":false},"author":16,"featured_media":52004,"parent":51909,"menu_order":0,"comment_status":"open","ping_status":"closed","template":"g1_template_page_review_new.php","meta":{"_acf_changed":false,"cwp_meta_box_check":"No","cwp_rev_product_name":"","cwp_rev_product_image":"","wppr_links":[],"cwp_rev_price":"","wppr_options":[],"wppr_pros":[],"wppr_cons":[],"_monsterinsights_skip_tracking":false,"_monsterinsights_sitenote_active":false,"_monsterinsights_sitenote_note":"","_monsterinsights_sitenote_category":0,"footnotes":""},"categories":[11738],"tags":[11765,11745,11743,11741,11740,11744],"features":[],"class_list":{"0":"post-52003","1":"page","2":"type-page","3":"status-publish","4":"has-post-thumbnail","6":"category-software-gestire-registrazioni-eventi-categoria","7":"tag-accelevents","8":"tag-piattaforma-per-gestire-le-registrazioni-agli-eventi","9":"tag-programma-per-gestire-le-registrazioni-agli-eventi","10":"tag-registrazione-eventi","11":"tag-software-per-gestire-le-registrazioni-agli-eventi","12":"tag-soluzione-per-gestire-le-registrazioni-agli-eventi"},"wppr_data":{"cwp_meta_box_check":"No"},"acf":[],"yoast_head":"<!-- This site is optimized with the Yoast SEO plugin v27.4 - https:\/\/yoast.com\/product\/yoast-seo-wordpress\/ -->\n<title>Accelevents: recensione software per gestire le registrazioni a eventi<\/title>\n<meta name=\"description\" content=\"Accelevents: recensione piattaforma di eventi virtuale\u00a0all-in-one che consente agli organizzatori di creare connessioni umane autentiche.\" \/>\n<meta name=\"robots\" content=\"index, follow, max-snippet:-1, max-image-preview:large, max-video-preview:-1\" \/>\n<link rel=\"canonical\" href=\"https:\/\/www.accuratereviews.com\/it\/software-gestire-registrazioni-eventi\/accelevents-recensione\/\" \/>\n<meta property=\"og:locale\" content=\"it_IT\" \/>\n<meta property=\"og:type\" content=\"article\" \/>\n<meta property=\"og:title\" content=\"Accelevents: recensione software per gestire le registrazioni a eventi\" \/>\n<meta property=\"og:description\" content=\"Accelevents: recensione piattaforma di eventi virtuale\u00a0all-in-one che consente agli organizzatori di creare connessioni umane autentiche.\" \/>\n<meta property=\"og:url\" content=\"https:\/\/www.accuratereviews.com\/it\/software-gestire-registrazioni-eventi\/accelevents-recensione\/\" \/>\n<meta property=\"og:site_name\" content=\"Accurate Reviews\" \/>\n<meta property=\"og:image\" content=\"https:\/\/www.accuratereviews.com\/wp-content\/uploads\/2022\/01\/Accelevents_Logo_dark_fill.png-scaled.webp\" \/>\n\t<meta property=\"og:image:width\" content=\"2560\" \/>\n\t<meta property=\"og:image:height\" content=\"514\" \/>\n\t<meta property=\"og:image:type\" content=\"image\/webp\" \/>\n<meta name=\"twitter:card\" content=\"summary_large_image\" \/>\n<meta name=\"twitter:label1\" content=\"Tempo di lettura stimato\" \/>\n\t<meta name=\"twitter:data1\" content=\"5 minuti\" \/>\n<script type=\"application\/ld+json\" class=\"yoast-schema-graph\">{\"@context\":\"https:\\\/\\\/schema.org\",\"@graph\":[{\"@type\":\"WebPage\",\"@id\":\"https:\\\/\\\/www.accuratereviews.com\\\/it\\\/software-gestire-registrazioni-eventi\\\/accelevents-recensione\\\/\",\"url\":\"https:\\\/\\\/www.accuratereviews.com\\\/it\\\/software-gestire-registrazioni-eventi\\\/accelevents-recensione\\\/\",\"name\":\"Accelevents: recensione software per gestire le registrazioni a eventi\",\"isPartOf\":{\"@id\":\"https:\\\/\\\/www.accuratereviews.com\\\/it\\\/#website\"},\"primaryImageOfPage\":{\"@id\":\"https:\\\/\\\/www.accuratereviews.com\\\/it\\\/software-gestire-registrazioni-eventi\\\/accelevents-recensione\\\/#primaryimage\"},\"image\":{\"@id\":\"https:\\\/\\\/www.accuratereviews.com\\\/it\\\/software-gestire-registrazioni-eventi\\\/accelevents-recensione\\\/#primaryimage\"},\"thumbnailUrl\":\"https:\\\/\\\/www.accuratereviews.com\\\/wp-content\\\/uploads\\\/2022\\\/01\\\/Accelevents_Logo_dark_fill.png-scaled.webp\",\"datePublished\":\"2022-01-04T11:59:34+00:00\",\"description\":\"Accelevents: recensione piattaforma di eventi virtuale\u00a0all-in-one che consente agli organizzatori di creare connessioni umane autentiche.\",\"breadcrumb\":{\"@id\":\"https:\\\/\\\/www.accuratereviews.com\\\/it\\\/software-gestire-registrazioni-eventi\\\/accelevents-recensione\\\/#breadcrumb\"},\"inLanguage\":\"it-IT\",\"potentialAction\":[{\"@type\":\"ReadAction\",\"target\":[\"https:\\\/\\\/www.accuratereviews.com\\\/it\\\/software-gestire-registrazioni-eventi\\\/accelevents-recensione\\\/\"]}]},{\"@type\":\"ImageObject\",\"inLanguage\":\"it-IT\",\"@id\":\"https:\\\/\\\/www.accuratereviews.com\\\/it\\\/software-gestire-registrazioni-eventi\\\/accelevents-recensione\\\/#primaryimage\",\"url\":\"https:\\\/\\\/www.accuratereviews.com\\\/wp-content\\\/uploads\\\/2022\\\/01\\\/Accelevents_Logo_dark_fill.png-scaled.webp\",\"contentUrl\":\"https:\\\/\\\/www.accuratereviews.com\\\/wp-content\\\/uploads\\\/2022\\\/01\\\/Accelevents_Logo_dark_fill.png-scaled.webp\",\"width\":2560,\"height\":514},{\"@type\":\"BreadcrumbList\",\"@id\":\"https:\\\/\\\/www.accuratereviews.com\\\/it\\\/software-gestire-registrazioni-eventi\\\/accelevents-recensione\\\/#breadcrumb\",\"itemListElement\":[{\"@type\":\"ListItem\",\"position\":1,\"name\":\"Home\",\"item\":\"https:\\\/\\\/www.accuratereviews.com\\\/it\\\/\"},{\"@type\":\"ListItem\",\"position\":2,\"name\":\"Software per gestire le registrazioni agli eventi\",\"item\":\"https:\\\/\\\/www.accuratereviews.com\\\/it\\\/software-gestire-registrazioni-eventi\\\/\"},{\"@type\":\"ListItem\",\"position\":3,\"name\":\"Accelevents\"}]},{\"@type\":\"WebSite\",\"@id\":\"https:\\\/\\\/www.accuratereviews.com\\\/it\\\/#website\",\"url\":\"https:\\\/\\\/www.accuratereviews.com\\\/it\\\/\",\"name\":\"Accurate Reviews\",\"description\":\"\",\"potentialAction\":[{\"@type\":\"SearchAction\",\"target\":{\"@type\":\"EntryPoint\",\"urlTemplate\":\"https:\\\/\\\/www.accuratereviews.com\\\/it\\\/?s={search_term_string}\"},\"query-input\":{\"@type\":\"PropertyValueSpecification\",\"valueRequired\":true,\"valueName\":\"search_term_string\"}}],\"inLanguage\":\"it-IT\"}]}<\/script>\n<!-- \/ Yoast SEO plugin. -->","yoast_head_json":{"title":"Accelevents: recensione software per gestire le registrazioni a eventi","description":"Accelevents: recensione piattaforma di eventi virtuale\u00a0all-in-one che consente agli organizzatori di creare connessioni umane autentiche.","robots":{"index":"index","follow":"follow","max-snippet":"max-snippet:-1","max-image-preview":"max-image-preview:large","max-video-preview":"max-video-preview:-1"},"canonical":"https:\/\/www.accuratereviews.com\/it\/software-gestire-registrazioni-eventi\/accelevents-recensione\/","og_locale":"it_IT","og_type":"article","og_title":"Accelevents: recensione software per gestire le registrazioni a eventi","og_description":"Accelevents: recensione piattaforma di eventi virtuale\u00a0all-in-one che consente agli organizzatori di creare connessioni umane autentiche.","og_url":"https:\/\/www.accuratereviews.com\/it\/software-gestire-registrazioni-eventi\/accelevents-recensione\/","og_site_name":"Accurate Reviews","og_image":[{"width":2560,"height":514,"url":"https:\/\/www.accuratereviews.com\/wp-content\/uploads\/2022\/01\/Accelevents_Logo_dark_fill.png-scaled.webp","type":"image\/webp"}],"twitter_card":"summary_large_image","twitter_misc":{"Tempo di lettura stimato":"5 minuti"},"schema":{"@context":"https:\/\/schema.org","@graph":[{"@type":"WebPage","@id":"https:\/\/www.accuratereviews.com\/it\/software-gestire-registrazioni-eventi\/accelevents-recensione\/","url":"https:\/\/www.accuratereviews.com\/it\/software-gestire-registrazioni-eventi\/accelevents-recensione\/","name":"Accelevents: recensione software per gestire le registrazioni a eventi","isPartOf":{"@id":"https:\/\/www.accuratereviews.com\/it\/#website"},"primaryImageOfPage":{"@id":"https:\/\/www.accuratereviews.com\/it\/software-gestire-registrazioni-eventi\/accelevents-recensione\/#primaryimage"},"image":{"@id":"https:\/\/www.accuratereviews.com\/it\/software-gestire-registrazioni-eventi\/accelevents-recensione\/#primaryimage"},"thumbnailUrl":"https:\/\/www.accuratereviews.com\/wp-content\/uploads\/2022\/01\/Accelevents_Logo_dark_fill.png-scaled.webp","datePublished":"2022-01-04T11:59:34+00:00","description":"Accelevents: recensione piattaforma di eventi virtuale\u00a0all-in-one che consente agli organizzatori di creare connessioni umane autentiche.","breadcrumb":{"@id":"https:\/\/www.accuratereviews.com\/it\/software-gestire-registrazioni-eventi\/accelevents-recensione\/#breadcrumb"},"inLanguage":"it-IT","potentialAction":[{"@type":"ReadAction","target":["https:\/\/www.accuratereviews.com\/it\/software-gestire-registrazioni-eventi\/accelevents-recensione\/"]}]},{"@type":"ImageObject","inLanguage":"it-IT","@id":"https:\/\/www.accuratereviews.com\/it\/software-gestire-registrazioni-eventi\/accelevents-recensione\/#primaryimage","url":"https:\/\/www.accuratereviews.com\/wp-content\/uploads\/2022\/01\/Accelevents_Logo_dark_fill.png-scaled.webp","contentUrl":"https:\/\/www.accuratereviews.com\/wp-content\/uploads\/2022\/01\/Accelevents_Logo_dark_fill.png-scaled.webp","width":2560,"height":514},{"@type":"BreadcrumbList","@id":"https:\/\/www.accuratereviews.com\/it\/software-gestire-registrazioni-eventi\/accelevents-recensione\/#breadcrumb","itemListElement":[{"@type":"ListItem","position":1,"name":"Home","item":"https:\/\/www.accuratereviews.com\/it\/"},{"@type":"ListItem","position":2,"name":"Software per gestire le registrazioni agli eventi","item":"https:\/\/www.accuratereviews.com\/it\/software-gestire-registrazioni-eventi\/"},{"@type":"ListItem","position":3,"name":"Accelevents"}]},{"@type":"WebSite","@id":"https:\/\/www.accuratereviews.com\/it\/#website","url":"https:\/\/www.accuratereviews.com\/it\/","name":"Accurate Reviews","description":"","potentialAction":[{"@type":"SearchAction","target":{"@type":"EntryPoint","urlTemplate":"https:\/\/www.accuratereviews.com\/it\/?s={search_term_string}"},"query-input":{"@type":"PropertyValueSpecification","valueRequired":true,"valueName":"search_term_string"}}],"inLanguage":"it-IT"}]}},"_links":{"self":[{"href":"https:\/\/www.accuratereviews.com\/it\/wp-json\/wp\/v2\/pages\/52003","targetHints":{"allow":["GET"]}}],"collection":[{"href":"https:\/\/www.accuratereviews.com\/it\/wp-json\/wp\/v2\/pages"}],"about":[{"href":"https:\/\/www.accuratereviews.com\/it\/wp-json\/wp\/v2\/types\/page"}],"author":[{"embeddable":true,"href":"https:\/\/www.accuratereviews.com\/it\/wp-json\/wp\/v2\/users\/16"}],"replies":[{"embeddable":true,"href":"https:\/\/www.accuratereviews.com\/it\/wp-json\/wp\/v2\/comments?post=52003"}],"version-history":[{"count":11,"href":"https:\/\/www.accuratereviews.com\/it\/wp-json\/wp\/v2\/pages\/52003\/revisions"}],"predecessor-version":[{"id":52057,"href":"https:\/\/www.accuratereviews.com\/it\/wp-json\/wp\/v2\/pages\/52003\/revisions\/52057"}],"up":[{"embeddable":true,"href":"https:\/\/www.accuratereviews.com\/it\/wp-json\/wp\/v2\/pages\/51909"}],"wp:featuredmedia":[{"embeddable":true,"href":"https:\/\/www.accuratereviews.com\/it\/wp-json\/wp\/v2\/media\/52004"}],"wp:attachment":[{"href":"https:\/\/www.accuratereviews.com\/it\/wp-json\/wp\/v2\/media?parent=52003"}],"wp:term":[{"taxonomy":"category","embeddable":true,"href":"https:\/\/www.accuratereviews.com\/it\/wp-json\/wp\/v2\/categories?post=52003"},{"taxonomy":"post_tag","embeddable":true,"href":"https:\/\/www.accuratereviews.com\/it\/wp-json\/wp\/v2\/tags?post=52003"},{"taxonomy":"features","embeddable":true,"href":"https:\/\/www.accuratereviews.com\/it\/wp-json\/wp\/v2\/features?post=52003"}],"curies":[{"name":"wp","href":"https:\/\/api.w.org\/{rel}","templated":true}]}}