{"id":52058,"date":"2022-01-05T14:47:01","date_gmt":"2022-01-05T14:47:01","guid":{"rendered":"https:\/\/www.accuratereviews.com\/?page_id=52058"},"modified":"2022-01-05T14:47:01","modified_gmt":"2022-01-05T14:47:01","slug":"ungerboeck-recensione","status":"publish","type":"page","link":"https:\/\/www.accuratereviews.com\/it\/software-gestire-registrazioni-eventi\/ungerboeck-recensione\/","title":{"rendered":"Ungerboeck"},"content":{"rendered":"<p><strong>Ungerboeck<\/strong> \u00e8 un\u00a0<strong>software per gestione eventi<\/strong> conosciuto in tutto il mondo a cui si affidano migliaia di clienti che organizzano milioni di eventi. La comunit\u00e0 di utenti, che copre pi\u00f9 di 50 paesi, include i migliori spettacoli da tutto il mondo, centri congressi globali, alcuni dei musei pi\u00f9 visitati, arene sportive professionali e altri eventi e luoghi unici di tutte le forme e dimensioni. Fornisce una soluzione software end-to-end per la gestione di eventi e sedi con strumenti CRM, prenotazione, registrazione, app per dispositivi mobili, siti web, report e finanziari. <strong>Ungerboeck<\/strong> consente alle sedi di raggiungere i propri obiettivi e migliorare i propri processi aziendali. Il tutto offrendo una maggiore soddisfazione, una migliore comunicazione e relazioni connesse tra l&#8217;intero team e i clienti.<\/p>\n<h2>UNGERBOECK &#8211; TUTORIAL<\/h2>\n<p>Il video che segue mostra come sfruttare le funzioni di questo <strong>software per gestire le registrazioni degli eventi<\/strong>:<\/p>\n<div id=\"fluid-wrapper-counter-1\" class=\"g1-fluid-wrapper \" style=\"width:686px;\">\n<div style=\"padding-bottom:56.268221574344%;\"><iframe loading=\"lazy\" title=\"Ungerboeck Software | Event Management &amp; Events CRM\" width=\"686\" height=\"386\" src=\"https:\/\/www.youtube.com\/embed\/3UfNk-XDLzE?feature=oembed&amp;wmode=transparent&amp;autohide=1&amp;autoplay=0&amp;disablekb=0&amp;fs=1&amp;loop=0&amp;enablejsapi=1&amp;rel=0&amp;controls=2&amp;showinfo=0&amp;wmode=transparent&amp;autohide=2&amp;autoplay=0&amp;disablekb=0&amp;fs=1&amp;loop=0&amp;enablejsapi=1&amp;rel=0&amp;controls=2&amp;showinfo=1\" frameborder=\"0\" allow=\"accelerometer; autoplay; clipboard-write; encrypted-media; gyroscope; picture-in-picture\" allowfullscreen><\/iframe><\/div>\n<\/div>\n<h3>UNGERBOECK &#8211; CARATTERISTICHE<\/h3>\n<ul>\n<li><strong>Semplifica il processo di pianificazione degli eventi<\/strong>: migliora l&#8217;esperienza di pianificazione dei tuoi clienti e la loro soddisfazione consentendo loro di gestire le attivit\u00e0 relative all&#8217;evento, visualizzare documenti, rivedere e pagare le fatture, visualizzare gli iscritti, ordinare gli articoli richiesti per il loro evento come apparecchiature AV, mobili e catering<\/li>\n<li><strong>Sblocca le informazioni sull&#8217;evento<\/strong>: assicurati che le principali parti interessate operative dispongano di tutti i dettagli aggiornati. Ottieni una visione complete delle funzioni basate sul tempo di un evento e altre informazioni critiche<\/li>\n<li><strong>Cattura tutti gli aspetti dell&#8217;evento<\/strong>: garantisci che i tuoi eventi si svolgano senza intoppi dall&#8217;inizio alla fine. Le funzioni per convegni e banchetti consentono una comunicazione senza soluzione di continuit\u00e0 tra la sede e gli organizzatori di eventi<\/li>\n<li><strong>Sfrutta tutte le opportunit\u00e0 di vendita<\/strong>: ottieni una visione \u00a0a 360 gradi del successo del tuo processo di vendita. Usa il CRM integrato per gestire e tenere traccia delle cose che contano e aiuta il tuo personale di vendita a garantire che opportunit\u00e0 preziose non sfuggano. Crea report approfonditi e aumenta i ricavi.<\/li>\n<li><strong>Migliora i tuoi processi di vendita<\/strong>: organizza, personalizza e gestisci le opportunit\u00e0 all&#8217;interno del tuo CRM in modo da trascorrere in modo efficiente il tuo tempo nei luoghi pi\u00f9 redditizi. Assicurati che i tuoi team di vendita applichino accuratamente i tuoi processi e aderiscano alle migliori pratiche.<\/li>\n<\/ul>\n<h4>LE RECENSIONI DEGLI UTENTI<\/h4>\n<p class=\"font-weight-bold mb-2\"><strong>Kevin W.&#8221;Software eccellente&#8221;<\/strong><\/p>\n<p class=\"font-weight-bold mb-2\"><strong>Pro<\/strong>:\u00a0Molto facile da usare, rapporti utili e ottimo servizio clienti.<\/p>\n<p class=\"font-weight-bold mb-2\"><strong>Contro<\/strong>:\u00a0Essendo un centro conferenze pi\u00f9 piccolo, l&#8217;aggiunta di prodotti aggiuntivi pu\u00f2 essere costosa.<\/p>\n<p class=\"font-weight-bold mb-2\"><strong>Joanna G.&#8221;Prodotto Ungerboeck&#8221;<\/strong><\/p>\n<p><span class=\"font-weight-bold\"><strong>Commenti<\/strong>: <\/span>Usiamo il software Ungerboeck da anni e sono davvero soddisfatto del sistema e del team Ungerboeck.<\/p>\n<p class=\"font-weight-bold mb-2\"><strong>Pro<\/strong>:\u00a0\u00c8 estremamente flessibile e pu\u00f2 essere adattato alle esigenze aziendali individuali, \u00e8 facile da usare e anche facile da imparare e sviluppare per gli amministratori.<\/p>\n<p class=\"font-weight-bold mb-2\"><strong>Contro<\/strong>:\u00a0L&#8217;implementazione di nuove versioni e la correzione di piccoli bug di sistema possono essere talvolta difficili, a causa della configurazione e delle impostazioni individuali.<\/p>\n<p class=\"font-weight-bold mb-2\"><strong>Sunando C.&#8221;Piattaforma completa per la gestione degli eventi&#8221;<\/strong><\/p>\n<p><span class=\"font-weight-bold\"><strong>Commenti<\/strong>: <\/span>Molto soddisfatto<\/p>\n<p class=\"font-weight-bold mb-2\"><strong>Pro<\/strong>:\u00a0Dopo aver visto le varie versioni del prodotto e il cambiamento nel modo in cui Ungerboeck si sta sviluppando negli ultimi anni, \u00e8 davvero bello \u00a0da vedere. Le funzionalit\u00e0 sono state notevolmente migliorate ed \u00e8 il prodotto pi\u00f9 completo per tutte le esigenze di gestione degli eventi. Copre dal CRM ai dati finanziari e se sei e Organizer ti fornisce le funzionalit\u00e0 complete con cui lavorare.<\/p>\n<p class=\"font-weight-bold mb-2\"><strong>Contro<\/strong>:\u00a0Duplicazione Mancanza di flusso di lavoro per le approvazioni<\/p>\n","protected":false},"excerpt":{"rendered":"<p>Ungerboeck \u00e8 un\u00a0software per gestione eventi\u00a0conosciuto in tutto il mondo a cui si affidano migliaia di clienti che producono milioni di eventi. La comunit\u00e0 di utenti, che copre pi\u00f9 di 50 paesi, include i migliori spettacoli da tutto il mondo, incredibili luoghi per le arti dello spettacolo,\u00a0centri congressi globali, alcuni dei musei pi\u00f9 visitati, arene sportive professionali e altri eventi e luoghi unici di tutte le forme e dimensioni.<\/p>\n","protected":false},"author":16,"featured_media":52059,"parent":51909,"menu_order":0,"comment_status":"open","ping_status":"closed","template":"g1_template_page_review_new.php","meta":{"_acf_changed":false,"cwp_meta_box_check":"No","cwp_rev_product_name":"","cwp_rev_product_image":"","wppr_links":[],"cwp_rev_price":"","wppr_options":[],"wppr_pros":[],"wppr_cons":[],"_monsterinsights_skip_tracking":false,"_monsterinsights_sitenote_active":false,"_monsterinsights_sitenote_note":"","_monsterinsights_sitenote_category":0,"footnotes":""},"categories":[11738],"tags":[11745,11743,11741,11740,11744,11788],"features":[],"class_list":{"0":"post-52058","1":"page","2":"type-page","3":"status-publish","4":"has-post-thumbnail","6":"category-software-gestire-registrazioni-eventi-categoria","7":"tag-piattaforma-per-gestire-le-registrazioni-agli-eventi","8":"tag-programma-per-gestire-le-registrazioni-agli-eventi","9":"tag-registrazione-eventi","10":"tag-software-per-gestire-le-registrazioni-agli-eventi","11":"tag-soluzione-per-gestire-le-registrazioni-agli-eventi","12":"tag-ungerboeck"},"wppr_data":{"cwp_meta_box_check":"No"},"acf":[],"yoast_head":"<!-- This site is optimized with the Yoast SEO plugin v27.4 - https:\/\/yoast.com\/product\/yoast-seo-wordpress\/ -->\n<title>Ungerboeck: recensione software gestione registrazioni a eventi<\/title>\n<meta name=\"description\" content=\"Ungerboeck: recensione software per gestione eventi\u00a0conosciuto in tutto il mondo a cui si affidano clienti che organizzano manifestazioni.\" \/>\n<meta name=\"robots\" content=\"index, follow, max-snippet:-1, max-image-preview:large, max-video-preview:-1\" \/>\n<link rel=\"canonical\" href=\"https:\/\/www.accuratereviews.com\/it\/software-gestire-registrazioni-eventi\/ungerboeck-recensione\/\" \/>\n<meta property=\"og:locale\" content=\"it_IT\" \/>\n<meta property=\"og:type\" content=\"article\" \/>\n<meta property=\"og:title\" content=\"Ungerboeck: recensione software gestione registrazioni a eventi\" \/>\n<meta property=\"og:description\" content=\"Ungerboeck: recensione software per gestione eventi\u00a0conosciuto in tutto il mondo a cui si affidano clienti che organizzano manifestazioni.\" \/>\n<meta property=\"og:url\" content=\"https:\/\/www.accuratereviews.com\/it\/software-gestire-registrazioni-eventi\/ungerboeck-recensione\/\" \/>\n<meta property=\"og:site_name\" content=\"Accurate Reviews\" \/>\n<meta property=\"og:image\" content=\"https:\/\/www.accuratereviews.com\/wp-content\/uploads\/2022\/01\/ungerboeck-logo.png\" \/>\n\t<meta property=\"og:image:width\" content=\"225\" \/>\n\t<meta property=\"og:image:height\" content=\"225\" \/>\n\t<meta property=\"og:image:type\" content=\"image\/png\" \/>\n<meta name=\"twitter:card\" content=\"summary_large_image\" \/>\n<meta name=\"twitter:label1\" content=\"Tempo di lettura stimato\" \/>\n\t<meta name=\"twitter:data1\" content=\"4 minuti\" \/>\n<script type=\"application\/ld+json\" class=\"yoast-schema-graph\">{\"@context\":\"https:\\\/\\\/schema.org\",\"@graph\":[{\"@type\":\"WebPage\",\"@id\":\"https:\\\/\\\/www.accuratereviews.com\\\/it\\\/software-gestire-registrazioni-eventi\\\/ungerboeck-recensione\\\/\",\"url\":\"https:\\\/\\\/www.accuratereviews.com\\\/it\\\/software-gestire-registrazioni-eventi\\\/ungerboeck-recensione\\\/\",\"name\":\"Ungerboeck: recensione software gestione registrazioni a eventi\",\"isPartOf\":{\"@id\":\"https:\\\/\\\/www.accuratereviews.com\\\/it\\\/#website\"},\"primaryImageOfPage\":{\"@id\":\"https:\\\/\\\/www.accuratereviews.com\\\/it\\\/software-gestire-registrazioni-eventi\\\/ungerboeck-recensione\\\/#primaryimage\"},\"image\":{\"@id\":\"https:\\\/\\\/www.accuratereviews.com\\\/it\\\/software-gestire-registrazioni-eventi\\\/ungerboeck-recensione\\\/#primaryimage\"},\"thumbnailUrl\":\"https:\\\/\\\/www.accuratereviews.com\\\/wp-content\\\/uploads\\\/2022\\\/01\\\/ungerboeck-logo.png\",\"datePublished\":\"2022-01-05T14:47:01+00:00\",\"description\":\"Ungerboeck: recensione software per gestione eventi\u00a0conosciuto in tutto il mondo a cui si affidano clienti che organizzano manifestazioni.\",\"breadcrumb\":{\"@id\":\"https:\\\/\\\/www.accuratereviews.com\\\/it\\\/software-gestire-registrazioni-eventi\\\/ungerboeck-recensione\\\/#breadcrumb\"},\"inLanguage\":\"it-IT\",\"potentialAction\":[{\"@type\":\"ReadAction\",\"target\":[\"https:\\\/\\\/www.accuratereviews.com\\\/it\\\/software-gestire-registrazioni-eventi\\\/ungerboeck-recensione\\\/\"]}]},{\"@type\":\"ImageObject\",\"inLanguage\":\"it-IT\",\"@id\":\"https:\\\/\\\/www.accuratereviews.com\\\/it\\\/software-gestire-registrazioni-eventi\\\/ungerboeck-recensione\\\/#primaryimage\",\"url\":\"https:\\\/\\\/www.accuratereviews.com\\\/wp-content\\\/uploads\\\/2022\\\/01\\\/ungerboeck-logo.png\",\"contentUrl\":\"https:\\\/\\\/www.accuratereviews.com\\\/wp-content\\\/uploads\\\/2022\\\/01\\\/ungerboeck-logo.png\",\"width\":225,\"height\":225},{\"@type\":\"BreadcrumbList\",\"@id\":\"https:\\\/\\\/www.accuratereviews.com\\\/it\\\/software-gestire-registrazioni-eventi\\\/ungerboeck-recensione\\\/#breadcrumb\",\"itemListElement\":[{\"@type\":\"ListItem\",\"position\":1,\"name\":\"Home\",\"item\":\"https:\\\/\\\/www.accuratereviews.com\\\/it\\\/\"},{\"@type\":\"ListItem\",\"position\":2,\"name\":\"Software per gestire le registrazioni agli eventi\",\"item\":\"https:\\\/\\\/www.accuratereviews.com\\\/it\\\/software-gestire-registrazioni-eventi\\\/\"},{\"@type\":\"ListItem\",\"position\":3,\"name\":\"Ungerboeck\"}]},{\"@type\":\"WebSite\",\"@id\":\"https:\\\/\\\/www.accuratereviews.com\\\/it\\\/#website\",\"url\":\"https:\\\/\\\/www.accuratereviews.com\\\/it\\\/\",\"name\":\"Accurate Reviews\",\"description\":\"\",\"potentialAction\":[{\"@type\":\"SearchAction\",\"target\":{\"@type\":\"EntryPoint\",\"urlTemplate\":\"https:\\\/\\\/www.accuratereviews.com\\\/it\\\/?s={search_term_string}\"},\"query-input\":{\"@type\":\"PropertyValueSpecification\",\"valueRequired\":true,\"valueName\":\"search_term_string\"}}],\"inLanguage\":\"it-IT\"}]}<\/script>\n<!-- \/ Yoast SEO plugin. -->","yoast_head_json":{"title":"Ungerboeck: recensione software gestione registrazioni a eventi","description":"Ungerboeck: recensione software per gestione eventi\u00a0conosciuto in tutto il mondo a cui si affidano clienti che organizzano manifestazioni.","robots":{"index":"index","follow":"follow","max-snippet":"max-snippet:-1","max-image-preview":"max-image-preview:large","max-video-preview":"max-video-preview:-1"},"canonical":"https:\/\/www.accuratereviews.com\/it\/software-gestire-registrazioni-eventi\/ungerboeck-recensione\/","og_locale":"it_IT","og_type":"article","og_title":"Ungerboeck: recensione software gestione registrazioni a eventi","og_description":"Ungerboeck: recensione software per gestione eventi\u00a0conosciuto in tutto il mondo a cui si affidano clienti che organizzano manifestazioni.","og_url":"https:\/\/www.accuratereviews.com\/it\/software-gestire-registrazioni-eventi\/ungerboeck-recensione\/","og_site_name":"Accurate Reviews","og_image":[{"width":225,"height":225,"url":"https:\/\/www.accuratereviews.com\/wp-content\/uploads\/2022\/01\/ungerboeck-logo.png","type":"image\/png"}],"twitter_card":"summary_large_image","twitter_misc":{"Tempo di lettura stimato":"4 minuti"},"schema":{"@context":"https:\/\/schema.org","@graph":[{"@type":"WebPage","@id":"https:\/\/www.accuratereviews.com\/it\/software-gestire-registrazioni-eventi\/ungerboeck-recensione\/","url":"https:\/\/www.accuratereviews.com\/it\/software-gestire-registrazioni-eventi\/ungerboeck-recensione\/","name":"Ungerboeck: recensione software gestione registrazioni a eventi","isPartOf":{"@id":"https:\/\/www.accuratereviews.com\/it\/#website"},"primaryImageOfPage":{"@id":"https:\/\/www.accuratereviews.com\/it\/software-gestire-registrazioni-eventi\/ungerboeck-recensione\/#primaryimage"},"image":{"@id":"https:\/\/www.accuratereviews.com\/it\/software-gestire-registrazioni-eventi\/ungerboeck-recensione\/#primaryimage"},"thumbnailUrl":"https:\/\/www.accuratereviews.com\/wp-content\/uploads\/2022\/01\/ungerboeck-logo.png","datePublished":"2022-01-05T14:47:01+00:00","description":"Ungerboeck: recensione software per gestione eventi\u00a0conosciuto in tutto il mondo a cui si affidano clienti che organizzano manifestazioni.","breadcrumb":{"@id":"https:\/\/www.accuratereviews.com\/it\/software-gestire-registrazioni-eventi\/ungerboeck-recensione\/#breadcrumb"},"inLanguage":"it-IT","potentialAction":[{"@type":"ReadAction","target":["https:\/\/www.accuratereviews.com\/it\/software-gestire-registrazioni-eventi\/ungerboeck-recensione\/"]}]},{"@type":"ImageObject","inLanguage":"it-IT","@id":"https:\/\/www.accuratereviews.com\/it\/software-gestire-registrazioni-eventi\/ungerboeck-recensione\/#primaryimage","url":"https:\/\/www.accuratereviews.com\/wp-content\/uploads\/2022\/01\/ungerboeck-logo.png","contentUrl":"https:\/\/www.accuratereviews.com\/wp-content\/uploads\/2022\/01\/ungerboeck-logo.png","width":225,"height":225},{"@type":"BreadcrumbList","@id":"https:\/\/www.accuratereviews.com\/it\/software-gestire-registrazioni-eventi\/ungerboeck-recensione\/#breadcrumb","itemListElement":[{"@type":"ListItem","position":1,"name":"Home","item":"https:\/\/www.accuratereviews.com\/it\/"},{"@type":"ListItem","position":2,"name":"Software per gestire le registrazioni agli eventi","item":"https:\/\/www.accuratereviews.com\/it\/software-gestire-registrazioni-eventi\/"},{"@type":"ListItem","position":3,"name":"Ungerboeck"}]},{"@type":"WebSite","@id":"https:\/\/www.accuratereviews.com\/it\/#website","url":"https:\/\/www.accuratereviews.com\/it\/","name":"Accurate Reviews","description":"","potentialAction":[{"@type":"SearchAction","target":{"@type":"EntryPoint","urlTemplate":"https:\/\/www.accuratereviews.com\/it\/?s={search_term_string}"},"query-input":{"@type":"PropertyValueSpecification","valueRequired":true,"valueName":"search_term_string"}}],"inLanguage":"it-IT"}]}},"_links":{"self":[{"href":"https:\/\/www.accuratereviews.com\/it\/wp-json\/wp\/v2\/pages\/52058","targetHints":{"allow":["GET"]}}],"collection":[{"href":"https:\/\/www.accuratereviews.com\/it\/wp-json\/wp\/v2\/pages"}],"about":[{"href":"https:\/\/www.accuratereviews.com\/it\/wp-json\/wp\/v2\/types\/page"}],"author":[{"embeddable":true,"href":"https:\/\/www.accuratereviews.com\/it\/wp-json\/wp\/v2\/users\/16"}],"replies":[{"embeddable":true,"href":"https:\/\/www.accuratereviews.com\/it\/wp-json\/wp\/v2\/comments?post=52058"}],"version-history":[{"count":7,"href":"https:\/\/www.accuratereviews.com\/it\/wp-json\/wp\/v2\/pages\/52058\/revisions"}],"predecessor-version":[{"id":52105,"href":"https:\/\/www.accuratereviews.com\/it\/wp-json\/wp\/v2\/pages\/52058\/revisions\/52105"}],"up":[{"embeddable":true,"href":"https:\/\/www.accuratereviews.com\/it\/wp-json\/wp\/v2\/pages\/51909"}],"wp:featuredmedia":[{"embeddable":true,"href":"https:\/\/www.accuratereviews.com\/it\/wp-json\/wp\/v2\/media\/52059"}],"wp:attachment":[{"href":"https:\/\/www.accuratereviews.com\/it\/wp-json\/wp\/v2\/media?parent=52058"}],"wp:term":[{"taxonomy":"category","embeddable":true,"href":"https:\/\/www.accuratereviews.com\/it\/wp-json\/wp\/v2\/categories?post=52058"},{"taxonomy":"post_tag","embeddable":true,"href":"https:\/\/www.accuratereviews.com\/it\/wp-json\/wp\/v2\/tags?post=52058"},{"taxonomy":"features","embeddable":true,"href":"https:\/\/www.accuratereviews.com\/it\/wp-json\/wp\/v2\/features?post=52058"}],"curies":[{"name":"wp","href":"https:\/\/api.w.org\/{rel}","templated":true}]}}