{"id":52087,"date":"2022-01-05T14:53:24","date_gmt":"2022-01-05T14:53:24","guid":{"rendered":"https:\/\/www.accuratereviews.com\/?page_id=52087"},"modified":"2022-01-05T14:53:24","modified_gmt":"2022-01-05T14:53:24","slug":"wp-event-manager-recensione","status":"publish","type":"page","link":"https:\/\/www.accuratereviews.com\/it\/software-gestire-registrazioni-eventi\/wp-event-manager-recensione\/","title":{"rendered":"WP Event Manager"},"content":{"rendered":"<p><strong>WP Event Manager<\/strong> \u00e8 un plugin di WordPress che ti permette di<strong> gestire le registrazioni ai tuoi eventi<\/strong> mettendoti a disposizione un sistema di ticketing, un calendario, una dashboard intuitiva, numerosi widget e tanto altro ancora. Si tratta di una soluzione leggera, open source, scalabile e completa che consente di creare, gestire e categorizzare gli eventi sul sito web in modo semplice e veloce.<br \/>\nGrazie alla funzionalit\u00e0 di filtro e ricerca e allo shortcode di\u00a0<strong>WP Event Manager<\/strong>, i tuoi clienti potranno trovare immediatamente gli annunci che stanno cercando. \u00c8 semplice da usare sia per chi lo implementa nel suo sito sia per chi visita quest&#8217;ultimo.<\/p>\n<div class=\"overview-section__description pb-3\"><\/div>\n<h2>WP EVENT MANAGER &#8211; TUTORIAL<\/h2>\n<p>Ecco come funziona questo <strong>software per gestire le registrazioni degli eventi<\/strong>:<\/p>\n<div id=\"fluid-wrapper-counter-1\" class=\"g1-fluid-wrapper \" style=\"width:686px;\">\n<div style=\"padding-bottom:56.268221574344%;\"><iframe loading=\"lazy\" title=\"WP Event Manager - Introducing The Event Calendar Add on for WordPress\" width=\"686\" height=\"386\" src=\"https:\/\/www.youtube.com\/embed\/GSo4yzYQuzM?feature=oembed&amp;wmode=transparent&amp;autohide=1&amp;autoplay=0&amp;disablekb=0&amp;fs=1&amp;loop=0&amp;enablejsapi=1&amp;rel=0&amp;controls=2&amp;showinfo=0&amp;wmode=transparent&amp;autohide=2&amp;autoplay=0&amp;disablekb=0&amp;fs=1&amp;loop=0&amp;enablejsapi=1&amp;rel=0&amp;controls=2&amp;showinfo=1\" frameborder=\"0\" allow=\"accelerometer; autoplay; clipboard-write; encrypted-media; gyroscope; picture-in-picture\" allowfullscreen><\/iframe><\/div>\n<\/div>\n<h2>WP EVENT MANAGER- CARATTERISTICHE<\/h2>\n<ul>\n<li><strong>Completamente reattivo<\/strong>: tutti i plugin sono completamente compatibili e altamente reattivi in qualsiasi dimensione dello schermo desktop, mobile, laptop, iPad o tablet<\/li>\n<li><strong>Personalizzabile<\/strong>: l&#8217;architettura ben strutturata e codificabile migliora la funzionalit\u00e0 di base e soddisfa le tue esigenze specifiche<\/li>\n<li><strong>SEO friendly<\/strong>: ti aiuta a raggiungere un alto posizionamento su tutti i principali motori di ricerca come Google, Yahoo, Bing e altri<\/li>\n<li><strong>Editor di campi<\/strong>: permette agli utenti di modificare qualsiasi campo in ogni fase di presentazione dell&#8217;evento senza toccare una riga di codice<\/li>\n<li><strong>Visualizzazioni multiple<\/strong>: visualizza i tuoi eventi in pi\u00f9 formati come List View e Box View<\/li>\n<li><strong>Libert\u00e0 di operare<\/strong>: permette agli organizzatori e agli utenti di presentare il loro annuncio dal lato frontend e all&#8217;amministratore dal lato backend<\/li>\n<li><strong>Anteprima prima della diretta dell&#8217;evento<\/strong>: permette agli utenti di vedere la proiezione in diretta dell&#8217;evento programmato prima di pubblicarlo. Le modifiche possono essere fatte rapidamente prima che l&#8217;evento vada in diretta<\/li>\n<li><strong>Facile classificazione degli eventi<\/strong>: permette ai visitatori di cercare e identificare gli eventi desiderati per tipi e categorie<\/li>\n<li><strong>Dashboard degli eventi<\/strong>: visualizza e gestisci pi\u00f9 eventi con il cruscotto pi\u00f9 intuitivo, evidente e regolato<\/li>\n<li><strong>Funzionamento efficace<\/strong>: aiuta gli utenti a scegliere varie impostazioni e opzioni per creare un portale di gestione eventi molto attraente<\/li>\n<li><strong>Widget degli eventi<\/strong>: i dettagli strutturati e cronologici degli eventi come widget permettono agli utenti di personalizzare la pagina web e aumenta l&#8217;efficacia del tema WordPress<\/li>\n<li><strong>Organizzatori e sedi<\/strong>: permette agli utenti di gestire pi\u00f9 eventi, sedi e organizzatori con un solo account organizzatore<\/li>\n<li><strong>Sovrascrittura dei template<\/strong>: personalizza i modelli desiderati sul lato del tema senza ostacolare le impostazioni originali del plugin<\/li>\n<li><strong>Supporto alla traduzione multilingue<\/strong>: consente agli utenti di soddisfare tutti i pubblici globali creando siti web bilingue e multilingue. Compatibile anche con i plugin di traduzione di terze parti<\/li>\n<li><strong>Compatibilit\u00e0 con i costruttori di pagine<\/strong>: compatibile con Gutenberg e con i principali costruttori di pagine di terze parti come elementor, visual composer, divi builder. Nessuna abilit\u00e0 da sviluppatore richiesta per la configurazione.<\/li>\n<\/ul>\n<h4>LE RECENSIONI DEGLI UTENTI<\/h4>\n<p><strong>Ben H. &#8220;Fa quello che dice&#8221;<\/strong><br \/>\nCOMMENTI: nel complesso l&#8217;esperienza \u00e8 stata buona &#8211; \u00e8 stato super facile collegare cose come i gateway di pagamento ecc<br \/>\nPRO: i tempi di risposta del team di supporto sono stati ottimi<br \/>\nCONTRO: le opzioni di stile erano limitate per i miei clienti che non sono sviluppatori<\/p>\n<p><strong>Kathleen H. &#8220;Grande opzione per la gestione degli eventi!&#8221;<\/strong><br \/>\nCOMMENTI: un modo semplice per evidenziare i prossimi eventi sul nostro sito web e fornire ulteriori informazioni se necessario<br \/>\nPRO: mi piace la facilit\u00e0 d&#8217;uso ed \u00e8 stato cos\u00ec facile capire le opzioni di personalizzazione<br \/>\nCONTRO: pi\u00f9 opzioni visive sarebbe bello! Qualche altro layout che potrebbe essere facilmente cambiato per adattarsi a una variet\u00e0 di temi diversi.<\/p>\n<p><strong>Matt T. &#8220;Eccellente opzione per prendere il controllo dei propri eventi&#8221;<\/strong><br \/>\nCOMMENTI: ho cercato per un bel po&#8217; di tempo di trovare un plugin di qualit\u00e0 per la gestione degli eventi e finalmente ho trovato WP Event Manager. Il servizio clienti \u00e8 stato davvero buono ogni volta che ho avuto una domanda.<br \/>\nPRO: il servizio clienti \u00e8 davvero buono &#8211; reattivo e disponibile. \u00c8 un plugin di buon valore che mi ha dato tutto quello che volevo.<br \/>\nCONTRO: ho usato diversi plugin o estensioni per il plugin che possono richiedere un po&#8217; di sforzo per capire, ma niente che non ci si debba aspettare.<\/p>\n","protected":false},"excerpt":{"rendered":"<p>WP Event Manager \u00e8 un plugin di WordPress che ti permette di gestire le registrazioni ai tuoi eventi mettendoti a disposizione un sistema di ticketing, un calendario, una dashboard intuitiva, numerosi widget e tanto altro ancora. Si tratta di una soluzione leggera, open source, scalabile e completa che consente di creare, gestire e categorizzare gli eventi sul sito web in modo semplice e veloce.\u00a0\u00a0WP Event Manager \u00e8 un plugin di WordPress che ti permette di gestire le registrazioni ai tuoi eventi mettendoti a disposizione un sistema di ticketing, un calendario, una dashboard intuitiva, numerosi widget e tanto altro ancora. Si tratta di una soluzione leggera, open source, scalabile e completa che consente di creare, gestire e categorizzare gli eventi sul sito web in modo semplice e veloce.\u00a0\u00a0<\/p>\n","protected":false},"author":17,"featured_media":52093,"parent":51909,"menu_order":0,"comment_status":"open","ping_status":"closed","template":"g1_template_page_review_new.php","meta":{"_acf_changed":false,"cwp_meta_box_check":"No","cwp_rev_product_name":"","cwp_rev_product_image":"","wppr_links":[],"cwp_rev_price":"","wppr_options":[],"wppr_pros":[],"wppr_cons":[],"_monsterinsights_skip_tracking":false,"_monsterinsights_sitenote_active":false,"_monsterinsights_sitenote_note":"","_monsterinsights_sitenote_category":0,"footnotes":""},"categories":[11738],"tags":[11746,11745,11793,11743,11741,11740,11744],"features":[],"class_list":{"0":"post-52087","1":"page","2":"type-page","3":"status-publish","4":"has-post-thumbnail","6":"category-software-gestire-registrazioni-eventi-categoria","7":"tag-gestire-le-registrazioni-agli-eventi","8":"tag-piattaforma-per-gestire-le-registrazioni-agli-eventi","9":"tag-plugin-wordpress","10":"tag-programma-per-gestire-le-registrazioni-agli-eventi","11":"tag-registrazione-eventi","12":"tag-software-per-gestire-le-registrazioni-agli-eventi","13":"tag-soluzione-per-gestire-le-registrazioni-agli-eventi"},"wppr_data":{"cwp_meta_box_check":"No"},"acf":[],"yoast_head":"<!-- This site is optimized with the Yoast SEO plugin v27.4 - https:\/\/yoast.com\/product\/yoast-seo-wordpress\/ -->\n<title>WP Event Manager: software registrazioni eventi - Accurate Reviews<\/title>\n<meta name=\"description\" content=\"WP Event Manager: recensione del plugin di WordPress che ti permette di gestire le registrazioni ai tuoi eventi.\" \/>\n<meta name=\"robots\" content=\"index, follow, max-snippet:-1, max-image-preview:large, max-video-preview:-1\" \/>\n<link rel=\"canonical\" href=\"https:\/\/www.accuratereviews.com\/it\/software-gestire-registrazioni-eventi\/wp-event-manager-recensione\/\" \/>\n<meta property=\"og:locale\" content=\"it_IT\" \/>\n<meta property=\"og:type\" content=\"article\" \/>\n<meta property=\"og:title\" content=\"WP Event Manager: software registrazioni eventi - Accurate Reviews\" \/>\n<meta property=\"og:description\" content=\"WP Event Manager: recensione del plugin di WordPress che ti permette di gestire le registrazioni ai tuoi eventi.\" \/>\n<meta property=\"og:url\" content=\"https:\/\/www.accuratereviews.com\/it\/software-gestire-registrazioni-eventi\/wp-event-manager-recensione\/\" \/>\n<meta property=\"og:site_name\" content=\"Accurate Reviews\" \/>\n<meta property=\"og:image\" content=\"https:\/\/www.accuratereviews.com\/wp-content\/uploads\/2022\/01\/Unknown-1.png\" \/>\n\t<meta property=\"og:image:width\" content=\"467\" \/>\n\t<meta property=\"og:image:height\" content=\"200\" \/>\n\t<meta property=\"og:image:type\" content=\"image\/png\" \/>\n<meta name=\"twitter:card\" content=\"summary_large_image\" \/>\n<meta name=\"twitter:label1\" content=\"Tempo di lettura stimato\" \/>\n\t<meta name=\"twitter:data1\" content=\"4 minuti\" \/>\n<script type=\"application\/ld+json\" class=\"yoast-schema-graph\">{\"@context\":\"https:\\\/\\\/schema.org\",\"@graph\":[{\"@type\":\"WebPage\",\"@id\":\"https:\\\/\\\/www.accuratereviews.com\\\/it\\\/software-gestire-registrazioni-eventi\\\/wp-event-manager-recensione\\\/\",\"url\":\"https:\\\/\\\/www.accuratereviews.com\\\/it\\\/software-gestire-registrazioni-eventi\\\/wp-event-manager-recensione\\\/\",\"name\":\"WP Event Manager: software registrazioni eventi - Accurate Reviews\",\"isPartOf\":{\"@id\":\"https:\\\/\\\/www.accuratereviews.com\\\/it\\\/#website\"},\"primaryImageOfPage\":{\"@id\":\"https:\\\/\\\/www.accuratereviews.com\\\/it\\\/software-gestire-registrazioni-eventi\\\/wp-event-manager-recensione\\\/#primaryimage\"},\"image\":{\"@id\":\"https:\\\/\\\/www.accuratereviews.com\\\/it\\\/software-gestire-registrazioni-eventi\\\/wp-event-manager-recensione\\\/#primaryimage\"},\"thumbnailUrl\":\"https:\\\/\\\/www.accuratereviews.com\\\/wp-content\\\/uploads\\\/2022\\\/01\\\/Unknown-1.png\",\"datePublished\":\"2022-01-05T14:53:24+00:00\",\"description\":\"WP Event Manager: recensione del plugin di WordPress che ti permette di gestire le registrazioni ai tuoi eventi.\",\"breadcrumb\":{\"@id\":\"https:\\\/\\\/www.accuratereviews.com\\\/it\\\/software-gestire-registrazioni-eventi\\\/wp-event-manager-recensione\\\/#breadcrumb\"},\"inLanguage\":\"it-IT\",\"potentialAction\":[{\"@type\":\"ReadAction\",\"target\":[\"https:\\\/\\\/www.accuratereviews.com\\\/it\\\/software-gestire-registrazioni-eventi\\\/wp-event-manager-recensione\\\/\"]}]},{\"@type\":\"ImageObject\",\"inLanguage\":\"it-IT\",\"@id\":\"https:\\\/\\\/www.accuratereviews.com\\\/it\\\/software-gestire-registrazioni-eventi\\\/wp-event-manager-recensione\\\/#primaryimage\",\"url\":\"https:\\\/\\\/www.accuratereviews.com\\\/wp-content\\\/uploads\\\/2022\\\/01\\\/Unknown-1.png\",\"contentUrl\":\"https:\\\/\\\/www.accuratereviews.com\\\/wp-content\\\/uploads\\\/2022\\\/01\\\/Unknown-1.png\",\"width\":467,\"height\":200},{\"@type\":\"BreadcrumbList\",\"@id\":\"https:\\\/\\\/www.accuratereviews.com\\\/it\\\/software-gestire-registrazioni-eventi\\\/wp-event-manager-recensione\\\/#breadcrumb\",\"itemListElement\":[{\"@type\":\"ListItem\",\"position\":1,\"name\":\"Home\",\"item\":\"https:\\\/\\\/www.accuratereviews.com\\\/it\\\/\"},{\"@type\":\"ListItem\",\"position\":2,\"name\":\"Software per gestire le registrazioni agli eventi\",\"item\":\"https:\\\/\\\/www.accuratereviews.com\\\/it\\\/software-gestire-registrazioni-eventi\\\/\"},{\"@type\":\"ListItem\",\"position\":3,\"name\":\"WP Event Manager\"}]},{\"@type\":\"WebSite\",\"@id\":\"https:\\\/\\\/www.accuratereviews.com\\\/it\\\/#website\",\"url\":\"https:\\\/\\\/www.accuratereviews.com\\\/it\\\/\",\"name\":\"Accurate Reviews\",\"description\":\"\",\"potentialAction\":[{\"@type\":\"SearchAction\",\"target\":{\"@type\":\"EntryPoint\",\"urlTemplate\":\"https:\\\/\\\/www.accuratereviews.com\\\/it\\\/?s={search_term_string}\"},\"query-input\":{\"@type\":\"PropertyValueSpecification\",\"valueRequired\":true,\"valueName\":\"search_term_string\"}}],\"inLanguage\":\"it-IT\"}]}<\/script>\n<!-- \/ Yoast SEO plugin. -->","yoast_head_json":{"title":"WP Event Manager: software registrazioni eventi - Accurate Reviews","description":"WP Event Manager: recensione del plugin di WordPress che ti permette di gestire le registrazioni ai tuoi eventi.","robots":{"index":"index","follow":"follow","max-snippet":"max-snippet:-1","max-image-preview":"max-image-preview:large","max-video-preview":"max-video-preview:-1"},"canonical":"https:\/\/www.accuratereviews.com\/it\/software-gestire-registrazioni-eventi\/wp-event-manager-recensione\/","og_locale":"it_IT","og_type":"article","og_title":"WP Event Manager: software registrazioni eventi - Accurate Reviews","og_description":"WP Event Manager: recensione del plugin di WordPress che ti permette di gestire le registrazioni ai tuoi eventi.","og_url":"https:\/\/www.accuratereviews.com\/it\/software-gestire-registrazioni-eventi\/wp-event-manager-recensione\/","og_site_name":"Accurate Reviews","og_image":[{"width":467,"height":200,"url":"https:\/\/www.accuratereviews.com\/wp-content\/uploads\/2022\/01\/Unknown-1.png","type":"image\/png"}],"twitter_card":"summary_large_image","twitter_misc":{"Tempo di lettura stimato":"4 minuti"},"schema":{"@context":"https:\/\/schema.org","@graph":[{"@type":"WebPage","@id":"https:\/\/www.accuratereviews.com\/it\/software-gestire-registrazioni-eventi\/wp-event-manager-recensione\/","url":"https:\/\/www.accuratereviews.com\/it\/software-gestire-registrazioni-eventi\/wp-event-manager-recensione\/","name":"WP Event Manager: software registrazioni eventi - Accurate Reviews","isPartOf":{"@id":"https:\/\/www.accuratereviews.com\/it\/#website"},"primaryImageOfPage":{"@id":"https:\/\/www.accuratereviews.com\/it\/software-gestire-registrazioni-eventi\/wp-event-manager-recensione\/#primaryimage"},"image":{"@id":"https:\/\/www.accuratereviews.com\/it\/software-gestire-registrazioni-eventi\/wp-event-manager-recensione\/#primaryimage"},"thumbnailUrl":"https:\/\/www.accuratereviews.com\/wp-content\/uploads\/2022\/01\/Unknown-1.png","datePublished":"2022-01-05T14:53:24+00:00","description":"WP Event Manager: recensione del plugin di WordPress che ti permette di gestire le registrazioni ai tuoi eventi.","breadcrumb":{"@id":"https:\/\/www.accuratereviews.com\/it\/software-gestire-registrazioni-eventi\/wp-event-manager-recensione\/#breadcrumb"},"inLanguage":"it-IT","potentialAction":[{"@type":"ReadAction","target":["https:\/\/www.accuratereviews.com\/it\/software-gestire-registrazioni-eventi\/wp-event-manager-recensione\/"]}]},{"@type":"ImageObject","inLanguage":"it-IT","@id":"https:\/\/www.accuratereviews.com\/it\/software-gestire-registrazioni-eventi\/wp-event-manager-recensione\/#primaryimage","url":"https:\/\/www.accuratereviews.com\/wp-content\/uploads\/2022\/01\/Unknown-1.png","contentUrl":"https:\/\/www.accuratereviews.com\/wp-content\/uploads\/2022\/01\/Unknown-1.png","width":467,"height":200},{"@type":"BreadcrumbList","@id":"https:\/\/www.accuratereviews.com\/it\/software-gestire-registrazioni-eventi\/wp-event-manager-recensione\/#breadcrumb","itemListElement":[{"@type":"ListItem","position":1,"name":"Home","item":"https:\/\/www.accuratereviews.com\/it\/"},{"@type":"ListItem","position":2,"name":"Software per gestire le registrazioni agli eventi","item":"https:\/\/www.accuratereviews.com\/it\/software-gestire-registrazioni-eventi\/"},{"@type":"ListItem","position":3,"name":"WP Event Manager"}]},{"@type":"WebSite","@id":"https:\/\/www.accuratereviews.com\/it\/#website","url":"https:\/\/www.accuratereviews.com\/it\/","name":"Accurate Reviews","description":"","potentialAction":[{"@type":"SearchAction","target":{"@type":"EntryPoint","urlTemplate":"https:\/\/www.accuratereviews.com\/it\/?s={search_term_string}"},"query-input":{"@type":"PropertyValueSpecification","valueRequired":true,"valueName":"search_term_string"}}],"inLanguage":"it-IT"}]}},"_links":{"self":[{"href":"https:\/\/www.accuratereviews.com\/it\/wp-json\/wp\/v2\/pages\/52087","targetHints":{"allow":["GET"]}}],"collection":[{"href":"https:\/\/www.accuratereviews.com\/it\/wp-json\/wp\/v2\/pages"}],"about":[{"href":"https:\/\/www.accuratereviews.com\/it\/wp-json\/wp\/v2\/types\/page"}],"author":[{"embeddable":true,"href":"https:\/\/www.accuratereviews.com\/it\/wp-json\/wp\/v2\/users\/17"}],"replies":[{"embeddable":true,"href":"https:\/\/www.accuratereviews.com\/it\/wp-json\/wp\/v2\/comments?post=52087"}],"version-history":[{"count":3,"href":"https:\/\/www.accuratereviews.com\/it\/wp-json\/wp\/v2\/pages\/52087\/revisions"}],"predecessor-version":[{"id":52109,"href":"https:\/\/www.accuratereviews.com\/it\/wp-json\/wp\/v2\/pages\/52087\/revisions\/52109"}],"up":[{"embeddable":true,"href":"https:\/\/www.accuratereviews.com\/it\/wp-json\/wp\/v2\/pages\/51909"}],"wp:featuredmedia":[{"embeddable":true,"href":"https:\/\/www.accuratereviews.com\/it\/wp-json\/wp\/v2\/media\/52093"}],"wp:attachment":[{"href":"https:\/\/www.accuratereviews.com\/it\/wp-json\/wp\/v2\/media?parent=52087"}],"wp:term":[{"taxonomy":"category","embeddable":true,"href":"https:\/\/www.accuratereviews.com\/it\/wp-json\/wp\/v2\/categories?post=52087"},{"taxonomy":"post_tag","embeddable":true,"href":"https:\/\/www.accuratereviews.com\/it\/wp-json\/wp\/v2\/tags?post=52087"},{"taxonomy":"features","embeddable":true,"href":"https:\/\/www.accuratereviews.com\/it\/wp-json\/wp\/v2\/features?post=52087"}],"curies":[{"name":"wp","href":"https:\/\/api.w.org\/{rel}","templated":true}]}}