{"id":52117,"date":"2022-01-10T13:28:00","date_gmt":"2022-01-10T13:28:00","guid":{"rendered":"https:\/\/www.accuratereviews.com\/?page_id=52117"},"modified":"2022-01-10T13:28:00","modified_gmt":"2022-01-10T13:28:00","slug":"eventix-recensione","status":"publish","type":"page","link":"https:\/\/www.accuratereviews.com\/it\/software-gestire-registrazioni-eventi\/eventix-recensione\/","title":{"rendered":"Eventix"},"content":{"rendered":"<p><strong>Eventix<\/strong> \u00e8 un<strong> software di gestione dei biglietti<\/strong> progettato per aiutare gli organizzatori di eventi a creare e vendere biglietti personalizzabili. La soluzione consente agli amministratori di offrire prodotti aggiuntivi tra cui token, pass navetta e biglietti combinati su un&#8217;interfaccia unificata.\u00a0Le aziende possono acquisire e utilizzare le informazioni dei visitatori per raggiungere il pubblico di destinazione attraverso campagne pubblicitarie su vari canali tra cui Facebook, Instagram, Twitter ed email. <strong>Eventix<\/strong> permette agli ospiti di visualizzare le planimetrie dei posti e prenotare posti specifici in una dashboard centralizzata. La piattaforma multilingue consente inoltre ai team di importare elenchi di ospiti, inviare biglietti personalizzati via email e ricevere pagamenti.\u00a0Le sue applicazioni mobili Android e iOS consentono agli operatori di scansionare i biglietti e ottenere informazioni in tempo reale sui conteggi dei check-in.<\/p>\n<h2>EVENTIX &#8211; TUTORIAL<\/h2>\n<p>Guardiamo il video su questo software per <strong>gestire le registrazioni degli eventi<\/strong>:<\/p>\n<div id=\"fluid-wrapper-counter-1\" class=\"g1-fluid-wrapper \" style=\"width:686px;\">\n<div style=\"padding-bottom:56.268221574344%;\"><iframe loading=\"lazy\" title=\"Eventix | Build Your Crowd\" width=\"686\" height=\"386\" src=\"https:\/\/www.youtube.com\/embed\/EYjvKWLC3pk?feature=oembed&amp;wmode=transparent&amp;autohide=1&amp;autoplay=0&amp;disablekb=0&amp;fs=1&amp;loop=0&amp;enablejsapi=1&amp;rel=0&amp;controls=2&amp;showinfo=0&amp;wmode=transparent&amp;autohide=2&amp;autoplay=0&amp;disablekb=0&amp;fs=1&amp;loop=0&amp;enablejsapi=1&amp;rel=0&amp;controls=2&amp;showinfo=1\" frameborder=\"0\" allow=\"accelerometer; autoplay; clipboard-write; encrypted-media; gyroscope; picture-in-picture\" allowfullscreen><\/iframe><\/div>\n<\/div>\n<h3>EVENTIX &#8211; CARATTERISTICHE<\/h3>\n<ul>\n<li><strong>Dashboard facile da usare:<\/strong> la soluzione ti d\u00e0 accesso a un sacco di funzioni utili in un&#8217;interfaccia intuitiva. Allo stesso tempo, la dashboard ti offre un hub centrale da cui puoi mantenere una panoramica in tempo reale di tutti i tuoi eventi e della vendita dei biglietti<\/li>\n<li><strong>Crea pi\u00f9 di una biglietteria<\/strong>: le biglietterie sono facili da realizzare e versatili. Potresti avere pi\u00f9 negozi per lo stesso evento con prodotti diversi per attirare un pubblico diverso, oppure un negozio di base con tutti i tuoi biglietti in un unico posto<\/li>\n<li><strong>App di approfondimento<\/strong>: l&#8217;app pu\u00f2 aiutarti a rimanere aggiornato sulla vendita dei tuoi biglietti anche quando sei in movimento. Puoi tenere traccia di tutti i tuoi eventi o restringere il campo a uno o due. L&#8217;app \u00e8 disponibile nel Google Play Store o nell&#8217;App Store<\/li>\n<li><strong>Immagine del biglietto<\/strong>: puoi personalizzare l&#8217;aspetto dei tuoi biglietti caricando un&#8217;immagine personalizzata<\/li>\n<li><strong>La tua biglietteria sul tuo sito web<\/strong>: incorpora la tua biglietteria sul tuo sito web con la libert\u00e0 di scegliere i colori che si adattano perfettamente al tuo brand<\/li>\n<li><strong>Vendi ci\u00f2 che vuoi<\/strong>: puoi offrire ai tuoi ospiti prodotti aggiuntivi come gettoni, pass navetta e merchandising. Prodotti aggiuntivi aiutano a generare pi\u00f9 entrate, anche prima dell&#8217;inizio dell&#8217;evento.<\/li>\n<li><strong>Qualsiasi paese e metodo di pagamento<\/strong>: per facilitare gli acquirenti dei biglietti, la tua biglietteria identificher\u00e0 la lingua del browser e cambier\u00e0 per adattarla. I tuoi acquirenti hanno anche accesso a tutti i metodi di pagamento pi\u00f9 comuni, cos\u00ec possono sempre pagare nel modo che preferiscono.<\/li>\n<li><strong>Conosci i tuoi visitatori<\/strong>: ogni volta che vendi un biglietto, impari qualcosa in pi\u00f9 sui tuoi visitatori. Ti forniamo gli strumenti necessari per identificare il tuo pubblico di destinazione e scoprire come cambia da un evento all&#8217;altro<\/li>\n<li><strong>Dashboard condivisibile<\/strong>: condividi informazioni specifiche sui dati demografici del tuo evento con un partner, come il proprietario di un locale o un artista. Per fare ci\u00f2, puoi creare dashboard condivisibili che forniscono ai tuoi partner approfondimenti senza dare loro pieno accesso al tuo account<\/li>\n<li><strong>Posti a sedere<\/strong>: se vendi biglietti per un evento con posti a sedere, puoi creare un piano dei posti e assegnare ogni biglietto venduto a un posto<\/li>\n<li><strong>Biglietteria stagionale<\/strong>: se stai cercando di vendere abbonamenti stagionali, che si tratti di sport, musica o laboratori puoi facilmente fornire ai tuoi visitatori l&#8217;accesso a un&#8217;intera stagione di attivit\u00e0<\/li>\n<li><strong>Misura la conversione<\/strong>: dopo aver impostato il tuo GTM e collegato i tuoi pixel di Facebook e Google Analytics, puoi iniziare a misurare la tua conversione dai tuoi post Facebook sia a pagamento che organici. Puoi fare lo stesso per la maggior parte delle altre piattaforme di marketing<\/li>\n<li><strong>Campagne pubblicitarie<\/strong>: utilizzando i dati che hai raccolto tramite GTM, puoi decidere se \u00e8 necessario modificare o meno le tue attuali campagne o lanciarne una nuova.<\/li>\n<li><strong>Analisi<\/strong>: se hai investito in campagne pubblicitarie, \u00e8 utile sapere quanto hanno avuto successo. Confronta le tue conversioni da diverse fonti e scopri quale approccio funziona meglio per il tuo pubblico di destinazione.<\/li>\n<\/ul>\n<h4>LE RECENSIONI DEGLI UTENTI<\/h4>\n<p class=\"font-weight-bold mb-2\"><strong>Cosmin S.&#8221;Una piattaforma affidabile per eventi di medie dimensioni&#8221;<\/strong><\/p>\n<p class=\"font-weight-bold mb-2\"><strong>Pro<\/strong>:\u00a0Mi \u00e8 piaciuto il fatto che non richiedesse alcuna conoscenza di codifica per la pagina di destinazione. Semplice e facile da usare per tutti coloro che vogliono ospitare un evento.<\/p>\n<p class=\"font-weight-bold mb-2\"><strong>Contro<\/strong>:\u00a0\u00c8 stato un po&#8217; difficile capire quale elemento cambia quando hai selezionato colori\/tema nel back-end, ma l&#8217;ho capito.<\/p>\n<p class=\"font-weight-bold mb-2\"><strong>Ioana D.&#8221;Eventmix facile da usare&#8221;<\/strong><\/p>\n<p class=\"font-weight-bold mb-2\"><strong>Pro<\/strong>:\u00a0Eventmix \u00e8 facile da usare come gestore di eventi. Posso creare facilmente l&#8217;evento con un&#8217;agenda descrittiva, una bella esposizione, un palco dal vivo e tavoli di networking. I partecipanti possono chattare e interagire prima dell&#8217;evento e possono visitare l&#8217;area espositiva. Ottimo team di supporto, molto reattivo e pronto a trovare una soluzione.<\/p>\n<p class=\"font-weight-bold mb-2\"><strong>Contro<\/strong>:\u00a0Per chi ha eventi ricorrenti sarebbe bello poter creare dei template. Non vedo l&#8217;ora di ricevere biglietti e badge per eventi offline per poter utilizzare eventmix per eventi ibridi<\/p>\n<p class=\"font-weight-bold mb-2\"><strong>Elena M.&#8221;Mix di eventi&#8221;<\/strong><\/p>\n<p><span class=\"font-weight-bold\"><strong>Commenti<\/strong>: <\/span>Mi piace molto perch\u00e9 bastano pochi minuti per personalizzare completamente un evento ed \u00e8 molto facile da usare anche per i membri esterni.\u00a0Ha un&#8217;ottima opzione per l&#8217;accesso ai dati dei partecipanti<\/p>\n<p class=\"font-weight-bold mb-2\"><strong>Pro<\/strong>:\u00a0\u00c8 facile da usare e le pagine di carico si personalizzano abbastanza velocemente<\/p>\n<p><strong>Contro<\/strong>: L&#8217;organizzazione\/struttura delle schede<\/p>\n","protected":false},"excerpt":{"rendered":"<p>Eventix \u00e8 un software di gestione dei biglietti progettato per aiutare gli organizzatori di eventi a creare e vendere biglietti personalizzabili. La soluzione consente agli amministratori di offrire prodotti aggiuntivi tra cui token, pass navetta e biglietti combinati su un&#8217;interfaccia unificata.\u00a0Le aziende possono acquisire e utilizzare le informazioni dei visitatori per raggiungere il pubblico di destinazione attraverso campagne pubblicitarie su vari canali tra cui Facebook, Instagram, Twitter ed email.<\/p>\n","protected":false},"author":16,"featured_media":52118,"parent":51909,"menu_order":0,"comment_status":"open","ping_status":"closed","template":"g1_template_page_review_new.php","meta":{"_acf_changed":false,"cwp_meta_box_check":"No","cwp_rev_product_name":"","cwp_rev_product_image":"","wppr_links":[],"cwp_rev_price":"","wppr_options":[],"wppr_pros":[],"wppr_cons":[],"_monsterinsights_skip_tracking":false,"_monsterinsights_sitenote_active":false,"_monsterinsights_sitenote_note":"","_monsterinsights_sitenote_category":0,"footnotes":""},"categories":[11738],"tags":[11795,11745,11743,11741,11740,11744],"features":[],"class_list":{"0":"post-52117","1":"page","2":"type-page","3":"status-publish","4":"has-post-thumbnail","6":"category-software-gestire-registrazioni-eventi-categoria","7":"tag-eventix","8":"tag-piattaforma-per-gestire-le-registrazioni-agli-eventi","9":"tag-programma-per-gestire-le-registrazioni-agli-eventi","10":"tag-registrazione-eventi","11":"tag-software-per-gestire-le-registrazioni-agli-eventi","12":"tag-soluzione-per-gestire-le-registrazioni-agli-eventi"},"wppr_data":{"cwp_meta_box_check":"No"},"acf":[],"yoast_head":"<!-- This site is optimized with the Yoast SEO plugin v27.4 - https:\/\/yoast.com\/product\/yoast-seo-wordpress\/ -->\n<title>Eventix: recensione software per gestire le registrazioni agli eventi<\/title>\n<meta name=\"description\" content=\"Eventix: recensione software gestione di eventi progettato per aiutare gli organizzatori a creare e vendere biglietti personalizzabili.\" \/>\n<meta name=\"robots\" content=\"index, follow, max-snippet:-1, max-image-preview:large, max-video-preview:-1\" \/>\n<link rel=\"canonical\" href=\"https:\/\/www.accuratereviews.com\/it\/software-gestire-registrazioni-eventi\/eventix-recensione\/\" \/>\n<meta property=\"og:locale\" content=\"it_IT\" \/>\n<meta property=\"og:type\" content=\"article\" \/>\n<meta property=\"og:title\" content=\"Eventix: recensione software per gestire le registrazioni agli eventi\" \/>\n<meta property=\"og:description\" content=\"Eventix: recensione software gestione di eventi progettato per aiutare gli organizzatori a creare e vendere biglietti personalizzabili.\" \/>\n<meta property=\"og:url\" content=\"https:\/\/www.accuratereviews.com\/it\/software-gestire-registrazioni-eventi\/eventix-recensione\/\" \/>\n<meta property=\"og:site_name\" content=\"Accurate Reviews\" \/>\n<meta property=\"og:image\" content=\"https:\/\/www.accuratereviews.com\/wp-content\/uploads\/2022\/01\/eventix.png\" \/>\n\t<meta property=\"og:image:width\" content=\"600\" \/>\n\t<meta property=\"og:image:height\" content=\"315\" \/>\n\t<meta property=\"og:image:type\" content=\"image\/png\" \/>\n<meta name=\"twitter:card\" content=\"summary_large_image\" \/>\n<meta name=\"twitter:label1\" content=\"Tempo di lettura stimato\" \/>\n\t<meta name=\"twitter:data1\" content=\"5 minuti\" \/>\n<script type=\"application\/ld+json\" class=\"yoast-schema-graph\">{\"@context\":\"https:\\\/\\\/schema.org\",\"@graph\":[{\"@type\":\"WebPage\",\"@id\":\"https:\\\/\\\/www.accuratereviews.com\\\/it\\\/software-gestire-registrazioni-eventi\\\/eventix-recensione\\\/\",\"url\":\"https:\\\/\\\/www.accuratereviews.com\\\/it\\\/software-gestire-registrazioni-eventi\\\/eventix-recensione\\\/\",\"name\":\"Eventix: recensione software per gestire le registrazioni agli eventi\",\"isPartOf\":{\"@id\":\"https:\\\/\\\/www.accuratereviews.com\\\/it\\\/#website\"},\"primaryImageOfPage\":{\"@id\":\"https:\\\/\\\/www.accuratereviews.com\\\/it\\\/software-gestire-registrazioni-eventi\\\/eventix-recensione\\\/#primaryimage\"},\"image\":{\"@id\":\"https:\\\/\\\/www.accuratereviews.com\\\/it\\\/software-gestire-registrazioni-eventi\\\/eventix-recensione\\\/#primaryimage\"},\"thumbnailUrl\":\"https:\\\/\\\/www.accuratereviews.com\\\/wp-content\\\/uploads\\\/2022\\\/01\\\/eventix.png\",\"datePublished\":\"2022-01-10T13:28:00+00:00\",\"description\":\"Eventix: recensione software gestione di eventi progettato per aiutare gli organizzatori a creare e vendere biglietti personalizzabili.\",\"breadcrumb\":{\"@id\":\"https:\\\/\\\/www.accuratereviews.com\\\/it\\\/software-gestire-registrazioni-eventi\\\/eventix-recensione\\\/#breadcrumb\"},\"inLanguage\":\"it-IT\",\"potentialAction\":[{\"@type\":\"ReadAction\",\"target\":[\"https:\\\/\\\/www.accuratereviews.com\\\/it\\\/software-gestire-registrazioni-eventi\\\/eventix-recensione\\\/\"]}]},{\"@type\":\"ImageObject\",\"inLanguage\":\"it-IT\",\"@id\":\"https:\\\/\\\/www.accuratereviews.com\\\/it\\\/software-gestire-registrazioni-eventi\\\/eventix-recensione\\\/#primaryimage\",\"url\":\"https:\\\/\\\/www.accuratereviews.com\\\/wp-content\\\/uploads\\\/2022\\\/01\\\/eventix.png\",\"contentUrl\":\"https:\\\/\\\/www.accuratereviews.com\\\/wp-content\\\/uploads\\\/2022\\\/01\\\/eventix.png\",\"width\":600,\"height\":315},{\"@type\":\"BreadcrumbList\",\"@id\":\"https:\\\/\\\/www.accuratereviews.com\\\/it\\\/software-gestire-registrazioni-eventi\\\/eventix-recensione\\\/#breadcrumb\",\"itemListElement\":[{\"@type\":\"ListItem\",\"position\":1,\"name\":\"Home\",\"item\":\"https:\\\/\\\/www.accuratereviews.com\\\/it\\\/\"},{\"@type\":\"ListItem\",\"position\":2,\"name\":\"Software per gestire le registrazioni agli eventi\",\"item\":\"https:\\\/\\\/www.accuratereviews.com\\\/it\\\/software-gestire-registrazioni-eventi\\\/\"},{\"@type\":\"ListItem\",\"position\":3,\"name\":\"Eventix\"}]},{\"@type\":\"WebSite\",\"@id\":\"https:\\\/\\\/www.accuratereviews.com\\\/it\\\/#website\",\"url\":\"https:\\\/\\\/www.accuratereviews.com\\\/it\\\/\",\"name\":\"Accurate Reviews\",\"description\":\"\",\"potentialAction\":[{\"@type\":\"SearchAction\",\"target\":{\"@type\":\"EntryPoint\",\"urlTemplate\":\"https:\\\/\\\/www.accuratereviews.com\\\/it\\\/?s={search_term_string}\"},\"query-input\":{\"@type\":\"PropertyValueSpecification\",\"valueRequired\":true,\"valueName\":\"search_term_string\"}}],\"inLanguage\":\"it-IT\"}]}<\/script>\n<!-- \/ Yoast SEO plugin. -->","yoast_head_json":{"title":"Eventix: recensione software per gestire le registrazioni agli eventi","description":"Eventix: recensione software gestione di eventi progettato per aiutare gli organizzatori a creare e vendere biglietti personalizzabili.","robots":{"index":"index","follow":"follow","max-snippet":"max-snippet:-1","max-image-preview":"max-image-preview:large","max-video-preview":"max-video-preview:-1"},"canonical":"https:\/\/www.accuratereviews.com\/it\/software-gestire-registrazioni-eventi\/eventix-recensione\/","og_locale":"it_IT","og_type":"article","og_title":"Eventix: recensione software per gestire le registrazioni agli eventi","og_description":"Eventix: recensione software gestione di eventi progettato per aiutare gli organizzatori a creare e vendere biglietti personalizzabili.","og_url":"https:\/\/www.accuratereviews.com\/it\/software-gestire-registrazioni-eventi\/eventix-recensione\/","og_site_name":"Accurate Reviews","og_image":[{"width":600,"height":315,"url":"https:\/\/www.accuratereviews.com\/wp-content\/uploads\/2022\/01\/eventix.png","type":"image\/png"}],"twitter_card":"summary_large_image","twitter_misc":{"Tempo di lettura stimato":"5 minuti"},"schema":{"@context":"https:\/\/schema.org","@graph":[{"@type":"WebPage","@id":"https:\/\/www.accuratereviews.com\/it\/software-gestire-registrazioni-eventi\/eventix-recensione\/","url":"https:\/\/www.accuratereviews.com\/it\/software-gestire-registrazioni-eventi\/eventix-recensione\/","name":"Eventix: recensione software per gestire le registrazioni agli eventi","isPartOf":{"@id":"https:\/\/www.accuratereviews.com\/it\/#website"},"primaryImageOfPage":{"@id":"https:\/\/www.accuratereviews.com\/it\/software-gestire-registrazioni-eventi\/eventix-recensione\/#primaryimage"},"image":{"@id":"https:\/\/www.accuratereviews.com\/it\/software-gestire-registrazioni-eventi\/eventix-recensione\/#primaryimage"},"thumbnailUrl":"https:\/\/www.accuratereviews.com\/wp-content\/uploads\/2022\/01\/eventix.png","datePublished":"2022-01-10T13:28:00+00:00","description":"Eventix: recensione software gestione di eventi progettato per aiutare gli organizzatori a creare e vendere biglietti personalizzabili.","breadcrumb":{"@id":"https:\/\/www.accuratereviews.com\/it\/software-gestire-registrazioni-eventi\/eventix-recensione\/#breadcrumb"},"inLanguage":"it-IT","potentialAction":[{"@type":"ReadAction","target":["https:\/\/www.accuratereviews.com\/it\/software-gestire-registrazioni-eventi\/eventix-recensione\/"]}]},{"@type":"ImageObject","inLanguage":"it-IT","@id":"https:\/\/www.accuratereviews.com\/it\/software-gestire-registrazioni-eventi\/eventix-recensione\/#primaryimage","url":"https:\/\/www.accuratereviews.com\/wp-content\/uploads\/2022\/01\/eventix.png","contentUrl":"https:\/\/www.accuratereviews.com\/wp-content\/uploads\/2022\/01\/eventix.png","width":600,"height":315},{"@type":"BreadcrumbList","@id":"https:\/\/www.accuratereviews.com\/it\/software-gestire-registrazioni-eventi\/eventix-recensione\/#breadcrumb","itemListElement":[{"@type":"ListItem","position":1,"name":"Home","item":"https:\/\/www.accuratereviews.com\/it\/"},{"@type":"ListItem","position":2,"name":"Software per gestire le registrazioni agli eventi","item":"https:\/\/www.accuratereviews.com\/it\/software-gestire-registrazioni-eventi\/"},{"@type":"ListItem","position":3,"name":"Eventix"}]},{"@type":"WebSite","@id":"https:\/\/www.accuratereviews.com\/it\/#website","url":"https:\/\/www.accuratereviews.com\/it\/","name":"Accurate Reviews","description":"","potentialAction":[{"@type":"SearchAction","target":{"@type":"EntryPoint","urlTemplate":"https:\/\/www.accuratereviews.com\/it\/?s={search_term_string}"},"query-input":{"@type":"PropertyValueSpecification","valueRequired":true,"valueName":"search_term_string"}}],"inLanguage":"it-IT"}]}},"_links":{"self":[{"href":"https:\/\/www.accuratereviews.com\/it\/wp-json\/wp\/v2\/pages\/52117","targetHints":{"allow":["GET"]}}],"collection":[{"href":"https:\/\/www.accuratereviews.com\/it\/wp-json\/wp\/v2\/pages"}],"about":[{"href":"https:\/\/www.accuratereviews.com\/it\/wp-json\/wp\/v2\/types\/page"}],"author":[{"embeddable":true,"href":"https:\/\/www.accuratereviews.com\/it\/wp-json\/wp\/v2\/users\/16"}],"replies":[{"embeddable":true,"href":"https:\/\/www.accuratereviews.com\/it\/wp-json\/wp\/v2\/comments?post=52117"}],"version-history":[{"count":8,"href":"https:\/\/www.accuratereviews.com\/it\/wp-json\/wp\/v2\/pages\/52117\/revisions"}],"predecessor-version":[{"id":52164,"href":"https:\/\/www.accuratereviews.com\/it\/wp-json\/wp\/v2\/pages\/52117\/revisions\/52164"}],"up":[{"embeddable":true,"href":"https:\/\/www.accuratereviews.com\/it\/wp-json\/wp\/v2\/pages\/51909"}],"wp:featuredmedia":[{"embeddable":true,"href":"https:\/\/www.accuratereviews.com\/it\/wp-json\/wp\/v2\/media\/52118"}],"wp:attachment":[{"href":"https:\/\/www.accuratereviews.com\/it\/wp-json\/wp\/v2\/media?parent=52117"}],"wp:term":[{"taxonomy":"category","embeddable":true,"href":"https:\/\/www.accuratereviews.com\/it\/wp-json\/wp\/v2\/categories?post=52117"},{"taxonomy":"post_tag","embeddable":true,"href":"https:\/\/www.accuratereviews.com\/it\/wp-json\/wp\/v2\/tags?post=52117"},{"taxonomy":"features","embeddable":true,"href":"https:\/\/www.accuratereviews.com\/it\/wp-json\/wp\/v2\/features?post=52117"}],"curies":[{"name":"wp","href":"https:\/\/api.w.org\/{rel}","templated":true}]}}