{"id":52149,"date":"2022-01-10T16:25:01","date_gmt":"2022-01-10T16:25:01","guid":{"rendered":"https:\/\/www.accuratereviews.com\/?page_id=52149"},"modified":"2022-01-10T16:25:01","modified_gmt":"2022-01-10T16:25:01","slug":"eventbrite-recensione","status":"publish","type":"page","link":"https:\/\/www.accuratereviews.com\/it\/software-gestire-registrazioni-eventi\/eventbrite-recensione\/","title":{"rendered":"Eventbrite"},"content":{"rendered":"<p><strong>Eventbrite<\/strong> \u00e8 un programma sviluppato per aiutare le aziende a <strong>promuovere i propri eventi<\/strong> con successo offrendo loro una piattaforma tecnologica a livello mondiale, semplice e intuitiva. Attua strategie di comunicazione mirate e permette di creare contenuti unici da condividere sui social network, in grado quindi di raggiungere un pubblico pi\u00f9 ampio e incrementare il numero di visite del proprio sito o della propria pagina.<br \/>\n<strong>Eventbrite<\/strong> automatizza quindi l&#8217;intera gestione dell&#8217;evento: dalla sua creazione alla sua promozione e infine all&#8217;acquisto tramite un sistema di biglietteria semplificato che consente agli utenti di <strong>registrarsi agli eventi<\/strong> in pochi secondi.<\/p>\n<h2>EVENTBRITE &#8211; TUTORIAL<\/h2>\n<p>Ecco un video in cui viene mostrato come funziona questo <strong>software di registrazione agli eventi<\/strong>:<\/p>\n<div id=\"fluid-wrapper-counter-1\" class=\"g1-fluid-wrapper \" style=\"width:686px;\">\n<div style=\"padding-bottom:56.268221574344%;\"><iframe loading=\"lazy\" title=\"Deep Dive: Getting Started with Eventbrite\" width=\"515\" height=\"386\" src=\"https:\/\/www.youtube.com\/embed\/EIwItJQu1K4?feature=oembed&amp;wmode=transparent&amp;autohide=1&amp;autoplay=0&amp;disablekb=0&amp;fs=1&amp;loop=0&amp;enablejsapi=1&amp;rel=0&amp;controls=2&amp;showinfo=0&amp;wmode=transparent&amp;autohide=2&amp;autoplay=0&amp;disablekb=0&amp;fs=1&amp;loop=0&amp;enablejsapi=1&amp;rel=0&amp;controls=2&amp;showinfo=1\" frameborder=\"0\" allow=\"accelerometer; autoplay; clipboard-write; encrypted-media; gyroscope; picture-in-picture\" allowfullscreen><\/iframe><\/div>\n<\/div>\n<h3>EVVENTBRITE &#8211; CARATTERISTICHE<\/h3>\n<ul>\n<li><strong>Strumenti per la creazione di eventi e l&#8217;emissione di biglietti<\/strong>: tutto ci\u00f2 che ti serve per impostare e vendere biglietti per eventi virtuali e di persona<\/li>\n<li><strong>Pagine evento personalizzabili<\/strong>: aumenta la resa grazie a pagine evento splendidamente progettate e ottimizzate per convertire i visitatori in partecipanti<\/li>\n<li><strong>Vendi biglietti dal tuo sito web<\/strong>: incorpora l&#8217;esperienza di acquisto completa di Eventbrite sul tuo sito web<\/li>\n<li><strong>Campagne email<\/strong>: crea modelli personalizzati, invia promozioni e inviti via email e traccia le prestazioni<\/li>\n<li><strong>Eventbrite Boost<\/strong>: promuovi i tuoi eventi con campagne email mirate e lancia annunci sociali, il tutto in un unico luogo<\/li>\n<li><strong>Eventi virtuali<\/strong>: coinvolgi i fan in modi nuovi e creativi, da webinar e livestream a corsi e workshop online<\/li>\n<li><strong>Marketplace dei partecipanti<\/strong>: raggiungi la nostra comunit\u00e0 globale di milioni di frequentatori di eventi in oltre 170 paesi che cercano cose da fare su Eventbrite<\/li>\n<li><strong>Strumenti di coinvolgimento della community<\/strong>: mantieni la tua community impegnata e pi\u00f9 propensa ad acquistare i biglietti con le funzioni &#8220;segui, ricorda e metti mi piace&#8221; di Eventbrite<\/li>\n<li><strong>Sistema di analisi<\/strong>: scopri da dove provengono le vendite e quali sforzi di marketing stanno funzionando meglio con approfondimenti in tempo reale<\/li>\n<li><strong>Sistema reportistico<\/strong>: ottieni informazioni dettagliate su acquirenti di biglietti, vendite di biglietti, presenze all&#8217;evento e altro ancora<\/li>\n<li><strong>App mobile<\/strong>: monitora le vendite dei biglietti e i check-in in tempo reale dal tuo telefono con la nostra app mobile facile da usare.<\/li>\n<\/ul>\n<h4>LE RECENSIONI DEGLI UTENTI<\/h4>\n<p><strong>Simone P. &#8220;Non trovo di meglio&#8221;<\/strong><br \/>\nPRO: semplice da utilizzare per creare eventi con numero ristretto di partecipanti, mai utilizzata per pi\u00f9 di 50 posti. Abbastanza intuitiva anche la sezione di controllo iscritti e comunicazioni<br \/>\nCONTRO: leggermente macchinosa la procedura di iscrizione ed interfaccia non degna di nota<\/p>\n<p><strong>Tara C. &#8220;Miglior strumento per eventi online gratis&#8221;<\/strong><br \/>\nCOMMENTI: Eventbrite \u00e8 il modo migliore per iniziare con il ticketing se non hai un negozio ecommerce online o un plugin sul tuo sito, soprattutto per gli eventi online.<br \/>\nPRO: Eventbrite si integra con Zoom. Una volta impostato, Eventbrite gestisce tutto.<br \/>\nCONTRO: Eventbrite usa Stripe per gli eventi a pagamento, e anche loro prendono una discreta percentuale sulla vendita.<\/p>\n<p><strong>Triin I. &#8220;Puoi usare pi\u00f9 strumenti di registrazione, ma Eventbrite \u00e8 ancora un forte concorrente&#8221;<\/strong><br \/>\nCOMMENTI: buono, affidabile, funziona, ha una certa portata organica &#8211; \u00e8 ancora una delle soluzioni migliori e go-to per impostare la pagina di registrazione del tuo evento. E poi aiuta anche con i check-in e altri dettagli.<br \/>\nPRO: nel corso degli anni, Eventbrite \u00e8 stato un compagno fidato nella creazione di pagine di registrazione per eventi.<br \/>\nCONTRO: \u00e8 ancora un po&#8217; fastidioso aggiornare la descrizione dell&#8217;evento, il conteggio dei biglietti &#8211; poich\u00e9 ci sono pi\u00f9 livelli da attraversare. Condividere l&#8217;accesso all&#8217;evento con pi\u00f9 interlocutori (esterni) \u00e8 ancora problematico.<\/p>\n","protected":false},"excerpt":{"rendered":"<p>Eventbrite \u00e8 un programma sviluppato per aiutare le aziende a promuovere i propri eventi con successo offrendo loro una piattaforma tecnologica a livello mondiale semplice e intuitiva. Essa attua strategie di comunicazione mirate e permette di creare contenuti unici da condividere sui social network, in grado quindi di raggiungere un pubblico pi\u00f9 ampio e incrementare il numero di visite del proprio sito o della propria pagina.\u00a0<\/p>\n","protected":false},"author":17,"featured_media":52150,"parent":51909,"menu_order":0,"comment_status":"open","ping_status":"closed","template":"g1_template_page_review_new.php","meta":{"_acf_changed":false,"cwp_meta_box_check":"No","cwp_rev_product_name":"","cwp_rev_product_image":"","wppr_links":[],"cwp_rev_price":"","wppr_options":[],"wppr_pros":[],"wppr_cons":[],"_monsterinsights_skip_tracking":false,"_monsterinsights_sitenote_active":false,"_monsterinsights_sitenote_note":"","_monsterinsights_sitenote_category":0,"footnotes":""},"categories":[11738],"tags":[11746,11745,11743,11741,11744],"features":[],"class_list":{"0":"post-52149","1":"page","2":"type-page","3":"status-publish","4":"has-post-thumbnail","6":"category-software-gestire-registrazioni-eventi-categoria","7":"tag-gestire-le-registrazioni-agli-eventi","8":"tag-piattaforma-per-gestire-le-registrazioni-agli-eventi","9":"tag-programma-per-gestire-le-registrazioni-agli-eventi","10":"tag-registrazione-eventi","11":"tag-soluzione-per-gestire-le-registrazioni-agli-eventi"},"wppr_data":{"cwp_meta_box_check":"No"},"acf":[],"yoast_head":"<!-- This site is optimized with the Yoast SEO plugin v27.4 - https:\/\/yoast.com\/product\/yoast-seo-wordpress\/ -->\n<title>Eventbrite: recensione programma registrazione eventi - Accurate Reviews<\/title>\n<meta name=\"description\" content=\"Eventbrite: recensione del programma sviluppato per aiutare le aziende a promuovere i propri eventi con successo.\" \/>\n<meta name=\"robots\" content=\"index, follow, max-snippet:-1, max-image-preview:large, max-video-preview:-1\" \/>\n<link rel=\"canonical\" href=\"https:\/\/www.accuratereviews.com\/it\/software-gestire-registrazioni-eventi\/eventbrite-recensione\/\" \/>\n<meta property=\"og:locale\" content=\"it_IT\" \/>\n<meta property=\"og:type\" content=\"article\" \/>\n<meta property=\"og:title\" content=\"Eventbrite: recensione programma registrazione eventi - Accurate Reviews\" \/>\n<meta property=\"og:description\" content=\"Eventbrite: recensione del programma sviluppato per aiutare le aziende a promuovere i propri eventi con successo.\" \/>\n<meta property=\"og:url\" content=\"https:\/\/www.accuratereviews.com\/it\/software-gestire-registrazioni-eventi\/eventbrite-recensione\/\" \/>\n<meta property=\"og:site_name\" content=\"Accurate Reviews\" \/>\n<meta property=\"og:image\" content=\"https:\/\/www.accuratereviews.com\/wp-content\/uploads\/2022\/01\/eb_orange_on_white_1200x630.png\" \/>\n\t<meta property=\"og:image:width\" content=\"1200\" \/>\n\t<meta property=\"og:image:height\" content=\"630\" \/>\n\t<meta property=\"og:image:type\" content=\"image\/png\" \/>\n<meta name=\"twitter:card\" content=\"summary_large_image\" \/>\n<meta name=\"twitter:label1\" content=\"Tempo di lettura stimato\" \/>\n\t<meta name=\"twitter:data1\" content=\"4 minuti\" \/>\n<script type=\"application\/ld+json\" class=\"yoast-schema-graph\">{\"@context\":\"https:\\\/\\\/schema.org\",\"@graph\":[{\"@type\":\"WebPage\",\"@id\":\"https:\\\/\\\/www.accuratereviews.com\\\/it\\\/software-gestire-registrazioni-eventi\\\/eventbrite-recensione\\\/\",\"url\":\"https:\\\/\\\/www.accuratereviews.com\\\/it\\\/software-gestire-registrazioni-eventi\\\/eventbrite-recensione\\\/\",\"name\":\"Eventbrite: recensione programma registrazione eventi - Accurate Reviews\",\"isPartOf\":{\"@id\":\"https:\\\/\\\/www.accuratereviews.com\\\/it\\\/#website\"},\"primaryImageOfPage\":{\"@id\":\"https:\\\/\\\/www.accuratereviews.com\\\/it\\\/software-gestire-registrazioni-eventi\\\/eventbrite-recensione\\\/#primaryimage\"},\"image\":{\"@id\":\"https:\\\/\\\/www.accuratereviews.com\\\/it\\\/software-gestire-registrazioni-eventi\\\/eventbrite-recensione\\\/#primaryimage\"},\"thumbnailUrl\":\"https:\\\/\\\/www.accuratereviews.com\\\/wp-content\\\/uploads\\\/2022\\\/01\\\/eb_orange_on_white_1200x630.png\",\"datePublished\":\"2022-01-10T16:25:01+00:00\",\"description\":\"Eventbrite: recensione del programma sviluppato per aiutare le aziende a promuovere i propri eventi con successo.\",\"breadcrumb\":{\"@id\":\"https:\\\/\\\/www.accuratereviews.com\\\/it\\\/software-gestire-registrazioni-eventi\\\/eventbrite-recensione\\\/#breadcrumb\"},\"inLanguage\":\"it-IT\",\"potentialAction\":[{\"@type\":\"ReadAction\",\"target\":[\"https:\\\/\\\/www.accuratereviews.com\\\/it\\\/software-gestire-registrazioni-eventi\\\/eventbrite-recensione\\\/\"]}]},{\"@type\":\"ImageObject\",\"inLanguage\":\"it-IT\",\"@id\":\"https:\\\/\\\/www.accuratereviews.com\\\/it\\\/software-gestire-registrazioni-eventi\\\/eventbrite-recensione\\\/#primaryimage\",\"url\":\"https:\\\/\\\/www.accuratereviews.com\\\/wp-content\\\/uploads\\\/2022\\\/01\\\/eb_orange_on_white_1200x630.png\",\"contentUrl\":\"https:\\\/\\\/www.accuratereviews.com\\\/wp-content\\\/uploads\\\/2022\\\/01\\\/eb_orange_on_white_1200x630.png\",\"width\":1200,\"height\":630},{\"@type\":\"BreadcrumbList\",\"@id\":\"https:\\\/\\\/www.accuratereviews.com\\\/it\\\/software-gestire-registrazioni-eventi\\\/eventbrite-recensione\\\/#breadcrumb\",\"itemListElement\":[{\"@type\":\"ListItem\",\"position\":1,\"name\":\"Home\",\"item\":\"https:\\\/\\\/www.accuratereviews.com\\\/it\\\/\"},{\"@type\":\"ListItem\",\"position\":2,\"name\":\"Software per gestire le registrazioni agli eventi\",\"item\":\"https:\\\/\\\/www.accuratereviews.com\\\/it\\\/software-gestire-registrazioni-eventi\\\/\"},{\"@type\":\"ListItem\",\"position\":3,\"name\":\"Eventbrite\"}]},{\"@type\":\"WebSite\",\"@id\":\"https:\\\/\\\/www.accuratereviews.com\\\/it\\\/#website\",\"url\":\"https:\\\/\\\/www.accuratereviews.com\\\/it\\\/\",\"name\":\"Accurate Reviews\",\"description\":\"\",\"potentialAction\":[{\"@type\":\"SearchAction\",\"target\":{\"@type\":\"EntryPoint\",\"urlTemplate\":\"https:\\\/\\\/www.accuratereviews.com\\\/it\\\/?s={search_term_string}\"},\"query-input\":{\"@type\":\"PropertyValueSpecification\",\"valueRequired\":true,\"valueName\":\"search_term_string\"}}],\"inLanguage\":\"it-IT\"}]}<\/script>\n<!-- \/ Yoast SEO plugin. -->","yoast_head_json":{"title":"Eventbrite: recensione programma registrazione eventi - Accurate Reviews","description":"Eventbrite: recensione del programma sviluppato per aiutare le aziende a promuovere i propri eventi con successo.","robots":{"index":"index","follow":"follow","max-snippet":"max-snippet:-1","max-image-preview":"max-image-preview:large","max-video-preview":"max-video-preview:-1"},"canonical":"https:\/\/www.accuratereviews.com\/it\/software-gestire-registrazioni-eventi\/eventbrite-recensione\/","og_locale":"it_IT","og_type":"article","og_title":"Eventbrite: recensione programma registrazione eventi - Accurate Reviews","og_description":"Eventbrite: recensione del programma sviluppato per aiutare le aziende a promuovere i propri eventi con successo.","og_url":"https:\/\/www.accuratereviews.com\/it\/software-gestire-registrazioni-eventi\/eventbrite-recensione\/","og_site_name":"Accurate Reviews","og_image":[{"width":1200,"height":630,"url":"https:\/\/www.accuratereviews.com\/wp-content\/uploads\/2022\/01\/eb_orange_on_white_1200x630.png","type":"image\/png"}],"twitter_card":"summary_large_image","twitter_misc":{"Tempo di lettura stimato":"4 minuti"},"schema":{"@context":"https:\/\/schema.org","@graph":[{"@type":"WebPage","@id":"https:\/\/www.accuratereviews.com\/it\/software-gestire-registrazioni-eventi\/eventbrite-recensione\/","url":"https:\/\/www.accuratereviews.com\/it\/software-gestire-registrazioni-eventi\/eventbrite-recensione\/","name":"Eventbrite: recensione programma registrazione eventi - Accurate Reviews","isPartOf":{"@id":"https:\/\/www.accuratereviews.com\/it\/#website"},"primaryImageOfPage":{"@id":"https:\/\/www.accuratereviews.com\/it\/software-gestire-registrazioni-eventi\/eventbrite-recensione\/#primaryimage"},"image":{"@id":"https:\/\/www.accuratereviews.com\/it\/software-gestire-registrazioni-eventi\/eventbrite-recensione\/#primaryimage"},"thumbnailUrl":"https:\/\/www.accuratereviews.com\/wp-content\/uploads\/2022\/01\/eb_orange_on_white_1200x630.png","datePublished":"2022-01-10T16:25:01+00:00","description":"Eventbrite: recensione del programma sviluppato per aiutare le aziende a promuovere i propri eventi con successo.","breadcrumb":{"@id":"https:\/\/www.accuratereviews.com\/it\/software-gestire-registrazioni-eventi\/eventbrite-recensione\/#breadcrumb"},"inLanguage":"it-IT","potentialAction":[{"@type":"ReadAction","target":["https:\/\/www.accuratereviews.com\/it\/software-gestire-registrazioni-eventi\/eventbrite-recensione\/"]}]},{"@type":"ImageObject","inLanguage":"it-IT","@id":"https:\/\/www.accuratereviews.com\/it\/software-gestire-registrazioni-eventi\/eventbrite-recensione\/#primaryimage","url":"https:\/\/www.accuratereviews.com\/wp-content\/uploads\/2022\/01\/eb_orange_on_white_1200x630.png","contentUrl":"https:\/\/www.accuratereviews.com\/wp-content\/uploads\/2022\/01\/eb_orange_on_white_1200x630.png","width":1200,"height":630},{"@type":"BreadcrumbList","@id":"https:\/\/www.accuratereviews.com\/it\/software-gestire-registrazioni-eventi\/eventbrite-recensione\/#breadcrumb","itemListElement":[{"@type":"ListItem","position":1,"name":"Home","item":"https:\/\/www.accuratereviews.com\/it\/"},{"@type":"ListItem","position":2,"name":"Software per gestire le registrazioni agli eventi","item":"https:\/\/www.accuratereviews.com\/it\/software-gestire-registrazioni-eventi\/"},{"@type":"ListItem","position":3,"name":"Eventbrite"}]},{"@type":"WebSite","@id":"https:\/\/www.accuratereviews.com\/it\/#website","url":"https:\/\/www.accuratereviews.com\/it\/","name":"Accurate Reviews","description":"","potentialAction":[{"@type":"SearchAction","target":{"@type":"EntryPoint","urlTemplate":"https:\/\/www.accuratereviews.com\/it\/?s={search_term_string}"},"query-input":{"@type":"PropertyValueSpecification","valueRequired":true,"valueName":"search_term_string"}}],"inLanguage":"it-IT"}]}},"_links":{"self":[{"href":"https:\/\/www.accuratereviews.com\/it\/wp-json\/wp\/v2\/pages\/52149","targetHints":{"allow":["GET"]}}],"collection":[{"href":"https:\/\/www.accuratereviews.com\/it\/wp-json\/wp\/v2\/pages"}],"about":[{"href":"https:\/\/www.accuratereviews.com\/it\/wp-json\/wp\/v2\/types\/page"}],"author":[{"embeddable":true,"href":"https:\/\/www.accuratereviews.com\/it\/wp-json\/wp\/v2\/users\/17"}],"replies":[{"embeddable":true,"href":"https:\/\/www.accuratereviews.com\/it\/wp-json\/wp\/v2\/comments?post=52149"}],"version-history":[{"count":5,"href":"https:\/\/www.accuratereviews.com\/it\/wp-json\/wp\/v2\/pages\/52149\/revisions"}],"predecessor-version":[{"id":52172,"href":"https:\/\/www.accuratereviews.com\/it\/wp-json\/wp\/v2\/pages\/52149\/revisions\/52172"}],"up":[{"embeddable":true,"href":"https:\/\/www.accuratereviews.com\/it\/wp-json\/wp\/v2\/pages\/51909"}],"wp:featuredmedia":[{"embeddable":true,"href":"https:\/\/www.accuratereviews.com\/it\/wp-json\/wp\/v2\/media\/52150"}],"wp:attachment":[{"href":"https:\/\/www.accuratereviews.com\/it\/wp-json\/wp\/v2\/media?parent=52149"}],"wp:term":[{"taxonomy":"category","embeddable":true,"href":"https:\/\/www.accuratereviews.com\/it\/wp-json\/wp\/v2\/categories?post=52149"},{"taxonomy":"post_tag","embeddable":true,"href":"https:\/\/www.accuratereviews.com\/it\/wp-json\/wp\/v2\/tags?post=52149"},{"taxonomy":"features","embeddable":true,"href":"https:\/\/www.accuratereviews.com\/it\/wp-json\/wp\/v2\/features?post=52149"}],"curies":[{"name":"wp","href":"https:\/\/api.w.org\/{rel}","templated":true}]}}