{"id":52180,"date":"2022-01-11T15:41:08","date_gmt":"2022-01-11T15:41:08","guid":{"rendered":"https:\/\/www.accuratereviews.com\/?page_id=52180"},"modified":"2022-01-11T15:41:08","modified_gmt":"2022-01-11T15:41:08","slug":"thundertix-recensione","status":"publish","type":"page","link":"https:\/\/www.accuratereviews.com\/it\/software-gestire-registrazioni-eventi\/thundertix-recensione\/","title":{"rendered":"ThunderTix"},"content":{"rendered":"<p><strong>ThunderTix<\/strong> \u00e8 un <strong>software di biglietteria<\/strong> a servizio completo sia per le vendite online che per gli ordini walk-up al botteghino o per telefono. Progettato per essere una soluzione completamente brandizzata che incorpora direttamente i tuoi eventi nel tuo sito web mantenendo i tuoi clienti coinvolti per l&#8217;intero processo di acquisto. Puoi fornire i tuoi stili, o CSS, per creare una presenza sul web personalizzata e senza interruzioni.\u00a0Quando un cliente acquista un biglietto online, riceve una ricevuta via email che include un biglietto elettronico stampabile. Personalizza il biglietto e la ricevuta email con il tuo logo, colori, termini e informazioni sull&#8217;evento. La scansione del codice a barre previene le frodi e garantisce che gli utenti abbiano biglietti validi per l&#8217;ingresso. Quando i tuoi clienti arrivano all&#8217;evento, puoi utilizzare un check-in elettronico con lettori di codici a barre. La scansione \u00e8 disponibile come app iOS gratuita per iPhone o iPad o come app Android che scansiona i biglietti cartacei o direttamente da smartphone.<\/p>\n<h2>THUNDERTIX &#8211; TUTORIAL<\/h2>\n<p>Guardiamo questo breve tutorial spiega come utilizzare questo <strong>software per gestire le registrazioni agli eventi:<\/strong><\/p>\n<div id=\"fluid-wrapper-counter-1\" class=\"g1-fluid-wrapper \" style=\"width:686px;\">\n<div style=\"padding-bottom:56.268221574344%;\"><iframe loading=\"lazy\" title=\"How it works - ThunderTix\" width=\"686\" height=\"386\" src=\"https:\/\/www.youtube.com\/embed\/_NoT7WmLkZw?feature=oembed&amp;wmode=transparent&amp;autohide=1&amp;autoplay=0&amp;disablekb=0&amp;fs=1&amp;loop=0&amp;enablejsapi=1&amp;rel=0&amp;controls=2&amp;showinfo=0&amp;wmode=transparent&amp;autohide=2&amp;autoplay=0&amp;disablekb=0&amp;fs=1&amp;loop=0&amp;enablejsapi=1&amp;rel=0&amp;controls=2&amp;showinfo=1\" frameborder=\"0\" allow=\"accelerometer; autoplay; clipboard-write; encrypted-media; gyroscope; picture-in-picture\" allowfullscreen><\/iframe><\/div>\n<\/div>\n<h3>THUNDERTIX &#8211; CARATTERISTICHE<\/h3>\n<ul>\n<li><strong>Scanner per biglietti con codici a barre<\/strong>: usa le app gratuite per Apple e Android per scansionare i biglietti. Noleggia o acquista robusti lettori di codici a barre portatili per controllare in modo efficiente i clienti<\/li>\n<li><strong>Ricevi pagamenti ogni giorno<\/strong>: non aspettare settimane per accedere ai tuoi fondi. I proventi del biglietto vengono depositati ogni notte direttamente sulla tua banca utilizzando il tuo gateway di pagamento<\/li>\n<li><strong>Posti a sedere riservati<\/strong>: utilizzando la disposizione del tuo locale, si creer\u00e0 una tabella dei posti in modo che tu o i tuoi clienti possiate selezionare i posti per alcuni o tutti i vostri eventi<\/li>\n<li><strong>Buoni e codici promozionali<\/strong>: motiva la vendita dei biglietti offrendo codici coupon a tempo limitato tramite i social media e le offerte giornaliere. Offri sconti di gruppo automatici<\/li>\n<li><strong>Pacchetti Abbonamenti<\/strong>: organizzati per aumentare la partecipazione agli eventi, i pacchetti stagionali consentono ai clienti di prenotare i loro posti per l&#8217;intera stagione in un unico ordine<\/li>\n<li><strong>Carte regalo elettroniche<\/strong>: vendi le eGift Card elettronicamente con il riscatto automatizzato e il monitoraggio del saldo per semplificare la gestione<\/li>\n<li><strong>MailChimp e contatto costante<\/strong>: sincronizza facilmente i dati degli acquirenti dei biglietti da ThunderTix direttamente alle tue mailing list con MailChimp o Constant Contact<\/li>\n<li><strong>Sondaggi e questionari<\/strong>: i sondaggi personalizzati ti consentono di porre fino a cinque domande agli acquirenti durante la procedura di pagamento<\/li>\n<li><strong>Vendite di prodotti<\/strong>: prodotti come souvenir, magliette o guide ai programmi possono essere offerti come articoli aggiuntivi durante l&#8217;acquisto di biglietti<\/li>\n<li><strong>Controlla i privilegi dell&#8217;utente<\/strong>: consenti al personale temporaneo e di terze parti l&#8217;accesso ai dati dell&#8217;evento in modo sicuro. Sei tu a controllare chi ha accesso a quali informazioni aziendali in ogni momento.<\/li>\n<li><strong>Statistiche di Google<\/strong>: Google Analytics fornir\u00e0 informazioni dettagliate sul comportamento dei clienti, sulle loro abitudini di acquisto e sui modi per migliorare il processo di acquisto<\/li>\n<li><strong>Sfrutta la condivisione social<\/strong>: amplifica la consapevolezza e la vendita dei biglietti del tuo evento attraverso i social media. La pubblicit\u00e0 gratuita degli eventi \u00e8 facilitata dagli strumenti di condivisione social.<\/li>\n<\/ul>\n<h4>LE RECENSIONI DEGLI UTENTI<\/h4>\n<h5 class=\"font-weight-bold mb-2\">Rick B.&#8221;Ottima biglietteria facile da usare&#8221;<\/h5>\n<p><span class=\"font-weight-bold\"><strong>Commenti<\/strong>: <\/span>Ottimo con cui lavorare, il supporto \u00e8 raramente necessario per l&#8217;acquisto quando \u00e8 veloce rispondere e prendersi cura del tuo problema.<\/p>\n<p class=\"font-weight-bold mb-2\"><strong>Pro<\/strong>:\u00a0Molto facile da impostare e mantenere gli eventi.<\/p>\n<p class=\"font-weight-bold mb-2\"><strong>Contro<\/strong>:\u00a0Non ho riscontrato alcuna difficolt\u00e0 nella configurazione di questo sistema.<\/p>\n<p class=\"font-weight-bold mb-2\"><strong>Connor J.&#8221;Ottimo servizio clienti e facile da usare!&#8221;<\/strong><\/p>\n<p class=\"font-weight-bold mb-2\"><strong>Pro<\/strong>:\u00a0Thundertix \u00e8 fantastico quando si tratta di servizio clienti, rispondendo a tutte le richieste in modo tempestivo. \u00c8 anche molto facile da usare! Abbiamo ricevuto diversi complimenti dai parrocchiani, la maggior parte dei quali pi\u00f9 anziani, che \u00e8 cos\u00ec facile scegliere il loro posto per la chiesa.<\/p>\n<p class=\"font-weight-bold mb-2\"><strong>Contro<\/strong>:\u00a0Nessun contro! Tutto funziona bene e il servizio \u00e8 ottimo!<\/p>\n<h5 class=\"font-weight-bold mb-2\">Jeff H.&#8221;Non userei nient&#8217;altro.&#8221;<\/h5>\n<p><span class=\"font-weight-bold\"><strong>Commenti<\/strong>: <\/span>Dato che non sono un grande tecnico, avevo bisogno di un sistema robusto ma facile da usare e implementare. Thundertix era ed \u00e8 tuttora il migliore<\/p>\n<p class=\"font-weight-bold mb-2\"><strong>Pro<\/strong>:\u00a0L&#8217;azienda \u00e8 disposta ad ascoltare i suoi clienti nel continuo sviluppo. Insieme al servizio clienti superiore, questa \u00e8 una delle pochissime aziende che ritengo stia davvero cercando di aiutarti ad avere successo.<\/p>\n<p class=\"font-weight-bold mb-2\"><strong>Contro<\/strong>: L&#8217;interfaccia ha un aspetto &#8220;freddo&#8221; di Windows. Essendo un ragazzo Mac da quando l&#8217;azienda ha iniziato, sono abituato a un aspetto pi\u00f9 semplicistico e snello.<\/p>\n<p>&nbsp;<\/p>\n","protected":false},"excerpt":{"rendered":"<p>ThunderTix \u00e8 un software di biglietteria a servizio completo sia per le vendite online che per gli ordini walk-up al botteghino o per telefono. Progettato per essere una soluzione completamente brandizzata che incorpora direttamente i tuoi eventi nel tuo sito web mantenendo i tuoi clienti coinvolti per l&#8217;intero processo di acquisto.<\/p>\n","protected":false},"author":16,"featured_media":52181,"parent":51909,"menu_order":0,"comment_status":"open","ping_status":"closed","template":"g1_template_page_review_new.php","meta":{"_acf_changed":false,"cwp_meta_box_check":"No","cwp_rev_product_name":"","cwp_rev_product_image":"","wppr_links":[],"cwp_rev_price":"","wppr_options":[],"wppr_pros":[],"wppr_cons":[],"_monsterinsights_skip_tracking":false,"_monsterinsights_sitenote_active":false,"_monsterinsights_sitenote_note":"","_monsterinsights_sitenote_category":0,"footnotes":""},"categories":[11738],"tags":[11745,11743,11741,11740,11744,11799],"features":[],"class_list":{"0":"post-52180","1":"page","2":"type-page","3":"status-publish","4":"has-post-thumbnail","6":"category-software-gestire-registrazioni-eventi-categoria","7":"tag-piattaforma-per-gestire-le-registrazioni-agli-eventi","8":"tag-programma-per-gestire-le-registrazioni-agli-eventi","9":"tag-registrazione-eventi","10":"tag-software-per-gestire-le-registrazioni-agli-eventi","11":"tag-soluzione-per-gestire-le-registrazioni-agli-eventi","12":"tag-thundertix"},"wppr_data":{"cwp_meta_box_check":"No"},"acf":[],"yoast_head":"<!-- This site is optimized with the Yoast SEO plugin v27.4 - https:\/\/yoast.com\/product\/yoast-seo-wordpress\/ -->\n<title>ThunderTix: recensione software per gestire le registrazioni a eventi<\/title>\n<meta name=\"description\" content=\"ThunderTix: recensione software di biglietteria a servizio completo sia per le vendite online che per gli ordini walk-up al botteghino o per telefono.\" \/>\n<meta name=\"robots\" content=\"index, follow, max-snippet:-1, max-image-preview:large, max-video-preview:-1\" \/>\n<link rel=\"canonical\" href=\"https:\/\/www.accuratereviews.com\/it\/software-gestire-registrazioni-eventi\/thundertix-recensione\/\" \/>\n<meta property=\"og:locale\" content=\"it_IT\" \/>\n<meta property=\"og:type\" content=\"article\" \/>\n<meta property=\"og:title\" content=\"ThunderTix: recensione software per gestire le registrazioni a eventi\" \/>\n<meta property=\"og:description\" content=\"ThunderTix: recensione software di biglietteria a servizio completo sia per le vendite online che per gli ordini walk-up al botteghino o per telefono.\" \/>\n<meta property=\"og:url\" content=\"https:\/\/www.accuratereviews.com\/it\/software-gestire-registrazioni-eventi\/thundertix-recensione\/\" \/>\n<meta property=\"og:site_name\" content=\"Accurate Reviews\" \/>\n<meta property=\"og:image\" content=\"https:\/\/www.accuratereviews.com\/wp-content\/uploads\/2022\/01\/ThunderTix.webp\" \/>\n\t<meta property=\"og:image:width\" content=\"256\" \/>\n\t<meta property=\"og:image:height\" content=\"256\" \/>\n\t<meta property=\"og:image:type\" content=\"image\/webp\" \/>\n<meta name=\"twitter:card\" content=\"summary_large_image\" \/>\n<meta name=\"twitter:label1\" content=\"Tempo di lettura stimato\" \/>\n\t<meta name=\"twitter:data1\" content=\"4 minuti\" \/>\n<script type=\"application\/ld+json\" class=\"yoast-schema-graph\">{\"@context\":\"https:\\\/\\\/schema.org\",\"@graph\":[{\"@type\":\"WebPage\",\"@id\":\"https:\\\/\\\/www.accuratereviews.com\\\/it\\\/software-gestire-registrazioni-eventi\\\/thundertix-recensione\\\/\",\"url\":\"https:\\\/\\\/www.accuratereviews.com\\\/it\\\/software-gestire-registrazioni-eventi\\\/thundertix-recensione\\\/\",\"name\":\"ThunderTix: recensione software per gestire le registrazioni a eventi\",\"isPartOf\":{\"@id\":\"https:\\\/\\\/www.accuratereviews.com\\\/it\\\/#website\"},\"primaryImageOfPage\":{\"@id\":\"https:\\\/\\\/www.accuratereviews.com\\\/it\\\/software-gestire-registrazioni-eventi\\\/thundertix-recensione\\\/#primaryimage\"},\"image\":{\"@id\":\"https:\\\/\\\/www.accuratereviews.com\\\/it\\\/software-gestire-registrazioni-eventi\\\/thundertix-recensione\\\/#primaryimage\"},\"thumbnailUrl\":\"https:\\\/\\\/www.accuratereviews.com\\\/wp-content\\\/uploads\\\/2022\\\/01\\\/ThunderTix.webp\",\"datePublished\":\"2022-01-11T15:41:08+00:00\",\"description\":\"ThunderTix: recensione software di biglietteria a servizio completo sia per le vendite online che per gli ordini walk-up al botteghino o per telefono.\",\"breadcrumb\":{\"@id\":\"https:\\\/\\\/www.accuratereviews.com\\\/it\\\/software-gestire-registrazioni-eventi\\\/thundertix-recensione\\\/#breadcrumb\"},\"inLanguage\":\"it-IT\",\"potentialAction\":[{\"@type\":\"ReadAction\",\"target\":[\"https:\\\/\\\/www.accuratereviews.com\\\/it\\\/software-gestire-registrazioni-eventi\\\/thundertix-recensione\\\/\"]}]},{\"@type\":\"ImageObject\",\"inLanguage\":\"it-IT\",\"@id\":\"https:\\\/\\\/www.accuratereviews.com\\\/it\\\/software-gestire-registrazioni-eventi\\\/thundertix-recensione\\\/#primaryimage\",\"url\":\"https:\\\/\\\/www.accuratereviews.com\\\/wp-content\\\/uploads\\\/2022\\\/01\\\/ThunderTix.webp\",\"contentUrl\":\"https:\\\/\\\/www.accuratereviews.com\\\/wp-content\\\/uploads\\\/2022\\\/01\\\/ThunderTix.webp\",\"width\":256,\"height\":256},{\"@type\":\"BreadcrumbList\",\"@id\":\"https:\\\/\\\/www.accuratereviews.com\\\/it\\\/software-gestire-registrazioni-eventi\\\/thundertix-recensione\\\/#breadcrumb\",\"itemListElement\":[{\"@type\":\"ListItem\",\"position\":1,\"name\":\"Home\",\"item\":\"https:\\\/\\\/www.accuratereviews.com\\\/it\\\/\"},{\"@type\":\"ListItem\",\"position\":2,\"name\":\"Software per gestire le registrazioni agli eventi\",\"item\":\"https:\\\/\\\/www.accuratereviews.com\\\/it\\\/software-gestire-registrazioni-eventi\\\/\"},{\"@type\":\"ListItem\",\"position\":3,\"name\":\"ThunderTix\"}]},{\"@type\":\"WebSite\",\"@id\":\"https:\\\/\\\/www.accuratereviews.com\\\/it\\\/#website\",\"url\":\"https:\\\/\\\/www.accuratereviews.com\\\/it\\\/\",\"name\":\"Accurate Reviews\",\"description\":\"\",\"potentialAction\":[{\"@type\":\"SearchAction\",\"target\":{\"@type\":\"EntryPoint\",\"urlTemplate\":\"https:\\\/\\\/www.accuratereviews.com\\\/it\\\/?s={search_term_string}\"},\"query-input\":{\"@type\":\"PropertyValueSpecification\",\"valueRequired\":true,\"valueName\":\"search_term_string\"}}],\"inLanguage\":\"it-IT\"}]}<\/script>\n<!-- \/ Yoast SEO plugin. -->","yoast_head_json":{"title":"ThunderTix: recensione software per gestire le registrazioni a eventi","description":"ThunderTix: recensione software di biglietteria a servizio completo sia per le vendite online che per gli ordini walk-up al botteghino o per telefono.","robots":{"index":"index","follow":"follow","max-snippet":"max-snippet:-1","max-image-preview":"max-image-preview:large","max-video-preview":"max-video-preview:-1"},"canonical":"https:\/\/www.accuratereviews.com\/it\/software-gestire-registrazioni-eventi\/thundertix-recensione\/","og_locale":"it_IT","og_type":"article","og_title":"ThunderTix: recensione software per gestire le registrazioni a eventi","og_description":"ThunderTix: recensione software di biglietteria a servizio completo sia per le vendite online che per gli ordini walk-up al botteghino o per telefono.","og_url":"https:\/\/www.accuratereviews.com\/it\/software-gestire-registrazioni-eventi\/thundertix-recensione\/","og_site_name":"Accurate Reviews","og_image":[{"width":256,"height":256,"url":"https:\/\/www.accuratereviews.com\/wp-content\/uploads\/2022\/01\/ThunderTix.webp","type":"image\/webp"}],"twitter_card":"summary_large_image","twitter_misc":{"Tempo di lettura stimato":"4 minuti"},"schema":{"@context":"https:\/\/schema.org","@graph":[{"@type":"WebPage","@id":"https:\/\/www.accuratereviews.com\/it\/software-gestire-registrazioni-eventi\/thundertix-recensione\/","url":"https:\/\/www.accuratereviews.com\/it\/software-gestire-registrazioni-eventi\/thundertix-recensione\/","name":"ThunderTix: recensione software per gestire le registrazioni a eventi","isPartOf":{"@id":"https:\/\/www.accuratereviews.com\/it\/#website"},"primaryImageOfPage":{"@id":"https:\/\/www.accuratereviews.com\/it\/software-gestire-registrazioni-eventi\/thundertix-recensione\/#primaryimage"},"image":{"@id":"https:\/\/www.accuratereviews.com\/it\/software-gestire-registrazioni-eventi\/thundertix-recensione\/#primaryimage"},"thumbnailUrl":"https:\/\/www.accuratereviews.com\/wp-content\/uploads\/2022\/01\/ThunderTix.webp","datePublished":"2022-01-11T15:41:08+00:00","description":"ThunderTix: recensione software di biglietteria a servizio completo sia per le vendite online che per gli ordini walk-up al botteghino o per telefono.","breadcrumb":{"@id":"https:\/\/www.accuratereviews.com\/it\/software-gestire-registrazioni-eventi\/thundertix-recensione\/#breadcrumb"},"inLanguage":"it-IT","potentialAction":[{"@type":"ReadAction","target":["https:\/\/www.accuratereviews.com\/it\/software-gestire-registrazioni-eventi\/thundertix-recensione\/"]}]},{"@type":"ImageObject","inLanguage":"it-IT","@id":"https:\/\/www.accuratereviews.com\/it\/software-gestire-registrazioni-eventi\/thundertix-recensione\/#primaryimage","url":"https:\/\/www.accuratereviews.com\/wp-content\/uploads\/2022\/01\/ThunderTix.webp","contentUrl":"https:\/\/www.accuratereviews.com\/wp-content\/uploads\/2022\/01\/ThunderTix.webp","width":256,"height":256},{"@type":"BreadcrumbList","@id":"https:\/\/www.accuratereviews.com\/it\/software-gestire-registrazioni-eventi\/thundertix-recensione\/#breadcrumb","itemListElement":[{"@type":"ListItem","position":1,"name":"Home","item":"https:\/\/www.accuratereviews.com\/it\/"},{"@type":"ListItem","position":2,"name":"Software per gestire le registrazioni agli eventi","item":"https:\/\/www.accuratereviews.com\/it\/software-gestire-registrazioni-eventi\/"},{"@type":"ListItem","position":3,"name":"ThunderTix"}]},{"@type":"WebSite","@id":"https:\/\/www.accuratereviews.com\/it\/#website","url":"https:\/\/www.accuratereviews.com\/it\/","name":"Accurate Reviews","description":"","potentialAction":[{"@type":"SearchAction","target":{"@type":"EntryPoint","urlTemplate":"https:\/\/www.accuratereviews.com\/it\/?s={search_term_string}"},"query-input":{"@type":"PropertyValueSpecification","valueRequired":true,"valueName":"search_term_string"}}],"inLanguage":"it-IT"}]}},"_links":{"self":[{"href":"https:\/\/www.accuratereviews.com\/it\/wp-json\/wp\/v2\/pages\/52180","targetHints":{"allow":["GET"]}}],"collection":[{"href":"https:\/\/www.accuratereviews.com\/it\/wp-json\/wp\/v2\/pages"}],"about":[{"href":"https:\/\/www.accuratereviews.com\/it\/wp-json\/wp\/v2\/types\/page"}],"author":[{"embeddable":true,"href":"https:\/\/www.accuratereviews.com\/it\/wp-json\/wp\/v2\/users\/16"}],"replies":[{"embeddable":true,"href":"https:\/\/www.accuratereviews.com\/it\/wp-json\/wp\/v2\/comments?post=52180"}],"version-history":[{"count":14,"href":"https:\/\/www.accuratereviews.com\/it\/wp-json\/wp\/v2\/pages\/52180\/revisions"}],"predecessor-version":[{"id":52223,"href":"https:\/\/www.accuratereviews.com\/it\/wp-json\/wp\/v2\/pages\/52180\/revisions\/52223"}],"up":[{"embeddable":true,"href":"https:\/\/www.accuratereviews.com\/it\/wp-json\/wp\/v2\/pages\/51909"}],"wp:featuredmedia":[{"embeddable":true,"href":"https:\/\/www.accuratereviews.com\/it\/wp-json\/wp\/v2\/media\/52181"}],"wp:attachment":[{"href":"https:\/\/www.accuratereviews.com\/it\/wp-json\/wp\/v2\/media?parent=52180"}],"wp:term":[{"taxonomy":"category","embeddable":true,"href":"https:\/\/www.accuratereviews.com\/it\/wp-json\/wp\/v2\/categories?post=52180"},{"taxonomy":"post_tag","embeddable":true,"href":"https:\/\/www.accuratereviews.com\/it\/wp-json\/wp\/v2\/tags?post=52180"},{"taxonomy":"features","embeddable":true,"href":"https:\/\/www.accuratereviews.com\/it\/wp-json\/wp\/v2\/features?post=52180"}],"curies":[{"name":"wp","href":"https:\/\/api.w.org\/{rel}","templated":true}]}}